{"id":1506,"date":"2023-04-20T11:46:53","date_gmt":"2023-04-20T11:46:53","guid":{"rendered":"https:\/\/dummy.xtemos.com\/woodmart2\/furniture2-elementor\/?page_id=25"},"modified":"2025-08-14T01:58:34","modified_gmt":"2025-08-14T01:58:34","slug":"age-policy","status":"publish","type":"page","link":"https:\/\/vapeenjoy.com\/it\/politica-per-leta\/","title":{"rendered":"Politica per l'et\u00e0"},"content":{"rendered":"<div data-elementor-type=\"wp-page\" data-elementor-id=\"1506\" class=\"elementor elementor-1506\">\n\t\t\t\t<div class=\"wd-negative-gap elementor-element elementor-element-f16dbad wd-collapsible-content e-flex e-con-boxed e-con e-parent\" data-id=\"f16dbad\" data-element_type=\"container\">\n\t\t\t\t\t<div class=\"e-con-inner\">\n\t\t\t\t<div class=\"elementor-element elementor-element-45edd54 elementor-widget elementor-widget-wd_button\" data-id=\"45edd54\" data-element_type=\"widget\" data-widget_type=\"wd_button.default\">\n\t\t\t\t<div class=\"elementor-widget-container\">\n\t\t\t\t\t\t\t<div class=\"wd-button-wrapper text-left wd-collapsible-button\" >\n\t\t\t<a class=\"btn btn-style-link btn-shape- btn-size-default btn-color-primary btn-icon-pos-right\"  href=\"#\">\n\t\t\t\t<span class=\"wd-btn-text\" data-elementor-setting-key=\"text\">\n\t\t\t\t\tLEGGI DI PI\t\t\t\t<\/span>\n\n\t\t\t\t\t\t\t<\/a>\n\t\t<\/div>\n\t\t\t\t\t\t<\/div>\n\t\t\t\t<\/div>\n\t\t\t\t\t<\/div>\n\t\t\t\t<\/div>\n\t\t<div class=\"wd-negative-gap elementor-element elementor-element-835dab8 e-flex e-con-boxed e-con e-parent\" data-id=\"835dab8\" data-element_type=\"container\">\n\t\t\t\t\t<div class=\"e-con-inner\">\n\t\t\t\t<div class=\"elementor-element elementor-element-fd8112a color-scheme-inherit text-left elementor-widget elementor-widget-text-editor\" data-id=\"fd8112a\" data-element_type=\"widget\" data-widget_type=\"text-editor.default\">\n\t\t\t\t\t\t\t\t\t<h3 dir=\"auto\">Politica sull'et\u00e0 di VapeEnjoy: garantire la conformit\u00e0 e l'uso responsabile dello svapo<\/h3><p dir=\"auto\">In VapeEnjoy, diamo la priorit\u00e0 all'uso responsabile del vaporizzazione e seguiamo rigorosamente i regolamenti statunitensi. La nostra solida politica sull'et\u00e0 garantisce che solo i clienti idonei acquistano prodotti per sigarette elettroniche dalla nostra piattaforma. Di seguito, descriviamo in dettaglio le nostre politiche e procedure per garantire la conformit\u00e0 e prevenire l'accesso da parte dei minorenni.<\/p><h4 dir=\"auto\">Requisito legale per l'uso di svapo<\/h4><p dir=\"auto\">VapeEnjoy richiede ai clienti di avere almeno 21 anni per acquistare prodotti per sigarette elettroniche, in linea con le normative federali e statali statunitensi. Questa limitazione di et\u00e0 garantisce il rispetto delle leggi che regolano la vendita di prodotti di svapo.<\/p><h4 dir=\"auto\">Divieto rigoroso di falsificazione dell'et\u00e0<\/h4><p dir=\"auto\">Falsificare le informazioni sull'et\u00e0 per l'acquisto di prodotti di vaporizzazione \u00e8 illegale e comporta gravi conseguenze legali. Pertanto, VapeEnjoy applica attivamente misure rigorose per bloccare gli acquisti fraudolenti e salvaguardare l'integrit\u00e0 della nostra piattaforma.<\/p><h4 dir=\"auto\">Nessun acquisto per minori<\/h4><p dir=\"auto\">VapeEnjoy vieta l'acquisto di prodotti Vape per o per conto di chiunque abbia meno di 21 anni. Tali azioni violano la nostra politica e possono innescare ripercussioni legali. Rimaniamo impegnati a garantire che solo i clienti idonei accedano ai nostri prodotti.<\/p><h4 dir=\"auto\">Robusto processo di verifica dell'et\u00e0<\/h4><p dir=\"auto\">VapeEnjoy utilizza un sistema di verifica dell'et\u00e0 sicuro e affidabile per confermare l'idoneit\u00e0 del cliente. Durante il checkout, i clienti devono inviare:<\/p><ul dir=\"auto\"><li>nome esemplifica<\/li><li>indirizzare<\/li><li>data di nascita<\/li><li>Ultime quattro cifre del loro numero di previdenza sociale (SSN)<\/li><\/ul><p dir=\"auto\">Riferiamo a queste informazioni con i registri pubblici per verificare l'et\u00e0. Se i clienti non forniscono un SSN, devono caricare un ID emesso dal governo valido. Di conseguenza, il nostro sistema garantisce solo gli acquisti completi di persone di et\u00e0 pari o superiore a 21 anni.<\/p><h4 dir=\"auto\">Rifiuto dell'ordine per non conformit\u00e0<\/h4><p dir=\"auto\">VapeEnjoy si riserva il diritto di rifiutare o annullare gli ordini se i clienti non forniscono tempestivamente un'identificazione valida. Questa politica ci consente di mantenere severi limiti di et\u00e0 e di proteggere la nostra piattaforma da abusi.<\/p><h4 dir=\"auto\">Impegno per prevenire l'accesso dei giovani<\/h4><p dir=\"auto\">VapeEnjoy impedisce attivamente l'accesso da parte dei minorenni ai prodotti di vaporizzazione. Il nostro rigoroso processo di verifica dell'et\u00e0 assicura che i minori non possano acquistare sigarette elettroniche. Di conseguenza, ci allineiamo con la nostra missione di promuovere l'uso responsabile dello svapo.<\/p><h4 dir=\"auto\">diritto di negare il servizio<\/h4><p dir=\"auto\">A causa della complessit\u00e0 delle vendite di svapo online, VapeEnjoy pu\u00f2 negare il servizio agli individui. Se ritieni che abbiamo ingiustamente negato il tuo servizio, contatta il nostro servizio clienti per assistenza. Siamo qui per rispondere alle tue preoccupazioni tempestivamente.<\/p><h4 dir=\"auto\">Cancella avviso del sito web<\/h4><p dir=\"auto\">VapeEnjoy mostra in primo piano un avviso sul nostro sito Web, affermando che l'et\u00e0 legale per lo svapo negli Stati Uniti \u00e8 di 21+. Questo avviso garantisce a tutti i visitatori di comprendere il requisito di et\u00e0 prima di tentare di acquistare i prodotti per sigarette elettroniche.<\/p><h4 dir=\"auto\">Il nostro impegno per l'uso responsabile dello svapo<\/h4><p dir=\"auto\">La politica sull'et\u00e0 di VapeEnjoy mira a:<\/p><ul dir=\"auto\"><li>Rispetta le leggi statunitensi sullo svapo<\/li><li>Incoraggiare pratiche di svapo responsabili<\/li><li>impedire ai minori di accedere a prodotti con restrizioni all'et\u00e0<\/li><\/ul><p dir=\"auto\">Applicando queste misure, creiamo un ambiente sicuro e conforme per tutti i clienti. Inoltre, sosteniamo i pi\u00f9 alti standard di integrit\u00e0 per promuovere la fiducia e la responsabilit\u00e0 nella comunit\u00e0 di svapo.<\/p>\t\t\t\t\t\t\t\t<\/div>\n\t\t\t\t\t<\/div>\n\t\t\t\t<\/div>\n\t\t\t\t<\/div>","protected":false},"excerpt":{"rendered":"<p>Read More Vapeenjoy Age Policy: Ensuring Compliance and Responsible Vape Use At Vapeenjoy, we prioritize responsible vape use and strictly<\/p>","protected":false},"author":1,"featured_media":0,"parent":0,"menu_order":0,"comment_status":"closed","ping_status":"closed","template":"","meta":{"footnotes":""},"class_list":["post-1506","page","type-page","status-publish","hentry"],"yoast_head":"<!-- This site is optimized with the Yoast SEO plugin v25.7 - https:\/\/yoast.com\/wordpress\/plugins\/seo\/ -->\n<title>Age Policy - vapeenjoy Vape Age Restriction Policy - Legal Compliance<\/title>\n<meta name=\"description\" content=\"Learn about our vape age policy. We strictly adhere to legal age requirements to ensure compliance and safe shopping. Learn more now!\" \/>\n<meta name=\"robots\" content=\"index, follow, max-snippet:-1, max-image-preview:large, max-video-preview:-1\" \/>\n<link rel=\"canonical\" href=\"https:\/\/vapeenjoy.com\/it\/politica-per-leta\/\" \/>\n<meta property=\"og:locale\" content=\"it_IT\" \/>\n<meta property=\"og:type\" content=\"article\" \/>\n<meta property=\"og:title\" content=\"Age Policy - vapeenjoy Vape Age Restriction Policy - Legal Compliance\" \/>\n<meta property=\"og:description\" content=\"Learn about our vape age policy. We strictly adhere to legal age requirements to ensure compliance and safe shopping. Learn more now!\" \/>\n<meta property=\"og:url\" content=\"https:\/\/vapeenjoy.com\/it\/politica-per-leta\/\" \/>\n<meta property=\"og:site_name\" content=\"vapeenjoy\" \/>\n<meta property=\"article:modified_time\" content=\"2025-08-14T01:58:34+00:00\" \/>\n<meta name=\"twitter:card\" content=\"summary_large_image\" \/>\n<meta name=\"twitter:label1\" content=\"Tempo di lettura stimato\" \/>\n\t<meta name=\"twitter:data1\" content=\"1 minuto\" \/>\n<script type=\"application\/ld+json\" class=\"yoast-schema-graph\">{\"@context\":\"https:\/\/schema.org\",\"@graph\":[{\"@type\":\"WebPage\",\"@id\":\"https:\/\/vapeenjoy.com\/age-policy\/\",\"url\":\"https:\/\/vapeenjoy.com\/age-policy\/\",\"name\":\"Age Policy - vapeenjoy Vape Age Restriction Policy - Legal Compliance\",\"isPartOf\":{\"@id\":\"https:\/\/vapeenjoy.com\/#website\"},\"datePublished\":\"2023-04-20T11:46:53+00:00\",\"dateModified\":\"2025-08-14T01:58:34+00:00\",\"description\":\"Learn about our vape age policy. We strictly adhere to legal age requirements to ensure compliance and safe shopping. Learn more now!\",\"breadcrumb\":{\"@id\":\"https:\/\/vapeenjoy.com\/age-policy\/#breadcrumb\"},\"inLanguage\":\"it-IT\",\"potentialAction\":[{\"@type\":\"ReadAction\",\"target\":[\"https:\/\/vapeenjoy.com\/age-policy\/\"]}]},{\"@type\":\"BreadcrumbList\",\"@id\":\"https:\/\/vapeenjoy.com\/age-policy\/#breadcrumb\",\"itemListElement\":[{\"@type\":\"ListItem\",\"position\":1,\"name\":\"Home\",\"item\":\"https:\/\/vapeenjoy.com\/\"},{\"@type\":\"ListItem\",\"position\":2,\"name\":\"Age Policy\"}]},{\"@type\":\"WebSite\",\"@id\":\"https:\/\/vapeenjoy.com\/#website\",\"url\":\"https:\/\/vapeenjoy.com\/\",\"name\":\"vapeenjoy\",\"description\":\"An online store for selling vapes\",\"potentialAction\":[{\"@type\":\"SearchAction\",\"target\":{\"@type\":\"EntryPoint\",\"urlTemplate\":\"https:\/\/vapeenjoy.com\/?s={search_term_string}\"},\"query-input\":{\"@type\":\"PropertyValueSpecification\",\"valueRequired\":true,\"valueName\":\"search_term_string\"}}],\"inLanguage\":\"it-IT\"}]}<\/script>\n<!-- \/ Yoast SEO plugin. -->","yoast_head_json":{"title":"Politica sull'et\u00e0 - VapeEnjoy Vape Politica sui limiti di et\u00e0 - Conformit\u00e0 legale","description":"Scopri la nostra politica sull'et\u00e0 del vaporizzatore. Rispettiamo rigorosamente i requisiti di et\u00e0 legale per garantire la conformit\u00e0 e l'acquisto sicuro. Scopri di pi\u00f9 ora!","robots":{"index":"index","follow":"follow","max-snippet":"max-snippet:-1","max-image-preview":"max-image-preview:large","max-video-preview":"max-video-preview:-1"},"canonical":"https:\/\/vapeenjoy.com\/it\/politica-per-leta\/","og_locale":"it_IT","og_type":"article","og_title":"Age Policy - vapeenjoy Vape Age Restriction Policy - Legal Compliance","og_description":"Learn about our vape age policy. We strictly adhere to legal age requirements to ensure compliance and safe shopping. Learn more now!","og_url":"https:\/\/vapeenjoy.com\/it\/politica-per-leta\/","og_site_name":"vapeenjoy","article_modified_time":"2025-08-14T01:58:34+00:00","twitter_card":"summary_large_image","twitter_misc":{"Tempo di lettura stimato":"1 minuto"},"schema":{"@context":"https:\/\/schema.org","@graph":[{"@type":"WebPage","@id":"https:\/\/vapeenjoy.com\/age-policy\/","url":"https:\/\/vapeenjoy.com\/age-policy\/","name":"Politica sull'et\u00e0 - VapeEnjoy Vape Politica sui limiti di et\u00e0 - Conformit\u00e0 legale","isPartOf":{"@id":"https:\/\/vapeenjoy.com\/#website"},"datePublished":"2023-04-20T11:46:53+00:00","dateModified":"2025-08-14T01:58:34+00:00","description":"Scopri la nostra politica sull'et\u00e0 del vaporizzatore. Rispettiamo rigorosamente i requisiti di et\u00e0 legale per garantire la conformit\u00e0 e l'acquisto sicuro. Scopri di pi\u00f9 ora!","breadcrumb":{"@id":"https:\/\/vapeenjoy.com\/age-policy\/#breadcrumb"},"inLanguage":"it-IT","potentialAction":[{"@type":"ReadAction","target":["https:\/\/vapeenjoy.com\/age-policy\/"]}]},{"@type":"BreadcrumbList","@id":"https:\/\/vapeenjoy.com\/age-policy\/#breadcrumb","itemListElement":[{"@type":"ListItem","position":1,"name":"Home","item":"https:\/\/vapeenjoy.com\/"},{"@type":"ListItem","position":2,"name":"Age Policy"}]},{"@type":"WebSite","@id":"https:\/\/vapeenjoy.com\/#website","url":"https:\/\/vapeenjoy.com\/","name":"vapejoy","description":"Un negozio online per la vendita di vapori","potentialAction":[{"@type":"SearchAction","target":{"@type":"EntryPoint","urlTemplate":"https:\/\/vapeenjoy.com\/?s={search_term_string}"},"query-input":{"@type":"PropertyValueSpecification","valueRequired":true,"valueName":"search_term_string"}}],"inLanguage":"it-IT"}]}},"_links":{"self":[{"href":"https:\/\/vapeenjoy.com\/it\/wp-json\/wp\/v2\/pages\/1506","targetHints":{"allow":["GET"]}}],"collection":[{"href":"https:\/\/vapeenjoy.com\/it\/wp-json\/wp\/v2\/pages"}],"about":[{"href":"https:\/\/vapeenjoy.com\/it\/wp-json\/wp\/v2\/types\/page"}],"author":[{"embeddable":true,"href":"https:\/\/vapeenjoy.com\/it\/wp-json\/wp\/v2\/users\/1"}],"replies":[{"embeddable":true,"href":"https:\/\/vapeenjoy.com\/it\/wp-json\/wp\/v2\/comments?post=1506"}],"version-history":[{"count":12,"href":"https:\/\/vapeenjoy.com\/it\/wp-json\/wp\/v2\/pages\/1506\/revisions"}],"predecessor-version":[{"id":3139,"href":"https:\/\/vapeenjoy.com\/it\/wp-json\/wp\/v2\/pages\/1506\/revisions\/3139"}],"wp:attachment":[{"href":"https:\/\/vapeenjoy.com\/it\/wp-json\/wp\/v2\/media?parent=1506"}],"curies":[{"name":"WP","href":"https:\/\/api.w.org\/{rel}","templated":true}]}}