{"id":1509,"date":"2023-04-20T11:47:35","date_gmt":"2023-04-20T11:47:35","guid":{"rendered":"https:\/\/dummy.xtemos.com\/woodmart2\/furniture2-elementor\/?page_id=31"},"modified":"2025-08-26T08:27:15","modified_gmt":"2025-08-26T08:27:15","slug":"about-us-vape","status":"publish","type":"page","link":"https:\/\/vapeenjoy.com\/it\/chi-siamo-vape\/","title":{"rendered":"Chi siamo"},"content":{"rendered":"<div data-elementor-type=\"wp-page\" data-elementor-id=\"1509\" class=\"elementor elementor-1509\">\n\t\t\t\t\t\t\t<link rel=\"stylesheet\" id=\"wd-collapsible-content-css\" href=\"https:\/\/vapeenjoy.com\/wp-content\/themes\/woodmart\/css\/parts\/elem-opt-collapsible-content.min.css?ver=8.2.7\" type=\"text\/css\" media=\"all\" \/> \t\t\t<div class=\"wd-negative-gap elementor-element elementor-element-43bbe8e wd-collapsible-content e-flex e-con-boxed e-con e-parent\" data-id=\"43bbe8e\" data-element_type=\"container\">\n\t\t\t\t\t<div class=\"e-con-inner\">\n\t\t\t\t<div class=\"elementor-element elementor-element-cf18f75 elementor-widget elementor-widget-wd_button\" data-id=\"cf18f75\" data-element_type=\"widget\" data-widget_type=\"wd_button.default\">\n\t\t\t\t<div class=\"elementor-widget-container\">\n\t\t\t\t\t\t\t<div class=\"wd-button-wrapper text-left wd-collapsible-button\" >\n\t\t\t<a class=\"btn btn-style-link btn-shape- btn-size-default btn-color-primary btn-icon-pos-right\"  href=\"#\">\n\t\t\t\t<span class=\"wd-btn-text\" data-elementor-setting-key=\"text\">\n\t\t\t\t\tLEGGI DI PI\t\t\t\t<\/span>\n\n\t\t\t\t\t\t\t<\/a>\n\t\t<\/div>\n\t\t\t\t\t\t<\/div>\n\t\t\t\t<\/div>\n\t\t\t\t\t<\/div>\n\t\t\t\t<\/div>\n\t\t<div class=\"wd-negative-gap elementor-element elementor-element-52906c6 e-flex e-con-boxed e-con e-parent\" data-id=\"52906c6\" data-element_type=\"container\">\n\t\t\t\t\t<div class=\"e-con-inner\">\n\t\t\t\t<div class=\"elementor-element elementor-element-233b6b3 color-scheme-inherit text-left elementor-widget elementor-widget-text-editor\" data-id=\"233b6b3\" data-element_type=\"widget\" data-widget_type=\"text-editor.default\">\n\t\t\t\t\t\t\t\t\t<h2 dir=\"ltr\" data-pm-slice=\"1 1 []\">Benvenuto in VapeEnjoy<\/h2><p dir=\"ltr\">Sin dall'inizio nel 2023, VapeEnjoy \u00e8 stato guidato da una visione appassionata di ridefinire l'esperienza di svapo. Fondata con l'impegno di elevare il mondo dello svapo, miriamo a creare una piattaforma online dinamica e onnicomprensiva presso VapeEnjoy Shop che serve sia i principianti che i vapers esperti. Inoltre, la nostra vivace comunit\u00e0 di appassionati di vaporizzatori alimenta la nostra missione, ispirandoci a fornire prodotti e servizi eccezionali.<\/p><h2 dir=\"ltr\">La nostra missione<\/h2><p dir=\"ltr\">A VapeEnjoy, la nostra missione \u00e8 semplice ma ambiziosa: offrire prodotti di vape di alta qualit\u00e0, una selezione senza precedenti e un'esperienza di acquisto senza interruzioni <a href=\"https:\/\/vapeenjoy.com\/shop\/\">VapeEpoca<\/a>. Crediamo fermamente che lo svapo non sia semplicemente un'alternativa al fumo, ma uno stile di vita. Di conseguenza, ci sforziamo di condurre questo stile di vita fornendo soluzioni innovative, qualit\u00e0 senza compromessi e assistenza clienti dedicata. Facendo una cultura di eccellenza, miriamo a valorizzare ogni aspetto del viaggio di svapo.<\/p><h2 dir=\"ltr\">I NOSTRI PRODO<\/h2><p dir=\"ltr\">La nostra linea di prodotti accuratamente curata riflette il nostro impegno per la qualit\u00e0 e l'innovazione. Dai vapori all'avanguardia a una vasta gamma di e-liquidi e accessori, ogni articolo \u00e8 sottoposto a severi controlli di qualit\u00e0 per garantire prestazioni eccezionali. Inoltre, aggiorniamo continuamente il nostro inventario per incorporare le ultime tendenze e progressi nel settore dello svapo. Di conseguenza, i nostri clienti hanno costantemente accesso ai prodotti pi\u00f9 innovativi e affidabili disponibili su<a href=\"https:\/\/vapeenjoy.com\/shop\/\"> VapeEpoca<\/a>.<\/p><h2 dir=\"ltr\">Qualit\u00e0 e sicurezza<\/h2><p dir=\"ltr\">La tua sicurezza \u00e8 la nostra massima priorit\u00e0. Per garantire ci\u00f2, collaboriamo esclusivamente con produttori di fiducia e conduciamo rigorose valutazioni di qualit\u00e0. Aderendo ai pi\u00f9 recenti protocolli di sicurezza e standard del settore, garantiamo che ogni prodotto che offriamo sia efficace e sicuro. Inoltre, il nostro impegno a superare i requisiti normativi sottolinea la nostra dedizione al tuo benessere.<\/p><h2 dir=\"ltr\">La nostra comunit\u00e0<\/h2><p dir=\"ltr\">VapeEnjoy \u00e8 pi\u00f9 di un semplice rivenditore: \u00e8 una fiorente comunit\u00e0 di appassionati di vaporizzazione. Attraverso il nostro coinvolgente blog, la presenza attiva sui social media e il servizio clienti reattivo, promuoviamo un ambiente di condivisione e collaborazione delle conoscenze. Ascoltiamo attivamente il feedback e le preferenze della nostra community, permettendoci di evolvere continuamente le nostre offerte. Di conseguenza, costruiamo connessioni pi\u00f9 forti con i nostri clienti e creiamo uno spazio in cui prospera la passione per lo svapo, accessibile tramite <a href=\"https:\/\/vapeenjoy.com\/shop\/\">VapeEpoca<\/a>.<\/p><h2 dir=\"ltr\">Perch\u00e9 scegliere VapeEnjoy?<\/h2><ul class=\"tight\" dir=\"ltr\" data-tight=\"true\"><li><p dir=\"ltr\"><strong>competenza<\/strong>: La conoscenza approfondita del nostro team dei prodotti Vape garantisce consigli personalizzati e guida esperta.<\/p><\/li><li><p dir=\"ltr\"><strong>garanzia di qualit\u00e0<\/strong>: Ogni prodotto nel nostro inventario \u00e8 supportato dal nostro impegno per la sicurezza e l'eccellenza.<\/p><\/li><li><p dir=\"ltr\"><strong>Approccio incentrato sul cliente<\/strong>: Diamo la priorit\u00e0 a un servizio clienti eccezionale, garantendo un'esperienza di acquisto fluida e soddisfacente.<\/p><\/li><li><p dir=\"ltr\"><strong>novit\u00e0<\/strong>: Stando al passo con le tendenze del settore, ti offriamo i prodotti di svapo pi\u00f9 recenti e avanzati.<\/p><\/li><\/ul><h2 dir=\"ltr\">Contattaci<\/h2><p dir=\"ltr\">Per qualsiasi richiesta o supporto, non esitare a contattarci all'indirizzo info@vapeenjoy.com. Siamo qui per assisterti in ogni fase del percorso.<\/p><p dir=\"ltr\">Copyright \u00a9 2024 VapeEnjoy<\/p>\t\t\t\t\t\t\t\t<\/div>\n\t\t\t\t\t<\/div>\n\t\t\t\t<\/div>\n\t\t<div class=\"wd-negative-gap elementor-element elementor-element-a5f99ce e-flex e-con-boxed e-con e-parent\" data-id=\"a5f99ce\" data-element_type=\"container\">\n\t\t\t\t\t<div class=\"e-con-inner\">\n\t\t\t\t<div class=\"elementor-element elementor-element-c7c48f2 elementor-widget elementor-widget-wd_image_or_svg\" data-id=\"c7c48f2\" data-element_type=\"widget\" data-widget_type=\"wd_image_or_svg.default\">\n\t\t\t\t<div class=\"elementor-widget-container\">\n\t\t\t\t\t\n\t\t<div class=\"wd-image text-left\">\n\t\t\t\t\t\t\t\t<img fetchpriority=\"high\" decoding=\"async\" width=\"1210\" height=\"800\" src=\"https:\/\/vapeenjoy.com\/wp-content\/uploads\/2025\/08\/Real-photos.png\" class=\"attachment-full size-full\" alt=\"Vapori foto reali\" srcset=\"https:\/\/vapeenjoy.com\/wp-content\/uploads\/2025\/08\/Real-photos.png 1210w, https:\/\/vapeenjoy.com\/wp-content\/uploads\/2025\/08\/Real-photos-300x198.png 300w, https:\/\/vapeenjoy.com\/wp-content\/uploads\/2025\/08\/Real-photos-1024x677.png 1024w, https:\/\/vapeenjoy.com\/wp-content\/uploads\/2025\/08\/Real-photos-768x508.png 768w, https:\/\/vapeenjoy.com\/wp-content\/uploads\/2025\/08\/Real-photos-1200x793.png 1200w, https:\/\/vapeenjoy.com\/wp-content\/uploads\/2025\/08\/Real-photos-150x99.png 150w\" sizes=\"(max-width: 1210px) 100vw, 1210px\" \/>\t\t\t\t\t<\/div>\n\n\t\t\t\t\t\t<\/div>\n\t\t\t\t<\/div>\n\t\t\t\t\t<\/div>\n\t\t\t\t<\/div>\n\t\t\t\t<\/div>","protected":false},"excerpt":{"rendered":"<p>Read More Welcome to VapeEnjoy Since our inception in 2023, VapeEnjoy has been driven by a passionate vision to redefine<\/p>","protected":false},"author":1,"featured_media":0,"parent":0,"menu_order":0,"comment_status":"closed","ping_status":"closed","template":"","meta":{"footnotes":""},"class_list":["post-1509","page","type-page","status-publish","hentry"],"yoast_head":"<!-- This site is optimized with the Yoast SEO plugin v25.7 - https:\/\/yoast.com\/wordpress\/plugins\/seo\/ -->\n<title>About us - vapeenjoy Premium Vape Products &amp; Exceptional Service<\/title>\n<meta name=\"description\" content=\"Your trusted supplier of premium vape products, superior quality, and first-class service. Shop now! Explore top-tier vaping excellence.\" \/>\n<meta name=\"robots\" content=\"index, follow, max-snippet:-1, max-image-preview:large, max-video-preview:-1\" \/>\n<link rel=\"canonical\" href=\"https:\/\/vapeenjoy.com\/it\/chi-siamo-vape\/\" \/>\n<meta property=\"og:locale\" content=\"it_IT\" \/>\n<meta property=\"og:type\" content=\"article\" \/>\n<meta property=\"og:title\" content=\"About us - vapeenjoy Premium Vape Products &amp; Exceptional Service\" \/>\n<meta property=\"og:description\" content=\"Your trusted supplier of premium vape products, superior quality, and first-class service. Shop now! Explore top-tier vaping excellence.\" \/>\n<meta property=\"og:url\" content=\"https:\/\/vapeenjoy.com\/it\/chi-siamo-vape\/\" \/>\n<meta property=\"og:site_name\" content=\"vapeenjoy\" \/>\n<meta property=\"article:modified_time\" content=\"2025-08-26T08:27:15+00:00\" \/>\n<meta property=\"og:image\" content=\"https:\/\/vapeenjoy.com\/wp-content\/uploads\/2025\/08\/Real-photos.png\" \/>\n<meta name=\"twitter:card\" content=\"summary_large_image\" \/>\n<meta name=\"twitter:label1\" content=\"Tempo di lettura stimato\" \/>\n\t<meta name=\"twitter:data1\" content=\"3 minuti\" \/>\n<script type=\"application\/ld+json\" class=\"yoast-schema-graph\">{\"@context\":\"https:\/\/schema.org\",\"@graph\":[{\"@type\":\"WebPage\",\"@id\":\"https:\/\/vapeenjoy.com\/about-us-vape\/\",\"url\":\"https:\/\/vapeenjoy.com\/about-us-vape\/\",\"name\":\"About us - vapeenjoy Premium Vape Products & Exceptional Service\",\"isPartOf\":{\"@id\":\"https:\/\/vapeenjoy.com\/#website\"},\"primaryImageOfPage\":{\"@id\":\"https:\/\/vapeenjoy.com\/about-us-vape\/#primaryimage\"},\"image\":{\"@id\":\"https:\/\/vapeenjoy.com\/about-us-vape\/#primaryimage\"},\"thumbnailUrl\":\"https:\/\/vapeenjoy.com\/wp-content\/uploads\/2025\/08\/Real-photos.png\",\"datePublished\":\"2023-04-20T11:47:35+00:00\",\"dateModified\":\"2025-08-26T08:27:15+00:00\",\"description\":\"Your trusted supplier of premium vape products, superior quality, and first-class service. Shop now! Explore top-tier vaping excellence.\",\"breadcrumb\":{\"@id\":\"https:\/\/vapeenjoy.com\/about-us-vape\/#breadcrumb\"},\"inLanguage\":\"it-IT\",\"potentialAction\":[{\"@type\":\"ReadAction\",\"target\":[\"https:\/\/vapeenjoy.com\/about-us-vape\/\"]}]},{\"@type\":\"ImageObject\",\"inLanguage\":\"it-IT\",\"@id\":\"https:\/\/vapeenjoy.com\/about-us-vape\/#primaryimage\",\"url\":\"https:\/\/vapeenjoy.com\/wp-content\/uploads\/2025\/08\/Real-photos.png\",\"contentUrl\":\"https:\/\/vapeenjoy.com\/wp-content\/uploads\/2025\/08\/Real-photos.png\"},{\"@type\":\"BreadcrumbList\",\"@id\":\"https:\/\/vapeenjoy.com\/about-us-vape\/#breadcrumb\",\"itemListElement\":[{\"@type\":\"ListItem\",\"position\":1,\"name\":\"Home\",\"item\":\"https:\/\/vapeenjoy.com\/\"},{\"@type\":\"ListItem\",\"position\":2,\"name\":\"About us\"}]},{\"@type\":\"WebSite\",\"@id\":\"https:\/\/vapeenjoy.com\/#website\",\"url\":\"https:\/\/vapeenjoy.com\/\",\"name\":\"vapeenjoy\",\"description\":\"An online store for selling vapes\",\"potentialAction\":[{\"@type\":\"SearchAction\",\"target\":{\"@type\":\"EntryPoint\",\"urlTemplate\":\"https:\/\/vapeenjoy.com\/?s={search_term_string}\"},\"query-input\":{\"@type\":\"PropertyValueSpecification\",\"valueRequired\":true,\"valueName\":\"search_term_string\"}}],\"inLanguage\":\"it-IT\"}]}<\/script>\n<!-- \/ Yoast SEO plugin. -->","yoast_head_json":{"title":"Chi siamo - VapeEnjoy Prodotti di vaporizzazione premium e servizio eccezionale","description":"Il tuo fornitore di fiducia di prodotti di vaporizzazione premium, qualit\u00e0 superiore e servizio di prima classe. Acquista ora! Esplora l'eccellenza di svapo di alto livello.","robots":{"index":"index","follow":"follow","max-snippet":"max-snippet:-1","max-image-preview":"max-image-preview:large","max-video-preview":"max-video-preview:-1"},"canonical":"https:\/\/vapeenjoy.com\/it\/chi-siamo-vape\/","og_locale":"it_IT","og_type":"article","og_title":"About us - vapeenjoy Premium Vape Products & Exceptional Service","og_description":"Your trusted supplier of premium vape products, superior quality, and first-class service. Shop now! Explore top-tier vaping excellence.","og_url":"https:\/\/vapeenjoy.com\/it\/chi-siamo-vape\/","og_site_name":"vapeenjoy","article_modified_time":"2025-08-26T08:27:15+00:00","og_image":[{"url":"https:\/\/vapeenjoy.com\/wp-content\/uploads\/2025\/08\/Real-photos.png","type":"","width":"","height":""}],"twitter_card":"summary_large_image","twitter_misc":{"Tempo di lettura stimato":"3 minuti"},"schema":{"@context":"https:\/\/schema.org","@graph":[{"@type":"WebPage","@id":"https:\/\/vapeenjoy.com\/about-us-vape\/","url":"https:\/\/vapeenjoy.com\/about-us-vape\/","name":"Chi siamo - VapeEnjoy Prodotti di vaporizzazione premium e servizio eccezionale","isPartOf":{"@id":"https:\/\/vapeenjoy.com\/#website"},"primaryImageOfPage":{"@id":"https:\/\/vapeenjoy.com\/about-us-vape\/#primaryimage"},"image":{"@id":"https:\/\/vapeenjoy.com\/about-us-vape\/#primaryimage"},"thumbnailUrl":"https:\/\/vapeenjoy.com\/wp-content\/uploads\/2025\/08\/Real-photos.png","datePublished":"2023-04-20T11:47:35+00:00","dateModified":"2025-08-26T08:27:15+00:00","description":"Il tuo fornitore di fiducia di prodotti di vaporizzazione premium, qualit\u00e0 superiore e servizio di prima classe. Acquista ora! Esplora l'eccellenza di svapo di alto livello.","breadcrumb":{"@id":"https:\/\/vapeenjoy.com\/about-us-vape\/#breadcrumb"},"inLanguage":"it-IT","potentialAction":[{"@type":"ReadAction","target":["https:\/\/vapeenjoy.com\/about-us-vape\/"]}]},{"@type":"ImageObject","inLanguage":"it-IT","@id":"https:\/\/vapeenjoy.com\/about-us-vape\/#primaryimage","url":"https:\/\/vapeenjoy.com\/wp-content\/uploads\/2025\/08\/Real-photos.png","contentUrl":"https:\/\/vapeenjoy.com\/wp-content\/uploads\/2025\/08\/Real-photos.png"},{"@type":"BreadcrumbList","@id":"https:\/\/vapeenjoy.com\/about-us-vape\/#breadcrumb","itemListElement":[{"@type":"ListItem","position":1,"name":"Home","item":"https:\/\/vapeenjoy.com\/"},{"@type":"ListItem","position":2,"name":"About us"}]},{"@type":"WebSite","@id":"https:\/\/vapeenjoy.com\/#website","url":"https:\/\/vapeenjoy.com\/","name":"vapejoy","description":"Un negozio online per la vendita di vapori","potentialAction":[{"@type":"SearchAction","target":{"@type":"EntryPoint","urlTemplate":"https:\/\/vapeenjoy.com\/?s={search_term_string}"},"query-input":{"@type":"PropertyValueSpecification","valueRequired":true,"valueName":"search_term_string"}}],"inLanguage":"it-IT"}]}},"_links":{"self":[{"href":"https:\/\/vapeenjoy.com\/it\/wp-json\/wp\/v2\/pages\/1509","targetHints":{"allow":["GET"]}}],"collection":[{"href":"https:\/\/vapeenjoy.com\/it\/wp-json\/wp\/v2\/pages"}],"about":[{"href":"https:\/\/vapeenjoy.com\/it\/wp-json\/wp\/v2\/types\/page"}],"author":[{"embeddable":true,"href":"https:\/\/vapeenjoy.com\/it\/wp-json\/wp\/v2\/users\/1"}],"replies":[{"embeddable":true,"href":"https:\/\/vapeenjoy.com\/it\/wp-json\/wp\/v2\/comments?post=1509"}],"version-history":[{"count":45,"href":"https:\/\/vapeenjoy.com\/it\/wp-json\/wp\/v2\/pages\/1509\/revisions"}],"predecessor-version":[{"id":2618,"href":"https:\/\/vapeenjoy.com\/it\/wp-json\/wp\/v2\/pages\/1509\/revisions\/2618"}],"wp:attachment":[{"href":"https:\/\/vapeenjoy.com\/it\/wp-json\/wp\/v2\/media?parent=1509"}],"curies":[{"name":"WP","href":"https:\/\/api.w.org\/{rel}","templated":true}]}}