{"id":1954,"date":"2025-08-11T06:51:29","date_gmt":"2025-08-11T06:51:29","guid":{"rendered":"https:\/\/vapeenjoy.com\/?page_id=1954"},"modified":"2025-08-27T01:27:48","modified_gmt":"2025-08-27T01:27:48","slug":"terms-and-conditions","status":"publish","type":"page","link":"https:\/\/vapeenjoy.com\/it\/termini-e-condizioni\/","title":{"rendered":"Termini e condizioni"},"content":{"rendered":"<div data-elementor-type=\"wp-page\" data-elementor-id=\"1954\" class=\"elementor elementor-1954\">\n\t\t\t\t<div class=\"wd-negative-gap elementor-element elementor-element-01061ba e-flex e-con-boxed e-con e-parent\" data-id=\"01061ba\" data-element_type=\"container\">\n\t\t\t\t\t<div class=\"e-con-inner\">\n\t\t\t\t<div class=\"elementor-element elementor-element-a2b554c color-scheme-inherit text-left elementor-widget elementor-widget-text-editor\" data-id=\"a2b554c\" data-element_type=\"widget\" data-widget_type=\"text-editor.default\">\n\t\t\t\t\t\t\t\t\t<h2 dir=\"ltr\" data-pm-slice=\"1 1 []\">Termini e condizioni per vapeenjoy.com<\/h2><p dir=\"ltr\">Benvenuto su VapeEnjoy.com, la tua destinazione principale per lo svapo usa e getta. VapeEnjoy gestisce questo sito Web e si impegna a fornire prodotti e servizi eccezionali. Accedendo al nostro sito Web, accetti questi termini e condizioni, in cui \"noi\", \"ci\" e \"nostro\" si riferiscono a VapeEnjoy. Per un'esperienza senza interruzioni, rivedi attentamente questi termini.<\/p><h2 dir=\"ltr\">Utilizzando il nostro servizio<\/h2><p dir=\"ltr\">Quando accedi al nostro sito Web o effettui un acquisto, interagisci con il nostro \"Servizio\" e accetti di seguire questi Termini di servizio. Di conseguenza, questi termini si applicano a tutti gli utenti, inclusi browser, clienti, fornitori, commercianti e contributori di contenuti. Se non sei d'accordo con una parte di questi termini, ti preghiamo di astenerti dall'accesso al sito Web o dall'utilizzo dei nostri servizi. Inoltre, l'uso continuato dopo gli aggiornamenti segnala l'accettazione dei termini rivisti.<\/p><p dir=\"ltr\">Per chiarire, controlla regolarmente questi termini per gli aggiornamenti, poich\u00e9 ci riserviamo il diritto di modificarli o sostituirli pubblicando modifiche sul sito web. In particolare, anche qualsiasi nuova funzionalit\u00e0 o strumento aggiunto rientrer\u00e0 in questi Termini di servizio. Pertanto, presta molta attenzione alla sezione 19, \"Arbitrato e rinuncia all'azione collettiva\", che richiede la risoluzione delle controversie attraverso l'arbitrato individuale.<\/p><h2 dir=\"ltr\">Sezione 1 \u2013 Termini del negozio online<\/h2><p dir=\"ltr\">Accettando queste Condizioni d'uso, confermi di avere almeno la maggiore et\u00e0 nel tuo stato o provincia o hai il consenso dei genitori affinch\u00e9 i minori possano utilizzare il nostro sito web. Inoltre, non devi utilizzare i nostri prodotti per scopi illegali o violare alcuna legge, come le leggi sul copyright. Inoltre, \u00e8 severamente vietato trasmettere worm, virus o codice dannoso. La violazione di questi termini comporter\u00e0 la cessazione immediata del tuo servizio di accesso.<\/p><h2 dir=\"ltr\">Sezione 2 \u2013 Termini generali<\/h2><p dir=\"ltr\">Possiamo rifiutare il servizio a chiunque in qualsiasi momento per qualsiasi motivo. Per sicurezza, crittografiamo i tuoi contenuti (escluse le informazioni sulla carta di credito) durante la trasmissione. Tuttavia, non devi abusare, riprodurre o vendere alcuna parte del Servizio senza la nostra esplicita autorizzazione. Per chiarezza, le rubriche del presente Accordo servono solo per comodit\u00e0 e non alterano i termini.<\/p><h2 dir=\"ltr\">Sezione 3 \u2013 Precisione delle informazioni<\/h2><p dir=\"ltr\">Ci sforziamo di fornire informazioni accurate e tempestive sul sito Web, ma non possiamo garantirne la completezza o la tempestivit\u00e0. Pertanto, utilizzare il materiale solo per riferimento generale ed evitare di fare affidamento esclusivamente su di esso per le decisioni. Sebbene possiamo includere informazioni storiche, non ci impegniamo ad aggiornarle. Pertanto, dovresti monitorare le modifiche ai contenuti del sito web.<\/p><h2 dir=\"ltr\">Sezione 4 \u2013 Servizi e modifiche al prezzo<\/h2><p dir=\"ltr\">Potremmo modificare i prezzi dei prodotti senza preavviso. Inoltre, ci riserviamo il diritto di modificare o interrompere il servizio o qualsiasi parte senza preavviso. Di conseguenza, non ci assumiamo alcuna responsabilit\u00e0 per modifiche, variazioni di prezzo o sospensioni di servizio.<\/p><h2 dir=\"ltr\">Sezione 5 \u2013 Prodotti e servizi<\/h2><p dir=\"ltr\">Alcuni prodotti possono essere disponibili solo online e in quantit\u00e0 limitate, in base alla nostra politica di restituzione. Sebbene miriamo a visualizzare i prodotti in modo accurato, i colori possono variare a seconda dei dispositivi. Inoltre, possiamo limitare le vendite per regione, persona o quantit\u00e0 e adeguare descrizioni o prezzi a nostra discrezione.<\/p><h2 dir=\"ltr\">Sezione 6 \u2013 Fatturazione e precisione dell'account<\/h2><p dir=\"ltr\">Possiamo rifiutare ordini o limitare le quantit\u00e0 per persona o famiglia. Per garantire transazioni fluide, devi fornire informazioni accurate sull'account e sull'acquisto e aggiornarle tempestivamente. Per maggiori dettagli, consulta la nostra politica di restituzione.<\/p><h2 dir=\"ltr\">Sezione 7 \u2013 Strumenti opzionali<\/h2><p dir=\"ltr\">Forniamo strumenti di terze parti \"cos\u00ec come sono\" senza garanzie. Quindi, usi questi strumenti a tuo rischio. Allo stesso modo, i nuovi servizi o funzionalit\u00e0 introdotti sul sito Web aderiranno a questi termini.<\/p><h2 dir=\"ltr\">Sezione 8 \u2013 Collegamenti di terze parti<\/h2><p dir=\"ltr\">Il nostro sito web pu\u00f2 includere link a siti di terze parti non affiliati a noi. Poich\u00e9 non controlliamo il loro contenuto o l'accuratezza, rivediamo le loro politiche prima di impegnarci in transazioni. Inoltre, segnala eventuali problemi direttamente a terzi.<\/p><h2 dir=\"ltr\">Sezione 9 \u2013 Commenti degli utenti e feedback<\/h2><p dir=\"ltr\">Ci concedi il diritto di utilizzare e distribuire eventuali commenti o feedback che fornisci. Nel frattempo, possiamo monitorare, modificare o rimuovere contenuti che riteniamo illegali o offensivi. \u00c8 importante sottolineare che i tuoi commenti non devono violare i diritti di terze parti o contenere contenuti dannosi.<\/p><h2 dir=\"ltr\">Sezione 10 \u2013 Dati personali<\/h2><p dir=\"ltr\">La nostra politica sulla privacy regola la presentazione dei dati personali.<\/p><h3 dir=\"ltr\">Sezione 10.1 \u2013 Cookie Policy<\/h3><p dir=\"ltr\">Utilizziamo i cookie per migliorare la tua esperienza di navigazione e fornire contenuti personalizzati. Utilizzando il nostro sito web, acconsenti al nostro utilizzo dei cookie. Inoltre, puoi gestire le impostazioni dei cookie in qualsiasi momento.<\/p><h2 dir=\"ltr\">Sezione 11 \u2013 Errori e imprecisioni<\/h2><p dir=\"ltr\">Potremmo correggere errori o imprecisioni nelle descrizioni dei prodotti, nei prezzi o nelle offerte senza preavviso. A meno che non sia richiesto dalla legge, non ci impegniamo ad aggiornare le informazioni.<\/p><h2 dir=\"ltr\">Sezione 12 \u2013 Usi vietati<\/h2><p dir=\"ltr\">Non devi utilizzare il sito Web per scopi illegali, molesti o dannosi. Di conseguenza, potremmo interrompere i Servizi per eventuali violazioni.<\/p><h2 dir=\"ltr\">Sezione 13 \u2013 Disclaimer e responsabilit\u00e0<\/h2><p dir=\"ltr\">Non garantiamo un servizio ininterrotto o privo di errori. Pertanto, utilizzi il Servizio a tuo rischio e non siamo responsabili per eventuali danni.<\/p><h2 dir=\"ltr\">Sezione 14 \u2013 Indennizzo<\/h2><p dir=\"ltr\">Accetti di indennizzarci per le affermazioni derivanti dalla tua violazione di questi termini.<\/p><h2 dir=\"ltr\">Sezione 15 \u2013 Separabilit\u00e0<\/h2><p dir=\"ltr\">Se una qualsiasi disposizione \u00e8 inapplicabile, le restanti disposizioni rimangono efficaci.<\/p><h2 dir=\"ltr\">Sezione 16 \u2013 Cessazione<\/h2><p dir=\"ltr\">Gli obblighi prima della risoluzione rimangono vincolanti. Per risolvere il presente Accordo, avvisaci in qualsiasi momento. Al contrario, potremmo risolvere il Contratto senza preavviso in caso di violazione di questi Termini.<\/p><h2 dir=\"ltr\">Sezione 17 \u2013 Rinuncia<\/h2><p dir=\"ltr\">Rinunciare a qualsiasi termine non rinuncia ai diritti futuri.<\/p><h2 dir=\"ltr\">Sezione 18 \u2013 Diritto applicabile<\/h2><p dir=\"ltr\">Le leggi dello Stato della California governano questi termini.<\/p><h2 dir=\"ltr\">Sezione 19 \u2013 Arbitrato e rinuncia all'azione collettiva<\/h2><p dir=\"ltr\">\u00c8 necessario risolvere le controversie, ad eccezione di quelle in tribunale per le controversie di modesta entit\u00e0, attraverso l'arbitrato individuale. Pertanto, non \u00e8 possibile presentare reclami come parte di un'azione collettiva.<\/p><h2 dir=\"ltr\">Sezione 20 \u2013 Intero accordo<\/h2><p dir=\"ltr\">Questi termini costituiscono l'intero accordo tra te e noi, sostituendo i precedenti accordi. Inoltre, le ambiguit\u00e0 nell'interpretazione non favoriscono nessuna delle parti.<\/p><h2 dir=\"ltr\">Sezione 21 \u2013 Informazioni di contatto<\/h2><p dir=\"ltr\">Per domande su questi Termini di utilizzo, contattaci a info@vapeenjoy.com.<\/p><p dir=\"ltr\">Grazie per aver esaminato i nostri termini e condizioni. Ci sforziamo di garantire un'esperienza senza interruzioni e sicura su VapeEnjoy.com.<\/p>\t\t\t\t\t\t\t\t<\/div>\n\t\t\t\t\t<\/div>\n\t\t\t\t<\/div>\n\t\t<div class=\"wd-negative-gap elementor-element elementor-element-a291d96 e-flex e-con-boxed e-con e-parent\" data-id=\"a291d96\" data-element_type=\"container\">\n\t\t\t\t\t<div class=\"e-con-inner\">\n\t\t\t\t<div class=\"elementor-element elementor-element-3013edb elementor-widget elementor-widget-wd_image_or_svg\" data-id=\"3013edb\" data-element_type=\"widget\" data-widget_type=\"wd_image_or_svg.default\">\n\t\t\t\t<div class=\"elementor-widget-container\">\n\t\t\t\t\t\n\t\t<div class=\"wd-image text-left\">\n\t\t\t\t\t\t\t\t<img fetchpriority=\"high\" decoding=\"async\" width=\"1300\" height=\"900\" src=\"https:\/\/vapeenjoy.com\/wp-content\/uploads\/2025\/08\/Brand.png\" class=\"attachment-full size-full\" alt=\"VapeEnjoy Marca\" srcset=\"https:\/\/vapeenjoy.com\/wp-content\/uploads\/2025\/08\/Brand.png 1300w, https:\/\/vapeenjoy.com\/wp-content\/uploads\/2025\/08\/Brand-300x208.png 300w, https:\/\/vapeenjoy.com\/wp-content\/uploads\/2025\/08\/Brand-1024x709.png 1024w, https:\/\/vapeenjoy.com\/wp-content\/uploads\/2025\/08\/Brand-768x532.png 768w, https:\/\/vapeenjoy.com\/wp-content\/uploads\/2025\/08\/Brand-1200x831.png 1200w, https:\/\/vapeenjoy.com\/wp-content\/uploads\/2025\/08\/Brand-150x104.png 150w\" sizes=\"(max-width: 1300px) 100vw, 1300px\" \/>\t\t\t\t\t<\/div>\n\n\t\t\t\t\t\t<\/div>\n\t\t\t\t<\/div>\n\t\t\t\t\t<\/div>\n\t\t\t\t<\/div>\n\t\t\t\t<\/div>","protected":false},"excerpt":{"rendered":"<p>Terms and Conditions for Vapeenjoy.com Welcome to Vapeenjoy.com, your premier destination for disposable vape. Vapeenjoy operates this website and commits<\/p>","protected":false},"author":1,"featured_media":0,"parent":0,"menu_order":0,"comment_status":"closed","ping_status":"closed","template":"","meta":{"footnotes":""},"class_list":["post-1954","page","type-page","status-publish","hentry"],"yoast_head":"<!-- This site is optimized with the Yoast SEO plugin v25.7 - https:\/\/yoast.com\/wordpress\/plugins\/seo\/ -->\n<title>Vapeenjoy Terms and Conditions - Your Guide to Our Policies<\/title>\n<meta name=\"description\" content=\"Review Vapeenjoy Terms and Conditions for our policies, user responsibilities, and legal guidelines to ensure seamless vaping experience.\" \/>\n<meta name=\"robots\" content=\"index, follow, max-snippet:-1, max-image-preview:large, max-video-preview:-1\" \/>\n<link rel=\"canonical\" href=\"https:\/\/vapeenjoy.com\/it\/termini-e-condizioni\/\" \/>\n<meta property=\"og:locale\" content=\"it_IT\" \/>\n<meta property=\"og:type\" content=\"article\" \/>\n<meta property=\"og:title\" content=\"Vapeenjoy Terms and Conditions - Your Guide to Our Policies\" \/>\n<meta property=\"og:description\" content=\"Review Vapeenjoy Terms and Conditions for our policies, user responsibilities, and legal guidelines to ensure seamless vaping experience.\" \/>\n<meta property=\"og:url\" content=\"https:\/\/vapeenjoy.com\/it\/termini-e-condizioni\/\" \/>\n<meta property=\"og:site_name\" content=\"vapeenjoy\" \/>\n<meta property=\"article:modified_time\" content=\"2025-08-27T01:27:48+00:00\" \/>\n<meta property=\"og:image\" content=\"https:\/\/vapeenjoy.com\/wp-content\/uploads\/2025\/08\/Brand.png\" \/>\n<meta name=\"twitter:card\" content=\"summary_large_image\" \/>\n<meta name=\"twitter:label1\" content=\"Tempo di lettura stimato\" \/>\n\t<meta name=\"twitter:data1\" content=\"5 minuti\" \/>\n<script type=\"application\/ld+json\" class=\"yoast-schema-graph\">{\"@context\":\"https:\/\/schema.org\",\"@graph\":[{\"@type\":\"WebPage\",\"@id\":\"https:\/\/vapeenjoy.com\/terms-and-conditions\/\",\"url\":\"https:\/\/vapeenjoy.com\/terms-and-conditions\/\",\"name\":\"Vapeenjoy Terms and Conditions - Your Guide to Our Policies\",\"isPartOf\":{\"@id\":\"https:\/\/vapeenjoy.com\/#website\"},\"primaryImageOfPage\":{\"@id\":\"https:\/\/vapeenjoy.com\/terms-and-conditions\/#primaryimage\"},\"image\":{\"@id\":\"https:\/\/vapeenjoy.com\/terms-and-conditions\/#primaryimage\"},\"thumbnailUrl\":\"https:\/\/vapeenjoy.com\/wp-content\/uploads\/2025\/08\/Brand.png\",\"datePublished\":\"2025-08-11T06:51:29+00:00\",\"dateModified\":\"2025-08-27T01:27:48+00:00\",\"description\":\"Review Vapeenjoy Terms and Conditions for our policies, user responsibilities, and legal guidelines to ensure seamless vaping experience.\",\"breadcrumb\":{\"@id\":\"https:\/\/vapeenjoy.com\/terms-and-conditions\/#breadcrumb\"},\"inLanguage\":\"it-IT\",\"potentialAction\":[{\"@type\":\"ReadAction\",\"target\":[\"https:\/\/vapeenjoy.com\/terms-and-conditions\/\"]}]},{\"@type\":\"ImageObject\",\"inLanguage\":\"it-IT\",\"@id\":\"https:\/\/vapeenjoy.com\/terms-and-conditions\/#primaryimage\",\"url\":\"https:\/\/vapeenjoy.com\/wp-content\/uploads\/2025\/08\/Brand.png\",\"contentUrl\":\"https:\/\/vapeenjoy.com\/wp-content\/uploads\/2025\/08\/Brand.png\"},{\"@type\":\"BreadcrumbList\",\"@id\":\"https:\/\/vapeenjoy.com\/terms-and-conditions\/#breadcrumb\",\"itemListElement\":[{\"@type\":\"ListItem\",\"position\":1,\"name\":\"Home\",\"item\":\"https:\/\/vapeenjoy.com\/\"},{\"@type\":\"ListItem\",\"position\":2,\"name\":\"terms and Conditions\"}]},{\"@type\":\"WebSite\",\"@id\":\"https:\/\/vapeenjoy.com\/#website\",\"url\":\"https:\/\/vapeenjoy.com\/\",\"name\":\"vapeenjoy\",\"description\":\"An online store for selling vapes\",\"potentialAction\":[{\"@type\":\"SearchAction\",\"target\":{\"@type\":\"EntryPoint\",\"urlTemplate\":\"https:\/\/vapeenjoy.com\/?s={search_term_string}\"},\"query-input\":{\"@type\":\"PropertyValueSpecification\",\"valueRequired\":true,\"valueName\":\"search_term_string\"}}],\"inLanguage\":\"it-IT\"}]}<\/script>\n<!-- \/ Yoast SEO plugin. -->","yoast_head_json":{"title":"Termini e condizioni di VapeEnjoy - La tua guida alle nostre politiche","description":"Esamina i termini e le condizioni di VapeEnjoy per le nostre politiche, responsabilit\u00e0 degli utenti e linee guida legali per garantire un'esperienza di svapo senza interruzioni.","robots":{"index":"index","follow":"follow","max-snippet":"max-snippet:-1","max-image-preview":"max-image-preview:large","max-video-preview":"max-video-preview:-1"},"canonical":"https:\/\/vapeenjoy.com\/it\/termini-e-condizioni\/","og_locale":"it_IT","og_type":"article","og_title":"Vapeenjoy Terms and Conditions - Your Guide to Our Policies","og_description":"Review Vapeenjoy Terms and Conditions for our policies, user responsibilities, and legal guidelines to ensure seamless vaping experience.","og_url":"https:\/\/vapeenjoy.com\/it\/termini-e-condizioni\/","og_site_name":"vapeenjoy","article_modified_time":"2025-08-27T01:27:48+00:00","og_image":[{"url":"https:\/\/vapeenjoy.com\/wp-content\/uploads\/2025\/08\/Brand.png","type":"","width":"","height":""}],"twitter_card":"summary_large_image","twitter_misc":{"Tempo di lettura stimato":"5 minuti"},"schema":{"@context":"https:\/\/schema.org","@graph":[{"@type":"WebPage","@id":"https:\/\/vapeenjoy.com\/terms-and-conditions\/","url":"https:\/\/vapeenjoy.com\/terms-and-conditions\/","name":"Termini e condizioni di VapeEnjoy - La tua guida alle nostre politiche","isPartOf":{"@id":"https:\/\/vapeenjoy.com\/#website"},"primaryImageOfPage":{"@id":"https:\/\/vapeenjoy.com\/terms-and-conditions\/#primaryimage"},"image":{"@id":"https:\/\/vapeenjoy.com\/terms-and-conditions\/#primaryimage"},"thumbnailUrl":"https:\/\/vapeenjoy.com\/wp-content\/uploads\/2025\/08\/Brand.png","datePublished":"2025-08-11T06:51:29+00:00","dateModified":"2025-08-27T01:27:48+00:00","description":"Esamina i termini e le condizioni di VapeEnjoy per le nostre politiche, responsabilit\u00e0 degli utenti e linee guida legali per garantire un'esperienza di svapo senza interruzioni.","breadcrumb":{"@id":"https:\/\/vapeenjoy.com\/terms-and-conditions\/#breadcrumb"},"inLanguage":"it-IT","potentialAction":[{"@type":"ReadAction","target":["https:\/\/vapeenjoy.com\/terms-and-conditions\/"]}]},{"@type":"ImageObject","inLanguage":"it-IT","@id":"https:\/\/vapeenjoy.com\/terms-and-conditions\/#primaryimage","url":"https:\/\/vapeenjoy.com\/wp-content\/uploads\/2025\/08\/Brand.png","contentUrl":"https:\/\/vapeenjoy.com\/wp-content\/uploads\/2025\/08\/Brand.png"},{"@type":"BreadcrumbList","@id":"https:\/\/vapeenjoy.com\/terms-and-conditions\/#breadcrumb","itemListElement":[{"@type":"ListItem","position":1,"name":"Home","item":"https:\/\/vapeenjoy.com\/"},{"@type":"ListItem","position":2,"name":"terms and Conditions"}]},{"@type":"WebSite","@id":"https:\/\/vapeenjoy.com\/#website","url":"https:\/\/vapeenjoy.com\/","name":"vapejoy","description":"Un negozio online per la vendita di vapori","potentialAction":[{"@type":"SearchAction","target":{"@type":"EntryPoint","urlTemplate":"https:\/\/vapeenjoy.com\/?s={search_term_string}"},"query-input":{"@type":"PropertyValueSpecification","valueRequired":true,"valueName":"search_term_string"}}],"inLanguage":"it-IT"}]}},"_links":{"self":[{"href":"https:\/\/vapeenjoy.com\/it\/wp-json\/wp\/v2\/pages\/1954","targetHints":{"allow":["GET"]}}],"collection":[{"href":"https:\/\/vapeenjoy.com\/it\/wp-json\/wp\/v2\/pages"}],"about":[{"href":"https:\/\/vapeenjoy.com\/it\/wp-json\/wp\/v2\/types\/page"}],"author":[{"embeddable":true,"href":"https:\/\/vapeenjoy.com\/it\/wp-json\/wp\/v2\/users\/1"}],"replies":[{"embeddable":true,"href":"https:\/\/vapeenjoy.com\/it\/wp-json\/wp\/v2\/comments?post=1954"}],"version-history":[{"count":21,"href":"https:\/\/vapeenjoy.com\/it\/wp-json\/wp\/v2\/pages\/1954\/revisions"}],"predecessor-version":[{"id":2628,"href":"https:\/\/vapeenjoy.com\/it\/wp-json\/wp\/v2\/pages\/1954\/revisions\/2628"}],"wp:attachment":[{"href":"https:\/\/vapeenjoy.com\/it\/wp-json\/wp\/v2\/media?parent=1954"}],"curies":[{"name":"WP","href":"https:\/\/api.w.org\/{rel}","templated":true}]}}