{"id":173,"date":"2025-07-18T07:42:36","date_gmt":"2025-07-18T07:42:36","guid":{"rendered":"https:\/\/vapeenjoy.com\/?post_type=product&#038;p=173"},"modified":"2025-09-03T07:05:44","modified_gmt":"2025-09-03T07:05:44","slug":"fumot-tornado-25000-puffs-disposable-vape","status":"publish","type":"product","link":"https:\/\/vapeenjoy.com\/it\/prodotto\/fumot-tornado-25000-soffio-vape-monouso\/","title":{"rendered":"FUMOT TORNADO 25000 Sbuffi Vape monouso 20ml 2-5% Nicotina Tipo-C ricaricabile"},"content":{"rendered":"<h2 dir=\"ltr\" data-pm-slice=\"1 3 []\">FUMOT TORNADO 25000 Sbuffi Vape monouso Descrizione del prodotto<\/h2>\n<p dir=\"ltr\">FUMOT, un nome leader nel settore dello svapo sotto la tecnologia FUMOT, \u00e8 ampiamente riconosciuto per i suoi vapori monouso di alta qualit\u00e0. In particolare, il marchio enfatizza la variet\u00e0 del sapore e le prestazioni di lunga durata. Di conseguenza, il Fumot Tornado 25000 Puffs Monousor Vape emerge come un dispositivo eccezionale, offrendo un conteggio impressionante e un design elegante e intuitivo.<\/p>\n<h2 dir=\"ltr\">Design e richiamo visivo<\/h2>\n<p dir=\"ltr\">Inoltre, la sua forma compatta e cilindrica \u00e8 adornata con vivaci colori sfumati e giocosi opere d'arte aliene. Inoltre, le luci a LED RGB lampeggiano con ogni soffio, migliorando cos\u00ec l'attrattivo visivo dinamico del dispositivo e integrando perfettamente la sua robusta funzionalit\u00e0.<\/p>\n<h2 dir=\"ltr\">Specifiche del prodotto<\/h2>\n<ul class=\"tight\" dir=\"ltr\" data-tight=\"true\">\n<li>\n<p dir=\"ltr\"><strong>conteggio delle sbuffi<\/strong>: fino a 25.000 \u2013 garantisce una durata di svapo prolungata, riducendo cos\u00ec significativamente la necessit\u00e0 di frequenti sostituzioni e promuovendo un godimento prolungato.<\/p>\n<\/li>\n<li>\n<p dir=\"ltr\"><strong>Capacit\u00e0 di e-liquido<\/strong>: 20ml \u2013 preriempita con e-liquid di sale di nicotina, garantendo di conseguenza un'erogazione costante del sapore durante il suo utilizzo.<\/p>\n<\/li>\n<li>\n<p dir=\"ltr\"><strong>Forza della nicotina<\/strong>:\u00a0 2%, 3%, 5% \u2013 offre molteplici opzioni, soddisfacendo cos\u00ec diverse preferenze, che vanno da nicotina a colpi pi\u00f9 forti.<\/p>\n<\/li>\n<li>\n<p dir=\"ltr\"><strong>batteria<\/strong>: 700mAh ricaricabile \u2013 dotato di una batteria ad alta capacit\u00e0, che supporta un uso prolungato e, inoltre, si ricarica comodamente tramite una porta di tipo C.<\/p>\n<\/li>\n<li>\n<p dir=\"ltr\"><strong>Tipo di bobina<\/strong>: Bobina dual-core Dual Mesh \u2013 migliora la produzione di sapore e vapore, offrendo cos\u00ec un gusto ricco e nuvole dense ad ogni soffio.<\/p>\n<\/li>\n<li>\n<p dir=\"ltr\"><strong>aerare<\/strong>: Regolabile \u2013 Consente agli utenti di personalizzare l'intensit\u00e0 del disegno, passando senza soluzione di continuit\u00e0 da uno sbuffo bocca a polmone stretto a un flusso d'aria pi\u00f9 aperto.<\/p>\n<\/li>\n<li>\n<p dir=\"ltr\"><strong>ostentazione<\/strong>: Schermo TFT da 1,77 pollici \u2013 Dispone di uno schermo ad alta definizione, che mostra chiaramente la batteria in tempo reale e i livelli di e-liquid per un monitoraggio senza sforzo.<\/p>\n<\/li>\n<li>\n<p dir=\"ltr\"><strong>attivazione<\/strong>: draw-attivated \u2013 semplifica il funzionamento con un meccanismo attivato dall'inalazione, eliminando cos\u00ec la necessit\u00e0 di pulsanti o impostazioni complesse.<\/p>\n<\/li>\n<li>\n<p dir=\"ltr\"><strong>peso<\/strong>: 130 grammi \u2013 leggero e portatile, rendendolo di conseguenza ideale per l'uso quotidiano.<\/p>\n<\/li>\n<li>\n<p dir=\"ltr\"><strong>onere<\/strong>: Porta Type-C \u2013 Supporta la ricarica rapida, riducendo cos\u00ec al minimo i tempi di inattivit\u00e0 e assicurando che il dispositivo rimanga pronto per l'uso.<\/p>\n<\/li>\n<li>\n<p dir=\"ltr\"><strong>effetto visivo<\/strong>: Luci a LED RGB \u2013 Le luci colorate si illuminano ad ogni soffio, migliorando ulteriormente l'attrattiva estetica del dispositivo.<\/p>\n<\/li>\n<\/ul>\n<h2 dir=\"ltr\">24 opzioni di gusto per ogni palato<\/h2>\n<h3 dir=\"ltr\">Sapori fruttati<\/h3>\n<ol class=\"tight\" dir=\"ltr\" data-tight=\"true\">\n<li>\n<p dir=\"ltr\"><strong>Ghiaccio di ba<\/strong> \u2013 Banana cremosa con un finale fresco e ghiacciato, offrendo uno svapo liscio e rinfrescante.<\/p>\n<\/li>\n<li>\n<p dir=\"ltr\"><strong>Anguria alla fragola<\/strong> \u2013 Fragole dolci mescolate con succose angurie, creando cos\u00ec una raffica rinfrescante e fruttata.<\/p>\n<\/li>\n<li>\n<p dir=\"ltr\"><strong>lampone al mirtillo<\/strong> \u2013 Mirtilli dolci abbinati a lamponi aspri, risultando in una vibrante miscela di frutti di bosco.<\/p>\n<\/li>\n<li>\n<p dir=\"ltr\"><strong>Succoso ghiaccio alla pesca<\/strong> \u2013 Pesca matura con un finale di mentolo rinfrescante, offrendo di conseguenza un colpo dolce e rinfrescante.<\/p>\n<\/li>\n<li>\n<p dir=\"ltr\"><strong>Mango alla fragola<\/strong> \u2013 Fragole dolci combinate con mango tropicale, che si traduce in una miscela succosa ed esotica.<\/p>\n<\/li>\n<li>\n<p dir=\"ltr\"><strong>Anguria di mango di pesca<\/strong> \u2013 Un trio tropicale di pesca, mango e anguria, offrendo cos\u00ec un sapore dolce e multistrato.<\/p>\n<\/li>\n<li>\n<p dir=\"ltr\"><strong>guava al kiwi<\/strong> \u2013 Un trio tropicale di kiwi, frutto della passione e guava, creando cos\u00ec un vaporizzatore esotico e succoso.<\/p>\n<\/li>\n<\/ol>\n<h3 dir=\"ltr\">Sapori di mentolo e raffreddamento<\/h3>\n<ol class=\"tight\" dir=\"ltr\" start=\"8\" data-tight=\"true\">\n<li>\n<p dir=\"ltr\"><strong>Miami Mint<\/strong> \u2013 Menta croccante e tonificante, che offre di conseguenza una sensazione di pulizia e rivitalizzante.<\/p>\n<\/li>\n<li>\n<p dir=\"ltr\"><strong>ghiaccia nera<\/strong> \u2013 Note di mora audace con un agghiacciante mentolo, fornendo cos\u00ec un vaporizzatore rinfrescante.<\/p>\n<\/li>\n<li>\n<p dir=\"ltr\"><strong>Ghiaccio all'anguria<\/strong> \u2013 Succoso anguria con un fresco esale al mentolo, offrendo cos\u00ec uno svapo croccante e idratante.<\/p>\n<\/li>\n<li>\n<p dir=\"ltr\"><strong>Mirtillo sul ghiaccio<\/strong> \u2013 Mirtilli succosi con un finale mentolo gelido, offrendo di conseguenza uno svapo fresco e fruttato.<\/p>\n<\/li>\n<li>\n<p dir=\"ltr\"><strong>ghiaccio alla fragola<\/strong> \u2013 Fragole mature con un'espirazione agghiacciante al mentolo, offrendo cos\u00ec un colpo dolce e fresco.<\/p>\n<\/li>\n<li>\n<p dir=\"ltr\"><strong>ghiaccio lussureggiante<\/strong> \u2013 Anguria dolce con mentolo ghiacciato, fornendo cos\u00ec uno svapo rinfrescante e croccante.<\/p>\n<\/li>\n<li>\n<p dir=\"ltr\"><strong>ghiaccio all'ananas<\/strong> \u2013 Ananas tropicale con una fresca brezza di mentolo, conferendo un sapore piccante e rinfrescante.<\/p>\n<\/li>\n<li>\n<p dir=\"ltr\"><strong>Ghiaccio d'<\/strong> \u2013 Uva dolce con un gelido calcio al mentolo, che di conseguenza offre un audace e rinfrescante vaporizzatore.<\/p>\n<\/li>\n<\/ol>\n<h3 dir=\"ltr\">Caramelle e sapori dolci<\/h3>\n<ol class=\"tight\" dir=\"ltr\" start=\"16\" data-tight=\"true\">\n<li>\n<p dir=\"ltr\"><strong>Ghiaccio gommoso bianco<\/strong> \u2013 Dolce caramelle gommose con un tocco gelido, che ricordano gli orsetti gommosi bianchi.<\/p>\n<\/li>\n<li>\n<p dir=\"ltr\"><strong>limonata rosa<\/strong> \u2013 Limonata dolce con sentori di frutti di bosco, creando uno svapo estivo e piccante.<\/p>\n<\/li>\n<li>\n<p dir=\"ltr\"><strong>Esplosione arcobaleno tropica<\/strong> \u2013 Un vibrante mix di frutti tropicali con dolcezza simile a una caramella, che offre di conseguenza un'esplosione di sapori colorati.<\/p>\n<\/li>\n<li>\n<p dir=\"ltr\"><strong>caramelle alla menta alla fragola<\/strong> \u2013 Fragola dolce con un tocco di caramelle alla menta, fornendo cos\u00ec un sapore giocoso e rinfrescante.<\/p>\n<\/li>\n<\/ol>\n<h3 dir=\"ltr\">Sapori unici e audaci<\/h3>\n<ol class=\"tight\" dir=\"ltr\" start=\"20\" data-tight=\"true\">\n<li>\n<p dir=\"ltr\"><strong>bomba ciliegia<\/strong> \u2013 Ciliegia audace e succosa con un bordo aspro, che offre un ricco vaporizzatore alla frutta.<\/p>\n<\/li>\n<li>\n<p dir=\"ltr\"><strong>limone d'uva<\/strong> \u2013 Limone piccante abbinato all'uva dolce, creando cos\u00ec un mix audace, agrumato-fruttato.<\/p>\n<\/li>\n<li>\n<p dir=\"ltr\"><strong>doppia mela<\/strong> \u2013 Mele verdi e rosse croccanti, con conseguente gusto equilibrato e fresco di frutteto.<\/p>\n<\/li>\n<li>\n<p dir=\"ltr\"><strong>Dottor Blu<\/strong> \u2013 Una misteriosa miscela di frutti blu, che offre un profilo dolce e leggermente aspro.<\/p>\n<\/li>\n<li>\n<p dir=\"ltr\"><strong>ciliegia cola<\/strong> \u2013 Cola dolce e ciliegia, che si traduce in un sapore nostalgico di ispirazione soda.<\/p>\n<\/li>\n<\/ol>\n<h2 dir=\"ltr\">Domande frequenti (FAQ)<\/h2>\n<ol dir=\"ltr\">\n<li>\n<p dir=\"ltr\"><strong>quanto dura il fumot tornado 25000?<\/strong><br \/>\nCon un massimo di 25.000 soffi, in genere dura 2-4 settimane per vapers moderati o 1-2 settimane per gli utenti pi\u00f9 pesanti, a seconda dei modelli di utilizzo.<\/p>\n<\/li>\n<li>\n<p dir=\"ltr\"><strong>Il Fumot Tornado 25000 pu\u00f2 essere ricaricato?<\/strong><br \/>\nS\u00ec, \u00e8 dotato di una porta di tipo C, che consente cos\u00ec agli utenti di ricaricare la batteria da 700 mAh e utilizzare completamente l'e-liquid da 20 ml.<\/p>\n<\/li>\n<li>\n<p dir=\"ltr\"><strong>Il flusso d'aria \u00e8 regolabile?<\/strong><br \/>\nIl flusso d'aria regolabile consente agli utenti di personalizzare il sorteggio, passando senza soluzione di continuit\u00e0 da bocca a polmone stretto a flusso d'aria aperto.<\/p>\n<\/li>\n<li>\n<p dir=\"ltr\"><strong>Ci sono opzioni senza nicotina?<\/strong><br \/>\nIl dispositivo offre punti di forza alla nicotina di 2%, 3% e 5%, soddisfacendo varie preferenze.<\/p>\n<\/li>\n<li>\n<p dir=\"ltr\"><strong>Come faccio a scegliere il gusto giusto?<\/strong><br \/>\nPer le voglie di dolce, le opzioni fruttate come l'anguria alla fragola o la guava al frutto della passione kiwi sono l'ideale. In alternativa, Miami Mint o Black Ice forniscono un rinfrescante mentolo, mentre White Gummy Ice offre un gioco di caramelle giocoso.<\/p>\n<\/li>\n<li>\n<p dir=\"ltr\"><strong>il dispositivo perde?<\/strong><br \/>\nNo, \u00e8 progettato con una camera di e-liquid sigillata, prevenendo di conseguenza perdite per un'esperienza di svapo pulita e affidabile.<\/p>\n<\/li>\n<li>\n<p dir=\"ltr\"><strong>Come funziona lo schermo di visualizzazione?<\/strong><br \/>\nLo schermo TFT da 1,77 pollici mostra chiaramente i livelli di batteria e liquido in tempo reale, semplificando cos\u00ec il monitoraggio dell'utilizzo e la pianificazione della ricarica.<\/p>\n<\/li>\n<\/ol>\n<p><img fetchpriority=\"high\" decoding=\"async\" class=\"alignnone wp-image-178 size-full\" src=\"https:\/\/vapeenjoy.com\/wp-content\/uploads\/2025\/07\/Movkin-Tornado-25000-Disposable-Flavors.webp\" alt=\"FUMOT TORNADO 25000 Sbuffi Vape monouso\" width=\"966\" height=\"449\" srcset=\"https:\/\/vapeenjoy.com\/wp-content\/uploads\/2025\/07\/Movkin-Tornado-25000-Disposable-Flavors.webp 966w, https:\/\/vapeenjoy.com\/wp-content\/uploads\/2025\/07\/Movkin-Tornado-25000-Disposable-Flavors-150x70.webp 150w, https:\/\/vapeenjoy.com\/wp-content\/uploads\/2025\/07\/Movkin-Tornado-25000-Disposable-Flavors-600x279.webp 600w, https:\/\/vapeenjoy.com\/wp-content\/uploads\/2025\/07\/Movkin-Tornado-25000-Disposable-Flavors-300x139.webp 300w, https:\/\/vapeenjoy.com\/wp-content\/uploads\/2025\/07\/Movkin-Tornado-25000-Disposable-Flavors-768x357.webp 768w\" sizes=\"(max-width: 966px) 100vw, 966px\" \/><\/p>\n<p>&nbsp;<\/p>","protected":false},"excerpt":{"rendered":"<p>Randm di Fumot Tech presenta la Vape monouso Tornado 25000 Puffs, con 25.000 sbuffi, e-liquid da 20 ml, una batteria da 700 mAh, bobina a doppia maglia, flusso d'aria regolabile e uno schermo TFT da 1,77 pollici per un vapori vibrante e saporito.<\/p>","protected":false},"featured_media":176,"comment_status":"open","ping_status":"closed","template":"","meta":[],"product_brand":[29],"product_cat":[30],"product_tag":[64,81],"class_list":{"0":"post-173","1":"product","2":"type-product","3":"status-publish","4":"has-post-thumbnail","6":"product_brand-fumot-vape","7":"product_cat-25k-puffs-vape","8":"product_tag-0-5-nicotine","9":"product_tag-20ml","11":"first","12":"instock","13":"sale","14":"shipping-taxable","15":"purchasable","16":"product-type-variable"},"yoast_head":"<!-- This site is optimized with the Yoast SEO plugin v25.7 - https:\/\/yoast.com\/wordpress\/plugins\/seo\/ -->\n<title>Fumot Tornado 25000 Puffs Disposable Vape 20ml 2%-5% Nicotine<\/title>\n<meta name=\"description\" content=\"Fumot Tornado 25000 Puffs Disposable Vape: 20ml e-liquid, 2%-5% nicotine, Type-C rechargeable. Enjoy lasting flavor and touchscreen control. Order now!\" \/>\n<meta name=\"robots\" content=\"index, follow, max-snippet:-1, max-image-preview:large, max-video-preview:-1\" \/>\n<link rel=\"canonical\" href=\"https:\/\/vapeenjoy.com\/it\/prodotto\/fumot-tornado-25000-soffio-vape-monouso\/\" \/>\n<meta property=\"og:locale\" content=\"it_IT\" \/>\n<meta property=\"og:type\" content=\"article\" \/>\n<meta property=\"og:title\" content=\"Fumot Tornado 25000 Puffs Disposable Vape 20ml 2%-5% Nicotine\" \/>\n<meta property=\"og:description\" content=\"Fumot Tornado 25000 Puffs Disposable Vape: 20ml e-liquid, 2%-5% nicotine, Type-C rechargeable. Enjoy lasting flavor and touchscreen control. Order now!\" \/>\n<meta property=\"og:url\" content=\"https:\/\/vapeenjoy.com\/it\/prodotto\/fumot-tornado-25000-soffio-vape-monouso\/\" \/>\n<meta property=\"og:site_name\" content=\"vapeenjoy\" \/>\n<meta property=\"article:modified_time\" content=\"2025-09-03T07:05:44+00:00\" \/>\n<meta property=\"og:image\" content=\"https:\/\/vapeenjoy.com\/wp-content\/uploads\/2025\/07\/Fumot-Tornado-25000.png\" \/>\n\t<meta property=\"og:image:width\" content=\"949\" \/>\n\t<meta property=\"og:image:height\" content=\"614\" \/>\n\t<meta property=\"og:image:type\" content=\"image\/png\" \/>\n<meta name=\"twitter:card\" content=\"summary_large_image\" \/>\n<meta name=\"twitter:label1\" content=\"Tempo di lettura stimato\" \/>\n\t<meta name=\"twitter:data1\" content=\"5 minuti\" \/>\n<script type=\"application\/ld+json\" class=\"yoast-schema-graph\">{\"@context\":\"https:\/\/schema.org\",\"@graph\":[{\"@type\":\"WebPage\",\"@id\":\"https:\/\/vapeenjoy.com\/product\/fumot-tornado-25000-puffs-disposable-vape\/\",\"url\":\"https:\/\/vapeenjoy.com\/product\/fumot-tornado-25000-puffs-disposable-vape\/\",\"name\":\"Fumot Tornado 25000 Puffs Disposable Vape 20ml 2%-5% Nicotine\",\"isPartOf\":{\"@id\":\"https:\/\/vapeenjoy.com\/#website\"},\"primaryImageOfPage\":{\"@id\":\"https:\/\/vapeenjoy.com\/product\/fumot-tornado-25000-puffs-disposable-vape\/#primaryimage\"},\"image\":{\"@id\":\"https:\/\/vapeenjoy.com\/product\/fumot-tornado-25000-puffs-disposable-vape\/#primaryimage\"},\"thumbnailUrl\":\"https:\/\/vapeenjoy.com\/wp-content\/uploads\/2025\/07\/Fumot-Tornado-25000.png\",\"datePublished\":\"2025-07-18T07:42:36+00:00\",\"dateModified\":\"2025-09-03T07:05:44+00:00\",\"description\":\"Fumot Tornado 25000 Puffs Disposable Vape: 20ml e-liquid, 2%-5% nicotine, Type-C rechargeable. Enjoy lasting flavor and touchscreen control. Order now!\",\"breadcrumb\":{\"@id\":\"https:\/\/vapeenjoy.com\/product\/fumot-tornado-25000-puffs-disposable-vape\/#breadcrumb\"},\"inLanguage\":\"it-IT\",\"potentialAction\":[{\"@type\":\"ReadAction\",\"target\":[\"https:\/\/vapeenjoy.com\/product\/fumot-tornado-25000-puffs-disposable-vape\/\"]}]},{\"@type\":\"ImageObject\",\"inLanguage\":\"it-IT\",\"@id\":\"https:\/\/vapeenjoy.com\/product\/fumot-tornado-25000-puffs-disposable-vape\/#primaryimage\",\"url\":\"https:\/\/vapeenjoy.com\/wp-content\/uploads\/2025\/07\/Fumot-Tornado-25000.png\",\"contentUrl\":\"https:\/\/vapeenjoy.com\/wp-content\/uploads\/2025\/07\/Fumot-Tornado-25000.png\",\"width\":949,\"height\":614},{\"@type\":\"BreadcrumbList\",\"@id\":\"https:\/\/vapeenjoy.com\/product\/fumot-tornado-25000-puffs-disposable-vape\/#breadcrumb\",\"itemListElement\":[{\"@type\":\"ListItem\",\"position\":1,\"name\":\"Home\",\"item\":\"https:\/\/vapeenjoy.com\/\"},{\"@type\":\"ListItem\",\"position\":2,\"name\":\"Shop\",\"item\":\"https:\/\/vapeenjoy.com\/vapeenjoy-shop\/\"},{\"@type\":\"ListItem\",\"position\":3,\"name\":\"Fumot Tornado 25000 Puffs Disposable Vape 20ml 2-5% Nicotine Type-C Rechargeable\"}]},{\"@type\":\"WebSite\",\"@id\":\"https:\/\/vapeenjoy.com\/#website\",\"url\":\"https:\/\/vapeenjoy.com\/\",\"name\":\"vapeenjoy\",\"description\":\"An online store for selling vapes\",\"potentialAction\":[{\"@type\":\"SearchAction\",\"target\":{\"@type\":\"EntryPoint\",\"urlTemplate\":\"https:\/\/vapeenjoy.com\/?s={search_term_string}\"},\"query-input\":{\"@type\":\"PropertyValueSpecification\",\"valueRequired\":true,\"valueName\":\"search_term_string\"}}],\"inLanguage\":\"it-IT\"}]}<\/script>\n<!-- \/ Yoast SEO plugin. -->","yoast_head_json":{"title":"Fumot Tornado 25000 Puffs Vape monouso 20ml 2%-5% Nicotina","description":"Fumot Tornado 25000 Puffs Vape monouso: 20 ml E-liquid, 2%-5% Nicotina, ricaricabile di tipo C. Goditi un sapore e un controllo touchscreen duraturi. Ordina ora!","robots":{"index":"index","follow":"follow","max-snippet":"max-snippet:-1","max-image-preview":"max-image-preview:large","max-video-preview":"max-video-preview:-1"},"canonical":"https:\/\/vapeenjoy.com\/it\/prodotto\/fumot-tornado-25000-soffio-vape-monouso\/","og_locale":"it_IT","og_type":"article","og_title":"Fumot Tornado 25000 Puffs Disposable Vape 20ml 2%-5% Nicotine","og_description":"Fumot Tornado 25000 Puffs Disposable Vape: 20ml e-liquid, 2%-5% nicotine, Type-C rechargeable. Enjoy lasting flavor and touchscreen control. Order now!","og_url":"https:\/\/vapeenjoy.com\/it\/prodotto\/fumot-tornado-25000-soffio-vape-monouso\/","og_site_name":"vapeenjoy","article_modified_time":"2025-09-03T07:05:44+00:00","og_image":[{"width":949,"height":614,"url":"https:\/\/vapeenjoy.com\/wp-content\/uploads\/2025\/07\/Fumot-Tornado-25000.png","type":"image\/png"}],"twitter_card":"summary_large_image","twitter_misc":{"Tempo di lettura stimato":"5 minuti"},"schema":{"@context":"https:\/\/schema.org","@graph":[{"@type":"WebPage","@id":"https:\/\/vapeenjoy.com\/product\/fumot-tornado-25000-puffs-disposable-vape\/","url":"https:\/\/vapeenjoy.com\/product\/fumot-tornado-25000-puffs-disposable-vape\/","name":"Fumot Tornado 25000 Puffs Vape monouso 20ml 2%-5% Nicotina","isPartOf":{"@id":"https:\/\/vapeenjoy.com\/#website"},"primaryImageOfPage":{"@id":"https:\/\/vapeenjoy.com\/product\/fumot-tornado-25000-puffs-disposable-vape\/#primaryimage"},"image":{"@id":"https:\/\/vapeenjoy.com\/product\/fumot-tornado-25000-puffs-disposable-vape\/#primaryimage"},"thumbnailUrl":"https:\/\/vapeenjoy.com\/wp-content\/uploads\/2025\/07\/Fumot-Tornado-25000.png","datePublished":"2025-07-18T07:42:36+00:00","dateModified":"2025-09-03T07:05:44+00:00","description":"Fumot Tornado 25000 Puffs Vape monouso: 20 ml E-liquid, 2%-5% Nicotina, ricaricabile di tipo C. Goditi un sapore e un controllo touchscreen duraturi. Ordina ora!","breadcrumb":{"@id":"https:\/\/vapeenjoy.com\/product\/fumot-tornado-25000-puffs-disposable-vape\/#breadcrumb"},"inLanguage":"it-IT","potentialAction":[{"@type":"ReadAction","target":["https:\/\/vapeenjoy.com\/product\/fumot-tornado-25000-puffs-disposable-vape\/"]}]},{"@type":"ImageObject","inLanguage":"it-IT","@id":"https:\/\/vapeenjoy.com\/product\/fumot-tornado-25000-puffs-disposable-vape\/#primaryimage","url":"https:\/\/vapeenjoy.com\/wp-content\/uploads\/2025\/07\/Fumot-Tornado-25000.png","contentUrl":"https:\/\/vapeenjoy.com\/wp-content\/uploads\/2025\/07\/Fumot-Tornado-25000.png","width":949,"height":614},{"@type":"BreadcrumbList","@id":"https:\/\/vapeenjoy.com\/product\/fumot-tornado-25000-puffs-disposable-vape\/#breadcrumb","itemListElement":[{"@type":"ListItem","position":1,"name":"Home","item":"https:\/\/vapeenjoy.com\/"},{"@type":"ListItem","position":2,"name":"Shop","item":"https:\/\/vapeenjoy.com\/vapeenjoy-shop\/"},{"@type":"ListItem","position":3,"name":"Fumot Tornado 25000 Puffs Disposable Vape 20ml 2-5% Nicotine Type-C Rechargeable"}]},{"@type":"WebSite","@id":"https:\/\/vapeenjoy.com\/#website","url":"https:\/\/vapeenjoy.com\/","name":"vapejoy","description":"Un negozio online per la vendita di vapori","potentialAction":[{"@type":"SearchAction","target":{"@type":"EntryPoint","urlTemplate":"https:\/\/vapeenjoy.com\/?s={search_term_string}"},"query-input":{"@type":"PropertyValueSpecification","valueRequired":true,"valueName":"search_term_string"}}],"inLanguage":"it-IT"}]}},"_links":{"self":[{"href":"https:\/\/vapeenjoy.com\/it\/wp-json\/wp\/v2\/product\/173","targetHints":{"allow":["GET"]}}],"collection":[{"href":"https:\/\/vapeenjoy.com\/it\/wp-json\/wp\/v2\/product"}],"about":[{"href":"https:\/\/vapeenjoy.com\/it\/wp-json\/wp\/v2\/types\/product"}],"replies":[{"embeddable":true,"href":"https:\/\/vapeenjoy.com\/it\/wp-json\/wp\/v2\/comments?post=173"}],"version-history":[{"count":4,"href":"https:\/\/vapeenjoy.com\/it\/wp-json\/wp\/v2\/product\/173\/revisions"}],"predecessor-version":[{"id":2674,"href":"https:\/\/vapeenjoy.com\/it\/wp-json\/wp\/v2\/product\/173\/revisions\/2674"}],"wp:featuredmedia":[{"embeddable":true,"href":"https:\/\/vapeenjoy.com\/it\/wp-json\/wp\/v2\/media\/176"}],"wp:attachment":[{"href":"https:\/\/vapeenjoy.com\/it\/wp-json\/wp\/v2\/media?parent=173"}],"wp:term":[{"taxonomy":"product_brand","embeddable":true,"href":"https:\/\/vapeenjoy.com\/it\/wp-json\/wp\/v2\/product_brand?post=173"},{"taxonomy":"product_cat","embeddable":true,"href":"https:\/\/vapeenjoy.com\/it\/wp-json\/wp\/v2\/product_cat?post=173"},{"taxonomy":"product_tag","embeddable":true,"href":"https:\/\/vapeenjoy.com\/it\/wp-json\/wp\/v2\/product_tag?post=173"}],"curies":[{"name":"WP","href":"https:\/\/api.w.org\/{rel}","templated":true}]}}