{"id":185,"date":"2025-07-18T09:27:37","date_gmt":"2025-07-18T09:27:37","guid":{"rendered":"https:\/\/vapeenjoy.com\/?post_type=product&#038;p=185"},"modified":"2025-08-19T08:03:47","modified_gmt":"2025-08-19T08:03:47","slug":"fumot-randm-tornado-30000-puffs-music-disposable-vape","status":"publish","type":"product","link":"https:\/\/vapeenjoy.com\/it\/prodotto\/fumot-randm-tornado-30000-puffs-musica-monouso-vape\/","title":{"rendered":"Fumot Randm Tornado 30000 Puffs Musica Vape monouso 30ml 0-5% Nicotina"},"content":{"rendered":"<h2 dir=\"ltr\" data-pm-slice=\"1 1 []\">Fumot Randm Tornado 30000 Puffs Musica monouso Vape Descrizione<\/h2>\n<p dir=\"ltr\">Il Fumot Randm Tornado 30000 Puffs Music Vape usa e getta \u00e8 un dispositivo rivoluzionario che combina perfettamente una capacit\u00e0 di sbuffo eccezionale con un'innovativa funzione responsive alla musica. In particolare, questo svapo elegante e portatile \u00e8 progettato per elevare la tua esperienza di svapo con vibranti luci RGB che pulsano dinamicamente in sincronia con suoni o musica ambientale. Di conseguenza, non solo offre nuvole ricche e saporite, ma aggiunge anche un elemento visivamente accattivante a ogni tiro. Inoltre, il suo design ergonomico assicura una maneggevolezza confortevole, rendendolo ideale per i vapers che apprezzano sia lo stile che la funzionalit\u00e0.<\/p>\n<h2 dir=\"ltr\">Specifiche del prodotto<\/h2>\n<p dir=\"ltr\">Ecco le caratteristiche chiave che fanno risaltare il FUMOT RANDM Tornado 30000:<\/p>\n<ul class=\"tight\" dir=\"ltr\" data-tight=\"true\">\n<li>\n<p dir=\"ltr\"><strong>capienza<\/strong>: offre ben 30.000 soffi, garantendo un uso duraturo senza la necessit\u00e0 di frequenti sostituti. Di conseguenza, \u00e8 perfetto sia per i vapori casuali che pesanti.<\/p>\n<\/li>\n<li>\n<p dir=\"ltr\"><strong>e-liquido<\/strong>: pre-riempito con 20 ml di liquido di sale di nicotina premium, che offre un sapore costante e colpi di gola liscia per tutta la sua durata.<\/p>\n<\/li>\n<li>\n<p dir=\"ltr\"><strong>Forza della nicotina<\/strong>: Disponibile nei livelli di nicotina 0%, 2%, 3% o 5%, soddisfacendo un'ampia gamma di preferenze, da nicotina-senza a un colpo pi\u00f9 forte.<\/p>\n<\/li>\n<li>\n<p dir=\"ltr\"><strong>batteria<\/strong>: Dotato di una batteria ricaricabile da 600 mAh, che supporta la ricarica rapida tramite una porta di tipo C per tempi di fermo minimi.<\/p>\n<\/li>\n<li>\n<p dir=\"ltr\"><strong>avvolgere a<\/strong>: utilizza una bobina a maglia da 1,0\u03a9, offrendo una migliore produzione di vapore e un sapore ricco e coerente ad ogni estrazione.<\/p>\n<\/li>\n<li>\n<p dir=\"ltr\"><strong>Luci a LED<\/strong>: presenta luci RGB reattive alla musica che cambiano di ritmo con i suoni circostanti, creando un'esperienza coinvolgente e coinvolgente.<\/p>\n<\/li>\n<li>\n<p dir=\"ltr\"><strong>attivazione<\/strong>: Il meccanismo attivato dal disegno assicura un funzionamento semplice e senza pulsanti, rendendolo facile da usare sia per i principianti che per i vapers stagionati.<\/p>\n<\/li>\n<li>\n<p dir=\"ltr\"><strong>Indicatore liquido elettronico<\/strong>: Include una finestra trasparente per monitorare facilmente i livelli rimanenti di e-liquid, in modo da non essere mai colto alla sprovvista.<\/p>\n<\/li>\n<\/ul>\n<h2 dir=\"ltr\">Opzioni di sapore<\/h2>\n<p dir=\"ltr\">Il Fumot Tornado offre una vasta selezione di 30 sapori vivaci per soddisfare ogni preferenza di gusto. Ad esempio:<\/p>\n<ul class=\"tight\" dir=\"ltr\" data-tight=\"true\">\n<li>\n<p dir=\"ltr\"><strong>Ghiaccio di ba<\/strong>: una base cremosa di banana con una finitura rinfrescante al mentolo per uno svapo liscio e fresco.<\/p>\n<\/li>\n<li>\n<p dir=\"ltr\"><strong>ghiaccio blu razz<\/strong>: Combina il lampone blu aspro con un agghiacciante calcio al mentolo, perfetto per un'esperienza frizzante.<\/p>\n<\/li>\n<li>\n<p dir=\"ltr\"><strong>ciliegia cola<\/strong>: Mescola la classica cola con note di ciliegia dolce e matura per un sapore nostalgico e frizzante.<\/p>\n<\/li>\n<li>\n<p dir=\"ltr\"><strong>guava al kiwi<\/strong>: un trio tropicale che offre un'esplosione di kiwi, frutto della passione e guava per il sistema A\u1791: un gusto dolce ed esotico.<\/p>\n<\/li>\n<li>\n<p dir=\"ltr\"><strong>birilli<\/strong>: Una colorata esplosione di aromi di caramelle arcobaleno, ideale per uno svapo dolce e divertente. Inoltre, sapori come fragola ghiaccio, triplo mango, ghiaccio alla pesca e vimto offrono diverse opzioni, da fruttato a rinfrescante a profili di ispirazione caramella. Infatti, con 30 scelte, c'\u00e8 un sapore per ogni stato d'animo e preferenza.<\/p>\n<\/li>\n<\/ul>\n<h2 dir=\"ltr\">Domande frequenti<\/h2>\n<h3 dir=\"ltr\">Come si attivano le luci a LED responsive alla musica?<\/h3>\n<p dir=\"ltr\">Basta fare tre sbuffi consecutivi per attivare la modalit\u00e0 musica. Di conseguenza, le luci RGB inizieranno a sincronizzarsi con suoni o musica ambientale.<\/p>\n<h3 dir=\"ltr\">Quanto dura il fumot randm Tornado 30000?<\/h3>\n<p dir=\"ltr\">Con un massimo di 30.000 soffi, il dispositivo dura in genere 1-4 settimane, a seconda della frequenza di utilizzo. Pertanto, \u00e8 una scelta affidabile per sessioni di svapo prolungate.<\/p>\n<h3 dir=\"ltr\">Posso ricaricare il dispositivo?<\/h3>\n<p dir=\"ltr\">S\u00ec, infatti, la batteria da 600 mAh pu\u00f2 essere ricaricata tramite la porta di tipo C, consentendo di utilizzare completamente la capacit\u00e0 del liquido da 20 ml.<\/p>\n<h3 dir=\"ltr\">Come faccio a scegliere il gusto giusto?<\/h3>\n<p dir=\"ltr\">Considera le tue preferenze di gusto. Ad esempio, prova sapori tropicali come la guava del frutto della passione del kiwi per una miscela di frutta vibrante, menta fresca per un successo rinfrescante o birilli per un'esperienza dolce e simile a una caramella. Inoltre, esplorare l'elenco completo dei sapori pu\u00f2 aiutarti a trovare la tua corrispondenza perfetta.<\/p>\n<h3 dir=\"ltr\">\u00c8 adatto per lo svapo bocca-polmone (MTL)?<\/h3>\n<p dir=\"ltr\">Assolutamente, la bobina a rete da 1,0\u03a9 e il design attivato dal disegno forniscono un'esperienza di MTL fluida, imitando da vicino la sensazione di una sigaretta tradizionale.<\/p>\n<h3 dir=\"ltr\">Ci sono opzioni senza nicotina?<\/h3>\n<p dir=\"ltr\">S\u00ec, il dispositivo offre un'opzione nicotina 0% insieme a 2%, 3% e 5%. Pertanto, ospita vaper sia prive di nicotina che che preferiscono vapers.<\/p>\n<h3 dir=\"ltr\">Come faccio a sapere quando ricaricare o sostituire il dispositivo?<\/h3>\n<p dir=\"ltr\">Monitorare il livello del liquido attraverso la finestra trasparente. Inoltre, ricaricare la batteria quando si nota una ridotta emissione di vapore per garantire prestazioni ottimali.<\/p>\n<p><img fetchpriority=\"high\" decoding=\"async\" class=\"alignnone wp-image-194 size-full\" src=\"https:\/\/vapeenjoy.com\/wp-content\/uploads\/2025\/07\/RandM-Fumot-Tornadp-1.webp\" alt=\"Fumot Randm Tornado 30000 Puffs Musica Vape Monouso\" width=\"600\" height=\"388\" srcset=\"https:\/\/vapeenjoy.com\/wp-content\/uploads\/2025\/07\/RandM-Fumot-Tornadp-1.webp 600w, https:\/\/vapeenjoy.com\/wp-content\/uploads\/2025\/07\/RandM-Fumot-Tornadp-1-150x97.webp 150w, https:\/\/vapeenjoy.com\/wp-content\/uploads\/2025\/07\/RandM-Fumot-Tornadp-1-300x194.webp 300w\" sizes=\"(max-width: 600px) 100vw, 600px\" \/><\/p>","protected":false},"excerpt":{"rendered":"<p>Randm Fumot Tornado 30000 Puffs Music Vape usa e getta offre 30.000 sfoghi, 20 ml di liquido e una batteria ricaricabile da 600 mAh. Dispone di una bobina mesh da 1,0\u03a9, ricarica di tipo C e luci RGB sensibili alla musica per sapori e immagini vivaci<\/p>","protected":false},"featured_media":186,"comment_status":"open","ping_status":"closed","template":"","meta":[],"product_brand":[29],"product_cat":[31],"product_tag":[64,70],"class_list":{"0":"post-185","1":"product","2":"type-product","3":"status-publish","4":"has-post-thumbnail","6":"product_brand-fumot-vape","7":"product_cat-30000-puffs-vape","8":"product_tag-0-5-nicotine","9":"product_tag-30ml","11":"first","12":"instock","13":"sale","14":"shipping-taxable","15":"purchasable","16":"product-type-variable"},"yoast_head":"<!-- This site is optimized with the Yoast SEO plugin v25.7 - https:\/\/yoast.com\/wordpress\/plugins\/seo\/ -->\n<title>Fumot Randm Tornado 30000 Puffs Music Disposable Vape 30ml<\/title>\n<meta name=\"description\" content=\"Fumot RandM Tornado 30000 Puffs Disposable Vape: 30ml e-liquid, 0-5% nicotine, music-synced LED, 600mAh battery. Shop 30 flavors now!\" \/>\n<meta name=\"robots\" content=\"index, follow, max-snippet:-1, max-image-preview:large, max-video-preview:-1\" \/>\n<link rel=\"canonical\" href=\"https:\/\/vapeenjoy.com\/it\/prodotto\/fumot-randm-tornado-30000-puffs-musica-monouso-vape\/\" \/>\n<meta property=\"og:locale\" content=\"it_IT\" \/>\n<meta property=\"og:type\" content=\"article\" \/>\n<meta property=\"og:title\" content=\"Fumot Randm Tornado 30000 Puffs Music Disposable Vape 30ml\" \/>\n<meta property=\"og:description\" content=\"Fumot RandM Tornado 30000 Puffs Disposable Vape: 30ml e-liquid, 0-5% nicotine, music-synced LED, 600mAh battery. Shop 30 flavors now!\" \/>\n<meta property=\"og:url\" content=\"https:\/\/vapeenjoy.com\/it\/prodotto\/fumot-randm-tornado-30000-puffs-musica-monouso-vape\/\" \/>\n<meta property=\"og:site_name\" content=\"vapeenjoy\" \/>\n<meta property=\"article:modified_time\" content=\"2025-08-19T08:03:47+00:00\" \/>\n<meta property=\"og:image\" content=\"https:\/\/vapeenjoy.com\/wp-content\/uploads\/2025\/07\/RandM_Tornado_30000_Vapes.webp\" \/>\n\t<meta property=\"og:image:width\" content=\"1920\" \/>\n\t<meta property=\"og:image:height\" content=\"1851\" \/>\n\t<meta property=\"og:image:type\" content=\"image\/webp\" \/>\n<meta name=\"twitter:card\" content=\"summary_large_image\" \/>\n<meta name=\"twitter:label1\" content=\"Tempo di lettura stimato\" \/>\n\t<meta name=\"twitter:data1\" content=\"4 minuti\" \/>\n<script type=\"application\/ld+json\" class=\"yoast-schema-graph\">{\"@context\":\"https:\/\/schema.org\",\"@graph\":[{\"@type\":\"WebPage\",\"@id\":\"https:\/\/vapeenjoy.com\/product\/fumot-randm-tornado-30000-puffs-music-disposable-vape\/\",\"url\":\"https:\/\/vapeenjoy.com\/product\/fumot-randm-tornado-30000-puffs-music-disposable-vape\/\",\"name\":\"Fumot Randm Tornado 30000 Puffs Music Disposable Vape 30ml\",\"isPartOf\":{\"@id\":\"https:\/\/vapeenjoy.com\/#website\"},\"primaryImageOfPage\":{\"@id\":\"https:\/\/vapeenjoy.com\/product\/fumot-randm-tornado-30000-puffs-music-disposable-vape\/#primaryimage\"},\"image\":{\"@id\":\"https:\/\/vapeenjoy.com\/product\/fumot-randm-tornado-30000-puffs-music-disposable-vape\/#primaryimage\"},\"thumbnailUrl\":\"https:\/\/vapeenjoy.com\/wp-content\/uploads\/2025\/07\/RandM_Tornado_30000_Vapes.webp\",\"datePublished\":\"2025-07-18T09:27:37+00:00\",\"dateModified\":\"2025-08-19T08:03:47+00:00\",\"description\":\"Fumot RandM Tornado 30000 Puffs Disposable Vape: 30ml e-liquid, 0-5% nicotine, music-synced LED, 600mAh battery. Shop 30 flavors now!\",\"breadcrumb\":{\"@id\":\"https:\/\/vapeenjoy.com\/product\/fumot-randm-tornado-30000-puffs-music-disposable-vape\/#breadcrumb\"},\"inLanguage\":\"it-IT\",\"potentialAction\":[{\"@type\":\"ReadAction\",\"target\":[\"https:\/\/vapeenjoy.com\/product\/fumot-randm-tornado-30000-puffs-music-disposable-vape\/\"]}]},{\"@type\":\"ImageObject\",\"inLanguage\":\"it-IT\",\"@id\":\"https:\/\/vapeenjoy.com\/product\/fumot-randm-tornado-30000-puffs-music-disposable-vape\/#primaryimage\",\"url\":\"https:\/\/vapeenjoy.com\/wp-content\/uploads\/2025\/07\/RandM_Tornado_30000_Vapes.webp\",\"contentUrl\":\"https:\/\/vapeenjoy.com\/wp-content\/uploads\/2025\/07\/RandM_Tornado_30000_Vapes.webp\",\"width\":1920,\"height\":1851},{\"@type\":\"BreadcrumbList\",\"@id\":\"https:\/\/vapeenjoy.com\/product\/fumot-randm-tornado-30000-puffs-music-disposable-vape\/#breadcrumb\",\"itemListElement\":[{\"@type\":\"ListItem\",\"position\":1,\"name\":\"Home\",\"item\":\"https:\/\/vapeenjoy.com\/\"},{\"@type\":\"ListItem\",\"position\":2,\"name\":\"Shop\",\"item\":\"https:\/\/vapeenjoy.com\/vapeenjoy-shop\/\"},{\"@type\":\"ListItem\",\"position\":3,\"name\":\"Fumot Randm Tornado 30000 Puffs Music Disposable Vape 30ml 0-5% Nicotine\"}]},{\"@type\":\"WebSite\",\"@id\":\"https:\/\/vapeenjoy.com\/#website\",\"url\":\"https:\/\/vapeenjoy.com\/\",\"name\":\"vapeenjoy\",\"description\":\"An online store for selling vapes\",\"potentialAction\":[{\"@type\":\"SearchAction\",\"target\":{\"@type\":\"EntryPoint\",\"urlTemplate\":\"https:\/\/vapeenjoy.com\/?s={search_term_string}\"},\"query-input\":{\"@type\":\"PropertyValueSpecification\",\"valueRequired\":true,\"valueName\":\"search_term_string\"}}],\"inLanguage\":\"it-IT\"}]}<\/script>\n<!-- \/ Yoast SEO plugin. -->","yoast_head_json":{"title":"Fumot Randm Tornado 30000 Puffs Musica Vape monouso 30ml","description":"Fumot Randm Tornado 30000 Puffs Vape monouso: 30 ml di liquido, 0-5% Nicotina, LED sincronizzato con musica, batteria da 600 mAh. Acquista ora 30 gusti!","robots":{"index":"index","follow":"follow","max-snippet":"max-snippet:-1","max-image-preview":"max-image-preview:large","max-video-preview":"max-video-preview:-1"},"canonical":"https:\/\/vapeenjoy.com\/it\/prodotto\/fumot-randm-tornado-30000-puffs-musica-monouso-vape\/","og_locale":"it_IT","og_type":"article","og_title":"Fumot Randm Tornado 30000 Puffs Music Disposable Vape 30ml","og_description":"Fumot RandM Tornado 30000 Puffs Disposable Vape: 30ml e-liquid, 0-5% nicotine, music-synced LED, 600mAh battery. Shop 30 flavors now!","og_url":"https:\/\/vapeenjoy.com\/it\/prodotto\/fumot-randm-tornado-30000-puffs-musica-monouso-vape\/","og_site_name":"vapeenjoy","article_modified_time":"2025-08-19T08:03:47+00:00","og_image":[{"width":1920,"height":1851,"url":"https:\/\/vapeenjoy.com\/wp-content\/uploads\/2025\/07\/RandM_Tornado_30000_Vapes.webp","type":"image\/webp"}],"twitter_card":"summary_large_image","twitter_misc":{"Tempo di lettura stimato":"4 minuti"},"schema":{"@context":"https:\/\/schema.org","@graph":[{"@type":"WebPage","@id":"https:\/\/vapeenjoy.com\/product\/fumot-randm-tornado-30000-puffs-music-disposable-vape\/","url":"https:\/\/vapeenjoy.com\/product\/fumot-randm-tornado-30000-puffs-music-disposable-vape\/","name":"Fumot Randm Tornado 30000 Puffs Musica Vape monouso 30ml","isPartOf":{"@id":"https:\/\/vapeenjoy.com\/#website"},"primaryImageOfPage":{"@id":"https:\/\/vapeenjoy.com\/product\/fumot-randm-tornado-30000-puffs-music-disposable-vape\/#primaryimage"},"image":{"@id":"https:\/\/vapeenjoy.com\/product\/fumot-randm-tornado-30000-puffs-music-disposable-vape\/#primaryimage"},"thumbnailUrl":"https:\/\/vapeenjoy.com\/wp-content\/uploads\/2025\/07\/RandM_Tornado_30000_Vapes.webp","datePublished":"2025-07-18T09:27:37+00:00","dateModified":"2025-08-19T08:03:47+00:00","description":"Fumot Randm Tornado 30000 Puffs Vape monouso: 30 ml di liquido, 0-5% Nicotina, LED sincronizzato con musica, batteria da 600 mAh. Acquista ora 30 gusti!","breadcrumb":{"@id":"https:\/\/vapeenjoy.com\/product\/fumot-randm-tornado-30000-puffs-music-disposable-vape\/#breadcrumb"},"inLanguage":"it-IT","potentialAction":[{"@type":"ReadAction","target":["https:\/\/vapeenjoy.com\/product\/fumot-randm-tornado-30000-puffs-music-disposable-vape\/"]}]},{"@type":"ImageObject","inLanguage":"it-IT","@id":"https:\/\/vapeenjoy.com\/product\/fumot-randm-tornado-30000-puffs-music-disposable-vape\/#primaryimage","url":"https:\/\/vapeenjoy.com\/wp-content\/uploads\/2025\/07\/RandM_Tornado_30000_Vapes.webp","contentUrl":"https:\/\/vapeenjoy.com\/wp-content\/uploads\/2025\/07\/RandM_Tornado_30000_Vapes.webp","width":1920,"height":1851},{"@type":"BreadcrumbList","@id":"https:\/\/vapeenjoy.com\/product\/fumot-randm-tornado-30000-puffs-music-disposable-vape\/#breadcrumb","itemListElement":[{"@type":"ListItem","position":1,"name":"Home","item":"https:\/\/vapeenjoy.com\/"},{"@type":"ListItem","position":2,"name":"Shop","item":"https:\/\/vapeenjoy.com\/vapeenjoy-shop\/"},{"@type":"ListItem","position":3,"name":"Fumot Randm Tornado 30000 Puffs Music Disposable Vape 30ml 0-5% Nicotine"}]},{"@type":"WebSite","@id":"https:\/\/vapeenjoy.com\/#website","url":"https:\/\/vapeenjoy.com\/","name":"vapejoy","description":"Un negozio online per la vendita di vapori","potentialAction":[{"@type":"SearchAction","target":{"@type":"EntryPoint","urlTemplate":"https:\/\/vapeenjoy.com\/?s={search_term_string}"},"query-input":{"@type":"PropertyValueSpecification","valueRequired":true,"valueName":"search_term_string"}}],"inLanguage":"it-IT"}]}},"_links":{"self":[{"href":"https:\/\/vapeenjoy.com\/it\/wp-json\/wp\/v2\/product\/185","targetHints":{"allow":["GET"]}}],"collection":[{"href":"https:\/\/vapeenjoy.com\/it\/wp-json\/wp\/v2\/product"}],"about":[{"href":"https:\/\/vapeenjoy.com\/it\/wp-json\/wp\/v2\/types\/product"}],"replies":[{"embeddable":true,"href":"https:\/\/vapeenjoy.com\/it\/wp-json\/wp\/v2\/comments?post=185"}],"version-history":[{"count":2,"href":"https:\/\/vapeenjoy.com\/it\/wp-json\/wp\/v2\/product\/185\/revisions"}],"predecessor-version":[{"id":2380,"href":"https:\/\/vapeenjoy.com\/it\/wp-json\/wp\/v2\/product\/185\/revisions\/2380"}],"wp:featuredmedia":[{"embeddable":true,"href":"https:\/\/vapeenjoy.com\/it\/wp-json\/wp\/v2\/media\/186"}],"wp:attachment":[{"href":"https:\/\/vapeenjoy.com\/it\/wp-json\/wp\/v2\/media?parent=185"}],"wp:term":[{"taxonomy":"product_brand","embeddable":true,"href":"https:\/\/vapeenjoy.com\/it\/wp-json\/wp\/v2\/product_brand?post=185"},{"taxonomy":"product_cat","embeddable":true,"href":"https:\/\/vapeenjoy.com\/it\/wp-json\/wp\/v2\/product_cat?post=185"},{"taxonomy":"product_tag","embeddable":true,"href":"https:\/\/vapeenjoy.com\/it\/wp-json\/wp\/v2\/product_tag?post=185"}],"curies":[{"name":"WP","href":"https:\/\/api.w.org\/{rel}","templated":true}]}}