{"id":248,"date":"2025-07-19T03:39:34","date_gmt":"2025-07-19T03:39:34","guid":{"rendered":"https:\/\/vapeenjoy.com\/?post_type=product&#038;p=248"},"modified":"2025-09-15T09:34:10","modified_gmt":"2025-09-15T09:34:10","slug":"jnr-mega-shisha-hookah-100k-puffs-disposable-vape","status":"publish","type":"product","link":"https:\/\/vapeenjoy.com\/it\/prodotto\/jnr-mega-shisha-narghile-100k-soffio-vape-usa-e-getta\/","title":{"rendered":"Jnr Mega Shisha Narghil\u00e8 100K Soffie Vape usa e getta 60ml 2% 5% Nicotina Smart Screen"},"content":{"rendered":"<h2 dir=\"ltr\" data-pm-slice=\"1 3 []\">JNR Mega Shisha Narghil\u00e8 100K Soffitti Vape monouso Descrizione<\/h2>\n<p dir=\"ltr\">JNR, ampiamente riconosciuto per le sue innovative soluzioni di svapo, presenta con orgoglio il JNR Mega Shisha Narghil\u00e8 100K Puffs Vape usa e getta. In particolare, questo dispositivo fonde perfettamente la ricca essenza del narghil\u00e8 tradizionale con la comodit\u00e0 all'avanguardia. Inoltre, il suo design elegante, esaltato da una vibrante luce respiratoria e da uno schermo LED intelligente, aumenta significativamente sia l'appeal visivo che la facilit\u00e0 d'uso. Di conseguenza, offre un'esperienza di svapo senza precedenti per gli appassionati che cercano qualit\u00e0 e longevit\u00e0.<\/p>\n<h2 dir=\"ltr\">JNR Mega Shisha Narghil\u00e8 100K Soffie Vape Monouso<\/h2>\n<ul class=\"tight\" dir=\"ltr\" data-tight=\"true\">\n<li>\n<p dir=\"ltr\"><strong>conteggio delle sbuffi<\/strong>: fino a 100.000 soffi, garantendo settimane o addirittura mesi di utilizzo, a seconda delle abitudini di svapo.<\/p>\n<\/li>\n<li>\n<p dir=\"ltr\"><strong>Capacit\u00e0 di e-liquido<\/strong>: 60 ml di liquido preriempito, che offre costantemente sapori ricchi senza ricariche frequenti.<\/p>\n<\/li>\n<li>\n<p dir=\"ltr\"><strong>Forza della nicotina<\/strong>: Disponibile in 2% o 5%, soddisfacendo cos\u00ec le diverse preferenze dell'utente per un colpo regolare.<\/p>\n<\/li>\n<li>\n<p dir=\"ltr\"><strong>batteria<\/strong>: una batteria ricaricabile da 2200 mAh, che supporta in modo affidabile sessioni di svapo estese.<\/p>\n<\/li>\n<li>\n<p dir=\"ltr\"><strong>onere<\/strong>: ricarica rapida di tipo C, riducendo di conseguenza i tempi di inattivit\u00e0 con ricarica rapidi ed efficienti.<\/p>\n<\/li>\n<li>\n<p dir=\"ltr\"><strong>avvolgere a<\/strong>: bobina a doppia rete, in particolare migliorando l'intensit\u00e0 dell'aroma e producendo vapore denso.<\/p>\n<\/li>\n<li>\n<p dir=\"ltr\"><strong>Stile di svapo<\/strong>: Direct-to-lung (DTL), progettato specificamente per nuvole audaci e soddisfacenti.<\/p>\n<\/li>\n<li>\n<p dir=\"ltr\"><strong>aerare<\/strong>: flusso d'aria regolabile, consentendo cos\u00ec agli utenti di personalizzare il proprio disegno per un comfort ottimale.<\/p>\n<\/li>\n<li>\n<p dir=\"ltr\"><strong>portavoce<\/strong>: Design a doppio bocchino, che lo rende adatto sia per sessioni di svapo da solo che condivise.<\/p>\n<\/li>\n<li>\n<p dir=\"ltr\"><strong>sicurezza<\/strong>: Dotato di un limite di svapo di 8 secondi e protezione automatica per gli straordinari, garantendo un utilizzo sicuro.<\/p>\n<\/li>\n<li>\n<p dir=\"ltr\"><strong>ostentazione<\/strong>: uno schermo a LED intelligente, che mostra chiaramente i livelli di batteria e liquido in tempo reale.<\/p>\n<\/li>\n<li>\n<p dir=\"ltr\"><strong>Compatibilit\u00e0 con narghil<\/strong>: compatibile con i sistemi di narghil\u00e8 desktop, consentendo cos\u00ec il vapore filtrato dall'acqua per un gusto pi\u00f9 fluido.<\/p>\n<\/li>\n<\/ul>\n<h2 dir=\"ltr\">12 sapori unici<\/h2>\n<ol class=\"tight\" dir=\"ltr\" data-tight=\"true\">\n<li>\n<p dir=\"ltr\"><strong>Due mele<\/strong>: una miscela croccante di mele rosse e verdi, offrendo un gusto succoso e rinfrescante.<\/p>\n<\/li>\n<li>\n<p dir=\"ltr\"><strong>amore 66<\/strong>: un mix tropicale di melone e menta, che offre una sensazione dolce ma rinfrescante.<\/p>\n<\/li>\n<li>\n<p dir=\"ltr\"><strong>Signora Killa<\/strong>: Una fusione di frutta audace e misteriosa, caratterizzata da un profilo aromatico vibrante e intrigante.<\/p>\n<\/li>\n<li>\n<p dir=\"ltr\"><strong>pugno di fragole<\/strong>: fragole dolci e mature con un calcio piccante, pieno di bont\u00e0 fruttata.<\/p>\n<\/li>\n<li>\n<p dir=\"ltr\"><strong>ghiaccio lussureggiante<\/strong>: Un sapore rinfrescante di anguria, abbinato a un finale croccante e ghiacciato per un disegno morbido.<\/p>\n<\/li>\n<li>\n<p dir=\"ltr\"><strong>menta<\/strong>: Ricche note di uva unite a un'espirazione al mentolo, mescolando efficacemente i toni dolci e freddi.<\/p>\n<\/li>\n<li>\n<p dir=\"ltr\"><strong>Amore magico<\/strong>: Una miscela di frutta dolce e incantevole che affascina ad ogni soffio.<\/p>\n<\/li>\n<li>\n<p dir=\"ltr\"><strong>Ghiaccio di pesca<\/strong>: Gusto succoso di pesca con sottotono freddo, ideale per un colpo morbido e fruttato.<\/p>\n<\/li>\n<li>\n<p dir=\"ltr\"><strong>ghiaccio ai mirtilli<\/strong>: mirtilli dolci con un finale gelido, che forniscono un gusto equilibrato e rinfrescante.<\/p>\n<\/li>\n<li>\n<p dir=\"ltr\"><strong>Hawaii<\/strong>: un vibrante miscuglio di frutta tropicale, che evoca l'essenza dei sapori dell'isola.<\/p>\n<\/li>\n<li>\n<p dir=\"ltr\"><strong>Guava al frutto della passione kiwi<\/strong>: un trio audace di kiwi, frutto della passione e guava, che offre un'estrazione esotica e piccante.<\/p>\n<\/li>\n<li>\n<p dir=\"ltr\"><strong>mi amor<\/strong>: una miscela dolce e fruttata con un gusto romantico e irresistibile che indugia.<\/p>\n<\/li>\n<\/ol>\n<h2 dir=\"ltr\">Domande frequenti<\/h2>\n<ol dir=\"ltr\">\n<li>\n<p dir=\"ltr\"><strong>Cosa distingue il Jnr Mega Shisha dagli altri vaporizzatori?<\/strong><br \/>\nIn particolare, i suoi 100.000 soffi, la capacit\u00e0 di e-liquid da 60 ml e la compatibilit\u00e0 con narghil\u00e8 desktop combinano in modo unico la tradizione con la moderna praticit\u00e0 di svapo.<\/p>\n<\/li>\n<li>\n<p dir=\"ltr\"><strong>Quanto dura la batteria con una sola carica?<\/strong><br \/>\nIn genere, la batteria da 2200 mAh dura diversi giorni, a seconda dell'uso, e la ricarica di tipo C assicura rapide ricariche.<\/p>\n<\/li>\n<li>\n<p dir=\"ltr\"><strong>Il flusso d'aria \u00e8 regolabile per diverse preferenze?<\/strong><br \/>\nIn effetti, il flusso d'aria regolabile consente agli utenti di mettere a punto il proprio disegno, da stretto per sapore a sfuggente per nuvole pi\u00f9 grandi.<\/p>\n<\/li>\n<li>\n<p dir=\"ltr\"><strong>Come faccio a scegliere il gusto giusto?<\/strong><br \/>\nAd esempio, opta per opzioni fruttate come Strawberry Punch per un colpo dolce o aromi rinfrescanti come il ghiaccio lussureggiante per una svolta rinfrescante. Assaggiare pi\u00f9 gusti pu\u00f2, quindi, aiutare a identificare il tuo preferito.<\/p>\n<\/li>\n<li>\n<p dir=\"ltr\"><strong>Questo dispositivo pu\u00f2 essere utilizzato con una configurazione tradizionale per narghil\u00e8?<\/strong><br \/>\nAssolutamente, supporta i sistemi di narghil\u00e8 desktop, che consentono il vapore filtrato dall'acqua per un gusto raffinato.<\/p>\n<\/li>\n<li>\n<p dir=\"ltr\"><strong>Il JNR Mega Shisha \u00e8 sicuro da usare?<\/strong><br \/>\nCertamente, include funzionalit\u00e0 di sicurezza come un limite di svapo di 8 secondi e protezione automatica per gli straordinari per un funzionamento sicuro.<\/p>\n<\/li>\n<li>\n<p dir=\"ltr\"><strong>A cosa serve lo schermo LED intelligente?<\/strong><br \/>\nIn particolare, visualizza in tempo reale la durata della batteria e i livelli di e-liquid, prevenendo cos\u00ec interruzioni durante l'uso.<\/p>\n<\/li>\n<\/ol>\n<p><img fetchpriority=\"high\" decoding=\"async\" class=\"alignnone wp-image-264 size-full\" src=\"https:\/\/vapeenjoy.com\/wp-content\/uploads\/2025\/07\/JNR-Mega-Shisha-Hookah-100K-Disposable-Vape.jpg\" alt=\"Jnr Mega Shisha Narghil\u00e8 100K Sbuffi di vaporizzabili aromi\" width=\"1200\" height=\"2149\" srcset=\"https:\/\/vapeenjoy.com\/wp-content\/uploads\/2025\/07\/JNR-Mega-Shisha-Hookah-100K-Disposable-Vape.jpg 1200w, https:\/\/vapeenjoy.com\/wp-content\/uploads\/2025\/07\/JNR-Mega-Shisha-Hookah-100K-Disposable-Vape-150x269.jpg 150w, https:\/\/vapeenjoy.com\/wp-content\/uploads\/2025\/07\/JNR-Mega-Shisha-Hookah-100K-Disposable-Vape-600x1075.jpg 600w, https:\/\/vapeenjoy.com\/wp-content\/uploads\/2025\/07\/JNR-Mega-Shisha-Hookah-100K-Disposable-Vape-168x300.jpg 168w, https:\/\/vapeenjoy.com\/wp-content\/uploads\/2025\/07\/JNR-Mega-Shisha-Hookah-100K-Disposable-Vape-572x1024.jpg 572w, https:\/\/vapeenjoy.com\/wp-content\/uploads\/2025\/07\/JNR-Mega-Shisha-Hookah-100K-Disposable-Vape-768x1375.jpg 768w, https:\/\/vapeenjoy.com\/wp-content\/uploads\/2025\/07\/JNR-Mega-Shisha-Hookah-100K-Disposable-Vape-858x1536.jpg 858w, https:\/\/vapeenjoy.com\/wp-content\/uploads\/2025\/07\/JNR-Mega-Shisha-Hookah-100K-Disposable-Vape-1144x2048.jpg 1144w\" sizes=\"(max-width: 1200px) 100vw, 1200px\" \/><\/p>","protected":false},"excerpt":{"rendered":"<p>JNR, un nome di fiducia nell'innovazione di svapo, presenta il mega narghil\u00e8 Shisha Narghil\u00e8 100K Vape usa e getta, fondendo la tradizionale essenza di narghil\u00e8 con la comodit\u00e0 moderna. Questo elegante dispositivo offre fino a 100.000 soffi, una capacit\u00e0 di 60 ml di e-liquid e una batteria ricaricabile da 2200 mAh. Con una bobina a doppia rete, flusso d'aria regolabile e uno schermo LED intelligente, offre un sapore ricco e facilit\u00e0 d'uso per lo svapo tutto il giorno.<\/p>","protected":false},"featured_media":261,"comment_status":"open","ping_status":"closed","template":"","meta":[],"product_brand":[33],"product_cat":[36],"product_tag":[84,63],"class_list":{"0":"post-248","1":"product","2":"type-product","3":"status-publish","4":"has-post-thumbnail","6":"product_brand-jnr-vape","7":"product_cat-100k-puffs-vape","8":"product_tag-2-5-nicotine","9":"product_tag-60ml","11":"first","12":"outofstock","13":"sale","14":"shipping-taxable","15":"purchasable","16":"product-type-variable"},"yoast_head":"<!-- This site is optimized with the Yoast SEO plugin v25.7 - https:\/\/yoast.com\/wordpress\/plugins\/seo\/ -->\n<title>JNR Mega Shisha Hookah 100K Puffs Disposable Vape 60ml<\/title>\n<meta name=\"description\" content=\"JNR Mega Shisha 100K Puffs Disposable Vape with 60ml e-liquid, 2% or 5% nicotine, and smart screen. Enjoy 12 flavors and DTL vaping. Order now!\" \/>\n<meta name=\"robots\" content=\"index, follow, max-snippet:-1, max-image-preview:large, max-video-preview:-1\" \/>\n<link rel=\"canonical\" href=\"https:\/\/vapeenjoy.com\/it\/prodotto\/jnr-mega-shisha-narghile-100k-soffio-vape-usa-e-getta\/\" \/>\n<meta property=\"og:locale\" content=\"it_IT\" \/>\n<meta property=\"og:type\" content=\"article\" \/>\n<meta property=\"og:title\" content=\"JNR Mega Shisha Hookah 100K Puffs Disposable Vape 60ml\" \/>\n<meta property=\"og:description\" content=\"JNR Mega Shisha 100K Puffs Disposable Vape with 60ml e-liquid, 2% or 5% nicotine, and smart screen. Enjoy 12 flavors and DTL vaping. Order now!\" \/>\n<meta property=\"og:url\" content=\"https:\/\/vapeenjoy.com\/it\/prodotto\/jnr-mega-shisha-narghile-100k-soffio-vape-usa-e-getta\/\" \/>\n<meta property=\"og:site_name\" content=\"vapeenjoy\" \/>\n<meta property=\"article:modified_time\" content=\"2025-09-15T09:34:10+00:00\" \/>\n<meta property=\"og:image\" content=\"https:\/\/vapeenjoy.com\/wp-content\/uploads\/2025\/07\/jnr-mega-shisha-hookah-100000-100k-puffs.webp\" \/>\n\t<meta property=\"og:image:width\" content=\"1080\" \/>\n\t<meta property=\"og:image:height\" content=\"1080\" \/>\n\t<meta property=\"og:image:type\" content=\"image\/webp\" \/>\n<meta name=\"twitter:card\" content=\"summary_large_image\" \/>\n<meta name=\"twitter:label1\" content=\"Tempo di lettura stimato\" \/>\n\t<meta name=\"twitter:data1\" content=\"4 minuti\" \/>\n<script type=\"application\/ld+json\" class=\"yoast-schema-graph\">{\"@context\":\"https:\/\/schema.org\",\"@graph\":[{\"@type\":\"WebPage\",\"@id\":\"https:\/\/vapeenjoy.com\/product\/jnr-mega-shisha-hookah-100k-puffs-disposable-vape\/\",\"url\":\"https:\/\/vapeenjoy.com\/product\/jnr-mega-shisha-hookah-100k-puffs-disposable-vape\/\",\"name\":\"JNR Mega Shisha Hookah 100K Puffs Disposable Vape 60ml\",\"isPartOf\":{\"@id\":\"https:\/\/vapeenjoy.com\/#website\"},\"primaryImageOfPage\":{\"@id\":\"https:\/\/vapeenjoy.com\/product\/jnr-mega-shisha-hookah-100k-puffs-disposable-vape\/#primaryimage\"},\"image\":{\"@id\":\"https:\/\/vapeenjoy.com\/product\/jnr-mega-shisha-hookah-100k-puffs-disposable-vape\/#primaryimage\"},\"thumbnailUrl\":\"https:\/\/vapeenjoy.com\/wp-content\/uploads\/2025\/07\/jnr-mega-shisha-hookah-100000-100k-puffs.webp\",\"datePublished\":\"2025-07-19T03:39:34+00:00\",\"dateModified\":\"2025-09-15T09:34:10+00:00\",\"description\":\"JNR Mega Shisha 100K Puffs Disposable Vape with 60ml e-liquid, 2% or 5% nicotine, and smart screen. Enjoy 12 flavors and DTL vaping. Order now!\",\"breadcrumb\":{\"@id\":\"https:\/\/vapeenjoy.com\/product\/jnr-mega-shisha-hookah-100k-puffs-disposable-vape\/#breadcrumb\"},\"inLanguage\":\"it-IT\",\"potentialAction\":[{\"@type\":\"ReadAction\",\"target\":[\"https:\/\/vapeenjoy.com\/product\/jnr-mega-shisha-hookah-100k-puffs-disposable-vape\/\"]}]},{\"@type\":\"ImageObject\",\"inLanguage\":\"it-IT\",\"@id\":\"https:\/\/vapeenjoy.com\/product\/jnr-mega-shisha-hookah-100k-puffs-disposable-vape\/#primaryimage\",\"url\":\"https:\/\/vapeenjoy.com\/wp-content\/uploads\/2025\/07\/jnr-mega-shisha-hookah-100000-100k-puffs.webp\",\"contentUrl\":\"https:\/\/vapeenjoy.com\/wp-content\/uploads\/2025\/07\/jnr-mega-shisha-hookah-100000-100k-puffs.webp\",\"width\":1080,\"height\":1080},{\"@type\":\"BreadcrumbList\",\"@id\":\"https:\/\/vapeenjoy.com\/product\/jnr-mega-shisha-hookah-100k-puffs-disposable-vape\/#breadcrumb\",\"itemListElement\":[{\"@type\":\"ListItem\",\"position\":1,\"name\":\"Home\",\"item\":\"https:\/\/vapeenjoy.com\/\"},{\"@type\":\"ListItem\",\"position\":2,\"name\":\"Shop\",\"item\":\"https:\/\/vapeenjoy.com\/vapeenjoy-shop\/\"},{\"@type\":\"ListItem\",\"position\":3,\"name\":\"JNR Mega Shisha Hookah 100K Puffs Disposable Vape 60ml 2% 5% Nicotine Smart Screen\"}]},{\"@type\":\"WebSite\",\"@id\":\"https:\/\/vapeenjoy.com\/#website\",\"url\":\"https:\/\/vapeenjoy.com\/\",\"name\":\"vapeenjoy\",\"description\":\"An online store for selling vapes\",\"potentialAction\":[{\"@type\":\"SearchAction\",\"target\":{\"@type\":\"EntryPoint\",\"urlTemplate\":\"https:\/\/vapeenjoy.com\/?s={search_term_string}\"},\"query-input\":{\"@type\":\"PropertyValueSpecification\",\"valueRequired\":true,\"valueName\":\"search_term_string\"}}],\"inLanguage\":\"it-IT\"}]}<\/script>\n<!-- \/ Yoast SEO plugin. -->","yoast_head_json":{"title":"JNR Mega Shisha Narghil\u00e8 100K Soffitti Vape monouso 60ml","description":"JNR Mega Shisha 100K soffi vaposa monouso con 60 ml di liquido, 2% o 5% nicotina e schermo intelligente. Goditi 12 gusti e svapo DTL. Ordina ora!","robots":{"index":"index","follow":"follow","max-snippet":"max-snippet:-1","max-image-preview":"max-image-preview:large","max-video-preview":"max-video-preview:-1"},"canonical":"https:\/\/vapeenjoy.com\/it\/prodotto\/jnr-mega-shisha-narghile-100k-soffio-vape-usa-e-getta\/","og_locale":"it_IT","og_type":"article","og_title":"JNR Mega Shisha Hookah 100K Puffs Disposable Vape 60ml","og_description":"JNR Mega Shisha 100K Puffs Disposable Vape with 60ml e-liquid, 2% or 5% nicotine, and smart screen. Enjoy 12 flavors and DTL vaping. Order now!","og_url":"https:\/\/vapeenjoy.com\/it\/prodotto\/jnr-mega-shisha-narghile-100k-soffio-vape-usa-e-getta\/","og_site_name":"vapeenjoy","article_modified_time":"2025-09-15T09:34:10+00:00","og_image":[{"width":1080,"height":1080,"url":"https:\/\/vapeenjoy.com\/wp-content\/uploads\/2025\/07\/jnr-mega-shisha-hookah-100000-100k-puffs.webp","type":"image\/webp"}],"twitter_card":"summary_large_image","twitter_misc":{"Tempo di lettura stimato":"4 minuti"},"schema":{"@context":"https:\/\/schema.org","@graph":[{"@type":"WebPage","@id":"https:\/\/vapeenjoy.com\/product\/jnr-mega-shisha-hookah-100k-puffs-disposable-vape\/","url":"https:\/\/vapeenjoy.com\/product\/jnr-mega-shisha-hookah-100k-puffs-disposable-vape\/","name":"JNR Mega Shisha Narghil\u00e8 100K Soffitti Vape monouso 60ml","isPartOf":{"@id":"https:\/\/vapeenjoy.com\/#website"},"primaryImageOfPage":{"@id":"https:\/\/vapeenjoy.com\/product\/jnr-mega-shisha-hookah-100k-puffs-disposable-vape\/#primaryimage"},"image":{"@id":"https:\/\/vapeenjoy.com\/product\/jnr-mega-shisha-hookah-100k-puffs-disposable-vape\/#primaryimage"},"thumbnailUrl":"https:\/\/vapeenjoy.com\/wp-content\/uploads\/2025\/07\/jnr-mega-shisha-hookah-100000-100k-puffs.webp","datePublished":"2025-07-19T03:39:34+00:00","dateModified":"2025-09-15T09:34:10+00:00","description":"JNR Mega Shisha 100K soffi vaposa monouso con 60 ml di liquido, 2% o 5% nicotina e schermo intelligente. Goditi 12 gusti e svapo DTL. Ordina ora!","breadcrumb":{"@id":"https:\/\/vapeenjoy.com\/product\/jnr-mega-shisha-hookah-100k-puffs-disposable-vape\/#breadcrumb"},"inLanguage":"it-IT","potentialAction":[{"@type":"ReadAction","target":["https:\/\/vapeenjoy.com\/product\/jnr-mega-shisha-hookah-100k-puffs-disposable-vape\/"]}]},{"@type":"ImageObject","inLanguage":"it-IT","@id":"https:\/\/vapeenjoy.com\/product\/jnr-mega-shisha-hookah-100k-puffs-disposable-vape\/#primaryimage","url":"https:\/\/vapeenjoy.com\/wp-content\/uploads\/2025\/07\/jnr-mega-shisha-hookah-100000-100k-puffs.webp","contentUrl":"https:\/\/vapeenjoy.com\/wp-content\/uploads\/2025\/07\/jnr-mega-shisha-hookah-100000-100k-puffs.webp","width":1080,"height":1080},{"@type":"BreadcrumbList","@id":"https:\/\/vapeenjoy.com\/product\/jnr-mega-shisha-hookah-100k-puffs-disposable-vape\/#breadcrumb","itemListElement":[{"@type":"ListItem","position":1,"name":"Home","item":"https:\/\/vapeenjoy.com\/"},{"@type":"ListItem","position":2,"name":"Shop","item":"https:\/\/vapeenjoy.com\/vapeenjoy-shop\/"},{"@type":"ListItem","position":3,"name":"JNR Mega Shisha Hookah 100K Puffs Disposable Vape 60ml 2% 5% Nicotine Smart Screen"}]},{"@type":"WebSite","@id":"https:\/\/vapeenjoy.com\/#website","url":"https:\/\/vapeenjoy.com\/","name":"vapejoy","description":"Un negozio online per la vendita di vapori","potentialAction":[{"@type":"SearchAction","target":{"@type":"EntryPoint","urlTemplate":"https:\/\/vapeenjoy.com\/?s={search_term_string}"},"query-input":{"@type":"PropertyValueSpecification","valueRequired":true,"valueName":"search_term_string"}}],"inLanguage":"it-IT"}]}},"_links":{"self":[{"href":"https:\/\/vapeenjoy.com\/it\/wp-json\/wp\/v2\/product\/248","targetHints":{"allow":["GET"]}}],"collection":[{"href":"https:\/\/vapeenjoy.com\/it\/wp-json\/wp\/v2\/product"}],"about":[{"href":"https:\/\/vapeenjoy.com\/it\/wp-json\/wp\/v2\/types\/product"}],"replies":[{"embeddable":true,"href":"https:\/\/vapeenjoy.com\/it\/wp-json\/wp\/v2\/comments?post=248"}],"version-history":[{"count":3,"href":"https:\/\/vapeenjoy.com\/it\/wp-json\/wp\/v2\/product\/248\/revisions"}],"predecessor-version":[{"id":2370,"href":"https:\/\/vapeenjoy.com\/it\/wp-json\/wp\/v2\/product\/248\/revisions\/2370"}],"wp:featuredmedia":[{"embeddable":true,"href":"https:\/\/vapeenjoy.com\/it\/wp-json\/wp\/v2\/media\/261"}],"wp:attachment":[{"href":"https:\/\/vapeenjoy.com\/it\/wp-json\/wp\/v2\/media?parent=248"}],"wp:term":[{"taxonomy":"product_brand","embeddable":true,"href":"https:\/\/vapeenjoy.com\/it\/wp-json\/wp\/v2\/product_brand?post=248"},{"taxonomy":"product_cat","embeddable":true,"href":"https:\/\/vapeenjoy.com\/it\/wp-json\/wp\/v2\/product_cat?post=248"},{"taxonomy":"product_tag","embeddable":true,"href":"https:\/\/vapeenjoy.com\/it\/wp-json\/wp\/v2\/product_tag?post=248"}],"curies":[{"name":"WP","href":"https:\/\/api.w.org\/{rel}","templated":true}]}}