{"id":295,"date":"2025-07-21T07:35:15","date_gmt":"2025-07-21T07:35:15","guid":{"rendered":"https:\/\/vapeenjoy.com\/?post_type=product&#038;p=295"},"modified":"2025-08-26T07:09:45","modified_gmt":"2025-08-26T07:09:45","slug":"uzy-tornado-20000-puffs-disposable-vape","status":"publish","type":"product","link":"https:\/\/vapeenjoy.com\/it\/prodotto\/uzy-tornado-20000-soffi-vape-usa-e-getta\/","title":{"rendered":"Uzy Tornado 20000 Puffs Vape monouso 28ml 0-5% Ricarica di tipo C di nicotina"},"content":{"rendered":"<h2 dir=\"ltr\" data-pm-slice=\"1 3 []\">Uzy Tornado 20000 Puffs Monouso Vape Descrizione<\/h2>\n<p dir=\"ltr\">UZY offre soluzioni di svapo di alta qualit\u00e0, dando priorit\u00e0 alla praticit\u00e0 e al sapore. In particolare, l'Uzy Tornado 20000 Puffs Monousol Vape offre un'esperienza di lunga durata e saporita. Inoltre, il suo design elegante e il display a LED garantiscono portabilit\u00e0, affidabilit\u00e0 e facilit\u00e0 d'uso.<\/p>\n<h2 dir=\"ltr\">Uzy Tornado 20000 Puffs Monouso Vape<\/h2>\n<ul class=\"tight\" dir=\"ltr\" data-tight=\"true\">\n<li>\n<p dir=\"ltr\"><strong>Conteggio sbuffo:<\/strong> 20.000 soffi per uso prolungato.<\/p>\n<\/li>\n<li>\n<p dir=\"ltr\"><strong>Capacit\u00e0 del liquido elettronico:<\/strong> 28 ml per un sapore consistente.<\/p>\n<\/li>\n<li>\n<p dir=\"ltr\"><strong>Punti di forza della nicotina:<\/strong> 0%, 2%, 3%, 5% per soddisfare le preferenze.<\/p>\n<\/li>\n<li>\n<p dir=\"ltr\"><strong>Capacit\u00e0 della batteria:<\/strong> 850mAh, ricaricabile per prestazioni affidabili.<\/p>\n<\/li>\n<li>\n<p dir=\"ltr\"><strong>Porta di ricarica:<\/strong> Tipo-C per ricarica rapida.<\/p>\n<\/li>\n<li>\n<p dir=\"ltr\"><strong>Tipo di bobina:<\/strong> Bobina in mesh per un sapore e un vapore potenziati.<\/p>\n<\/li>\n<li>\n<p dir=\"ltr\"><strong>Flusso d'aria:<\/strong> Regolabile per un'esperienza personalizzata.<\/p>\n<\/li>\n<li>\n<p dir=\"ltr\"><strong>Visualizza:<\/strong> Il LED mostra la durata della batteria e il conteggio delle sbuffi.<\/p>\n<\/li>\n<\/ul>\n<h2 dir=\"ltr\">12 opzioni di gusto<\/h2>\n<ol class=\"tight\" dir=\"ltr\" data-tight=\"true\">\n<li>\n<p dir=\"ltr\"><strong>Anguria alla fragola:<\/strong> Le fragole dolci incontrano l'anguria succosa.<\/p>\n<\/li>\n<li>\n<p dir=\"ltr\"><strong>Mirtillo su ghiaccio:<\/strong> Mirtilli maturi con un finale fresco di mentolo.<\/p>\n<\/li>\n<li>\n<p dir=\"ltr\"><strong>Ananas di pesco di mango:<\/strong> Miscela di pesca tropicale, mango e ananas.<\/p>\n<\/li>\n<li>\n<p dir=\"ltr\"><strong>Ghiaccio d'uva<\/strong> Uva ricca con un rinfrescante mentolo.<\/p>\n<\/li>\n<li>\n<p dir=\"ltr\"><strong>Ghiaccio di anguria:<\/strong> Anguria dolce con un tocco fresco.<\/p>\n<\/li>\n<li>\n<p dir=\"ltr\"><strong>Ghiaccio di pesca:<\/strong> Pesca morbida con un finale ghiacciato.<\/p>\n<\/li>\n<li>\n<p dir=\"ltr\"><strong>Kiwi alla fragola:<\/strong> Fragole dolci e kiwi piccante.<\/p>\n<\/li>\n<li>\n<p dir=\"ltr\"><strong>Lampone al mirtillo:<\/strong> Lamponi aspri e mirtilli dolci.<\/p>\n<\/li>\n<li>\n<p dir=\"ltr\"><strong>Frutto della passione kiwi:<\/strong> Kiwi piccante e frutto della passione esotico.<\/p>\n<\/li>\n<li>\n<p dir=\"ltr\"><strong>Signor Blu:<\/strong> Mirtillo unico con una nota rinfrescante.<\/p>\n<\/li>\n<li>\n<p dir=\"ltr\"><strong>Ghiaccio triplo di mango:<\/strong> Tre variet\u00e0 di mango con un tocco ghiacciato.<\/p>\n<\/li>\n<li>\n<p dir=\"ltr\"><strong>Ghiaccio energetico rosso:<\/strong> Sapore di bevanda energetica con un tocco di mentolo.<\/p>\n<\/li>\n<\/ol>\n<h2 dir=\"ltr\">Domande frequenti<\/h2>\n<ol class=\"tight\" dir=\"ltr\" data-tight=\"true\">\n<li>\n<p dir=\"ltr\"><strong>Qual \u00e8 il conteggio delle puff?<\/strong> Fino a 20.000 soffi per uso a lungo termine.<\/p>\n<\/li>\n<li>\n<p dir=\"ltr\"><strong>Quali punti di forza della nicotina sono disponibili?<\/strong> 0%, 2%, 3% e 5%.<\/p>\n<\/li>\n<li>\n<p dir=\"ltr\"><strong>Come faccio a sapere quando \u00e8 basso?<\/strong> Il display a LED mostra il conteggio delle batterie e dei puff, potrebbe lampeggiare o fermarsi quando si \u00e8 esauriti.<\/p>\n<\/li>\n<li>\n<p dir=\"ltr\"><strong>Come scelgo un sapore?<\/strong> Ad esempio, scegli miscele fruttate come l'anguria alla fragola per la dolcezza, opzioni ghiacciate come il ghiaccio d'uva per il rinfresco o il grassetto rosso energetico per un tocco unico.<\/p>\n<\/li>\n<li>\n<p dir=\"ltr\"><strong>\u00c8 ricaricabile?<\/strong> S\u00ec, utilizza una batteria da 850 mAh con ricarica di tipo C.<\/p>\n<\/li>\n<li>\n<p dir=\"ltr\"><strong>Posso regolare il flusso d'aria?<\/strong> In effetti, il flusso d'aria regolabile personalizza il tuo disegno.<\/p>\n<\/li>\n<li>\n<p dir=\"ltr\"><strong>Che bobina usa?<\/strong> Una bobina a rete assicura sapore e vapore costanti.<\/p>\n<\/li>\n<\/ol>\n<p><img fetchpriority=\"high\" decoding=\"async\" class=\"alignnone wp-image-304 size-full\" src=\"https:\/\/vapeenjoy.com\/wp-content\/uploads\/2025\/07\/UZY-Tornado-20000-Puffs.webp\" alt=\"Uzy Tornado 20000 Puffs monouso aromi di vaporizzazione\" width=\"1000\" height=\"1000\" srcset=\"https:\/\/vapeenjoy.com\/wp-content\/uploads\/2025\/07\/UZY-Tornado-20000-Puffs.webp 1000w, https:\/\/vapeenjoy.com\/wp-content\/uploads\/2025\/07\/UZY-Tornado-20000-Puffs-600x600.webp 600w, https:\/\/vapeenjoy.com\/wp-content\/uploads\/2025\/07\/UZY-Tornado-20000-Puffs-150x150.webp 150w, https:\/\/vapeenjoy.com\/wp-content\/uploads\/2025\/07\/UZY-Tornado-20000-Puffs-300x300.webp 300w, https:\/\/vapeenjoy.com\/wp-content\/uploads\/2025\/07\/UZY-Tornado-20000-Puffs-768x768.webp 768w\" sizes=\"(max-width: 1000px) 100vw, 1000px\" \/><\/p>","protected":false},"excerpt":{"rendered":"<p>Uzy, un marchio incentrato su soluzioni di svapo di qualit\u00e0, presenta la sigaretta elettronica usa e getta Tornado 20000 Puffs. Questo dispositivo offre un design elegante con un massimo di 20.000 soffi, una capacit\u00e0 di e-liquid da 28 ml e una batteria ricaricabile da 850 mAh. Dotato di flusso d'aria regolabile, bobina a rete e punti di forza di nicotina multipla (0%, 2%, 3%, 5%), offre sapore e praticit\u00e0 costanti.<\/p>","protected":false},"featured_media":305,"comment_status":"open","ping_status":"closed","template":"","meta":[],"product_brand":[38],"product_cat":[22],"product_tag":[64,68],"class_list":{"0":"post-295","1":"product","2":"type-product","3":"status-publish","4":"has-post-thumbnail","6":"product_brand-uzy-vape","7":"product_cat-20000-puffs-vape","8":"product_tag-0-5-nicotine","9":"product_tag-28ml","11":"first","12":"instock","13":"sale","14":"shipping-taxable","15":"purchasable","16":"product-type-variable"},"yoast_head":"<!-- This site is optimized with the Yoast SEO plugin v25.7 - https:\/\/yoast.com\/wordpress\/plugins\/seo\/ -->\n<title>UZY Tornado 20000 Puffs Disposable Vape 28ml 0-5% Nicotine<\/title>\n<meta name=\"description\" content=\"UZY Tornado 20000 Puffs Disposable Vape: 28ml e-liquid, 0-5% nicotine, Type-C rechargeable. 12 flavors, 850mAh battery for lasting performance.\" \/>\n<meta name=\"robots\" content=\"index, follow, max-snippet:-1, max-image-preview:large, max-video-preview:-1\" \/>\n<link rel=\"canonical\" href=\"https:\/\/vapeenjoy.com\/it\/prodotto\/uzy-tornado-20000-soffi-vape-usa-e-getta\/\" \/>\n<meta property=\"og:locale\" content=\"it_IT\" \/>\n<meta property=\"og:type\" content=\"article\" \/>\n<meta property=\"og:title\" content=\"UZY Tornado 20000 Puffs Disposable Vape 28ml 0-5% Nicotine\" \/>\n<meta property=\"og:description\" content=\"UZY Tornado 20000 Puffs Disposable Vape: 28ml e-liquid, 0-5% nicotine, Type-C rechargeable. 12 flavors, 850mAh battery for lasting performance.\" \/>\n<meta property=\"og:url\" content=\"https:\/\/vapeenjoy.com\/it\/prodotto\/uzy-tornado-20000-soffi-vape-usa-e-getta\/\" \/>\n<meta property=\"og:site_name\" content=\"vapeenjoy\" \/>\n<meta property=\"article:modified_time\" content=\"2025-08-26T07:09:45+00:00\" \/>\n<meta name=\"twitter:card\" content=\"summary_large_image\" \/>\n<meta name=\"twitter:label1\" content=\"Tempo di lettura stimato\" \/>\n\t<meta name=\"twitter:data1\" content=\"2 minuti\" \/>\n<script type=\"application\/ld+json\" class=\"yoast-schema-graph\">{\"@context\":\"https:\/\/schema.org\",\"@graph\":[{\"@type\":\"WebPage\",\"@id\":\"https:\/\/vapeenjoy.com\/product\/uzy-tornado-20000-puffs-disposable-vape\/\",\"url\":\"https:\/\/vapeenjoy.com\/product\/uzy-tornado-20000-puffs-disposable-vape\/\",\"name\":\"UZY Tornado 20000 Puffs Disposable Vape 28ml 0-5% Nicotine\",\"isPartOf\":{\"@id\":\"https:\/\/vapeenjoy.com\/#website\"},\"primaryImageOfPage\":{\"@id\":\"https:\/\/vapeenjoy.com\/product\/uzy-tornado-20000-puffs-disposable-vape\/#primaryimage\"},\"image\":{\"@id\":\"https:\/\/vapeenjoy.com\/product\/uzy-tornado-20000-puffs-disposable-vape\/#primaryimage\"},\"thumbnailUrl\":\"https:\/\/vapeenjoy.com\/wp-content\/uploads\/2025\/07\/UZY-Tornado-20000-Puffs-Watermelon-Ice.avif\",\"datePublished\":\"2025-07-21T07:35:15+00:00\",\"dateModified\":\"2025-08-26T07:09:45+00:00\",\"description\":\"UZY Tornado 20000 Puffs Disposable Vape: 28ml e-liquid, 0-5% nicotine, Type-C rechargeable. 12 flavors, 850mAh battery for lasting performance.\",\"breadcrumb\":{\"@id\":\"https:\/\/vapeenjoy.com\/product\/uzy-tornado-20000-puffs-disposable-vape\/#breadcrumb\"},\"inLanguage\":\"it-IT\",\"potentialAction\":[{\"@type\":\"ReadAction\",\"target\":[\"https:\/\/vapeenjoy.com\/product\/uzy-tornado-20000-puffs-disposable-vape\/\"]}]},{\"@type\":\"ImageObject\",\"inLanguage\":\"it-IT\",\"@id\":\"https:\/\/vapeenjoy.com\/product\/uzy-tornado-20000-puffs-disposable-vape\/#primaryimage\",\"url\":\"https:\/\/vapeenjoy.com\/wp-content\/uploads\/2025\/07\/UZY-Tornado-20000-Puffs-Watermelon-Ice.avif\",\"contentUrl\":\"https:\/\/vapeenjoy.com\/wp-content\/uploads\/2025\/07\/UZY-Tornado-20000-Puffs-Watermelon-Ice.avif\"},{\"@type\":\"BreadcrumbList\",\"@id\":\"https:\/\/vapeenjoy.com\/product\/uzy-tornado-20000-puffs-disposable-vape\/#breadcrumb\",\"itemListElement\":[{\"@type\":\"ListItem\",\"position\":1,\"name\":\"Home\",\"item\":\"https:\/\/vapeenjoy.com\/\"},{\"@type\":\"ListItem\",\"position\":2,\"name\":\"Shop\",\"item\":\"https:\/\/vapeenjoy.com\/vapeenjoy-shop\/\"},{\"@type\":\"ListItem\",\"position\":3,\"name\":\"UZY Tornado 20000 Puffs Disposable Vape 28ml 0-5% Nicotine Type-C Recharge\"}]},{\"@type\":\"WebSite\",\"@id\":\"https:\/\/vapeenjoy.com\/#website\",\"url\":\"https:\/\/vapeenjoy.com\/\",\"name\":\"vapeenjoy\",\"description\":\"An online store for selling vapes\",\"potentialAction\":[{\"@type\":\"SearchAction\",\"target\":{\"@type\":\"EntryPoint\",\"urlTemplate\":\"https:\/\/vapeenjoy.com\/?s={search_term_string}\"},\"query-input\":{\"@type\":\"PropertyValueSpecification\",\"valueRequired\":true,\"valueName\":\"search_term_string\"}}],\"inLanguage\":\"it-IT\"}]}<\/script>\n<!-- \/ Yoast SEO plugin. -->","yoast_head_json":{"title":"Uzy Tornado 20000 Soffio Vape monouso 28ml 0-5% Nicotina","description":"Uzy Tornado 20000 Puffs Vape monouso: 28 ml E-liquid, 0-5% Nicotina, ricaricabile di tipo C. 12 gusti, batteria da 850 mAh per prestazioni durature.","robots":{"index":"index","follow":"follow","max-snippet":"max-snippet:-1","max-image-preview":"max-image-preview:large","max-video-preview":"max-video-preview:-1"},"canonical":"https:\/\/vapeenjoy.com\/it\/prodotto\/uzy-tornado-20000-soffi-vape-usa-e-getta\/","og_locale":"it_IT","og_type":"article","og_title":"UZY Tornado 20000 Puffs Disposable Vape 28ml 0-5% Nicotine","og_description":"UZY Tornado 20000 Puffs Disposable Vape: 28ml e-liquid, 0-5% nicotine, Type-C rechargeable. 12 flavors, 850mAh battery for lasting performance.","og_url":"https:\/\/vapeenjoy.com\/it\/prodotto\/uzy-tornado-20000-soffi-vape-usa-e-getta\/","og_site_name":"vapeenjoy","article_modified_time":"2025-08-26T07:09:45+00:00","twitter_card":"summary_large_image","twitter_misc":{"Tempo di lettura stimato":"2 minuti"},"schema":{"@context":"https:\/\/schema.org","@graph":[{"@type":"WebPage","@id":"https:\/\/vapeenjoy.com\/product\/uzy-tornado-20000-puffs-disposable-vape\/","url":"https:\/\/vapeenjoy.com\/product\/uzy-tornado-20000-puffs-disposable-vape\/","name":"Uzy Tornado 20000 Soffio Vape monouso 28ml 0-5% Nicotina","isPartOf":{"@id":"https:\/\/vapeenjoy.com\/#website"},"primaryImageOfPage":{"@id":"https:\/\/vapeenjoy.com\/product\/uzy-tornado-20000-puffs-disposable-vape\/#primaryimage"},"image":{"@id":"https:\/\/vapeenjoy.com\/product\/uzy-tornado-20000-puffs-disposable-vape\/#primaryimage"},"thumbnailUrl":"https:\/\/vapeenjoy.com\/wp-content\/uploads\/2025\/07\/UZY-Tornado-20000-Puffs-Watermelon-Ice.avif","datePublished":"2025-07-21T07:35:15+00:00","dateModified":"2025-08-26T07:09:45+00:00","description":"Uzy Tornado 20000 Puffs Vape monouso: 28 ml E-liquid, 0-5% Nicotina, ricaricabile di tipo C. 12 gusti, batteria da 850 mAh per prestazioni durature.","breadcrumb":{"@id":"https:\/\/vapeenjoy.com\/product\/uzy-tornado-20000-puffs-disposable-vape\/#breadcrumb"},"inLanguage":"it-IT","potentialAction":[{"@type":"ReadAction","target":["https:\/\/vapeenjoy.com\/product\/uzy-tornado-20000-puffs-disposable-vape\/"]}]},{"@type":"ImageObject","inLanguage":"it-IT","@id":"https:\/\/vapeenjoy.com\/product\/uzy-tornado-20000-puffs-disposable-vape\/#primaryimage","url":"https:\/\/vapeenjoy.com\/wp-content\/uploads\/2025\/07\/UZY-Tornado-20000-Puffs-Watermelon-Ice.avif","contentUrl":"https:\/\/vapeenjoy.com\/wp-content\/uploads\/2025\/07\/UZY-Tornado-20000-Puffs-Watermelon-Ice.avif"},{"@type":"BreadcrumbList","@id":"https:\/\/vapeenjoy.com\/product\/uzy-tornado-20000-puffs-disposable-vape\/#breadcrumb","itemListElement":[{"@type":"ListItem","position":1,"name":"Home","item":"https:\/\/vapeenjoy.com\/"},{"@type":"ListItem","position":2,"name":"Shop","item":"https:\/\/vapeenjoy.com\/vapeenjoy-shop\/"},{"@type":"ListItem","position":3,"name":"UZY Tornado 20000 Puffs Disposable Vape 28ml 0-5% Nicotine Type-C Recharge"}]},{"@type":"WebSite","@id":"https:\/\/vapeenjoy.com\/#website","url":"https:\/\/vapeenjoy.com\/","name":"vapejoy","description":"Un negozio online per la vendita di vapori","potentialAction":[{"@type":"SearchAction","target":{"@type":"EntryPoint","urlTemplate":"https:\/\/vapeenjoy.com\/?s={search_term_string}"},"query-input":{"@type":"PropertyValueSpecification","valueRequired":true,"valueName":"search_term_string"}}],"inLanguage":"it-IT"}]}},"_links":{"self":[{"href":"https:\/\/vapeenjoy.com\/it\/wp-json\/wp\/v2\/product\/295","targetHints":{"allow":["GET"]}}],"collection":[{"href":"https:\/\/vapeenjoy.com\/it\/wp-json\/wp\/v2\/product"}],"about":[{"href":"https:\/\/vapeenjoy.com\/it\/wp-json\/wp\/v2\/types\/product"}],"replies":[{"embeddable":true,"href":"https:\/\/vapeenjoy.com\/it\/wp-json\/wp\/v2\/comments?post=295"}],"version-history":[{"count":2,"href":"https:\/\/vapeenjoy.com\/it\/wp-json\/wp\/v2\/product\/295\/revisions"}],"predecessor-version":[{"id":2368,"href":"https:\/\/vapeenjoy.com\/it\/wp-json\/wp\/v2\/product\/295\/revisions\/2368"}],"wp:featuredmedia":[{"embeddable":true,"href":"https:\/\/vapeenjoy.com\/it\/wp-json\/wp\/v2\/media\/305"}],"wp:attachment":[{"href":"https:\/\/vapeenjoy.com\/it\/wp-json\/wp\/v2\/media?parent=295"}],"wp:term":[{"taxonomy":"product_brand","embeddable":true,"href":"https:\/\/vapeenjoy.com\/it\/wp-json\/wp\/v2\/product_brand?post=295"},{"taxonomy":"product_cat","embeddable":true,"href":"https:\/\/vapeenjoy.com\/it\/wp-json\/wp\/v2\/product_cat?post=295"},{"taxonomy":"product_tag","embeddable":true,"href":"https:\/\/vapeenjoy.com\/it\/wp-json\/wp\/v2\/product_tag?post=295"}],"curies":[{"name":"WP","href":"https:\/\/api.w.org\/{rel}","templated":true}]}}