{"id":389,"date":"2025-07-22T06:44:24","date_gmt":"2025-07-22T06:44:24","guid":{"rendered":"https:\/\/vapeenjoy.com\/?post_type=product&#038;p=389"},"modified":"2025-09-11T08:27:23","modified_gmt":"2025-09-11T08:27:23","slug":"waspe-fihp-30000-puffs-disposable-vape-28ml-0-5-nicotine-led-display","status":"publish","type":"product","link":"https:\/\/vapeenjoy.com\/it\/prodotto\/waspe-fihp-30000-puffs-monouso-vape-28ml-0-5-display-a-led-in-nicotina\/","title":{"rendered":"Waspe FIHP 30000 Puffs Vape monouso 28ml 0-5% Display a LED in nicotina"},"content":{"rendered":"<h2 dir=\"ltr\" data-pm-slice=\"1 3 []\">Descrizione del prodotto Waspe FIHP 30000 Puffs Monouso<\/h2>\n<p dir=\"ltr\">WASPE offre costantemente soluzioni di svapo innovative con prestazioni affidabili. Ad esempio, il vapo monouso Waspe Fihp 30000 Puffs offre un'esperienza eccezionalmente duratura e saporita. Inoltre, il suo design compatto, con un esterno liscio e un display a LED, garantisce un monitoraggio e una portabilit\u00e0 senza sforzo. Di conseguenza, questo dispositivo \u00e8 ideale per l'uso quotidiano. Scopri di pi\u00f9 su Vape Enjoy.<\/p>\n<h2 dir=\"ltr\">Specifiche di vaporizza monouso Waspe FIHP 30000 Puffs<\/h2>\n<ul class=\"tight\" dir=\"ltr\" data-tight=\"true\">\n<li>\n<p dir=\"ltr\"><strong>conteggio delle sbuffi<\/strong>: Fino a 30.000 soffi in modalit\u00e0 normale o 15.000 in modalit\u00e0 a impulsi, garantendo un uso prolungato.<\/p>\n<\/li>\n<li>\n<p dir=\"ltr\"><strong>Capacit\u00e0 di e-liquido<\/strong>: 28ml, fornendo svapo prolungato senza frequenti ricariche.<\/p>\n<\/li>\n<li>\n<p dir=\"ltr\"><strong>batteria<\/strong>: 850mAh, ricaricabile tramite Type-C, consentendo power-up rapidi.<\/p>\n<\/li>\n<li>\n<p dir=\"ltr\"><strong>Punti di forza della nicotina<\/strong>: 0%, 2% o 5%, soddisfacendo diverse preferenze.<\/p>\n<\/li>\n<li>\n<p dir=\"ltr\"><strong>Tipo di bobina<\/strong>: Dual Mesh (1.0\u03a9 + 1.0\u03a9), che offre sapore e vapore consistenti.<\/p>\n<\/li>\n<li>\n<p dir=\"ltr\"><strong>aerare<\/strong>: regolabile con quattro livelli, consentendo una resistenza di disegno personalizzata.<\/p>\n<\/li>\n<li>\n<p dir=\"ltr\"><strong>porta di ricarica<\/strong>: Type-C, offrendo una ricarica rapida ed efficiente.<\/p>\n<\/li>\n<li>\n<p dir=\"ltr\"><strong>ostentazione<\/strong>: LED, fornendo aggiornamenti di batteria e sbuffi in tempo reale.<\/p>\n<\/li>\n<li>\n<p dir=\"ltr\"><strong>peso<\/strong>: 120g, rendendolo leggero e portatile.<\/p>\n<\/li>\n<li>\n<p dir=\"ltr\"><strong>dimensioni<\/strong>: 61 x 31 x 115 mm, garantendo una comoda maneggevolezza.<\/p>\n<\/li>\n<\/ul>\n<h2 dir=\"ltr\">16 opzioni di gusto<\/h2>\n<ol class=\"tight\" dir=\"ltr\" data-tight=\"true\">\n<li>\n<p dir=\"ltr\"><strong>Mango alla fragola<\/strong>: Combina fragole dolci e mango tropicale per un gusto succoso.<\/p>\n<\/li>\n<li>\n<p dir=\"ltr\"><strong>bacca mista<\/strong>: Mescola bacche dolci e aspra per un sapore vibrante.<\/p>\n<\/li>\n<li>\n<p dir=\"ltr\"><strong>Ghiaccio all'anguria<\/strong>: Abbina un'anguria succosa con una finitura fresca al mentolo.<\/p>\n<\/li>\n<li>\n<p dir=\"ltr\"><strong>Anguria alla fragola<\/strong>: unisce fragole dolci con anguria succosa.<\/p>\n<\/li>\n<li>\n<p dir=\"ltr\"><strong>Toro rosso fragola<\/strong>: Infonde fragola con una zing ispirata a una bevanda energetica.<\/p>\n<\/li>\n<li>\n<p dir=\"ltr\"><strong>guava al kiwi<\/strong>: mescola kiwi piccante, frutto della passione e guava.<\/p>\n<\/li>\n<li>\n<p dir=\"ltr\"><strong>Ghiaccio d'<\/strong>: Combina uva dolce con un tocco di mentolo rinfrescante.<\/p>\n<\/li>\n<li>\n<p dir=\"ltr\"><strong>Doppio ghiaccio di mele<\/strong>: Presenta mele croccanti con un freddo mentolo al mentolo.<\/p>\n<\/li>\n<li>\n<p dir=\"ltr\"><strong>lampone al mirtillo<\/strong>: Mescola i mirtilli succosi con i lamponi aspri.<\/p>\n<\/li>\n<li>\n<p dir=\"ltr\"><strong>Pesca di anguria<\/strong>: fonde anguria, mango e pesca per un sapore dolce.<\/p>\n<\/li>\n<li>\n<p dir=\"ltr\"><strong>ghiaccio ai mirtilli<\/strong>: Offre mirtilli dolci con un finale gelido.<\/p>\n<\/li>\n<li>\n<p dir=\"ltr\"><strong>bacca di pesco<\/strong>: Combina pesche mature con bacche assortite.<\/p>\n<\/li>\n<li>\n<p dir=\"ltr\"><strong>Kiwi alla fragola<\/strong>: Abbina fragole dolci con kiwi piccante.<\/p>\n<\/li>\n<li>\n<p dir=\"ltr\"><strong>Ghiaccio di ci<\/strong>: Offre ciliegie audaci con un effetto mentolo croccante.<\/p>\n<\/li>\n<li>\n<p dir=\"ltr\"><strong>Ciliegia di lampone alla fragola<\/strong>: Miscela fragole, lamponi e ciliegie.<\/p>\n<\/li>\n<li>\n<p dir=\"ltr\"><strong>Gomma da masticare all'anguria<\/strong>: Fornisce un sapore nostalgico di gomma da masticare all'anguria.<\/p>\n<\/li>\n<\/ol>\n<h2 dir=\"ltr\">Domande frequenti (FAQ)<\/h2>\n<ol class=\"tight\" dir=\"ltr\" data-tight=\"true\">\n<li>\n<p dir=\"ltr\"><strong>Cosa rende unico il WASPE FiHP?<\/strong><br \/>\nIl suo alto numero di sbuffi, le bobine a doppia rete, il flusso d'aria regolabile e il display a LED offrono un'esperienza altamente personalizzabile.<\/p>\n<\/li>\n<li>\n<p dir=\"ltr\"><strong>\u00c8 ricaricabile?<\/strong><br \/>\nIn effetti, la batteria da 850 mAh supporta la ricarica rapida di tipo C per comodit\u00e0.<\/p>\n<\/li>\n<li>\n<p dir=\"ltr\"><strong>Sono disponibili opzioni senza nicotina?<\/strong><br \/>\nAssolutamente, puoi scegliere tra 0%, 2% o 5% punti di forza della nicotina.<\/p>\n<\/li>\n<li>\n<p dir=\"ltr\"><strong>Come selezionare un sapore?<\/strong><br \/>\nAd esempio, prova la guava al mango di fragole o al frutto della passione kiwi per i profili fruttati. In alternativa, il ghiaccio all'anguria offre un calcio rinfrescante, mentre Strawberry Red Bull offre un tocco audace.<\/p>\n<\/li>\n<li>\n<p dir=\"ltr\"><strong>Come funziona il flusso d'aria regolabile?<\/strong><br \/>\nBasta regolare tra quattro livelli per ottenere un'inspirazione pi\u00f9 stretta o pi\u00f9 ampia.<\/p>\n<\/li>\n<li>\n<p dir=\"ltr\"><strong>Cosa sono le bobine a doppia maglia?<\/strong><br \/>\nQueste bobine garantiscono un riscaldamento uniforme, migliorando cos\u00ec la consistenza del sapore.<\/p>\n<\/li>\n<li>\n<p dir=\"ltr\"><strong>Quanto dura la batteria?<\/strong><br \/>\nLa batteria da 850 mAh supporta un uso prolungato e, inoltre, la ricarica di tipo C assicura rapide ricariche. Scopri di pi\u00f9 su Vape Enjoy.<\/p>\n<\/li>\n<\/ol>\n<p><img fetchpriority=\"high\" decoding=\"async\" class=\"alignnone wp-image-392 size-full\" src=\"https:\/\/vapeenjoy.com\/wp-content\/uploads\/2025\/07\/flavor_list.jpg\" alt=\"WASPE FIHP 30000 Sbuffi Vape monouso\" width=\"2200\" height=\"1224\" srcset=\"https:\/\/vapeenjoy.com\/wp-content\/uploads\/2025\/07\/flavor_list.jpg 2200w, https:\/\/vapeenjoy.com\/wp-content\/uploads\/2025\/07\/flavor_list-150x83.jpg 150w, https:\/\/vapeenjoy.com\/wp-content\/uploads\/2025\/07\/flavor_list-1200x668.jpg 1200w, https:\/\/vapeenjoy.com\/wp-content\/uploads\/2025\/07\/flavor_list-300x167.jpg 300w, https:\/\/vapeenjoy.com\/wp-content\/uploads\/2025\/07\/flavor_list-1024x570.jpg 1024w, https:\/\/vapeenjoy.com\/wp-content\/uploads\/2025\/07\/flavor_list-768x427.jpg 768w, https:\/\/vapeenjoy.com\/wp-content\/uploads\/2025\/07\/flavor_list-1536x855.jpg 1536w, https:\/\/vapeenjoy.com\/wp-content\/uploads\/2025\/07\/flavor_list-2048x1139.jpg 2048w\" sizes=\"(max-width: 2200px) 100vw, 2200px\" \/><\/p>","protected":false},"excerpt":{"rendered":"<p>WASPE offre soluzioni innovative per lo svapo con qualit\u00e0 e praticit\u00e0. Il vaporizzatore monouso Waspe FIHP 30000 Puffs offre fino a 30.000 sbuffi, una capacit\u00e0 di e-liquid da 28 ml e una batteria ricaricabile da 850 mAh. Con bobine a doppia rete, flusso d'aria regolabile e 16 sapori vivaci, garantisce un'esperienza di svapo personalizzabile a lunga durata.<\/p>","protected":false},"featured_media":393,"comment_status":"open","ping_status":"closed","template":"","meta":[],"product_brand":[41],"product_cat":[31],"product_tag":[64,68],"class_list":{"0":"post-389","1":"product","2":"type-product","3":"status-publish","4":"has-post-thumbnail","6":"product_brand-waspe-vape","7":"product_cat-30000-puffs-vape","8":"product_tag-0-5-nicotine","9":"product_tag-28ml","11":"first","12":"outofstock","13":"sale","14":"shipping-taxable","15":"purchasable","16":"product-type-variable"},"yoast_head":"<!-- This site is optimized with the Yoast SEO plugin v25.7 - https:\/\/yoast.com\/wordpress\/plugins\/seo\/ -->\n<title>WASPE FIHP 30000 Puffs Disposable Vape 28ml 0-5% Nicotine<\/title>\n<meta name=\"description\" content=\"WASPE FIHP 30000 Puffs Disposable Vape: 28ml e-liquid, 0-5% nicotine, dual mesh coils, LED display. Long-lasting, flavorful vaping. Shop now!\" \/>\n<meta name=\"robots\" content=\"index, follow, max-snippet:-1, max-image-preview:large, max-video-preview:-1\" \/>\n<link rel=\"canonical\" href=\"https:\/\/vapeenjoy.com\/it\/prodotto\/waspe-fihp-30000-puffs-monouso-vape-28ml-0-5-display-a-led-in-nicotina\/\" \/>\n<meta property=\"og:locale\" content=\"it_IT\" \/>\n<meta property=\"og:type\" content=\"article\" \/>\n<meta property=\"og:title\" content=\"WASPE FIHP 30000 Puffs Disposable Vape 28ml 0-5% Nicotine\" \/>\n<meta property=\"og:description\" content=\"WASPE FIHP 30000 Puffs Disposable Vape: 28ml e-liquid, 0-5% nicotine, dual mesh coils, LED display. Long-lasting, flavorful vaping. Shop now!\" \/>\n<meta property=\"og:url\" content=\"https:\/\/vapeenjoy.com\/it\/prodotto\/waspe-fihp-30000-puffs-monouso-vape-28ml-0-5-display-a-led-in-nicotina\/\" \/>\n<meta property=\"og:site_name\" content=\"vapeenjoy\" \/>\n<meta property=\"article:modified_time\" content=\"2025-09-11T08:27:23+00:00\" \/>\n<meta property=\"og:image\" content=\"https:\/\/vapeenjoy.com\/wp-content\/uploads\/2025\/07\/\u573a\u666f\u56fe04.jpg\" \/>\n\t<meta property=\"og:image:width\" content=\"1120\" \/>\n\t<meta property=\"og:image:height\" content=\"1120\" \/>\n\t<meta property=\"og:image:type\" content=\"image\/jpeg\" \/>\n<meta name=\"twitter:card\" content=\"summary_large_image\" \/>\n<meta name=\"twitter:label1\" content=\"Tempo di lettura stimato\" \/>\n\t<meta name=\"twitter:data1\" content=\"3 minuti\" \/>\n<script type=\"application\/ld+json\" class=\"yoast-schema-graph\">{\"@context\":\"https:\/\/schema.org\",\"@graph\":[{\"@type\":\"WebPage\",\"@id\":\"https:\/\/vapeenjoy.com\/product\/waspe-fihp-30000-puffs-disposable-vape-28ml-0-5-nicotine-led-display\/\",\"url\":\"https:\/\/vapeenjoy.com\/product\/waspe-fihp-30000-puffs-disposable-vape-28ml-0-5-nicotine-led-display\/\",\"name\":\"WASPE FIHP 30000 Puffs Disposable Vape 28ml 0-5% Nicotine\",\"isPartOf\":{\"@id\":\"https:\/\/vapeenjoy.com\/#website\"},\"primaryImageOfPage\":{\"@id\":\"https:\/\/vapeenjoy.com\/product\/waspe-fihp-30000-puffs-disposable-vape-28ml-0-5-nicotine-led-display\/#primaryimage\"},\"image\":{\"@id\":\"https:\/\/vapeenjoy.com\/product\/waspe-fihp-30000-puffs-disposable-vape-28ml-0-5-nicotine-led-display\/#primaryimage\"},\"thumbnailUrl\":\"https:\/\/vapeenjoy.com\/wp-content\/uploads\/2025\/07\/\u573a\u666f\u56fe04.jpg\",\"datePublished\":\"2025-07-22T06:44:24+00:00\",\"dateModified\":\"2025-09-11T08:27:23+00:00\",\"description\":\"WASPE FIHP 30000 Puffs Disposable Vape: 28ml e-liquid, 0-5% nicotine, dual mesh coils, LED display. Long-lasting, flavorful vaping. Shop now!\",\"breadcrumb\":{\"@id\":\"https:\/\/vapeenjoy.com\/product\/waspe-fihp-30000-puffs-disposable-vape-28ml-0-5-nicotine-led-display\/#breadcrumb\"},\"inLanguage\":\"it-IT\",\"potentialAction\":[{\"@type\":\"ReadAction\",\"target\":[\"https:\/\/vapeenjoy.com\/product\/waspe-fihp-30000-puffs-disposable-vape-28ml-0-5-nicotine-led-display\/\"]}]},{\"@type\":\"ImageObject\",\"inLanguage\":\"it-IT\",\"@id\":\"https:\/\/vapeenjoy.com\/product\/waspe-fihp-30000-puffs-disposable-vape-28ml-0-5-nicotine-led-display\/#primaryimage\",\"url\":\"https:\/\/vapeenjoy.com\/wp-content\/uploads\/2025\/07\/\u573a\u666f\u56fe04.jpg\",\"contentUrl\":\"https:\/\/vapeenjoy.com\/wp-content\/uploads\/2025\/07\/\u573a\u666f\u56fe04.jpg\",\"width\":1120,\"height\":1120},{\"@type\":\"BreadcrumbList\",\"@id\":\"https:\/\/vapeenjoy.com\/product\/waspe-fihp-30000-puffs-disposable-vape-28ml-0-5-nicotine-led-display\/#breadcrumb\",\"itemListElement\":[{\"@type\":\"ListItem\",\"position\":1,\"name\":\"Home\",\"item\":\"https:\/\/vapeenjoy.com\/\"},{\"@type\":\"ListItem\",\"position\":2,\"name\":\"Shop\",\"item\":\"https:\/\/vapeenjoy.com\/vapeenjoy-shop\/\"},{\"@type\":\"ListItem\",\"position\":3,\"name\":\"WASPE FIHP 30000 Puffs Disposable Vape 28ml 0-5% Nicotine LED Display\"}]},{\"@type\":\"WebSite\",\"@id\":\"https:\/\/vapeenjoy.com\/#website\",\"url\":\"https:\/\/vapeenjoy.com\/\",\"name\":\"vapeenjoy\",\"description\":\"An online store for selling vapes\",\"potentialAction\":[{\"@type\":\"SearchAction\",\"target\":{\"@type\":\"EntryPoint\",\"urlTemplate\":\"https:\/\/vapeenjoy.com\/?s={search_term_string}\"},\"query-input\":{\"@type\":\"PropertyValueSpecification\",\"valueRequired\":true,\"valueName\":\"search_term_string\"}}],\"inLanguage\":\"it-IT\"}]}<\/script>\n<!-- \/ Yoast SEO plugin. -->","yoast_head_json":{"title":"Waspe FIHP 30000 Puffs Vape monouso 28ml 0-5% Nicotina","description":"Waspe FIHP 30000 Puffs Vape monouso: 28ml E-liquid, 0-5% Nicotina, bobine a doppia maglia, display a LED. Vapore di lunga durata e saporito. Acquista ora!","robots":{"index":"index","follow":"follow","max-snippet":"max-snippet:-1","max-image-preview":"max-image-preview:large","max-video-preview":"max-video-preview:-1"},"canonical":"https:\/\/vapeenjoy.com\/it\/prodotto\/waspe-fihp-30000-puffs-monouso-vape-28ml-0-5-display-a-led-in-nicotina\/","og_locale":"it_IT","og_type":"article","og_title":"WASPE FIHP 30000 Puffs Disposable Vape 28ml 0-5% Nicotine","og_description":"WASPE FIHP 30000 Puffs Disposable Vape: 28ml e-liquid, 0-5% nicotine, dual mesh coils, LED display. Long-lasting, flavorful vaping. Shop now!","og_url":"https:\/\/vapeenjoy.com\/it\/prodotto\/waspe-fihp-30000-puffs-monouso-vape-28ml-0-5-display-a-led-in-nicotina\/","og_site_name":"vapeenjoy","article_modified_time":"2025-09-11T08:27:23+00:00","og_image":[{"width":1120,"height":1120,"url":"https:\/\/vapeenjoy.com\/wp-content\/uploads\/2025\/07\/\u573a\u666f\u56fe04.jpg","type":"image\/jpeg"}],"twitter_card":"summary_large_image","twitter_misc":{"Tempo di lettura stimato":"3 minuti"},"schema":{"@context":"https:\/\/schema.org","@graph":[{"@type":"WebPage","@id":"https:\/\/vapeenjoy.com\/product\/waspe-fihp-30000-puffs-disposable-vape-28ml-0-5-nicotine-led-display\/","url":"https:\/\/vapeenjoy.com\/product\/waspe-fihp-30000-puffs-disposable-vape-28ml-0-5-nicotine-led-display\/","name":"Waspe FIHP 30000 Puffs Vape monouso 28ml 0-5% Nicotina","isPartOf":{"@id":"https:\/\/vapeenjoy.com\/#website"},"primaryImageOfPage":{"@id":"https:\/\/vapeenjoy.com\/product\/waspe-fihp-30000-puffs-disposable-vape-28ml-0-5-nicotine-led-display\/#primaryimage"},"image":{"@id":"https:\/\/vapeenjoy.com\/product\/waspe-fihp-30000-puffs-disposable-vape-28ml-0-5-nicotine-led-display\/#primaryimage"},"thumbnailUrl":"https:\/\/vapeenjoy.com\/wp-content\/uploads\/2025\/07\/\u573a\u666f\u56fe04.jpg","datePublished":"2025-07-22T06:44:24+00:00","dateModified":"2025-09-11T08:27:23+00:00","description":"Waspe FIHP 30000 Puffs Vape monouso: 28ml E-liquid, 0-5% Nicotina, bobine a doppia maglia, display a LED. Vapore di lunga durata e saporito. Acquista ora!","breadcrumb":{"@id":"https:\/\/vapeenjoy.com\/product\/waspe-fihp-30000-puffs-disposable-vape-28ml-0-5-nicotine-led-display\/#breadcrumb"},"inLanguage":"it-IT","potentialAction":[{"@type":"ReadAction","target":["https:\/\/vapeenjoy.com\/product\/waspe-fihp-30000-puffs-disposable-vape-28ml-0-5-nicotine-led-display\/"]}]},{"@type":"ImageObject","inLanguage":"it-IT","@id":"https:\/\/vapeenjoy.com\/product\/waspe-fihp-30000-puffs-disposable-vape-28ml-0-5-nicotine-led-display\/#primaryimage","url":"https:\/\/vapeenjoy.com\/wp-content\/uploads\/2025\/07\/\u573a\u666f\u56fe04.jpg","contentUrl":"https:\/\/vapeenjoy.com\/wp-content\/uploads\/2025\/07\/\u573a\u666f\u56fe04.jpg","width":1120,"height":1120},{"@type":"BreadcrumbList","@id":"https:\/\/vapeenjoy.com\/product\/waspe-fihp-30000-puffs-disposable-vape-28ml-0-5-nicotine-led-display\/#breadcrumb","itemListElement":[{"@type":"ListItem","position":1,"name":"Home","item":"https:\/\/vapeenjoy.com\/"},{"@type":"ListItem","position":2,"name":"Shop","item":"https:\/\/vapeenjoy.com\/vapeenjoy-shop\/"},{"@type":"ListItem","position":3,"name":"WASPE FIHP 30000 Puffs Disposable Vape 28ml 0-5% Nicotine LED Display"}]},{"@type":"WebSite","@id":"https:\/\/vapeenjoy.com\/#website","url":"https:\/\/vapeenjoy.com\/","name":"vapejoy","description":"Un negozio online per la vendita di vapori","potentialAction":[{"@type":"SearchAction","target":{"@type":"EntryPoint","urlTemplate":"https:\/\/vapeenjoy.com\/?s={search_term_string}"},"query-input":{"@type":"PropertyValueSpecification","valueRequired":true,"valueName":"search_term_string"}}],"inLanguage":"it-IT"}]}},"_links":{"self":[{"href":"https:\/\/vapeenjoy.com\/it\/wp-json\/wp\/v2\/product\/389","targetHints":{"allow":["GET"]}}],"collection":[{"href":"https:\/\/vapeenjoy.com\/it\/wp-json\/wp\/v2\/product"}],"about":[{"href":"https:\/\/vapeenjoy.com\/it\/wp-json\/wp\/v2\/types\/product"}],"replies":[{"embeddable":true,"href":"https:\/\/vapeenjoy.com\/it\/wp-json\/wp\/v2\/comments?post=389"}],"version-history":[{"count":3,"href":"https:\/\/vapeenjoy.com\/it\/wp-json\/wp\/v2\/product\/389\/revisions"}],"predecessor-version":[{"id":2358,"href":"https:\/\/vapeenjoy.com\/it\/wp-json\/wp\/v2\/product\/389\/revisions\/2358"}],"wp:featuredmedia":[{"embeddable":true,"href":"https:\/\/vapeenjoy.com\/it\/wp-json\/wp\/v2\/media\/393"}],"wp:attachment":[{"href":"https:\/\/vapeenjoy.com\/it\/wp-json\/wp\/v2\/media?parent=389"}],"wp:term":[{"taxonomy":"product_brand","embeddable":true,"href":"https:\/\/vapeenjoy.com\/it\/wp-json\/wp\/v2\/product_brand?post=389"},{"taxonomy":"product_cat","embeddable":true,"href":"https:\/\/vapeenjoy.com\/it\/wp-json\/wp\/v2\/product_cat?post=389"},{"taxonomy":"product_tag","embeddable":true,"href":"https:\/\/vapeenjoy.com\/it\/wp-json\/wp\/v2\/product_tag?post=389"}],"curies":[{"name":"WP","href":"https:\/\/api.w.org\/{rel}","templated":true}]}}