{"id":422,"date":"2025-07-22T09:00:00","date_gmt":"2025-07-22T09:00:00","guid":{"rendered":"https:\/\/vapeenjoy.com\/?post_type=product&#038;p=422"},"modified":"2025-08-19T02:02:21","modified_gmt":"2025-08-19T02:02:21","slug":"vapme-crown-bar-18000-puffs-pro-max-disposable-vape-25ml-0-5-nicotine","status":"publish","type":"product","link":"https:\/\/vapeenjoy.com\/it\/prodotto\/vapme-crown-bar-18000-puffs-pro-max-vape-monouso-25ml-0-5-nicotina\/","title":{"rendered":"Vapme Crown Bar 18000 Puffs Pro Max Vape monouso 25ml 0-5% Ricarica di tipo C in nicotina"},"content":{"rendered":"<h2 dir=\"ltr\" data-pm-slice=\"1 3 []\">Vapme Crown Bar 18000 Puffs Pro Max Monouso Vape Descrizione<\/h2>\n<p dir=\"ltr\">Vapme, un marchio incentrato sui dispositivi di svapo di qualit\u00e0, d\u00e0 la priorit\u00e0 alla soddisfazione degli utenti. <em>per esempio<\/em>, il Vapme Crown Bar 18000 Puffs Pro Max Monouso Vape offre prestazioni di lunga durata e sapori ricchi. <em>inoltre<\/em>, la sua elegante finitura in pelle assicura un aspetto premium e una presa confortevole. <em>cos\u00ec<\/em>, combina stile e praticit\u00e0 per l'uso quotidiano.<\/p>\n<h2 dir=\"ltr\">Vape monouso Vapme Barra 18000 Specifiche<\/h2>\n<ul class=\"tight\" dir=\"ltr\" data-tight=\"true\">\n<li>\n<p dir=\"ltr\"><strong>conteggio delle sbuffi<\/strong>: Fino a 18000 soffi, garantendo un uso prolungato.<\/p>\n<\/li>\n<li>\n<p dir=\"ltr\"><strong>batteria<\/strong>: 850mAh, ricaricabile tramite Type-C per prestazioni affidabili.<\/p>\n<\/li>\n<li>\n<p dir=\"ltr\"><strong>e-liquido<\/strong>: 25 ml pre-riempito, offrendo ampie sessioni di svapo.<\/p>\n<\/li>\n<li>\n<p dir=\"ltr\"><strong>Forza della nicotina<\/strong>: 0%, 2%, 3%, 5% opzioni per abbinare le preferenze.<\/p>\n<\/li>\n<li>\n<p dir=\"ltr\"><strong>avvolgere a<\/strong>: Bobina a maglia da 0,6 ohm per un sapore e un vapore lisci.<\/p>\n<\/li>\n<li>\n<p dir=\"ltr\"><strong>Stile di svapo<\/strong>: Direct-to-lung (DTL) per nuvole robuste.<\/p>\n<\/li>\n<li>\n<p dir=\"ltr\"><strong>ostentazione<\/strong>: Lo schermo intelligente mostra i livelli di batteria e liquido.<\/p>\n<\/li>\n<li>\n<p dir=\"ltr\"><strong>aerare<\/strong>: regolabile per un disegno personalizzato.<\/p>\n<\/li>\n<\/ul>\n<h2 dir=\"ltr\">12 opzioni di gusto<\/h2>\n<ol class=\"tight\" dir=\"ltr\" data-tight=\"true\">\n<li>\n<p dir=\"ltr\"><strong>ghiaccio lussureggiante<\/strong>: Anguria con mentolo per uno svapo rinfrescante.<\/p>\n<\/li>\n<li>\n<p dir=\"ltr\"><strong>Ghiaccio di bacche<\/strong>: Bacche miste con un tocco di mentolo fresco.<\/p>\n<\/li>\n<li>\n<p dir=\"ltr\"><strong>gomma di mirtilli<\/strong>: Bubblegum con succosi mirtilli, nostalgici e fruttati.<\/p>\n<\/li>\n<li>\n<p dir=\"ltr\"><strong>Festa delle ciliegie<\/strong>: Ciliegie dolci con una miscela di frutta festosa.<\/p>\n<\/li>\n<li>\n<p dir=\"ltr\"><strong>pugno d'uva<\/strong>: Uva audace con un finale incisivo.<\/p>\n<\/li>\n<li>\n<p dir=\"ltr\"><strong>Anguria alla fragola<\/strong>: fragole succose e anguria croccante.<\/p>\n<\/li>\n<li>\n<p dir=\"ltr\"><strong>congelamento del mango<\/strong>: Mango tropicale con mentolo agghiacciante.<\/p>\n<\/li>\n<li>\n<p dir=\"ltr\"><strong>pugno di fragole<\/strong>: Fragole piccanti con un finale audace.<\/p>\n<\/li>\n<li>\n<p dir=\"ltr\"><strong>Dolce frutto della passione<\/strong>: Esotico frutto della passione, dolce e piccante.<\/p>\n<\/li>\n<li>\n<p dir=\"ltr\"><strong>lampone al mirtillo<\/strong>: lamponi aspri e mirtilli dolci.<\/p>\n<\/li>\n<li>\n<p dir=\"ltr\"><strong>Due mele<\/strong>: Sapore croccante e rinfrescante di mela doppia.<\/p>\n<\/li>\n<li>\n<p dir=\"ltr\"><strong>amore 66<\/strong>: Miscela di frutta romantica per un indulgente vaporizzatore.<\/p>\n<\/li>\n<\/ol>\n<h2 dir=\"ltr\">Domande frequenti<\/h2>\n<ol dir=\"ltr\">\n<li>\n<p dir=\"ltr\"><strong>Per cosa \u00e8 progettata la barra della corona Vapme 18000 Pro Max?<\/strong><br \/>\n<em>precisamente<\/em>, \u00e8 creato per gli utenti che cercano uno svapo usa e getta ad alta capacit\u00e0. <em>in pi\u00f9<\/em>, offre un sapore ricco e nuvole robuste, ideali per lo svapo DTL.<\/p>\n<\/li>\n<li>\n<p dir=\"ltr\"><strong>Come faccio a scegliere la giusta forza di nicotina?<\/strong><br \/>\n<em>per esempio<\/em>, seleziona 0% per nicotina, 2% o 3% per moderato o 5% per un colpo pi\u00f9 forte, in base alle tue preferenze.<\/p>\n<\/li>\n<li>\n<p dir=\"ltr\"><strong>Come posso scegliere un sapore che mi si addice?<\/strong><br \/>\n<em>innanzitutto<\/em>, considera le opzioni fruttate come l'anguria alla fragola per la dolcezza. <em>alternativamente<\/em>, scegli i sapori di mentolo come il ghiaccio lussureggiante per un effetto rinfrescante. <em>per finire<\/em>, prova miscele uniche come Love 66 per un gusto distinto.<\/p>\n<\/li>\n<li>\n<p dir=\"ltr\"><strong>Come funziona il flusso d'aria regolabile?<\/strong><br \/>\n<em>in particolare<\/em>, Far scorrere il meccanismo del flusso d'aria per regolare la resistenza di disegno. <em>cos\u00ec<\/em>, puoi adattare l'inspirazione a tuo piacimento.<\/p>\n<\/li>\n<li>\n<p dir=\"ltr\"><strong>Quanto dura la batteria e come la ricarica?<\/strong><br \/>\n<em>tipicamente<\/em>, la batteria da 850 mAh dura giorni, a seconda dell'uso. <em>inoltre<\/em>, ricaricare tramite la porta di tipo C per la ricarica rapida.<\/p>\n<\/li>\n<li>\n<p dir=\"ltr\"><strong>Cosa mostra lo schermo intelligente?<\/strong><br \/>\n<em>precisamente<\/em>, mostra i livelli di batteria ed e-liquid in tempo reale, facilitando il monitoraggio.<\/p>\n<\/li>\n<li>\n<p dir=\"ltr\"><strong>\u00c8 adatto per vapori pesanti?<\/strong><br \/>\n<em>davvero<\/em>, con 18000 soffi, 25 ml di liquido e batteria ricaricabile, \u00e8 perfetto per i frequenti vapers.<\/p>\n<\/li>\n<\/ol>\n<p><img fetchpriority=\"high\" decoding=\"async\" class=\"alignnone wp-image-439 size-full\" src=\"https:\/\/vapeenjoy.com\/wp-content\/uploads\/2025\/07\/\u5fae\u4fe1\u56fe\u7247_20240321174024.jpg\" alt=\"Vapme Crown Bar 18000 Puffs Pro Max monouso aromi\" width=\"1754\" height=\"2480\" srcset=\"https:\/\/vapeenjoy.com\/wp-content\/uploads\/2025\/07\/\u5fae\u4fe1\u56fe\u7247_20240321174024.jpg 1754w, https:\/\/vapeenjoy.com\/wp-content\/uploads\/2025\/07\/\u5fae\u4fe1\u56fe\u7247_20240321174024-600x848.jpg 600w, https:\/\/vapeenjoy.com\/wp-content\/uploads\/2025\/07\/\u5fae\u4fe1\u56fe\u7247_20240321174024-212x300.jpg 212w, https:\/\/vapeenjoy.com\/wp-content\/uploads\/2025\/07\/\u5fae\u4fe1\u56fe\u7247_20240321174024-724x1024.jpg 724w, https:\/\/vapeenjoy.com\/wp-content\/uploads\/2025\/07\/\u5fae\u4fe1\u56fe\u7247_20240321174024-768x1086.jpg 768w, https:\/\/vapeenjoy.com\/wp-content\/uploads\/2025\/07\/\u5fae\u4fe1\u56fe\u7247_20240321174024-1086x1536.jpg 1086w, https:\/\/vapeenjoy.com\/wp-content\/uploads\/2025\/07\/\u5fae\u4fe1\u56fe\u7247_20240321174024-1448x2048.jpg 1448w\" sizes=\"(max-width: 1754px) 100vw, 1754px\" \/><\/p>\n<p>&nbsp;<\/p>","protected":false},"excerpt":{"rendered":"<p dir=\"auto\">Vapme, un marchio impegnato a svapo di qualit\u00e0, presenta il vaporizzatore monouso Crown Bar 18000 Puffs Pro Max. Questo dispositivo offre fino a 18000 soffi con una capacit\u00e0 di 25 ml di e-liquid, batteria ricaricabile da 850 mAh e flusso d'aria regolabile. Caratterizzato da bobina in mesh da 0,6 ohm e schermo intelligente, offre sapori ricchi e nuvole robuste in un design elegante.<\/p>","protected":false},"featured_media":437,"comment_status":"open","ping_status":"closed","template":"","meta":[],"product_brand":[207],"product_cat":[32],"product_tag":[64,69],"class_list":{"0":"post-422","1":"product","2":"type-product","3":"status-publish","4":"has-post-thumbnail","6":"product_brand-vapme-vape","7":"product_cat-18000-puffs-vape","8":"product_tag-0-5-nicotine","9":"product_tag-25ml","11":"first","12":"instock","13":"sale","14":"shipping-taxable","15":"purchasable","16":"product-type-variable"},"yoast_head":"<!-- This site is optimized with the Yoast SEO plugin v25.7 - https:\/\/yoast.com\/wordpress\/plugins\/seo\/ -->\n<title>VAPME Crown Bar 18000 Puffs Pro Max Disposable Vape 25ml<\/title>\n<meta name=\"description\" content=\"VAPME Crown Bar 18000 Puffs Disposable Vape offers 25ml e-liquid, 0-5% nicotine, and Type-C charging for a premium vaping experience. Shop now!\" \/>\n<meta name=\"robots\" content=\"index, follow, max-snippet:-1, max-image-preview:large, max-video-preview:-1\" \/>\n<link rel=\"canonical\" href=\"https:\/\/vapeenjoy.com\/it\/prodotto\/vapme-crown-bar-18000-puffs-pro-max-vape-monouso-25ml-0-5-nicotina\/\" \/>\n<meta property=\"og:locale\" content=\"it_IT\" \/>\n<meta property=\"og:type\" content=\"article\" \/>\n<meta property=\"og:title\" content=\"VAPME Crown Bar 18000 Puffs Pro Max Disposable Vape 25ml\" \/>\n<meta property=\"og:description\" content=\"VAPME Crown Bar 18000 Puffs Disposable Vape offers 25ml e-liquid, 0-5% nicotine, and Type-C charging for a premium vaping experience. Shop now!\" \/>\n<meta property=\"og:url\" content=\"https:\/\/vapeenjoy.com\/it\/prodotto\/vapme-crown-bar-18000-puffs-pro-max-vape-monouso-25ml-0-5-nicotina\/\" \/>\n<meta property=\"og:site_name\" content=\"vapeenjoy\" \/>\n<meta property=\"article:modified_time\" content=\"2025-08-19T02:02:21+00:00\" \/>\n<meta property=\"og:image\" content=\"https:\/\/vapeenjoy.com\/wp-content\/uploads\/2025\/07\/\u5fae\u4fe1\u56fe\u7247_20240321174010-scaled.png\" \/>\n\t<meta property=\"og:image:width\" content=\"1810\" \/>\n\t<meta property=\"og:image:height\" content=\"2560\" \/>\n\t<meta property=\"og:image:type\" content=\"image\/png\" \/>\n<meta name=\"twitter:card\" content=\"summary_large_image\" \/>\n<meta name=\"twitter:label1\" content=\"Tempo di lettura stimato\" \/>\n\t<meta name=\"twitter:data1\" content=\"3 minuti\" \/>\n<script type=\"application\/ld+json\" class=\"yoast-schema-graph\">{\"@context\":\"https:\/\/schema.org\",\"@graph\":[{\"@type\":\"WebPage\",\"@id\":\"https:\/\/vapeenjoy.com\/product\/vapme-crown-bar-18000-puffs-pro-max-disposable-vape-25ml-0-5-nicotine\/\",\"url\":\"https:\/\/vapeenjoy.com\/product\/vapme-crown-bar-18000-puffs-pro-max-disposable-vape-25ml-0-5-nicotine\/\",\"name\":\"VAPME Crown Bar 18000 Puffs Pro Max Disposable Vape 25ml\",\"isPartOf\":{\"@id\":\"https:\/\/vapeenjoy.com\/#website\"},\"primaryImageOfPage\":{\"@id\":\"https:\/\/vapeenjoy.com\/product\/vapme-crown-bar-18000-puffs-pro-max-disposable-vape-25ml-0-5-nicotine\/#primaryimage\"},\"image\":{\"@id\":\"https:\/\/vapeenjoy.com\/product\/vapme-crown-bar-18000-puffs-pro-max-disposable-vape-25ml-0-5-nicotine\/#primaryimage\"},\"thumbnailUrl\":\"https:\/\/vapeenjoy.com\/wp-content\/uploads\/2025\/07\/\u5fae\u4fe1\u56fe\u7247_20240321174010-scaled.png\",\"datePublished\":\"2025-07-22T09:00:00+00:00\",\"dateModified\":\"2025-08-19T02:02:21+00:00\",\"description\":\"VAPME Crown Bar 18000 Puffs Disposable Vape offers 25ml e-liquid, 0-5% nicotine, and Type-C charging for a premium vaping experience. Shop now!\",\"breadcrumb\":{\"@id\":\"https:\/\/vapeenjoy.com\/product\/vapme-crown-bar-18000-puffs-pro-max-disposable-vape-25ml-0-5-nicotine\/#breadcrumb\"},\"inLanguage\":\"it-IT\",\"potentialAction\":[{\"@type\":\"ReadAction\",\"target\":[\"https:\/\/vapeenjoy.com\/product\/vapme-crown-bar-18000-puffs-pro-max-disposable-vape-25ml-0-5-nicotine\/\"]}]},{\"@type\":\"ImageObject\",\"inLanguage\":\"it-IT\",\"@id\":\"https:\/\/vapeenjoy.com\/product\/vapme-crown-bar-18000-puffs-pro-max-disposable-vape-25ml-0-5-nicotine\/#primaryimage\",\"url\":\"https:\/\/vapeenjoy.com\/wp-content\/uploads\/2025\/07\/\u5fae\u4fe1\u56fe\u7247_20240321174010-scaled.png\",\"contentUrl\":\"https:\/\/vapeenjoy.com\/wp-content\/uploads\/2025\/07\/\u5fae\u4fe1\u56fe\u7247_20240321174010-scaled.png\",\"width\":1810,\"height\":2560},{\"@type\":\"BreadcrumbList\",\"@id\":\"https:\/\/vapeenjoy.com\/product\/vapme-crown-bar-18000-puffs-pro-max-disposable-vape-25ml-0-5-nicotine\/#breadcrumb\",\"itemListElement\":[{\"@type\":\"ListItem\",\"position\":1,\"name\":\"Home\",\"item\":\"https:\/\/vapeenjoy.com\/\"},{\"@type\":\"ListItem\",\"position\":2,\"name\":\"Shop\",\"item\":\"https:\/\/vapeenjoy.com\/vapeenjoy-shop\/\"},{\"@type\":\"ListItem\",\"position\":3,\"name\":\"VAPME Crown Bar 18000 Puffs Pro Max Disposable Vape 25ml 0-5% Nicotine Type-C Recharge\"}]},{\"@type\":\"WebSite\",\"@id\":\"https:\/\/vapeenjoy.com\/#website\",\"url\":\"https:\/\/vapeenjoy.com\/\",\"name\":\"vapeenjoy\",\"description\":\"An online store for selling vapes\",\"potentialAction\":[{\"@type\":\"SearchAction\",\"target\":{\"@type\":\"EntryPoint\",\"urlTemplate\":\"https:\/\/vapeenjoy.com\/?s={search_term_string}\"},\"query-input\":{\"@type\":\"PropertyValueSpecification\",\"valueRequired\":true,\"valueName\":\"search_term_string\"}}],\"inLanguage\":\"it-IT\"}]}<\/script>\n<!-- \/ Yoast SEO plugin. -->","yoast_head_json":{"title":"Vapme Crown Bar 18000 Puffs Pro Max Vape monouso 25ml","description":"Vapme Crown Bar 18000 Puffs Monouso Vape offre 25 ml di e-liquid, 0-5% nicotina e ricarica di tipo C per un'esperienza di svapo premium. Acquista ora!","robots":{"index":"index","follow":"follow","max-snippet":"max-snippet:-1","max-image-preview":"max-image-preview:large","max-video-preview":"max-video-preview:-1"},"canonical":"https:\/\/vapeenjoy.com\/it\/prodotto\/vapme-crown-bar-18000-puffs-pro-max-vape-monouso-25ml-0-5-nicotina\/","og_locale":"it_IT","og_type":"article","og_title":"VAPME Crown Bar 18000 Puffs Pro Max Disposable Vape 25ml","og_description":"VAPME Crown Bar 18000 Puffs Disposable Vape offers 25ml e-liquid, 0-5% nicotine, and Type-C charging for a premium vaping experience. Shop now!","og_url":"https:\/\/vapeenjoy.com\/it\/prodotto\/vapme-crown-bar-18000-puffs-pro-max-vape-monouso-25ml-0-5-nicotina\/","og_site_name":"vapeenjoy","article_modified_time":"2025-08-19T02:02:21+00:00","og_image":[{"width":1810,"height":2560,"url":"https:\/\/vapeenjoy.com\/wp-content\/uploads\/2025\/07\/\u5fae\u4fe1\u56fe\u7247_20240321174010-scaled.png","type":"image\/png"}],"twitter_card":"summary_large_image","twitter_misc":{"Tempo di lettura stimato":"3 minuti"},"schema":{"@context":"https:\/\/schema.org","@graph":[{"@type":"WebPage","@id":"https:\/\/vapeenjoy.com\/product\/vapme-crown-bar-18000-puffs-pro-max-disposable-vape-25ml-0-5-nicotine\/","url":"https:\/\/vapeenjoy.com\/product\/vapme-crown-bar-18000-puffs-pro-max-disposable-vape-25ml-0-5-nicotine\/","name":"Vapme Crown Bar 18000 Puffs Pro Max Vape monouso 25ml","isPartOf":{"@id":"https:\/\/vapeenjoy.com\/#website"},"primaryImageOfPage":{"@id":"https:\/\/vapeenjoy.com\/product\/vapme-crown-bar-18000-puffs-pro-max-disposable-vape-25ml-0-5-nicotine\/#primaryimage"},"image":{"@id":"https:\/\/vapeenjoy.com\/product\/vapme-crown-bar-18000-puffs-pro-max-disposable-vape-25ml-0-5-nicotine\/#primaryimage"},"thumbnailUrl":"https:\/\/vapeenjoy.com\/wp-content\/uploads\/2025\/07\/\u5fae\u4fe1\u56fe\u7247_20240321174010-scaled.png","datePublished":"2025-07-22T09:00:00+00:00","dateModified":"2025-08-19T02:02:21+00:00","description":"Vapme Crown Bar 18000 Puffs Monouso Vape offre 25 ml di e-liquid, 0-5% nicotina e ricarica di tipo C per un'esperienza di svapo premium. Acquista ora!","breadcrumb":{"@id":"https:\/\/vapeenjoy.com\/product\/vapme-crown-bar-18000-puffs-pro-max-disposable-vape-25ml-0-5-nicotine\/#breadcrumb"},"inLanguage":"it-IT","potentialAction":[{"@type":"ReadAction","target":["https:\/\/vapeenjoy.com\/product\/vapme-crown-bar-18000-puffs-pro-max-disposable-vape-25ml-0-5-nicotine\/"]}]},{"@type":"ImageObject","inLanguage":"it-IT","@id":"https:\/\/vapeenjoy.com\/product\/vapme-crown-bar-18000-puffs-pro-max-disposable-vape-25ml-0-5-nicotine\/#primaryimage","url":"https:\/\/vapeenjoy.com\/wp-content\/uploads\/2025\/07\/\u5fae\u4fe1\u56fe\u7247_20240321174010-scaled.png","contentUrl":"https:\/\/vapeenjoy.com\/wp-content\/uploads\/2025\/07\/\u5fae\u4fe1\u56fe\u7247_20240321174010-scaled.png","width":1810,"height":2560},{"@type":"BreadcrumbList","@id":"https:\/\/vapeenjoy.com\/product\/vapme-crown-bar-18000-puffs-pro-max-disposable-vape-25ml-0-5-nicotine\/#breadcrumb","itemListElement":[{"@type":"ListItem","position":1,"name":"Home","item":"https:\/\/vapeenjoy.com\/"},{"@type":"ListItem","position":2,"name":"Shop","item":"https:\/\/vapeenjoy.com\/vapeenjoy-shop\/"},{"@type":"ListItem","position":3,"name":"VAPME Crown Bar 18000 Puffs Pro Max Disposable Vape 25ml 0-5% Nicotine Type-C Recharge"}]},{"@type":"WebSite","@id":"https:\/\/vapeenjoy.com\/#website","url":"https:\/\/vapeenjoy.com\/","name":"vapejoy","description":"Un negozio online per la vendita di vapori","potentialAction":[{"@type":"SearchAction","target":{"@type":"EntryPoint","urlTemplate":"https:\/\/vapeenjoy.com\/?s={search_term_string}"},"query-input":{"@type":"PropertyValueSpecification","valueRequired":true,"valueName":"search_term_string"}}],"inLanguage":"it-IT"}]}},"_links":{"self":[{"href":"https:\/\/vapeenjoy.com\/it\/wp-json\/wp\/v2\/product\/422","targetHints":{"allow":["GET"]}}],"collection":[{"href":"https:\/\/vapeenjoy.com\/it\/wp-json\/wp\/v2\/product"}],"about":[{"href":"https:\/\/vapeenjoy.com\/it\/wp-json\/wp\/v2\/types\/product"}],"replies":[{"embeddable":true,"href":"https:\/\/vapeenjoy.com\/it\/wp-json\/wp\/v2\/comments?post=422"}],"version-history":[{"count":3,"href":"https:\/\/vapeenjoy.com\/it\/wp-json\/wp\/v2\/product\/422\/revisions"}],"predecessor-version":[{"id":438,"href":"https:\/\/vapeenjoy.com\/it\/wp-json\/wp\/v2\/product\/422\/revisions\/438"}],"wp:featuredmedia":[{"embeddable":true,"href":"https:\/\/vapeenjoy.com\/it\/wp-json\/wp\/v2\/media\/437"}],"wp:attachment":[{"href":"https:\/\/vapeenjoy.com\/it\/wp-json\/wp\/v2\/media?parent=422"}],"wp:term":[{"taxonomy":"product_brand","embeddable":true,"href":"https:\/\/vapeenjoy.com\/it\/wp-json\/wp\/v2\/product_brand?post=422"},{"taxonomy":"product_cat","embeddable":true,"href":"https:\/\/vapeenjoy.com\/it\/wp-json\/wp\/v2\/product_cat?post=422"},{"taxonomy":"product_tag","embeddable":true,"href":"https:\/\/vapeenjoy.com\/it\/wp-json\/wp\/v2\/product_tag?post=422"}],"curies":[{"name":"WP","href":"https:\/\/api.w.org\/{rel}","templated":true}]}}