{"id":680,"date":"2025-07-28T08:16:12","date_gmt":"2025-07-28T08:16:12","guid":{"rendered":"https:\/\/vapeenjoy.com\/?post_type=product&#038;p=680"},"modified":"2025-08-18T08:07:07","modified_gmt":"2025-08-18T08:07:07","slug":"bang-king-tornado-35k-puffs-disposable-vape","status":"publish","type":"product","link":"https:\/\/vapeenjoy.com\/it\/prodotto\/bang-king-tornado-35k-sbuffi-vape-usa-e-getta\/","title":{"rendered":"Bang King Tornado 35K Sbuffi monouso Penna Vape 23ml 0-5% Nicotina"},"content":{"rendered":"<h2 dir=\"auto\"><strong>Bang King Tornado 35K Soffie Vape monouso Descrizione<\/strong><\/h2>\n<p dir=\"auto\">Bang King, un nome affidabile nello svapo, offre costantemente dispositivi usa e getta affidabili e di alta qualit\u00e0. In particolare, il Vape monouso per soffi 35K Bang King Tornado offre un'opzione conveniente e duratura per i vapori. Inoltre, il suo design elegante ed ergonomico abbinato a un vivace display a LED unisce la praticit\u00e0 allo stile moderno, rendendolo ideale per coloro che danno la priorit\u00e0 sia alla funzione che all'estetica.<\/p>\n<h2 dir=\"auto\"><strong>Bang King Tornado 35K Puffs Vape monouso per le specifiche e caratteristiche<\/strong><\/h2>\n<ul dir=\"auto\">\n<li><strong>Conteggio sbuffo:<\/strong> 35.000 soffi \u2013 fornisce fino a 35.000 soffi per uso prolungato.<\/li>\n<li><strong>Capacit\u00e0 del liquido elettronico:<\/strong> 23ml \u2013 Contiene 23 ml di liquido per un sapore consistente.<\/li>\n<li><strong>Capacit\u00e0 della batteria:<\/strong> 850mAh \u2013 Dispone di una batteria ricaricabile da 850 mAh per prestazioni affidabili.<\/li>\n<li><strong>Carica:<\/strong> Type-C \u2013 Supporta la ricarica rapida di tipo C per ricarica rapida.<\/li>\n<li><strong>Forza di nicotina:<\/strong> 0%, 2%, 3%, 5% \u2013 offre livelli flessibili di nicotina per tutte le preferenze.<\/li>\n<li><strong>Bobina:<\/strong> Bobina a maglia da 0,6\u03a9 \u2013 assicura un sapore migliorato e un vapore liscio.<\/li>\n<li><strong>Visualizza:<\/strong> Schermo LED \u2013 mostra la batteria in tempo reale e i livelli di e-liquid.<\/li>\n<li><strong>Sicurezza:<\/strong> contestatario -Protezione da ustione a secco \u2013 Previene i colpi secchi per uno svapo pi\u00f9 sicuro.<\/li>\n<\/ul>\n<h3 dir=\"auto\"><strong>12 opzioni di sapore vibrante<\/strong><\/h3>\n<ol dir=\"auto\">\n<li><strong>Mango alla fragola<\/strong> \u2013 Fragole dolci e mango tropicale creano uno svapo rinfrescante.<\/li>\n<li><strong>amore66<\/strong> \u2013 Le note fruttate con un finale liscio offrono un gusto equilibrato.<\/li>\n<li><strong>ghiaccio blu razz<\/strong> \u2013 Il lampone blu piccante con mentolo offre un soffio croccante.<\/li>\n<li><strong>Anguria alla fragola<\/strong> \u2013 Fragole dolci e succosa miscela di anguria per un sapore estivo.<\/li>\n<li><strong>menta<\/strong> \u2013 Il limone piccante con menta fresca fornisce uno svapo rivitalizzante.<\/li>\n<li><strong>doppia mela<\/strong> \u2013 Le mele verdi croccanti e rosse dolci creano un gusto ricco.<\/li>\n<li><strong>bevanda energetica<\/strong> \u2013 Imita una bevanda energetica audace per uno svapo energizzante.<\/li>\n<li><strong>Ghiaccio di pesca<\/strong> \u2013 La pesca succosa con mentolo offre una sensazione di dolce e rinfrescante.<\/li>\n<li><strong>Kiwi alla fragola<\/strong> \u2013 Fragole dolci e kiwi piccante offrono un sapore vibrante.<\/li>\n<li><strong>Ghiaccio d'<\/strong> \u2013 Le uve succose con mentolo garantiscono uno svapo liscio e rinfrescante.<\/li>\n<li><strong>ghiaccio ai mirtilli<\/strong> \u2013 Mirtilli maturi con un tocco ghiacciato creano uno svapo croccante.<\/li>\n<li><strong>anguria<\/strong> \u2013 Il sapore puro dell'anguria fornisce un vaporizzatore pulito e dolce.<\/li>\n<\/ol>\n<h2 dir=\"auto\"><strong>Domande frequenti<\/strong><\/h2>\n<ol dir=\"auto\">\n<li><strong>Quanto dura il Bang King Tornado 35K?<\/strong><br \/>\nCon 35.000 soffi, dura settimane per i vapers regolari, a seconda dell'uso.<\/li>\n<li><strong>Il Bang King Tornado \u00e8 ricaricabile?<\/strong><br \/>\nS\u00ec, \u00e8 dotato di una porta di tipo C per la ricarica rapida.<\/li>\n<li><strong>Come faccio a sapere quando ricaricare o sostituire il dispositivo?<\/strong><br \/>\nAd esempio, il display a LED mostra i livelli di batteria e di e-liquid in tempo reale per un facile monitoraggio.<\/li>\n<li><strong>Come faccio a scegliere il gusto giusto?<\/strong><br \/>\nIn particolare, prova le miscele fruttate come il mango alla fragola per le opzioni di dolcezza o mentolo come il ghiaccio blu razz per un effetto rinfrescante.<\/li>\n<li><strong>I punti di forza della nicotina sono adatti a tutti?<\/strong><br \/>\nIn effetti, le opzioni da 0% a 5% si adattano sia ai vapers che non hanno nicotina e colpiscono.<\/li>\n<li><strong>Il dispositivo \u00e8 sicuro?<\/strong><br \/>\nAssolutamente, la protezione anti-ustione assicura uno svapo sicuro e costante.<\/li>\n<\/ol>\n<p><img fetchpriority=\"high\" decoding=\"async\" class=\"alignnone wp-image-683 size-full\" src=\"https:\/\/vapeenjoy.com\/wp-content\/uploads\/2025\/07\/Bang-King-Tornado-35000-35K-Puffs-Disposable-Vape.jpg\" alt=\"Bang King Tornado 35000 35K Sbuffi Vape monouso\" width=\"1800\" height=\"1200\" srcset=\"https:\/\/vapeenjoy.com\/wp-content\/uploads\/2025\/07\/Bang-King-Tornado-35000-35K-Puffs-Disposable-Vape.jpg 1800w, https:\/\/vapeenjoy.com\/wp-content\/uploads\/2025\/07\/Bang-King-Tornado-35000-35K-Puffs-Disposable-Vape-600x400.jpg 600w, https:\/\/vapeenjoy.com\/wp-content\/uploads\/2025\/07\/Bang-King-Tornado-35000-35K-Puffs-Disposable-Vape-300x200.jpg 300w, https:\/\/vapeenjoy.com\/wp-content\/uploads\/2025\/07\/Bang-King-Tornado-35000-35K-Puffs-Disposable-Vape-1024x683.jpg 1024w, https:\/\/vapeenjoy.com\/wp-content\/uploads\/2025\/07\/Bang-King-Tornado-35000-35K-Puffs-Disposable-Vape-768x512.jpg 768w, https:\/\/vapeenjoy.com\/wp-content\/uploads\/2025\/07\/Bang-King-Tornado-35000-35K-Puffs-Disposable-Vape-1536x1024.jpg 1536w\" sizes=\"(max-width: 1800px) 100vw, 1800px\" \/><\/p>","protected":false},"excerpt":{"rendered":"<p dir=\"auto\">Bang King, un nome di fiducia nello svapo, presenta il Tornado 35K Puffs Monouso Vape, un dispositivo ad alta capacit\u00e0 progettato per una comodit\u00e0 di lunga durata. Con una capacit\u00e0 di 23 ml di liquido elettronico, una batteria ricaricabile da 850 mAh e opzioni di nicotina 0-5%, eroga fino a 35.000 soffi. Caratterizzato da bobina a maglia da 0,6\u03a9 e display a LED, questo svapo elegante assicura un sapore ricco e un facile monitoraggio.<\/p>","protected":false},"featured_media":684,"comment_status":"open","ping_status":"closed","template":"","meta":[],"product_brand":[16],"product_cat":[47],"product_tag":[64,74],"class_list":{"0":"post-680","1":"product","2":"type-product","3":"status-publish","4":"has-post-thumbnail","6":"product_brand-bang-vape","7":"product_cat-35000-puffs-vape","8":"product_tag-0-5-nicotine","9":"product_tag-23ml","11":"first","12":"instock","13":"sale","14":"shipping-taxable","15":"purchasable","16":"product-type-variable"},"yoast_head":"<!-- This site is optimized with the Yoast SEO plugin v25.7 - https:\/\/yoast.com\/wordpress\/plugins\/seo\/ -->\n<title>Bang King Tornado 35K Puffs Disposable Vape Pen 23ml e-liquid<\/title>\n<meta name=\"description\" content=\"Bang King Tornado 35K Puffs Disposable Vape Pen: 23ml e-liquid, 0-5% nicotine, 1000mAh battery, Type-C charging, 12 flavors. Shop now for premium vaping!\" \/>\n<meta name=\"robots\" content=\"index, follow, max-snippet:-1, max-image-preview:large, max-video-preview:-1\" \/>\n<link rel=\"canonical\" href=\"https:\/\/vapeenjoy.com\/it\/prodotto\/bang-king-tornado-35k-sbuffi-vape-usa-e-getta\/\" \/>\n<meta property=\"og:locale\" content=\"it_IT\" \/>\n<meta property=\"og:type\" content=\"article\" \/>\n<meta property=\"og:title\" content=\"Bang King Tornado 35K Puffs Disposable Vape Pen 23ml e-liquid\" \/>\n<meta property=\"og:description\" content=\"Bang King Tornado 35K Puffs Disposable Vape Pen: 23ml e-liquid, 0-5% nicotine, 1000mAh battery, Type-C charging, 12 flavors. Shop now for premium vaping!\" \/>\n<meta property=\"og:url\" content=\"https:\/\/vapeenjoy.com\/it\/prodotto\/bang-king-tornado-35k-sbuffi-vape-usa-e-getta\/\" \/>\n<meta property=\"og:site_name\" content=\"vapeenjoy\" \/>\n<meta property=\"article:modified_time\" content=\"2025-08-18T08:07:07+00:00\" \/>\n<meta property=\"og:image\" content=\"https:\/\/vapeenjoy.com\/wp-content\/uploads\/2025\/07\/Bang-King-Tornado-35000-35K-Puffs-Disposable-Vape.webp\" \/>\n\t<meta property=\"og:image:width\" content=\"654\" \/>\n\t<meta property=\"og:image:height\" content=\"690\" \/>\n\t<meta property=\"og:image:type\" content=\"image\/webp\" \/>\n<meta name=\"twitter:card\" content=\"summary_large_image\" \/>\n<meta name=\"twitter:label1\" content=\"Tempo di lettura stimato\" \/>\n\t<meta name=\"twitter:data1\" content=\"3 minuti\" \/>\n<script type=\"application\/ld+json\" class=\"yoast-schema-graph\">{\"@context\":\"https:\/\/schema.org\",\"@graph\":[{\"@type\":\"WebPage\",\"@id\":\"https:\/\/vapeenjoy.com\/product\/bang-king-tornado-35k-puffs-disposable-vape\/\",\"url\":\"https:\/\/vapeenjoy.com\/product\/bang-king-tornado-35k-puffs-disposable-vape\/\",\"name\":\"Bang King Tornado 35K Puffs Disposable Vape Pen 23ml e-liquid\",\"isPartOf\":{\"@id\":\"https:\/\/vapeenjoy.com\/#website\"},\"primaryImageOfPage\":{\"@id\":\"https:\/\/vapeenjoy.com\/product\/bang-king-tornado-35k-puffs-disposable-vape\/#primaryimage\"},\"image\":{\"@id\":\"https:\/\/vapeenjoy.com\/product\/bang-king-tornado-35k-puffs-disposable-vape\/#primaryimage\"},\"thumbnailUrl\":\"https:\/\/vapeenjoy.com\/wp-content\/uploads\/2025\/07\/Bang-King-Tornado-35000-35K-Puffs-Disposable-Vape.webp\",\"datePublished\":\"2025-07-28T08:16:12+00:00\",\"dateModified\":\"2025-08-18T08:07:07+00:00\",\"description\":\"Bang King Tornado 35K Puffs Disposable Vape Pen: 23ml e-liquid, 0-5% nicotine, 1000mAh battery, Type-C charging, 12 flavors. Shop now for premium vaping!\",\"breadcrumb\":{\"@id\":\"https:\/\/vapeenjoy.com\/product\/bang-king-tornado-35k-puffs-disposable-vape\/#breadcrumb\"},\"inLanguage\":\"it-IT\",\"potentialAction\":[{\"@type\":\"ReadAction\",\"target\":[\"https:\/\/vapeenjoy.com\/product\/bang-king-tornado-35k-puffs-disposable-vape\/\"]}]},{\"@type\":\"ImageObject\",\"inLanguage\":\"it-IT\",\"@id\":\"https:\/\/vapeenjoy.com\/product\/bang-king-tornado-35k-puffs-disposable-vape\/#primaryimage\",\"url\":\"https:\/\/vapeenjoy.com\/wp-content\/uploads\/2025\/07\/Bang-King-Tornado-35000-35K-Puffs-Disposable-Vape.webp\",\"contentUrl\":\"https:\/\/vapeenjoy.com\/wp-content\/uploads\/2025\/07\/Bang-King-Tornado-35000-35K-Puffs-Disposable-Vape.webp\",\"width\":654,\"height\":690},{\"@type\":\"BreadcrumbList\",\"@id\":\"https:\/\/vapeenjoy.com\/product\/bang-king-tornado-35k-puffs-disposable-vape\/#breadcrumb\",\"itemListElement\":[{\"@type\":\"ListItem\",\"position\":1,\"name\":\"Home\",\"item\":\"https:\/\/vapeenjoy.com\/\"},{\"@type\":\"ListItem\",\"position\":2,\"name\":\"Shop\",\"item\":\"https:\/\/vapeenjoy.com\/vapeenjoy-shop\/\"},{\"@type\":\"ListItem\",\"position\":3,\"name\":\"Bang King Tornado 35K Puffs Disposable Vape Pen 23ml 0-5% Nicotine\"}]},{\"@type\":\"WebSite\",\"@id\":\"https:\/\/vapeenjoy.com\/#website\",\"url\":\"https:\/\/vapeenjoy.com\/\",\"name\":\"vapeenjoy\",\"description\":\"An online store for selling vapes\",\"potentialAction\":[{\"@type\":\"SearchAction\",\"target\":{\"@type\":\"EntryPoint\",\"urlTemplate\":\"https:\/\/vapeenjoy.com\/?s={search_term_string}\"},\"query-input\":{\"@type\":\"PropertyValueSpecification\",\"valueRequired\":true,\"valueName\":\"search_term_string\"}}],\"inLanguage\":\"it-IT\"}]}<\/script>\n<!-- \/ Yoast SEO plugin. -->","yoast_head_json":{"title":"Bang King Tornado 35K Soffie monouso Vape Pen 23ml E-Liquid","description":"Bang King Tornado 35K Puffs Monouso per Vapo Pen: 23 ml E-liquid, 0-5% Nicotina, Batteria da 1000mAh, Ricarica Type-C, 12 gusti. Acquista ora per lo svapo premium!","robots":{"index":"index","follow":"follow","max-snippet":"max-snippet:-1","max-image-preview":"max-image-preview:large","max-video-preview":"max-video-preview:-1"},"canonical":"https:\/\/vapeenjoy.com\/it\/prodotto\/bang-king-tornado-35k-sbuffi-vape-usa-e-getta\/","og_locale":"it_IT","og_type":"article","og_title":"Bang King Tornado 35K Puffs Disposable Vape Pen 23ml e-liquid","og_description":"Bang King Tornado 35K Puffs Disposable Vape Pen: 23ml e-liquid, 0-5% nicotine, 1000mAh battery, Type-C charging, 12 flavors. Shop now for premium vaping!","og_url":"https:\/\/vapeenjoy.com\/it\/prodotto\/bang-king-tornado-35k-sbuffi-vape-usa-e-getta\/","og_site_name":"vapeenjoy","article_modified_time":"2025-08-18T08:07:07+00:00","og_image":[{"width":654,"height":690,"url":"https:\/\/vapeenjoy.com\/wp-content\/uploads\/2025\/07\/Bang-King-Tornado-35000-35K-Puffs-Disposable-Vape.webp","type":"image\/webp"}],"twitter_card":"summary_large_image","twitter_misc":{"Tempo di lettura stimato":"3 minuti"},"schema":{"@context":"https:\/\/schema.org","@graph":[{"@type":"WebPage","@id":"https:\/\/vapeenjoy.com\/product\/bang-king-tornado-35k-puffs-disposable-vape\/","url":"https:\/\/vapeenjoy.com\/product\/bang-king-tornado-35k-puffs-disposable-vape\/","name":"Bang King Tornado 35K Soffie monouso Vape Pen 23ml E-Liquid","isPartOf":{"@id":"https:\/\/vapeenjoy.com\/#website"},"primaryImageOfPage":{"@id":"https:\/\/vapeenjoy.com\/product\/bang-king-tornado-35k-puffs-disposable-vape\/#primaryimage"},"image":{"@id":"https:\/\/vapeenjoy.com\/product\/bang-king-tornado-35k-puffs-disposable-vape\/#primaryimage"},"thumbnailUrl":"https:\/\/vapeenjoy.com\/wp-content\/uploads\/2025\/07\/Bang-King-Tornado-35000-35K-Puffs-Disposable-Vape.webp","datePublished":"2025-07-28T08:16:12+00:00","dateModified":"2025-08-18T08:07:07+00:00","description":"Bang King Tornado 35K Puffs Monouso per Vapo Pen: 23 ml E-liquid, 0-5% Nicotina, Batteria da 1000mAh, Ricarica Type-C, 12 gusti. Acquista ora per lo svapo premium!","breadcrumb":{"@id":"https:\/\/vapeenjoy.com\/product\/bang-king-tornado-35k-puffs-disposable-vape\/#breadcrumb"},"inLanguage":"it-IT","potentialAction":[{"@type":"ReadAction","target":["https:\/\/vapeenjoy.com\/product\/bang-king-tornado-35k-puffs-disposable-vape\/"]}]},{"@type":"ImageObject","inLanguage":"it-IT","@id":"https:\/\/vapeenjoy.com\/product\/bang-king-tornado-35k-puffs-disposable-vape\/#primaryimage","url":"https:\/\/vapeenjoy.com\/wp-content\/uploads\/2025\/07\/Bang-King-Tornado-35000-35K-Puffs-Disposable-Vape.webp","contentUrl":"https:\/\/vapeenjoy.com\/wp-content\/uploads\/2025\/07\/Bang-King-Tornado-35000-35K-Puffs-Disposable-Vape.webp","width":654,"height":690},{"@type":"BreadcrumbList","@id":"https:\/\/vapeenjoy.com\/product\/bang-king-tornado-35k-puffs-disposable-vape\/#breadcrumb","itemListElement":[{"@type":"ListItem","position":1,"name":"Home","item":"https:\/\/vapeenjoy.com\/"},{"@type":"ListItem","position":2,"name":"Shop","item":"https:\/\/vapeenjoy.com\/vapeenjoy-shop\/"},{"@type":"ListItem","position":3,"name":"Bang King Tornado 35K Puffs Disposable Vape Pen 23ml 0-5% Nicotine"}]},{"@type":"WebSite","@id":"https:\/\/vapeenjoy.com\/#website","url":"https:\/\/vapeenjoy.com\/","name":"vapejoy","description":"Un negozio online per la vendita di vapori","potentialAction":[{"@type":"SearchAction","target":{"@type":"EntryPoint","urlTemplate":"https:\/\/vapeenjoy.com\/?s={search_term_string}"},"query-input":{"@type":"PropertyValueSpecification","valueRequired":true,"valueName":"search_term_string"}}],"inLanguage":"it-IT"}]}},"_links":{"self":[{"href":"https:\/\/vapeenjoy.com\/it\/wp-json\/wp\/v2\/product\/680","targetHints":{"allow":["GET"]}}],"collection":[{"href":"https:\/\/vapeenjoy.com\/it\/wp-json\/wp\/v2\/product"}],"about":[{"href":"https:\/\/vapeenjoy.com\/it\/wp-json\/wp\/v2\/types\/product"}],"replies":[{"embeddable":true,"href":"https:\/\/vapeenjoy.com\/it\/wp-json\/wp\/v2\/comments?post=680"}],"version-history":[{"count":4,"href":"https:\/\/vapeenjoy.com\/it\/wp-json\/wp\/v2\/product\/680\/revisions"}],"predecessor-version":[{"id":2315,"href":"https:\/\/vapeenjoy.com\/it\/wp-json\/wp\/v2\/product\/680\/revisions\/2315"}],"wp:featuredmedia":[{"embeddable":true,"href":"https:\/\/vapeenjoy.com\/it\/wp-json\/wp\/v2\/media\/684"}],"wp:attachment":[{"href":"https:\/\/vapeenjoy.com\/it\/wp-json\/wp\/v2\/media?parent=680"}],"wp:term":[{"taxonomy":"product_brand","embeddable":true,"href":"https:\/\/vapeenjoy.com\/it\/wp-json\/wp\/v2\/product_brand?post=680"},{"taxonomy":"product_cat","embeddable":true,"href":"https:\/\/vapeenjoy.com\/it\/wp-json\/wp\/v2\/product_cat?post=680"},{"taxonomy":"product_tag","embeddable":true,"href":"https:\/\/vapeenjoy.com\/it\/wp-json\/wp\/v2\/product_tag?post=680"}],"curies":[{"name":"WP","href":"https:\/\/api.w.org\/{rel}","templated":true}]}}