{"id":690,"date":"2025-07-28T09:31:16","date_gmt":"2025-07-28T09:31:16","guid":{"rendered":"https:\/\/vapeenjoy.com\/?post_type=product&#038;p=690"},"modified":"2025-08-18T08:06:50","modified_gmt":"2025-08-18T08:06:50","slug":"bang-king-35k-puffs-switch-duo-disposable-2-in-1-dual-flavors-vape-56ml-0-5-nicotine","status":"publish","type":"product","link":"https:\/\/vapeenjoy.com\/it\/prodotto\/bang-king-35k-puffs-switch-duo-monouso-2-in-1-dual-flavours-vape-56ml-0-5-nicotina\/","title":{"rendered":"Bang King 35K Puffs Switch Duo 2 in 1 Dual Flavours Vape monouso 56ml 0-5% Nicotina"},"content":{"rendered":"<h2>Bang King 35K Puffs Switch Duo Dual Flavours Vape monouso Descrizione<\/h2>\n<p dir=\"auto\">Bang King guida il mercato del vaporizzatore usa e getta con design innovativi e prestazioni affidabili. In particolare, il Vape monouso per switch Duo Bang King 35K introduce un sistema a doppio sapore e una capacit\u00e0 impressionante. Inoltre, il suo design elegante ed ergonomico presenta luci a LED che cambiano colore vibranti, garantendo sia fascino visivo che comfort. Inoltre, la compatta e leggera build migliora la portabilit\u00e0, mentre l'estetica moderna aggiunge un tocco in pi\u00f9 a ogni soffio.<\/p>\n<h3 dir=\"auto\">Specifiche di Vape Bang King 35K<\/h3>\n<ul dir=\"auto\">\n<li><strong>conteggio delle sbuffi<\/strong>: 35.000 soffi \u2013 offre un uso duraturo per lo svapo prolungato senza frequenti sostituzioni.<\/li>\n<li><strong>Capacit\u00e0 di e-liquido<\/strong>: 56ml (28ml + 28ml) \u2013 Il sistema a doppio pod con due serbatoi da 28 ml consente una commutazione del sapore senza interruzioni.<\/li>\n<li><strong>Forza della nicotina<\/strong>: 0%, 2%, 3%, 5% \u2013 fornisce quattro livelli di nicotina per abbinare varie preferenze.<\/li>\n<li><strong>capacit\u00e0 della batteria<\/strong>: 650mAh \u2013 La batteria ricaricabile garantisce un'erogazione di potenza costante.<\/li>\n<li><strong>Tipo di bobina<\/strong>: Bobina a doppia maglia (1,0\u03a9) \u2013 offre vapore liscio e sapore migliorato.<\/li>\n<li><strong>Tipo di ricarica<\/strong>: USB Type-C \u2013 Supporta una ricarica rapida ed efficiente per ridurre al minimo i tempi di inattivit\u00e0.<\/li>\n<li><strong>ostentazione<\/strong>: Schermo LED intelligente \u2013 mostra i livelli di batteria e liquido in tempo reale per un facile monitoraggio.<\/li>\n<li><strong>Cambio di sapore<\/strong>: Meccanismo scorrevole \u2013 Alterna senza sforzo tra due aromi distinti.<\/li>\n<li><strong>aerare<\/strong>: Regolabile \u2013 Personalizza l'inspirazione per un'intensit\u00e0 di vapore e intensit\u00e0 equilibrata.<\/li>\n<\/ul>\n<h3 dir=\"auto\">12 entusiasmanti combinazioni a doppio gusto<\/h3>\n<ol dir=\"auto\">\n<li><strong>Blue Razz Ice \/ Succoso ghiaccio alla pesca<\/strong> \u2013 Lampone blu piccante con mentolo abbinato a pesca dolce e rinfresco ghiacciato.<\/li>\n<li><strong>Anguria \/ Ghiaccio all'anguria alla fragola<\/strong> \u2013 Miscela dolce di fragole e anguria con anguria croccante e rinfrescante.<\/li>\n<li><strong>Banana alla fragola \/ doppia mela<\/strong> \u2013 Cremoso Fusion di fragole-banane insieme al mix di mele dolce-piccante.<\/li>\n<li><strong>Ghiaccio triplo bacca \/ frutta tropicale<\/strong> \u2013 Medley di frutti di bosco freddo abbinato a vivaci frutti tropicali.<\/li>\n<li><strong>Bomba ciliegia \/ ghiaccio d'uva<\/strong> \u2013 Bold ciliegia scoppiata con uva dolce e mentolo.<\/li>\n<li><strong>Pesca Mango \/ Mango Fragola<\/strong> \u2013 Succosa miscela di pesca e mango con delizia dolce fragola e mango.<\/li>\n<li><strong>Mango su lime \/ menta fresca<\/strong> \u2013 Calcio piccante al lime e lime abbinato a menta croccante.<\/li>\n<li><strong>Pop ciliegia \/ Mr Blue<\/strong> \u2013 Sapore di caramelle alla ciliegia dolce con note di mirtillo audace.<\/li>\n<li><strong>Black Dragon Ice \/ Kiwi alla fragola<\/strong> \u2013 Frutto di drago esotico con mentolo e dolce fragola-kiwi.<\/li>\n<li><strong>Red Bull \/ Bacca di Pesca<\/strong> \u2013 Sapore di bevanda energetica frizzante con note di bacca di pesche.<\/li>\n<li><strong>Limone rosa \/ Mr Blue<\/strong> \u2013 Limonata rosa aspro abbinata al sapore unico di mirtillo.<\/li>\n<li><strong>Kiwi Passion Fruit Guava \/ Blue Cherry Lemon<\/strong> \u2013 Trio tropicale kiwi-passion-guava con fusione di ciliegio blu.<\/li>\n<\/ol>\n<h3 dir=\"auto\">Domande frequenti<\/h3>\n<ol dir=\"auto\">\n<li><strong>Quanto dura il Bang King 35k?<\/strong><br \/>\nCon 35.000 soffi, dura settimane a seconda dell'uso, riducendo la necessit\u00e0 di sostituzioni.<\/li>\n<li><strong>Il Bang King 35K \u00e8 ricaricabile?<\/strong><br \/>\nS\u00ec, la sua batteria da 650 mAh supporta USB Type-C per una ricarica rapida.<\/li>\n<li><strong>Come faccio a passare da un gusto all'altro?<\/strong><br \/>\nBasta utilizzare il meccanismo di scorrimento per alternare tra i gusti dual pod.<\/li>\n<li><strong>Come posso scegliere il gusto giusto?<\/strong><br \/>\nPer i gusti fruttati, prova l'anguria alla fragola o la frutta tropicale; per il raffreddamento, opta per il ghiaccio blu razz o la menta fresca.<\/li>\n<li><strong>Qual \u00e8 il vantaggio della bobina a doppia maglia?<\/strong><br \/>\nGarantisce un vapore pi\u00f9 liscio e un sapore pi\u00f9 ricco per una qualit\u00e0 costante.<\/li>\n<li><strong>Posso regolare l'intensit\u00e0 dello svapo?<\/strong><br \/>\nS\u00ec, il flusso d'aria regolabile ti consente di personalizzare il vapore e l'equilibrio del sapore.<\/li>\n<li><strong>Cosa visualizza lo schermo a LED intelligente?<\/strong><br \/>\nMostra la durata della batteria e i livelli di e-liquid per una pianificazione della sessione conveniente.<\/li>\n<\/ol>\n<p><img fetchpriority=\"high\" decoding=\"async\" class=\"alignnone wp-image-693 size-full\" src=\"https:\/\/vapeenjoy.com\/wp-content\/uploads\/2025\/07\/Bang-King-35K-Puffs-Switch-Duo-Disposable-Vape.jpg\" alt=\"Bang King 35K Puffs Switch Duo Monouso 2 in 1 Gusti Dual Vape \" width=\"1060\" height=\"1085\" srcset=\"https:\/\/vapeenjoy.com\/wp-content\/uploads\/2025\/07\/Bang-King-35K-Puffs-Switch-Duo-Disposable-Vape.jpg 1060w, https:\/\/vapeenjoy.com\/wp-content\/uploads\/2025\/07\/Bang-King-35K-Puffs-Switch-Duo-Disposable-Vape-600x614.jpg 600w, https:\/\/vapeenjoy.com\/wp-content\/uploads\/2025\/07\/Bang-King-35K-Puffs-Switch-Duo-Disposable-Vape-293x300.jpg 293w, https:\/\/vapeenjoy.com\/wp-content\/uploads\/2025\/07\/Bang-King-35K-Puffs-Switch-Duo-Disposable-Vape-1000x1024.jpg 1000w, https:\/\/vapeenjoy.com\/wp-content\/uploads\/2025\/07\/Bang-King-35K-Puffs-Switch-Duo-Disposable-Vape-768x786.jpg 768w\" sizes=\"(max-width: 1060px) 100vw, 1060px\" \/><\/p>","protected":false},"excerpt":{"rendered":"<p>Bang King offre soluzioni innovative per lo svapo e il Vape monouso per switch Duo Bang King 35K offre un robusto sistema a doppio sapore da 56 ml con un massimo di 35.000 soffi. Dotato di una batteria ricaricabile da 650 mAh, bobine a doppia rete, flusso d'aria regolabile e uno schermo LED intelligente, questo dispositivo elegante garantisce prestazioni di lunga durata e commutazione del sapore senza interruzioni per un'esperienza di svapo su misura.<\/p>","protected":false},"featured_media":699,"comment_status":"open","ping_status":"closed","template":"","meta":[],"product_brand":[16],"product_cat":[47],"product_tag":[64,66,72],"class_list":{"0":"post-690","1":"product","2":"type-product","3":"status-publish","4":"has-post-thumbnail","6":"product_brand-bang-vape","7":"product_cat-35000-puffs-vape","8":"product_tag-0-5-nicotine","9":"product_tag-2-in-1-dual-flavors","10":"product_tag-56ml","12":"first","13":"instock","14":"sale","15":"shipping-taxable","16":"purchasable","17":"product-type-variable"},"yoast_head":"<!-- This site is optimized with the Yoast SEO plugin v25.7 - https:\/\/yoast.com\/wordpress\/plugins\/seo\/ -->\n<title>Bang King 35K Puffs Switch Duo Disposable 2 in 1 Flavors Vape<\/title>\n<meta name=\"description\" content=\"Bang King 35K Puffs Switch Duo Disposable Vape offers 56ml dual flavors and 0-5% nicotine. Enjoy seamless flavor switching. Shop now!\" \/>\n<meta name=\"robots\" content=\"index, follow, max-snippet:-1, max-image-preview:large, max-video-preview:-1\" \/>\n<link rel=\"canonical\" href=\"https:\/\/vapeenjoy.com\/it\/prodotto\/bang-king-35k-puffs-switch-duo-monouso-2-in-1-dual-flavours-vape-56ml-0-5-nicotina\/\" \/>\n<meta property=\"og:locale\" content=\"it_IT\" \/>\n<meta property=\"og:type\" content=\"article\" \/>\n<meta property=\"og:title\" content=\"Bang King 35K Puffs Switch Duo Disposable 2 in 1 Flavors Vape\" \/>\n<meta property=\"og:description\" content=\"Bang King 35K Puffs Switch Duo Disposable Vape offers 56ml dual flavors and 0-5% nicotine. Enjoy seamless flavor switching. Shop now!\" \/>\n<meta property=\"og:url\" content=\"https:\/\/vapeenjoy.com\/it\/prodotto\/bang-king-35k-puffs-switch-duo-monouso-2-in-1-dual-flavours-vape-56ml-0-5-nicotina\/\" \/>\n<meta property=\"og:site_name\" content=\"vapeenjoy\" \/>\n<meta property=\"article:modified_time\" content=\"2025-08-18T08:06:50+00:00\" \/>\n<meta property=\"og:image\" content=\"https:\/\/vapeenjoy.com\/wp-content\/uploads\/2025\/07\/Bang-King-Switch-Duo-35000-35K-Disposable-Vape-\u2013-Front-View.webp\" \/>\n\t<meta property=\"og:image:width\" content=\"800\" \/>\n\t<meta property=\"og:image:height\" content=\"800\" \/>\n\t<meta property=\"og:image:type\" content=\"image\/webp\" \/>\n<meta name=\"twitter:card\" content=\"summary_large_image\" \/>\n<meta name=\"twitter:label1\" content=\"Tempo di lettura stimato\" \/>\n\t<meta name=\"twitter:data1\" content=\"3 minuti\" \/>\n<script type=\"application\/ld+json\" class=\"yoast-schema-graph\">{\"@context\":\"https:\/\/schema.org\",\"@graph\":[{\"@type\":\"WebPage\",\"@id\":\"https:\/\/vapeenjoy.com\/product\/bang-king-35k-puffs-switch-duo-disposable-2-in-1-dual-flavors-vape-56ml-0-5-nicotine\/\",\"url\":\"https:\/\/vapeenjoy.com\/product\/bang-king-35k-puffs-switch-duo-disposable-2-in-1-dual-flavors-vape-56ml-0-5-nicotine\/\",\"name\":\"Bang King 35K Puffs Switch Duo Disposable 2 in 1 Flavors Vape\",\"isPartOf\":{\"@id\":\"https:\/\/vapeenjoy.com\/#website\"},\"primaryImageOfPage\":{\"@id\":\"https:\/\/vapeenjoy.com\/product\/bang-king-35k-puffs-switch-duo-disposable-2-in-1-dual-flavors-vape-56ml-0-5-nicotine\/#primaryimage\"},\"image\":{\"@id\":\"https:\/\/vapeenjoy.com\/product\/bang-king-35k-puffs-switch-duo-disposable-2-in-1-dual-flavors-vape-56ml-0-5-nicotine\/#primaryimage\"},\"thumbnailUrl\":\"https:\/\/vapeenjoy.com\/wp-content\/uploads\/2025\/07\/Bang-King-Switch-Duo-35000-35K-Disposable-Vape-\u2013-Front-View.webp\",\"datePublished\":\"2025-07-28T09:31:16+00:00\",\"dateModified\":\"2025-08-18T08:06:50+00:00\",\"description\":\"Bang King 35K Puffs Switch Duo Disposable Vape offers 56ml dual flavors and 0-5% nicotine. Enjoy seamless flavor switching. Shop now!\",\"breadcrumb\":{\"@id\":\"https:\/\/vapeenjoy.com\/product\/bang-king-35k-puffs-switch-duo-disposable-2-in-1-dual-flavors-vape-56ml-0-5-nicotine\/#breadcrumb\"},\"inLanguage\":\"it-IT\",\"potentialAction\":[{\"@type\":\"ReadAction\",\"target\":[\"https:\/\/vapeenjoy.com\/product\/bang-king-35k-puffs-switch-duo-disposable-2-in-1-dual-flavors-vape-56ml-0-5-nicotine\/\"]}]},{\"@type\":\"ImageObject\",\"inLanguage\":\"it-IT\",\"@id\":\"https:\/\/vapeenjoy.com\/product\/bang-king-35k-puffs-switch-duo-disposable-2-in-1-dual-flavors-vape-56ml-0-5-nicotine\/#primaryimage\",\"url\":\"https:\/\/vapeenjoy.com\/wp-content\/uploads\/2025\/07\/Bang-King-Switch-Duo-35000-35K-Disposable-Vape-\u2013-Front-View.webp\",\"contentUrl\":\"https:\/\/vapeenjoy.com\/wp-content\/uploads\/2025\/07\/Bang-King-Switch-Duo-35000-35K-Disposable-Vape-\u2013-Front-View.webp\",\"width\":800,\"height\":800},{\"@type\":\"BreadcrumbList\",\"@id\":\"https:\/\/vapeenjoy.com\/product\/bang-king-35k-puffs-switch-duo-disposable-2-in-1-dual-flavors-vape-56ml-0-5-nicotine\/#breadcrumb\",\"itemListElement\":[{\"@type\":\"ListItem\",\"position\":1,\"name\":\"Home\",\"item\":\"https:\/\/vapeenjoy.com\/\"},{\"@type\":\"ListItem\",\"position\":2,\"name\":\"Shop\",\"item\":\"https:\/\/vapeenjoy.com\/vapeenjoy-shop\/\"},{\"@type\":\"ListItem\",\"position\":3,\"name\":\"Bang King 35K Puffs Switch Duo 2 in 1 Dual Flavors Disposable Vape 56ml 0-5% Nicotine\"}]},{\"@type\":\"WebSite\",\"@id\":\"https:\/\/vapeenjoy.com\/#website\",\"url\":\"https:\/\/vapeenjoy.com\/\",\"name\":\"vapeenjoy\",\"description\":\"An online store for selling vapes\",\"potentialAction\":[{\"@type\":\"SearchAction\",\"target\":{\"@type\":\"EntryPoint\",\"urlTemplate\":\"https:\/\/vapeenjoy.com\/?s={search_term_string}\"},\"query-input\":{\"@type\":\"PropertyValueSpecification\",\"valueRequired\":true,\"valueName\":\"search_term_string\"}}],\"inLanguage\":\"it-IT\"}]}<\/script>\n<!-- \/ Yoast SEO plugin. -->","yoast_head_json":{"title":"Bang King 35K Puffs Switch Duo Monouso 2 in 1 Vape","description":"Bang King 35K Puffs Switch Duo Vape usa e getta offre 56 ml di doppi aromi e nicotina 0-5%. Goditi il cambio di sapore senza soluzione di continuit\u00e0. Acquista ora!","robots":{"index":"index","follow":"follow","max-snippet":"max-snippet:-1","max-image-preview":"max-image-preview:large","max-video-preview":"max-video-preview:-1"},"canonical":"https:\/\/vapeenjoy.com\/it\/prodotto\/bang-king-35k-puffs-switch-duo-monouso-2-in-1-dual-flavours-vape-56ml-0-5-nicotina\/","og_locale":"it_IT","og_type":"article","og_title":"Bang King 35K Puffs Switch Duo Disposable 2 in 1 Flavors Vape","og_description":"Bang King 35K Puffs Switch Duo Disposable Vape offers 56ml dual flavors and 0-5% nicotine. Enjoy seamless flavor switching. Shop now!","og_url":"https:\/\/vapeenjoy.com\/it\/prodotto\/bang-king-35k-puffs-switch-duo-monouso-2-in-1-dual-flavours-vape-56ml-0-5-nicotina\/","og_site_name":"vapeenjoy","article_modified_time":"2025-08-18T08:06:50+00:00","og_image":[{"width":800,"height":800,"url":"https:\/\/vapeenjoy.com\/wp-content\/uploads\/2025\/07\/Bang-King-Switch-Duo-35000-35K-Disposable-Vape-\u2013-Front-View.webp","type":"image\/webp"}],"twitter_card":"summary_large_image","twitter_misc":{"Tempo di lettura stimato":"3 minuti"},"schema":{"@context":"https:\/\/schema.org","@graph":[{"@type":"WebPage","@id":"https:\/\/vapeenjoy.com\/product\/bang-king-35k-puffs-switch-duo-disposable-2-in-1-dual-flavors-vape-56ml-0-5-nicotine\/","url":"https:\/\/vapeenjoy.com\/product\/bang-king-35k-puffs-switch-duo-disposable-2-in-1-dual-flavors-vape-56ml-0-5-nicotine\/","name":"Bang King 35K Puffs Switch Duo Monouso 2 in 1 Vape","isPartOf":{"@id":"https:\/\/vapeenjoy.com\/#website"},"primaryImageOfPage":{"@id":"https:\/\/vapeenjoy.com\/product\/bang-king-35k-puffs-switch-duo-disposable-2-in-1-dual-flavors-vape-56ml-0-5-nicotine\/#primaryimage"},"image":{"@id":"https:\/\/vapeenjoy.com\/product\/bang-king-35k-puffs-switch-duo-disposable-2-in-1-dual-flavors-vape-56ml-0-5-nicotine\/#primaryimage"},"thumbnailUrl":"https:\/\/vapeenjoy.com\/wp-content\/uploads\/2025\/07\/Bang-King-Switch-Duo-35000-35K-Disposable-Vape-\u2013-Front-View.webp","datePublished":"2025-07-28T09:31:16+00:00","dateModified":"2025-08-18T08:06:50+00:00","description":"Bang King 35K Puffs Switch Duo Vape usa e getta offre 56 ml di doppi aromi e nicotina 0-5%. Goditi il cambio di sapore senza soluzione di continuit\u00e0. Acquista ora!","breadcrumb":{"@id":"https:\/\/vapeenjoy.com\/product\/bang-king-35k-puffs-switch-duo-disposable-2-in-1-dual-flavors-vape-56ml-0-5-nicotine\/#breadcrumb"},"inLanguage":"it-IT","potentialAction":[{"@type":"ReadAction","target":["https:\/\/vapeenjoy.com\/product\/bang-king-35k-puffs-switch-duo-disposable-2-in-1-dual-flavors-vape-56ml-0-5-nicotine\/"]}]},{"@type":"ImageObject","inLanguage":"it-IT","@id":"https:\/\/vapeenjoy.com\/product\/bang-king-35k-puffs-switch-duo-disposable-2-in-1-dual-flavors-vape-56ml-0-5-nicotine\/#primaryimage","url":"https:\/\/vapeenjoy.com\/wp-content\/uploads\/2025\/07\/Bang-King-Switch-Duo-35000-35K-Disposable-Vape-\u2013-Front-View.webp","contentUrl":"https:\/\/vapeenjoy.com\/wp-content\/uploads\/2025\/07\/Bang-King-Switch-Duo-35000-35K-Disposable-Vape-\u2013-Front-View.webp","width":800,"height":800},{"@type":"BreadcrumbList","@id":"https:\/\/vapeenjoy.com\/product\/bang-king-35k-puffs-switch-duo-disposable-2-in-1-dual-flavors-vape-56ml-0-5-nicotine\/#breadcrumb","itemListElement":[{"@type":"ListItem","position":1,"name":"Home","item":"https:\/\/vapeenjoy.com\/"},{"@type":"ListItem","position":2,"name":"Shop","item":"https:\/\/vapeenjoy.com\/vapeenjoy-shop\/"},{"@type":"ListItem","position":3,"name":"Bang King 35K Puffs Switch Duo 2 in 1 Dual Flavors Disposable Vape 56ml 0-5% Nicotine"}]},{"@type":"WebSite","@id":"https:\/\/vapeenjoy.com\/#website","url":"https:\/\/vapeenjoy.com\/","name":"vapejoy","description":"Un negozio online per la vendita di vapori","potentialAction":[{"@type":"SearchAction","target":{"@type":"EntryPoint","urlTemplate":"https:\/\/vapeenjoy.com\/?s={search_term_string}"},"query-input":{"@type":"PropertyValueSpecification","valueRequired":true,"valueName":"search_term_string"}}],"inLanguage":"it-IT"}]}},"_links":{"self":[{"href":"https:\/\/vapeenjoy.com\/it\/wp-json\/wp\/v2\/product\/690","targetHints":{"allow":["GET"]}}],"collection":[{"href":"https:\/\/vapeenjoy.com\/it\/wp-json\/wp\/v2\/product"}],"about":[{"href":"https:\/\/vapeenjoy.com\/it\/wp-json\/wp\/v2\/types\/product"}],"replies":[{"embeddable":true,"href":"https:\/\/vapeenjoy.com\/it\/wp-json\/wp\/v2\/comments?post=690"}],"version-history":[{"count":4,"href":"https:\/\/vapeenjoy.com\/it\/wp-json\/wp\/v2\/product\/690\/revisions"}],"predecessor-version":[{"id":2314,"href":"https:\/\/vapeenjoy.com\/it\/wp-json\/wp\/v2\/product\/690\/revisions\/2314"}],"wp:featuredmedia":[{"embeddable":true,"href":"https:\/\/vapeenjoy.com\/it\/wp-json\/wp\/v2\/media\/699"}],"wp:attachment":[{"href":"https:\/\/vapeenjoy.com\/it\/wp-json\/wp\/v2\/media?parent=690"}],"wp:term":[{"taxonomy":"product_brand","embeddable":true,"href":"https:\/\/vapeenjoy.com\/it\/wp-json\/wp\/v2\/product_brand?post=690"},{"taxonomy":"product_cat","embeddable":true,"href":"https:\/\/vapeenjoy.com\/it\/wp-json\/wp\/v2\/product_cat?post=690"},{"taxonomy":"product_tag","embeddable":true,"href":"https:\/\/vapeenjoy.com\/it\/wp-json\/wp\/v2\/product_tag?post=690"}],"curies":[{"name":"WP","href":"https:\/\/api.w.org\/{rel}","templated":true}]}}