{"id":11,"date":"2025-07-16T06:46:06","date_gmt":"2025-07-16T06:46:06","guid":{"rendered":"https:\/\/vapeenjoy.com\/?page_id=11"},"modified":"2025-08-26T08:30:12","modified_gmt":"2025-08-26T08:30:12","slug":"conditions-of-transport","status":"publish","type":"page","link":"https:\/\/vapeenjoy.com\/nl\/vervoersvoorwaarden\/","title":{"rendered":"Vervoersvoorwaarden"},"content":{"rendered":"<div data-elementor-type=\"wp-page\" data-elementor-id=\"11\" class=\"elementor elementor-11\">\n\t\t\t\t<div class=\"wd-negative-gap elementor-element elementor-element-69cb6f19 e-flex e-con-boxed e-con e-parent\" data-id=\"69cb6f19\" data-element_type=\"container\">\n\t\t\t\t\t<div class=\"e-con-inner\">\n\t\t\t\t<div class=\"elementor-element elementor-element-51a6e90a color-scheme-inherit text-left elementor-widget elementor-widget-text-editor\" data-id=\"51a6e90a\" data-element_type=\"widget\" data-widget_type=\"text-editor.default\">\n\t\t\t\t\t\t\t\t\t\n<h2>vapeGenieten van vervoersvoorwaarden<\/h2>\n<h2>1. Bestelverwerking en verzending<\/h2>\n<ul>\n<li>Bestellingen worden binnen 1-3 werkdagen verwerkt en verzonden.<\/li>\n<li>Levering duurt meestal 7-15 werkdagen.<\/li>\n<li>Houd er rekening mee dat bestellingen niet in het weekend worden verzonden.<\/li>\n<\/ul>\n<h2>2. Zendingstracking<\/h2>\n<ul>\n<li>Zodra uw bestelling is verzonden, ontvangt u een trackingnummer via e-mail.<\/li>\n<li>U kunt uw zending volgen met het meegeleverde trackingnummer op <a href=\"https:\/\/www.17track.net\/\">17track.net<\/a>.<\/li>\n<li>Het kan 1-2 dagen duren voordat de volggegevens op de website worden bijgewerkt.<\/li>\n<\/ul>\n<h2>3. Bestellingswijzigingen<\/h2>\n<ul>\n<li>U kunt uw bestelling op elk moment annuleren of het afleveradres bijwerken voordat de bestelling wordt verzonden.<\/li>\n<li>Zodra een bestelling is verzonden, zijn terugbetalingen of adreswijzigingen niet meer mogelijk.<\/li>\n<li>Gratis verzending is beschikbaar voor bestellingen naar de Verenigde Staten en Australi\u00eb.<\/li>\n<\/ul>\n<h2>4. Verzendmethoden en -taken<\/h2>\n<p>Voor bepaalde landen bieden we de geleverde duty pay (DDP) verzending, wat betekent dat u geen inklaringskosten in rekening brengt. Deze landen en hun overeenkomstige verzendmethoden zijn als volgt:<\/p>\n<ul>\n<li><strong>Verenigde Staten van Amerika<\/strong>: UPS Express (exclusief Alaska en Hawa\u00ef)<\/li>\n<li><strong>Verenigd Koninkrijk<\/strong>: lokale DPD Express<\/li>\n<li><strong>Europa<\/strong>: UPS Express, DPD Express of DHL Express<\/li>\n<li><strong>DDP-in aanmerking komende Europese landen<\/strong>: Duitsland, Belgi\u00eb, Luxemburg, Nederland, Tsjechi\u00eb, Polen, Kroati\u00eb, Sloveni\u00eb, Sloveni\u00eb, Finland, Denemarken, Zweden, Oostenrijk, Frankrijk, Itali\u00eb, Hongarije, Bulgarije, Litouwen, Estland, Letland, Griekenland, Ierland, Portugal, Spanje<\/li>\n<\/ul>\n<h2>5. Verzendtijden per land<\/h2>\n<p>Hieronder staan de verzendmethoden en geschatte levertijden voor specifieke landen:<\/p>\n<table>\n<thead>\n<tr>\n<th>streek<\/th>\n<th>Verzendmethode<\/th>\n<th>Geschatte levertijd<\/th>\n<\/tr>\n<\/thead>\n<tbody>\n<tr>\n<td>Verenigde Staten van Amerika<\/td>\n<td>Lokale UPS-grond<\/td>\n<td>10-15 dagen<\/td>\n<\/tr>\n<tr>\n<td>Verenigd Koninkrijk<\/td>\n<td>Lokale DPD Express<\/td>\n<td>7-12 dagen<\/td>\n<\/tr>\n<tr>\n<td>Duitsland<\/td>\n<td>UPS\/DPD\/DHL Duitsland<\/td>\n<td>8-15 dagen<\/td>\n<\/tr>\n<tr>\n<td>Frankrijk<\/td>\n<td>UPS\/DPD\/DHL Duitsland<\/td>\n<td>10-15 dagen<\/td>\n<\/tr>\n<tr>\n<td>Belgi\u00eb<\/td>\n<td>UPS\/DPD\/DHL Duitsland<\/td>\n<td>10-15 dagen<\/td>\n<\/tr>\n<tr>\n<td>Luxemburg<\/td>\n<td>UPS\/DPD\/DHL Duitsland<\/td>\n<td>10-15 dagen<\/td>\n<\/tr>\n<tr>\n<td>Holland<\/td>\n<td>UPS\/DPD\/DHL Duitsland<\/td>\n<td>10-15 dagen<\/td>\n<\/tr>\n<tr>\n<td>Tsjechische Republiek<\/td>\n<td>UPS\/DPD\/DHL Duitsland<\/td>\n<td>10-15 dagen<\/td>\n<\/tr>\n<tr>\n<td>Polen<\/td>\n<td>UPS\/DPD\/DHL Duitsland<\/td>\n<td>10-15 dagen<\/td>\n<\/tr>\n<tr>\n<td>Kroati\u00eb<\/td>\n<td>UPS\/DPD\/DHL Duitsland<\/td>\n<td>10-15 dagen<\/td>\n<\/tr>\n<tr>\n<td>Slowakije<\/td>\n<td>UPS\/DPD\/DHL Duitsland<\/td>\n<td>10-15 dagen<\/td>\n<\/tr>\n<tr>\n<td>Sloweni\u00eb<\/td>\n<td>UPS\/DPD\/DHL Duitsland<\/td>\n<td>10-15 dagen<\/td>\n<\/tr>\n<tr>\n<td>Finland<\/td>\n<td>UPS\/DPD\/DHL Duitsland<\/td>\n<td>10-15 dagen<\/td>\n<\/tr>\n<tr>\n<td>Denemarken<\/td>\n<td>UPS\/DPD\/DHL Duitsland<\/td>\n<td>10-15 dagen<\/td>\n<\/tr>\n<tr>\n<td>Zweden<\/td>\n<td>UPS\/DPD\/DHL Duitsland<\/td>\n<td>10-15 dagen<\/td>\n<\/tr>\n<tr>\n<td>Oostenrijk<\/td>\n<td>UPS\/DPD\/DHL Duitsland<\/td>\n<td>10-15 dagen<\/td>\n<\/tr>\n<tr>\n<td>Itali\u00eb<\/td>\n<td>UPS\/DPD\/DHL Duitsland<\/td>\n<td>10-15 dagen<\/td>\n<\/tr>\n<tr>\n<td>Hongarije<\/td>\n<td>UPS\/DPD\/DHL Duitsland<\/td>\n<td>10-15 dagen<\/td>\n<\/tr>\n<tr>\n<td>Litauen<\/td>\n<td>UPS\/DPD\/DHL Duitsland<\/td>\n<td>10-15 dagen<\/td>\n<\/tr>\n<tr>\n<td>Estland<\/td>\n<td>UPS\/DPD\/DHL Duitsland<\/td>\n<td>10-15 dagen<\/td>\n<\/tr>\n<tr>\n<td>Letland<\/td>\n<td>UPS\/DPD\/DHL Duitsland<\/td>\n<td>10-15 dagen<\/td>\n<\/tr>\n<tr>\n<td>Griekenland<\/td>\n<td>UPS\/DPD\/DHL Duitsland<\/td>\n<td>10-15 dagen<\/td>\n<\/tr>\n<tr>\n<td>Ierland<\/td>\n<td>UPS\/DPD\/DHL Duitsland<\/td>\n<td>10-15 dagen<\/td>\n<\/tr>\n<tr>\n<td>Portugal<\/td>\n<td>UPS\/DPD\/DHL Duitsland<\/td>\n<td>10-15 dagen<\/td>\n<\/tr>\n<tr>\n<td>Spanje<\/td>\n<td>UPS\/DPD\/DHL Duitsland<\/td>\n<td>10-15 dagen<\/td>\n<\/tr>\n<tr>\n<td>VAE (Dubai)<\/td>\n<td>Dubai speciale lijn<\/td>\n<td>12-18 dagen<\/td>\n<\/tr>\n<tr>\n<td>Zuid-Afrika<\/td>\n<td>Zuid-Afrika gewijde lijn<\/td>\n<td>15-25 dagen<\/td>\n<\/tr>\n<tr>\n<td>Vietnam<\/td>\n<td>Vietnam-gewijde lijn<\/td>\n<td>3-5 dagen<\/td>\n<\/tr>\n<tr>\n<td>West-Maleisi\u00eb<\/td>\n<td>Maleisi\u00eb speciale lijn<\/td>\n<td>4-8 dagen<\/td>\n<\/tr>\n<\/tbody>\n<\/table>\n<h2>6. Douane en plichten<\/h2>\n<ul>\n<li>Voor landen die hierboven niet zijn vermeld, kunnen pakketten bij aankomst douane-inklaring en betaling van toepasselijke rechten vereisen.<\/li>\n<li>Neem contact op met uw plaatselijke douaneautoriteit voor informatie over de toepasselijke belastingen.<\/li>\n<li>De douane kan ook een zakelijke licentie vereisen voor inklaring.<\/li>\n<\/ul>\n<p>Vapeenjoy zet zich in voor het leveren van effici\u00ebnte en transparante verzenddiensten. Voor vragen of verdere hulp kunt u contact opnemen met onze klantenservice.<\/p>\n\t\t\t\t\t\t\t\t<\/div>\n\t\t\t\t\t<\/div>\n\t\t\t\t<\/div>\n\t\t\t\t<\/div>","protected":false},"excerpt":{"rendered":"<p>Vapeenjoy Conditions of Transport 1. Order Processing and Shipping Orders are processed and shipped within 1\u20133 business days. Delivery typically<\/p>","protected":false},"author":1,"featured_media":0,"parent":0,"menu_order":0,"comment_status":"closed","ping_status":"closed","template":"","meta":{"footnotes":""},"class_list":["post-11","page","type-page","status-publish","hentry"],"yoast_head":"<!-- This site is optimized with the Yoast SEO plugin v25.7 - https:\/\/yoast.com\/wordpress\/plugins\/seo\/ -->\n<title>VapeEnjoy Conditions of Transport | Shipping Terms &amp; Policies<\/title>\n<meta name=\"description\" content=\"Explore VapeEnjoy&#039;s Conditions of Transport. Learn our shipping terms, delivery policies, and customer duties for a smooth vape experience.\" \/>\n<meta name=\"robots\" content=\"index, follow, max-snippet:-1, max-image-preview:large, max-video-preview:-1\" \/>\n<link rel=\"canonical\" href=\"https:\/\/vapeenjoy.com\/nl\/vervoersvoorwaarden\/\" \/>\n<meta property=\"og:locale\" content=\"nl_NL\" \/>\n<meta property=\"og:type\" content=\"article\" \/>\n<meta property=\"og:title\" content=\"VapeEnjoy Conditions of Transport | Shipping Terms &amp; Policies\" \/>\n<meta property=\"og:description\" content=\"Explore VapeEnjoy&#039;s Conditions of Transport. Learn our shipping terms, delivery policies, and customer duties for a smooth vape experience.\" \/>\n<meta property=\"og:url\" content=\"https:\/\/vapeenjoy.com\/nl\/vervoersvoorwaarden\/\" \/>\n<meta property=\"og:site_name\" content=\"vapeenjoy\" \/>\n<meta property=\"article:modified_time\" content=\"2025-08-26T08:30:12+00:00\" \/>\n<meta name=\"twitter:card\" content=\"summary_large_image\" \/>\n<meta name=\"twitter:label1\" content=\"Geschatte leestijd\" \/>\n\t<meta name=\"twitter:data1\" content=\"2 minuten\" \/>\n<script type=\"application\/ld+json\" class=\"yoast-schema-graph\">{\"@context\":\"https:\/\/schema.org\",\"@graph\":[{\"@type\":\"WebPage\",\"@id\":\"https:\/\/vapeenjoy.com\/conditions-of-transport\/\",\"url\":\"https:\/\/vapeenjoy.com\/conditions-of-transport\/\",\"name\":\"VapeEnjoy Conditions of Transport | Shipping Terms & Policies\",\"isPartOf\":{\"@id\":\"https:\/\/vapeenjoy.com\/#website\"},\"datePublished\":\"2025-07-16T06:46:06+00:00\",\"dateModified\":\"2025-08-26T08:30:12+00:00\",\"description\":\"Explore VapeEnjoy's Conditions of Transport. Learn our shipping terms, delivery policies, and customer duties for a smooth vape experience.\",\"breadcrumb\":{\"@id\":\"https:\/\/vapeenjoy.com\/conditions-of-transport\/#breadcrumb\"},\"inLanguage\":\"nl-NL\",\"potentialAction\":[{\"@type\":\"ReadAction\",\"target\":[\"https:\/\/vapeenjoy.com\/conditions-of-transport\/\"]}]},{\"@type\":\"BreadcrumbList\",\"@id\":\"https:\/\/vapeenjoy.com\/conditions-of-transport\/#breadcrumb\",\"itemListElement\":[{\"@type\":\"ListItem\",\"position\":1,\"name\":\"Home\",\"item\":\"https:\/\/vapeenjoy.com\/\"},{\"@type\":\"ListItem\",\"position\":2,\"name\":\"Conditions of Transport\"}]},{\"@type\":\"WebSite\",\"@id\":\"https:\/\/vapeenjoy.com\/#website\",\"url\":\"https:\/\/vapeenjoy.com\/\",\"name\":\"vapeenjoy\",\"description\":\"An online store for selling vapes\",\"potentialAction\":[{\"@type\":\"SearchAction\",\"target\":{\"@type\":\"EntryPoint\",\"urlTemplate\":\"https:\/\/vapeenjoy.com\/?s={search_term_string}\"},\"query-input\":{\"@type\":\"PropertyValueSpecification\",\"valueRequired\":true,\"valueName\":\"search_term_string\"}}],\"inLanguage\":\"nl-NL\"}]}<\/script>\n<!-- \/ Yoast SEO plugin. -->","yoast_head_json":{"title":"VapeEnjoy Transportvoorwaarden Verzendvoorwaarden &amp; beleid","description":"Ontdek de transportomstandigheden van VapeEnjoy. Leer onze verzendvoorwaarden, leveringsbeleid en klanttaken voor een soepele vape-ervaring.","robots":{"index":"index","follow":"follow","max-snippet":"max-snippet:-1","max-image-preview":"max-image-preview:large","max-video-preview":"max-video-preview:-1"},"canonical":"https:\/\/vapeenjoy.com\/nl\/vervoersvoorwaarden\/","og_locale":"nl_NL","og_type":"article","og_title":"VapeEnjoy Conditions of Transport | Shipping Terms & Policies","og_description":"Explore VapeEnjoy's Conditions of Transport. Learn our shipping terms, delivery policies, and customer duties for a smooth vape experience.","og_url":"https:\/\/vapeenjoy.com\/nl\/vervoersvoorwaarden\/","og_site_name":"vapeenjoy","article_modified_time":"2025-08-26T08:30:12+00:00","twitter_card":"summary_large_image","twitter_misc":{"Geschatte leestijd":"2 minuten"},"schema":{"@context":"https:\/\/schema.org","@graph":[{"@type":"WebPage","@id":"https:\/\/vapeenjoy.com\/conditions-of-transport\/","url":"https:\/\/vapeenjoy.com\/conditions-of-transport\/","name":"VapeEnjoy Transportvoorwaarden Verzendvoorwaarden &amp; beleid","isPartOf":{"@id":"https:\/\/vapeenjoy.com\/#website"},"datePublished":"2025-07-16T06:46:06+00:00","dateModified":"2025-08-26T08:30:12+00:00","description":"Ontdek de transportomstandigheden van VapeEnjoy. Leer onze verzendvoorwaarden, leveringsbeleid en klanttaken voor een soepele vape-ervaring.","breadcrumb":{"@id":"https:\/\/vapeenjoy.com\/conditions-of-transport\/#breadcrumb"},"inLanguage":"nl-NL","potentialAction":[{"@type":"ReadAction","target":["https:\/\/vapeenjoy.com\/conditions-of-transport\/"]}]},{"@type":"BreadcrumbList","@id":"https:\/\/vapeenjoy.com\/conditions-of-transport\/#breadcrumb","itemListElement":[{"@type":"ListItem","position":1,"name":"Home","item":"https:\/\/vapeenjoy.com\/"},{"@type":"ListItem","position":2,"name":"Conditions of Transport"}]},{"@type":"WebSite","@id":"https:\/\/vapeenjoy.com\/#website","url":"https:\/\/vapeenjoy.com\/","name":"laten genieten","description":"Een online winkel voor het verkopen van vapes","potentialAction":[{"@type":"SearchAction","target":{"@type":"EntryPoint","urlTemplate":"https:\/\/vapeenjoy.com\/?s={search_term_string}"},"query-input":{"@type":"PropertyValueSpecification","valueRequired":true,"valueName":"search_term_string"}}],"inLanguage":"nl-NL"}]}},"_links":{"self":[{"href":"https:\/\/vapeenjoy.com\/nl\/wp-json\/wp\/v2\/pages\/11","targetHints":{"allow":["GET"]}}],"collection":[{"href":"https:\/\/vapeenjoy.com\/nl\/wp-json\/wp\/v2\/pages"}],"about":[{"href":"https:\/\/vapeenjoy.com\/nl\/wp-json\/wp\/v2\/types\/page"}],"author":[{"embeddable":true,"href":"https:\/\/vapeenjoy.com\/nl\/wp-json\/wp\/v2\/users\/1"}],"replies":[{"embeddable":true,"href":"https:\/\/vapeenjoy.com\/nl\/wp-json\/wp\/v2\/comments?post=11"}],"version-history":[{"count":17,"href":"https:\/\/vapeenjoy.com\/nl\/wp-json\/wp\/v2\/pages\/11\/revisions"}],"predecessor-version":[{"id":3138,"href":"https:\/\/vapeenjoy.com\/nl\/wp-json\/wp\/v2\/pages\/11\/revisions\/3138"}],"wp:attachment":[{"href":"https:\/\/vapeenjoy.com\/nl\/wp-json\/wp\/v2\/media?parent=11"}],"curies":[{"name":"WP","href":"https:\/\/api.w.org\/{rel}","templated":true}]}}