{"id":1508,"date":"2023-04-20T11:47:20","date_gmt":"2023-04-20T11:47:20","guid":{"rendered":"https:\/\/dummy.xtemos.com\/woodmart2\/furniture2-elementor\/?page_id=29"},"modified":"2025-08-22T09:55:42","modified_gmt":"2025-08-22T09:55:42","slug":"contact-us","status":"publish","type":"page","link":"https:\/\/vapeenjoy.com\/nl\/neem-contact-met-ons-op\/","title":{"rendered":"Neem contact met ons op"},"content":{"rendered":"<div data-elementor-type=\"wp-page\" data-elementor-id=\"1508\" class=\"elementor elementor-1508\">\n\t\t\t\t<div class=\"wd-negative-gap elementor-element elementor-element-182218e e-flex e-con-boxed e-con e-parent\" data-id=\"182218e\" data-element_type=\"container\">\n\t\t\t\t\t<div class=\"e-con-inner\">\n\t\t<div class=\"elementor-element elementor-element-c282c84 e-con-full e-flex e-con e-child\" data-id=\"c282c84\" data-element_type=\"container\">\n\t\t\t\t<div class=\"elementor-element elementor-element-6d1e810 wd-width-100 elementor-widget elementor-widget-wd_title\" data-id=\"6d1e810\" data-element_type=\"widget\" data-widget_type=\"wd_title.default\">\n\t\t\t\t<div class=\"elementor-widget-container\">\n\t\t\t\t\t\t\t<div class=\"title-wrapper wd-set-mb reset-last-child wd-title-color-default wd-title-style-default wd-title-size-large text-left\">\n\n\t\t\t\n\t\t\t<div class=\"liner-continer\">\n\t\t\t\t<h4 class=\"woodmart-title-container title wd-fontsize-xxl\">VapeGeniet van contact met een expert<\/h4> \n\t\t\t\t\t\t\t<\/div>\n\n\t\t\t\t\t<\/div>\n\t\t\t\t\t\t<\/div>\n\t\t\t\t<\/div>\n\t\t\t\t<div class=\"elementor-element elementor-element-74e77af wd-cf7 elementor-widget elementor-widget-wd_contact_form_7\" data-id=\"74e77af\" data-element_type=\"widget\" data-widget_type=\"wd_contact_form_7.default\">\n\t\t\t\t<div class=\"elementor-widget-container\">\n\t\t\t\t\t\n<div class=\"wpcf7 no-js\" id=\"wpcf7-f1503-o1\" lang=\"en-US\" dir=\"ltr\" data-wpcf7-id=\"1503\">\n<div class=\"screen-reader-response\"><p role=\"status\" aria-live=\"polite\" aria-atomic=\"true\"><\/p> <ul><\/ul><\/div>\n<form action=\"\/nl\/wp-json\/wp\/v2\/pages\/1508#wpcf7-f1503-o1\" method=\"post\" class=\"wpcf7-form init\" aria-label=\"Contact form\" novalidate=\"novalidate\" data-status=\"init\" data-trp-original-action=\"\/nl\/wp-json\/wp\/v2\/pages\/1508#wpcf7-f1503-o1\">\n<fieldset class=\"hidden-fields-container\"><input type=\"hidden\" name=\"_wpcf7\" value=\"1503\" \/><input type=\"hidden\" name=\"_wpcf7_version\" value=\"6.1.1\" \/><input type=\"hidden\" name=\"_wpcf7_locale\" value=\"en_US\" \/><input type=\"hidden\" name=\"_wpcf7_unit_tag\" value=\"wpcf7-f1503-o1\" \/><input type=\"hidden\" name=\"_wpcf7_container_post\" value=\"0\" \/><input type=\"hidden\" name=\"_wpcf7_posted_data_hash\" value=\"\" \/>\n<\/fieldset>\n<div class=\"wd-grid-g\">\n\t<p class=\"wd-col\"><span class=\"wpcf7-form-control-wrap\" data-name=\"Name\"><input size=\"40\" maxlength=\"400\" class=\"wpcf7-form-control wpcf7-text wpcf7-validates-as-required\" aria-required=\"true\" aria-invalid=\"false\" placeholder=\"heten\" value=\"\" type=\"text\" name=\"Name\" \/><\/span>\n\t<\/p>\n\t<p class=\"wd-col\"><span class=\"wpcf7-form-control-wrap\" data-name=\"Email\"><input size=\"40\" maxlength=\"400\" class=\"wpcf7-form-control wpcf7-text wpcf7-validates-as-required\" aria-required=\"true\" aria-invalid=\"false\" placeholder=\"emailadres\" value=\"\" type=\"text\" name=\"Email\" \/><\/span>\n\t<\/p>\n\t<p class=\"wd-col\"><span class=\"wpcf7-form-control-wrap\" data-name=\"your-message\"><textarea cols=\"40\" rows=\"10\" maxlength=\"2000\" class=\"wpcf7-form-control wpcf7-textarea\" aria-invalid=\"false\" placeholder=\"Uw bericht\" name=\"your-message\"><\/textarea><\/span>\n\t<\/p>\n\t<p class=\"wd-col\"><input class=\"wpcf7-form-control wpcf7-submit has-spinner btn btn-color-primary\" type=\"submit\" value=\"Bericht verzenden\" \/>\n\t<\/p>\n<\/div><div class=\"wpcf7-response-output\" aria-hidden=\"true\"><\/div>\n<input type=\"hidden\" name=\"trp-form-language\" value=\"nl\"\/><\/form>\n<\/div>\n\t\t\t\t<\/div>\n\t\t\t\t<\/div>\n\t\t\t\t<\/div>\n\t\t<div class=\"elementor-element elementor-element-6b3eeb6 e-con-full e-flex e-con e-child\" data-id=\"6b3eeb6\" data-element_type=\"container\">\n\t\t\t\t<div class=\"elementor-element elementor-element-88fb751 wd-width-100 elementor-widget elementor-widget-wd_title\" data-id=\"88fb751\" data-element_type=\"widget\" data-widget_type=\"wd_title.default\">\n\t\t\t\t<div class=\"elementor-widget-container\">\n\t\t\t\t\t\t\t<div class=\"title-wrapper wd-set-mb reset-last-child wd-title-color-default wd-title-style-default wd-title-size-large text-left\">\n\n\t\t\t\n\t\t\t<div class=\"liner-continer\">\n\t\t\t\t<h4 class=\"woodmart-title-container title wd-fontsize-xxl\">Veelgestelde vragen<\/h4> \n\t\t\t\t\t\t\t<\/div>\n\n\t\t\t\t\t<\/div>\n\t\t\t\t\t\t<\/div>\n\t\t\t\t<\/div>\n\t\t\t\t<div class=\"elementor-element elementor-element-ca5a946 elementor-widget elementor-widget-wd_accordion\" data-id=\"ca5a946\" data-element_type=\"widget\" data-widget_type=\"wd_accordion.default\">\n\t\t\t\t<div class=\"elementor-widget-container\">\n\t\t\t\t\t\n\t\t<div class=\"wd-accordion wd-style-default wd-border-off wd-titles-left wd-opener-pos-right wd-opener-style-arrow\" data-state=\"all_closed\">\n\t\t\t\t\t\t\t\n\t\t\t\t<div class=\"wd-accordion-item\">\n\t\t\t\t\t<div class=\"wd-accordion-title\" data-accordion-index=\"0\">\n\t\t\t\t\t\t<div class=\"wd-accordion-title-text\">\n\t\t\t\t\t\t\t\t\t\t\t\t\t\t<span>\n\t\t\t\t\t\t\t\tMijn bestelling is nog niet aangekomen. Waar is het?\t\t\t\t\t\t\t<\/span>\n\t\t\t\t\t\t<\/div>\n\t\t\t\t\t\t<span class=\"wd-accordion-opener\"><\/span>\n\t\t\t\t\t<\/div>\n\n\t\t\t\t\t<div class=\"wd-accordion-content wd-entry-content\" data-accordion-index=\"0\">\n\t\t\t\t\t\t\t\t\t\t\t\t\t\n\t\t\t\t\t\t\t<p>Wilt u weten waar uw bestelling is, neem dan contact met ons op en stuur ons uw bestelnummer. Wij zullen u het logistieke trackingnummer bezorgen en u leren hoe u dit kunt controleren.<\/p>\n\t\t\t\t\t\t\t\t\t\t\t\t\t\t\t\t\t\t<\/div>\n\t\t\t\t<\/div>\n\t\t\t\t\t\t\t\n\t\t\t\t<div class=\"wd-accordion-item\">\n\t\t\t\t\t<div class=\"wd-accordion-title\" data-accordion-index=\"1\">\n\t\t\t\t\t\t<div class=\"wd-accordion-title-text\">\n\t\t\t\t\t\t\t\t\t\t\t\t\t\t<span>\n\t\t\t\t\t\t\t\tWat is de geschatte levertijd?\t\t\t\t\t\t\t<\/span>\n\t\t\t\t\t\t<\/div>\n\t\t\t\t\t\t<span class=\"wd-accordion-opener\"><\/span>\n\t\t\t\t\t<\/div>\n\n\t\t\t\t\t<div class=\"wd-accordion-content wd-entry-content\" data-accordion-index=\"1\">\n\t\t\t\t\t\t\t\t\t\t\t\t\t\n\t\t\t\t\t\t\t<p>We verzenden binnen drie werkdagen en de transittijd is 7-15 werkdagen, afhankelijk van het product.<\/p>\n\t\t\t\t\t\t\t\t\t\t\t\t\t\t\t\t\t\t<\/div>\n\t\t\t\t<\/div>\n\t\t\t\t\t\t\t\n\t\t\t\t<div class=\"wd-accordion-item\">\n\t\t\t\t\t<div class=\"wd-accordion-title\" data-accordion-index=\"2\">\n\t\t\t\t\t\t<div class=\"wd-accordion-title-text\">\n\t\t\t\t\t\t\t\t\t\t\t\t\t\t<span>\n\t\t\t\t\t\t\t\tWat zijn de verzendvoorwaarden?\t\t\t\t\t\t\t<\/span>\n\t\t\t\t\t\t<\/div>\n\t\t\t\t\t\t<span class=\"wd-accordion-opener\"><\/span>\n\t\t\t\t\t<\/div>\n\n\t\t\t\t\t<div class=\"wd-accordion-content wd-entry-content\" data-accordion-index=\"2\">\n\t\t\t\t\t\t\t\t\t\t\t\t\t\n\t\t\t\t\t\t\t<div class=\"T4LgNb\"><div class=\"ToWKne\"><div class=\"OlSOob\"><div class=\"ccvoYb\"><div class=\"zXU7Rb\"><div class=\"akczyd\"><div class=\"X4DQ0 zWsGpc\"><div class=\"vLsFwd bX0Okd\"><h2 dir=\"auto\">Verzendinformatie<\/h2><h3 dir=\"auto\">Gratis en DDP-verzendopties<\/h3><p dir=\"auto\">Vapeenjoy biedt gratis verzending voor bestellingen binnen de VS en Australi\u00eb. Bovendien bieden wij voor bepaalde landen verzendkosten (DDP) verzendkosten. Dit betekent dat we de douane-inklaring en heffingen afhandelen, zodat u zich bij levering geen zorgen hoeft te maken over extra kosten.<\/p><h3 dir=\"auto\">Beschikbare verzendmethoden per regio<\/h3><p dir=\"auto\">We werken samen met vertrouwde vervoerders om een betrouwbare levering te garanderen. Hier is een overzicht van onze verzendmethoden:<\/p><ul dir=\"auto\"><li><strong>Verenigde Staten<\/strong>: UPS Express (exclusief Alaska en Hawa\u00ef)<\/li><li><strong>Verenigd Koninkrijk<\/strong>: lokale DPD Express<\/li><li><strong>Europa<\/strong>: UPS Express, DPD Express of DHL Express<\/li><li><strong>Andere regio's<\/strong>:<br \/><ul dir=\"auto\"><li>Verenigde Arabische Emiraten (alleen Dubai): speciale lijn<\/li><li>Zuid-Afrika: speciale lijn<\/li><li>Vietnam: speciale lijn<\/li><li>West-Maleisi\u00eb (exclusief Kalimantan Island): speciale lijn<\/li><\/ul><\/li><\/ul><h3 dir=\"auto\">DDP-in aanmerking komende Europese landen<\/h3><p dir=\"auto\">Voor een naadloze ervaring bieden wij DDP-verzending aan naar de volgende Europese landen: Duitsland, Belgi\u00eb, Luxemburg, Nederland, Tsjechi\u00eb, Polen, Kroati\u00eb, Slowakije, Sloveni\u00eb, Finland, Denemarken, Zweden, Oostenrijk, Frankrijk, Itali\u00eb, Hongarije, Bulgarije, Litouwen, Estland, Letland, Griekenland, Ierland, Portugal en Spanje. Ondertussen worden zendingen naar deze landen (behalve het Verenigd Koninkrijk) door de douane in Duitsland vereffend voordat ze naar hun eindbestemming worden verzonden.<\/p><h3 dir=\"auto\">Verzendtijden per land<\/h3><p dir=\"auto\">Om u te helpen bij het plannen, volgen hier de geschatte levertijden voor elke regio:<\/p><ul dir=\"auto\"><li><strong>Verenigde Staten<\/strong>: Lokale UPS-grond, 10-15 dagen<\/li><li><strong>Verenigd Koninkrijk<\/strong>: Lokale DPD Express, 7-12 dagen<\/li><li><strong>Duitsland<\/strong>: UPS\/DPD\/DHL Duitsland, 8\u201315 dagen<\/li><li><strong>Frankrijk, Belgi\u00eb, Luxemburg, Nederland, Tsjechi\u00eb, Polen, Kroati\u00eb, Slowakije, Sloveni\u00eb, Finland, Denemarken, Zweden, Oostenrijk, Itali\u00eb, Hongarije, Bulgarije, Litouwen, Estland, Letland, Griekenland, Ierland, Portugal, Spanje<\/strong>: UPS\/DPD\/DHL Duitsland, 10\u201315 dagen<\/li><li><strong>Verenigde Arabische Emiraten (alleen Dubai)<\/strong>: Toegewijde regel, 12-18 dagen<\/li><li><strong>Zuid-Afrika<\/strong>: Toegewijde lijn, 15-25 dagen<\/li><li><strong>Vietnam<\/strong>: Toegewijde lijn, 3-5 dagen<\/li><li><strong>West-Maleisi\u00eb<\/strong>: Toegewijde regel, 4-8 dagen<\/li><\/ul><h3 dir=\"auto\">Verzending naar andere landen<\/h3><p dir=\"auto\">Voor landen die hierboven niet zijn vermeld, zijn douane-inklaring en betaling van rechten vereist bij aankomst van het pakket. Verder raden we aan contact op te nemen met uw plaatselijke douane voor specifieke fiscale details. In sommige gevallen kan ook een bedrijfslicentie worden vereist.<\/p><hr \/><h3 dir=\"auto\">Opmerkingen over wijzigingen<\/h3><ul dir=\"auto\"><li><strong>ondertitels<\/strong>: Subkoppen toegevoegd (bijv. \"Gratis en DDP-verzendopties\", \"Beschikbare verzendmethoden per regio\") om de tekst op te splitsen in kleinere, verteerbare secties, waarbij het probleem van een sectie van meer dan 300 woorden wordt behandeld.<\/li><li><strong>overgangswoorden<\/strong>: Incorporeerde overgangswoorden zoals 'extra', 'verder', 'ondertussen' en 'ook' om hun gebruik te verhogen tot verder dan 17.1%, waardoor de zinsstroom wordt verbeterd.<\/li><li><strong>zuiverheid<\/strong>: Behield de oorspronkelijke structuur van verzendmethoden en -tijden terwijl de leesbaarheid werd verbeterd met beknopte frasering en georganiseerde lijsten.<\/li><\/ul><p dir=\"auto\">Als je verdere verfijningen of aanvullende SEO-elementen nodig hebt (bijv. titel, metabeschrijving), laat het me dan weten!<\/p><\/div><\/div><\/div><\/div><\/div><\/div><\/div><\/div>\n\t\t\t\t\t\t\t\t\t\t\t\t\t\t\t\t\t\t<\/div>\n\t\t\t\t<\/div>\n\t\t\t\t\t\t\t\n\t\t\t\t<div class=\"wd-accordion-item\">\n\t\t\t\t\t<div class=\"wd-accordion-title\" data-accordion-index=\"3\">\n\t\t\t\t\t\t<div class=\"wd-accordion-title-text\">\n\t\t\t\t\t\t\t\t\t\t\t\t\t\t<span>\n\t\t\t\t\t\t\t\tHoe annuleer of wijzig ik mijn bestelling?\t\t\t\t\t\t\t<\/span>\n\t\t\t\t\t\t<\/div>\n\t\t\t\t\t\t<span class=\"wd-accordion-opener\"><\/span>\n\t\t\t\t\t<\/div>\n\n\t\t\t\t\t<div class=\"wd-accordion-content wd-entry-content\" data-accordion-index=\"3\">\n\t\t\t\t\t\t\t\t\t\t\t\t\t\n\t\t\t\t\t\t\t<p>U kunt uw bestelling wijzigen tot 23:00 uur PDT - 07:00 GMT op de dag dat het werd geplaatst. Om wijzigingen aan te brengen, neem dan contact met ons op [e-mailadres ontbreekt]. Als u vragen heeft of hulp nodig heeft, kunt u ook contact met ons opnemen via e-mail of WhatsApp en we zullen snel reageren.<\/p>\n\t\t\t\t\t\t\t\t\t\t\t\t\t\t\t\t\t\t<\/div>\n\t\t\t\t<\/div>\n\t\t\t\t\t\t\t\n\t\t\t\t<div class=\"wd-accordion-item\">\n\t\t\t\t\t<div class=\"wd-accordion-title\" data-accordion-index=\"4\">\n\t\t\t\t\t\t<div class=\"wd-accordion-title-text\">\n\t\t\t\t\t\t\t\t\t\t\t\t\t\t<span>\n\t\t\t\t\t\t\t\tHoe lang duurt het voordat je een terugbetaling ontvangt?\t\t\t\t\t\t\t<\/span>\n\t\t\t\t\t\t<\/div>\n\t\t\t\t\t\t<span class=\"wd-accordion-opener\"><\/span>\n\t\t\t\t\t<\/div>\n\n\t\t\t\t\t<div class=\"wd-accordion-content wd-entry-content\" data-accordion-index=\"4\">\n\t\t\t\t\t\t\t\t\t\t\t\t\t\n\t\t\t\t\t\t\t<p>De opslagtijd is 1 tot 5 dagen, terwijl de levertijd meestal tussen de 7 en 15 dagen ligt, afhankelijk van het product.<\/p>\n\t\t\t\t\t\t\t\t\t\t\t\t\t\t\t\t\t\t<\/div>\n\t\t\t\t<\/div>\n\t\t\t\t\t<\/div>\n\t\t\t\t\t\t<\/div>\n\t\t\t\t<\/div>\n\t\t\t\t<\/div>\n\t\t\t\t\t<\/div>\n\t\t\t\t<\/div>\n\t\t<div class=\"elementor-element elementor-element-7c0dcf9 e-con-full e-flex e-con e-parent\" data-id=\"7c0dcf9\" data-element_type=\"container\">\n\t\t\t\t<div class=\"elementor-element elementor-element-952b01f elementor-widget elementor-widget-wd_image_or_svg\" data-id=\"952b01f\" data-element_type=\"widget\" data-widget_type=\"wd_image_or_svg.default\">\n\t\t\t\t<div class=\"elementor-widget-container\">\n\t\t\t\t\t\n\t\t<div class=\"wd-image text-left\">\n\t\t\t\t\t\t\t<a  href=\"https:\/\/vapeenjoy.com\/\" aria-label=\"Image link\">\n\t\t\t\t\t\t\t\t<img decoding=\"async\" width=\"100\" height=\"100\" src=\"https:\/\/vapeenjoy.com\/wp-content\/uploads\/2025\/08\/cropped-\u56fe\u6807-3-100x100.png\" class=\"attachment-100x100 size-100x100\" alt=\"laten genieten\" srcset=\"https:\/\/vapeenjoy.com\/wp-content\/uploads\/2025\/08\/cropped-\u56fe\u6807-3-100x100.png 100w, https:\/\/vapeenjoy.com\/wp-content\/uploads\/2025\/08\/cropped-\u56fe\u6807-3-300x300.png 300w, https:\/\/vapeenjoy.com\/wp-content\/uploads\/2025\/08\/cropped-\u56fe\u6807-3-150x150.png 150w, https:\/\/vapeenjoy.com\/wp-content\/uploads\/2025\/08\/cropped-\u56fe\u6807-3-270x270.png 270w, https:\/\/vapeenjoy.com\/wp-content\/uploads\/2025\/08\/cropped-\u56fe\u6807-3-192x192.png 192w, https:\/\/vapeenjoy.com\/wp-content\/uploads\/2025\/08\/cropped-\u56fe\u6807-3-180x180.png 180w, https:\/\/vapeenjoy.com\/wp-content\/uploads\/2025\/08\/cropped-\u56fe\u6807-3-32x32.png 32w, https:\/\/vapeenjoy.com\/wp-content\/uploads\/2025\/08\/cropped-\u56fe\u6807-3-40x40.png 40w, https:\/\/vapeenjoy.com\/wp-content\/uploads\/2025\/08\/cropped-\u56fe\u6807-3-50x50.png 50w, https:\/\/vapeenjoy.com\/wp-content\/uploads\/2025\/08\/cropped-\u56fe\u6807-3-80x80.png 80w, https:\/\/vapeenjoy.com\/wp-content\/uploads\/2025\/08\/cropped-\u56fe\u6807-3-120x120.png 120w, https:\/\/vapeenjoy.com\/wp-content\/uploads\/2025\/08\/cropped-\u56fe\u6807-3.png 512w\" sizes=\"(max-width: 100px) 100vw, 100px\" \/>\t\t\t\t\t\t\t<\/a>\n\t\t\t\t\t<\/div>\n\n\t\t\t\t\t\t<\/div>\n\t\t\t\t<\/div>\n\t\t\t\t<div class=\"elementor-element elementor-element-c7b5561 elementor-widget elementor-widget-wd_image_or_svg\" data-id=\"c7b5561\" data-element_type=\"widget\" data-widget_type=\"wd_image_or_svg.default\">\n\t\t\t\t<div class=\"elementor-widget-container\">\n\t\t\t\t\t\n\t\t<div class=\"wd-image text-center\">\n\t\t\t\t\t\t\t\t<img decoding=\"async\" width=\"100\" height=\"100\" src=\"https:\/\/vapeenjoy.com\/wp-content\/uploads\/2025\/08\/WhatsApp.svg-100x100.png\" class=\"attachment-100x100 size-100x100\" alt=\"ga ons whatsappen\" srcset=\"https:\/\/vapeenjoy.com\/wp-content\/uploads\/2025\/08\/WhatsApp.svg-100x100.png 100w, https:\/\/vapeenjoy.com\/wp-content\/uploads\/2025\/08\/WhatsApp.svg-300x300.png 300w, https:\/\/vapeenjoy.com\/wp-content\/uploads\/2025\/08\/WhatsApp.svg-150x150.png 150w, https:\/\/vapeenjoy.com\/wp-content\/uploads\/2025\/08\/WhatsApp.svg-768x770.png 768w, https:\/\/vapeenjoy.com\/wp-content\/uploads\/2025\/08\/WhatsApp.svg-600x600.png 600w, https:\/\/vapeenjoy.com\/wp-content\/uploads\/2025\/08\/WhatsApp.svg.png 1022w\" sizes=\"(max-width: 100px) 100vw, 100px\" \/>\t\t\t\t\t<\/div>\n\n\t\t\t\t\t\t<\/div>\n\t\t\t\t<\/div>\n\t\t\t\t<div class=\"elementor-element elementor-element-9e1b195 color-scheme-inherit text-left elementor-widget elementor-widget-text-editor\" data-id=\"9e1b195\" data-element_type=\"widget\" data-widget_type=\"text-editor.default\">\n\t\t\t\t\t\t\t\t\t<h3>+(86)13411063106<\/h3>\t\t\t\t\t\t\t\t<\/div>\n\t\t\t\t<div class=\"elementor-element elementor-element-6e3c1ea elementor-widget elementor-widget-wd_image_or_svg\" data-id=\"6e3c1ea\" data-element_type=\"widget\" data-widget_type=\"wd_image_or_svg.default\">\n\t\t\t\t<div class=\"elementor-widget-container\">\n\t\t\t\t\t\n\t\t<div class=\"wd-image text-center\">\n\t\t\t\t\t\t\t\t<img decoding=\"async\" width=\"80\" height=\"80\" src=\"https:\/\/vapeenjoy.com\/wp-content\/uploads\/2025\/08\/Mail-80x80.jpg\" class=\"attachment-80x80 size-80x80\" alt=\"\" srcset=\"https:\/\/vapeenjoy.com\/wp-content\/uploads\/2025\/08\/Mail-80x80.jpg 80w, https:\/\/vapeenjoy.com\/wp-content\/uploads\/2025\/08\/Mail-100x100.jpg 100w, https:\/\/vapeenjoy.com\/wp-content\/uploads\/2025\/08\/Mail.jpg 148w\" sizes=\"(max-width: 80px) 100vw, 80px\" \/>\t\t\t\t\t<\/div>\n\n\t\t\t\t\t\t<\/div>\n\t\t\t\t<\/div>\n\t\t\t\t<div class=\"elementor-element elementor-element-314eae7 color-scheme-inherit text-left elementor-widget elementor-widget-text-editor\" data-id=\"314eae7\" data-element_type=\"widget\" data-widget_type=\"text-editor.default\">\n\t\t\t\t\t\t\t\t\t<h3>info@vapeenjoy.com<\/h3>\t\t\t\t\t\t\t\t<\/div>\n\t\t\t\t<\/div>\n\t\t\t\t<\/div>","protected":false},"excerpt":{"rendered":"<p>Vapeenjoy Contact with an expert Frequently asked questions My order hasn&#8217;t arrived yet. Where is it? If you want to<\/p>","protected":false},"author":1,"featured_media":0,"parent":0,"menu_order":0,"comment_status":"closed","ping_status":"closed","template":"","meta":{"footnotes":""},"class_list":["post-1508","page","type-page","status-publish","hentry"],"yoast_head":"<!-- This site is optimized with the Yoast SEO plugin v25.7 - https:\/\/yoast.com\/wordpress\/plugins\/seo\/ -->\n<title>Contact Vapeenjoy - Get in Touch for Vaping Support &amp; Inquiries<\/title>\n<meta name=\"description\" content=\"Vapeenjoy contact page provides expert support for vaping products and inquiries. Use Vapeenjoy contact for quick, friendly help.\" \/>\n<meta name=\"robots\" content=\"index, follow, max-snippet:-1, max-image-preview:large, max-video-preview:-1\" \/>\n<link rel=\"canonical\" href=\"https:\/\/vapeenjoy.com\/nl\/neem-contact-met-ons-op\/\" \/>\n<meta property=\"og:locale\" content=\"nl_NL\" \/>\n<meta property=\"og:type\" content=\"article\" \/>\n<meta property=\"og:title\" content=\"Contact Vapeenjoy - Get in Touch for Vaping Support &amp; Inquiries\" \/>\n<meta property=\"og:description\" content=\"Vapeenjoy contact page provides expert support for vaping products and inquiries. Use Vapeenjoy contact for quick, friendly help.\" \/>\n<meta property=\"og:url\" content=\"https:\/\/vapeenjoy.com\/nl\/neem-contact-met-ons-op\/\" \/>\n<meta property=\"og:site_name\" content=\"vapeenjoy\" \/>\n<meta property=\"article:modified_time\" content=\"2025-08-22T09:55:42+00:00\" \/>\n<meta property=\"og:image\" content=\"https:\/\/vapeenjoy.com\/wp-content\/uploads\/2025\/08\/WhatsApp.svg-100x100.png\" \/>\n<meta name=\"twitter:card\" content=\"summary_large_image\" \/>\n<meta name=\"twitter:label1\" content=\"Geschatte leestijd\" \/>\n\t<meta name=\"twitter:data1\" content=\"4 minuten\" \/>\n<script type=\"application\/ld+json\" class=\"yoast-schema-graph\">{\"@context\":\"https:\/\/schema.org\",\"@graph\":[{\"@type\":\"WebPage\",\"@id\":\"https:\/\/vapeenjoy.com\/contact-us\/\",\"url\":\"https:\/\/vapeenjoy.com\/contact-us\/\",\"name\":\"Contact Vapeenjoy - Get in Touch for Vaping Support & Inquiries\",\"isPartOf\":{\"@id\":\"https:\/\/vapeenjoy.com\/#website\"},\"primaryImageOfPage\":{\"@id\":\"https:\/\/vapeenjoy.com\/contact-us\/#primaryimage\"},\"image\":{\"@id\":\"https:\/\/vapeenjoy.com\/contact-us\/#primaryimage\"},\"thumbnailUrl\":\"https:\/\/vapeenjoy.com\/wp-content\/uploads\/2025\/08\/WhatsApp.svg-100x100.png\",\"datePublished\":\"2023-04-20T11:47:20+00:00\",\"dateModified\":\"2025-08-22T09:55:42+00:00\",\"description\":\"Vapeenjoy contact page provides expert support for vaping products and inquiries. Use Vapeenjoy contact for quick, friendly help.\",\"breadcrumb\":{\"@id\":\"https:\/\/vapeenjoy.com\/contact-us\/#breadcrumb\"},\"inLanguage\":\"nl-NL\",\"potentialAction\":[{\"@type\":\"ReadAction\",\"target\":[\"https:\/\/vapeenjoy.com\/contact-us\/\"]}]},{\"@type\":\"ImageObject\",\"inLanguage\":\"nl-NL\",\"@id\":\"https:\/\/vapeenjoy.com\/contact-us\/#primaryimage\",\"url\":\"https:\/\/vapeenjoy.com\/wp-content\/uploads\/2025\/08\/WhatsApp.svg-100x100.png\",\"contentUrl\":\"https:\/\/vapeenjoy.com\/wp-content\/uploads\/2025\/08\/WhatsApp.svg-100x100.png\"},{\"@type\":\"BreadcrumbList\",\"@id\":\"https:\/\/vapeenjoy.com\/contact-us\/#breadcrumb\",\"itemListElement\":[{\"@type\":\"ListItem\",\"position\":1,\"name\":\"Home\",\"item\":\"https:\/\/vapeenjoy.com\/\"},{\"@type\":\"ListItem\",\"position\":2,\"name\":\"Contact us\"}]},{\"@type\":\"WebSite\",\"@id\":\"https:\/\/vapeenjoy.com\/#website\",\"url\":\"https:\/\/vapeenjoy.com\/\",\"name\":\"vapeenjoy\",\"description\":\"An online store for selling vapes\",\"potentialAction\":[{\"@type\":\"SearchAction\",\"target\":{\"@type\":\"EntryPoint\",\"urlTemplate\":\"https:\/\/vapeenjoy.com\/?s={search_term_string}\"},\"query-input\":{\"@type\":\"PropertyValueSpecification\",\"valueRequired\":true,\"valueName\":\"search_term_string\"}}],\"inLanguage\":\"nl-NL\"}]}<\/script>\n<!-- \/ Yoast SEO plugin. -->","yoast_head_json":{"title":"Neem contact op met VapeEnjoy - Neem contact op voor vaping Support &amp; Inquiries","description":"VapeEnjoy Contactpagina biedt deskundige ondersteuning voor vaping-producten en vragen. Gebruik VapeEnjoy Contact voor snelle, vriendelijke hulp.","robots":{"index":"index","follow":"follow","max-snippet":"max-snippet:-1","max-image-preview":"max-image-preview:large","max-video-preview":"max-video-preview:-1"},"canonical":"https:\/\/vapeenjoy.com\/nl\/neem-contact-met-ons-op\/","og_locale":"nl_NL","og_type":"article","og_title":"Contact Vapeenjoy - Get in Touch for Vaping Support & Inquiries","og_description":"Vapeenjoy contact page provides expert support for vaping products and inquiries. Use Vapeenjoy contact for quick, friendly help.","og_url":"https:\/\/vapeenjoy.com\/nl\/neem-contact-met-ons-op\/","og_site_name":"vapeenjoy","article_modified_time":"2025-08-22T09:55:42+00:00","og_image":[{"url":"https:\/\/vapeenjoy.com\/wp-content\/uploads\/2025\/08\/WhatsApp.svg-100x100.png","type":"","width":"","height":""}],"twitter_card":"summary_large_image","twitter_misc":{"Geschatte leestijd":"4 minuten"},"schema":{"@context":"https:\/\/schema.org","@graph":[{"@type":"WebPage","@id":"https:\/\/vapeenjoy.com\/contact-us\/","url":"https:\/\/vapeenjoy.com\/contact-us\/","name":"Neem contact op met VapeEnjoy - Neem contact op voor vaping Support &amp; Inquiries","isPartOf":{"@id":"https:\/\/vapeenjoy.com\/#website"},"primaryImageOfPage":{"@id":"https:\/\/vapeenjoy.com\/contact-us\/#primaryimage"},"image":{"@id":"https:\/\/vapeenjoy.com\/contact-us\/#primaryimage"},"thumbnailUrl":"https:\/\/vapeenjoy.com\/wp-content\/uploads\/2025\/08\/WhatsApp.svg-100x100.png","datePublished":"2023-04-20T11:47:20+00:00","dateModified":"2025-08-22T09:55:42+00:00","description":"VapeEnjoy Contactpagina biedt deskundige ondersteuning voor vaping-producten en vragen. Gebruik VapeEnjoy Contact voor snelle, vriendelijke hulp.","breadcrumb":{"@id":"https:\/\/vapeenjoy.com\/contact-us\/#breadcrumb"},"inLanguage":"nl-NL","potentialAction":[{"@type":"ReadAction","target":["https:\/\/vapeenjoy.com\/contact-us\/"]}]},{"@type":"ImageObject","inLanguage":"nl-NL","@id":"https:\/\/vapeenjoy.com\/contact-us\/#primaryimage","url":"https:\/\/vapeenjoy.com\/wp-content\/uploads\/2025\/08\/WhatsApp.svg-100x100.png","contentUrl":"https:\/\/vapeenjoy.com\/wp-content\/uploads\/2025\/08\/WhatsApp.svg-100x100.png"},{"@type":"BreadcrumbList","@id":"https:\/\/vapeenjoy.com\/contact-us\/#breadcrumb","itemListElement":[{"@type":"ListItem","position":1,"name":"Home","item":"https:\/\/vapeenjoy.com\/"},{"@type":"ListItem","position":2,"name":"Contact us"}]},{"@type":"WebSite","@id":"https:\/\/vapeenjoy.com\/#website","url":"https:\/\/vapeenjoy.com\/","name":"laten genieten","description":"Een online winkel voor het verkopen van vapes","potentialAction":[{"@type":"SearchAction","target":{"@type":"EntryPoint","urlTemplate":"https:\/\/vapeenjoy.com\/?s={search_term_string}"},"query-input":{"@type":"PropertyValueSpecification","valueRequired":true,"valueName":"search_term_string"}}],"inLanguage":"nl-NL"}]}},"_links":{"self":[{"href":"https:\/\/vapeenjoy.com\/nl\/wp-json\/wp\/v2\/pages\/1508","targetHints":{"allow":["GET"]}}],"collection":[{"href":"https:\/\/vapeenjoy.com\/nl\/wp-json\/wp\/v2\/pages"}],"about":[{"href":"https:\/\/vapeenjoy.com\/nl\/wp-json\/wp\/v2\/types\/page"}],"author":[{"embeddable":true,"href":"https:\/\/vapeenjoy.com\/nl\/wp-json\/wp\/v2\/users\/1"}],"replies":[{"embeddable":true,"href":"https:\/\/vapeenjoy.com\/nl\/wp-json\/wp\/v2\/comments?post=1508"}],"version-history":[{"count":25,"href":"https:\/\/vapeenjoy.com\/nl\/wp-json\/wp\/v2\/pages\/1508\/revisions"}],"predecessor-version":[{"id":2580,"href":"https:\/\/vapeenjoy.com\/nl\/wp-json\/wp\/v2\/pages\/1508\/revisions\/2580"}],"wp:attachment":[{"href":"https:\/\/vapeenjoy.com\/nl\/wp-json\/wp\/v2\/media?parent=1508"}],"curies":[{"name":"WP","href":"https:\/\/api.w.org\/{rel}","templated":true}]}}