{"id":1954,"date":"2025-08-11T06:51:29","date_gmt":"2025-08-11T06:51:29","guid":{"rendered":"https:\/\/vapeenjoy.com\/?page_id=1954"},"modified":"2025-08-27T01:27:48","modified_gmt":"2025-08-27T01:27:48","slug":"terms-and-conditions","status":"publish","type":"page","link":"https:\/\/vapeenjoy.com\/nl\/algemene-voorwaarden\/","title":{"rendered":"Algemene voorwaarden"},"content":{"rendered":"<div data-elementor-type=\"wp-page\" data-elementor-id=\"1954\" class=\"elementor elementor-1954\">\n\t\t\t\t<div class=\"wd-negative-gap elementor-element elementor-element-01061ba e-flex e-con-boxed e-con e-parent\" data-id=\"01061ba\" data-element_type=\"container\">\n\t\t\t\t\t<div class=\"e-con-inner\">\n\t\t\t\t<div class=\"elementor-element elementor-element-a2b554c color-scheme-inherit text-left elementor-widget elementor-widget-text-editor\" data-id=\"a2b554c\" data-element_type=\"widget\" data-widget_type=\"text-editor.default\">\n\t\t\t\t\t\t\t\t\t<h2 dir=\"ltr\" data-pm-slice=\"1 1 []\">Algemene voorwaarden voor Vapeenjoy.com<\/h2><p dir=\"ltr\">Welkom bij Vapeenjoy.com, uw belangrijkste bestemming voor wegwerpvape. Vapeenjoy beheert deze website en verbindt zich ertoe uitzonderlijke producten en diensten te leveren. Door onze website te bezoeken, gaat u akkoord met deze algemene voorwaarden, waar 'wij', 'ons' en 'onze' naar vapeenjoy verwijzen. Voor een naadloze ervaring, gelieve deze voorwaarden zorgvuldig te bekijken.<\/p><h2 dir=\"ltr\">Onze dienst gebruiken<\/h2><p dir=\"ltr\">Wanneer u onze website bezoekt of een aankoop doet, neemt u contact op met onze \"service\" en gaat u ermee akkoord deze servicevoorwaarden te volgen. Bijgevolg zijn deze voorwaarden van toepassing op alle gebruikers, inclusief browsers, klanten, leveranciers, verkopers en bijdragers van inhoud. Als u het niet eens bent met een deel van deze Voorwaarden, gelieve dan geen toegang te krijgen tot de website of het gebruik van onze diensten. Bovendien geeft voortgezet gebruik na updates aan dat u de acceptatie van herziene voorwaarden aangeeft.<\/p><p dir=\"ltr\">Controleer deze voorwaarden regelmatig voor updates, aangezien we ons het recht voorbehouden om ze te wijzigen of te vervangen door wijzigingen op de website te plaatsen. Met name alle nieuwe functies of tools die worden toegevoegd, vallen ook onder deze Servicevoorwaarden. Besteed daarom veel aandacht aan sectie 19, \"Arbitrage en ontheffing van class action\", waarvoor geschillen moeten worden opgelost door middel van individuele arbitrage.<\/p><h2 dir=\"ltr\">Sectie 1 \u2013 Voorwaarden voor online winkel<\/h2><p dir=\"ltr\">Door deze gebruiksvoorwaarden te accepteren, bevestigt u dat u ten minste de meerderjarigheid in uw staat of provincie bent of dat u ouderlijke toestemming hebt voor minderjarigen om onze website te gebruiken. Bovendien mag u onze producten niet voor illegale doeleinden gebruiken of wetten, zoals auteursrechtwetten, niet overtreden. Bovendien is het overbrengen van wormen, virussen of kwaadaardige code ten strengste verboden. Het overtreden van deze voorwaarden zal leiden tot onmiddellijke be\u00ebindiging van uw servicetoegang.<\/p><h2 dir=\"ltr\">Sectie 2 \u2013 Algemene voorwaarden<\/h2><p dir=\"ltr\">We kunnen service aan iedereen op elk moment weigeren om welke reden dan ook. Voor de beveiliging versleutelen we uw inhoud (exclusief creditcardgegevens) tijdens de verzending. U mag echter geen enkel deel van de Service misbruiken, reproduceren of verkopen zonder onze expliciete toestemming. Voor de duidelijkheid: de kopjes in deze overeenkomst dienen alleen voor het gemak en veranderen de voorwaarden niet.<\/p><h2 dir=\"ltr\">Sectie 3 \u2013 Informatienauwkeurigheid<\/h2><p dir=\"ltr\">We streven ernaar om nauwkeurige en tijdige informatie op de website te verstrekken, maar we kunnen de volledigheid of tijdigheid ervan niet garanderen. Gebruik het materiaal dus alleen voor algemene referentie en vermijd het alleen op het voor beslissingen te vertrouwen. Hoewel we historische informatie kunnen opnemen, verplichten we ons niet om het bij te werken. Daarom moet u wijzigingen in de inhoud van de website volgen.<\/p><h2 dir=\"ltr\">Sectie 4 \u2013 Service- en prijswijzigingen<\/h2><p dir=\"ltr\">We kunnen de productprijzen zonder kennisgeving wijzigen. Bovendien behouden we ons het recht voor om de Service of een onderdeel zonder voorafgaande kennisgeving te wijzigen of stop te zetten. Als gevolg hiervan zijn we niet aansprakelijk voor wijzigingen, prijswijzigingen of schorsingen van de service.<\/p><h2 dir=\"ltr\">Sectie 5 \u2013 Producten en diensten<\/h2><p dir=\"ltr\">Sommige producten zijn mogelijk alleen online en in beperkte hoeveelheden beschikbaar, afhankelijk van ons retourbeleid. Hoewel we ernaar streven om producten nauwkeurig weer te geven, kunnen kleuren vari\u00ebren tussen apparaten. Bovendien kunnen we de verkoop per regio, persoon of hoeveelheid beperken en beschrijvingen of prijzen naar eigen goeddunken aanpassen.<\/p><h2 dir=\"ltr\">Sectie 6 - Facturering en nauwkeurigheid van accounts<\/h2><p dir=\"ltr\">We kunnen bestellingen weigeren of hoeveelheden per persoon of huishouden beperken. Om te zorgen voor soepele transacties, moet u nauwkeurige account- en aankoopinformatie verstrekken en deze onmiddellijk bijwerken. Raadpleeg ons retourbeleid voor meer informatie.<\/p><h2 dir=\"ltr\">Sectie 7 \u2013 Optionele tools<\/h2><p dir=\"ltr\">We bieden tools van derden \"zoals ze zijn\" zonder garanties. Daarom gebruikt u deze tools op eigen risico. Evenzo zullen nieuwe diensten of functies die op de website worden ge\u00efntroduceerd, deze voorwaarden naleven.<\/p><h2 dir=\"ltr\">Sectie 8 \u2013 Links van derden<\/h2><p dir=\"ltr\">Onze website kan links bevatten naar sites van derden die niet bij ons zijn aangesloten. Aangezien we hun inhoud of nauwkeurigheid niet controleren, moet u hun beleid herzien voordat u transacties aangaat. Meld bovendien eventuele problemen rechtstreeks aan de derde partij.<\/p><h2 dir=\"ltr\">Sectie 9 \u2013 Gebruikersopmerkingen en feedback<\/h2><p dir=\"ltr\">U geeft ons het recht om eventuele opmerkingen of feedback die u geeft te gebruiken en te verspreiden. Ondertussen kunnen we inhoud die wij als illegaal of beledigend achten, controleren, bewerken of verwijderen. Belangrijk is dat uw opmerkingen geen rechten mogen schenden of schadelijke inhoud van derden mogen bevatten.<\/p><h2 dir=\"ltr\">Sectie 10 \u2013 Persoonsgegevens<\/h2><p dir=\"ltr\">Ons privacybeleid is van toepassing op het indienen van persoonsgegevens.<\/p><h3 dir=\"ltr\">Sectie 10.1 \u2013 Cookiebeleid<\/h3><p dir=\"ltr\">We gebruiken cookies om uw browse-ervaring te verbeteren en gepersonaliseerde inhoud te leveren. Door onze website te gebruiken, stemt u in met ons cookiegebruik. Bovendien kunt u op elk moment cookie-instellingen beheren.<\/p><h2 dir=\"ltr\">Sectie 11 - Fouten en onnauwkeurigheden<\/h2><p dir=\"ltr\">We kunnen fouten of onnauwkeurigheden in productbeschrijvingen, prijzen of aanbiedingen corrigeren zonder kennisgeving. Tenzij wettelijk verplicht, verplichten we ons niet tot het bijwerken van informatie.<\/p><h2 dir=\"ltr\">Sectie 12 \u2013 Verboden gebruik<\/h2><p dir=\"ltr\">U mag de website niet gebruiken voor illegale, intimiderende of kwaadwillige doeleinden. Bijgevolg kunnen we Services be\u00ebindigen voor eventuele overtredingen.<\/p><h2 dir=\"ltr\">Sectie 13 \u2013 Disclaimer en aansprakelijkheid<\/h2><p dir=\"ltr\">Wij garanderen geen ononderbroken of foutloze service. Daarom maakt u gebruik van de Service op eigen risico en zijn wij niet aansprakelijk voor enige schade.<\/p><h2 dir=\"ltr\">Sectie 14 \u2013 Vergoeding<\/h2><p dir=\"ltr\">U stemt ermee in ons te vrijwaren voor claims die voortvloeien uit uw schending van deze Voorwaarden.<\/p><h2 dir=\"ltr\">Sectie 15 \u2013 Verbreekbaarheid<\/h2><p dir=\"ltr\">Als een bepaling niet afdwingbaar is, blijven de overige bepalingen van kracht.<\/p><h2 dir=\"ltr\">Sectie 16 \u2013 Be\u00ebindiging<\/h2><p dir=\"ltr\">Verplichtingen voorafgaand aan de be\u00ebindiging blijven bindend. Om deze overeenkomst te be\u00ebindigen, laat het ons op elk moment op de hoogte. Omgekeerd kunnen we de overeenkomst zonder kennisgeving be\u00ebindigen als u deze voorwaarden overtreedt.<\/p><h2 dir=\"ltr\">Sectie 17 - Ontheffing<\/h2><p dir=\"ltr\">Het afzien van een termijn doet geen afstand van toekomstige rechten.<\/p><h2 dir=\"ltr\">Sectie 18 - Toepasselijk recht<\/h2><p dir=\"ltr\">De wetten van de staat Californi\u00eb gelden voor deze voorwaarden.<\/p><h2 dir=\"ltr\">Sectie 19 - Arbitrage en vrijstelling van class action<\/h2><p dir=\"ltr\">U moet geschillen, behalve die in de rechtbank voor geringe vorderingen, oplossen door middel van individuele arbitrage. U kunt dus geen claims indienen als onderdeel van een class action.<\/p><h2 dir=\"ltr\">Sectie 20 \u2013 Volledige overeenkomst<\/h2><p dir=\"ltr\">Deze voorwaarden vormen de volledige overeenkomst tussen u en ons, waarbij eerdere overeenkomsten worden vervangen. Bovendien hebben dubbelzinnigheden in de interpretatie geen voorstander van beide partijen.<\/p><h2 dir=\"ltr\">Sectie 21 \u2013 Contactgegevens<\/h2><p dir=\"ltr\">Voor vragen over deze gebruiksvoorwaarden kunt u contact met ons opnemen via info@vapeenjoy.com.<\/p><p dir=\"ltr\">Bedankt voor het bekijken van onze algemene voorwaarden. We streven ernaar om een naadloze en veilige ervaring te garanderen bij Vapeenjoy.com.<\/p>\t\t\t\t\t\t\t\t<\/div>\n\t\t\t\t\t<\/div>\n\t\t\t\t<\/div>\n\t\t<div class=\"wd-negative-gap elementor-element elementor-element-a291d96 e-flex e-con-boxed e-con e-parent\" data-id=\"a291d96\" data-element_type=\"container\">\n\t\t\t\t\t<div class=\"e-con-inner\">\n\t\t\t\t<div class=\"elementor-element elementor-element-3013edb elementor-widget elementor-widget-wd_image_or_svg\" data-id=\"3013edb\" data-element_type=\"widget\" data-widget_type=\"wd_image_or_svg.default\">\n\t\t\t\t<div class=\"elementor-widget-container\">\n\t\t\t\t\t\n\t\t<div class=\"wd-image text-left\">\n\t\t\t\t\t\t\t\t<img fetchpriority=\"high\" decoding=\"async\" width=\"1300\" height=\"900\" src=\"https:\/\/vapeenjoy.com\/wp-content\/uploads\/2025\/08\/Brand.png\" class=\"attachment-full size-full\" alt=\"vape geniet van merk\" srcset=\"https:\/\/vapeenjoy.com\/wp-content\/uploads\/2025\/08\/Brand.png 1300w, https:\/\/vapeenjoy.com\/wp-content\/uploads\/2025\/08\/Brand-300x208.png 300w, https:\/\/vapeenjoy.com\/wp-content\/uploads\/2025\/08\/Brand-1024x709.png 1024w, https:\/\/vapeenjoy.com\/wp-content\/uploads\/2025\/08\/Brand-768x532.png 768w, https:\/\/vapeenjoy.com\/wp-content\/uploads\/2025\/08\/Brand-1200x831.png 1200w, https:\/\/vapeenjoy.com\/wp-content\/uploads\/2025\/08\/Brand-150x104.png 150w\" sizes=\"(max-width: 1300px) 100vw, 1300px\" \/>\t\t\t\t\t<\/div>\n\n\t\t\t\t\t\t<\/div>\n\t\t\t\t<\/div>\n\t\t\t\t\t<\/div>\n\t\t\t\t<\/div>\n\t\t\t\t<\/div>","protected":false},"excerpt":{"rendered":"<p>Terms and Conditions for Vapeenjoy.com Welcome to Vapeenjoy.com, your premier destination for disposable vape. Vapeenjoy operates this website and commits<\/p>","protected":false},"author":1,"featured_media":0,"parent":0,"menu_order":0,"comment_status":"closed","ping_status":"closed","template":"","meta":{"footnotes":""},"class_list":["post-1954","page","type-page","status-publish","hentry"],"yoast_head":"<!-- This site is optimized with the Yoast SEO plugin v25.7 - https:\/\/yoast.com\/wordpress\/plugins\/seo\/ -->\n<title>Vapeenjoy Terms and Conditions - Your Guide to Our Policies<\/title>\n<meta name=\"description\" content=\"Review Vapeenjoy Terms and Conditions for our policies, user responsibilities, and legal guidelines to ensure seamless vaping experience.\" \/>\n<meta name=\"robots\" content=\"index, follow, max-snippet:-1, max-image-preview:large, max-video-preview:-1\" \/>\n<link rel=\"canonical\" href=\"https:\/\/vapeenjoy.com\/nl\/algemene-voorwaarden\/\" \/>\n<meta property=\"og:locale\" content=\"nl_NL\" \/>\n<meta property=\"og:type\" content=\"article\" \/>\n<meta property=\"og:title\" content=\"Vapeenjoy Terms and Conditions - Your Guide to Our Policies\" \/>\n<meta property=\"og:description\" content=\"Review Vapeenjoy Terms and Conditions for our policies, user responsibilities, and legal guidelines to ensure seamless vaping experience.\" \/>\n<meta property=\"og:url\" content=\"https:\/\/vapeenjoy.com\/nl\/algemene-voorwaarden\/\" \/>\n<meta property=\"og:site_name\" content=\"vapeenjoy\" \/>\n<meta property=\"article:modified_time\" content=\"2025-08-27T01:27:48+00:00\" \/>\n<meta property=\"og:image\" content=\"https:\/\/vapeenjoy.com\/wp-content\/uploads\/2025\/08\/Brand.png\" \/>\n<meta name=\"twitter:card\" content=\"summary_large_image\" \/>\n<meta name=\"twitter:label1\" content=\"Geschatte leestijd\" \/>\n\t<meta name=\"twitter:data1\" content=\"5 minuten\" \/>\n<script type=\"application\/ld+json\" class=\"yoast-schema-graph\">{\"@context\":\"https:\/\/schema.org\",\"@graph\":[{\"@type\":\"WebPage\",\"@id\":\"https:\/\/vapeenjoy.com\/terms-and-conditions\/\",\"url\":\"https:\/\/vapeenjoy.com\/terms-and-conditions\/\",\"name\":\"Vapeenjoy Terms and Conditions - Your Guide to Our Policies\",\"isPartOf\":{\"@id\":\"https:\/\/vapeenjoy.com\/#website\"},\"primaryImageOfPage\":{\"@id\":\"https:\/\/vapeenjoy.com\/terms-and-conditions\/#primaryimage\"},\"image\":{\"@id\":\"https:\/\/vapeenjoy.com\/terms-and-conditions\/#primaryimage\"},\"thumbnailUrl\":\"https:\/\/vapeenjoy.com\/wp-content\/uploads\/2025\/08\/Brand.png\",\"datePublished\":\"2025-08-11T06:51:29+00:00\",\"dateModified\":\"2025-08-27T01:27:48+00:00\",\"description\":\"Review Vapeenjoy Terms and Conditions for our policies, user responsibilities, and legal guidelines to ensure seamless vaping experience.\",\"breadcrumb\":{\"@id\":\"https:\/\/vapeenjoy.com\/terms-and-conditions\/#breadcrumb\"},\"inLanguage\":\"nl-NL\",\"potentialAction\":[{\"@type\":\"ReadAction\",\"target\":[\"https:\/\/vapeenjoy.com\/terms-and-conditions\/\"]}]},{\"@type\":\"ImageObject\",\"inLanguage\":\"nl-NL\",\"@id\":\"https:\/\/vapeenjoy.com\/terms-and-conditions\/#primaryimage\",\"url\":\"https:\/\/vapeenjoy.com\/wp-content\/uploads\/2025\/08\/Brand.png\",\"contentUrl\":\"https:\/\/vapeenjoy.com\/wp-content\/uploads\/2025\/08\/Brand.png\"},{\"@type\":\"BreadcrumbList\",\"@id\":\"https:\/\/vapeenjoy.com\/terms-and-conditions\/#breadcrumb\",\"itemListElement\":[{\"@type\":\"ListItem\",\"position\":1,\"name\":\"Home\",\"item\":\"https:\/\/vapeenjoy.com\/\"},{\"@type\":\"ListItem\",\"position\":2,\"name\":\"terms and Conditions\"}]},{\"@type\":\"WebSite\",\"@id\":\"https:\/\/vapeenjoy.com\/#website\",\"url\":\"https:\/\/vapeenjoy.com\/\",\"name\":\"vapeenjoy\",\"description\":\"An online store for selling vapes\",\"potentialAction\":[{\"@type\":\"SearchAction\",\"target\":{\"@type\":\"EntryPoint\",\"urlTemplate\":\"https:\/\/vapeenjoy.com\/?s={search_term_string}\"},\"query-input\":{\"@type\":\"PropertyValueSpecification\",\"valueRequired\":true,\"valueName\":\"search_term_string\"}}],\"inLanguage\":\"nl-NL\"}]}<\/script>\n<!-- \/ Yoast SEO plugin. -->","yoast_head_json":{"title":"VapeEnjoy Algemene voorwaarden - Uw gids voor ons beleid","description":"Bekijk VapeEnjoy-voorwaarden voor ons beleid, gebruikersverantwoordelijkheden en wettelijke richtlijnen om een naadloze dampervaring te garanderen.","robots":{"index":"index","follow":"follow","max-snippet":"max-snippet:-1","max-image-preview":"max-image-preview:large","max-video-preview":"max-video-preview:-1"},"canonical":"https:\/\/vapeenjoy.com\/nl\/algemene-voorwaarden\/","og_locale":"nl_NL","og_type":"article","og_title":"Vapeenjoy Terms and Conditions - Your Guide to Our Policies","og_description":"Review Vapeenjoy Terms and Conditions for our policies, user responsibilities, and legal guidelines to ensure seamless vaping experience.","og_url":"https:\/\/vapeenjoy.com\/nl\/algemene-voorwaarden\/","og_site_name":"vapeenjoy","article_modified_time":"2025-08-27T01:27:48+00:00","og_image":[{"url":"https:\/\/vapeenjoy.com\/wp-content\/uploads\/2025\/08\/Brand.png","type":"","width":"","height":""}],"twitter_card":"summary_large_image","twitter_misc":{"Geschatte leestijd":"5 minuten"},"schema":{"@context":"https:\/\/schema.org","@graph":[{"@type":"WebPage","@id":"https:\/\/vapeenjoy.com\/terms-and-conditions\/","url":"https:\/\/vapeenjoy.com\/terms-and-conditions\/","name":"VapeEnjoy Algemene voorwaarden - Uw gids voor ons beleid","isPartOf":{"@id":"https:\/\/vapeenjoy.com\/#website"},"primaryImageOfPage":{"@id":"https:\/\/vapeenjoy.com\/terms-and-conditions\/#primaryimage"},"image":{"@id":"https:\/\/vapeenjoy.com\/terms-and-conditions\/#primaryimage"},"thumbnailUrl":"https:\/\/vapeenjoy.com\/wp-content\/uploads\/2025\/08\/Brand.png","datePublished":"2025-08-11T06:51:29+00:00","dateModified":"2025-08-27T01:27:48+00:00","description":"Bekijk VapeEnjoy-voorwaarden voor ons beleid, gebruikersverantwoordelijkheden en wettelijke richtlijnen om een naadloze dampervaring te garanderen.","breadcrumb":{"@id":"https:\/\/vapeenjoy.com\/terms-and-conditions\/#breadcrumb"},"inLanguage":"nl-NL","potentialAction":[{"@type":"ReadAction","target":["https:\/\/vapeenjoy.com\/terms-and-conditions\/"]}]},{"@type":"ImageObject","inLanguage":"nl-NL","@id":"https:\/\/vapeenjoy.com\/terms-and-conditions\/#primaryimage","url":"https:\/\/vapeenjoy.com\/wp-content\/uploads\/2025\/08\/Brand.png","contentUrl":"https:\/\/vapeenjoy.com\/wp-content\/uploads\/2025\/08\/Brand.png"},{"@type":"BreadcrumbList","@id":"https:\/\/vapeenjoy.com\/terms-and-conditions\/#breadcrumb","itemListElement":[{"@type":"ListItem","position":1,"name":"Home","item":"https:\/\/vapeenjoy.com\/"},{"@type":"ListItem","position":2,"name":"terms and Conditions"}]},{"@type":"WebSite","@id":"https:\/\/vapeenjoy.com\/#website","url":"https:\/\/vapeenjoy.com\/","name":"laten genieten","description":"Een online winkel voor het verkopen van vapes","potentialAction":[{"@type":"SearchAction","target":{"@type":"EntryPoint","urlTemplate":"https:\/\/vapeenjoy.com\/?s={search_term_string}"},"query-input":{"@type":"PropertyValueSpecification","valueRequired":true,"valueName":"search_term_string"}}],"inLanguage":"nl-NL"}]}},"_links":{"self":[{"href":"https:\/\/vapeenjoy.com\/nl\/wp-json\/wp\/v2\/pages\/1954","targetHints":{"allow":["GET"]}}],"collection":[{"href":"https:\/\/vapeenjoy.com\/nl\/wp-json\/wp\/v2\/pages"}],"about":[{"href":"https:\/\/vapeenjoy.com\/nl\/wp-json\/wp\/v2\/types\/page"}],"author":[{"embeddable":true,"href":"https:\/\/vapeenjoy.com\/nl\/wp-json\/wp\/v2\/users\/1"}],"replies":[{"embeddable":true,"href":"https:\/\/vapeenjoy.com\/nl\/wp-json\/wp\/v2\/comments?post=1954"}],"version-history":[{"count":21,"href":"https:\/\/vapeenjoy.com\/nl\/wp-json\/wp\/v2\/pages\/1954\/revisions"}],"predecessor-version":[{"id":2628,"href":"https:\/\/vapeenjoy.com\/nl\/wp-json\/wp\/v2\/pages\/1954\/revisions\/2628"}],"wp:attachment":[{"href":"https:\/\/vapeenjoy.com\/nl\/wp-json\/wp\/v2\/media?parent=1954"}],"curies":[{"name":"WP","href":"https:\/\/api.w.org\/{rel}","templated":true}]}}