{"id":11,"date":"2025-07-16T06:46:06","date_gmt":"2025-07-16T06:46:06","guid":{"rendered":"https:\/\/vapeenjoy.com\/?page_id=11"},"modified":"2025-08-26T08:30:12","modified_gmt":"2025-08-26T08:30:12","slug":"conditions-of-transport","status":"publish","type":"page","link":"https:\/\/vapeenjoy.com\/pl\/warunki-transportu\/","title":{"rendered":"Warunki transportu"},"content":{"rendered":"<div data-elementor-type=\"wp-page\" data-elementor-id=\"11\" class=\"elementor elementor-11\">\n\t\t\t\t<div class=\"wd-negative-gap elementor-element elementor-element-69cb6f19 e-flex e-con-boxed e-con e-parent\" data-id=\"69cb6f19\" data-element_type=\"container\">\n\t\t\t\t\t<div class=\"e-con-inner\">\n\t\t\t\t<div class=\"elementor-element elementor-element-51a6e90a color-scheme-inherit text-left elementor-widget elementor-widget-text-editor\" data-id=\"51a6e90a\" data-element_type=\"widget\" data-widget_type=\"text-editor.default\">\n\t\t\t\t\t\t\t\t\t\n<h2>Warunki transportu VapeEjoy<\/h2>\n<h2>1. Przetwarzanie zam\u00f3wie\u0144 i wysy\u0142<\/h2>\n<ul>\n<li>Zam\u00f3wienia s\u0105 realizowane i wysy\u0142ane w ci\u0105gu 1-3 dni roboczych.<\/li>\n<li>Dostawa trwa zazwyczaj 7-15 dni roboczych.<\/li>\n<li>Nale\u017cy pami\u0119ta\u0107, \u017ce zam\u00f3wienia nie s\u0105 wysy\u0142ane w weekendy.<\/li>\n<\/ul>\n<h2>2. \u015aledzenie przesy\u0142ek<\/h2>\n<ul>\n<li>Po wys\u0142aniu zam\u00f3wienia otrzymasz numer \u015bledzenia poczt\u0105 elektroniczn\u0105.<\/li>\n<li>Mo\u017cesz \u015bledzi\u0107 swoj\u0105 przesy\u0142k\u0119 za pomoc\u0105 podanego numeru \u015bledzenia na <a href=\"https:\/\/www.17track.net\/\">17Track.net<\/a>.<\/li>\n<li>Informacje o \u015bledzeniu mog\u0105 potrwa\u0107 1-2 dni, aby aktualizowa\u0107 na stronie internetowej.<\/li>\n<\/ul>\n<h2>3. Zmiany zam\u00f3wienia<\/h2>\n<ul>\n<li>Mo\u017cesz anulowa\u0107 zam\u00f3wienie lub zaktualizowa\u0107 adres dostawy w dowolnym momencie przed wys\u0142aniem zam\u00f3wienia.<\/li>\n<li>Po wys\u0142aniu zam\u00f3wienia zwroty lub zmiany adresu nie s\u0105 ju\u017c mo\u017cliwe.<\/li>\n<li>Bezp\u0142atna wysy\u0142ka jest dost\u0119pna dla zam\u00f3wie\u0144 do Stan\u00f3w Zjednoczonych i Australii.<\/li>\n<\/ul>\n<h2>4. Metody wysy\u0142ki i obowi\u0105zki<\/h2>\n<p>W wybranych krajach oferujemy dostarczon\u0105 op\u0142at\u0119 za op\u0142acon\u0105 c\u0142a (DDP), co oznacza, \u017ce nie b\u0119dziesz ponosi\u0107 op\u0142at celnych. Te kraje i odpowiadaj\u0105ce im metody wysy\u0142ki s\u0105 nast\u0119puj\u0105ce:<\/p>\n<ul>\n<li><strong>Stany Zjednoczone<\/strong>: UPS Express (z wy\u0142\u0105czeniem Alaski i Hawaj\u00f3w)<\/li>\n<li><strong>Zjednoczone Kr\u00f3lestwo<\/strong>: Lokalny ekspres DPD Express<\/li>\n<li><strong>Europa<\/strong>: UPS Express, DPD Express lub DHL Express<\/li>\n<li><strong>Kraje europejskie kwalifikuj\u0105ce si\u0119 do DDP<\/strong>: Niemcy, Belgia, Luksemburg, Holandia, Czechy, Polska, Chorwacja, S\u0142owacja, S\u0142owenia, Finlandia, Dania, Szwecja, Austria, Francja, W\u0142ochy, W\u0119gry, Bu\u0142garia, Litwa, Estonia, \u0141otwa, Grecja, Irlandia, Portugalia, Hiszpania<\/li>\n<\/ul>\n<h2>5. Czasy wysy\u0142ki wed\u0142ug kraju<\/h2>\n<p>Poni\u017cej znajduj\u0105 si\u0119 metody wysy\u0142ki i szacowany czas dostawy dla poszczeg\u00f3lnych kraj\u00f3w:<\/p>\n<table>\n<thead>\n<tr>\n<th>kraj<\/th>\n<th>Metoda wysy\u0142ki<\/th>\n<th>Szacowany czas dostawy<\/th>\n<\/tr>\n<\/thead>\n<tbody>\n<tr>\n<td>Stany Zjednoczone<\/td>\n<td>Lokalny UPS<\/td>\n<td>10\u201315 dni<\/td>\n<\/tr>\n<tr>\n<td>Zjednoczone Kr\u00f3lestwo<\/td>\n<td>Lokalny ekspres DPD<\/td>\n<td>7\u201312 dni<\/td>\n<\/tr>\n<tr>\n<td>Niemcy<\/td>\n<td>UPS\/DPD\/DHL Niemcy<\/td>\n<td>8-15 dni<\/td>\n<\/tr>\n<tr>\n<td>Francja<\/td>\n<td>UPS\/DPD\/DHL Niemcy<\/td>\n<td>10\u201315 dni<\/td>\n<\/tr>\n<tr>\n<td>Belgia<\/td>\n<td>UPS\/DPD\/DHL Niemcy<\/td>\n<td>10\u201315 dni<\/td>\n<\/tr>\n<tr>\n<td>Luksemburg<\/td>\n<td>UPS\/DPD\/DHL Niemcy<\/td>\n<td>10\u201315 dni<\/td>\n<\/tr>\n<tr>\n<td>Niderlandy<\/td>\n<td>UPS\/DPD\/DHL Niemcy<\/td>\n<td>10\u201315 dni<\/td>\n<\/tr>\n<tr>\n<td>Czechy<\/td>\n<td>UPS\/DPD\/DHL Niemcy<\/td>\n<td>10\u201315 dni<\/td>\n<\/tr>\n<tr>\n<td>Polska<\/td>\n<td>UPS\/DPD\/DHL Niemcy<\/td>\n<td>10\u201315 dni<\/td>\n<\/tr>\n<tr>\n<td>Chorwacja<\/td>\n<td>UPS\/DPD\/DHL Niemcy<\/td>\n<td>10\u201315 dni<\/td>\n<\/tr>\n<tr>\n<td>S\u0142owacja<\/td>\n<td>UPS\/DPD\/DHL Niemcy<\/td>\n<td>10\u201315 dni<\/td>\n<\/tr>\n<tr>\n<td>S\u0142owenia<\/td>\n<td>UPS\/DPD\/DHL Niemcy<\/td>\n<td>10\u201315 dni<\/td>\n<\/tr>\n<tr>\n<td>Finlandia<\/td>\n<td>UPS\/DPD\/DHL Niemcy<\/td>\n<td>10\u201315 dni<\/td>\n<\/tr>\n<tr>\n<td>Dania<\/td>\n<td>UPS\/DPD\/DHL Niemcy<\/td>\n<td>10\u201315 dni<\/td>\n<\/tr>\n<tr>\n<td>Szwecja<\/td>\n<td>UPS\/DPD\/DHL Niemcy<\/td>\n<td>10\u201315 dni<\/td>\n<\/tr>\n<tr>\n<td>Austria<\/td>\n<td>UPS\/DPD\/DHL Niemcy<\/td>\n<td>10\u201315 dni<\/td>\n<\/tr>\n<tr>\n<td>W\u0142ochy<\/td>\n<td>UPS\/DPD\/DHL Niemcy<\/td>\n<td>10\u201315 dni<\/td>\n<\/tr>\n<tr>\n<td>W\u0119gry<\/td>\n<td>UPS\/DPD\/DHL Niemcy<\/td>\n<td>10\u201315 dni<\/td>\n<\/tr>\n<tr>\n<td>Litwa<\/td>\n<td>UPS\/DPD\/DHL Niemcy<\/td>\n<td>10\u201315 dni<\/td>\n<\/tr>\n<tr>\n<td>Estonia<\/td>\n<td>UPS\/DPD\/DHL Niemcy<\/td>\n<td>10\u201315 dni<\/td>\n<\/tr>\n<tr>\n<td>\u0141otwa<\/td>\n<td>UPS\/DPD\/DHL Niemcy<\/td>\n<td>10\u201315 dni<\/td>\n<\/tr>\n<tr>\n<td>Grecja<\/td>\n<td>UPS\/DPD\/DHL Niemcy<\/td>\n<td>10\u201315 dni<\/td>\n<\/tr>\n<tr>\n<td>Irlandia<\/td>\n<td>UPS\/DPD\/DHL Niemcy<\/td>\n<td>10\u201315 dni<\/td>\n<\/tr>\n<tr>\n<td>Portugalia<\/td>\n<td>UPS\/DPD\/DHL Niemcy<\/td>\n<td>10\u201315 dni<\/td>\n<\/tr>\n<tr>\n<td>Hiszpania<\/td>\n<td>UPS\/DPD\/DHL Niemcy<\/td>\n<td>10\u201315 dni<\/td>\n<\/tr>\n<tr>\n<td>ZEA (Dubaj)<\/td>\n<td>Linia dedykowana do Dubaju<\/td>\n<td>12-18 dni<\/td>\n<\/tr>\n<tr>\n<td>Republika Po\u0142udniowej Afryki<\/td>\n<td>Linia dedykowana w RPA<\/td>\n<td>15-25 dni<\/td>\n<\/tr>\n<tr>\n<td>Wietnam<\/td>\n<td>Linia dedykowana do Wietna<\/td>\n<td>3-5 dni<\/td>\n<\/tr>\n<tr>\n<td>Zachodnia Malezja<\/td>\n<td>Linia dedykowana Malezji<\/td>\n<td>4-8 dni<\/td>\n<\/tr>\n<\/tbody>\n<\/table>\n<h2>6. C\u0142a i obowi\u0105zki<\/h2>\n<ul>\n<li>W przypadku kraj\u00f3w niewymienionych powy\u017cej paczki mog\u0105 wymaga\u0107 odprawy celnej i uiszczenia obowi\u0105zuj\u0105cych ce\u0142 po przyje\u017adzie.<\/li>\n<li>W celu uzyskania informacji na temat obowi\u0105zuj\u0105cych podatk\u00f3w, skontaktuj si\u0119 z lokalnym organem celnym.<\/li>\n<li>Celne mo\u017ce r\u00f3wnie\u017c wymaga\u0107 licencji na prowadzenie dzia\u0142alno\u015bci gospodarczej w celu odprawy.<\/li>\n<\/ul>\n<p>VapeEnjoy zobowi\u0105zuje si\u0119 do \u015bwiadczenia sprawnych i przejrzystych us\u0142ug \u017ceglugowych. W razie jakichkolwiek pyta\u0144 lub dalszej pomocy, skontaktuj si\u0119 z naszym zespo\u0142em obs\u0142ugi klienta.<\/p>\n\t\t\t\t\t\t\t\t<\/div>\n\t\t\t\t\t<\/div>\n\t\t\t\t<\/div>\n\t\t\t\t<\/div>","protected":false},"excerpt":{"rendered":"<p>Vapeenjoy Conditions of Transport 1. Order Processing and Shipping Orders are processed and shipped within 1\u20133 business days. Delivery typically<\/p>","protected":false},"author":1,"featured_media":0,"parent":0,"menu_order":0,"comment_status":"closed","ping_status":"closed","template":"","meta":{"footnotes":""},"class_list":["post-11","page","type-page","status-publish","hentry"],"yoast_head":"<!-- This site is optimized with the Yoast SEO plugin v25.7 - https:\/\/yoast.com\/wordpress\/plugins\/seo\/ -->\n<title>VapeEnjoy Conditions of Transport | Shipping Terms &amp; Policies<\/title>\n<meta name=\"description\" content=\"Explore VapeEnjoy&#039;s Conditions of Transport. Learn our shipping terms, delivery policies, and customer duties for a smooth vape experience.\" \/>\n<meta name=\"robots\" content=\"index, follow, max-snippet:-1, max-image-preview:large, max-video-preview:-1\" \/>\n<link rel=\"canonical\" href=\"https:\/\/vapeenjoy.com\/pl\/warunki-transportu\/\" \/>\n<meta property=\"og:locale\" content=\"pl_PL\" \/>\n<meta property=\"og:type\" content=\"article\" \/>\n<meta property=\"og:title\" content=\"VapeEnjoy Conditions of Transport | Shipping Terms &amp; Policies\" \/>\n<meta property=\"og:description\" content=\"Explore VapeEnjoy&#039;s Conditions of Transport. Learn our shipping terms, delivery policies, and customer duties for a smooth vape experience.\" \/>\n<meta property=\"og:url\" content=\"https:\/\/vapeenjoy.com\/pl\/warunki-transportu\/\" \/>\n<meta property=\"og:site_name\" content=\"vapeenjoy\" \/>\n<meta property=\"article:modified_time\" content=\"2025-08-26T08:30:12+00:00\" \/>\n<meta name=\"twitter:card\" content=\"summary_large_image\" \/>\n<meta name=\"twitter:label1\" content=\"Szacowany czas czytania\" \/>\n\t<meta name=\"twitter:data1\" content=\"2 minuty\" \/>\n<script type=\"application\/ld+json\" class=\"yoast-schema-graph\">{\"@context\":\"https:\/\/schema.org\",\"@graph\":[{\"@type\":\"WebPage\",\"@id\":\"https:\/\/vapeenjoy.com\/conditions-of-transport\/\",\"url\":\"https:\/\/vapeenjoy.com\/conditions-of-transport\/\",\"name\":\"VapeEnjoy Conditions of Transport | Shipping Terms & Policies\",\"isPartOf\":{\"@id\":\"https:\/\/vapeenjoy.com\/#website\"},\"datePublished\":\"2025-07-16T06:46:06+00:00\",\"dateModified\":\"2025-08-26T08:30:12+00:00\",\"description\":\"Explore VapeEnjoy's Conditions of Transport. Learn our shipping terms, delivery policies, and customer duties for a smooth vape experience.\",\"breadcrumb\":{\"@id\":\"https:\/\/vapeenjoy.com\/conditions-of-transport\/#breadcrumb\"},\"inLanguage\":\"pl-PL\",\"potentialAction\":[{\"@type\":\"ReadAction\",\"target\":[\"https:\/\/vapeenjoy.com\/conditions-of-transport\/\"]}]},{\"@type\":\"BreadcrumbList\",\"@id\":\"https:\/\/vapeenjoy.com\/conditions-of-transport\/#breadcrumb\",\"itemListElement\":[{\"@type\":\"ListItem\",\"position\":1,\"name\":\"Home\",\"item\":\"https:\/\/vapeenjoy.com\/\"},{\"@type\":\"ListItem\",\"position\":2,\"name\":\"Conditions of Transport\"}]},{\"@type\":\"WebSite\",\"@id\":\"https:\/\/vapeenjoy.com\/#website\",\"url\":\"https:\/\/vapeenjoy.com\/\",\"name\":\"vapeenjoy\",\"description\":\"An online store for selling vapes\",\"potentialAction\":[{\"@type\":\"SearchAction\",\"target\":{\"@type\":\"EntryPoint\",\"urlTemplate\":\"https:\/\/vapeenjoy.com\/?s={search_term_string}\"},\"query-input\":{\"@type\":\"PropertyValueSpecification\",\"valueRequired\":true,\"valueName\":\"search_term_string\"}}],\"inLanguage\":\"pl-PL\"}]}<\/script>\n<!-- \/ Yoast SEO plugin. -->","yoast_head_json":{"title":"Warunki transportu VapeEjoy | Warunki i zasady wysy\u0142ki","description":"Poznaj warunki transportu Vapeenjoy. Poznaj nasze warunki wysy\u0142ki, zasady dostawy i obowi\u0105zki klienta, aby uzyska\u0107 p\u0142ynne wra\u017cenia z wapowania.","robots":{"index":"index","follow":"follow","max-snippet":"max-snippet:-1","max-image-preview":"max-image-preview:large","max-video-preview":"max-video-preview:-1"},"canonical":"https:\/\/vapeenjoy.com\/pl\/warunki-transportu\/","og_locale":"pl_PL","og_type":"article","og_title":"VapeEnjoy Conditions of Transport | Shipping Terms & Policies","og_description":"Explore VapeEnjoy's Conditions of Transport. Learn our shipping terms, delivery policies, and customer duties for a smooth vape experience.","og_url":"https:\/\/vapeenjoy.com\/pl\/warunki-transportu\/","og_site_name":"vapeenjoy","article_modified_time":"2025-08-26T08:30:12+00:00","twitter_card":"summary_large_image","twitter_misc":{"Szacowany czas czytania":"2 minuty"},"schema":{"@context":"https:\/\/schema.org","@graph":[{"@type":"WebPage","@id":"https:\/\/vapeenjoy.com\/conditions-of-transport\/","url":"https:\/\/vapeenjoy.com\/conditions-of-transport\/","name":"Warunki transportu VapeEjoy | Warunki i zasady wysy\u0142ki","isPartOf":{"@id":"https:\/\/vapeenjoy.com\/#website"},"datePublished":"2025-07-16T06:46:06+00:00","dateModified":"2025-08-26T08:30:12+00:00","description":"Poznaj warunki transportu Vapeenjoy. Poznaj nasze warunki wysy\u0142ki, zasady dostawy i obowi\u0105zki klienta, aby uzyska\u0107 p\u0142ynne wra\u017cenia z wapowania.","breadcrumb":{"@id":"https:\/\/vapeenjoy.com\/conditions-of-transport\/#breadcrumb"},"inLanguage":"pl-PL","potentialAction":[{"@type":"ReadAction","target":["https:\/\/vapeenjoy.com\/conditions-of-transport\/"]}]},{"@type":"BreadcrumbList","@id":"https:\/\/vapeenjoy.com\/conditions-of-transport\/#breadcrumb","itemListElement":[{"@type":"ListItem","position":1,"name":"Home","item":"https:\/\/vapeenjoy.com\/"},{"@type":"ListItem","position":2,"name":"Conditions of Transport"}]},{"@type":"WebSite","@id":"https:\/\/vapeenjoy.com\/#website","url":"https:\/\/vapeenjoy.com\/","name":"skutkowaty","description":"Sklep internetowy do sprzeda\u017cy vapes","potentialAction":[{"@type":"SearchAction","target":{"@type":"EntryPoint","urlTemplate":"https:\/\/vapeenjoy.com\/?s={search_term_string}"},"query-input":{"@type":"PropertyValueSpecification","valueRequired":true,"valueName":"search_term_string"}}],"inLanguage":"pl-PL"}]}},"_links":{"self":[{"href":"https:\/\/vapeenjoy.com\/pl\/wp-json\/wp\/v2\/pages\/11","targetHints":{"allow":["GET"]}}],"collection":[{"href":"https:\/\/vapeenjoy.com\/pl\/wp-json\/wp\/v2\/pages"}],"about":[{"href":"https:\/\/vapeenjoy.com\/pl\/wp-json\/wp\/v2\/types\/page"}],"author":[{"embeddable":true,"href":"https:\/\/vapeenjoy.com\/pl\/wp-json\/wp\/v2\/users\/1"}],"replies":[{"embeddable":true,"href":"https:\/\/vapeenjoy.com\/pl\/wp-json\/wp\/v2\/comments?post=11"}],"version-history":[{"count":17,"href":"https:\/\/vapeenjoy.com\/pl\/wp-json\/wp\/v2\/pages\/11\/revisions"}],"predecessor-version":[{"id":3138,"href":"https:\/\/vapeenjoy.com\/pl\/wp-json\/wp\/v2\/pages\/11\/revisions\/3138"}],"wp:attachment":[{"href":"https:\/\/vapeenjoy.com\/pl\/wp-json\/wp\/v2\/media?parent=11"}],"curies":[{"name":"wp","href":"https:\/\/api.w.org\/{rel}","templated":true}]}}