{"id":1506,"date":"2023-04-20T11:46:53","date_gmt":"2023-04-20T11:46:53","guid":{"rendered":"https:\/\/dummy.xtemos.com\/woodmart2\/furniture2-elementor\/?page_id=25"},"modified":"2025-08-14T01:58:34","modified_gmt":"2025-08-14T01:58:34","slug":"age-policy","status":"publish","type":"page","link":"https:\/\/vapeenjoy.com\/pl\/polityka-wieku\/","title":{"rendered":"Polityka wieku"},"content":{"rendered":"<div data-elementor-type=\"wp-page\" data-elementor-id=\"1506\" class=\"elementor elementor-1506\">\n\t\t\t\t<div class=\"wd-negative-gap elementor-element elementor-element-f16dbad wd-collapsible-content e-flex e-con-boxed e-con e-parent\" data-id=\"f16dbad\" data-element_type=\"container\">\n\t\t\t\t\t<div class=\"e-con-inner\">\n\t\t\t\t<div class=\"elementor-element elementor-element-45edd54 elementor-widget elementor-widget-wd_button\" data-id=\"45edd54\" data-element_type=\"widget\" data-widget_type=\"wd_button.default\">\n\t\t\t\t<div class=\"elementor-widget-container\">\n\t\t\t\t\t\t\t<div class=\"wd-button-wrapper text-left wd-collapsible-button\" >\n\t\t\t<a class=\"btn btn-style-link btn-shape- btn-size-default btn-color-primary btn-icon-pos-right\"  href=\"#\">\n\t\t\t\t<span class=\"wd-btn-text\" data-elementor-setting-key=\"text\">\n\t\t\t\t\tCzytaj wi\u0119cej\t\t\t\t<\/span>\n\n\t\t\t\t\t\t\t<\/a>\n\t\t<\/div>\n\t\t\t\t\t\t<\/div>\n\t\t\t\t<\/div>\n\t\t\t\t\t<\/div>\n\t\t\t\t<\/div>\n\t\t<div class=\"wd-negative-gap elementor-element elementor-element-835dab8 e-flex e-con-boxed e-con e-parent\" data-id=\"835dab8\" data-element_type=\"container\">\n\t\t\t\t\t<div class=\"e-con-inner\">\n\t\t\t\t<div class=\"elementor-element elementor-element-fd8112a color-scheme-inherit text-left elementor-widget elementor-widget-text-editor\" data-id=\"fd8112a\" data-element_type=\"widget\" data-widget_type=\"text-editor.default\">\n\t\t\t\t\t\t\t\t\t<h3 dir=\"auto\">Polityka wieku VapeEjoy: Zapewnienie zgodno\u015bci i odpowiedzialnego korzystania z Vape<\/h3><p dir=\"auto\">W VapeEnjoy traktujemy priorytetowo odpowiedzialne u\u017cywanie vape i \u015bci\u015ble przestrzegamy przepis\u00f3w USA. Nasza solidna polityka wieku gwarantuje, \u017ce tylko uprawnieni klienci kupuj\u0105 elektroniczne produkty papierosowe z naszej platformy. Poni\u017cej szczeg\u00f3\u0142owo opisujemy nasze zasady i procedury, aby zapewni\u0107 zgodno\u015b\u0107 i zapobiec dost\u0119powi nieletnich.<\/p><h4 dir=\"auto\">Prawny wym\u00f3g wieku do u\u017cywania vape<\/h4><p dir=\"auto\">VapeEjoy wymaga, aby klienci mieli co najmniej 21 lat, aby kupowa\u0107 elektroniczne produkty papierosowe, zgodnie z przepisami federalnymi i stanowymi USA. To ograniczenie wiekowe gwarantuje przestrzeganie przepis\u00f3w reguluj\u0105cych sprzeda\u017c produkt\u00f3w vape.<\/p><h4 dir=\"auto\">\u015acis\u0142y zakaz fa\u0142szowania wieku<\/h4><p dir=\"auto\">Fa\u0142szowanie informacji o wieku do kupowania produkt\u00f3w vape jest nielegalne i niesie ze sob\u0105 powa\u017cne konsekwencje prawne. W zwi\u0105zku z tym VapeEjoy aktywnie egzekwuje surowe \u015brodki w celu zablokowania nieuczciwych zakup\u00f3w i ochrony integralno\u015bci naszej platformy.<\/p><h4 dir=\"auto\">Brak zakup\u00f3w dla nieletnich<\/h4><p dir=\"auto\">VapeEjoy zabrania kupowania produkt\u00f3w Vape na rzecz lub w imieniu os\u00f3b poni\u017cej 21 roku \u017cycia. Takie dzia\u0142ania naruszaj\u0105 nasz\u0105 polityk\u0119 i mog\u0105 wywo\u0142a\u0107 reperkusje prawne. Pozostajemy zobowi\u0105zani do zapewnienia dost\u0119powi tylko kwalifikuj\u0105cym si\u0119 klientom do naszych produkt\u00f3w.<\/p><h4 dir=\"auto\">Solidny proces weryfikacji wieku<\/h4><p dir=\"auto\">VapeEnJoy stosuje bezpieczny, niezawodny system weryfikacji wieku, aby potwierdzi\u0107 kwalifikowalno\u015b\u0107 klient\u00f3w. W trakcie realizacji transakcji klienci musz\u0105 zg\u0142osi\u0107:<\/p><ul dir=\"auto\"><li>pe\u0142ne imi\u0119 i nazwisko<\/li><li>przem\u00f3wienie<\/li><li>data urodzenia<\/li><li>Ostatnie cztery cyfry numeru ubezpieczenia spo\u0142ecznego (SSN)<\/li><\/ul><p dir=\"auto\">Odnosimy si\u0119 do tych informacji z publicznymi rejestrami, aby zweryfikowa\u0107 wiek. Je\u015bli klienci nie dostarcz\u0105 numeru SSN, musz\u0105 przes\u0142a\u0107 wa\u017cny identyfikator wydany przez rz\u0105d. W rezultacie nasz system zapewnia kompletne zakupy tylko dla os\u00f3b w wieku 21 lat i starszych.<\/p><h4 dir=\"auto\">Odrzucenie zam\u00f3wienia za niezgod\u0119<\/h4><p dir=\"auto\">VapeEjoy zastrzega sobie prawo do odrzucenia lub anulowania zam\u00f3wie\u0144, je\u015bli klienci nie przeka\u017c\u0105 wa\u017cnej identyfikacji. Ta polityka pozwala nam przestrzega\u0107 rygorystycznych ogranicze\u0144 wiekowych i chroni\u0107 nasz\u0105 platform\u0119 przed niew\u0142a\u015bciwym wykorzystaniem.<\/p><h4 dir=\"auto\">Zaanga\u017cowanie w zapobieganie dost\u0119powi m\u0142odzie\u017cy<\/h4><p dir=\"auto\">VapeEnJoy aktywnie uniemo\u017cliwia nieletnim dost\u0119p do produkt\u00f3w vape. Nasz rygorystyczny proces weryfikacji wieku sprawia, \u017ce nieletni nie mog\u0105 kupowa\u0107 elektronicznych papieros\u00f3w. W zwi\u0105zku z tym zgadzamy si\u0119 z nasz\u0105 misj\u0105 promowania odpowiedzialnego u\u017cywania vape.<\/p><h4 dir=\"auto\">Prawo do odmowy us\u0142ugi<\/h4><p dir=\"auto\">Ze wzgl\u0119du na z\u0142o\u017cono\u015b\u0107 sprzeda\u017cy vape online, VapeEnJoy mo\u017ce odm\u00f3wi\u0107 obs\u0142ugi os\u00f3b fizycznych. Je\u015bli uwa\u017casz, \u017ce nies\u0142usznie odm\u00f3wili\u015bmy Twojej us\u0142ugi, skontaktuj si\u0119 z naszym zespo\u0142em obs\u0142ugi klienta w celu uzyskania wsparcia. Jeste\u015bmy tutaj, aby szybko rozwi\u0105za\u0107 Twoje obawy.<\/p><h4 dir=\"auto\">Wyczy\u015b\u0107 ostrze\u017cenie strony internetowej<\/h4><p dir=\"auto\">VapeEjoy wyra\u017anie wy\u015bwietla ostrze\u017cenie na naszej stronie internetowej, stwierdzaj\u0105c, \u017ce wiek prawny wape w USA wynosi 21+. Niniejsze og\u0142oszenie zapewnia, \u017ce wszyscy odwiedzaj\u0105cy rozumiej\u0105 wym\u00f3g wieku przed pr\u00f3b\u0105 zakupu elektronicznych produkt\u00f3w papierosowych.<\/p><h4 dir=\"auto\">Nasze zaanga\u017cowanie w odpowiedzialne korzystanie z vape<\/h4><p dir=\"auto\">Polityka wieku VapeEjoy ma na celu:<\/p><ul dir=\"auto\"><li>Przestrzegaj ameryka\u0144skich przepis\u00f3w dotycz\u0105cych vape<\/li><li>Zach\u0119caj do odpowiedzialnych praktyk vape<\/li><li>Zablokuj niepe\u0142noletnim dost\u0119p do produkt\u00f3w z ograniczeniami wiekowymi<\/li><\/ul><p dir=\"auto\">Egzekwuj\u0105c te \u015brodki, tworzymy bezpieczne, zgodne \u015brodowisko dla wszystkich klient\u00f3w. Dodatkowo przestrzegamy najwy\u017cszych standard\u00f3w uczciwo\u015bci, aby wspiera\u0107 zaufanie i odpowiedzialno\u015b\u0107 w spo\u0142eczno\u015bci vape.<\/p>\t\t\t\t\t\t\t\t<\/div>\n\t\t\t\t\t<\/div>\n\t\t\t\t<\/div>\n\t\t\t\t<\/div>","protected":false},"excerpt":{"rendered":"<p>Read More Vapeenjoy Age Policy: Ensuring Compliance and Responsible Vape Use At Vapeenjoy, we prioritize responsible vape use and strictly<\/p>","protected":false},"author":1,"featured_media":0,"parent":0,"menu_order":0,"comment_status":"closed","ping_status":"closed","template":"","meta":{"footnotes":""},"class_list":["post-1506","page","type-page","status-publish","hentry"],"yoast_head":"<!-- This site is optimized with the Yoast SEO plugin v25.7 - https:\/\/yoast.com\/wordpress\/plugins\/seo\/ -->\n<title>Age Policy - vapeenjoy Vape Age Restriction Policy - Legal Compliance<\/title>\n<meta name=\"description\" content=\"Learn about our vape age policy. We strictly adhere to legal age requirements to ensure compliance and safe shopping. Learn more now!\" \/>\n<meta name=\"robots\" content=\"index, follow, max-snippet:-1, max-image-preview:large, max-video-preview:-1\" \/>\n<link rel=\"canonical\" href=\"https:\/\/vapeenjoy.com\/pl\/polityka-wieku\/\" \/>\n<meta property=\"og:locale\" content=\"pl_PL\" \/>\n<meta property=\"og:type\" content=\"article\" \/>\n<meta property=\"og:title\" content=\"Age Policy - vapeenjoy Vape Age Restriction Policy - Legal Compliance\" \/>\n<meta property=\"og:description\" content=\"Learn about our vape age policy. We strictly adhere to legal age requirements to ensure compliance and safe shopping. Learn more now!\" \/>\n<meta property=\"og:url\" content=\"https:\/\/vapeenjoy.com\/pl\/polityka-wieku\/\" \/>\n<meta property=\"og:site_name\" content=\"vapeenjoy\" \/>\n<meta property=\"article:modified_time\" content=\"2025-08-14T01:58:34+00:00\" \/>\n<meta name=\"twitter:card\" content=\"summary_large_image\" \/>\n<meta name=\"twitter:label1\" content=\"Szacowany czas czytania\" \/>\n\t<meta name=\"twitter:data1\" content=\"1 minuta\" \/>\n<script type=\"application\/ld+json\" class=\"yoast-schema-graph\">{\"@context\":\"https:\/\/schema.org\",\"@graph\":[{\"@type\":\"WebPage\",\"@id\":\"https:\/\/vapeenjoy.com\/age-policy\/\",\"url\":\"https:\/\/vapeenjoy.com\/age-policy\/\",\"name\":\"Age Policy - vapeenjoy Vape Age Restriction Policy - Legal Compliance\",\"isPartOf\":{\"@id\":\"https:\/\/vapeenjoy.com\/#website\"},\"datePublished\":\"2023-04-20T11:46:53+00:00\",\"dateModified\":\"2025-08-14T01:58:34+00:00\",\"description\":\"Learn about our vape age policy. We strictly adhere to legal age requirements to ensure compliance and safe shopping. Learn more now!\",\"breadcrumb\":{\"@id\":\"https:\/\/vapeenjoy.com\/age-policy\/#breadcrumb\"},\"inLanguage\":\"pl-PL\",\"potentialAction\":[{\"@type\":\"ReadAction\",\"target\":[\"https:\/\/vapeenjoy.com\/age-policy\/\"]}]},{\"@type\":\"BreadcrumbList\",\"@id\":\"https:\/\/vapeenjoy.com\/age-policy\/#breadcrumb\",\"itemListElement\":[{\"@type\":\"ListItem\",\"position\":1,\"name\":\"Home\",\"item\":\"https:\/\/vapeenjoy.com\/\"},{\"@type\":\"ListItem\",\"position\":2,\"name\":\"Age Policy\"}]},{\"@type\":\"WebSite\",\"@id\":\"https:\/\/vapeenjoy.com\/#website\",\"url\":\"https:\/\/vapeenjoy.com\/\",\"name\":\"vapeenjoy\",\"description\":\"An online store for selling vapes\",\"potentialAction\":[{\"@type\":\"SearchAction\",\"target\":{\"@type\":\"EntryPoint\",\"urlTemplate\":\"https:\/\/vapeenjoy.com\/?s={search_term_string}\"},\"query-input\":{\"@type\":\"PropertyValueSpecification\",\"valueRequired\":true,\"valueName\":\"search_term_string\"}}],\"inLanguage\":\"pl-PL\"}]}<\/script>\n<!-- \/ Yoast SEO plugin. -->","yoast_head_json":{"title":"Polityka wieku - VapeEnjoy Polityka ogranicze\u0144 wieku - Zgodno\u015b\u0107 z prawem","description":"Dowiedz si\u0119 o naszej polityce wieku vape. \u015aci\u015ble przestrzegamy prawnych wymaga\u0144 wieku, aby zapewni\u0107 zgodno\u015b\u0107 i bezpieczne zakupy. Dowiedz si\u0119 wi\u0119cej teraz!","robots":{"index":"index","follow":"follow","max-snippet":"max-snippet:-1","max-image-preview":"max-image-preview:large","max-video-preview":"max-video-preview:-1"},"canonical":"https:\/\/vapeenjoy.com\/pl\/polityka-wieku\/","og_locale":"pl_PL","og_type":"article","og_title":"Age Policy - vapeenjoy Vape Age Restriction Policy - Legal Compliance","og_description":"Learn about our vape age policy. We strictly adhere to legal age requirements to ensure compliance and safe shopping. Learn more now!","og_url":"https:\/\/vapeenjoy.com\/pl\/polityka-wieku\/","og_site_name":"vapeenjoy","article_modified_time":"2025-08-14T01:58:34+00:00","twitter_card":"summary_large_image","twitter_misc":{"Szacowany czas czytania":"1 minuta"},"schema":{"@context":"https:\/\/schema.org","@graph":[{"@type":"WebPage","@id":"https:\/\/vapeenjoy.com\/age-policy\/","url":"https:\/\/vapeenjoy.com\/age-policy\/","name":"Polityka wieku - VapeEnjoy Polityka ogranicze\u0144 wieku - Zgodno\u015b\u0107 z prawem","isPartOf":{"@id":"https:\/\/vapeenjoy.com\/#website"},"datePublished":"2023-04-20T11:46:53+00:00","dateModified":"2025-08-14T01:58:34+00:00","description":"Dowiedz si\u0119 o naszej polityce wieku vape. \u015aci\u015ble przestrzegamy prawnych wymaga\u0144 wieku, aby zapewni\u0107 zgodno\u015b\u0107 i bezpieczne zakupy. Dowiedz si\u0119 wi\u0119cej teraz!","breadcrumb":{"@id":"https:\/\/vapeenjoy.com\/age-policy\/#breadcrumb"},"inLanguage":"pl-PL","potentialAction":[{"@type":"ReadAction","target":["https:\/\/vapeenjoy.com\/age-policy\/"]}]},{"@type":"BreadcrumbList","@id":"https:\/\/vapeenjoy.com\/age-policy\/#breadcrumb","itemListElement":[{"@type":"ListItem","position":1,"name":"Home","item":"https:\/\/vapeenjoy.com\/"},{"@type":"ListItem","position":2,"name":"Age Policy"}]},{"@type":"WebSite","@id":"https:\/\/vapeenjoy.com\/#website","url":"https:\/\/vapeenjoy.com\/","name":"skutkowaty","description":"Sklep internetowy do sprzeda\u017cy vapes","potentialAction":[{"@type":"SearchAction","target":{"@type":"EntryPoint","urlTemplate":"https:\/\/vapeenjoy.com\/?s={search_term_string}"},"query-input":{"@type":"PropertyValueSpecification","valueRequired":true,"valueName":"search_term_string"}}],"inLanguage":"pl-PL"}]}},"_links":{"self":[{"href":"https:\/\/vapeenjoy.com\/pl\/wp-json\/wp\/v2\/pages\/1506","targetHints":{"allow":["GET"]}}],"collection":[{"href":"https:\/\/vapeenjoy.com\/pl\/wp-json\/wp\/v2\/pages"}],"about":[{"href":"https:\/\/vapeenjoy.com\/pl\/wp-json\/wp\/v2\/types\/page"}],"author":[{"embeddable":true,"href":"https:\/\/vapeenjoy.com\/pl\/wp-json\/wp\/v2\/users\/1"}],"replies":[{"embeddable":true,"href":"https:\/\/vapeenjoy.com\/pl\/wp-json\/wp\/v2\/comments?post=1506"}],"version-history":[{"count":12,"href":"https:\/\/vapeenjoy.com\/pl\/wp-json\/wp\/v2\/pages\/1506\/revisions"}],"predecessor-version":[{"id":3139,"href":"https:\/\/vapeenjoy.com\/pl\/wp-json\/wp\/v2\/pages\/1506\/revisions\/3139"}],"wp:attachment":[{"href":"https:\/\/vapeenjoy.com\/pl\/wp-json\/wp\/v2\/media?parent=1506"}],"curies":[{"name":"wp","href":"https:\/\/api.w.org\/{rel}","templated":true}]}}