{"id":1507,"date":"2023-04-20T11:47:06","date_gmt":"2023-04-20T11:47:06","guid":{"rendered":"https:\/\/dummy.xtemos.com\/woodmart2\/furniture2-elementor\/?page_id=27"},"modified":"2025-08-26T08:27:29","modified_gmt":"2025-08-26T08:27:29","slug":"vapeenjoy-refunds-and-returns","status":"publish","type":"page","link":"https:\/\/vapeenjoy.com\/pl\/zwroty-i-zwroty-vapeejoy\/","title":{"rendered":"Zwroty i zwroty VapeEjoy"},"content":{"rendered":"<div data-elementor-type=\"wp-page\" data-elementor-id=\"1507\" class=\"elementor elementor-1507\">\n\t\t\t\t<div class=\"wd-negative-gap elementor-element elementor-element-f7c809e e-flex e-con-boxed e-con e-parent\" data-id=\"f7c809e\" data-element_type=\"container\">\n\t\t\t\t\t<div class=\"e-con-inner\">\n\t\t\t\t<div class=\"elementor-element elementor-element-6a9ceca color-scheme-inherit text-left elementor-widget elementor-widget-text-editor\" data-id=\"6a9ceca\" data-element_type=\"widget\" data-widget_type=\"text-editor.default\">\n\t\t\t\t\t\t\t\t\t<h2 dir=\"ltr\" data-pm-slice=\"1 1 []\">Polityka zwrot\u00f3w i zwrot\u00f3w VapeEnJoy<\/h2><h2 dir=\"ltr\">Zwrot towar\u00f3w<\/h2><p dir=\"ltr\">Mo\u017cesz zwr\u00f3ci\u0107 nieotwarte, nieu\u017cywane i nieuszkodzone produkty w ci\u0105gu 7 dni od otrzymania. Po sprawdzeniu Twojego zwrotu niezw\u0142ocznie zwracamy zwrot do Twojej oryginalnej metody p\u0142atno\u015bci. Spodziewaj si\u0119 3-5 dni roboczych do przetworzenia po otrzymaniu przedmiotu. Aby uzyska\u0107 pomoc, skontaktuj si\u0119 z nami pod adresem info@vapeejoy.com. Zapewniamy etykiet\u0119 wysy\u0142kow\u0105 dla Twojego zwrotu; jednak op\u0142aty za wysy\u0142k\u0119, kt\u00f3re r\u00f3\u017cni\u0105 si\u0119 wed\u0142ug naszego uznania, mog\u0105 zmniejszy\u0107 kwot\u0119 zwrotu.<\/p><p dir=\"ltr\"><strong>banknot<\/strong>: Otwarte e-liquidy lub te ze z\u0142aman\u0105 piecz\u0119ci\u0105 nie podlegaj\u0105 zwrotowi.<\/p><h2 dir=\"ltr\">Gwarancja produktu<\/h2><p dir=\"ltr\">Ze wzgl\u0119du na higien\u0119 i bezpiecze\u0144stwo nie przyjmujemy zwrot\u00f3w u\u017cywanych produkt\u00f3w. Zamiast tego zapewniamy, \u017ce wszystkie produkty spe\u0142niaj\u0105 surowe standardy jako\u015bci przed wysy\u0142k\u0105.<\/p><h2 dir=\"ltr\">Gwarancja na sprz\u0119t<\/h2><p dir=\"ltr\">Nasza 7-dniowa gwarancja rozpoczyna si\u0119 od dostawy. Po tym okresie bezpo\u015brednia gwarancja do producenta. Niniejsza gwarancja nie obejmuje zu\u017cycia, niew\u0142a\u015bciwego u\u017cycia, przypadkowego uszkodzenia, wyciek\u00f3w lub element\u00f3w zewn\u0119trznych. Mo\u017cesz wybra\u0107 jednorazow\u0105 wymian\u0119 lub zwrot pieni\u0119dzy do pierwotnej metody p\u0142atno\u015bci.<\/p><h2 dir=\"ltr\">Produkty jednorazowe<\/h2><p dir=\"ltr\">Oceniamy gwarancje dla jednorazowego u\u017cytku w przypadku vape w ka\u017cdym przypadku. W przypadku wadliwych jednorazowego u\u017cytku wy\u015blij e-mail na adres info@vapeejoy.com, a my zwr\u00f3cimy pieni\u0105dze za pomoc\u0105 oryginalnej metody p\u0142atno\u015bci. Nie oferujemy wymiany ani zamiennik\u00f3w na jednorazowe vape.<\/p><h3 dir=\"ltr\">Om\u00f3wione problemy<\/h3><ul class=\"tight\" dir=\"ltr\" data-tight=\"true\"><li><p dir=\"ltr\">Martwy w dniu przyjazdu<\/p><\/li><li><p dir=\"ltr\">Automatyczne wypalanie<\/p><\/li><li><p dir=\"ltr\">Wycieki po przyje\u017adzie<\/p><\/li><\/ul><h3 dir=\"ltr\">Problemy nieobj\u0119te<\/h3><ul class=\"tight\" dir=\"ltr\" data-tight=\"true\"><li><p dir=\"ltr\">Preferencje smakowe<\/p><\/li><li><p dir=\"ltr\">E-papieros trwa\u0142o\u015b\u0107<\/p><\/li><\/ul><h3 dir=\"ltr\">Przedmioty nie zakryte<\/h3><ul class=\"tight\" dir=\"ltr\" data-tight=\"true\"><li><p dir=\"ltr\">zwoje<\/p><\/li><li><p dir=\"ltr\">str\u0105ki<\/p><\/li><li><p dir=\"ltr\">barometr<\/p><\/li><li><p dir=\"ltr\">Zbiorniki wody<\/p><\/li><li><p dir=\"ltr\">atomizatory<\/p><\/li><li><p dir=\"ltr\">E-liquidy<\/p><\/li><\/ul><h2 dir=\"ltr\">Wadliwe produkty<\/h2><p dir=\"ltr\">W ci\u0105gu 14 dni od zakupu mo\u017cesz wymieni\u0107 wadliwe produkty. Pokrywasz koszty wysy\u0142ki za zwr\u00f3cone wadliwe przedmioty, chyba \u017ce produkt zostanie uszkodzony.<\/p><h2 dir=\"ltr\">Zagubione lub uszkodzone przedmioty<\/h2><p dir=\"ltr\">Zg\u0142o\u015b brakuj\u0105ce lub uszkodzone przedmioty w ci\u0105gu 48 godzin od otrzymania. Elementy szklane i akcesoria kwalifikuj\u0105 si\u0119 do gwarancji tylko w przypadku z\u0142amania po przyje\u017adzie.<\/p><h2 dir=\"ltr\">Anulowanie zam\u00f3wienia<\/h2><p dir=\"ltr\">Aby anulowa\u0107 zam\u00f3wienie, wy\u015blij e-mail na adres info@vapeejoy.com z \u201ePro\u015bb\u0105 o odwo\u0142anie: numer zam\u00f3wienia\u201d w temacie. Po wysy\u0142ce nie mo\u017cesz anulowa\u0107, ale mo\u017cesz odm\u00f3wi\u0107 paczki lub zwr\u00f3ci\u0107 j\u0105 do zwrotu. Zwroty zwracamy za pomoc\u0105 oryginalnej metody p\u0142atno\u015bci lub w razie potrzeby przekazujemy not\u0119 kredytow\u0105.<\/p><h2 dir=\"ltr\">Zgubione lub skradzione paczki<\/h2><p dir=\"ltr\">Po potwierdzeniu dostawy VapeEnjoy nie ponosi odpowiedzialno\u015bci za zgubione lub skradzione paczki. Z\u0142\u00f3\u017c roszczenia bezpo\u015brednio z operatorem.<\/p>\t\t\t\t\t\t\t\t<\/div>\n\t\t\t\t\t<\/div>\n\t\t\t\t<\/div>\n\t\t<div class=\"wd-negative-gap elementor-element elementor-element-3feb352 e-flex e-con-boxed e-con e-parent\" data-id=\"3feb352\" data-element_type=\"container\">\n\t\t\t\t\t<div class=\"e-con-inner\">\n\t\t\t\t<div class=\"elementor-element elementor-element-37c17ae elementor-widget elementor-widget-wd_image_or_svg\" data-id=\"37c17ae\" data-element_type=\"widget\" data-widget_type=\"wd_image_or_svg.default\">\n\t\t\t\t<div class=\"elementor-widget-container\">\n\t\t\t\t\t\n\t\t<div class=\"wd-image text-left\">\n\t\t\t\t\t\t\t\t<img fetchpriority=\"high\" decoding=\"async\" width=\"1300\" height=\"600\" src=\"https:\/\/vapeenjoy.com\/wp-content\/uploads\/2025\/08\/Refunds-and-Returns.png\" class=\"attachment-full size-full\" alt=\"Zwroty i zwroty VapeEjoy\" srcset=\"https:\/\/vapeenjoy.com\/wp-content\/uploads\/2025\/08\/Refunds-and-Returns.png 1300w, https:\/\/vapeenjoy.com\/wp-content\/uploads\/2025\/08\/Refunds-and-Returns-300x138.png 300w, https:\/\/vapeenjoy.com\/wp-content\/uploads\/2025\/08\/Refunds-and-Returns-1024x473.png 1024w, https:\/\/vapeenjoy.com\/wp-content\/uploads\/2025\/08\/Refunds-and-Returns-768x354.png 768w, https:\/\/vapeenjoy.com\/wp-content\/uploads\/2025\/08\/Refunds-and-Returns-1200x554.png 1200w, https:\/\/vapeenjoy.com\/wp-content\/uploads\/2025\/08\/Refunds-and-Returns-150x69.png 150w\" sizes=\"(max-width: 1300px) 100vw, 1300px\" \/>\t\t\t\t\t<\/div>\n\n\t\t\t\t\t\t<\/div>\n\t\t\t\t<\/div>\n\t\t\t\t\t<\/div>\n\t\t\t\t<\/div>\n\t\t\t\t<\/div>","protected":false},"excerpt":{"rendered":"<p>Vapeenjoy Refunds and Returns Policy Return of Goods You can return unopened, unused, and undamaged products within 7 days of<\/p>","protected":false},"author":1,"featured_media":0,"parent":0,"menu_order":0,"comment_status":"closed","ping_status":"closed","template":"","meta":{"footnotes":""},"class_list":["post-1507","page","type-page","status-publish","hentry"],"yoast_head":"<!-- This site is optimized with the Yoast SEO plugin v25.7 - https:\/\/yoast.com\/wordpress\/plugins\/seo\/ -->\n<title>Vapeenjoy Returns and Refunds - Easy Process, Quick Resolutions<\/title>\n<meta name=\"description\" content=\"Vapeenjoy Returns &amp; Refunds: Enjoy a simple process with quick resolutions. Shop vape products confidently!\" \/>\n<meta name=\"robots\" content=\"index, follow, max-snippet:-1, max-image-preview:large, max-video-preview:-1\" \/>\n<link rel=\"canonical\" href=\"https:\/\/vapeenjoy.com\/pl\/zwroty-i-zwroty-vapeejoy\/\" \/>\n<meta property=\"og:locale\" content=\"pl_PL\" \/>\n<meta property=\"og:type\" content=\"article\" \/>\n<meta property=\"og:title\" content=\"Vapeenjoy Returns and Refunds - Easy Process, Quick Resolutions\" \/>\n<meta property=\"og:description\" content=\"Vapeenjoy Returns &amp; Refunds: Enjoy a simple process with quick resolutions. Shop vape products confidently!\" \/>\n<meta property=\"og:url\" content=\"https:\/\/vapeenjoy.com\/pl\/zwroty-i-zwroty-vapeejoy\/\" \/>\n<meta property=\"og:site_name\" content=\"vapeenjoy\" \/>\n<meta property=\"article:modified_time\" content=\"2025-08-26T08:27:29+00:00\" \/>\n<meta property=\"og:image\" content=\"https:\/\/vapeenjoy.com\/wp-content\/uploads\/2025\/08\/Refunds-and-Returns.png\" \/>\n<meta name=\"twitter:card\" content=\"summary_large_image\" \/>\n<meta name=\"twitter:label1\" content=\"Szacowany czas czytania\" \/>\n\t<meta name=\"twitter:data1\" content=\"2 minuty\" \/>\n<script type=\"application\/ld+json\" class=\"yoast-schema-graph\">{\"@context\":\"https:\/\/schema.org\",\"@graph\":[{\"@type\":\"WebPage\",\"@id\":\"https:\/\/vapeenjoy.com\/vapeenjoy-refunds-and-returns\/\",\"url\":\"https:\/\/vapeenjoy.com\/vapeenjoy-refunds-and-returns\/\",\"name\":\"Vapeenjoy Returns and Refunds - Easy Process, Quick Resolutions\",\"isPartOf\":{\"@id\":\"https:\/\/vapeenjoy.com\/#website\"},\"primaryImageOfPage\":{\"@id\":\"https:\/\/vapeenjoy.com\/vapeenjoy-refunds-and-returns\/#primaryimage\"},\"image\":{\"@id\":\"https:\/\/vapeenjoy.com\/vapeenjoy-refunds-and-returns\/#primaryimage\"},\"thumbnailUrl\":\"https:\/\/vapeenjoy.com\/wp-content\/uploads\/2025\/08\/Refunds-and-Returns.png\",\"datePublished\":\"2023-04-20T11:47:06+00:00\",\"dateModified\":\"2025-08-26T08:27:29+00:00\",\"description\":\"Vapeenjoy Returns & Refunds: Enjoy a simple process with quick resolutions. Shop vape products confidently!\",\"breadcrumb\":{\"@id\":\"https:\/\/vapeenjoy.com\/vapeenjoy-refunds-and-returns\/#breadcrumb\"},\"inLanguage\":\"pl-PL\",\"potentialAction\":[{\"@type\":\"ReadAction\",\"target\":[\"https:\/\/vapeenjoy.com\/vapeenjoy-refunds-and-returns\/\"]}]},{\"@type\":\"ImageObject\",\"inLanguage\":\"pl-PL\",\"@id\":\"https:\/\/vapeenjoy.com\/vapeenjoy-refunds-and-returns\/#primaryimage\",\"url\":\"https:\/\/vapeenjoy.com\/wp-content\/uploads\/2025\/08\/Refunds-and-Returns.png\",\"contentUrl\":\"https:\/\/vapeenjoy.com\/wp-content\/uploads\/2025\/08\/Refunds-and-Returns.png\"},{\"@type\":\"BreadcrumbList\",\"@id\":\"https:\/\/vapeenjoy.com\/vapeenjoy-refunds-and-returns\/#breadcrumb\",\"itemListElement\":[{\"@type\":\"ListItem\",\"position\":1,\"name\":\"Home\",\"item\":\"https:\/\/vapeenjoy.com\/\"},{\"@type\":\"ListItem\",\"position\":2,\"name\":\"Vapeenjoy Refunds and Returns\"}]},{\"@type\":\"WebSite\",\"@id\":\"https:\/\/vapeenjoy.com\/#website\",\"url\":\"https:\/\/vapeenjoy.com\/\",\"name\":\"vapeenjoy\",\"description\":\"An online store for selling vapes\",\"potentialAction\":[{\"@type\":\"SearchAction\",\"target\":{\"@type\":\"EntryPoint\",\"urlTemplate\":\"https:\/\/vapeenjoy.com\/?s={search_term_string}\"},\"query-input\":{\"@type\":\"PropertyValueSpecification\",\"valueRequired\":true,\"valueName\":\"search_term_string\"}}],\"inLanguage\":\"pl-PL\"}]}<\/script>\n<!-- \/ Yoast SEO plugin. -->","yoast_head_json":{"title":"VapeEjoy Zwroty i zwroty - \u0142atwy proces, szybkie rozwi\u0105zania","description":"VapeEnJoy Zwroty i zwroty: Ciesz si\u0119 prostym procesem z szybkimi rozwi\u0105zaniami. Kupuj produkty Vape pewnie!","robots":{"index":"index","follow":"follow","max-snippet":"max-snippet:-1","max-image-preview":"max-image-preview:large","max-video-preview":"max-video-preview:-1"},"canonical":"https:\/\/vapeenjoy.com\/pl\/zwroty-i-zwroty-vapeejoy\/","og_locale":"pl_PL","og_type":"article","og_title":"Vapeenjoy Returns and Refunds - Easy Process, Quick Resolutions","og_description":"Vapeenjoy Returns & Refunds: Enjoy a simple process with quick resolutions. Shop vape products confidently!","og_url":"https:\/\/vapeenjoy.com\/pl\/zwroty-i-zwroty-vapeejoy\/","og_site_name":"vapeenjoy","article_modified_time":"2025-08-26T08:27:29+00:00","og_image":[{"url":"https:\/\/vapeenjoy.com\/wp-content\/uploads\/2025\/08\/Refunds-and-Returns.png","type":"","width":"","height":""}],"twitter_card":"summary_large_image","twitter_misc":{"Szacowany czas czytania":"2 minuty"},"schema":{"@context":"https:\/\/schema.org","@graph":[{"@type":"WebPage","@id":"https:\/\/vapeenjoy.com\/vapeenjoy-refunds-and-returns\/","url":"https:\/\/vapeenjoy.com\/vapeenjoy-refunds-and-returns\/","name":"VapeEjoy Zwroty i zwroty - \u0142atwy proces, szybkie rozwi\u0105zania","isPartOf":{"@id":"https:\/\/vapeenjoy.com\/#website"},"primaryImageOfPage":{"@id":"https:\/\/vapeenjoy.com\/vapeenjoy-refunds-and-returns\/#primaryimage"},"image":{"@id":"https:\/\/vapeenjoy.com\/vapeenjoy-refunds-and-returns\/#primaryimage"},"thumbnailUrl":"https:\/\/vapeenjoy.com\/wp-content\/uploads\/2025\/08\/Refunds-and-Returns.png","datePublished":"2023-04-20T11:47:06+00:00","dateModified":"2025-08-26T08:27:29+00:00","description":"VapeEnJoy Zwroty i zwroty: Ciesz si\u0119 prostym procesem z szybkimi rozwi\u0105zaniami. Kupuj produkty Vape pewnie!","breadcrumb":{"@id":"https:\/\/vapeenjoy.com\/vapeenjoy-refunds-and-returns\/#breadcrumb"},"inLanguage":"pl-PL","potentialAction":[{"@type":"ReadAction","target":["https:\/\/vapeenjoy.com\/vapeenjoy-refunds-and-returns\/"]}]},{"@type":"ImageObject","inLanguage":"pl-PL","@id":"https:\/\/vapeenjoy.com\/vapeenjoy-refunds-and-returns\/#primaryimage","url":"https:\/\/vapeenjoy.com\/wp-content\/uploads\/2025\/08\/Refunds-and-Returns.png","contentUrl":"https:\/\/vapeenjoy.com\/wp-content\/uploads\/2025\/08\/Refunds-and-Returns.png"},{"@type":"BreadcrumbList","@id":"https:\/\/vapeenjoy.com\/vapeenjoy-refunds-and-returns\/#breadcrumb","itemListElement":[{"@type":"ListItem","position":1,"name":"Home","item":"https:\/\/vapeenjoy.com\/"},{"@type":"ListItem","position":2,"name":"Vapeenjoy Refunds and Returns"}]},{"@type":"WebSite","@id":"https:\/\/vapeenjoy.com\/#website","url":"https:\/\/vapeenjoy.com\/","name":"skutkowaty","description":"Sklep internetowy do sprzeda\u017cy vapes","potentialAction":[{"@type":"SearchAction","target":{"@type":"EntryPoint","urlTemplate":"https:\/\/vapeenjoy.com\/?s={search_term_string}"},"query-input":{"@type":"PropertyValueSpecification","valueRequired":true,"valueName":"search_term_string"}}],"inLanguage":"pl-PL"}]}},"_links":{"self":[{"href":"https:\/\/vapeenjoy.com\/pl\/wp-json\/wp\/v2\/pages\/1507","targetHints":{"allow":["GET"]}}],"collection":[{"href":"https:\/\/vapeenjoy.com\/pl\/wp-json\/wp\/v2\/pages"}],"about":[{"href":"https:\/\/vapeenjoy.com\/pl\/wp-json\/wp\/v2\/types\/page"}],"author":[{"embeddable":true,"href":"https:\/\/vapeenjoy.com\/pl\/wp-json\/wp\/v2\/users\/1"}],"replies":[{"embeddable":true,"href":"https:\/\/vapeenjoy.com\/pl\/wp-json\/wp\/v2\/comments?post=1507"}],"version-history":[{"count":23,"href":"https:\/\/vapeenjoy.com\/pl\/wp-json\/wp\/v2\/pages\/1507\/revisions"}],"predecessor-version":[{"id":2619,"href":"https:\/\/vapeenjoy.com\/pl\/wp-json\/wp\/v2\/pages\/1507\/revisions\/2619"}],"wp:attachment":[{"href":"https:\/\/vapeenjoy.com\/pl\/wp-json\/wp\/v2\/media?parent=1507"}],"curies":[{"name":"wp","href":"https:\/\/api.w.org\/{rel}","templated":true}]}}