{"id":1508,"date":"2023-04-20T11:47:20","date_gmt":"2023-04-20T11:47:20","guid":{"rendered":"https:\/\/dummy.xtemos.com\/woodmart2\/furniture2-elementor\/?page_id=29"},"modified":"2025-08-22T09:55:42","modified_gmt":"2025-08-22T09:55:42","slug":"contact-us","status":"publish","type":"page","link":"https:\/\/vapeenjoy.com\/pl\/skontaktuj-sie-z-na\/","title":{"rendered":"Skontaktuj si\u0119 z na"},"content":{"rendered":"<div data-elementor-type=\"wp-page\" data-elementor-id=\"1508\" class=\"elementor elementor-1508\">\n\t\t\t\t<div class=\"wd-negative-gap elementor-element elementor-element-182218e e-flex e-con-boxed e-con e-parent\" data-id=\"182218e\" data-element_type=\"container\">\n\t\t\t\t\t<div class=\"e-con-inner\">\n\t\t<div class=\"elementor-element elementor-element-c282c84 e-con-full e-flex e-con e-child\" data-id=\"c282c84\" data-element_type=\"container\">\n\t\t\t\t<div class=\"elementor-element elementor-element-6d1e810 wd-width-100 elementor-widget elementor-widget-wd_title\" data-id=\"6d1e810\" data-element_type=\"widget\" data-widget_type=\"wd_title.default\">\n\t\t\t\t<div class=\"elementor-widget-container\">\n\t\t\t\t\t\t\t<div class=\"title-wrapper wd-set-mb reset-last-child wd-title-color-default wd-title-style-default wd-title-size-large text-left\">\n\n\t\t\t\n\t\t\t<div class=\"liner-continer\">\n\t\t\t\t<h4 class=\"woodmart-title-container title wd-fontsize-xxl\">Kontakt VapeEjoy z ekspertem<\/h4> \n\t\t\t\t\t\t\t<\/div>\n\n\t\t\t\t\t<\/div>\n\t\t\t\t\t\t<\/div>\n\t\t\t\t<\/div>\n\t\t\t\t<div class=\"elementor-element elementor-element-74e77af wd-cf7 elementor-widget elementor-widget-wd_contact_form_7\" data-id=\"74e77af\" data-element_type=\"widget\" data-widget_type=\"wd_contact_form_7.default\">\n\t\t\t\t<div class=\"elementor-widget-container\">\n\t\t\t\t\t\n<div class=\"wpcf7 no-js\" id=\"wpcf7-f1503-o1\" lang=\"en-US\" dir=\"ltr\" data-wpcf7-id=\"1503\">\n<div class=\"screen-reader-response\"><p role=\"status\" aria-live=\"polite\" aria-atomic=\"true\"><\/p> <ul><\/ul><\/div>\n<form action=\"\/pl\/wp-json\/wp\/v2\/pages\/1508#wpcf7-f1503-o1\" method=\"post\" class=\"wpcf7-form init\" aria-label=\"Contact form\" novalidate=\"novalidate\" data-status=\"init\" data-trp-original-action=\"\/pl\/wp-json\/wp\/v2\/pages\/1508#wpcf7-f1503-o1\">\n<fieldset class=\"hidden-fields-container\"><input type=\"hidden\" name=\"_wpcf7\" value=\"1503\" \/><input type=\"hidden\" name=\"_wpcf7_version\" value=\"6.1.1\" \/><input type=\"hidden\" name=\"_wpcf7_locale\" value=\"en_US\" \/><input type=\"hidden\" name=\"_wpcf7_unit_tag\" value=\"wpcf7-f1503-o1\" \/><input type=\"hidden\" name=\"_wpcf7_container_post\" value=\"0\" \/><input type=\"hidden\" name=\"_wpcf7_posted_data_hash\" value=\"\" \/>\n<\/fieldset>\n<div class=\"wd-grid-g\">\n\t<p class=\"wd-col\"><span class=\"wpcf7-form-control-wrap\" data-name=\"Name\"><input size=\"40\" maxlength=\"400\" class=\"wpcf7-form-control wpcf7-text wpcf7-validates-as-required\" aria-required=\"true\" aria-invalid=\"false\" placeholder=\"imi\u0119\" value=\"\" type=\"text\" name=\"Name\" \/><\/span>\n\t<\/p>\n\t<p class=\"wd-col\"><span class=\"wpcf7-form-control-wrap\" data-name=\"Email\"><input size=\"40\" maxlength=\"400\" class=\"wpcf7-form-control wpcf7-text wpcf7-validates-as-required\" aria-required=\"true\" aria-invalid=\"false\" placeholder=\"e-mail\" value=\"\" type=\"text\" name=\"Email\" \/><\/span>\n\t<\/p>\n\t<p class=\"wd-col\"><span class=\"wpcf7-form-control-wrap\" data-name=\"your-message\"><textarea cols=\"40\" rows=\"10\" maxlength=\"2000\" class=\"wpcf7-form-control wpcf7-textarea\" aria-invalid=\"false\" placeholder=\"Twoja wiadomo\u015b\u0107\" name=\"your-message\"><\/textarea><\/span>\n\t<\/p>\n\t<p class=\"wd-col\"><input class=\"wpcf7-form-control wpcf7-submit has-spinner btn btn-color-primary\" type=\"submit\" value=\"Wy\u015blij wiadomo\u015b\u0107\" \/>\n\t<\/p>\n<\/div><div class=\"wpcf7-response-output\" aria-hidden=\"true\"><\/div>\n<input type=\"hidden\" name=\"trp-form-language\" value=\"pl\"\/><\/form>\n<\/div>\n\t\t\t\t<\/div>\n\t\t\t\t<\/div>\n\t\t\t\t<\/div>\n\t\t<div class=\"elementor-element elementor-element-6b3eeb6 e-con-full e-flex e-con e-child\" data-id=\"6b3eeb6\" data-element_type=\"container\">\n\t\t\t\t<div class=\"elementor-element elementor-element-88fb751 wd-width-100 elementor-widget elementor-widget-wd_title\" data-id=\"88fb751\" data-element_type=\"widget\" data-widget_type=\"wd_title.default\">\n\t\t\t\t<div class=\"elementor-widget-container\">\n\t\t\t\t\t\t\t<div class=\"title-wrapper wd-set-mb reset-last-child wd-title-color-default wd-title-style-default wd-title-size-large text-left\">\n\n\t\t\t\n\t\t\t<div class=\"liner-continer\">\n\t\t\t\t<h4 class=\"woodmart-title-container title wd-fontsize-xxl\">Cz\u0119sto zadawane pytania<\/h4> \n\t\t\t\t\t\t\t<\/div>\n\n\t\t\t\t\t<\/div>\n\t\t\t\t\t\t<\/div>\n\t\t\t\t<\/div>\n\t\t\t\t<div class=\"elementor-element elementor-element-ca5a946 elementor-widget elementor-widget-wd_accordion\" data-id=\"ca5a946\" data-element_type=\"widget\" data-widget_type=\"wd_accordion.default\">\n\t\t\t\t<div class=\"elementor-widget-container\">\n\t\t\t\t\t\n\t\t<div class=\"wd-accordion wd-style-default wd-border-off wd-titles-left wd-opener-pos-right wd-opener-style-arrow\" data-state=\"all_closed\">\n\t\t\t\t\t\t\t\n\t\t\t\t<div class=\"wd-accordion-item\">\n\t\t\t\t\t<div class=\"wd-accordion-title\" data-accordion-index=\"0\">\n\t\t\t\t\t\t<div class=\"wd-accordion-title-text\">\n\t\t\t\t\t\t\t\t\t\t\t\t\t\t<span>\n\t\t\t\t\t\t\t\tMoje zam\u00f3wienie jeszcze nie dotar\u0142o. Gdzie to jest?\t\t\t\t\t\t\t<\/span>\n\t\t\t\t\t\t<\/div>\n\t\t\t\t\t\t<span class=\"wd-accordion-opener\"><\/span>\n\t\t\t\t\t<\/div>\n\n\t\t\t\t\t<div class=\"wd-accordion-content wd-entry-content\" data-accordion-index=\"0\">\n\t\t\t\t\t\t\t\t\t\t\t\t\t\n\t\t\t\t\t\t\t<p>Je\u015bli chcesz wiedzie\u0107, gdzie jest Twoje zam\u00f3wienie, skontaktuj si\u0119 z nami i wy\u015blij nam sw\u00f3j numer zam\u00f3wienia. Dostarczymy Ci numer \u015bledzenia logistyki i nauczymy Ci\u0119, jak to sprawdzi\u0107.<\/p>\n\t\t\t\t\t\t\t\t\t\t\t\t\t\t\t\t\t\t<\/div>\n\t\t\t\t<\/div>\n\t\t\t\t\t\t\t\n\t\t\t\t<div class=\"wd-accordion-item\">\n\t\t\t\t\t<div class=\"wd-accordion-title\" data-accordion-index=\"1\">\n\t\t\t\t\t\t<div class=\"wd-accordion-title-text\">\n\t\t\t\t\t\t\t\t\t\t\t\t\t\t<span>\n\t\t\t\t\t\t\t\tJaki jest przybli\u017cony czas dostawy?\t\t\t\t\t\t\t<\/span>\n\t\t\t\t\t\t<\/div>\n\t\t\t\t\t\t<span class=\"wd-accordion-opener\"><\/span>\n\t\t\t\t\t<\/div>\n\n\t\t\t\t\t<div class=\"wd-accordion-content wd-entry-content\" data-accordion-index=\"1\">\n\t\t\t\t\t\t\t\t\t\t\t\t\t\n\t\t\t\t\t\t\t<p>Wysy\u0142amy w ci\u0105gu trzech dni roboczych, a czas tranzytu wynosi 7-15 dni roboczych, w zale\u017cno\u015bci od produktu.<\/p>\n\t\t\t\t\t\t\t\t\t\t\t\t\t\t\t\t\t\t<\/div>\n\t\t\t\t<\/div>\n\t\t\t\t\t\t\t\n\t\t\t\t<div class=\"wd-accordion-item\">\n\t\t\t\t\t<div class=\"wd-accordion-title\" data-accordion-index=\"2\">\n\t\t\t\t\t\t<div class=\"wd-accordion-title-text\">\n\t\t\t\t\t\t\t\t\t\t\t\t\t\t<span>\n\t\t\t\t\t\t\t\tJakie s\u0105 warunki wysy\u0142ki?\t\t\t\t\t\t\t<\/span>\n\t\t\t\t\t\t<\/div>\n\t\t\t\t\t\t<span class=\"wd-accordion-opener\"><\/span>\n\t\t\t\t\t<\/div>\n\n\t\t\t\t\t<div class=\"wd-accordion-content wd-entry-content\" data-accordion-index=\"2\">\n\t\t\t\t\t\t\t\t\t\t\t\t\t\n\t\t\t\t\t\t\t<div class=\"T4LgNb\"><div class=\"ToWKne\"><div class=\"OlSOob\"><div class=\"ccvoYb\"><div class=\"zXU7Rb\"><div class=\"akczyd\"><div class=\"X4DQ0 zWsGpc\"><div class=\"vLsFwd bX0Okd\"><h2 dir=\"auto\">Informacje o wysy\u0142ce<\/h2><h3 dir=\"auto\">Darmowe opcje wysy\u0142ki DDP<\/h3><p dir=\"auto\">VapeEnjoy oferuje bezp\u0142atn\u0105 wysy\u0142k\u0119 dla zam\u00f3wie\u0144 w USA i Australii. Dodatkowo, w wybranych krajach zapewniamy wysy\u0142k\u0119 p\u0142atn\u0105 (DDP) w przypadku dostawy. Oznacza to, \u017ce zajmujemy si\u0119 odpraw\u0105 celn\u0105 i obowi\u0105zkami, wi\u0119c nie musisz si\u0119 martwi\u0107 o dodatkowe op\u0142aty przy dostawie.<\/p><h3 dir=\"auto\">Dost\u0119pne metody wysy\u0142ki wed\u0142ug regionu<\/h3><p dir=\"auto\">Wsp\u00f3\u0142pracujemy z zaufanymi przewo\u017anikami, aby zapewni\u0107 niezawodn\u0105 dostaw\u0119. Oto zestawienie naszych metod wysy\u0142ki:<\/p><ul dir=\"auto\"><li><strong>Stany Zjednoczone<\/strong>: UPS Express (z wy\u0142\u0105czeniem Alaski i Hawaj\u00f3w)<\/li><li><strong>Zjednoczone Kr\u00f3lestwo<\/strong>: Lokalny ekspres DPD Express<\/li><li><strong>Europa<\/strong>: UPS Express, DPD Express lub DHL Express<\/li><li><strong>Inne regiony<\/strong>:<br \/><ul dir=\"auto\"><li>Zjednoczone Emiraty Arabskie (tylko Dubaj): linia dedykowana<\/li><li>Republika Po\u0142udniowej Afryki: dedykowana linia<\/li><li>Wietnam: dedykowana linia<\/li><li>Zachodnia Malezja (z wy\u0142\u0105czeniem wyspy Kalimantan): linia dedykowana<\/li><\/ul><\/li><\/ul><h3 dir=\"auto\">Kraje europejskie kwalifikuj\u0105ce si\u0119 do DDP<\/h3><p dir=\"auto\">W celu zapewnienia bezproblemowego do\u015bwiadczenia oferujemy wysy\u0142k\u0119 DDP do nast\u0119puj\u0105cych kraj\u00f3w europejskich: Niemiec, Belgii, Luksemburga, Holandii, Czech\u00f3w, Polski, Chorwacji, S\u0142owacji, S\u0142owenii, Finlandii, Danii, Szwecji, Austrii, Francji, W\u0142och, W\u0119gier, Bu\u0142garii, Litwy, Estonii, Grecji, Irlandii, Portugalii i Hiszpanii. Tymczasem przesy\u0142ki do tych kraj\u00f3w (z wyj\u0105tkiem Zjednoczonego Kr\u00f3lestwa) s\u0105 odprawiane przez organy celne w Niemczech przed wys\u0142aniem do ostatecznego miejsca przeznaczenia.<\/p><h3 dir=\"auto\">Czas wysy\u0142ki wed\u0142ug kraju<\/h3><p dir=\"auto\">Aby pom\u00f3c Ci zaplanowa\u0107, oto szacowane czasy dostaw dla ka\u017cdego regionu:<\/p><ul dir=\"auto\"><li><strong>Stany Zjednoczone<\/strong>: Lokalny UPS Ground, 10-15 dni<\/li><li><strong>Zjednoczone Kr\u00f3lestwo<\/strong>: Lokalny DPD Express, 7\u201312 dni<\/li><li><strong>Niemcy<\/strong>: UPS\/DPD\/DHL Niemcy, 8\u201315 dni<\/li><li><strong>Francja, Belgia, Luksemburg, Holandia, Czechy, Polska, Chorwacja, S\u0142owacja, S\u0142owenia, Finlandia, Dania, Szwecja, Austria, W\u0142ochy, W\u0119gry, Bu\u0142garia, Litwa, Estonia, \u0141otwa, Grecja, Irlandia, Portugalia, Hiszpania<\/strong>: UPS\/DPD\/DHL Niemcy, 10\u201315 dni<\/li><li><strong>Zjednoczone Emiraty Arabskie (tylko Dubaj)<\/strong>: Linia dedykowana, 12-18 dni<\/li><li><strong>Republika Po\u0142udniowej Afryki<\/strong>: Linia dedykowana, 15-25 dni<\/li><li><strong>Wietnam<\/strong>: Linia dedykowana, 3-5 dni<\/li><li><strong>Zachodnia Malezja<\/strong>: Linia dedykowana, 4-8 dni<\/li><\/ul><h3 dir=\"auto\">Wysy\u0142ka do innych kraj\u00f3w<\/h3><p dir=\"auto\">W przypadku kraj\u00f3w niewymienionych powy\u017cej odprawa celna i uiszczenie ce\u0142 s\u0105 wymagane po przybyciu paczki. Ponadto zalecamy skontaktowanie si\u0119 z lokalnymi organami celnymi w celu uzyskania szczeg\u00f3\u0142owych informacji podatkowych. W niekt\u00f3rych przypadkach mo\u017ce by\u0107 r\u00f3wnie\u017c wymagana licencja na prowadzenie dzia\u0142alno\u015bci.<\/p><hr \/><h3 dir=\"auto\">Uwagi o zmianach<\/h3><ul dir=\"auto\"><li><strong>podtytu\u0142y<\/strong>: Dodano podtytu\u0142y (np. \u201eOpcje bezp\u0142atnej i DDP wysy\u0142ki\u201d, \u201eDost\u0119pne metody wysy\u0142ki wed\u0142ug regionu\u201d), aby podzieli\u0107 tekst na mniejsze, przyswajalne sekcje, odnosz\u0105c si\u0119 do problemu sekcji przekraczaj\u0105cej 300 s\u0142\u00f3w.<\/li><li><strong>S\u0142owa przej\u015bciowe<\/strong>: w\u0142\u0105czono s\u0142owa przej\u015bciowe, takie jak \u201edodatkowo\u201d, \u201eco wi\u0119cej\u201d, \u201ew mi\u0119dzyczasie\u201d i \u201er\u00f3wnie\u017c\u201d, aby zwi\u0119kszy\u0107 ich u\u017cycie powy\u017cej 17,1%, poprawiaj\u0105c przep\u0142yw zda\u0144.<\/li><li><strong>klarowno\u015b\u0107<\/strong>: Utrzymywa\u0142 pierwotn\u0105 struktur\u0119 metod i czas\u00f3w wysy\u0142ki, jednocze\u015bnie zwi\u0119kszaj\u0105c czytelno\u015b\u0107 dzi\u0119ki zwi\u0119z\u0142ym frazowaniu i zorganizowanym listom.<\/li><\/ul><p dir=\"auto\">Je\u015bli potrzebujesz dalszych udoskonale\u0144 lub dodatkowych element\u00f3w SEO (np. tytu\u0142, metaopis), daj mi zna\u0107!<\/p><\/div><\/div><\/div><\/div><\/div><\/div><\/div><\/div>\n\t\t\t\t\t\t\t\t\t\t\t\t\t\t\t\t\t\t<\/div>\n\t\t\t\t<\/div>\n\t\t\t\t\t\t\t\n\t\t\t\t<div class=\"wd-accordion-item\">\n\t\t\t\t\t<div class=\"wd-accordion-title\" data-accordion-index=\"3\">\n\t\t\t\t\t\t<div class=\"wd-accordion-title-text\">\n\t\t\t\t\t\t\t\t\t\t\t\t\t\t<span>\n\t\t\t\t\t\t\t\tJak anulowa\u0107 lub zmieni\u0107 moje zam\u00f3wienie?\t\t\t\t\t\t\t<\/span>\n\t\t\t\t\t\t<\/div>\n\t\t\t\t\t\t<span class=\"wd-accordion-opener\"><\/span>\n\t\t\t\t\t<\/div>\n\n\t\t\t\t\t<div class=\"wd-accordion-content wd-entry-content\" data-accordion-index=\"3\">\n\t\t\t\t\t\t\t\t\t\t\t\t\t\n\t\t\t\t\t\t\t<p>Mo\u017cesz zmieni\u0107 swoje zam\u00f3wienie do 23:00 czasu PDT - 07:00 GMT w dniu jego z\u0142o\u017cenia. Aby wprowadzi\u0107 zmiany, skontaktuj si\u0119 z nami pod adresem [brak adresu e-mail]. Je\u015bli masz jakie\u015b pytania lub potrzebujesz pomocy, mo\u017cesz r\u00f3wnie\u017c skontaktowa\u0107 si\u0119 z nami przez e-mail lub WhatsApp, a my niezw\u0142ocznie odpowiemy.<\/p>\n\t\t\t\t\t\t\t\t\t\t\t\t\t\t\t\t\t\t<\/div>\n\t\t\t\t<\/div>\n\t\t\t\t\t\t\t\n\t\t\t\t<div class=\"wd-accordion-item\">\n\t\t\t\t\t<div class=\"wd-accordion-title\" data-accordion-index=\"4\">\n\t\t\t\t\t\t<div class=\"wd-accordion-title-text\">\n\t\t\t\t\t\t\t\t\t\t\t\t\t\t<span>\n\t\t\t\t\t\t\t\tJak d\u0142ugo trwa otrzymanie zwrotu pieni\u0119dzy?\t\t\t\t\t\t\t<\/span>\n\t\t\t\t\t\t<\/div>\n\t\t\t\t\t\t<span class=\"wd-accordion-opener\"><\/span>\n\t\t\t\t\t<\/div>\n\n\t\t\t\t\t<div class=\"wd-accordion-content wd-entry-content\" data-accordion-index=\"4\">\n\t\t\t\t\t\t\t\t\t\t\t\t\t\n\t\t\t\t\t\t\t<p>Czas przechowywania wynosi od 1 do 5 dni, podczas gdy czas wysy\u0142ki wynosi zwykle od 7 do 15 dni, w zale\u017cno\u015bci od produktu.<\/p>\n\t\t\t\t\t\t\t\t\t\t\t\t\t\t\t\t\t\t<\/div>\n\t\t\t\t<\/div>\n\t\t\t\t\t<\/div>\n\t\t\t\t\t\t<\/div>\n\t\t\t\t<\/div>\n\t\t\t\t<\/div>\n\t\t\t\t\t<\/div>\n\t\t\t\t<\/div>\n\t\t<div class=\"elementor-element elementor-element-7c0dcf9 e-con-full e-flex e-con e-parent\" data-id=\"7c0dcf9\" data-element_type=\"container\">\n\t\t\t\t<div class=\"elementor-element elementor-element-952b01f elementor-widget elementor-widget-wd_image_or_svg\" data-id=\"952b01f\" data-element_type=\"widget\" data-widget_type=\"wd_image_or_svg.default\">\n\t\t\t\t<div class=\"elementor-widget-container\">\n\t\t\t\t\t\n\t\t<div class=\"wd-image text-left\">\n\t\t\t\t\t\t\t<a  href=\"https:\/\/vapeenjoy.com\/\" aria-label=\"Image link\">\n\t\t\t\t\t\t\t\t<img decoding=\"async\" width=\"100\" height=\"100\" src=\"https:\/\/vapeenjoy.com\/wp-content\/uploads\/2025\/08\/cropped-\u56fe\u6807-3-100x100.png\" class=\"attachment-100x100 size-100x100\" alt=\"skutkowaty\" srcset=\"https:\/\/vapeenjoy.com\/wp-content\/uploads\/2025\/08\/cropped-\u56fe\u6807-3-100x100.png 100w, https:\/\/vapeenjoy.com\/wp-content\/uploads\/2025\/08\/cropped-\u56fe\u6807-3-300x300.png 300w, https:\/\/vapeenjoy.com\/wp-content\/uploads\/2025\/08\/cropped-\u56fe\u6807-3-150x150.png 150w, https:\/\/vapeenjoy.com\/wp-content\/uploads\/2025\/08\/cropped-\u56fe\u6807-3-270x270.png 270w, https:\/\/vapeenjoy.com\/wp-content\/uploads\/2025\/08\/cropped-\u56fe\u6807-3-192x192.png 192w, https:\/\/vapeenjoy.com\/wp-content\/uploads\/2025\/08\/cropped-\u56fe\u6807-3-180x180.png 180w, https:\/\/vapeenjoy.com\/wp-content\/uploads\/2025\/08\/cropped-\u56fe\u6807-3-32x32.png 32w, https:\/\/vapeenjoy.com\/wp-content\/uploads\/2025\/08\/cropped-\u56fe\u6807-3-40x40.png 40w, https:\/\/vapeenjoy.com\/wp-content\/uploads\/2025\/08\/cropped-\u56fe\u6807-3-50x50.png 50w, https:\/\/vapeenjoy.com\/wp-content\/uploads\/2025\/08\/cropped-\u56fe\u6807-3-80x80.png 80w, https:\/\/vapeenjoy.com\/wp-content\/uploads\/2025\/08\/cropped-\u56fe\u6807-3-120x120.png 120w, https:\/\/vapeenjoy.com\/wp-content\/uploads\/2025\/08\/cropped-\u56fe\u6807-3.png 512w\" sizes=\"(max-width: 100px) 100vw, 100px\" \/>\t\t\t\t\t\t\t<\/a>\n\t\t\t\t\t<\/div>\n\n\t\t\t\t\t\t<\/div>\n\t\t\t\t<\/div>\n\t\t\t\t<div class=\"elementor-element elementor-element-c7b5561 elementor-widget elementor-widget-wd_image_or_svg\" data-id=\"c7b5561\" data-element_type=\"widget\" data-widget_type=\"wd_image_or_svg.default\">\n\t\t\t\t<div class=\"elementor-widget-container\">\n\t\t\t\t\t\n\t\t<div class=\"wd-image text-center\">\n\t\t\t\t\t\t\t\t<img decoding=\"async\" width=\"100\" height=\"100\" src=\"https:\/\/vapeenjoy.com\/wp-content\/uploads\/2025\/08\/WhatsApp.svg-100x100.png\" class=\"attachment-100x100 size-100x100\" alt=\"coantact nam WhatsApp\" srcset=\"https:\/\/vapeenjoy.com\/wp-content\/uploads\/2025\/08\/WhatsApp.svg-100x100.png 100w, https:\/\/vapeenjoy.com\/wp-content\/uploads\/2025\/08\/WhatsApp.svg-300x300.png 300w, https:\/\/vapeenjoy.com\/wp-content\/uploads\/2025\/08\/WhatsApp.svg-150x150.png 150w, https:\/\/vapeenjoy.com\/wp-content\/uploads\/2025\/08\/WhatsApp.svg-768x770.png 768w, https:\/\/vapeenjoy.com\/wp-content\/uploads\/2025\/08\/WhatsApp.svg-600x600.png 600w, https:\/\/vapeenjoy.com\/wp-content\/uploads\/2025\/08\/WhatsApp.svg.png 1022w\" sizes=\"(max-width: 100px) 100vw, 100px\" \/>\t\t\t\t\t<\/div>\n\n\t\t\t\t\t\t<\/div>\n\t\t\t\t<\/div>\n\t\t\t\t<div class=\"elementor-element elementor-element-9e1b195 color-scheme-inherit text-left elementor-widget elementor-widget-text-editor\" data-id=\"9e1b195\" data-element_type=\"widget\" data-widget_type=\"text-editor.default\">\n\t\t\t\t\t\t\t\t\t<h3>+(86)13411063106<\/h3>\t\t\t\t\t\t\t\t<\/div>\n\t\t\t\t<div class=\"elementor-element elementor-element-6e3c1ea elementor-widget elementor-widget-wd_image_or_svg\" data-id=\"6e3c1ea\" data-element_type=\"widget\" data-widget_type=\"wd_image_or_svg.default\">\n\t\t\t\t<div class=\"elementor-widget-container\">\n\t\t\t\t\t\n\t\t<div class=\"wd-image text-center\">\n\t\t\t\t\t\t\t\t<img decoding=\"async\" width=\"80\" height=\"80\" src=\"https:\/\/vapeenjoy.com\/wp-content\/uploads\/2025\/08\/Mail-80x80.jpg\" class=\"attachment-80x80 size-80x80\" alt=\"\" srcset=\"https:\/\/vapeenjoy.com\/wp-content\/uploads\/2025\/08\/Mail-80x80.jpg 80w, https:\/\/vapeenjoy.com\/wp-content\/uploads\/2025\/08\/Mail-100x100.jpg 100w, https:\/\/vapeenjoy.com\/wp-content\/uploads\/2025\/08\/Mail.jpg 148w\" sizes=\"(max-width: 80px) 100vw, 80px\" \/>\t\t\t\t\t<\/div>\n\n\t\t\t\t\t\t<\/div>\n\t\t\t\t<\/div>\n\t\t\t\t<div class=\"elementor-element elementor-element-314eae7 color-scheme-inherit text-left elementor-widget elementor-widget-text-editor\" data-id=\"314eae7\" data-element_type=\"widget\" data-widget_type=\"text-editor.default\">\n\t\t\t\t\t\t\t\t\t<h3>info@vapeenjoy.com<\/h3>\t\t\t\t\t\t\t\t<\/div>\n\t\t\t\t<\/div>\n\t\t\t\t<\/div>","protected":false},"excerpt":{"rendered":"<p>Vapeenjoy Contact with an expert Frequently asked questions My order hasn&#8217;t arrived yet. Where is it? If you want to<\/p>","protected":false},"author":1,"featured_media":0,"parent":0,"menu_order":0,"comment_status":"closed","ping_status":"closed","template":"","meta":{"footnotes":""},"class_list":["post-1508","page","type-page","status-publish","hentry"],"yoast_head":"<!-- This site is optimized with the Yoast SEO plugin v25.7 - https:\/\/yoast.com\/wordpress\/plugins\/seo\/ -->\n<title>Contact Vapeenjoy - Get in Touch for Vaping Support &amp; Inquiries<\/title>\n<meta name=\"description\" content=\"Vapeenjoy contact page provides expert support for vaping products and inquiries. Use Vapeenjoy contact for quick, friendly help.\" \/>\n<meta name=\"robots\" content=\"index, follow, max-snippet:-1, max-image-preview:large, max-video-preview:-1\" \/>\n<link rel=\"canonical\" href=\"https:\/\/vapeenjoy.com\/pl\/skontaktuj-sie-z-na\/\" \/>\n<meta property=\"og:locale\" content=\"pl_PL\" \/>\n<meta property=\"og:type\" content=\"article\" \/>\n<meta property=\"og:title\" content=\"Contact Vapeenjoy - Get in Touch for Vaping Support &amp; Inquiries\" \/>\n<meta property=\"og:description\" content=\"Vapeenjoy contact page provides expert support for vaping products and inquiries. Use Vapeenjoy contact for quick, friendly help.\" \/>\n<meta property=\"og:url\" content=\"https:\/\/vapeenjoy.com\/pl\/skontaktuj-sie-z-na\/\" \/>\n<meta property=\"og:site_name\" content=\"vapeenjoy\" \/>\n<meta property=\"article:modified_time\" content=\"2025-08-22T09:55:42+00:00\" \/>\n<meta property=\"og:image\" content=\"https:\/\/vapeenjoy.com\/wp-content\/uploads\/2025\/08\/WhatsApp.svg-100x100.png\" \/>\n<meta name=\"twitter:card\" content=\"summary_large_image\" \/>\n<meta name=\"twitter:label1\" content=\"Szacowany czas czytania\" \/>\n\t<meta name=\"twitter:data1\" content=\"4 minuty\" \/>\n<script type=\"application\/ld+json\" class=\"yoast-schema-graph\">{\"@context\":\"https:\/\/schema.org\",\"@graph\":[{\"@type\":\"WebPage\",\"@id\":\"https:\/\/vapeenjoy.com\/contact-us\/\",\"url\":\"https:\/\/vapeenjoy.com\/contact-us\/\",\"name\":\"Contact Vapeenjoy - Get in Touch for Vaping Support & Inquiries\",\"isPartOf\":{\"@id\":\"https:\/\/vapeenjoy.com\/#website\"},\"primaryImageOfPage\":{\"@id\":\"https:\/\/vapeenjoy.com\/contact-us\/#primaryimage\"},\"image\":{\"@id\":\"https:\/\/vapeenjoy.com\/contact-us\/#primaryimage\"},\"thumbnailUrl\":\"https:\/\/vapeenjoy.com\/wp-content\/uploads\/2025\/08\/WhatsApp.svg-100x100.png\",\"datePublished\":\"2023-04-20T11:47:20+00:00\",\"dateModified\":\"2025-08-22T09:55:42+00:00\",\"description\":\"Vapeenjoy contact page provides expert support for vaping products and inquiries. Use Vapeenjoy contact for quick, friendly help.\",\"breadcrumb\":{\"@id\":\"https:\/\/vapeenjoy.com\/contact-us\/#breadcrumb\"},\"inLanguage\":\"pl-PL\",\"potentialAction\":[{\"@type\":\"ReadAction\",\"target\":[\"https:\/\/vapeenjoy.com\/contact-us\/\"]}]},{\"@type\":\"ImageObject\",\"inLanguage\":\"pl-PL\",\"@id\":\"https:\/\/vapeenjoy.com\/contact-us\/#primaryimage\",\"url\":\"https:\/\/vapeenjoy.com\/wp-content\/uploads\/2025\/08\/WhatsApp.svg-100x100.png\",\"contentUrl\":\"https:\/\/vapeenjoy.com\/wp-content\/uploads\/2025\/08\/WhatsApp.svg-100x100.png\"},{\"@type\":\"BreadcrumbList\",\"@id\":\"https:\/\/vapeenjoy.com\/contact-us\/#breadcrumb\",\"itemListElement\":[{\"@type\":\"ListItem\",\"position\":1,\"name\":\"Home\",\"item\":\"https:\/\/vapeenjoy.com\/\"},{\"@type\":\"ListItem\",\"position\":2,\"name\":\"Contact us\"}]},{\"@type\":\"WebSite\",\"@id\":\"https:\/\/vapeenjoy.com\/#website\",\"url\":\"https:\/\/vapeenjoy.com\/\",\"name\":\"vapeenjoy\",\"description\":\"An online store for selling vapes\",\"potentialAction\":[{\"@type\":\"SearchAction\",\"target\":{\"@type\":\"EntryPoint\",\"urlTemplate\":\"https:\/\/vapeenjoy.com\/?s={search_term_string}\"},\"query-input\":{\"@type\":\"PropertyValueSpecification\",\"valueRequired\":true,\"valueName\":\"search_term_string\"}}],\"inLanguage\":\"pl-PL\"}]}<\/script>\n<!-- \/ Yoast SEO plugin. -->","yoast_head_json":{"title":"Skontaktuj si\u0119 z VapeEnJoy - skontaktuj si\u0119 z pomoc\u0105 w celu uzyskania wsparcia i zapyta\u0144 waporyzacyjnych","description":"Strona kontaktowa VapeEnJoy zapewnia eksperckie wsparcie dla produkt\u00f3w i zapyta\u0144 waporyzacyjnych. U\u017cyj VapeEnjoy Contact, aby uzyska\u0107 szybk\u0105 i przyjazn\u0105 pomoc.","robots":{"index":"index","follow":"follow","max-snippet":"max-snippet:-1","max-image-preview":"max-image-preview:large","max-video-preview":"max-video-preview:-1"},"canonical":"https:\/\/vapeenjoy.com\/pl\/skontaktuj-sie-z-na\/","og_locale":"pl_PL","og_type":"article","og_title":"Contact Vapeenjoy - Get in Touch for Vaping Support & Inquiries","og_description":"Vapeenjoy contact page provides expert support for vaping products and inquiries. Use Vapeenjoy contact for quick, friendly help.","og_url":"https:\/\/vapeenjoy.com\/pl\/skontaktuj-sie-z-na\/","og_site_name":"vapeenjoy","article_modified_time":"2025-08-22T09:55:42+00:00","og_image":[{"url":"https:\/\/vapeenjoy.com\/wp-content\/uploads\/2025\/08\/WhatsApp.svg-100x100.png","type":"","width":"","height":""}],"twitter_card":"summary_large_image","twitter_misc":{"Szacowany czas czytania":"4 minuty"},"schema":{"@context":"https:\/\/schema.org","@graph":[{"@type":"WebPage","@id":"https:\/\/vapeenjoy.com\/contact-us\/","url":"https:\/\/vapeenjoy.com\/contact-us\/","name":"Skontaktuj si\u0119 z VapeEnJoy - skontaktuj si\u0119 z pomoc\u0105 w celu uzyskania wsparcia i zapyta\u0144 waporyzacyjnych","isPartOf":{"@id":"https:\/\/vapeenjoy.com\/#website"},"primaryImageOfPage":{"@id":"https:\/\/vapeenjoy.com\/contact-us\/#primaryimage"},"image":{"@id":"https:\/\/vapeenjoy.com\/contact-us\/#primaryimage"},"thumbnailUrl":"https:\/\/vapeenjoy.com\/wp-content\/uploads\/2025\/08\/WhatsApp.svg-100x100.png","datePublished":"2023-04-20T11:47:20+00:00","dateModified":"2025-08-22T09:55:42+00:00","description":"Strona kontaktowa VapeEnJoy zapewnia eksperckie wsparcie dla produkt\u00f3w i zapyta\u0144 waporyzacyjnych. U\u017cyj VapeEnjoy Contact, aby uzyska\u0107 szybk\u0105 i przyjazn\u0105 pomoc.","breadcrumb":{"@id":"https:\/\/vapeenjoy.com\/contact-us\/#breadcrumb"},"inLanguage":"pl-PL","potentialAction":[{"@type":"ReadAction","target":["https:\/\/vapeenjoy.com\/contact-us\/"]}]},{"@type":"ImageObject","inLanguage":"pl-PL","@id":"https:\/\/vapeenjoy.com\/contact-us\/#primaryimage","url":"https:\/\/vapeenjoy.com\/wp-content\/uploads\/2025\/08\/WhatsApp.svg-100x100.png","contentUrl":"https:\/\/vapeenjoy.com\/wp-content\/uploads\/2025\/08\/WhatsApp.svg-100x100.png"},{"@type":"BreadcrumbList","@id":"https:\/\/vapeenjoy.com\/contact-us\/#breadcrumb","itemListElement":[{"@type":"ListItem","position":1,"name":"Home","item":"https:\/\/vapeenjoy.com\/"},{"@type":"ListItem","position":2,"name":"Contact us"}]},{"@type":"WebSite","@id":"https:\/\/vapeenjoy.com\/#website","url":"https:\/\/vapeenjoy.com\/","name":"skutkowaty","description":"Sklep internetowy do sprzeda\u017cy vapes","potentialAction":[{"@type":"SearchAction","target":{"@type":"EntryPoint","urlTemplate":"https:\/\/vapeenjoy.com\/?s={search_term_string}"},"query-input":{"@type":"PropertyValueSpecification","valueRequired":true,"valueName":"search_term_string"}}],"inLanguage":"pl-PL"}]}},"_links":{"self":[{"href":"https:\/\/vapeenjoy.com\/pl\/wp-json\/wp\/v2\/pages\/1508","targetHints":{"allow":["GET"]}}],"collection":[{"href":"https:\/\/vapeenjoy.com\/pl\/wp-json\/wp\/v2\/pages"}],"about":[{"href":"https:\/\/vapeenjoy.com\/pl\/wp-json\/wp\/v2\/types\/page"}],"author":[{"embeddable":true,"href":"https:\/\/vapeenjoy.com\/pl\/wp-json\/wp\/v2\/users\/1"}],"replies":[{"embeddable":true,"href":"https:\/\/vapeenjoy.com\/pl\/wp-json\/wp\/v2\/comments?post=1508"}],"version-history":[{"count":25,"href":"https:\/\/vapeenjoy.com\/pl\/wp-json\/wp\/v2\/pages\/1508\/revisions"}],"predecessor-version":[{"id":2580,"href":"https:\/\/vapeenjoy.com\/pl\/wp-json\/wp\/v2\/pages\/1508\/revisions\/2580"}],"wp:attachment":[{"href":"https:\/\/vapeenjoy.com\/pl\/wp-json\/wp\/v2\/media?parent=1508"}],"curies":[{"name":"wp","href":"https:\/\/api.w.org\/{rel}","templated":true}]}}