{"id":1509,"date":"2023-04-20T11:47:35","date_gmt":"2023-04-20T11:47:35","guid":{"rendered":"https:\/\/dummy.xtemos.com\/woodmart2\/furniture2-elementor\/?page_id=31"},"modified":"2025-08-26T08:27:15","modified_gmt":"2025-08-26T08:27:15","slug":"about-us-vape","status":"publish","type":"page","link":"https:\/\/vapeenjoy.com\/pl\/o-nas-vape\/","title":{"rendered":"O nas"},"content":{"rendered":"<div data-elementor-type=\"wp-page\" data-elementor-id=\"1509\" class=\"elementor elementor-1509\">\n\t\t\t\t\t\t\t<link rel=\"stylesheet\" id=\"wd-collapsible-content-css\" href=\"https:\/\/vapeenjoy.com\/wp-content\/themes\/woodmart\/css\/parts\/elem-opt-collapsible-content.min.css?ver=8.2.7\" type=\"text\/css\" media=\"all\" \/> \t\t\t<div class=\"wd-negative-gap elementor-element elementor-element-43bbe8e wd-collapsible-content e-flex e-con-boxed e-con e-parent\" data-id=\"43bbe8e\" data-element_type=\"container\">\n\t\t\t\t\t<div class=\"e-con-inner\">\n\t\t\t\t<div class=\"elementor-element elementor-element-cf18f75 elementor-widget elementor-widget-wd_button\" data-id=\"cf18f75\" data-element_type=\"widget\" data-widget_type=\"wd_button.default\">\n\t\t\t\t<div class=\"elementor-widget-container\">\n\t\t\t\t\t\t\t<div class=\"wd-button-wrapper text-left wd-collapsible-button\" >\n\t\t\t<a class=\"btn btn-style-link btn-shape- btn-size-default btn-color-primary btn-icon-pos-right\"  href=\"#\">\n\t\t\t\t<span class=\"wd-btn-text\" data-elementor-setting-key=\"text\">\n\t\t\t\t\tCzytaj wi\u0119cej\t\t\t\t<\/span>\n\n\t\t\t\t\t\t\t<\/a>\n\t\t<\/div>\n\t\t\t\t\t\t<\/div>\n\t\t\t\t<\/div>\n\t\t\t\t\t<\/div>\n\t\t\t\t<\/div>\n\t\t<div class=\"wd-negative-gap elementor-element elementor-element-52906c6 e-flex e-con-boxed e-con e-parent\" data-id=\"52906c6\" data-element_type=\"container\">\n\t\t\t\t\t<div class=\"e-con-inner\">\n\t\t\t\t<div class=\"elementor-element elementor-element-233b6b3 color-scheme-inherit text-left elementor-widget elementor-widget-text-editor\" data-id=\"233b6b3\" data-element_type=\"widget\" data-widget_type=\"text-editor.default\">\n\t\t\t\t\t\t\t\t\t<h2 dir=\"ltr\" data-pm-slice=\"1 1 []\">Witamy w VapeJoy<\/h2><p dir=\"ltr\">Od naszego powstania w 2023 roku VapeEnJoy jest nap\u0119dzana pasj\u0105 nami\u0119tnej wizji przedefiniowania do\u015bwiadczenia wapowania. Za\u0142o\u017cona z zaanga\u017cowaniem w podnoszenie \u015bwiata wapowania, staramy si\u0119 stworzy\u0107 dynamiczn\u0105, wszechstronn\u0105 platform\u0119 internetow\u0105 w sklepie VapeEnjoy, kt\u00f3ra obs\u0142uguje zar\u00f3wno pocz\u0105tkuj\u0105cych, jak i do\u015bwiadczonych Vaper\u00f3w. Co wi\u0119cej, nasza t\u0119tni\u0105ca \u017cyciem spo\u0142eczno\u015b\u0107 entuzjast\u00f3w waporyzator\u00f3w nap\u0119dza nasz\u0105 misj\u0119, inspiruj\u0105c nas do dostarczania wyj\u0105tkowych produkt\u00f3w i us\u0142ug.<\/p><h2 dir=\"ltr\">Nasza misja<\/h2><p dir=\"ltr\">W VapeEnJoy nasza misja jest prosta, ale ambitna: oferowanie premium produkt\u00f3w do waporyzowania, niezr\u00f3wnany wyb\u00f3r i bezproblemowe zakupy w <a href=\"https:\/\/vapeenjoy.com\/shop\/\">Sklep VapeJoy<\/a>. G\u0142\u0119boko wierzymy, \u017ce wapowanie nie jest tylko alternatyw\u0105 dla palenia \u2013 to styl \u017cycia. W zwi\u0105zku z tym staramy si\u0119 prowadzi\u0107 ten styl \u017cycia, dostarczaj\u0105c innowacyjne rozwi\u0105zania, bezkompromisow\u0105 jako\u015b\u0107 i dedykowan\u0105 obs\u0142ug\u0119 klienta. Wspieraj\u0105c kultur\u0119 doskona\u0142o\u015bci, staramy si\u0119 ulepszy\u0107 ka\u017cdy aspekt podr\u00f3\u017cy wapowania.<\/p><h2 dir=\"ltr\">Nasze produkty<\/h2><p dir=\"ltr\">Nasza starannie wyselekcjonowana linia produkt\u00f3w odzwierciedla nasze zaanga\u017cowanie w jako\u015b\u0107 i innowacyjno\u015b\u0107. Od nowatorskich wapor\u00f3w po r\u00f3\u017cnorodn\u0105 gam\u0119 e-liquid\u00f3w i akcesori\u00f3w, ka\u017cdy przedmiot jest poddawane rygorystycznym testom jako\u015bci, aby zapewni\u0107 wyj\u0105tkow\u0105 wydajno\u015b\u0107. Ponadto stale aktualizujemy nasze zapasy, aby uwzgl\u0119dni\u0107 najnowsze trendy i post\u0119py w bran\u017cy vape. W rezultacie nasi klienci maj\u0105 sta\u0142y dost\u0119p do najbardziej innowacyjnych i niezawodnych produkt\u00f3w dost\u0119pnych na stronie<a href=\"https:\/\/vapeenjoy.com\/shop\/\"> Sklep VapeJoy<\/a>.<\/p><h2 dir=\"ltr\">Jako\u015b\u0107 i bezpiecze\u0144stwo<\/h2><p dir=\"ltr\">Twoje bezpiecze\u0144stwo jest naszym najwy\u017cszym priorytetem. Aby to zapewni\u0107, wsp\u00f3\u0142pracujemy wy\u0142\u0105cznie z zaufanymi producentami i przeprowadzamy rygorystyczne oceny jako\u015bci. Stosuj\u0105c si\u0119 do najnowszych protoko\u0142\u00f3w bezpiecze\u0144stwa i standard\u00f3w bran\u017cowych gwarantujemy, \u017ce ka\u017cdy oferowany przez nas produkt jest zar\u00f3wno skuteczny, jak i bezpieczny. Dodatkowo nasze zaanga\u017cowanie w przekraczanie wymaga\u0144 regulacyjnych podkre\u015bla nasze zaanga\u017cowanie w Twoje samopoczucie.<\/p><h2 dir=\"ltr\">Nasza spo\u0142eczno\u015b\u0107<\/h2><p dir=\"ltr\">VapeenJoy to co\u015b wi\u0119cej ni\u017c tylko sprzedawca detaliczny \u2014 to dobrze prosperuj\u0105ca spo\u0142eczno\u015b\u0107 entuzjast\u00f3w vape. Poprzez nasz anga\u017cuj\u0105cy blog, aktywn\u0105 obecno\u015b\u0107 w mediach spo\u0142eczno\u015bciowych i responsywn\u0105 obs\u0142ug\u0119 klienta, wspieramy \u015brodowisko dzielenia si\u0119 wiedz\u0105 i wsp\u00f3\u0142pracy. Aktywnie s\u0142uchamy opinii i preferencji naszej spo\u0142eczno\u015bci, co pozwala nam stale rozwija\u0107 nasze oferty. W zwi\u0105zku z tym budujemy silniejsze kontakty z naszymi klientami i tworzymy przestrze\u0144, w kt\u00f3rej rozwija si\u0119 pasja do wapowania, dost\u0119pna za po\u015brednictwem <a href=\"https:\/\/vapeenjoy.com\/shop\/\">Sklep VapeJoy<\/a>.<\/p><h2 dir=\"ltr\">Dlaczego warto wybra\u0107 VapeEnJoy?<\/h2><ul class=\"tight\" dir=\"ltr\" data-tight=\"true\"><li><p dir=\"ltr\"><strong>ekspertyza<\/strong>: Dog\u0142\u0119bna wiedza naszego zespo\u0142u na temat produkt\u00f3w Vape zapewnia spersonalizowane rekomendacje i fachowe wskaz\u00f3wki.<\/p><\/li><li><p dir=\"ltr\"><strong>Zapewnienie jako\u015bci<\/strong>: Ka\u017cdy produkt w naszym ekwipunku jest wspierany przez nasze zaanga\u017cowanie w bezpiecze\u0144stwo i doskona\u0142o\u015b\u0107.<\/p><\/li><li><p dir=\"ltr\"><strong>Podej\u015bcie zorientowane na klienta<\/strong>: Priorytetowe traktujemy wyj\u0105tkow\u0105 obs\u0142ug\u0119 klienta, zapewniaj\u0105c p\u0142ynne i satysfakcjonuj\u0105ce wra\u017cenia zakupowe.<\/p><\/li><li><p dir=\"ltr\"><strong>innowacja<\/strong>: Wyprzedzaj\u0105c trendy w bran\u017cy, dostarczamy najnowsze i najbardziej zaawansowane produkty do waporyzacji.<\/p><\/li><\/ul><h2 dir=\"ltr\">Skontaktuj si\u0119 z na<\/h2><p dir=\"ltr\">W przypadku jakichkolwiek pyta\u0144 lub wsparcia, skontaktuj si\u0119 z nami pod adresem info@vapeenjoy.com. Jeste\u015bmy tutaj, aby pom\u00f3c Ci na ka\u017cdym kroku.<\/p><p dir=\"ltr\">Copyright \u00a9 2024 VapeJoy<\/p>\t\t\t\t\t\t\t\t<\/div>\n\t\t\t\t\t<\/div>\n\t\t\t\t<\/div>\n\t\t<div class=\"wd-negative-gap elementor-element elementor-element-a5f99ce e-flex e-con-boxed e-con e-parent\" data-id=\"a5f99ce\" data-element_type=\"container\">\n\t\t\t\t\t<div class=\"e-con-inner\">\n\t\t\t\t<div class=\"elementor-element elementor-element-c7c48f2 elementor-widget elementor-widget-wd_image_or_svg\" data-id=\"c7c48f2\" data-element_type=\"widget\" data-widget_type=\"wd_image_or_svg.default\">\n\t\t\t\t<div class=\"elementor-widget-container\">\n\t\t\t\t\t\n\t\t<div class=\"wd-image text-left\">\n\t\t\t\t\t\t\t\t<img fetchpriority=\"high\" decoding=\"async\" width=\"1210\" height=\"800\" src=\"https:\/\/vapeenjoy.com\/wp-content\/uploads\/2025\/08\/Real-photos.png\" class=\"attachment-full size-full\" alt=\"vape prawdziwe zdj\u0119cia\" srcset=\"https:\/\/vapeenjoy.com\/wp-content\/uploads\/2025\/08\/Real-photos.png 1210w, https:\/\/vapeenjoy.com\/wp-content\/uploads\/2025\/08\/Real-photos-300x198.png 300w, https:\/\/vapeenjoy.com\/wp-content\/uploads\/2025\/08\/Real-photos-1024x677.png 1024w, https:\/\/vapeenjoy.com\/wp-content\/uploads\/2025\/08\/Real-photos-768x508.png 768w, https:\/\/vapeenjoy.com\/wp-content\/uploads\/2025\/08\/Real-photos-1200x793.png 1200w, https:\/\/vapeenjoy.com\/wp-content\/uploads\/2025\/08\/Real-photos-150x99.png 150w\" sizes=\"(max-width: 1210px) 100vw, 1210px\" \/>\t\t\t\t\t<\/div>\n\n\t\t\t\t\t\t<\/div>\n\t\t\t\t<\/div>\n\t\t\t\t\t<\/div>\n\t\t\t\t<\/div>\n\t\t\t\t<\/div>","protected":false},"excerpt":{"rendered":"<p>Read More Welcome to VapeEnjoy Since our inception in 2023, VapeEnjoy has been driven by a passionate vision to redefine<\/p>","protected":false},"author":1,"featured_media":0,"parent":0,"menu_order":0,"comment_status":"closed","ping_status":"closed","template":"","meta":{"footnotes":""},"class_list":["post-1509","page","type-page","status-publish","hentry"],"yoast_head":"<!-- This site is optimized with the Yoast SEO plugin v25.7 - https:\/\/yoast.com\/wordpress\/plugins\/seo\/ -->\n<title>About us - vapeenjoy Premium Vape Products &amp; Exceptional Service<\/title>\n<meta name=\"description\" content=\"Your trusted supplier of premium vape products, superior quality, and first-class service. Shop now! Explore top-tier vaping excellence.\" \/>\n<meta name=\"robots\" content=\"index, follow, max-snippet:-1, max-image-preview:large, max-video-preview:-1\" \/>\n<link rel=\"canonical\" href=\"https:\/\/vapeenjoy.com\/pl\/o-nas-vape\/\" \/>\n<meta property=\"og:locale\" content=\"pl_PL\" \/>\n<meta property=\"og:type\" content=\"article\" \/>\n<meta property=\"og:title\" content=\"About us - vapeenjoy Premium Vape Products &amp; Exceptional Service\" \/>\n<meta property=\"og:description\" content=\"Your trusted supplier of premium vape products, superior quality, and first-class service. Shop now! Explore top-tier vaping excellence.\" \/>\n<meta property=\"og:url\" content=\"https:\/\/vapeenjoy.com\/pl\/o-nas-vape\/\" \/>\n<meta property=\"og:site_name\" content=\"vapeenjoy\" \/>\n<meta property=\"article:modified_time\" content=\"2025-08-26T08:27:15+00:00\" \/>\n<meta property=\"og:image\" content=\"https:\/\/vapeenjoy.com\/wp-content\/uploads\/2025\/08\/Real-photos.png\" \/>\n<meta name=\"twitter:card\" content=\"summary_large_image\" \/>\n<meta name=\"twitter:label1\" content=\"Szacowany czas czytania\" \/>\n\t<meta name=\"twitter:data1\" content=\"3 minuty\" \/>\n<script type=\"application\/ld+json\" class=\"yoast-schema-graph\">{\"@context\":\"https:\/\/schema.org\",\"@graph\":[{\"@type\":\"WebPage\",\"@id\":\"https:\/\/vapeenjoy.com\/about-us-vape\/\",\"url\":\"https:\/\/vapeenjoy.com\/about-us-vape\/\",\"name\":\"About us - vapeenjoy Premium Vape Products & Exceptional Service\",\"isPartOf\":{\"@id\":\"https:\/\/vapeenjoy.com\/#website\"},\"primaryImageOfPage\":{\"@id\":\"https:\/\/vapeenjoy.com\/about-us-vape\/#primaryimage\"},\"image\":{\"@id\":\"https:\/\/vapeenjoy.com\/about-us-vape\/#primaryimage\"},\"thumbnailUrl\":\"https:\/\/vapeenjoy.com\/wp-content\/uploads\/2025\/08\/Real-photos.png\",\"datePublished\":\"2023-04-20T11:47:35+00:00\",\"dateModified\":\"2025-08-26T08:27:15+00:00\",\"description\":\"Your trusted supplier of premium vape products, superior quality, and first-class service. Shop now! Explore top-tier vaping excellence.\",\"breadcrumb\":{\"@id\":\"https:\/\/vapeenjoy.com\/about-us-vape\/#breadcrumb\"},\"inLanguage\":\"pl-PL\",\"potentialAction\":[{\"@type\":\"ReadAction\",\"target\":[\"https:\/\/vapeenjoy.com\/about-us-vape\/\"]}]},{\"@type\":\"ImageObject\",\"inLanguage\":\"pl-PL\",\"@id\":\"https:\/\/vapeenjoy.com\/about-us-vape\/#primaryimage\",\"url\":\"https:\/\/vapeenjoy.com\/wp-content\/uploads\/2025\/08\/Real-photos.png\",\"contentUrl\":\"https:\/\/vapeenjoy.com\/wp-content\/uploads\/2025\/08\/Real-photos.png\"},{\"@type\":\"BreadcrumbList\",\"@id\":\"https:\/\/vapeenjoy.com\/about-us-vape\/#breadcrumb\",\"itemListElement\":[{\"@type\":\"ListItem\",\"position\":1,\"name\":\"Home\",\"item\":\"https:\/\/vapeenjoy.com\/\"},{\"@type\":\"ListItem\",\"position\":2,\"name\":\"About us\"}]},{\"@type\":\"WebSite\",\"@id\":\"https:\/\/vapeenjoy.com\/#website\",\"url\":\"https:\/\/vapeenjoy.com\/\",\"name\":\"vapeenjoy\",\"description\":\"An online store for selling vapes\",\"potentialAction\":[{\"@type\":\"SearchAction\",\"target\":{\"@type\":\"EntryPoint\",\"urlTemplate\":\"https:\/\/vapeenjoy.com\/?s={search_term_string}\"},\"query-input\":{\"@type\":\"PropertyValueSpecification\",\"valueRequired\":true,\"valueName\":\"search_term_string\"}}],\"inLanguage\":\"pl-PL\"}]}<\/script>\n<!-- \/ Yoast SEO plugin. -->","yoast_head_json":{"title":"O nas - VapeEnjoy Premium Vape Produkty i wyj\u0105tkowa obs\u0142uga","description":"Tw\u00f3j zaufany dostawca produkt\u00f3w premium Vape, najwy\u017cszej jako\u015bci i najwy\u017cszej klasy us\u0142ugi. Kupuj teraz! Odkryj najwy\u017cszej klasy doskona\u0142o\u015b\u0107 vaping.","robots":{"index":"index","follow":"follow","max-snippet":"max-snippet:-1","max-image-preview":"max-image-preview:large","max-video-preview":"max-video-preview:-1"},"canonical":"https:\/\/vapeenjoy.com\/pl\/o-nas-vape\/","og_locale":"pl_PL","og_type":"article","og_title":"About us - vapeenjoy Premium Vape Products & Exceptional Service","og_description":"Your trusted supplier of premium vape products, superior quality, and first-class service. Shop now! Explore top-tier vaping excellence.","og_url":"https:\/\/vapeenjoy.com\/pl\/o-nas-vape\/","og_site_name":"vapeenjoy","article_modified_time":"2025-08-26T08:27:15+00:00","og_image":[{"url":"https:\/\/vapeenjoy.com\/wp-content\/uploads\/2025\/08\/Real-photos.png","type":"","width":"","height":""}],"twitter_card":"summary_large_image","twitter_misc":{"Szacowany czas czytania":"3 minuty"},"schema":{"@context":"https:\/\/schema.org","@graph":[{"@type":"WebPage","@id":"https:\/\/vapeenjoy.com\/about-us-vape\/","url":"https:\/\/vapeenjoy.com\/about-us-vape\/","name":"O nas - VapeEnjoy Premium Vape Produkty i wyj\u0105tkowa obs\u0142uga","isPartOf":{"@id":"https:\/\/vapeenjoy.com\/#website"},"primaryImageOfPage":{"@id":"https:\/\/vapeenjoy.com\/about-us-vape\/#primaryimage"},"image":{"@id":"https:\/\/vapeenjoy.com\/about-us-vape\/#primaryimage"},"thumbnailUrl":"https:\/\/vapeenjoy.com\/wp-content\/uploads\/2025\/08\/Real-photos.png","datePublished":"2023-04-20T11:47:35+00:00","dateModified":"2025-08-26T08:27:15+00:00","description":"Tw\u00f3j zaufany dostawca produkt\u00f3w premium Vape, najwy\u017cszej jako\u015bci i najwy\u017cszej klasy us\u0142ugi. Kupuj teraz! Odkryj najwy\u017cszej klasy doskona\u0142o\u015b\u0107 vaping.","breadcrumb":{"@id":"https:\/\/vapeenjoy.com\/about-us-vape\/#breadcrumb"},"inLanguage":"pl-PL","potentialAction":[{"@type":"ReadAction","target":["https:\/\/vapeenjoy.com\/about-us-vape\/"]}]},{"@type":"ImageObject","inLanguage":"pl-PL","@id":"https:\/\/vapeenjoy.com\/about-us-vape\/#primaryimage","url":"https:\/\/vapeenjoy.com\/wp-content\/uploads\/2025\/08\/Real-photos.png","contentUrl":"https:\/\/vapeenjoy.com\/wp-content\/uploads\/2025\/08\/Real-photos.png"},{"@type":"BreadcrumbList","@id":"https:\/\/vapeenjoy.com\/about-us-vape\/#breadcrumb","itemListElement":[{"@type":"ListItem","position":1,"name":"Home","item":"https:\/\/vapeenjoy.com\/"},{"@type":"ListItem","position":2,"name":"About us"}]},{"@type":"WebSite","@id":"https:\/\/vapeenjoy.com\/#website","url":"https:\/\/vapeenjoy.com\/","name":"skutkowaty","description":"Sklep internetowy do sprzeda\u017cy vapes","potentialAction":[{"@type":"SearchAction","target":{"@type":"EntryPoint","urlTemplate":"https:\/\/vapeenjoy.com\/?s={search_term_string}"},"query-input":{"@type":"PropertyValueSpecification","valueRequired":true,"valueName":"search_term_string"}}],"inLanguage":"pl-PL"}]}},"_links":{"self":[{"href":"https:\/\/vapeenjoy.com\/pl\/wp-json\/wp\/v2\/pages\/1509","targetHints":{"allow":["GET"]}}],"collection":[{"href":"https:\/\/vapeenjoy.com\/pl\/wp-json\/wp\/v2\/pages"}],"about":[{"href":"https:\/\/vapeenjoy.com\/pl\/wp-json\/wp\/v2\/types\/page"}],"author":[{"embeddable":true,"href":"https:\/\/vapeenjoy.com\/pl\/wp-json\/wp\/v2\/users\/1"}],"replies":[{"embeddable":true,"href":"https:\/\/vapeenjoy.com\/pl\/wp-json\/wp\/v2\/comments?post=1509"}],"version-history":[{"count":45,"href":"https:\/\/vapeenjoy.com\/pl\/wp-json\/wp\/v2\/pages\/1509\/revisions"}],"predecessor-version":[{"id":2618,"href":"https:\/\/vapeenjoy.com\/pl\/wp-json\/wp\/v2\/pages\/1509\/revisions\/2618"}],"wp:attachment":[{"href":"https:\/\/vapeenjoy.com\/pl\/wp-json\/wp\/v2\/media?parent=1509"}],"curies":[{"name":"wp","href":"https:\/\/api.w.org\/{rel}","templated":true}]}}