{"id":1954,"date":"2025-08-11T06:51:29","date_gmt":"2025-08-11T06:51:29","guid":{"rendered":"https:\/\/vapeenjoy.com\/?page_id=1954"},"modified":"2025-08-27T01:27:48","modified_gmt":"2025-08-27T01:27:48","slug":"terms-and-conditions","status":"publish","type":"page","link":"https:\/\/vapeenjoy.com\/pl\/regulamin\/","title":{"rendered":"Regulamin"},"content":{"rendered":"<div data-elementor-type=\"wp-page\" data-elementor-id=\"1954\" class=\"elementor elementor-1954\">\n\t\t\t\t<div class=\"wd-negative-gap elementor-element elementor-element-01061ba e-flex e-con-boxed e-con e-parent\" data-id=\"01061ba\" data-element_type=\"container\">\n\t\t\t\t\t<div class=\"e-con-inner\">\n\t\t\t\t<div class=\"elementor-element elementor-element-a2b554c color-scheme-inherit text-left elementor-widget elementor-widget-text-editor\" data-id=\"a2b554c\" data-element_type=\"widget\" data-widget_type=\"text-editor.default\">\n\t\t\t\t\t\t\t\t\t<h2 dir=\"ltr\" data-pm-slice=\"1 1 []\">Regulamin dla VapeEnjoy.com<\/h2><p dir=\"ltr\">Witamy na vapeenjoy.com, Twoim g\u0142\u00f3wnym miejscu docelowym dla jednorazowego waporyzowania. VapeEnjoy prowadzi t\u0119 stron\u0119 internetow\u0105 i zobowi\u0105zuje si\u0119 do dostarczania wyj\u0105tkowych produkt\u00f3w i us\u0142ug. Uzyskuj\u0105c dost\u0119p do naszej strony internetowej, zgadzasz si\u0119 na niniejsze Warunki, w kt\u00f3rych \u201emy\u201d, \u201enas\u201d i \u201enasz\u201d odnosz\u0105 si\u0119 do VapeEnjoy. Aby uzyska\u0107 bezproblemowe wra\u017cenia, zapoznaj si\u0119 z niniejszymi warunkami.<\/p><h2 dir=\"ltr\">Korzystanie z naszej us\u0142ugi<\/h2><p dir=\"ltr\">Kiedy uzyskujesz dost\u0119p do naszej strony internetowej lub dokonujesz zakupu, anga\u017cujesz si\u0119 w nasz\u0105 \u201eus\u0142ug\u0119\u201d i zgadzasz si\u0119 przestrzega\u0107 niniejszych Warunk\u00f3w \u015bwiadczenia us\u0142ug. W zwi\u0105zku z tym warunki te dotycz\u0105 wszystkich u\u017cytkownik\u00f3w, w tym przegl\u0105darek, klient\u00f3w, dostawc\u00f3w, sprzedawc\u00f3w i wsp\u00f3\u0142tw\u00f3rc\u00f3w tre\u015bci. Je\u015bli nie zgadzasz si\u0119 z jak\u0105kolwiek cz\u0119\u015bci\u0105 niniejszych Warunk\u00f3w, prosimy o powstrzymanie si\u0119 od dost\u0119pu do Witryny lub korzystania z naszych us\u0142ug. Ponadto dalsze korzystanie z aktualizacji sygnalizuje akceptacj\u0119 zmienionych warunk\u00f3w.<\/p><p dir=\"ltr\">Aby wyja\u015bni\u0107, regularnie sprawdzaj niniejsze Warunki pod k\u0105tem aktualizacji, poniewa\u017c zastrzegamy sobie prawo do ich modyfikowania lub zast\u0119powania poprzez publikowanie zmian na stronie internetowej. Warto zauwa\u017cy\u0107, \u017ce wszelkie nowe funkcje lub narz\u0119dzia dodane r\u00f3wnie\u017c b\u0119d\u0105 podlega\u0107 niniejszym Warunkom \u015bwiadczenia us\u0142ug. Dlatego zwr\u00f3\u0107 szczeg\u00f3ln\u0105 uwag\u0119 na sekcj\u0119 19, \u201eArbitra\u017c i zrzeczenie si\u0119 pozw\u00f3w zbiorowych\u201d, kt\u00f3ra wymaga rozstrzygania spor\u00f3w poprzez indywidualny arbitra\u017c.<\/p><h2 dir=\"ltr\">Sekcja 1 \u2013 Warunki sklepu internetowego<\/h2><p dir=\"ltr\">Akceptuj\u0105c niniejsze Warunki u\u017cytkowania, potwierdzasz, \u017ce jeste\u015b co najmniej w wieku wi\u0119kszo\u015bci w swoim stanie lub prowincji lub masz zgod\u0119 rodzic\u00f3w na korzystanie z naszej strony internetowej przez osoby nieletnie. Ponadto nie wolno u\u017cywa\u0107 naszych produkt\u00f3w do cel\u00f3w nielegalnych ani narusza\u0107 \u017cadnych przepis\u00f3w, takich jak prawa autorskie. Ponadto transmisja robak\u00f3w, wirus\u00f3w lub z\u0142o\u015bliwego kodu jest surowo zabronione. Naruszenie tych warunk\u00f3w doprowadzi do natychmiastowego zako\u0144czenia dost\u0119pu do us\u0142ugi.<\/p><h2 dir=\"ltr\">Sekcja 2 \u2013 Warunki og\u00f3lne<\/h2><p dir=\"ltr\">Mo\u017cemy odm\u00f3wi\u0107 us\u0142ugi komukolwiek w dowolnym momencie z dowolnego powodu. Dla bezpiecze\u0144stwa szyfrujemy Twoje tre\u015bci (z wy\u0142\u0105czeniem informacji o karcie kredytowej) podczas transmisji. Nie mo\u017cesz jednak nadu\u017cywa\u0107, powiela\u0107 ani sprzedawa\u0107 \u017cadnej cz\u0119\u015bci Us\u0142ugi bez naszej wyra\u017anej zgody. Dla jasno\u015bci, nag\u0142\u00f3wki w niniejszej Umowie s\u0142u\u017c\u0105 jedynie wygodzie i nie zmieniaj\u0105 warunk\u00f3w.<\/p><h2 dir=\"ltr\">Sekcja 3 \u2013 Dok\u0142adno\u015b\u0107 informacji<\/h2><p dir=\"ltr\">Staramy si\u0119 dostarcza\u0107 na stronie dok\u0142adne i aktualne informacje, ale nie mo\u017cemy zagwarantowa\u0107 jego kompletno\u015bci ani terminowo\u015bci. Dlatego u\u017cywaj materia\u0142u wy\u0142\u0105cznie do og\u00f3lnego odniesienia i unikaj polegania na nim wy\u0142\u0105cznie przy podejmowaniu decyzji. Chocia\u017c mo\u017cemy zawrze\u0107 informacje historyczne, nie zobowi\u0105zujemy si\u0119 do ich aktualizacji. Dlatego powiniene\u015b monitorowa\u0107 zmiany zawarto\u015bci strony internetowej.<\/p><h2 dir=\"ltr\">Sekcja 4 \u2013 Modyfikacje us\u0142ugi i ceny<\/h2><p dir=\"ltr\">Mo\u017cemy zmieni\u0107 ceny produkt\u00f3w bez powiadomienia. Ponadto zastrzegamy sobie prawo do zmiany lub zaprzestania korzystania z Us\u0142ugi lub jakiejkolwiek cz\u0119\u015bci bez uprzedniego powiadomienia. W rezultacie nie ponosimy odpowiedzialno\u015bci za modyfikacje, zmiany cen lub zawieszenia us\u0142ug.<\/p><h2 dir=\"ltr\">Sekcja 5 \u2013 Produkty i us\u0142ugi<\/h2><p dir=\"ltr\">Niekt\u00f3re produkty mog\u0105 by\u0107 dost\u0119pne tylko online i w ograniczonych ilo\u015bciach, z zastrze\u017ceniem naszej polityki zwrot\u00f3w. Chocia\u017c staramy si\u0119 dok\u0142adnie wy\u015bwietla\u0107 produkty, kolory mog\u0105 si\u0119 r\u00f3\u017cni\u0107 w zale\u017cno\u015bci od urz\u0105dzenia. Ponadto mo\u017cemy ograniczy\u0107 sprzeda\u017c wed\u0142ug regionu, osoby lub ilo\u015bci i dostosowywa\u0107 opisy lub ceny wed\u0142ug w\u0142asnego uznania.<\/p><h2 dir=\"ltr\">Sekcja 6 \u2013 Rozliczenia i dok\u0142adno\u015b\u0107 konta<\/h2><p dir=\"ltr\">Mo\u017cemy odm\u00f3wi\u0107 zam\u00f3wie\u0144 lub ograniczy\u0107 ilo\u015bci na osob\u0119 lub gospodarstwo domowe. Aby zapewni\u0107 p\u0142ynne transakcje, musisz poda\u0107 dok\u0142adne informacje o koncie i zakupie oraz szybko je zaktualizowa\u0107. Aby uzyska\u0107 wi\u0119cej informacji, zapoznaj si\u0119 z nasz\u0105 polityk\u0105 zwrot\u00f3w.<\/p><h2 dir=\"ltr\">Sekcja 7 \u2013 Narz\u0119dzia opcjonalne<\/h2><p dir=\"ltr\">Zapewniamy narz\u0119dzia stron trzecich \u201etakie, jakie s\u0105\u201d bez gwarancji. Dlatego korzystasz z tych narz\u0119dzi na w\u0142asne ryzyko. Podobnie nowe us\u0142ugi lub funkcje wprowadzone na stronie b\u0119d\u0105 przestrzega\u0107 tych warunk\u00f3w.<\/p><h2 dir=\"ltr\">Sekcja 8 \u2013 Linki stron trzecich<\/h2><p dir=\"ltr\">Nasza strona internetowa mo\u017ce zawiera\u0107 linki do stron innych firm, kt\u00f3re nie s\u0105 z nami powi\u0105zane. Poniewa\u017c nie kontrolujemy ich tre\u015bci ani dok\u0142adno\u015bci, zapoznaj si\u0119 z ich zasadami przed zajmowaniem si\u0119 transakcjami. Ponadto zg\u0142aszaj wszelkie problemy bezpo\u015brednio stronom trzecim.<\/p><h2 dir=\"ltr\">Sekcja 9 \u2013 Komentarze i opinie u\u017cytkownik\u00f3w<\/h2><p dir=\"ltr\">Udzielasz nam prawa do korzystania i rozpowszechniania wszelkich komentarzy lub opinii, kt\u00f3re przekazujesz. W mi\u0119dzyczasie mo\u017cemy monitorowa\u0107, edytowa\u0107 lub usuwa\u0107 tre\u015bci, kt\u00f3re uznamy za nielegalne lub obra\u017aliwe. Co wa\u017cne, Twoje komentarze nie mog\u0105 narusza\u0107 praw os\u00f3b trzecich ani nie zawiera\u0107 szkodliwych tre\u015bci.<\/p><h2 dir=\"ltr\">Sekcja 10 \u2013 Dane osobowe<\/h2><p dir=\"ltr\">Nasza Polityka Prywatno\u015bci reguluje podawanie danych osobowych.<\/p><h3 dir=\"ltr\">Sekcja 10.1 \u2013 Polityka plik\u00f3w cookie<\/h3><p dir=\"ltr\">U\u017cywamy plik\u00f3w cookie, aby poprawi\u0107 jako\u015b\u0107 przegl\u0105dania i dostarcza\u0107 spersonalizowane tre\u015bci. Korzystaj\u0105c z naszej strony internetowej, wyra\u017casz zgod\u0119 na korzystanie z plik\u00f3w cookie. Ponadto mo\u017cesz zarz\u0105dza\u0107 ustawieniami plik\u00f3w cookie w dowolnym momencie.<\/p><h2 dir=\"ltr\">Sekcja 11 \u2013 B\u0142\u0119dy i nie\u015bcis\u0142o\u015bci<\/h2><p dir=\"ltr\">Mo\u017cemy poprawi\u0107 b\u0142\u0119dy lub nie\u015bcis\u0142o\u015bci w opisach produkt\u00f3w, cenach lub ofertach bez powiadomienia. O ile nie jest to wymagane przez prawo, nie zobowi\u0105zujemy si\u0119 do aktualizacji informacji.<\/p><h2 dir=\"ltr\">Sekcja 12 \u2013 Zabronione zastosowania<\/h2><p dir=\"ltr\">Nie mo\u017cesz korzysta\u0107 z Witryny w celach nielegalnych, n\u0119kaj\u0105cych lub z\u0142o\u015bliwych. W zwi\u0105zku z tym mo\u017cemy zlikwidowa\u0107 us\u0142ugi za wszelkie naruszenia.<\/p><h2 dir=\"ltr\">Sekcja 13 \u2013 Zrzeczenie si\u0119 odpowiedzialno\u015bci i odpowiedzialno\u015b\u0107<\/h2><p dir=\"ltr\">Nie gwarantujemy nieprzerwanej lub bezb\u0142\u0119dnej us\u0142ugi. W zwi\u0105zku z tym korzystasz z Us\u0142ugi na w\u0142asne ryzyko i nie ponosimy odpowiedzialno\u015bci za jakiekolwiek szkody.<\/p><h2 dir=\"ltr\">Sekcja 14 \u2013 Odszkodowanie<\/h2><p dir=\"ltr\">Zgadzasz si\u0119 zwolni\u0107 nas z odpowiedzialno\u015bci za roszczenia wynikaj\u0105ce z naruszenia niniejszych Warunk\u00f3w.<\/p><h2 dir=\"ltr\">Sekcja 15 \u2013 Rozdzielno\u015b\u0107<\/h2><p dir=\"ltr\">Je\u017celi jakiekolwiek postanowienie jest niewykonalne, pozosta\u0142e postanowienia pozostaj\u0105 skuteczne.<\/p><h2 dir=\"ltr\">Sekcja 16 \u2013 Wypowiedzenie<\/h2><p dir=\"ltr\">Obowi\u0105zki przed rozwi\u0105zaniem umowy pozostaj\u0105 wi\u0105\u017c\u0105ce. Aby rozwi\u0105za\u0107 niniejsz\u0105 umow\u0119, poinformuj nas w dowolnym momencie. I odwrotnie, mo\u017cemy rozwi\u0105za\u0107 Umow\u0119 bez powiadomienia, je\u015bli naruszysz niniejsze Warunki.<\/p><h2 dir=\"ltr\">Sekcja 17 \u2013 Zrzeczenie si\u0119<\/h2><p dir=\"ltr\">Zrzeczenie si\u0119 jakiegokolwiek okresu nie zrzeka si\u0119 przysz\u0142ych praw.<\/p><h2 dir=\"ltr\">Sekcja 18 \u2013 Prawo reguluj\u0105ce<\/h2><p dir=\"ltr\">Niniejsze warunki reguluj\u0105 prawa stanu Kalifornia.<\/p><h2 dir=\"ltr\">Sekcja 19 \u2013 Zrzeczenie si\u0119 arbitra\u017cu i pozwu zbiorowego<\/h2><p dir=\"ltr\">Musisz rozstrzyga\u0107 spory, z wyj\u0105tkiem tych w s\u0105dzie ds. drobnych roszcze\u0144, poprzez indywidualny arbitra\u017c. W zwi\u0105zku z tym nie mo\u017cna sk\u0142ada\u0107 roszcze\u0144 w ramach pozwu zbiorowego.<\/p><h2 dir=\"ltr\">Sekcja 20 \u2013 Ca\u0142a umowa<\/h2><p dir=\"ltr\">Niniejsze Warunki stanowi\u0105 ca\u0142\u0105 umow\u0119 mi\u0119dzy Tob\u0105 a nami, zast\u0119puj\u0105c wcze\u015bniejsze umowy. Co wi\u0119cej, niejasno\u015bci w interpretacji nie faworyzuj\u0105 \u017cadnej ze stron.<\/p><h2 dir=\"ltr\">Sekcja 21 \u2013 Informacje kontaktowe<\/h2><p dir=\"ltr\">W przypadku pyta\u0144 dotycz\u0105cych niniejszych Warunk\u00f3w u\u017cytkowania skontaktuj si\u0119 z nami pod adresem info@vapeejoy.com.<\/p><p dir=\"ltr\">Dzi\u0119kujemy za zapoznanie si\u0119 z naszymi warunkami. Staramy si\u0119 zapewni\u0107 bezproblemowe i bezpieczne wra\u017cenia na vapeejoy.com.<\/p>\t\t\t\t\t\t\t\t<\/div>\n\t\t\t\t\t<\/div>\n\t\t\t\t<\/div>\n\t\t<div class=\"wd-negative-gap elementor-element elementor-element-a291d96 e-flex e-con-boxed e-con e-parent\" data-id=\"a291d96\" data-element_type=\"container\">\n\t\t\t\t\t<div class=\"e-con-inner\">\n\t\t\t\t<div class=\"elementor-element elementor-element-3013edb elementor-widget elementor-widget-wd_image_or_svg\" data-id=\"3013edb\" data-element_type=\"widget\" data-widget_type=\"wd_image_or_svg.default\">\n\t\t\t\t<div class=\"elementor-widget-container\">\n\t\t\t\t\t\n\t\t<div class=\"wd-image text-left\">\n\t\t\t\t\t\t\t\t<img fetchpriority=\"high\" decoding=\"async\" width=\"1300\" height=\"900\" src=\"https:\/\/vapeenjoy.com\/wp-content\/uploads\/2025\/08\/Brand.png\" class=\"attachment-full size-full\" alt=\"Marka VapeenJoy\" srcset=\"https:\/\/vapeenjoy.com\/wp-content\/uploads\/2025\/08\/Brand.png 1300w, https:\/\/vapeenjoy.com\/wp-content\/uploads\/2025\/08\/Brand-300x208.png 300w, https:\/\/vapeenjoy.com\/wp-content\/uploads\/2025\/08\/Brand-1024x709.png 1024w, https:\/\/vapeenjoy.com\/wp-content\/uploads\/2025\/08\/Brand-768x532.png 768w, https:\/\/vapeenjoy.com\/wp-content\/uploads\/2025\/08\/Brand-1200x831.png 1200w, https:\/\/vapeenjoy.com\/wp-content\/uploads\/2025\/08\/Brand-150x104.png 150w\" sizes=\"(max-width: 1300px) 100vw, 1300px\" \/>\t\t\t\t\t<\/div>\n\n\t\t\t\t\t\t<\/div>\n\t\t\t\t<\/div>\n\t\t\t\t\t<\/div>\n\t\t\t\t<\/div>\n\t\t\t\t<\/div>","protected":false},"excerpt":{"rendered":"<p>Terms and Conditions for Vapeenjoy.com Welcome to Vapeenjoy.com, your premier destination for disposable vape. Vapeenjoy operates this website and commits<\/p>","protected":false},"author":1,"featured_media":0,"parent":0,"menu_order":0,"comment_status":"closed","ping_status":"closed","template":"","meta":{"footnotes":""},"class_list":["post-1954","page","type-page","status-publish","hentry"],"yoast_head":"<!-- This site is optimized with the Yoast SEO plugin v25.7 - https:\/\/yoast.com\/wordpress\/plugins\/seo\/ -->\n<title>Vapeenjoy Terms and Conditions - Your Guide to Our Policies<\/title>\n<meta name=\"description\" content=\"Review Vapeenjoy Terms and Conditions for our policies, user responsibilities, and legal guidelines to ensure seamless vaping experience.\" \/>\n<meta name=\"robots\" content=\"index, follow, max-snippet:-1, max-image-preview:large, max-video-preview:-1\" \/>\n<link rel=\"canonical\" href=\"https:\/\/vapeenjoy.com\/pl\/regulamin\/\" \/>\n<meta property=\"og:locale\" content=\"pl_PL\" \/>\n<meta property=\"og:type\" content=\"article\" \/>\n<meta property=\"og:title\" content=\"Vapeenjoy Terms and Conditions - Your Guide to Our Policies\" \/>\n<meta property=\"og:description\" content=\"Review Vapeenjoy Terms and Conditions for our policies, user responsibilities, and legal guidelines to ensure seamless vaping experience.\" \/>\n<meta property=\"og:url\" content=\"https:\/\/vapeenjoy.com\/pl\/regulamin\/\" \/>\n<meta property=\"og:site_name\" content=\"vapeenjoy\" \/>\n<meta property=\"article:modified_time\" content=\"2025-08-27T01:27:48+00:00\" \/>\n<meta property=\"og:image\" content=\"https:\/\/vapeenjoy.com\/wp-content\/uploads\/2025\/08\/Brand.png\" \/>\n<meta name=\"twitter:card\" content=\"summary_large_image\" \/>\n<meta name=\"twitter:label1\" content=\"Szacowany czas czytania\" \/>\n\t<meta name=\"twitter:data1\" content=\"5 minut\" \/>\n<script type=\"application\/ld+json\" class=\"yoast-schema-graph\">{\"@context\":\"https:\/\/schema.org\",\"@graph\":[{\"@type\":\"WebPage\",\"@id\":\"https:\/\/vapeenjoy.com\/terms-and-conditions\/\",\"url\":\"https:\/\/vapeenjoy.com\/terms-and-conditions\/\",\"name\":\"Vapeenjoy Terms and Conditions - Your Guide to Our Policies\",\"isPartOf\":{\"@id\":\"https:\/\/vapeenjoy.com\/#website\"},\"primaryImageOfPage\":{\"@id\":\"https:\/\/vapeenjoy.com\/terms-and-conditions\/#primaryimage\"},\"image\":{\"@id\":\"https:\/\/vapeenjoy.com\/terms-and-conditions\/#primaryimage\"},\"thumbnailUrl\":\"https:\/\/vapeenjoy.com\/wp-content\/uploads\/2025\/08\/Brand.png\",\"datePublished\":\"2025-08-11T06:51:29+00:00\",\"dateModified\":\"2025-08-27T01:27:48+00:00\",\"description\":\"Review Vapeenjoy Terms and Conditions for our policies, user responsibilities, and legal guidelines to ensure seamless vaping experience.\",\"breadcrumb\":{\"@id\":\"https:\/\/vapeenjoy.com\/terms-and-conditions\/#breadcrumb\"},\"inLanguage\":\"pl-PL\",\"potentialAction\":[{\"@type\":\"ReadAction\",\"target\":[\"https:\/\/vapeenjoy.com\/terms-and-conditions\/\"]}]},{\"@type\":\"ImageObject\",\"inLanguage\":\"pl-PL\",\"@id\":\"https:\/\/vapeenjoy.com\/terms-and-conditions\/#primaryimage\",\"url\":\"https:\/\/vapeenjoy.com\/wp-content\/uploads\/2025\/08\/Brand.png\",\"contentUrl\":\"https:\/\/vapeenjoy.com\/wp-content\/uploads\/2025\/08\/Brand.png\"},{\"@type\":\"BreadcrumbList\",\"@id\":\"https:\/\/vapeenjoy.com\/terms-and-conditions\/#breadcrumb\",\"itemListElement\":[{\"@type\":\"ListItem\",\"position\":1,\"name\":\"Home\",\"item\":\"https:\/\/vapeenjoy.com\/\"},{\"@type\":\"ListItem\",\"position\":2,\"name\":\"terms and Conditions\"}]},{\"@type\":\"WebSite\",\"@id\":\"https:\/\/vapeenjoy.com\/#website\",\"url\":\"https:\/\/vapeenjoy.com\/\",\"name\":\"vapeenjoy\",\"description\":\"An online store for selling vapes\",\"potentialAction\":[{\"@type\":\"SearchAction\",\"target\":{\"@type\":\"EntryPoint\",\"urlTemplate\":\"https:\/\/vapeenjoy.com\/?s={search_term_string}\"},\"query-input\":{\"@type\":\"PropertyValueSpecification\",\"valueRequired\":true,\"valueName\":\"search_term_string\"}}],\"inLanguage\":\"pl-PL\"}]}<\/script>\n<!-- \/ Yoast SEO plugin. -->","yoast_head_json":{"title":"Regulamin VapeEjoy - Tw\u00f3j przewodnik po naszych zasadach","description":"Przejrzyj regulamin VapeEjoy dla naszych zasad, obowi\u0105zk\u00f3w u\u017cytkownika i wytycznych prawnych, aby zapewni\u0107 bezproblemowe wra\u017cenia z waporyzacji.","robots":{"index":"index","follow":"follow","max-snippet":"max-snippet:-1","max-image-preview":"max-image-preview:large","max-video-preview":"max-video-preview:-1"},"canonical":"https:\/\/vapeenjoy.com\/pl\/regulamin\/","og_locale":"pl_PL","og_type":"article","og_title":"Vapeenjoy Terms and Conditions - Your Guide to Our Policies","og_description":"Review Vapeenjoy Terms and Conditions for our policies, user responsibilities, and legal guidelines to ensure seamless vaping experience.","og_url":"https:\/\/vapeenjoy.com\/pl\/regulamin\/","og_site_name":"vapeenjoy","article_modified_time":"2025-08-27T01:27:48+00:00","og_image":[{"url":"https:\/\/vapeenjoy.com\/wp-content\/uploads\/2025\/08\/Brand.png","type":"","width":"","height":""}],"twitter_card":"summary_large_image","twitter_misc":{"Szacowany czas czytania":"5 minut"},"schema":{"@context":"https:\/\/schema.org","@graph":[{"@type":"WebPage","@id":"https:\/\/vapeenjoy.com\/terms-and-conditions\/","url":"https:\/\/vapeenjoy.com\/terms-and-conditions\/","name":"Regulamin VapeEjoy - Tw\u00f3j przewodnik po naszych zasadach","isPartOf":{"@id":"https:\/\/vapeenjoy.com\/#website"},"primaryImageOfPage":{"@id":"https:\/\/vapeenjoy.com\/terms-and-conditions\/#primaryimage"},"image":{"@id":"https:\/\/vapeenjoy.com\/terms-and-conditions\/#primaryimage"},"thumbnailUrl":"https:\/\/vapeenjoy.com\/wp-content\/uploads\/2025\/08\/Brand.png","datePublished":"2025-08-11T06:51:29+00:00","dateModified":"2025-08-27T01:27:48+00:00","description":"Przejrzyj regulamin VapeEjoy dla naszych zasad, obowi\u0105zk\u00f3w u\u017cytkownika i wytycznych prawnych, aby zapewni\u0107 bezproblemowe wra\u017cenia z waporyzacji.","breadcrumb":{"@id":"https:\/\/vapeenjoy.com\/terms-and-conditions\/#breadcrumb"},"inLanguage":"pl-PL","potentialAction":[{"@type":"ReadAction","target":["https:\/\/vapeenjoy.com\/terms-and-conditions\/"]}]},{"@type":"ImageObject","inLanguage":"pl-PL","@id":"https:\/\/vapeenjoy.com\/terms-and-conditions\/#primaryimage","url":"https:\/\/vapeenjoy.com\/wp-content\/uploads\/2025\/08\/Brand.png","contentUrl":"https:\/\/vapeenjoy.com\/wp-content\/uploads\/2025\/08\/Brand.png"},{"@type":"BreadcrumbList","@id":"https:\/\/vapeenjoy.com\/terms-and-conditions\/#breadcrumb","itemListElement":[{"@type":"ListItem","position":1,"name":"Home","item":"https:\/\/vapeenjoy.com\/"},{"@type":"ListItem","position":2,"name":"terms and Conditions"}]},{"@type":"WebSite","@id":"https:\/\/vapeenjoy.com\/#website","url":"https:\/\/vapeenjoy.com\/","name":"skutkowaty","description":"Sklep internetowy do sprzeda\u017cy vapes","potentialAction":[{"@type":"SearchAction","target":{"@type":"EntryPoint","urlTemplate":"https:\/\/vapeenjoy.com\/?s={search_term_string}"},"query-input":{"@type":"PropertyValueSpecification","valueRequired":true,"valueName":"search_term_string"}}],"inLanguage":"pl-PL"}]}},"_links":{"self":[{"href":"https:\/\/vapeenjoy.com\/pl\/wp-json\/wp\/v2\/pages\/1954","targetHints":{"allow":["GET"]}}],"collection":[{"href":"https:\/\/vapeenjoy.com\/pl\/wp-json\/wp\/v2\/pages"}],"about":[{"href":"https:\/\/vapeenjoy.com\/pl\/wp-json\/wp\/v2\/types\/page"}],"author":[{"embeddable":true,"href":"https:\/\/vapeenjoy.com\/pl\/wp-json\/wp\/v2\/users\/1"}],"replies":[{"embeddable":true,"href":"https:\/\/vapeenjoy.com\/pl\/wp-json\/wp\/v2\/comments?post=1954"}],"version-history":[{"count":21,"href":"https:\/\/vapeenjoy.com\/pl\/wp-json\/wp\/v2\/pages\/1954\/revisions"}],"predecessor-version":[{"id":2628,"href":"https:\/\/vapeenjoy.com\/pl\/wp-json\/wp\/v2\/pages\/1954\/revisions\/2628"}],"wp:attachment":[{"href":"https:\/\/vapeenjoy.com\/pl\/wp-json\/wp\/v2\/media?parent=1954"}],"curies":[{"name":"wp","href":"https:\/\/api.w.org\/{rel}","templated":true}]}}