{"id":1961,"date":"2025-08-11T06:57:48","date_gmt":"2025-08-11T06:57:48","guid":{"rendered":"https:\/\/vapeenjoy.com\/?page_id=1961"},"modified":"2025-08-26T08:27:47","modified_gmt":"2025-08-26T08:27:47","slug":"vapeenjoy-faq","status":"publish","type":"page","link":"https:\/\/vapeenjoy.com\/pl\/najczesciej-zadawane-pytania\/","title":{"rendered":"Najcz\u0119\u015bciej zadawane pytania"},"content":{"rendered":"<div data-elementor-type=\"wp-page\" data-elementor-id=\"1961\" class=\"elementor elementor-1961\">\n\t\t\t\t<div class=\"wd-negative-gap elementor-element elementor-element-df5092f e-flex e-con-boxed e-con e-parent\" data-id=\"df5092f\" data-element_type=\"container\">\n\t\t\t\t\t<div class=\"e-con-inner\">\n\t\t\t\t<div class=\"elementor-element elementor-element-5e21ddc color-scheme-inherit text-left elementor-widget elementor-widget-text-editor\" data-id=\"5e21ddc\" data-element_type=\"widget\" data-widget_type=\"text-editor.default\">\n\t\t\t\t\t\t\t\t\t<h2>Najcz\u0119\u015bciej zadawane pytania<\/h2>\t\t\t\t\t\t\t\t<\/div>\n\t\t\t\t<div class=\"elementor-element elementor-element-cec4ba3 elementor-widget elementor-widget-wd_accordion\" data-id=\"cec4ba3\" data-element_type=\"widget\" data-widget_type=\"wd_accordion.default\">\n\t\t\t\t<div class=\"elementor-widget-container\">\n\t\t\t\t\t\n\t\t<div class=\"wd-accordion wd-style-default wd-border-off wd-titles-left wd-opener-pos-right wd-opener-style-arrow\" data-state=\"all_closed\">\n\t\t\t\t\t\t\t\n\t\t\t\t<div class=\"wd-accordion-item\">\n\t\t\t\t\t<div class=\"wd-accordion-title\" data-accordion-index=\"0\">\n\t\t\t\t\t\t<div class=\"wd-accordion-title-text\">\n\t\t\t\t\t\t\t\t\t\t\t\t\t\t<span>\n\t\t\t\t\t\t\t\tJakie metody p\u0142atno\u015bci s\u0105 akceptowane?\t\t\t\t\t\t\t<\/span>\n\t\t\t\t\t\t<\/div>\n\t\t\t\t\t\t<span class=\"wd-accordion-opener\"><\/span>\n\t\t\t\t\t<\/div>\n\n\t\t\t\t\t<div class=\"wd-accordion-content wd-entry-content\" data-accordion-index=\"0\">\n\t\t\t\t\t\t\t\t\t\t\t\t\t\n\t\t\t\t\t\t\t<p>Akceptujemy r\u00f3\u017cne metody p\u0142atno\u015bci, w tym karty kredytowe, karty debetowe, kryptowaluty i inne. Dost\u0119pne metody p\u0142atno\u015bci mo\u017cna znale\u017a\u0107 na stronie kasy.<\/p>\n\t\t\t\t\t\t\t\t\t\t\t\t\t\t\t\t\t\t<\/div>\n\t\t\t\t<\/div>\n\t\t\t\t\t\t\t\n\t\t\t\t<div class=\"wd-accordion-item\">\n\t\t\t\t\t<div class=\"wd-accordion-title\" data-accordion-index=\"1\">\n\t\t\t\t\t\t<div class=\"wd-accordion-title-text\">\n\t\t\t\t\t\t\t\t\t\t\t\t\t\t<span>\n\t\t\t\t\t\t\t\tCzy oferujecie opcj\u0119 p\u0142atno\u015bci przy odbiorze?\t\t\t\t\t\t\t<\/span>\n\t\t\t\t\t\t<\/div>\n\t\t\t\t\t\t<span class=\"wd-accordion-opener\"><\/span>\n\t\t\t\t\t<\/div>\n\n\t\t\t\t\t<div class=\"wd-accordion-content wd-entry-content\" data-accordion-index=\"1\">\n\t\t\t\t\t\t\t\t\t\t\t\t\t\n\t\t\t\t\t\t\t<p>Nie oferujemy p\u0142atno\u015bci przy odbiorze. Aby dokona\u0107 zakupu, musisz u\u017cy\u0107 metody p\u0142atno\u015bci online.<\/p>\n\t\t\t\t\t\t\t\t\t\t\t\t\t\t\t\t\t\t<\/div>\n\t\t\t\t<\/div>\n\t\t\t\t\t\t\t\n\t\t\t\t<div class=\"wd-accordion-item\">\n\t\t\t\t\t<div class=\"wd-accordion-title\" data-accordion-index=\"2\">\n\t\t\t\t\t\t<div class=\"wd-accordion-title-text\">\n\t\t\t\t\t\t\t\t\t\t\t\t\t\t<span>\n\t\t\t\t\t\t\t\tCzy p\u0142atno\u015bci na Twojej stronie s\u0105 bezpieczne?\t\t\t\t\t\t\t<\/span>\n\t\t\t\t\t\t<\/div>\n\t\t\t\t\t\t<span class=\"wd-accordion-opener\"><\/span>\n\t\t\t\t\t<\/div>\n\n\t\t\t\t\t<div class=\"wd-accordion-content wd-entry-content\" data-accordion-index=\"2\">\n\t\t\t\t\t\t\t\t\t\t\t\t\t\n\t\t\t\t\t\t\t<div class=\"T4LgNb\"><div class=\"ToWKne\"><div class=\"OlSOob\"><div class=\"ccvoYb\"><div class=\"zXU7Rb\"><div class=\"akczyd\"><div class=\"X4DQ0 zWsGpc\"><div class=\"vLsFwd bX0Okd\"><p>Tak, wdra\u017camy r\u00f3\u017cne \u015brodki bezpiecze\u0144stwa, takie jak szyfrowanie i przetwarzanie p\u0142atno\u015bci zgodne z PCI. Nasza strona internetowa posiada certyfikat McAfee Secure i certyfikat Google Safe Browsing dla dodatkowego bezpiecze\u0144stwa.<\/p><\/div><\/div><\/div><\/div><\/div><\/div><\/div><\/div>\n\t\t\t\t\t\t\t\t\t\t\t\t\t\t\t\t\t\t<\/div>\n\t\t\t\t<\/div>\n\t\t\t\t\t\t\t\n\t\t\t\t<div class=\"wd-accordion-item\">\n\t\t\t\t\t<div class=\"wd-accordion-title\" data-accordion-index=\"3\">\n\t\t\t\t\t\t<div class=\"wd-accordion-title-text\">\n\t\t\t\t\t\t\t\t\t\t\t\t\t\t<span>\n\t\t\t\t\t\t\t\tJak mog\u0119 uzyska\u0107 dost\u0119p do historii zam\u00f3wie\u0144 po dokonaniu p\u0142atno\u015bci?\t\t\t\t\t\t\t<\/span>\n\t\t\t\t\t\t<\/div>\n\t\t\t\t\t\t<span class=\"wd-accordion-opener\"><\/span>\n\t\t\t\t\t<\/div>\n\n\t\t\t\t\t<div class=\"wd-accordion-content wd-entry-content\" data-accordion-index=\"3\">\n\t\t\t\t\t\t\t\t\t\t\t\t\t\n\t\t\t\t\t\t\t<p>Aby przejrze\u0107 histori\u0119 zam\u00f3wie\u0144 po dokonaniu p\u0142atno\u015bci, zaloguj si\u0119 na swoje konto i przejd\u017a do strony \u201eMoje konto\u201d. W sekcji \u201eHistoria zam\u00f3wie\u0144\u201d mo\u017cesz wy\u015bwietli\u0107 szczeg\u00f3\u0142y p\u0142atno\u015bci i status poprzednich zam\u00f3wie\u0144.<\/p>\n\t\t\t\t\t\t\t\t\t\t\t\t\t\t\t\t\t\t<\/div>\n\t\t\t\t<\/div>\n\t\t\t\t\t\t\t\n\t\t\t\t<div class=\"wd-accordion-item\">\n\t\t\t\t\t<div class=\"wd-accordion-title\" data-accordion-index=\"4\">\n\t\t\t\t\t\t<div class=\"wd-accordion-title-text\">\n\t\t\t\t\t\t\t\t\t\t\t\t\t\t<span>\n\t\t\t\t\t\t\t\tCzy mog\u0119 u\u017cy\u0107 kodu rabatowego lub karty podarunkowej przy kasie?\t\t\t\t\t\t\t<\/span>\n\t\t\t\t\t\t<\/div>\n\t\t\t\t\t\t<span class=\"wd-accordion-opener\"><\/span>\n\t\t\t\t\t<\/div>\n\n\t\t\t\t\t<div class=\"wd-accordion-content wd-entry-content\" data-accordion-index=\"4\">\n\t\t\t\t\t\t\t\t\t\t\t\t\t\n\t\t\t\t\t\t\t<p>Tak, mo\u017cesz wpisa\u0107 kod rabatowy lub dane karty podarunkowej na stronie kasy, aby otrzyma\u0107 zni\u017ck\u0119.<\/p>\n\t\t\t\t\t\t\t\t\t\t\t\t\t\t\t\t\t\t<\/div>\n\t\t\t\t<\/div>\n\t\t\t\t\t\t\t\n\t\t\t\t<div class=\"wd-accordion-item\">\n\t\t\t\t\t<div class=\"wd-accordion-title\" data-accordion-index=\"5\">\n\t\t\t\t\t\t<div class=\"wd-accordion-title-text\">\n\t\t\t\t\t\t\t\t\t\t\t\t\t\t<span>\n\t\t\t\t\t\t\t\tCo to jest jednorazowy waporyzator?\t\t\t\t\t\t\t<\/span>\n\t\t\t\t\t\t<\/div>\n\t\t\t\t\t\t<span class=\"wd-accordion-opener\"><\/span>\n\t\t\t\t\t<\/div>\n\n\t\t\t\t\t<div class=\"wd-accordion-content wd-entry-content\" data-accordion-index=\"5\">\n\t\t\t\t\t\t\t\t\t\t\t\t\t\n\t\t\t\t\t\t\t<p dir=\"auto\">Jednorazowe waporyzatorzy, znany r\u00f3wnie\u017c jako jednorazowy waporyzator, to kompaktowe, gotowe do u\u017cycia urz\u0105dzenie do waporyzowania. Jest fabrycznie nape\u0142niony e-liquidem i ma wbudowan\u0105 bateri\u0119. Gdy e-liquid si\u0119 wyczerpie lub wyczerpie si\u0119 bateria, urz\u0105dzenie zostanie wyrzucone. Jest idealny dla pocz\u0105tkuj\u0105cych lub vaper\u00f3w poszukuj\u0105cych wygodnego, przeno\u015bnego rozwi\u0105zania do waporyzacji.<\/p>\n\t\t\t\t\t\t\t\t\t\t\t\t\t\t\t\t\t\t<\/div>\n\t\t\t\t<\/div>\n\t\t\t\t\t\t\t\n\t\t\t\t<div class=\"wd-accordion-item\">\n\t\t\t\t\t<div class=\"wd-accordion-title\" data-accordion-index=\"6\">\n\t\t\t\t\t\t<div class=\"wd-accordion-title-text\">\n\t\t\t\t\t\t\t\t\t\t\t\t\t\t<span>\n\t\t\t\t\t\t\t\tDlaczego warto kupowa\u0107 od VapeEnjoy?\t\t\t\t\t\t\t<\/span>\n\t\t\t\t\t\t<\/div>\n\t\t\t\t\t\t<span class=\"wd-accordion-opener\"><\/span>\n\t\t\t\t\t<\/div>\n\n\t\t\t\t\t<div class=\"wd-accordion-content wd-entry-content\" data-accordion-index=\"6\">\n\t\t\t\t\t\t\t\t\t\t\t\t\t\n\t\t\t\t\t\t\t<p dir=\"auto\">W VapeEnjoy traktujemy priorytetowo Twoje wra\u017cenia z wapowania:<\/p><ul dir=\"auto\"><li><strong>szeroki wyb\u00f3r<\/strong>: Najlepsze marki, takie jak Elf Bar, Jnr i Al Fakher.<\/li><li><strong>szybka wysy\u0142ka<\/strong>: Zam\u00f3wienia z\u0142o\u017cone do godziny 15:00 s\u0105 zazwyczaj wysy\u0142ane tego samego dnia.<\/li><li><strong>gratis<\/strong>: Na zam\u00f3wienia powy\u017cej 50 euro.<\/li><li><strong>Bezpieczne p\u0142atno\u015bci<\/strong>: PayPal, Klarna, karty kredytowe i inne.<\/li><li><strong>Dedykowane wsparcie<\/strong>: Nasz zesp\u00f3\u0142 jest dost\u0119pny przez e-mail, telefon lub czat na \u017cywo.<\/li><li><strong>Zaufana jako\u015b\u0107<\/strong>: Autentyczne produkty od wiarygodnych producent\u00f3w.<\/li><\/ul>\n\t\t\t\t\t\t\t\t\t\t\t\t\t\t\t\t\t\t<\/div>\n\t\t\t\t<\/div>\n\t\t\t\t\t<\/div>\n\t\t\t\t\t\t<\/div>\n\t\t\t\t<\/div>\n\t\t\t\t\t<\/div>\n\t\t\t\t<\/div>\n\t\t<div class=\"wd-negative-gap elementor-element elementor-element-abfd9b9 e-flex e-con-boxed e-con e-parent\" data-id=\"abfd9b9\" data-element_type=\"container\">\n\t\t\t\t\t<div class=\"e-con-inner\">\n\t\t\t\t<div class=\"elementor-element elementor-element-1c16a1c elementor-widget elementor-widget-wd_image_or_svg\" data-id=\"1c16a1c\" data-element_type=\"widget\" data-widget_type=\"wd_image_or_svg.default\">\n\t\t\t\t<div class=\"elementor-widget-container\">\n\t\t\t\t\t\n\t\t<div class=\"wd-image text-left\">\n\t\t\t\t\t\t\t<a  href=\"https:\/\/vapeenjoy.com\/\" aria-label=\"Image link\">\n\t\t\t\t\t\t\t\t<img decoding=\"async\" width=\"100\" height=\"100\" src=\"https:\/\/vapeenjoy.com\/wp-content\/uploads\/2025\/08\/cropped-\u56fe\u6807-3-100x100.png\" class=\"attachment-100x100 size-100x100\" alt=\"skutkowaty\" srcset=\"https:\/\/vapeenjoy.com\/wp-content\/uploads\/2025\/08\/cropped-\u56fe\u6807-3-100x100.png 100w, https:\/\/vapeenjoy.com\/wp-content\/uploads\/2025\/08\/cropped-\u56fe\u6807-3-300x300.png 300w, https:\/\/vapeenjoy.com\/wp-content\/uploads\/2025\/08\/cropped-\u56fe\u6807-3-150x150.png 150w, https:\/\/vapeenjoy.com\/wp-content\/uploads\/2025\/08\/cropped-\u56fe\u6807-3-270x270.png 270w, https:\/\/vapeenjoy.com\/wp-content\/uploads\/2025\/08\/cropped-\u56fe\u6807-3-192x192.png 192w, https:\/\/vapeenjoy.com\/wp-content\/uploads\/2025\/08\/cropped-\u56fe\u6807-3-180x180.png 180w, https:\/\/vapeenjoy.com\/wp-content\/uploads\/2025\/08\/cropped-\u56fe\u6807-3-32x32.png 32w, https:\/\/vapeenjoy.com\/wp-content\/uploads\/2025\/08\/cropped-\u56fe\u6807-3-40x40.png 40w, https:\/\/vapeenjoy.com\/wp-content\/uploads\/2025\/08\/cropped-\u56fe\u6807-3-50x50.png 50w, https:\/\/vapeenjoy.com\/wp-content\/uploads\/2025\/08\/cropped-\u56fe\u6807-3-80x80.png 80w, https:\/\/vapeenjoy.com\/wp-content\/uploads\/2025\/08\/cropped-\u56fe\u6807-3-120x120.png 120w, https:\/\/vapeenjoy.com\/wp-content\/uploads\/2025\/08\/cropped-\u56fe\u6807-3.png 512w\" sizes=\"(max-width: 100px) 100vw, 100px\" \/>\t\t\t\t\t\t\t<\/a>\n\t\t\t\t\t<\/div>\n\n\t\t\t\t\t\t<\/div>\n\t\t\t\t<\/div>\n\t\t\t\t<div class=\"elementor-element elementor-element-13c7053 color-scheme-inherit text-left elementor-widget elementor-widget-text-editor\" data-id=\"13c7053\" data-element_type=\"widget\" data-widget_type=\"text-editor.default\">\n\t\t\t\t\t\t\t\t\t<h3>Je\u015bli masz dodatkowe pytania, prosz\u0119 o <a class=\"contact-btn\" href=\"https:\/\/vapeenjoy.com\/contact-us\/\">Skontaktuj si\u0119 z na<\/a>\u00a0przez e-mail lub WhatsApp.<\/h3>\t\t\t\t\t\t\t\t<\/div>\n\t\t\t\t\t<\/div>\n\t\t\t\t<\/div>\n\t\t\t\t<\/div>","protected":false},"excerpt":{"rendered":"<p>Vapeenjoy FAQ What payment methods are accepted? We accept a variety of payment methods, including credit cards, debit cards, cryptocurrencies,<\/p>","protected":false},"author":1,"featured_media":0,"parent":0,"menu_order":0,"comment_status":"closed","ping_status":"closed","template":"","meta":{"footnotes":""},"class_list":["post-1961","page","type-page","status-publish","hentry"],"yoast_head":"<!-- This site is optimized with the Yoast SEO plugin v25.7 - https:\/\/yoast.com\/wordpress\/plugins\/seo\/ -->\n<title>Vapeenjoy FAQ - Vape Usage &amp; Buying Guide | Vapeenjoy<\/title>\n<meta name=\"description\" content=\"Answers to your Vapeenjoy Vape questions! Get usage tips and buying advice on our Vapeenjoy FAQ page for a better vaping experience.\" \/>\n<meta name=\"robots\" content=\"index, follow, max-snippet:-1, max-image-preview:large, max-video-preview:-1\" \/>\n<link rel=\"canonical\" href=\"https:\/\/vapeenjoy.com\/pl\/najczesciej-zadawane-pytania\/\" \/>\n<meta property=\"og:locale\" content=\"pl_PL\" \/>\n<meta property=\"og:type\" content=\"article\" \/>\n<meta property=\"og:title\" content=\"Vapeenjoy FAQ - Vape Usage &amp; Buying Guide | Vapeenjoy\" \/>\n<meta property=\"og:description\" content=\"Answers to your Vapeenjoy Vape questions! Get usage tips and buying advice on our Vapeenjoy FAQ page for a better vaping experience.\" \/>\n<meta property=\"og:url\" content=\"https:\/\/vapeenjoy.com\/pl\/najczesciej-zadawane-pytania\/\" \/>\n<meta property=\"og:site_name\" content=\"vapeenjoy\" \/>\n<meta property=\"article:modified_time\" content=\"2025-08-26T08:27:47+00:00\" \/>\n<meta name=\"twitter:card\" content=\"summary_large_image\" \/>\n<meta name=\"twitter:label1\" content=\"Szacowany czas czytania\" \/>\n\t<meta name=\"twitter:data1\" content=\"2 minuty\" \/>\n<script type=\"application\/ld+json\" class=\"yoast-schema-graph\">{\"@context\":\"https:\/\/schema.org\",\"@graph\":[{\"@type\":\"WebPage\",\"@id\":\"https:\/\/vapeenjoy.com\/vapeenjoy-faq\/\",\"url\":\"https:\/\/vapeenjoy.com\/vapeenjoy-faq\/\",\"name\":\"Vapeenjoy FAQ - Vape Usage & Buying Guide | Vapeenjoy\",\"isPartOf\":{\"@id\":\"https:\/\/vapeenjoy.com\/#website\"},\"datePublished\":\"2025-08-11T06:57:48+00:00\",\"dateModified\":\"2025-08-26T08:27:47+00:00\",\"description\":\"Answers to your Vapeenjoy Vape questions! Get usage tips and buying advice on our Vapeenjoy FAQ page for a better vaping experience.\",\"breadcrumb\":{\"@id\":\"https:\/\/vapeenjoy.com\/vapeenjoy-faq\/#breadcrumb\"},\"inLanguage\":\"pl-PL\",\"potentialAction\":[{\"@type\":\"ReadAction\",\"target\":[\"https:\/\/vapeenjoy.com\/vapeenjoy-faq\/\"]}]},{\"@type\":\"BreadcrumbList\",\"@id\":\"https:\/\/vapeenjoy.com\/vapeenjoy-faq\/#breadcrumb\",\"itemListElement\":[{\"@type\":\"ListItem\",\"position\":1,\"name\":\"Home\",\"item\":\"https:\/\/vapeenjoy.com\/\"},{\"@type\":\"ListItem\",\"position\":2,\"name\":\"Vapeenjoy FAQ\"}]},{\"@type\":\"WebSite\",\"@id\":\"https:\/\/vapeenjoy.com\/#website\",\"url\":\"https:\/\/vapeenjoy.com\/\",\"name\":\"vapeenjoy\",\"description\":\"An online store for selling vapes\",\"potentialAction\":[{\"@type\":\"SearchAction\",\"target\":{\"@type\":\"EntryPoint\",\"urlTemplate\":\"https:\/\/vapeenjoy.com\/?s={search_term_string}\"},\"query-input\":{\"@type\":\"PropertyValueSpecification\",\"valueRequired\":true,\"valueName\":\"search_term_string\"}}],\"inLanguage\":\"pl-PL\"}]}<\/script>\n<!-- \/ Yoast SEO plugin. -->","yoast_head_json":{"title":"FAQ VapeEJoy - Przewodnik po u\u017cyciu i zakupie Vape | VapeEnjoy","description":"Odpowiedzi na pytania VapeEnjoy Vape! Uzyskaj wskaz\u00f3wki dotycz\u0105ce u\u017cytkowania i porady dotycz\u0105ce zakup\u00f3w na naszej stronie z najcz\u0119\u015bciej zadawanymi pytaniami VapeEJoy, aby uzyska\u0107 lepsze wra\u017cenia z waporyzacji.","robots":{"index":"index","follow":"follow","max-snippet":"max-snippet:-1","max-image-preview":"max-image-preview:large","max-video-preview":"max-video-preview:-1"},"canonical":"https:\/\/vapeenjoy.com\/pl\/najczesciej-zadawane-pytania\/","og_locale":"pl_PL","og_type":"article","og_title":"Vapeenjoy FAQ - Vape Usage & Buying Guide | Vapeenjoy","og_description":"Answers to your Vapeenjoy Vape questions! Get usage tips and buying advice on our Vapeenjoy FAQ page for a better vaping experience.","og_url":"https:\/\/vapeenjoy.com\/pl\/najczesciej-zadawane-pytania\/","og_site_name":"vapeenjoy","article_modified_time":"2025-08-26T08:27:47+00:00","twitter_card":"summary_large_image","twitter_misc":{"Szacowany czas czytania":"2 minuty"},"schema":{"@context":"https:\/\/schema.org","@graph":[{"@type":"WebPage","@id":"https:\/\/vapeenjoy.com\/vapeenjoy-faq\/","url":"https:\/\/vapeenjoy.com\/vapeenjoy-faq\/","name":"FAQ VapeEJoy - Przewodnik po u\u017cyciu i zakupie Vape | VapeEnjoy","isPartOf":{"@id":"https:\/\/vapeenjoy.com\/#website"},"datePublished":"2025-08-11T06:57:48+00:00","dateModified":"2025-08-26T08:27:47+00:00","description":"Odpowiedzi na pytania VapeEnjoy Vape! Uzyskaj wskaz\u00f3wki dotycz\u0105ce u\u017cytkowania i porady dotycz\u0105ce zakup\u00f3w na naszej stronie z najcz\u0119\u015bciej zadawanymi pytaniami VapeEJoy, aby uzyska\u0107 lepsze wra\u017cenia z waporyzacji.","breadcrumb":{"@id":"https:\/\/vapeenjoy.com\/vapeenjoy-faq\/#breadcrumb"},"inLanguage":"pl-PL","potentialAction":[{"@type":"ReadAction","target":["https:\/\/vapeenjoy.com\/vapeenjoy-faq\/"]}]},{"@type":"BreadcrumbList","@id":"https:\/\/vapeenjoy.com\/vapeenjoy-faq\/#breadcrumb","itemListElement":[{"@type":"ListItem","position":1,"name":"Home","item":"https:\/\/vapeenjoy.com\/"},{"@type":"ListItem","position":2,"name":"Vapeenjoy FAQ"}]},{"@type":"WebSite","@id":"https:\/\/vapeenjoy.com\/#website","url":"https:\/\/vapeenjoy.com\/","name":"skutkowaty","description":"Sklep internetowy do sprzeda\u017cy vapes","potentialAction":[{"@type":"SearchAction","target":{"@type":"EntryPoint","urlTemplate":"https:\/\/vapeenjoy.com\/?s={search_term_string}"},"query-input":{"@type":"PropertyValueSpecification","valueRequired":true,"valueName":"search_term_string"}}],"inLanguage":"pl-PL"}]}},"_links":{"self":[{"href":"https:\/\/vapeenjoy.com\/pl\/wp-json\/wp\/v2\/pages\/1961","targetHints":{"allow":["GET"]}}],"collection":[{"href":"https:\/\/vapeenjoy.com\/pl\/wp-json\/wp\/v2\/pages"}],"about":[{"href":"https:\/\/vapeenjoy.com\/pl\/wp-json\/wp\/v2\/types\/page"}],"author":[{"embeddable":true,"href":"https:\/\/vapeenjoy.com\/pl\/wp-json\/wp\/v2\/users\/1"}],"replies":[{"embeddable":true,"href":"https:\/\/vapeenjoy.com\/pl\/wp-json\/wp\/v2\/comments?post=1961"}],"version-history":[{"count":28,"href":"https:\/\/vapeenjoy.com\/pl\/wp-json\/wp\/v2\/pages\/1961\/revisions"}],"predecessor-version":[{"id":2620,"href":"https:\/\/vapeenjoy.com\/pl\/wp-json\/wp\/v2\/pages\/1961\/revisions\/2620"}],"wp:attachment":[{"href":"https:\/\/vapeenjoy.com\/pl\/wp-json\/wp\/v2\/media?parent=1961"}],"curies":[{"name":"wp","href":"https:\/\/api.w.org\/{rel}","templated":true}]}}