{"id":128,"date":"2025-07-17T10:07:57","date_gmt":"2025-07-17T10:07:57","guid":{"rendered":"https:\/\/vapeenjoy.com\/?post_type=product&#038;p=128"},"modified":"2026-01-17T03:24:13","modified_gmt":"2026-01-17T03:24:13","slug":"bang-de-60k-puffs-3-in-1-disposable-vape","status":"publish","type":"product","link":"https:\/\/vapeenjoy.com\/pl\/produkt\/bang-de-60k-puffs-3-w-1-jednorazowe-waporyzator\/","title":{"rendered":"Bang de 60k Puffs 3-w-1 smaki jednorazowe wapory 60 ml 0-5% nikotyna 850mAh bateria"},"content":{"rendered":"<h2>Bang de 60k Puffs 3 w 1 Smaki jednorazowe waporyzator<\/h2>\n<p dir=\"ltr\">Bangvapes, zaufana marka, konsekwentnie dostarcza aromatyczne urz\u0105dzenia o zr\u00f3\u017cnicowanych smakach. W ten spos\u00f3b jednorazowy waporyzator Bang de 60k Puffs 3 w 1 zapewnia wygodn\u0105, d\u0142ugotrwa\u0142\u0105 opcj\u0119. Dodatkowo jego elegancki, 140g konstrukcja zapewnia przeno\u015bno\u015b\u0107 i wygodny chwyt.<\/p>\n<h2>Specyfikacje jednorazowego waporowania Bang de 60k Puffs<\/h2>\n<ul class=\"tight\" dir=\"ltr\" data-tight=\"true\">\n<li>\n<p dir=\"ltr\"><strong>Pojemno\u015b\u0107 dmucha<\/strong>: 60 000 PUFFS, idealne do d\u0142ugotrwa\u0142ego u\u017cytkowania.<\/p>\n<\/li>\n<li>\n<p dir=\"ltr\"><strong>Pojemno\u015b\u0107 e-liquid\u00f3w<\/strong>: 60 ml soli nikotyny, podzielone na trzy komory smakowe.<\/p>\n<\/li>\n<li>\n<p dir=\"ltr\"><strong>Si\u0142a nikotyny<\/strong>: 0%, 2%, 3% lub 5%, dzi\u0119ki czemu u\u017cytkownicy mog\u0105 swobodnie wybiera\u0107.<\/p>\n<\/li>\n<li>\n<p dir=\"ltr\"><strong>bateryjny<\/strong>: 850 mAh, \u0142adowany przez Type-C dla wydajno\u015bci.<\/p>\n<\/li>\n<li>\n<p dir=\"ltr\"><strong>Typ cewki<\/strong>: Podw\u00f3jne cewki siatkowe, wzmacniaj\u0105ce smak i par\u0119.<\/p>\n<\/li>\n<li>\n<p dir=\"ltr\"><strong>zbrojenie<\/strong>: Port typu C, umo\u017cliwiaj\u0105cy szybkie \u0142adowanie.<\/p>\n<\/li>\n<li>\n<p dir=\"ltr\"><strong>SYSTEM PRZY<\/strong>: 3-in-1 (A, B, A+B), umo\u017cliwiaj\u0105ce \u0142atwe prze\u0142\u0105czanie smaku.<\/p>\n<\/li>\n<li>\n<p dir=\"ltr\"><strong>manifest<\/strong>: Inteligentna dioda LED, wyra\u017anie pokazuj\u0105ca liczb\u0119 baterii i zaci\u0105gni\u0119\u0107.<\/p>\n<\/li>\n<li>\n<p dir=\"ltr\"><strong>Styl inhalacji<\/strong>: aktywowany rysowaniem, zapewniaj\u0105c prost\u0105 obs\u0142ug\u0119.<\/p>\n<\/li>\n<\/ul>\n<h2>12 kombinacji smakowych premium<\/h2>\n<ol class=\"tight\" dir=\"ltr\" data-tight=\"true\">\n<li>\n<p dir=\"ltr\"><strong>Lod z arbuza \/ Mi\u0119ta jagodowa<\/strong>: Soczysty arbuz z lodowymi nutami, zmieszany z jagod\u0105 i mi\u0119t\u0105.<\/p>\n<\/li>\n<li>\n<p dir=\"ltr\"><strong>Lod arbuzowy \/ wi\u015bnia jagodowa<\/strong>: Fajny arbuz, w po\u0142\u0105czeniu z jagodami i cierpkimi wi\u015bniami.<\/p>\n<\/li>\n<li>\n<p dir=\"ltr\"><strong>Lod jagodowy \/ Brzoskwinia Mango Arbuz<\/strong>: lodowata jagoda, zmieszana z brzoskwini\u0105, mango i arbuzem.<\/p>\n<\/li>\n<li>\n<p dir=\"ltr\"><strong>Lody jagodowe \/ l\u00f3d brzoskwiniowy<\/strong>: Ch\u0142odna jagoda w po\u0142\u0105czeniu z brzoskwini\u0105 i mentolem.<\/p>\n<\/li>\n<li>\n<p dir=\"ltr\"><strong>Jagoda malina \/ mieszana jagoda<\/strong>: Jagoda i malina, stopione z mieszanymi jagodami.<\/p>\n<\/li>\n<li>\n<p dir=\"ltr\"><strong>malina jagodowa \/ l\u00f3d winogronowy<\/strong>: Jagoda i malina, wzbogacone lodowymi winogronami.<\/p>\n<\/li>\n<li>\n<p dir=\"ltr\"><strong>Red Bull \/ Banan truskawkowy<\/strong>: Bold Red Bull, po\u0142\u0105czony z truskawkami i bananami.<\/p>\n<\/li>\n<li>\n<p dir=\"ltr\"><strong>Arbuz Red Bull \/ Jagodowy<\/strong>: Red Bull, nasycony jagodami i arbuzem.<\/p>\n<\/li>\n<li>\n<p dir=\"ltr\"><strong>Gumka balonowa truskawkowa \/ arbuzowa<\/strong>: Truskawka i mango w po\u0142\u0105czeniu z gum\u0105 do baniek z arbuza.<\/p>\n<\/li>\n<li>\n<p dir=\"ltr\"><strong>Truskawkowe Mango \/ Truskawkowe Kiwi<\/strong>: Truskawka i mango, zmieszane z kiwi.<\/p>\n<\/li>\n<li>\n<p dir=\"ltr\"><strong>Arbuz truskawkowy \/ Lod czarnego smoka<\/strong>: truskawka i arbuz, zmieszane z lodowatym czarnym owocem smoka.<\/p>\n<\/li>\n<li>\n<p dir=\"ltr\"><strong>Arbuz truskawkowy \/ Kiwi Passion Fruit Guava<\/strong>: truskawka i arbuz, zro\u015bni\u0119te z kiwi, marakuj\u0105 i guaw\u0105.<\/p>\n<\/li>\n<\/ol>\n<h2>Cz\u0119sto zadawane pytania<\/h2>\n<ol class=\"tight\" dir=\"ltr\" data-tight=\"true\">\n<li>\n<p dir=\"ltr\"><strong>Jak zmieni\u0107 smaki?<\/strong><br \/>\nWystarczy przesun\u0105\u0107 mechanizm, aby wybra\u0107 smak A, B lub A+B.<\/p>\n<\/li>\n<li>\n<p dir=\"ltr\"><strong>Czy mo\u017cna go \u0142adowa\u0107?<\/strong><br \/>\nRzeczywi\u015bcie, bateria 850 mAh \u0142aduje si\u0119 za pomoc\u0105 typu C w 60-90 minut.<\/p>\n<\/li>\n<li>\n<p dir=\"ltr\"><strong>Czy mog\u0119 nape\u0142ni\u0107 e-liquid?<\/strong><br \/>\nNie, jest to jednorazowe jednorazowe waporyzowanie dla wygody.<\/p>\n<\/li>\n<li>\n<p dir=\"ltr\"><strong>Jak sprawdzi\u0107 liczb\u0119 baterii lub zaci\u0105gni\u0119\u0107?<\/strong><br \/>\nWygodnie, ekran LED wy\u015bwietla dane dotycz\u0105ce baterii i zaci\u0105gni\u0119cia.<\/p>\n<\/li>\n<li>\n<p dir=\"ltr\"><strong>Jakie mocne strony nikotyny s\u0105 dost\u0119pne?<\/strong><br \/>\nW szczeg\u00f3lno\u015bci wybierz spo\u015br\u00f3d 0%, 2%, 3% lub 5%.<\/p>\n<\/li>\n<li>\n<p dir=\"ltr\"><strong>Jak wybra\u0107 smak?<\/strong><br \/>\nNa przyk\u0142ad spr\u00f3buj mieszanek owocowych, takich jak arbuz truskawkowy. Alternatywnie, wybierz odwa\u017cne smaki, takie jak Red Bull. Co wi\u0119cej, eksperymentuj z trybami A, B lub A+B.<\/p>\n<\/li>\n<\/ol>\n<p><img fetchpriority=\"high\" decoding=\"async\" class=\"alignnone wp-image-132 size-full\" style=\"color: #333333; font-size: 16px;\" src=\"https:\/\/vapeenjoy.com\/wp-content\/uploads\/2025\/07\/bang-de-60k-e1756194308575.jpg\" alt=\"Bang de 60k Puffs 3 w 1 jednorazowe smaki waporyzacyjne\" width=\"1200\" height=\"1420\" srcset=\"https:\/\/vapeenjoy.com\/wp-content\/uploads\/2025\/07\/bang-de-60k-e1756194308575.jpg 1200w, https:\/\/vapeenjoy.com\/wp-content\/uploads\/2025\/07\/bang-de-60k-e1756194308575-150x178.jpg 150w, https:\/\/vapeenjoy.com\/wp-content\/uploads\/2025\/07\/bang-de-60k-e1756194308575-254x300.jpg 254w, https:\/\/vapeenjoy.com\/wp-content\/uploads\/2025\/07\/bang-de-60k-e1756194308575-865x1024.jpg 865w, https:\/\/vapeenjoy.com\/wp-content\/uploads\/2025\/07\/bang-de-60k-e1756194308575-768x909.jpg 768w, https:\/\/vapeenjoy.com\/wp-content\/uploads\/2025\/07\/bang-de-60k-e1756194308575-10x12.jpg 10w\" sizes=\"(max-width: 1200px) 100vw, 1200px\" \/><\/p>","protected":false},"excerpt":{"rendered":"<p dir=\"ltr\" data-pm-slice=\"1 1 []\">Bangvapes dostarcza niezawodne rozwi\u0105zania do wapowania dzi\u0119ki jednorazowemu waporyzatorowi Bang de 60K Puffs 3 w 1. To eleganckie urz\u0105dzenie oferuje 60 000 zaci\u0105gni\u0119\u0107, 60 ml e-liquidu, opcje nikotyny 0-5%, akumulator o pojemno\u015bci 850 mAh i system smakowy 3 w 1 dla konfigurowalnego, d\u0142ugotrwa\u0142ego waporyzatora.<\/p>","protected":false},"featured_media":131,"comment_status":"open","ping_status":"closed","template":"","meta":[],"product_brand":[16],"product_cat":[19],"product_tag":[64,63],"class_list":{"0":"post-128","1":"product","2":"type-product","3":"status-publish","4":"has-post-thumbnail","6":"product_brand-bang-vape","7":"product_cat-60000-puffs-vape","8":"product_tag-0-5-nicotine","9":"product_tag-60ml","11":"first","12":"instock","13":"sale","14":"shipping-taxable","15":"purchasable","16":"product-type-variable"},"yoast_head":"<!-- This site is optimized with the Yoast SEO plugin v25.7 - https:\/\/yoast.com\/wordpress\/plugins\/seo\/ -->\n<title>Bang De 60K Puffs 3-in-1 Disposable Vape 60ml 0-5% Nicotine<\/title>\n<meta name=\"description\" content=\"Bang De 60K Puffs 3-in-1 Disposable Vape: 60ml e-liquid, 0-5% nicotine, 850mAh battery. Triple flavors, dual coils, LED display. Shop now!\" \/>\n<meta name=\"robots\" content=\"index, follow, max-snippet:-1, max-image-preview:large, max-video-preview:-1\" \/>\n<link rel=\"canonical\" href=\"https:\/\/vapeenjoy.com\/pl\/produkt\/bang-de-60k-puffs-3-w-1-jednorazowe-waporyzator\/\" \/>\n<meta property=\"og:locale\" content=\"pl_PL\" \/>\n<meta property=\"og:type\" content=\"article\" \/>\n<meta property=\"og:title\" content=\"Bang De 60K Puffs 3-in-1 Disposable Vape 60ml 0-5% Nicotine\" \/>\n<meta property=\"og:description\" content=\"Bang De 60K Puffs 3-in-1 Disposable Vape: 60ml e-liquid, 0-5% nicotine, 850mAh battery. Triple flavors, dual coils, LED display. Shop now!\" \/>\n<meta property=\"og:url\" content=\"https:\/\/vapeenjoy.com\/pl\/produkt\/bang-de-60k-puffs-3-w-1-jednorazowe-waporyzator\/\" \/>\n<meta property=\"og:site_name\" content=\"vapeenjoy\" \/>\n<meta property=\"article:modified_time\" content=\"2026-01-17T03:24:13+00:00\" \/>\n<meta property=\"og:image\" content=\"https:\/\/vapeenjoy.com\/wp-content\/uploads\/2025\/07\/bang-de-60k-puffs.jpg\" \/>\n\t<meta property=\"og:image:width\" content=\"1000\" \/>\n\t<meta property=\"og:image:height\" content=\"1000\" \/>\n\t<meta property=\"og:image:type\" content=\"image\/jpeg\" \/>\n<meta name=\"twitter:card\" content=\"summary_large_image\" \/>\n<meta name=\"twitter:label1\" content=\"Szacowany czas czytania\" \/>\n\t<meta name=\"twitter:data1\" content=\"3 minuty\" \/>\n<script type=\"application\/ld+json\" class=\"yoast-schema-graph\">{\"@context\":\"https:\/\/schema.org\",\"@graph\":[{\"@type\":\"WebPage\",\"@id\":\"https:\/\/vapeenjoy.com\/product\/bang-de-60k-puffs-3-in-1-disposable-vape\/\",\"url\":\"https:\/\/vapeenjoy.com\/product\/bang-de-60k-puffs-3-in-1-disposable-vape\/\",\"name\":\"Bang De 60K Puffs 3-in-1 Disposable Vape 60ml 0-5% Nicotine\",\"isPartOf\":{\"@id\":\"https:\/\/vapeenjoy.com\/#website\"},\"primaryImageOfPage\":{\"@id\":\"https:\/\/vapeenjoy.com\/product\/bang-de-60k-puffs-3-in-1-disposable-vape\/#primaryimage\"},\"image\":{\"@id\":\"https:\/\/vapeenjoy.com\/product\/bang-de-60k-puffs-3-in-1-disposable-vape\/#primaryimage\"},\"thumbnailUrl\":\"https:\/\/vapeenjoy.com\/wp-content\/uploads\/2025\/07\/bang-de-60k-puffs.jpg\",\"datePublished\":\"2025-07-17T10:07:57+00:00\",\"dateModified\":\"2026-01-17T03:24:13+00:00\",\"description\":\"Bang De 60K Puffs 3-in-1 Disposable Vape: 60ml e-liquid, 0-5% nicotine, 850mAh battery. Triple flavors, dual coils, LED display. Shop now!\",\"breadcrumb\":{\"@id\":\"https:\/\/vapeenjoy.com\/product\/bang-de-60k-puffs-3-in-1-disposable-vape\/#breadcrumb\"},\"inLanguage\":\"pl-PL\",\"potentialAction\":[{\"@type\":\"ReadAction\",\"target\":[\"https:\/\/vapeenjoy.com\/product\/bang-de-60k-puffs-3-in-1-disposable-vape\/\"]}]},{\"@type\":\"ImageObject\",\"inLanguage\":\"pl-PL\",\"@id\":\"https:\/\/vapeenjoy.com\/product\/bang-de-60k-puffs-3-in-1-disposable-vape\/#primaryimage\",\"url\":\"https:\/\/vapeenjoy.com\/wp-content\/uploads\/2025\/07\/bang-de-60k-puffs.jpg\",\"contentUrl\":\"https:\/\/vapeenjoy.com\/wp-content\/uploads\/2025\/07\/bang-de-60k-puffs.jpg\",\"width\":1000,\"height\":1000},{\"@type\":\"BreadcrumbList\",\"@id\":\"https:\/\/vapeenjoy.com\/product\/bang-de-60k-puffs-3-in-1-disposable-vape\/#breadcrumb\",\"itemListElement\":[{\"@type\":\"ListItem\",\"position\":1,\"name\":\"Home\",\"item\":\"https:\/\/vapeenjoy.com\/\"},{\"@type\":\"ListItem\",\"position\":2,\"name\":\"Shop\",\"item\":\"https:\/\/vapeenjoy.com\/vapeenjoy-shop\/\"},{\"@type\":\"ListItem\",\"position\":3,\"name\":\"Bang De 60K Puffs 3-in-1 Flavors Disposable Vape 60ml 0-5% Nicotine 850mAh battery\"}]},{\"@type\":\"WebSite\",\"@id\":\"https:\/\/vapeenjoy.com\/#website\",\"url\":\"https:\/\/vapeenjoy.com\/\",\"name\":\"vapeenjoy\",\"description\":\"An online store for selling vapes\",\"potentialAction\":[{\"@type\":\"SearchAction\",\"target\":{\"@type\":\"EntryPoint\",\"urlTemplate\":\"https:\/\/vapeenjoy.com\/?s={search_term_string}\"},\"query-input\":{\"@type\":\"PropertyValueSpecification\",\"valueRequired\":true,\"valueName\":\"search_term_string\"}}],\"inLanguage\":\"pl-PL\"}]}<\/script>\n<!-- \/ Yoast SEO plugin. -->","yoast_head_json":{"title":"Bang de 60k Puffs 3-w-1 jednorazowe waporyzator 60ml 0-5% Nikotyna","description":"Bang de 60k Puffs 3-w-1 jednorazowe waporyzator: 60 ml e-liquid, 0-5% Nikotyna, bateria 850mAh. Potr\u00f3jne smaki, podw\u00f3jne cewki, wy\u015bwietlacz LED. Kupuj teraz!","robots":{"index":"index","follow":"follow","max-snippet":"max-snippet:-1","max-image-preview":"max-image-preview:large","max-video-preview":"max-video-preview:-1"},"canonical":"https:\/\/vapeenjoy.com\/pl\/produkt\/bang-de-60k-puffs-3-w-1-jednorazowe-waporyzator\/","og_locale":"pl_PL","og_type":"article","og_title":"Bang De 60K Puffs 3-in-1 Disposable Vape 60ml 0-5% Nicotine","og_description":"Bang De 60K Puffs 3-in-1 Disposable Vape: 60ml e-liquid, 0-5% nicotine, 850mAh battery. Triple flavors, dual coils, LED display. Shop now!","og_url":"https:\/\/vapeenjoy.com\/pl\/produkt\/bang-de-60k-puffs-3-w-1-jednorazowe-waporyzator\/","og_site_name":"vapeenjoy","article_modified_time":"2026-01-17T03:24:13+00:00","og_image":[{"width":1000,"height":1000,"url":"https:\/\/vapeenjoy.com\/wp-content\/uploads\/2025\/07\/bang-de-60k-puffs.jpg","type":"image\/jpeg"}],"twitter_card":"summary_large_image","twitter_misc":{"Szacowany czas czytania":"3 minuty"},"schema":{"@context":"https:\/\/schema.org","@graph":[{"@type":"WebPage","@id":"https:\/\/vapeenjoy.com\/product\/bang-de-60k-puffs-3-in-1-disposable-vape\/","url":"https:\/\/vapeenjoy.com\/product\/bang-de-60k-puffs-3-in-1-disposable-vape\/","name":"Bang de 60k Puffs 3-w-1 jednorazowe waporyzator 60ml 0-5% Nikotyna","isPartOf":{"@id":"https:\/\/vapeenjoy.com\/#website"},"primaryImageOfPage":{"@id":"https:\/\/vapeenjoy.com\/product\/bang-de-60k-puffs-3-in-1-disposable-vape\/#primaryimage"},"image":{"@id":"https:\/\/vapeenjoy.com\/product\/bang-de-60k-puffs-3-in-1-disposable-vape\/#primaryimage"},"thumbnailUrl":"https:\/\/vapeenjoy.com\/wp-content\/uploads\/2025\/07\/bang-de-60k-puffs.jpg","datePublished":"2025-07-17T10:07:57+00:00","dateModified":"2026-01-17T03:24:13+00:00","description":"Bang de 60k Puffs 3-w-1 jednorazowe waporyzator: 60 ml e-liquid, 0-5% Nikotyna, bateria 850mAh. Potr\u00f3jne smaki, podw\u00f3jne cewki, wy\u015bwietlacz LED. Kupuj teraz!","breadcrumb":{"@id":"https:\/\/vapeenjoy.com\/product\/bang-de-60k-puffs-3-in-1-disposable-vape\/#breadcrumb"},"inLanguage":"pl-PL","potentialAction":[{"@type":"ReadAction","target":["https:\/\/vapeenjoy.com\/product\/bang-de-60k-puffs-3-in-1-disposable-vape\/"]}]},{"@type":"ImageObject","inLanguage":"pl-PL","@id":"https:\/\/vapeenjoy.com\/product\/bang-de-60k-puffs-3-in-1-disposable-vape\/#primaryimage","url":"https:\/\/vapeenjoy.com\/wp-content\/uploads\/2025\/07\/bang-de-60k-puffs.jpg","contentUrl":"https:\/\/vapeenjoy.com\/wp-content\/uploads\/2025\/07\/bang-de-60k-puffs.jpg","width":1000,"height":1000},{"@type":"BreadcrumbList","@id":"https:\/\/vapeenjoy.com\/product\/bang-de-60k-puffs-3-in-1-disposable-vape\/#breadcrumb","itemListElement":[{"@type":"ListItem","position":1,"name":"Home","item":"https:\/\/vapeenjoy.com\/"},{"@type":"ListItem","position":2,"name":"Shop","item":"https:\/\/vapeenjoy.com\/vapeenjoy-shop\/"},{"@type":"ListItem","position":3,"name":"Bang De 60K Puffs 3-in-1 Flavors Disposable Vape 60ml 0-5% Nicotine 850mAh battery"}]},{"@type":"WebSite","@id":"https:\/\/vapeenjoy.com\/#website","url":"https:\/\/vapeenjoy.com\/","name":"skutkowaty","description":"Sklep internetowy do sprzeda\u017cy vapes","potentialAction":[{"@type":"SearchAction","target":{"@type":"EntryPoint","urlTemplate":"https:\/\/vapeenjoy.com\/?s={search_term_string}"},"query-input":{"@type":"PropertyValueSpecification","valueRequired":true,"valueName":"search_term_string"}}],"inLanguage":"pl-PL"}]}},"_links":{"self":[{"href":"https:\/\/vapeenjoy.com\/pl\/wp-json\/wp\/v2\/product\/128","targetHints":{"allow":["GET"]}}],"collection":[{"href":"https:\/\/vapeenjoy.com\/pl\/wp-json\/wp\/v2\/product"}],"about":[{"href":"https:\/\/vapeenjoy.com\/pl\/wp-json\/wp\/v2\/types\/product"}],"replies":[{"embeddable":true,"href":"https:\/\/vapeenjoy.com\/pl\/wp-json\/wp\/v2\/comments?post=128"}],"version-history":[{"count":5,"href":"https:\/\/vapeenjoy.com\/pl\/wp-json\/wp\/v2\/product\/128\/revisions"}],"predecessor-version":[{"id":133,"href":"https:\/\/vapeenjoy.com\/pl\/wp-json\/wp\/v2\/product\/128\/revisions\/133"}],"wp:featuredmedia":[{"embeddable":true,"href":"https:\/\/vapeenjoy.com\/pl\/wp-json\/wp\/v2\/media\/131"}],"wp:attachment":[{"href":"https:\/\/vapeenjoy.com\/pl\/wp-json\/wp\/v2\/media?parent=128"}],"wp:term":[{"taxonomy":"product_brand","embeddable":true,"href":"https:\/\/vapeenjoy.com\/pl\/wp-json\/wp\/v2\/product_brand?post=128"},{"taxonomy":"product_cat","embeddable":true,"href":"https:\/\/vapeenjoy.com\/pl\/wp-json\/wp\/v2\/product_cat?post=128"},{"taxonomy":"product_tag","embeddable":true,"href":"https:\/\/vapeenjoy.com\/pl\/wp-json\/wp\/v2\/product_tag?post=128"}],"curies":[{"name":"wp","href":"https:\/\/api.w.org\/{rel}","templated":true}]}}