{"id":173,"date":"2025-07-18T07:42:36","date_gmt":"2025-07-18T07:42:36","guid":{"rendered":"https:\/\/vapeenjoy.com\/?post_type=product&#038;p=173"},"modified":"2025-09-03T07:05:44","modified_gmt":"2025-09-03T07:05:44","slug":"fumot-tornado-25000-puffs-disposable-vape","status":"publish","type":"product","link":"https:\/\/vapeenjoy.com\/pl\/produkt\/fumot-tornado-25000-puffs-jednorazowe-wapory\/","title":{"rendered":"Fumot Tornado 25000 Puffs jednorazowe vape 20ml 2-5% nikotyna Type-C akumulator"},"content":{"rendered":"<h2 dir=\"ltr\" data-pm-slice=\"1 3 []\">Fumot Tornado 25000 Puffs jednorazowe waporyzator Opis produktu<\/h2>\n<p dir=\"ltr\">FUMOT, wiod\u0105ca nazwa w bran\u017cy vaping pod kierunkiem Fumot Tech, jest powszechnie znana ze swoich jednorazowych wapor\u00f3w wysokiej jako\u015bci. W szczeg\u00f3lno\u015bci marka k\u0142adzie nacisk na r\u00f3\u017cnorodno\u015b\u0107 smak\u00f3w i d\u0142ugotrwa\u0142\u0105 wydajno\u015b\u0107. W konsekwencji jednorazowe waporyzator Fumot Tornado 25000 Puffs pojawia si\u0119 jako wyr\u00f3\u017cniaj\u0105ce si\u0119 urz\u0105dzenie, oferuj\u0105c imponuj\u0105c\u0105 liczb\u0119 zaci\u0105gni\u0119\u0107 i elegancki, przyjazny dla u\u017cytkownika design.<\/p>\n<h2 dir=\"ltr\">Projekt i atrakcyjno\u015b\u0107 wizualna<\/h2>\n<p dir=\"ltr\">Ponadto jego kompaktowy, cylindryczny kszta\u0142t jest ozdobiony \u017cywymi kolorami gradientu i zabawn\u0105 grafik\u0105 kosmit\u00f3w. Dodatkowo, diody LED RGB migaj\u0105 z ka\u017cdym zaci\u0105gni\u0119ciem, zwi\u0119kszaj\u0105c tym samym dynamiczny wygl\u0105d urz\u0105dzenia, jednocze\u015bnie p\u0142ynnie uzupe\u0142niaj\u0105c jego solidn\u0105 funkcjonalno\u015b\u0107.<\/p>\n<h2 dir=\"ltr\">Specyfikacje produktu<\/h2>\n<ul class=\"tight\" dir=\"ltr\" data-tight=\"true\">\n<li>\n<p dir=\"ltr\"><strong>Liczba zaci\u0105gni\u0119\u0107<\/strong>: do 25 000 \u2013 zapewnia wyd\u0142u\u017cony czas trwania wapowania, co znacznie zmniejsza potrzeb\u0119 cz\u0119stych wymian i promuje d\u0142u\u017csz\u0105 przyjemno\u015b\u0107.<\/p>\n<\/li>\n<li>\n<p dir=\"ltr\"><strong>Pojemno\u015b\u0107 e-liquid\u00f3w<\/strong>: 20ml \u2013 Nape\u0142niony liquidem sol\u0105 nikotyny, co w konsekwencji zapewnia sp\u00f3jne dostarczanie smaku przez ca\u0142y czas jego stosowania.<\/p>\n<\/li>\n<li>\n<p dir=\"ltr\"><strong>Si\u0142a nikotyny<\/strong>:\u00a0 2%, 3%, 5% \u2013 oferuje wiele opcji, w ten spos\u00f3b odpowiadaj\u0105c r\u00f3\u017cnym preferencjam, od nikotyny do mocniejszych trafie\u0144.<\/p>\n<\/li>\n<li>\n<p dir=\"ltr\"><strong>bateryjny<\/strong>: 700 mAh akumulator \u2013 wyposa\u017cony w akumulator o du\u017cej pojemno\u015bci, kt\u00f3ry obs\u0142uguje rozszerzone u\u017cytkowanie, a ponadto \u0142aduje si\u0119 wygodnie przez port typu C.<\/p>\n<\/li>\n<li>\n<p dir=\"ltr\"><strong>Typ cewki<\/strong>: Dwu\u017cy\u0142owa cewka z podw\u00f3jn\u0105 siatk\u0105 \u2013 zwi\u0119ksza smak i produkcj\u0119 pary, zapewniaj\u0105c w ten spos\u00f3b bogaty smak i g\u0119ste chmury z ka\u017cdym zaci\u0105gni\u0119ciem.<\/p>\n<\/li>\n<li>\n<p dir=\"ltr\"><strong>przelotny powietrze<\/strong>: Regulacja \u2013 pozwala u\u017cytkownikom dostosowa\u0107 intensywno\u015b\u0107 rysowania, p\u0142ynnie przechodz\u0105c od ciasnego zaci\u0105gni\u0119cia usta do p\u0142uca na bardziej otwarty przep\u0142yw powietrza.<\/p>\n<\/li>\n<li>\n<p dir=\"ltr\"><strong>manifest<\/strong>: 1,77-calowy ekran TFT - wyposa\u017cony w ekran o wysokiej rozdzielczo\u015bci, wyra\u017anie wy\u015bwietlaj\u0105cy poziomy baterii i e-liquid\u00f3w w czasie rzeczywistym do monitorowania bez wysi\u0142ku.<\/p>\n<\/li>\n<li>\n<p dir=\"ltr\"><strong>aktywacja<\/strong>: Draw-Activated \u2013 upraszcza prac\u0119 z mechanizmem aktywowanym wdechem, eliminuj\u0105c w ten spos\u00f3b potrzeb\u0119 stosowania przycisk\u00f3w lub z\u0142o\u017conych ustawie\u0144.<\/p>\n<\/li>\n<li>\n<p dir=\"ltr\"><strong>system wag<\/strong>: 130 gram\u00f3w - lekkie i przeno\u015bne, dzi\u0119ki czemu idealnie nadaje si\u0119 do codziennego u\u017cytku.<\/p>\n<\/li>\n<li>\n<p dir=\"ltr\"><strong>zbrojenie<\/strong>: Port typu C \u2013 obs\u0142uguje szybkie \u0142adowanie, minimalizuj\u0105c w ten spos\u00f3b przestoje i zapewniaj\u0105c, \u017ce urz\u0105dzenie jest gotowe do u\u017cycia.<\/p>\n<\/li>\n<li>\n<p dir=\"ltr\"><strong>Efekt wizualny<\/strong>: \u015awiat\u0142a RGB LED \u2013 kolorowe \u015bwiat\u0142a \u015bwiec\u0105 przy ka\u017cdym zaci\u0105gni\u0119ciu, co jeszcze bardziej zwi\u0119ksza estetyk\u0119 urz\u0105dzenia.<\/p>\n<\/li>\n<\/ul>\n<h2 dir=\"ltr\">24 opcje smakowe dla ka\u017cdego podniebienia<\/h2>\n<h3 dir=\"ltr\">Smaki owocowe<\/h3>\n<ol class=\"tight\" dir=\"ltr\" data-tight=\"true\">\n<li>\n<p dir=\"ltr\"><strong>l\u00f3d banan<\/strong> \u2013 Kremowy banan o ch\u0142odnym, lodowatym wyko\u0144czeniu, zapewniaj\u0105cy g\u0142adki i orze\u017awiaj\u0105cy waporyzator.<\/p>\n<\/li>\n<li>\n<p dir=\"ltr\"><strong>Arbuz truskawkowy<\/strong> \u2013 S\u0142odkie truskawki zmieszane z soczystym arbuzem, tworz\u0105c w ten spos\u00f3b orze\u017awiaj\u0105c\u0105, owocow\u0105 burst\u0119.<\/p>\n<\/li>\n<li>\n<p dir=\"ltr\"><strong>malina jagodowa<\/strong> \u2013 S\u0142odkie jagody w po\u0142\u0105czeniu z tart\u0105 malin\u0105, co daje \u017cyw\u0105 mieszank\u0119 jag\u00f3d.<\/p>\n<\/li>\n<li>\n<p dir=\"ltr\"><strong>Soczysty l\u00f3d brzoskwiniowy<\/strong> \u2013 Dojrza\u0142a brzoskwinia z ch\u0142odz\u0105cym wyko\u0144czeniem mentolowym, w konsekwencji oferuj\u0105ca s\u0142odki i orze\u017awiaj\u0105cy hit.<\/p>\n<\/li>\n<li>\n<p dir=\"ltr\"><strong>truskawkowe mango<\/strong> \u2013 S\u0142odkie truskawki w po\u0142\u0105czeniu z tropikalnym mango, co daje soczyst\u0105, egzotyczn\u0105 mieszank\u0119.<\/p>\n<\/li>\n<li>\n<p dir=\"ltr\"><strong>Arbuz z brzoskwiniowego mango<\/strong> \u2013 Tropikalne trio brzoskwini, mango i arbuza, zapewniaj\u0105c w ten spos\u00f3b s\u0142odki, wielowarstwowy smak.<\/p>\n<\/li>\n<li>\n<p dir=\"ltr\"><strong>kiwi marakuja guawa<\/strong> \u2013 Tropikalne trio kiwi, marakacje i guawy, tworz\u0105c w ten spos\u00f3b egzotyczny, soczysty waporyzator.<\/p>\n<\/li>\n<\/ol>\n<h3 dir=\"ltr\">Smaki mentolowe i ch\u0142odz\u0105ce<\/h3>\n<ol class=\"tight\" dir=\"ltr\" start=\"8\" data-tight=\"true\">\n<li>\n<p dir=\"ltr\"><strong>Miami Mi\u0119ta<\/strong> \u2013 Chrupi\u0105ca, orze\u017awiaj\u0105ca mi\u0119ta, w konsekwencji zapewniaj\u0105ca czysto\u015b\u0107 i rewitalizuj\u0105ce uczucie.<\/p>\n<\/li>\n<li>\n<p dir=\"ltr\"><strong>czarny l\u00f3d<\/strong> \u2013 Odwa\u017cne nuty je\u017cynowe z mro\u017c\u0105cym nut\u0105 mentolu, zapewniaj\u0105c w ten spos\u00f3b orze\u017awiaj\u0105cy waporyzator.<\/p>\n<\/li>\n<li>\n<p dir=\"ltr\"><strong>l\u00f3d arbuzowy<\/strong> \u2013 Soczysty arbuz z ch\u0142odnym wydechem mentolowym, zapewniaj\u0105c tym samym chrupi\u0105cy i nawil\u017caj\u0105cy waporyzator.<\/p>\n<\/li>\n<li>\n<p dir=\"ltr\"><strong>Jagoda na lodzie<\/strong> \u2013 Soczyste jagody z mro\u017anym wyko\u0144czeniem mentolowym, w konsekwencji oferuj\u0105ce ch\u0142odne, owocowe waporyzator.<\/p>\n<\/li>\n<li>\n<p dir=\"ltr\"><strong>l\u00f3d truskawkowy<\/strong> \u2013 Dojrza\u0142e truskawki z ch\u0142odnym wydechem mentolowym, zapewniaj\u0105c tym samym s\u0142odki i ch\u0142odny hit.<\/p>\n<\/li>\n<li>\n<p dir=\"ltr\"><strong>Lush lodu<\/strong> \u2013 S\u0142odki arbuz z m\u0105dr\u0105 mentol, zapewniaj\u0105c w ten spos\u00f3b orze\u017awiaj\u0105cy, chrupi\u0105cy waporyzator.<\/p>\n<\/li>\n<li>\n<p dir=\"ltr\"><strong>l\u00f3d ananasowy<\/strong> \u2013 Tropikalny ananas z ch\u0142odn\u0105 mentolow\u0105 bryz\u0105, co daje pikantny, orze\u017awiaj\u0105cy smak.<\/p>\n<\/li>\n<li>\n<p dir=\"ltr\"><strong>l\u00f3d winog<\/strong> \u2013 S\u0142odkie winogrona z mro\u017anym mentolowym kopni\u0119ciem, w konsekwencji dostarczaj\u0105c odwa\u017cny, ch\u0142odz\u0105cy waporyzator.<\/p>\n<\/li>\n<\/ol>\n<h3 dir=\"ltr\">Cukierki i s\u0142odkie smaki<\/h3>\n<ol class=\"tight\" dir=\"ltr\" start=\"16\" data-tight=\"true\">\n<li>\n<p dir=\"ltr\"><strong>bia\u0142y gumowaty l\u00f3d<\/strong> \u2013 S\u0142odkie gumowate cukierki z mro\u017anym akcentem, przypominaj\u0105ce bia\u0142e gumowate misie.<\/p>\n<\/li>\n<li>\n<p dir=\"ltr\"><strong>lemoniada r\u00f3\u017cowa<\/strong> \u2013 S\u0142odko-cierpowa lemoniada z nutami jagodowymi, tworz\u0105ca letni, pikantny waporyzator.<\/p>\n<\/li>\n<li>\n<p dir=\"ltr\"><strong>Tropikalny wybuch t\u0119czy<\/strong> \u2013 \u017bywa mieszanka owoc\u00f3w tropikalnych ze s\u0142odycz\u0105 s\u0142odycz\u0105, w konsekwencji oferuj\u0105ca kolorow\u0105 eksplozj\u0119 smakow\u0105.<\/p>\n<\/li>\n<li>\n<p dir=\"ltr\"><strong>Cukierki truskawkowe mi\u0119towe<\/strong> \u2013 S\u0142odka truskawka z mi\u0119towym cukierkiem, zapewniaj\u0105c tym samym zabawny, orze\u017awiaj\u0105cy smak.<\/p>\n<\/li>\n<\/ol>\n<h3 dir=\"ltr\">Unikalne i odwa\u017cne smaki<\/h3>\n<ol class=\"tight\" dir=\"ltr\" start=\"20\" data-tight=\"true\">\n<li>\n<p dir=\"ltr\"><strong>Bomba wi\u015bni<\/strong> \u2013 Odwa\u017cna, soczysta wi\u015bnia z cierpkim brzegiem, zapewniaj\u0105ca bogaty, owocowy waporyzator.<\/p>\n<\/li>\n<li>\n<p dir=\"ltr\"><strong>cytryna<\/strong> \u2013 Pikantna cytryna w po\u0142\u0105czeniu ze s\u0142odkim winogronem, tworz\u0105c w ten spos\u00f3b odwa\u017cn\u0105, cytrusowo-owocow\u0105 mieszank\u0119.<\/p>\n<\/li>\n<li>\n<p dir=\"ltr\"><strong>podw\u00f3jne jab\u0142ko<\/strong> \u2013 chrupi\u0105ce zielone i czerwone jab\u0142ka, co daje zr\u00f3wnowa\u017cony, \u015bwie\u017cy smak sadu.<\/p>\n<\/li>\n<li>\n<p dir=\"ltr\"><strong>DR Niebieski<\/strong> \u2013 Tajemnicza mieszanka niebieskich owoc\u00f3w, oferuj\u0105ca s\u0142odki i lekko cierpki profil.<\/p>\n<\/li>\n<li>\n<p dir=\"ltr\"><strong>Kola wi\u015bniowa<\/strong> \u2013 S\u0142odka wi\u015bnia i fizzy cola, co daje nostalgiczny, inspirowany napojem smakowym smak.<\/p>\n<\/li>\n<\/ol>\n<h2 dir=\"ltr\">Cz\u0119sto zadawane pytania (FAQ)<\/h2>\n<ol dir=\"ltr\">\n<li>\n<p dir=\"ltr\"><strong>Jak d\u0142ugo trwa Fumot Tornado 25000?<\/strong><br \/>\nPrzy 25 000 zaci\u0105gni\u0119\u0107 zwykle trwa 2-4 tygodnie dla umiarkowanych vaper\u00f3w lub 1-2 tygodnie dla ci\u0119\u017cszych u\u017cytkownik\u00f3w, w zale\u017cno\u015bci od wzorc\u00f3w u\u017cytkowania.<\/p>\n<\/li>\n<li>\n<p dir=\"ltr\"><strong>Czy Fumot Tornado 25000 mo\u017ce by\u0107 \u0142adowany?<\/strong><br \/>\nTak, ma port typu C, co pozwala u\u017cytkownikom na\u0142adowa\u0107 bateri\u0119 700 mAh i w pe\u0142ni wykorzysta\u0107 20 ml e-liquidu.<\/p>\n<\/li>\n<li>\n<p dir=\"ltr\"><strong>Czy przep\u0142yw powietrza jest regulowany?<\/strong><br \/>\nRzeczywi\u015bcie, regulowany przep\u0142yw powietrza pozwala u\u017cytkownikom dostosowa\u0107 rysowanie, p\u0142ynnie przechodz\u0105c od ciasnego ust do p\u0142uca do otwartego przep\u0142ywu powietrza.<\/p>\n<\/li>\n<li>\n<p dir=\"ltr\"><strong>Czy s\u0105 opcje bez nikotyny?<\/strong><br \/>\nUrz\u0105dzenie oferuje mocne strony nikotyny 2%, 3% i 5%, odpowiadaj\u0105c r\u00f3\u017cnym preferencjam.<\/p>\n<\/li>\n<li>\n<p dir=\"ltr\"><strong>Jak wybra\u0107 odpowiedni smak?<\/strong><br \/>\nW przypadku zachcianek na s\u0142odycze idealne s\u0105 owocowe opcje, takie jak truskawkowy arbuz lub guawa z marakui Kiwi. Alternatywnie, Miami Mint lub Black Ice zapewniaj\u0105 orze\u017awiaj\u0105ce mentolowe kopa, a bia\u0142y gumowaty l\u00f3d oferuje zabawny cukierek.<\/p>\n<\/li>\n<li>\n<p dir=\"ltr\"><strong>Czy urz\u0105dzenie przecieka?<\/strong><br \/>\nNie, jest on zaprojektowany z uszczelnion\u0105 komor\u0105 e-liquidow\u0105, co w konsekwencji zapobiega wyciekom, zapewniaj\u0105c czyste i niezawodne waporyzacja.<\/p>\n<\/li>\n<li>\n<p dir=\"ltr\"><strong>Jak dzia\u0142a ekran wy\u015bwietlacza?<\/strong><br \/>\n1,77-calowy ekran TFT wyra\u017anie wy\u015bwietla poziomy baterii i e-liquid\u00f3w w czasie rzeczywistym, upraszczaj\u0105c tym samym monitorowanie u\u017cytkowania i planowanie do\u0142adowania.<\/p>\n<\/li>\n<\/ol>\n<p><img fetchpriority=\"high\" decoding=\"async\" class=\"alignnone wp-image-178 size-full\" src=\"https:\/\/vapeenjoy.com\/wp-content\/uploads\/2025\/07\/Movkin-Tornado-25000-Disposable-Flavors.webp\" alt=\"Fumot Tornado 25000 Puffs jednorazowe smaki waporyzacyjne\" width=\"966\" height=\"449\" srcset=\"https:\/\/vapeenjoy.com\/wp-content\/uploads\/2025\/07\/Movkin-Tornado-25000-Disposable-Flavors.webp 966w, https:\/\/vapeenjoy.com\/wp-content\/uploads\/2025\/07\/Movkin-Tornado-25000-Disposable-Flavors-150x70.webp 150w, https:\/\/vapeenjoy.com\/wp-content\/uploads\/2025\/07\/Movkin-Tornado-25000-Disposable-Flavors-600x279.webp 600w, https:\/\/vapeenjoy.com\/wp-content\/uploads\/2025\/07\/Movkin-Tornado-25000-Disposable-Flavors-300x139.webp 300w, https:\/\/vapeenjoy.com\/wp-content\/uploads\/2025\/07\/Movkin-Tornado-25000-Disposable-Flavors-768x357.webp 768w\" sizes=\"(max-width: 966px) 100vw, 966px\" \/><\/p>\n<p>&nbsp;<\/p>","protected":false},"excerpt":{"rendered":"<p>Randm by Fumot Tech prezentuje jednorazowe waporyzator Tornado 25000 Puffs, wyposa\u017cony w 25 000 PUFF, 20 ml E-LIQUID, bateri\u0119 700 mAh, podw\u00f3jn\u0105 siatk\u0105, regulowany przep\u0142yw powietrza i ekran TFT o przek\u0105tnej 1,77 cala dla \u017cywych, aromatycznych wapn.<\/p>","protected":false},"featured_media":176,"comment_status":"open","ping_status":"closed","template":"","meta":[],"product_brand":[29],"product_cat":[30],"product_tag":[64,81],"class_list":{"0":"post-173","1":"product","2":"type-product","3":"status-publish","4":"has-post-thumbnail","6":"product_brand-fumot-vape","7":"product_cat-25k-puffs-vape","8":"product_tag-0-5-nicotine","9":"product_tag-20ml","11":"first","12":"instock","13":"sale","14":"shipping-taxable","15":"purchasable","16":"product-type-variable"},"yoast_head":"<!-- This site is optimized with the Yoast SEO plugin v25.7 - https:\/\/yoast.com\/wordpress\/plugins\/seo\/ -->\n<title>Fumot Tornado 25000 Puffs Disposable Vape 20ml 2%-5% Nicotine<\/title>\n<meta name=\"description\" content=\"Fumot Tornado 25000 Puffs Disposable Vape: 20ml e-liquid, 2%-5% nicotine, Type-C rechargeable. Enjoy lasting flavor and touchscreen control. Order now!\" \/>\n<meta name=\"robots\" content=\"index, follow, max-snippet:-1, max-image-preview:large, max-video-preview:-1\" \/>\n<link rel=\"canonical\" href=\"https:\/\/vapeenjoy.com\/pl\/produkt\/fumot-tornado-25000-puffs-jednorazowe-wapory\/\" \/>\n<meta property=\"og:locale\" content=\"pl_PL\" \/>\n<meta property=\"og:type\" content=\"article\" \/>\n<meta property=\"og:title\" content=\"Fumot Tornado 25000 Puffs Disposable Vape 20ml 2%-5% Nicotine\" \/>\n<meta property=\"og:description\" content=\"Fumot Tornado 25000 Puffs Disposable Vape: 20ml e-liquid, 2%-5% nicotine, Type-C rechargeable. Enjoy lasting flavor and touchscreen control. Order now!\" \/>\n<meta property=\"og:url\" content=\"https:\/\/vapeenjoy.com\/pl\/produkt\/fumot-tornado-25000-puffs-jednorazowe-wapory\/\" \/>\n<meta property=\"og:site_name\" content=\"vapeenjoy\" \/>\n<meta property=\"article:modified_time\" content=\"2025-09-03T07:05:44+00:00\" \/>\n<meta property=\"og:image\" content=\"https:\/\/vapeenjoy.com\/wp-content\/uploads\/2025\/07\/Fumot-Tornado-25000.png\" \/>\n\t<meta property=\"og:image:width\" content=\"949\" \/>\n\t<meta property=\"og:image:height\" content=\"614\" \/>\n\t<meta property=\"og:image:type\" content=\"image\/png\" \/>\n<meta name=\"twitter:card\" content=\"summary_large_image\" \/>\n<meta name=\"twitter:label1\" content=\"Szacowany czas czytania\" \/>\n\t<meta name=\"twitter:data1\" content=\"5 minut\" \/>\n<script type=\"application\/ld+json\" class=\"yoast-schema-graph\">{\"@context\":\"https:\/\/schema.org\",\"@graph\":[{\"@type\":\"WebPage\",\"@id\":\"https:\/\/vapeenjoy.com\/product\/fumot-tornado-25000-puffs-disposable-vape\/\",\"url\":\"https:\/\/vapeenjoy.com\/product\/fumot-tornado-25000-puffs-disposable-vape\/\",\"name\":\"Fumot Tornado 25000 Puffs Disposable Vape 20ml 2%-5% Nicotine\",\"isPartOf\":{\"@id\":\"https:\/\/vapeenjoy.com\/#website\"},\"primaryImageOfPage\":{\"@id\":\"https:\/\/vapeenjoy.com\/product\/fumot-tornado-25000-puffs-disposable-vape\/#primaryimage\"},\"image\":{\"@id\":\"https:\/\/vapeenjoy.com\/product\/fumot-tornado-25000-puffs-disposable-vape\/#primaryimage\"},\"thumbnailUrl\":\"https:\/\/vapeenjoy.com\/wp-content\/uploads\/2025\/07\/Fumot-Tornado-25000.png\",\"datePublished\":\"2025-07-18T07:42:36+00:00\",\"dateModified\":\"2025-09-03T07:05:44+00:00\",\"description\":\"Fumot Tornado 25000 Puffs Disposable Vape: 20ml e-liquid, 2%-5% nicotine, Type-C rechargeable. Enjoy lasting flavor and touchscreen control. Order now!\",\"breadcrumb\":{\"@id\":\"https:\/\/vapeenjoy.com\/product\/fumot-tornado-25000-puffs-disposable-vape\/#breadcrumb\"},\"inLanguage\":\"pl-PL\",\"potentialAction\":[{\"@type\":\"ReadAction\",\"target\":[\"https:\/\/vapeenjoy.com\/product\/fumot-tornado-25000-puffs-disposable-vape\/\"]}]},{\"@type\":\"ImageObject\",\"inLanguage\":\"pl-PL\",\"@id\":\"https:\/\/vapeenjoy.com\/product\/fumot-tornado-25000-puffs-disposable-vape\/#primaryimage\",\"url\":\"https:\/\/vapeenjoy.com\/wp-content\/uploads\/2025\/07\/Fumot-Tornado-25000.png\",\"contentUrl\":\"https:\/\/vapeenjoy.com\/wp-content\/uploads\/2025\/07\/Fumot-Tornado-25000.png\",\"width\":949,\"height\":614},{\"@type\":\"BreadcrumbList\",\"@id\":\"https:\/\/vapeenjoy.com\/product\/fumot-tornado-25000-puffs-disposable-vape\/#breadcrumb\",\"itemListElement\":[{\"@type\":\"ListItem\",\"position\":1,\"name\":\"Home\",\"item\":\"https:\/\/vapeenjoy.com\/\"},{\"@type\":\"ListItem\",\"position\":2,\"name\":\"Shop\",\"item\":\"https:\/\/vapeenjoy.com\/vapeenjoy-shop\/\"},{\"@type\":\"ListItem\",\"position\":3,\"name\":\"Fumot Tornado 25000 Puffs Disposable Vape 20ml 2-5% Nicotine Type-C Rechargeable\"}]},{\"@type\":\"WebSite\",\"@id\":\"https:\/\/vapeenjoy.com\/#website\",\"url\":\"https:\/\/vapeenjoy.com\/\",\"name\":\"vapeenjoy\",\"description\":\"An online store for selling vapes\",\"potentialAction\":[{\"@type\":\"SearchAction\",\"target\":{\"@type\":\"EntryPoint\",\"urlTemplate\":\"https:\/\/vapeenjoy.com\/?s={search_term_string}\"},\"query-input\":{\"@type\":\"PropertyValueSpecification\",\"valueRequired\":true,\"valueName\":\"search_term_string\"}}],\"inLanguage\":\"pl-PL\"}]}<\/script>\n<!-- \/ Yoast SEO plugin. -->","yoast_head_json":{"title":"Fumot Tornado 25000 Puffy jednorazowe waporyzator 20 ml 2%-5% Nikotyna","description":"Fumot Tornado 25000 Puffs jednorazowe waporyzator: 20 ml E-liquid, 2%-5% Nikotyna, Typ-C. Ciesz si\u0119 trwa\u0142ym smakiem i kontrol\u0105 ekranu dotykowego. Zam\u00f3w teraz!","robots":{"index":"index","follow":"follow","max-snippet":"max-snippet:-1","max-image-preview":"max-image-preview:large","max-video-preview":"max-video-preview:-1"},"canonical":"https:\/\/vapeenjoy.com\/pl\/produkt\/fumot-tornado-25000-puffs-jednorazowe-wapory\/","og_locale":"pl_PL","og_type":"article","og_title":"Fumot Tornado 25000 Puffs Disposable Vape 20ml 2%-5% Nicotine","og_description":"Fumot Tornado 25000 Puffs Disposable Vape: 20ml e-liquid, 2%-5% nicotine, Type-C rechargeable. Enjoy lasting flavor and touchscreen control. Order now!","og_url":"https:\/\/vapeenjoy.com\/pl\/produkt\/fumot-tornado-25000-puffs-jednorazowe-wapory\/","og_site_name":"vapeenjoy","article_modified_time":"2025-09-03T07:05:44+00:00","og_image":[{"width":949,"height":614,"url":"https:\/\/vapeenjoy.com\/wp-content\/uploads\/2025\/07\/Fumot-Tornado-25000.png","type":"image\/png"}],"twitter_card":"summary_large_image","twitter_misc":{"Szacowany czas czytania":"5 minut"},"schema":{"@context":"https:\/\/schema.org","@graph":[{"@type":"WebPage","@id":"https:\/\/vapeenjoy.com\/product\/fumot-tornado-25000-puffs-disposable-vape\/","url":"https:\/\/vapeenjoy.com\/product\/fumot-tornado-25000-puffs-disposable-vape\/","name":"Fumot Tornado 25000 Puffy jednorazowe waporyzator 20 ml 2%-5% Nikotyna","isPartOf":{"@id":"https:\/\/vapeenjoy.com\/#website"},"primaryImageOfPage":{"@id":"https:\/\/vapeenjoy.com\/product\/fumot-tornado-25000-puffs-disposable-vape\/#primaryimage"},"image":{"@id":"https:\/\/vapeenjoy.com\/product\/fumot-tornado-25000-puffs-disposable-vape\/#primaryimage"},"thumbnailUrl":"https:\/\/vapeenjoy.com\/wp-content\/uploads\/2025\/07\/Fumot-Tornado-25000.png","datePublished":"2025-07-18T07:42:36+00:00","dateModified":"2025-09-03T07:05:44+00:00","description":"Fumot Tornado 25000 Puffs jednorazowe waporyzator: 20 ml E-liquid, 2%-5% Nikotyna, Typ-C. Ciesz si\u0119 trwa\u0142ym smakiem i kontrol\u0105 ekranu dotykowego. Zam\u00f3w teraz!","breadcrumb":{"@id":"https:\/\/vapeenjoy.com\/product\/fumot-tornado-25000-puffs-disposable-vape\/#breadcrumb"},"inLanguage":"pl-PL","potentialAction":[{"@type":"ReadAction","target":["https:\/\/vapeenjoy.com\/product\/fumot-tornado-25000-puffs-disposable-vape\/"]}]},{"@type":"ImageObject","inLanguage":"pl-PL","@id":"https:\/\/vapeenjoy.com\/product\/fumot-tornado-25000-puffs-disposable-vape\/#primaryimage","url":"https:\/\/vapeenjoy.com\/wp-content\/uploads\/2025\/07\/Fumot-Tornado-25000.png","contentUrl":"https:\/\/vapeenjoy.com\/wp-content\/uploads\/2025\/07\/Fumot-Tornado-25000.png","width":949,"height":614},{"@type":"BreadcrumbList","@id":"https:\/\/vapeenjoy.com\/product\/fumot-tornado-25000-puffs-disposable-vape\/#breadcrumb","itemListElement":[{"@type":"ListItem","position":1,"name":"Home","item":"https:\/\/vapeenjoy.com\/"},{"@type":"ListItem","position":2,"name":"Shop","item":"https:\/\/vapeenjoy.com\/vapeenjoy-shop\/"},{"@type":"ListItem","position":3,"name":"Fumot Tornado 25000 Puffs Disposable Vape 20ml 2-5% Nicotine Type-C Rechargeable"}]},{"@type":"WebSite","@id":"https:\/\/vapeenjoy.com\/#website","url":"https:\/\/vapeenjoy.com\/","name":"skutkowaty","description":"Sklep internetowy do sprzeda\u017cy vapes","potentialAction":[{"@type":"SearchAction","target":{"@type":"EntryPoint","urlTemplate":"https:\/\/vapeenjoy.com\/?s={search_term_string}"},"query-input":{"@type":"PropertyValueSpecification","valueRequired":true,"valueName":"search_term_string"}}],"inLanguage":"pl-PL"}]}},"_links":{"self":[{"href":"https:\/\/vapeenjoy.com\/pl\/wp-json\/wp\/v2\/product\/173","targetHints":{"allow":["GET"]}}],"collection":[{"href":"https:\/\/vapeenjoy.com\/pl\/wp-json\/wp\/v2\/product"}],"about":[{"href":"https:\/\/vapeenjoy.com\/pl\/wp-json\/wp\/v2\/types\/product"}],"replies":[{"embeddable":true,"href":"https:\/\/vapeenjoy.com\/pl\/wp-json\/wp\/v2\/comments?post=173"}],"version-history":[{"count":4,"href":"https:\/\/vapeenjoy.com\/pl\/wp-json\/wp\/v2\/product\/173\/revisions"}],"predecessor-version":[{"id":2674,"href":"https:\/\/vapeenjoy.com\/pl\/wp-json\/wp\/v2\/product\/173\/revisions\/2674"}],"wp:featuredmedia":[{"embeddable":true,"href":"https:\/\/vapeenjoy.com\/pl\/wp-json\/wp\/v2\/media\/176"}],"wp:attachment":[{"href":"https:\/\/vapeenjoy.com\/pl\/wp-json\/wp\/v2\/media?parent=173"}],"wp:term":[{"taxonomy":"product_brand","embeddable":true,"href":"https:\/\/vapeenjoy.com\/pl\/wp-json\/wp\/v2\/product_brand?post=173"},{"taxonomy":"product_cat","embeddable":true,"href":"https:\/\/vapeenjoy.com\/pl\/wp-json\/wp\/v2\/product_cat?post=173"},{"taxonomy":"product_tag","embeddable":true,"href":"https:\/\/vapeenjoy.com\/pl\/wp-json\/wp\/v2\/product_tag?post=173"}],"curies":[{"name":"wp","href":"https:\/\/api.w.org\/{rel}","templated":true}]}}