{"id":185,"date":"2025-07-18T09:27:37","date_gmt":"2025-07-18T09:27:37","guid":{"rendered":"https:\/\/vapeenjoy.com\/?post_type=product&#038;p=185"},"modified":"2025-08-19T08:03:47","modified_gmt":"2025-08-19T08:03:47","slug":"fumot-randm-tornado-30000-puffs-music-disposable-vape","status":"publish","type":"product","link":"https:\/\/vapeenjoy.com\/pl\/produkt\/fumot-randm-tornado-30000-puffs-muzyka-jednorazowe-vape\/","title":{"rendered":"FUMOT RANDM Tornado 30000 Puffs Muzyka Jednorazowe Vape 30ml 0-5% Nikotyna"},"content":{"rendered":"<h2 dir=\"ltr\" data-pm-slice=\"1 1 []\">Fumot Randm Tornado 30000 Puffs Muzyka Jednorazowy opis waporyzacyjny<\/h2>\n<p dir=\"ltr\">Jednorazowe urz\u0105dzenie Vape Fumot RANDM Tornado 30000 Music to prze\u0142omowe urz\u0105dzenie, kt\u00f3re p\u0142ynnie \u0142\u0105czy wyj\u0105tkow\u0105 pojemno\u015b\u0107 Puff z innowacyjn\u0105 funkcj\u0105 reaguj\u0105c\u0105 na muzyk\u0119. W szczeg\u00f3lno\u015bci ten elegancki i przeno\u015bny vape zosta\u0142 zaprojektowany, aby podnie\u015b\u0107 wra\u017cenia z wapowania dzi\u0119ki \u017cywym \u015bwiat\u0142u RGB, kt\u00f3re dynamicznie pulsuj\u0105 zsynchronizowanymi z d\u017awi\u0119kami otoczenia lub muzyk\u0105. W rezultacie nie tylko dostarcza bogatych, aromatycznych chmur, ale tak\u017ce dodaje wizualnie urzekaj\u0105cy element do ka\u017cdego zaci\u0105gni\u0119cia. Ponadto jego ergonomiczna konstrukcja zapewnia komfortow\u0105 obs\u0142ug\u0119, dzi\u0119ki czemu jest idealny dla vaper\u00f3w, kt\u00f3rzy ceni\u0105 zar\u00f3wno styl, jak i funkcjonalno\u015b\u0107.<\/p>\n<h2 dir=\"ltr\">Specyfikacje produktu<\/h2>\n<p dir=\"ltr\">Oto kluczowe cechy, kt\u00f3re wyr\u00f3\u017cniaj\u0105 Fumot Randm Tornado 30000:<\/p>\n<ul class=\"tight\" dir=\"ltr\" data-tight=\"true\">\n<li>\n<p dir=\"ltr\"><strong>Pojemno\u015b\u0107 dmucha<\/strong>: Oferuje imponuj\u0105ce 30 000 zaci\u0105gni\u0119\u0107, zapewniaj\u0105c d\u0142ugotrwa\u0142e u\u017cytkowanie bez konieczno\u015bci cz\u0119stego wymiany. W zwi\u0105zku z tym jest idealny zar\u00f3wno dla casualowych, jak i ci\u0119\u017ckich vaper\u00f3w.<\/p>\n<\/li>\n<li>\n<p dir=\"ltr\"><strong>e-liquid<\/strong>: Wst\u0119pnie wype\u0142niony 20 ml premium nikotyny E-liquid, zapewniaj\u0105cy sta\u0142y smak i g\u0142adkie przetarcia w gardle przez ca\u0142y okres jego \u017cycia.<\/p>\n<\/li>\n<li>\n<p dir=\"ltr\"><strong>Si\u0142a nikotyny<\/strong>: Dost\u0119pne w 0%, 2%, 3% lub 5% poziomy nikotyny, odpowiadaj\u0105ce szerokiemu zakresowi preferencji, od bez nikotyny do silniejszego trafienia.<\/p>\n<\/li>\n<li>\n<p dir=\"ltr\"><strong>bateryjny<\/strong>: Wyposa\u017cony w akumulator o pojemno\u015bci 600 mAh, kt\u00f3ry obs\u0142uguje szybkie \u0142adowanie przez port typu C, co zapewnia minimalny czas przestoju.<\/p>\n<\/li>\n<li>\n<p dir=\"ltr\"><strong>cewka<\/strong>: Wykorzystuje cewk\u0119 oczkow\u0105 1,0 \u03a9, zapewniaj\u0105c zwi\u0119kszon\u0105 produkcj\u0119 pary i bogaty, sp\u00f3jny smak przy ka\u017cdym losowaniu.<\/p>\n<\/li>\n<li>\n<p dir=\"ltr\"><strong>\u015bwiat\u0142a LED<\/strong>: Zawiera reaguj\u0105ce na muzyk\u0119 \u015bwiat\u0142a RGB, kt\u00f3re zmieniaj\u0105 si\u0119 w rytmie otaczaj\u0105cych d\u017awi\u0119k\u00f3w, tworz\u0105c wci\u0105gaj\u0105ce i wci\u0105gaj\u0105ce wra\u017cenia.<\/p>\n<\/li>\n<li>\n<p dir=\"ltr\"><strong>aktywacja<\/strong>: Mechanizm z aktywacj\u0105 do rysowania zapewnia prost\u0105 obs\u0142ug\u0119 bez przycisk\u00f3w, dzi\u0119ki czemu jest przyjazny dla pocz\u0105tkuj\u0105cych i do\u015bwiadczonych vaper\u00f3w.<\/p>\n<\/li>\n<li>\n<p dir=\"ltr\"><strong>Wska\u017anik e-liquidu<\/strong>: Zawiera przezroczyste okno do \u0142atwego monitorowania pozosta\u0142ych poziom\u00f3w e-liquid\u00f3w, dzi\u0119ki czemu nigdy nie zostaniesz zaskoczony.<\/p>\n<\/li>\n<\/ul>\n<h2 dir=\"ltr\">Opcje smakowe<\/h2>\n<p dir=\"ltr\">Fumot Tornado oferuje szeroki wyb\u00f3r 30 \u017cywych smak\u00f3w, kt\u00f3re zaspokoj\u0105 wszystkie preferencje smakowe. Na przyk\u0142ad:<\/p>\n<ul class=\"tight\" dir=\"ltr\" data-tight=\"true\">\n<li>\n<p dir=\"ltr\"><strong>l\u00f3d banan<\/strong>: Kremowa baza bananowa z orze\u017awiaj\u0105cym wyko\u0144czeniem mentolowym dla g\u0142adkiego, fajnego wapnia.<\/p>\n<\/li>\n<li>\n<p dir=\"ltr\"><strong>niebieski razz l\u00f3d<\/strong>: \u0141\u0105czy tarta Blue Raspberry z ch\u0142\u00f3d mentolowym, idealnym do rze\u015bkiego doznania.<\/p>\n<\/li>\n<li>\n<p dir=\"ltr\"><strong>Kola wi\u015bniowa<\/strong>: \u0141\u0105czy klasyczn\u0105 col\u0119 ze s\u0142odkimi, dojrza\u0142ymi nutami wi\u015bni, aby uzyska\u0107 nostalgiczny, musuj\u0105cy smak.<\/p>\n<\/li>\n<li>\n<p dir=\"ltr\"><strong>kiwi marakuja guawa<\/strong>: Tropikalne trio, kt\u00f3re dostarcza wybuchu kiwi, marakui i guawy dla systemu a: s\u0142odki, egzotyczny smak.<\/p>\n<\/li>\n<li>\n<p dir=\"ltr\"><strong>kr\u0119gle<\/strong>: Kolorowa eksplozja t\u0119czowych cukierk\u00f3w, idealna na s\u0142odkie i zabawne waporyzatorzy. Co wi\u0119cej, smaki takie jak l\u00f3d truskawkowy, potr\u00f3jne mango, l\u00f3d brzoskwiniowy i vimto zapewniaj\u0105 r\u00f3\u017cnorodne opcje, od owocowych po orze\u017awiaj\u0105ce po profile inspirowane cukierkami. W rzeczywisto\u015bci, przy 30 wyborach, istnieje smak dla ka\u017cdego nastroju i preferencji.<\/p>\n<\/li>\n<\/ul>\n<h2 dir=\"ltr\">Cz\u0119sto zadawane pytania<\/h2>\n<h3 dir=\"ltr\">Jak aktywowa\u0107 reakcj\u0119 na muzyk\u0119 diody LED?<\/h3>\n<p dir=\"ltr\">Po prostu we\u017a trzy kolejne zaci\u0105gni\u0119cia, aby aktywowa\u0107 tryb muzyczny. W rezultacie \u015bwiat\u0142a RGB zaczn\u0105 synchronizowa\u0107 si\u0119 z d\u017awi\u0119kami otoczenia lub muzyk\u0105.<\/p>\n<h3 dir=\"ltr\">Jak d\u0142ugo trwa Fumot Randm Tornado 30000?<\/h3>\n<p dir=\"ltr\">Przy 30 000 zaci\u0105gni\u0119\u0107 urz\u0105dzenie zwykle trwa 1-4 tygodnie, w zale\u017cno\u015bci od cz\u0119stotliwo\u015bci u\u017cytkowania. Dlatego jest to niezawodny wyb\u00f3r do wyd\u0142u\u017conych sesji wapowania.<\/p>\n<h3 dir=\"ltr\">Czy mog\u0119 na\u0142adowa\u0107 urz\u0105dzenie?<\/h3>\n<p dir=\"ltr\">Tak, rzeczywi\u015bcie, bateri\u0119 600 mAh mo\u017cna \u0142adowa\u0107 przez port typu C, co pozwala w pe\u0142ni wykorzysta\u0107 pojemno\u015b\u0107 20 ml e-liquid.<\/p>\n<h3 dir=\"ltr\">Jak wybra\u0107 odpowiedni smak?<\/h3>\n<p dir=\"ltr\">Rozwa\u017c swoje preferencje smakowe. Na przyk\u0142ad wypr\u00f3buj tropikalne smaki, takie jak Kiwi Passion Fruit Guava, aby uzyska\u0107 \u017cyw\u0105 mieszank\u0119 owoc\u00f3w, ch\u0142odn\u0105 mi\u0119t\u0119, aby uzyska\u0107 orze\u017awiaj\u0105cy hit, lub Skittles, aby uzyska\u0107 s\u0142odkie, przypominaj\u0105ce cukierki wra\u017cenia. Dodatkowo, zapoznanie si\u0119 z pe\u0142n\u0105 list\u0105 smak\u00f3w mo\u017ce pom\u00f3c Ci znale\u017a\u0107 idealne dopasowanie.<\/p>\n<h3 dir=\"ltr\">Czy nadaje si\u0119 do wapowania usta-to-p\u0142uc (MTL)?<\/h3>\n<p dir=\"ltr\">Absolutnie, cewka z siatki 1,0 \u03a9 i konstrukcja z aktywacj\u0105 naci\u0105gu zapewniaj\u0105 p\u0142ynne wra\u017cenia z MTL, \u015bci\u015ble na\u015bladuj\u0105c wra\u017cenia tradycyjnego papierosa.<\/p>\n<h3 dir=\"ltr\">Czy s\u0105 opcje bez nikotyny?<\/h3>\n<p dir=\"ltr\">Tak, urz\u0105dzenie oferuje opcj\u0119 nikotyny 0% wraz z mocnymi stronami 2%, 3% i 5%. W ten spos\u00f3b mie\u015bci si\u0119 zar\u00f3wno bez nikotyny, jak i preferuj\u0105cych nikotyn\u0119 Vapers.<\/p>\n<h3 dir=\"ltr\">Sk\u0105d mam wiedzie\u0107, kiedy na\u0142adowa\u0107 lub wymieni\u0107 urz\u0105dzenie?<\/h3>\n<p dir=\"ltr\">Monitoruj poziom e-liquidu przez przezroczyste okno. Dodatkowo, \u0142aduj akumulator, gdy zauwa\u017cysz zmniejszon\u0105 moc pary, aby zapewni\u0107 optymaln\u0105 wydajno\u015b\u0107.<\/p>\n<p><img fetchpriority=\"high\" decoding=\"async\" class=\"alignnone wp-image-194 size-full\" src=\"https:\/\/vapeenjoy.com\/wp-content\/uploads\/2025\/07\/RandM-Fumot-Tornadp-1.webp\" alt=\"Fumot Randm Tornado 30000 Puffs Muzyka Jednorazowe smaki waporyzacyjne\" width=\"600\" height=\"388\" srcset=\"https:\/\/vapeenjoy.com\/wp-content\/uploads\/2025\/07\/RandM-Fumot-Tornadp-1.webp 600w, https:\/\/vapeenjoy.com\/wp-content\/uploads\/2025\/07\/RandM-Fumot-Tornadp-1-150x97.webp 150w, https:\/\/vapeenjoy.com\/wp-content\/uploads\/2025\/07\/RandM-Fumot-Tornadp-1-300x194.webp 300w\" sizes=\"(max-width: 600px) 100vw, 600px\" \/><\/p>","protected":false},"excerpt":{"rendered":"<p>RANDM FUMOT Tornado 30000 Puffs Music jednorazowe waporyzatory oferuje 30 000 puff\u00f3w, 20 ml e-liquidu i akumulator 600 mAh. Cecha 1,0 \u03a9 cewki, \u0142adowanie typu C i reaguj\u0105ce na muzyk\u0119 \u015bwiat\u0142a RGB zapewniaj\u0105 \u017cywe smaki i wizualizacje<\/p>","protected":false},"featured_media":186,"comment_status":"open","ping_status":"closed","template":"","meta":[],"product_brand":[29],"product_cat":[31],"product_tag":[64,70],"class_list":{"0":"post-185","1":"product","2":"type-product","3":"status-publish","4":"has-post-thumbnail","6":"product_brand-fumot-vape","7":"product_cat-30000-puffs-vape","8":"product_tag-0-5-nicotine","9":"product_tag-30ml","11":"first","12":"instock","13":"sale","14":"shipping-taxable","15":"purchasable","16":"product-type-variable"},"yoast_head":"<!-- This site is optimized with the Yoast SEO plugin v25.7 - https:\/\/yoast.com\/wordpress\/plugins\/seo\/ -->\n<title>Fumot Randm Tornado 30000 Puffs Music Disposable Vape 30ml<\/title>\n<meta name=\"description\" content=\"Fumot RandM Tornado 30000 Puffs Disposable Vape: 30ml e-liquid, 0-5% nicotine, music-synced LED, 600mAh battery. Shop 30 flavors now!\" \/>\n<meta name=\"robots\" content=\"index, follow, max-snippet:-1, max-image-preview:large, max-video-preview:-1\" \/>\n<link rel=\"canonical\" href=\"https:\/\/vapeenjoy.com\/pl\/produkt\/fumot-randm-tornado-30000-puffs-muzyka-jednorazowe-vape\/\" \/>\n<meta property=\"og:locale\" content=\"pl_PL\" \/>\n<meta property=\"og:type\" content=\"article\" \/>\n<meta property=\"og:title\" content=\"Fumot Randm Tornado 30000 Puffs Music Disposable Vape 30ml\" \/>\n<meta property=\"og:description\" content=\"Fumot RandM Tornado 30000 Puffs Disposable Vape: 30ml e-liquid, 0-5% nicotine, music-synced LED, 600mAh battery. Shop 30 flavors now!\" \/>\n<meta property=\"og:url\" content=\"https:\/\/vapeenjoy.com\/pl\/produkt\/fumot-randm-tornado-30000-puffs-muzyka-jednorazowe-vape\/\" \/>\n<meta property=\"og:site_name\" content=\"vapeenjoy\" \/>\n<meta property=\"article:modified_time\" content=\"2025-08-19T08:03:47+00:00\" \/>\n<meta property=\"og:image\" content=\"https:\/\/vapeenjoy.com\/wp-content\/uploads\/2025\/07\/RandM_Tornado_30000_Vapes.webp\" \/>\n\t<meta property=\"og:image:width\" content=\"1920\" \/>\n\t<meta property=\"og:image:height\" content=\"1851\" \/>\n\t<meta property=\"og:image:type\" content=\"image\/webp\" \/>\n<meta name=\"twitter:card\" content=\"summary_large_image\" \/>\n<meta name=\"twitter:label1\" content=\"Szacowany czas czytania\" \/>\n\t<meta name=\"twitter:data1\" content=\"4 minuty\" \/>\n<script type=\"application\/ld+json\" class=\"yoast-schema-graph\">{\"@context\":\"https:\/\/schema.org\",\"@graph\":[{\"@type\":\"WebPage\",\"@id\":\"https:\/\/vapeenjoy.com\/product\/fumot-randm-tornado-30000-puffs-music-disposable-vape\/\",\"url\":\"https:\/\/vapeenjoy.com\/product\/fumot-randm-tornado-30000-puffs-music-disposable-vape\/\",\"name\":\"Fumot Randm Tornado 30000 Puffs Music Disposable Vape 30ml\",\"isPartOf\":{\"@id\":\"https:\/\/vapeenjoy.com\/#website\"},\"primaryImageOfPage\":{\"@id\":\"https:\/\/vapeenjoy.com\/product\/fumot-randm-tornado-30000-puffs-music-disposable-vape\/#primaryimage\"},\"image\":{\"@id\":\"https:\/\/vapeenjoy.com\/product\/fumot-randm-tornado-30000-puffs-music-disposable-vape\/#primaryimage\"},\"thumbnailUrl\":\"https:\/\/vapeenjoy.com\/wp-content\/uploads\/2025\/07\/RandM_Tornado_30000_Vapes.webp\",\"datePublished\":\"2025-07-18T09:27:37+00:00\",\"dateModified\":\"2025-08-19T08:03:47+00:00\",\"description\":\"Fumot RandM Tornado 30000 Puffs Disposable Vape: 30ml e-liquid, 0-5% nicotine, music-synced LED, 600mAh battery. Shop 30 flavors now!\",\"breadcrumb\":{\"@id\":\"https:\/\/vapeenjoy.com\/product\/fumot-randm-tornado-30000-puffs-music-disposable-vape\/#breadcrumb\"},\"inLanguage\":\"pl-PL\",\"potentialAction\":[{\"@type\":\"ReadAction\",\"target\":[\"https:\/\/vapeenjoy.com\/product\/fumot-randm-tornado-30000-puffs-music-disposable-vape\/\"]}]},{\"@type\":\"ImageObject\",\"inLanguage\":\"pl-PL\",\"@id\":\"https:\/\/vapeenjoy.com\/product\/fumot-randm-tornado-30000-puffs-music-disposable-vape\/#primaryimage\",\"url\":\"https:\/\/vapeenjoy.com\/wp-content\/uploads\/2025\/07\/RandM_Tornado_30000_Vapes.webp\",\"contentUrl\":\"https:\/\/vapeenjoy.com\/wp-content\/uploads\/2025\/07\/RandM_Tornado_30000_Vapes.webp\",\"width\":1920,\"height\":1851},{\"@type\":\"BreadcrumbList\",\"@id\":\"https:\/\/vapeenjoy.com\/product\/fumot-randm-tornado-30000-puffs-music-disposable-vape\/#breadcrumb\",\"itemListElement\":[{\"@type\":\"ListItem\",\"position\":1,\"name\":\"Home\",\"item\":\"https:\/\/vapeenjoy.com\/\"},{\"@type\":\"ListItem\",\"position\":2,\"name\":\"Shop\",\"item\":\"https:\/\/vapeenjoy.com\/vapeenjoy-shop\/\"},{\"@type\":\"ListItem\",\"position\":3,\"name\":\"Fumot Randm Tornado 30000 Puffs Music Disposable Vape 30ml 0-5% Nicotine\"}]},{\"@type\":\"WebSite\",\"@id\":\"https:\/\/vapeenjoy.com\/#website\",\"url\":\"https:\/\/vapeenjoy.com\/\",\"name\":\"vapeenjoy\",\"description\":\"An online store for selling vapes\",\"potentialAction\":[{\"@type\":\"SearchAction\",\"target\":{\"@type\":\"EntryPoint\",\"urlTemplate\":\"https:\/\/vapeenjoy.com\/?s={search_term_string}\"},\"query-input\":{\"@type\":\"PropertyValueSpecification\",\"valueRequired\":true,\"valueName\":\"search_term_string\"}}],\"inLanguage\":\"pl-PL\"}]}<\/script>\n<!-- \/ Yoast SEO plugin. -->","yoast_head_json":{"title":"FUMOT RANDM Tornado 30000 Puffs Muzyka Jednorazowa Vape 30ml","description":"FUMOT RANDM TORNADO 30000 PUFFS Jednorazowe waporyzator: 30 ml E-liquid, 0-5% Nikotyna, zsynchronizowana z muzyk\u0105 LED, bateria 600 mAh. Kup teraz 30 smak\u00f3w!","robots":{"index":"index","follow":"follow","max-snippet":"max-snippet:-1","max-image-preview":"max-image-preview:large","max-video-preview":"max-video-preview:-1"},"canonical":"https:\/\/vapeenjoy.com\/pl\/produkt\/fumot-randm-tornado-30000-puffs-muzyka-jednorazowe-vape\/","og_locale":"pl_PL","og_type":"article","og_title":"Fumot Randm Tornado 30000 Puffs Music Disposable Vape 30ml","og_description":"Fumot RandM Tornado 30000 Puffs Disposable Vape: 30ml e-liquid, 0-5% nicotine, music-synced LED, 600mAh battery. Shop 30 flavors now!","og_url":"https:\/\/vapeenjoy.com\/pl\/produkt\/fumot-randm-tornado-30000-puffs-muzyka-jednorazowe-vape\/","og_site_name":"vapeenjoy","article_modified_time":"2025-08-19T08:03:47+00:00","og_image":[{"width":1920,"height":1851,"url":"https:\/\/vapeenjoy.com\/wp-content\/uploads\/2025\/07\/RandM_Tornado_30000_Vapes.webp","type":"image\/webp"}],"twitter_card":"summary_large_image","twitter_misc":{"Szacowany czas czytania":"4 minuty"},"schema":{"@context":"https:\/\/schema.org","@graph":[{"@type":"WebPage","@id":"https:\/\/vapeenjoy.com\/product\/fumot-randm-tornado-30000-puffs-music-disposable-vape\/","url":"https:\/\/vapeenjoy.com\/product\/fumot-randm-tornado-30000-puffs-music-disposable-vape\/","name":"FUMOT RANDM Tornado 30000 Puffs Muzyka Jednorazowa Vape 30ml","isPartOf":{"@id":"https:\/\/vapeenjoy.com\/#website"},"primaryImageOfPage":{"@id":"https:\/\/vapeenjoy.com\/product\/fumot-randm-tornado-30000-puffs-music-disposable-vape\/#primaryimage"},"image":{"@id":"https:\/\/vapeenjoy.com\/product\/fumot-randm-tornado-30000-puffs-music-disposable-vape\/#primaryimage"},"thumbnailUrl":"https:\/\/vapeenjoy.com\/wp-content\/uploads\/2025\/07\/RandM_Tornado_30000_Vapes.webp","datePublished":"2025-07-18T09:27:37+00:00","dateModified":"2025-08-19T08:03:47+00:00","description":"FUMOT RANDM TORNADO 30000 PUFFS Jednorazowe waporyzator: 30 ml E-liquid, 0-5% Nikotyna, zsynchronizowana z muzyk\u0105 LED, bateria 600 mAh. Kup teraz 30 smak\u00f3w!","breadcrumb":{"@id":"https:\/\/vapeenjoy.com\/product\/fumot-randm-tornado-30000-puffs-music-disposable-vape\/#breadcrumb"},"inLanguage":"pl-PL","potentialAction":[{"@type":"ReadAction","target":["https:\/\/vapeenjoy.com\/product\/fumot-randm-tornado-30000-puffs-music-disposable-vape\/"]}]},{"@type":"ImageObject","inLanguage":"pl-PL","@id":"https:\/\/vapeenjoy.com\/product\/fumot-randm-tornado-30000-puffs-music-disposable-vape\/#primaryimage","url":"https:\/\/vapeenjoy.com\/wp-content\/uploads\/2025\/07\/RandM_Tornado_30000_Vapes.webp","contentUrl":"https:\/\/vapeenjoy.com\/wp-content\/uploads\/2025\/07\/RandM_Tornado_30000_Vapes.webp","width":1920,"height":1851},{"@type":"BreadcrumbList","@id":"https:\/\/vapeenjoy.com\/product\/fumot-randm-tornado-30000-puffs-music-disposable-vape\/#breadcrumb","itemListElement":[{"@type":"ListItem","position":1,"name":"Home","item":"https:\/\/vapeenjoy.com\/"},{"@type":"ListItem","position":2,"name":"Shop","item":"https:\/\/vapeenjoy.com\/vapeenjoy-shop\/"},{"@type":"ListItem","position":3,"name":"Fumot Randm Tornado 30000 Puffs Music Disposable Vape 30ml 0-5% Nicotine"}]},{"@type":"WebSite","@id":"https:\/\/vapeenjoy.com\/#website","url":"https:\/\/vapeenjoy.com\/","name":"skutkowaty","description":"Sklep internetowy do sprzeda\u017cy vapes","potentialAction":[{"@type":"SearchAction","target":{"@type":"EntryPoint","urlTemplate":"https:\/\/vapeenjoy.com\/?s={search_term_string}"},"query-input":{"@type":"PropertyValueSpecification","valueRequired":true,"valueName":"search_term_string"}}],"inLanguage":"pl-PL"}]}},"_links":{"self":[{"href":"https:\/\/vapeenjoy.com\/pl\/wp-json\/wp\/v2\/product\/185","targetHints":{"allow":["GET"]}}],"collection":[{"href":"https:\/\/vapeenjoy.com\/pl\/wp-json\/wp\/v2\/product"}],"about":[{"href":"https:\/\/vapeenjoy.com\/pl\/wp-json\/wp\/v2\/types\/product"}],"replies":[{"embeddable":true,"href":"https:\/\/vapeenjoy.com\/pl\/wp-json\/wp\/v2\/comments?post=185"}],"version-history":[{"count":2,"href":"https:\/\/vapeenjoy.com\/pl\/wp-json\/wp\/v2\/product\/185\/revisions"}],"predecessor-version":[{"id":2380,"href":"https:\/\/vapeenjoy.com\/pl\/wp-json\/wp\/v2\/product\/185\/revisions\/2380"}],"wp:featuredmedia":[{"embeddable":true,"href":"https:\/\/vapeenjoy.com\/pl\/wp-json\/wp\/v2\/media\/186"}],"wp:attachment":[{"href":"https:\/\/vapeenjoy.com\/pl\/wp-json\/wp\/v2\/media?parent=185"}],"wp:term":[{"taxonomy":"product_brand","embeddable":true,"href":"https:\/\/vapeenjoy.com\/pl\/wp-json\/wp\/v2\/product_brand?post=185"},{"taxonomy":"product_cat","embeddable":true,"href":"https:\/\/vapeenjoy.com\/pl\/wp-json\/wp\/v2\/product_cat?post=185"},{"taxonomy":"product_tag","embeddable":true,"href":"https:\/\/vapeenjoy.com\/pl\/wp-json\/wp\/v2\/product_tag?post=185"}],"curies":[{"name":"wp","href":"https:\/\/api.w.org\/{rel}","templated":true}]}}