{"id":2029,"date":"2025-08-12T09:20:45","date_gmt":"2025-08-12T09:20:45","guid":{"rendered":"https:\/\/vapeenjoy.com\/?post_type=product&#038;p=2029"},"modified":"2025-08-26T07:31:58","modified_gmt":"2025-08-26T07:31:58","slug":"elfworld-ai22000-puffs-disposable-vape-26ml-e-liquid","status":"publish","type":"product","link":"https:\/\/vapeenjoy.com\/pl\/produkt\/elfworld-ai22000-puffs-jednorazowe-wapory-26ml-e-liquid\/","title":{"rendered":"Elfworld AI22000 Puffs jednorazowe waporyzator 26ml e-liquid 0-5% Nikotyna"},"content":{"rendered":"<h2 dir=\"auto\"><strong>Elfworld AI22000 jednorazowe wapory: 22 000 dmuchaw aromatycznych waporacji<\/strong><\/h2>\n<p dir=\"auto\">Elfworld s\u0142ynie z tworzenia niezawodnych, aromatycznych i przyjaznych dla u\u017cytkownika jednorazowych waporyzator\u00f3w. Jednorazowe waporyzatory Elfworld AI22000 oferuj\u0105 do 22 000 zaci\u0105gni\u0119\u0107 w eleganckim, przeno\u015bnym designie. Urz\u0105dzenie to \u0142\u0105czy w sobie przezroczyst\u0105 pow\u0142ok\u0119 z kultowymi akcentami miasta, urz\u0105dzenie to \u0142\u0105czy styl, praktyczno\u015b\u0107 i wydajno\u015b\u0107, dzi\u0119ki czemu jest to najlepszy wyb\u00f3r dla vaper\u00f3w, kt\u00f3rzy szukaj\u0105 d\u0142ugotrwa\u0142ej satysfakcji. <a href=\"https:\/\/vapeenjoy.com\/\" target=\"_blank\" rel=\"noopener noreferrer nofollow\">Odkryj wi\u0119cej opcji wapowania na Vape Ciesz si\u0119<\/a> Aby znale\u017a\u0107 idealne urz\u0105dzenie dla Twoich potrzeb.<\/p>\n<h3 dir=\"auto\">Specyfikacje produktu<\/h3>\n<ul dir=\"auto\">\n<li><strong>\u015bci\u0105ganie<\/strong>: Do 22 000 \u2013 wyd\u0142u\u017cona pojemno\u015b\u0107 na tygodnie nieprzerwanego wapowania.<\/li>\n<li><strong>Pojemno\u015b\u0107 e-liquid\u00f3w<\/strong>: 26ml \u2013 Wst\u0119pnie wype\u0142niony e-liquidem premium dla jednolitego smaku.<\/li>\n<li><strong>Si\u0142a nikotyny<\/strong>: 0%, 2%, 3%, 5% \u2013 Elastyczne opcje nikotyny dla wszystkich preferencji.<\/li>\n<li><strong>Pojemno\u015b\u0107 baterii<\/strong>: 650 mAh - \u0142adowanie do niezawodnego, d\u0142ugotrwa\u0142ego u\u017cytkowania.<\/li>\n<li><strong>Typ cewki<\/strong>: Cewka z podw\u00f3jn\u0105 siatk\u0105 1.0\u03a9 \u2013 zapewnia g\u0142adki, bogaty smak przy ka\u017cdym zaci\u0105gni\u0119ciu.<\/li>\n<li><strong>Port \u0142adowania<\/strong>: USB Type-C \u2013 szybkie, wygodne \u0142adowanie dla minimalnych przestoj\u00f3w.<\/li>\n<li><strong>przelotny powietrze<\/strong>: Regulacja - z \u0142atwo\u015bci\u0105 dostosuj swoje wra\u017cenia z wapowania.<\/li>\n<li><strong>manifest<\/strong>: Ekran cyfrowy - monitorowanie poziomu e-p\u0142ynu w czasie rzeczywistym i poziomu na\u0142adowania baterii.<\/li>\n<\/ul>\n<h3 dir=\"auto\">10 opcji smakowych dla ka\u017cdego Vapera<\/h3>\n<ol dir=\"auto\">\n<li><strong>Gruszka Jab\u0142ka Mango<\/strong> \u2013 Tropikalna fuzja s\u0142odkiego mango, chrupi\u0105ce jab\u0142ka i soczystej gruszki.<\/li>\n<li><strong>fajne mango<\/strong> \u2013 G\u0142adkie mango z orze\u017awiaj\u0105cym wyko\u0144czeniem mentolowym.<\/li>\n<li><strong>Zielone jab\u0142ko<\/strong> \u2013 Tarta, chrupi\u0105ce zielone jab\u0142ko dla ostrego, satysfakcjonuj\u0105cego vape.<\/li>\n<li><strong>Krew tygrysa<\/strong> \u2013 Odwa\u017cna mieszanka truskawek, arbuza i kokosa dla \u017cywych smak\u00f3w.<\/li>\n<li><strong>l\u00f3d jagodowy<\/strong> \u2013 Soczyste jagody z fajnym mentolowym kopni\u0119ciem.<\/li>\n<li><strong>bi\u0107<\/strong> \u2013 Chrupi\u0105ca, czysta mi\u0119ta dla orze\u017awiaj\u0105cego wra\u017cenia z wapowania.<\/li>\n<li><strong>Wymieszaj jagody<\/strong> \u2013 s\u0142odko-tarta mieszanka z mieszanych jag\u00f3d.<\/li>\n<li><strong>l\u00f3d winog<\/strong> \u2013 Bogaty smak winogron z mro\u017anym mentolowym akcentem.<\/li>\n<li><strong>l\u00f3d arbuzowy<\/strong> \u2013 S\u0142odki arbuz z orze\u017awiaj\u0105cym mentolowym brzegiem.<\/li>\n<li><strong>mi\u0119ta jagodowa<\/strong> \u2013 S\u0142odkie jagody w po\u0142\u0105czeniu z subteln\u0105, ch\u0142odz\u0105c\u0105 mi\u0119t\u0105.<\/li>\n<\/ol>\n<h3 dir=\"auto\">Cz\u0119sto zadawane pytania<\/h3>\n<ol dir=\"auto\">\n<li><strong>Jak d\u0142ugo trwa elfworld ai22000?<\/strong><br \/>\nPrzy 22 000 zaci\u0105gni\u0119\u0107 trwa tygodnie dla wi\u0119kszo\u015bci u\u017cytkownik\u00f3w, w zale\u017cno\u015bci od nawyk\u00f3w wapowania.<\/li>\n<li><strong>Czy bateria jest \u0142adowana?<\/strong><br \/>\nTak, ma bateri\u0119 650 mAh z USB Type-C do szybkiego \u0142adowania.<\/li>\n<li><strong>Czy mog\u0119 dostosowa\u0107 intensywno\u015b\u0107 wapowania?<\/strong><br \/>\nTak, regulowany przep\u0142yw powietrza pozwala dostosowa\u0107 rysowanie do w\u0142asnych preferencji.<\/li>\n<li><strong>Jak monitorowa\u0107 poziom e-liquid\u00f3w i baterii?<\/strong><br \/>\nEkran cyfrowy wy\u015bwietla stan e-liquid w czasie rzeczywistym i stan baterii.<\/li>\n<li><strong>Kt\u00f3ry smak jest dla mnie odpowiedni?<\/strong><br \/>\nMi\u0142o\u015bnicy owoc\u00f3w mog\u0105 cieszy\u0107 si\u0119 gruszk\u0105 jab\u0142kow\u0105 lub mieszank\u0105 jag\u00f3d; dla efektu ch\u0142odzenia spr\u00f3buj lodowego lodu lub mi\u0119ty.<\/li>\n<li><strong>Jakie mocne strony nikotyny s\u0105 dost\u0119pne?<\/strong><br \/>\nWybierz spo\u015br\u00f3d 0%, 2%, 3% lub 5% s\u00f3l nikotyny, aby dopasowa\u0107 je do swoich potrzeb.<\/li>\n<li><strong>Czy nadaje si\u0119 do vapingu usta-to-p\u0142uc?<\/strong><br \/>\nTak, regulowany przep\u0142yw powietrza obs\u0142uguje vaping usta-to-lung, zapewniaj\u0105c spersonalizowane wra\u017cenia.<\/li>\n<\/ol>\n<p><img fetchpriority=\"high\" decoding=\"async\" class=\"alignnone wp-image-2035 size-full\" src=\"https:\/\/vapeenjoy.com\/wp-content\/uploads\/2025\/08\/elfworld-AI22000-Puffs.webp\" alt=\"\" width=\"750\" height=\"1000\" srcset=\"https:\/\/vapeenjoy.com\/wp-content\/uploads\/2025\/08\/elfworld-AI22000-Puffs.webp 750w, https:\/\/vapeenjoy.com\/wp-content\/uploads\/2025\/08\/elfworld-AI22000-Puffs-225x300.webp 225w, https:\/\/vapeenjoy.com\/wp-content\/uploads\/2025\/08\/elfworld-AI22000-Puffs-150x200.webp 150w\" sizes=\"(max-width: 750px) 100vw, 750px\" \/><\/p>","protected":false},"excerpt":{"rendered":"<p>Elfworld wprowadzi\u0142 na rynek jednorazowy waporyzator AI22000, oferuj\u0105c niezawodne rozwi\u0105zanie do waporyzacji z maksymalnie 22 000 zaci\u0105gni\u0119\u0107. Urz\u0105dzenie ma 26 ml pojemno\u015bci e-liquid, akumulator 650 mAh, port \u0142adowania typu C, regulowany przep\u0142yw powietrza i cyfrowy wy\u015bwietlacz. Stylowa konstrukcja zapewnia trwa\u0142e i konfigurowalne wra\u017cenia.<\/p>","protected":false},"featured_media":2027,"comment_status":"open","ping_status":"closed","template":"","meta":[],"product_brand":[56],"product_cat":[211],"product_tag":[64,89],"class_list":{"0":"post-2029","1":"product","2":"type-product","3":"status-publish","4":"has-post-thumbnail","6":"product_brand-elfworld-vape","7":"product_cat-22000-puffs-vape","8":"product_tag-0-5-nicotine","9":"product_tag-26ml","11":"first","12":"instock","13":"sale","14":"shipping-taxable","15":"purchasable","16":"product-type-variable"},"yoast_head":"<!-- This site is optimized with the Yoast SEO plugin v25.7 - https:\/\/yoast.com\/wordpress\/plugins\/seo\/ -->\n<title>Elfworld AI22000 Puffs Disposable Vape 26ml 0-5% Nicotine<\/title>\n<meta name=\"description\" content=\"ELFWORLD AI22000 Disposable Vape: 26ml e-liquid, up to 22,000 puffs, 0-5% nicotine, dual mesh coils, adjustable airflow, digital display, and 650mAh.\" \/>\n<meta name=\"robots\" content=\"index, follow, max-snippet:-1, max-image-preview:large, max-video-preview:-1\" \/>\n<link rel=\"canonical\" href=\"https:\/\/vapeenjoy.com\/pl\/produkt\/elfworld-ai22000-puffs-jednorazowe-wapory-26ml-e-liquid\/\" \/>\n<meta property=\"og:locale\" content=\"pl_PL\" \/>\n<meta property=\"og:type\" content=\"article\" \/>\n<meta property=\"og:title\" content=\"Elfworld AI22000 Puffs Disposable Vape 26ml 0-5% Nicotine\" \/>\n<meta property=\"og:description\" content=\"ELFWORLD AI22000 Disposable Vape: 26ml e-liquid, up to 22,000 puffs, 0-5% nicotine, dual mesh coils, adjustable airflow, digital display, and 650mAh.\" \/>\n<meta property=\"og:url\" content=\"https:\/\/vapeenjoy.com\/pl\/produkt\/elfworld-ai22000-puffs-jednorazowe-wapory-26ml-e-liquid\/\" \/>\n<meta property=\"og:site_name\" content=\"vapeenjoy\" \/>\n<meta property=\"article:modified_time\" content=\"2025-08-26T07:31:58+00:00\" \/>\n<meta property=\"og:image\" content=\"https:\/\/vapeenjoy.com\/wp-content\/uploads\/2025\/08\/Elfworld-AI-22000.jpg\" \/>\n\t<meta property=\"og:image:width\" content=\"2000\" \/>\n\t<meta property=\"og:image:height\" content=\"2000\" \/>\n\t<meta property=\"og:image:type\" content=\"image\/jpeg\" \/>\n<meta name=\"twitter:card\" content=\"summary_large_image\" \/>\n<meta name=\"twitter:label1\" content=\"Szacowany czas czytania\" \/>\n\t<meta name=\"twitter:data1\" content=\"3 minuty\" \/>\n<script type=\"application\/ld+json\" class=\"yoast-schema-graph\">{\"@context\":\"https:\/\/schema.org\",\"@graph\":[{\"@type\":\"WebPage\",\"@id\":\"https:\/\/vapeenjoy.com\/product\/elfworld-ai22000-puffs-disposable-vape-26ml-e-liquid\/\",\"url\":\"https:\/\/vapeenjoy.com\/product\/elfworld-ai22000-puffs-disposable-vape-26ml-e-liquid\/\",\"name\":\"Elfworld AI22000 Puffs Disposable Vape 26ml 0-5% Nicotine\",\"isPartOf\":{\"@id\":\"https:\/\/vapeenjoy.com\/#website\"},\"primaryImageOfPage\":{\"@id\":\"https:\/\/vapeenjoy.com\/product\/elfworld-ai22000-puffs-disposable-vape-26ml-e-liquid\/#primaryimage\"},\"image\":{\"@id\":\"https:\/\/vapeenjoy.com\/product\/elfworld-ai22000-puffs-disposable-vape-26ml-e-liquid\/#primaryimage\"},\"thumbnailUrl\":\"https:\/\/vapeenjoy.com\/wp-content\/uploads\/2025\/08\/Elfworld-AI-22000.jpg\",\"datePublished\":\"2025-08-12T09:20:45+00:00\",\"dateModified\":\"2025-08-26T07:31:58+00:00\",\"description\":\"ELFWORLD AI22000 Disposable Vape: 26ml e-liquid, up to 22,000 puffs, 0-5% nicotine, dual mesh coils, adjustable airflow, digital display, and 650mAh.\",\"breadcrumb\":{\"@id\":\"https:\/\/vapeenjoy.com\/product\/elfworld-ai22000-puffs-disposable-vape-26ml-e-liquid\/#breadcrumb\"},\"inLanguage\":\"pl-PL\",\"potentialAction\":[{\"@type\":\"ReadAction\",\"target\":[\"https:\/\/vapeenjoy.com\/product\/elfworld-ai22000-puffs-disposable-vape-26ml-e-liquid\/\"]}]},{\"@type\":\"ImageObject\",\"inLanguage\":\"pl-PL\",\"@id\":\"https:\/\/vapeenjoy.com\/product\/elfworld-ai22000-puffs-disposable-vape-26ml-e-liquid\/#primaryimage\",\"url\":\"https:\/\/vapeenjoy.com\/wp-content\/uploads\/2025\/08\/Elfworld-AI-22000.jpg\",\"contentUrl\":\"https:\/\/vapeenjoy.com\/wp-content\/uploads\/2025\/08\/Elfworld-AI-22000.jpg\",\"width\":2000,\"height\":2000,\"caption\":\"Elfworld AI22000 Puffs Disposable Vape\"},{\"@type\":\"BreadcrumbList\",\"@id\":\"https:\/\/vapeenjoy.com\/product\/elfworld-ai22000-puffs-disposable-vape-26ml-e-liquid\/#breadcrumb\",\"itemListElement\":[{\"@type\":\"ListItem\",\"position\":1,\"name\":\"Home\",\"item\":\"https:\/\/vapeenjoy.com\/\"},{\"@type\":\"ListItem\",\"position\":2,\"name\":\"Shop\",\"item\":\"https:\/\/vapeenjoy.com\/vapeenjoy-shop\/\"},{\"@type\":\"ListItem\",\"position\":3,\"name\":\"Elfworld AI22000 Puffs Disposable Vape 26ml E-liquid 0-5% Nicotine\"}]},{\"@type\":\"WebSite\",\"@id\":\"https:\/\/vapeenjoy.com\/#website\",\"url\":\"https:\/\/vapeenjoy.com\/\",\"name\":\"vapeenjoy\",\"description\":\"An online store for selling vapes\",\"potentialAction\":[{\"@type\":\"SearchAction\",\"target\":{\"@type\":\"EntryPoint\",\"urlTemplate\":\"https:\/\/vapeenjoy.com\/?s={search_term_string}\"},\"query-input\":{\"@type\":\"PropertyValueSpecification\",\"valueRequired\":true,\"valueName\":\"search_term_string\"}}],\"inLanguage\":\"pl-PL\"}]}<\/script>\n<!-- \/ Yoast SEO plugin. -->","yoast_head_json":{"title":"Elfworld AI22000 Puffs jednorazowe vape 26ml 0-5% nikotyna","description":"Elfworld AI22000 jednorazowy waporyzator: 26 ml e-liquid, do 22 000 zaci\u0105gni\u0119\u0107, nikotyna 0-5%, cewki z podw\u00f3jn\u0105 siatk\u0105, regulowany przep\u0142yw powietrza, wy\u015bwietlacz cyfrowy i 650 mAh.","robots":{"index":"index","follow":"follow","max-snippet":"max-snippet:-1","max-image-preview":"max-image-preview:large","max-video-preview":"max-video-preview:-1"},"canonical":"https:\/\/vapeenjoy.com\/pl\/produkt\/elfworld-ai22000-puffs-jednorazowe-wapory-26ml-e-liquid\/","og_locale":"pl_PL","og_type":"article","og_title":"Elfworld AI22000 Puffs Disposable Vape 26ml 0-5% Nicotine","og_description":"ELFWORLD AI22000 Disposable Vape: 26ml e-liquid, up to 22,000 puffs, 0-5% nicotine, dual mesh coils, adjustable airflow, digital display, and 650mAh.","og_url":"https:\/\/vapeenjoy.com\/pl\/produkt\/elfworld-ai22000-puffs-jednorazowe-wapory-26ml-e-liquid\/","og_site_name":"vapeenjoy","article_modified_time":"2025-08-26T07:31:58+00:00","og_image":[{"width":2000,"height":2000,"url":"https:\/\/vapeenjoy.com\/wp-content\/uploads\/2025\/08\/Elfworld-AI-22000.jpg","type":"image\/jpeg"}],"twitter_card":"summary_large_image","twitter_misc":{"Szacowany czas czytania":"3 minuty"},"schema":{"@context":"https:\/\/schema.org","@graph":[{"@type":"WebPage","@id":"https:\/\/vapeenjoy.com\/product\/elfworld-ai22000-puffs-disposable-vape-26ml-e-liquid\/","url":"https:\/\/vapeenjoy.com\/product\/elfworld-ai22000-puffs-disposable-vape-26ml-e-liquid\/","name":"Elfworld AI22000 Puffs jednorazowe vape 26ml 0-5% nikotyna","isPartOf":{"@id":"https:\/\/vapeenjoy.com\/#website"},"primaryImageOfPage":{"@id":"https:\/\/vapeenjoy.com\/product\/elfworld-ai22000-puffs-disposable-vape-26ml-e-liquid\/#primaryimage"},"image":{"@id":"https:\/\/vapeenjoy.com\/product\/elfworld-ai22000-puffs-disposable-vape-26ml-e-liquid\/#primaryimage"},"thumbnailUrl":"https:\/\/vapeenjoy.com\/wp-content\/uploads\/2025\/08\/Elfworld-AI-22000.jpg","datePublished":"2025-08-12T09:20:45+00:00","dateModified":"2025-08-26T07:31:58+00:00","description":"Elfworld AI22000 jednorazowy waporyzator: 26 ml e-liquid, do 22 000 zaci\u0105gni\u0119\u0107, nikotyna 0-5%, cewki z podw\u00f3jn\u0105 siatk\u0105, regulowany przep\u0142yw powietrza, wy\u015bwietlacz cyfrowy i 650 mAh.","breadcrumb":{"@id":"https:\/\/vapeenjoy.com\/product\/elfworld-ai22000-puffs-disposable-vape-26ml-e-liquid\/#breadcrumb"},"inLanguage":"pl-PL","potentialAction":[{"@type":"ReadAction","target":["https:\/\/vapeenjoy.com\/product\/elfworld-ai22000-puffs-disposable-vape-26ml-e-liquid\/"]}]},{"@type":"ImageObject","inLanguage":"pl-PL","@id":"https:\/\/vapeenjoy.com\/product\/elfworld-ai22000-puffs-disposable-vape-26ml-e-liquid\/#primaryimage","url":"https:\/\/vapeenjoy.com\/wp-content\/uploads\/2025\/08\/Elfworld-AI-22000.jpg","contentUrl":"https:\/\/vapeenjoy.com\/wp-content\/uploads\/2025\/08\/Elfworld-AI-22000.jpg","width":2000,"height":2000,"caption":"Elfworld AI22000 Puffs Disposable Vape"},{"@type":"BreadcrumbList","@id":"https:\/\/vapeenjoy.com\/product\/elfworld-ai22000-puffs-disposable-vape-26ml-e-liquid\/#breadcrumb","itemListElement":[{"@type":"ListItem","position":1,"name":"Home","item":"https:\/\/vapeenjoy.com\/"},{"@type":"ListItem","position":2,"name":"Shop","item":"https:\/\/vapeenjoy.com\/vapeenjoy-shop\/"},{"@type":"ListItem","position":3,"name":"Elfworld AI22000 Puffs Disposable Vape 26ml E-liquid 0-5% Nicotine"}]},{"@type":"WebSite","@id":"https:\/\/vapeenjoy.com\/#website","url":"https:\/\/vapeenjoy.com\/","name":"skutkowaty","description":"Sklep internetowy do sprzeda\u017cy vapes","potentialAction":[{"@type":"SearchAction","target":{"@type":"EntryPoint","urlTemplate":"https:\/\/vapeenjoy.com\/?s={search_term_string}"},"query-input":{"@type":"PropertyValueSpecification","valueRequired":true,"valueName":"search_term_string"}}],"inLanguage":"pl-PL"}]}},"_links":{"self":[{"href":"https:\/\/vapeenjoy.com\/pl\/wp-json\/wp\/v2\/product\/2029","targetHints":{"allow":["GET"]}}],"collection":[{"href":"https:\/\/vapeenjoy.com\/pl\/wp-json\/wp\/v2\/product"}],"about":[{"href":"https:\/\/vapeenjoy.com\/pl\/wp-json\/wp\/v2\/types\/product"}],"replies":[{"embeddable":true,"href":"https:\/\/vapeenjoy.com\/pl\/wp-json\/wp\/v2\/comments?post=2029"}],"version-history":[{"count":5,"href":"https:\/\/vapeenjoy.com\/pl\/wp-json\/wp\/v2\/product\/2029\/revisions"}],"predecessor-version":[{"id":2586,"href":"https:\/\/vapeenjoy.com\/pl\/wp-json\/wp\/v2\/product\/2029\/revisions\/2586"}],"wp:featuredmedia":[{"embeddable":true,"href":"https:\/\/vapeenjoy.com\/pl\/wp-json\/wp\/v2\/media\/2027"}],"wp:attachment":[{"href":"https:\/\/vapeenjoy.com\/pl\/wp-json\/wp\/v2\/media?parent=2029"}],"wp:term":[{"taxonomy":"product_brand","embeddable":true,"href":"https:\/\/vapeenjoy.com\/pl\/wp-json\/wp\/v2\/product_brand?post=2029"},{"taxonomy":"product_cat","embeddable":true,"href":"https:\/\/vapeenjoy.com\/pl\/wp-json\/wp\/v2\/product_cat?post=2029"},{"taxonomy":"product_tag","embeddable":true,"href":"https:\/\/vapeenjoy.com\/pl\/wp-json\/wp\/v2\/product_tag?post=2029"}],"curies":[{"name":"wp","href":"https:\/\/api.w.org\/{rel}","templated":true}]}}