{"id":206,"date":"2025-07-18T10:00:26","date_gmt":"2025-07-18T10:00:26","guid":{"rendered":"https:\/\/vapeenjoy.com\/?post_type=product&#038;p=206"},"modified":"2025-08-19T07:23:01","modified_gmt":"2025-08-19T07:23:01","slug":"jnr-falcon-16000-puffs-disposable-vape","status":"publish","type":"product","link":"https:\/\/vapeenjoy.com\/pl\/produkt\/jnr-falcon-16000-puffy-jednorazowe-wapory\/","title":{"rendered":"JNR Falcon 16000 Puffs jednorazowe vape 22ml 2%-5% nikotyna Type-C akumulator"},"content":{"rendered":"<h2 dir=\"ltr\" data-pm-slice=\"1 1 []\">JNR Falcon 16000 Puffs Jednorazowe waporyzator Opis produktu<\/h2>\n<p dir=\"ltr\">JNR, ugruntowana marka w bran\u017cy vaping, konsekwentnie dostarcza innowacyjne urz\u0105dzenia dopasowane do r\u00f3\u017cnorodnych potrzeb u\u017cytkownik\u00f3w. W szczeg\u00f3lno\u015bci, jednorazowy waporyzator JNR Falcon 16000 Puffs \u0142\u0105czy w sobie du\u017c\u0105 pojemno\u015b\u0107, wyj\u0105tkowy smak i przyjazn\u0105 dla u\u017cytkownika wygod\u0119. Ponadto jego elegancki, inspirowany kryszta\u0142ami design nie tylko zwi\u0119ksza atrakcyjno\u015b\u0107 wizualn\u0105, ale tak\u017ce zapewnia wygodny chwyt, co czyni go doskona\u0142ym wyborem do codziennej vapingu.<\/p>\n<h2 dir=\"ltr\">JNR Falcon 16000 Puffs Jednorazowe specyfikacje vape<\/h2>\n<ul class=\"tight\" dir=\"ltr\" data-tight=\"true\">\n<li>\n<p dir=\"ltr\"><strong>Pojemno\u015b\u0107 dmucha<\/strong>: Oferuje do 16 000 zaci\u0105gni\u0119\u0107, zapewniaj\u0105c d\u0142ugotrwa\u0142e u\u017cytkowanie zar\u00f3wno dla zwyk\u0142ych, jak i cz\u0119stych vaper\u00f3w.<\/p>\n<\/li>\n<li>\n<p dir=\"ltr\"><strong>Pojemno\u015b\u0107 e-liquid\u00f3w<\/strong>: Hojny zbiornik o pojemno\u015bci 22 ml gwarantuje przed\u0142u\u017cone sesje z sp\u00f3jnym dostarczaniem smaku.<\/p>\n<\/li>\n<li>\n<p dir=\"ltr\"><strong>bateryjny<\/strong>: Wyposa\u017cony w akumulator o pojemno\u015bci 850 mAh, niezawodnie obs\u0142uguje pe\u0142n\u0105 \u017cywotno\u015b\u0107 urz\u0105dzenia.<\/p>\n<\/li>\n<li>\n<p dir=\"ltr\"><strong>Si\u0142a nikotyny<\/strong>: Dost\u0119pne w opcjach 2% lub 5%, odpowiadaj\u0105ce preferencji \u0142agodnego lub silniejszego uderzenia w gard\u0142o.<\/p>\n<\/li>\n<li>\n<p dir=\"ltr\"><strong>Technologia cewki<\/strong>: Podw\u00f3jne cewki siatkowe zapewniaj\u0105 r\u00f3wnomierne ogrzewanie, co skutkuje g\u0119st\u0105 par\u0105 i bogatym smakiem.<\/p>\n<\/li>\n<li>\n<p dir=\"ltr\"><strong>zbrojenie<\/strong>: Funkcje port\u00f3w typu C i Lightning do szybkiego, wszechstronnego \u0142adowania.<\/p>\n<\/li>\n<li>\n<p dir=\"ltr\"><strong>przelotny powietrze<\/strong>: Regulowane ustawienia pozwalaj\u0105 u\u017cytkownikom dostosowa\u0107 ich rysowanie pod k\u0105tem optymalnego smaku lub pary.<\/p>\n<\/li>\n<li>\n<p dir=\"ltr\"><strong>oparcie<\/strong>: : Dwuomowa cewka z podw\u00f3jn\u0105 siatk\u0105 zapewnia p\u0142ynn\u0105 i sta\u0142\u0105 wydajno\u015b\u0107.<\/p>\n<\/li>\n<\/ul>\n<h2 dir=\"ltr\">R\u00f3\u017cnorodno\u015b\u0107 smaku<\/h2>\n<p dir=\"ltr\">JNR Falcon mo\u017ce pochwali\u0107 si\u0119 44 r\u00f3\u017cnymi smakami, kt\u00f3re zaspokoj\u0105 ka\u017cde podniebienie. Mieszanki owocowe, np. <em>l\u00f3d truskawkowy z arbuza<\/em> albo <em>marakuja z mango<\/em> dostarczaj s\u0142odkie i pikantne nuty, podczas gdy <em>niebieski razz l\u00f3d<\/em> Zapewnia orze\u017awiaj\u0105ce wyko\u0144czenie mentolowe. Dodatkowo wyr\u00f3\u017cniaj\u0105ce si\u0119 opcje to:<\/p>\n<ul class=\"tight\" dir=\"ltr\" data-tight=\"true\">\n<li>\n<p dir=\"ltr\"><em>malina je\u017cyna czerwona<\/em>: \u017bywa mieszanka cierpkich je\u017cyn i s\u0142odkich malin.<\/p>\n<\/li>\n<li>\n<p dir=\"ltr\"><em>l\u00f3d lemoniady grejpfrutowej<\/em>: \u0141\u0105czy tarty grejpfrut, orze\u017awiaj\u0105c\u0105 lemoniad\u0119 i ch\u0142odny mentol.<\/p>\n<\/li>\n<li>\n<p dir=\"ltr\"><em>Herbata brzoskwiniowa oolong<\/em>: Miesza soczysta brzoskwinia z subtelnymi, ziemistymi nutami herbaty oolong.<\/p>\n<\/li>\n<li>\n<p dir=\"ltr\"><em>Guma z arbuza<\/em>: \u0141\u0105czy soczysty arbuz z nostalgiczn\u0105 s\u0142odycz\u0105 gumy balonowej.<\/p>\n<\/li>\n<li>\n<p dir=\"ltr\"><em>Cola l\u00f3d<\/em>: Oferuje klasyczny smak coli z b\u0142yszcz\u0105cym, lodowatym akcentem.<\/p>\n<\/li>\n<\/ul>\n<h2 dir=\"ltr\">Cz\u0119sto zadawane pytania<\/h2>\n<h3 dir=\"ltr\">Jaka jest \u017cywotno\u015b\u0107 baterii?<\/h3>\n<p dir=\"ltr\">Akumulator 850 mAh zasila pe\u0142n\u0105 pojemno\u015b\u0107 16 000 mAh, zapewniaj\u0105c niezawodn\u0105 wydajno\u015b\u0107 w ca\u0142ym tek\u015bcie.<\/p>\n<h3 dir=\"ltr\">Jak d\u0142ugo trwa \u0142adowanie?<\/h3>\n<p dir=\"ltr\">Dzi\u0119ki portom typu C i Lightning urz\u0105dzenie zazwyczaj \u0142aduje si\u0119 w oko\u0142o 30 minut, w zale\u017cno\u015bci od \u0142adowarki.<\/p>\n<h3 dir=\"ltr\">Jak wybra\u0107 smak?<\/h3>\n<p dir=\"ltr\">Rozwa\u017c swoje preferencje smakowe: Mieszanki owocowe oferuj\u0105 profile ze s\u0142odkich tagi, podczas gdy opcje mentolowe stanowi\u0105 orze\u017awiaj\u0105cy hit. Dlatego pr\u00f3bkowanie r\u00f3\u017cnych smak\u00f3w pomaga zidentyfikowa\u0107 ulubione.<\/p>\n<h3 dir=\"ltr\">Czy mog\u0119 dostosowa\u0107 styl wapowania?<\/h3>\n<p dir=\"ltr\">Rzeczywi\u015bcie, funkcja regulowanego przep\u0142ywu powietrza umo\u017cliwia prze\u0142\u0105czanie mi\u0119dzy mocniejszym, skoncentrowanym na smakiem naci\u0105giem a lu\u017aniejszym, ci\u0119\u017ckim w chmurze waporyzatorem.<\/p>\n<h3 dir=\"ltr\">Jakie mocne strony nikotyny s\u0105 dost\u0119pne?<\/h3>\n<p dir=\"ltr\">Mo\u017cesz wybra\u0107 mi\u0119dzy 2%, aby uzyska\u0107 \u0142agodniejsze wra\u017cenia lub 5%, aby uzyska\u0107 bardziej intensywne uderzenie w gard\u0142o.<\/p>\n<h3 dir=\"ltr\">Jak podw\u00f3jna cewka siatkowa poprawia waporyzacj\u0119?<\/h3>\n<p dir=\"ltr\">Dzi\u0119ki r\u00f3wnomiernemu ogrzewaniu e-liquidu dwucewka z podw\u00f3jn\u0105 siatk\u0105 wytwarza g\u0119stsz\u0105 par\u0119 i bogatsze smaki w por\u00f3wnaniu z systemami jednocewowymi.<\/p>\n<h3 dir=\"ltr\">Czy nadaje si\u0119 do ci\u0119\u017ckich vaper\u00f3w?<\/h3>\n<p dir=\"ltr\">Absolutnie, dzi\u0119ki pojemno\u015bci 16 000 puszek i zbiornikowi na 22 ml e-liquid, to urz\u0105dzenie jest idealne dla ci\u0119\u017ckich vaper\u00f3w poszukuj\u0105cych d\u0142ugotrwa\u0142ych, wysokowydajnych waporyzator\u00f3w.<\/p>\n<p><img fetchpriority=\"high\" decoding=\"async\" class=\"alignnone wp-image-215 size-full\" src=\"https:\/\/vapeenjoy.com\/wp-content\/uploads\/2025\/07\/Falcon-Flavor.jpg\" alt=\"JNR Falcon 16000 Puffs jednorazowe smaki waporyzacyjne\" width=\"1920\" height=\"1787\" srcset=\"https:\/\/vapeenjoy.com\/wp-content\/uploads\/2025\/07\/Falcon-Flavor.jpg 1920w, https:\/\/vapeenjoy.com\/wp-content\/uploads\/2025\/07\/Falcon-Flavor-150x140.jpg 150w, https:\/\/vapeenjoy.com\/wp-content\/uploads\/2025\/07\/Falcon-Flavor-1200x1117.jpg 1200w, https:\/\/vapeenjoy.com\/wp-content\/uploads\/2025\/07\/Falcon-Flavor-300x279.jpg 300w, https:\/\/vapeenjoy.com\/wp-content\/uploads\/2025\/07\/Falcon-Flavor-1024x953.jpg 1024w, https:\/\/vapeenjoy.com\/wp-content\/uploads\/2025\/07\/Falcon-Flavor-768x715.jpg 768w, https:\/\/vapeenjoy.com\/wp-content\/uploads\/2025\/07\/Falcon-Flavor-1536x1430.jpg 1536w\" sizes=\"(max-width: 1920px) 100vw, 1920px\" \/><\/p>","protected":false},"excerpt":{"rendered":"<p>JNR, zaufana nazwa w Vaping, dostarcza JNR Falcon 16000 Puffs jednorazowe urz\u0105dzenie Vape, urz\u0105dzenie o du\u017cej pojemno\u015bci o eleganckim, inspirowanym kryszta\u0142ami wzorze. Wyposa\u017cony w 22 ml pojemno\u015bci e-liquid, akumulator o pojemno\u015bci 850 mAh, cewki z dwiema siatk\u0105 i mocne strony nikotyny 2-5%, oferuje bogaty smak i d\u0142ugotrwa\u0142e dzia\u0142anie dla wszystkich vaper\u00f3w.<\/p>","protected":false},"featured_media":207,"comment_status":"open","ping_status":"closed","template":"","meta":[],"product_brand":[33],"product_cat":[34],"product_tag":[99,98],"class_list":{"0":"post-206","1":"product","2":"type-product","3":"status-publish","4":"has-post-thumbnail","6":"product_brand-jnr-vape","7":"product_cat-16000-puffs-vape","8":"product_tag-2-5-nicotin","9":"product_tag-22ml","11":"first","12":"instock","13":"sale","14":"shipping-taxable","15":"purchasable","16":"product-type-variable"},"yoast_head":"<!-- This site is optimized with the Yoast SEO plugin v25.7 - https:\/\/yoast.com\/wordpress\/plugins\/seo\/ -->\n<title>JNR Falcon 16000 Puffs Disposable Vape 22ml 2%-5% Nicotine<\/title>\n<meta name=\"description\" content=\"JNR Falcon 16000 Puffs Disposable Vape: 22ml, 2%-5% nicotine, Type-C rechargeable. Dual mesh coils, adjustable airflow, 28+ flavors. Shop now!\" \/>\n<meta name=\"robots\" content=\"index, follow, max-snippet:-1, max-image-preview:large, max-video-preview:-1\" \/>\n<link rel=\"canonical\" href=\"https:\/\/vapeenjoy.com\/pl\/produkt\/jnr-falcon-16000-puffy-jednorazowe-wapory\/\" \/>\n<meta property=\"og:locale\" content=\"pl_PL\" \/>\n<meta property=\"og:type\" content=\"article\" \/>\n<meta property=\"og:title\" content=\"JNR Falcon 16000 Puffs Disposable Vape 22ml 2%-5% Nicotine\" \/>\n<meta property=\"og:description\" content=\"JNR Falcon 16000 Puffs Disposable Vape: 22ml, 2%-5% nicotine, Type-C rechargeable. Dual mesh coils, adjustable airflow, 28+ flavors. Shop now!\" \/>\n<meta property=\"og:url\" content=\"https:\/\/vapeenjoy.com\/pl\/produkt\/jnr-falcon-16000-puffy-jednorazowe-wapory\/\" \/>\n<meta property=\"og:site_name\" content=\"vapeenjoy\" \/>\n<meta property=\"article:modified_time\" content=\"2025-08-19T07:23:01+00:00\" \/>\n<meta property=\"og:image\" content=\"https:\/\/vapeenjoy.com\/wp-content\/uploads\/2025\/07\/jnr-falon-16000-puffs.webp\" \/>\n\t<meta property=\"og:image:width\" content=\"1080\" \/>\n\t<meta property=\"og:image:height\" content=\"1080\" \/>\n\t<meta property=\"og:image:type\" content=\"image\/webp\" \/>\n<meta name=\"twitter:card\" content=\"summary_large_image\" \/>\n<meta name=\"twitter:label1\" content=\"Szacowany czas czytania\" \/>\n\t<meta name=\"twitter:data1\" content=\"3 minuty\" \/>\n<script type=\"application\/ld+json\" class=\"yoast-schema-graph\">{\"@context\":\"https:\/\/schema.org\",\"@graph\":[{\"@type\":\"WebPage\",\"@id\":\"https:\/\/vapeenjoy.com\/product\/jnr-falcon-16000-puffs-disposable-vape\/\",\"url\":\"https:\/\/vapeenjoy.com\/product\/jnr-falcon-16000-puffs-disposable-vape\/\",\"name\":\"JNR Falcon 16000 Puffs Disposable Vape 22ml 2%-5% Nicotine\",\"isPartOf\":{\"@id\":\"https:\/\/vapeenjoy.com\/#website\"},\"primaryImageOfPage\":{\"@id\":\"https:\/\/vapeenjoy.com\/product\/jnr-falcon-16000-puffs-disposable-vape\/#primaryimage\"},\"image\":{\"@id\":\"https:\/\/vapeenjoy.com\/product\/jnr-falcon-16000-puffs-disposable-vape\/#primaryimage\"},\"thumbnailUrl\":\"https:\/\/vapeenjoy.com\/wp-content\/uploads\/2025\/07\/jnr-falon-16000-puffs.webp\",\"datePublished\":\"2025-07-18T10:00:26+00:00\",\"dateModified\":\"2025-08-19T07:23:01+00:00\",\"description\":\"JNR Falcon 16000 Puffs Disposable Vape: 22ml, 2%-5% nicotine, Type-C rechargeable. Dual mesh coils, adjustable airflow, 28+ flavors. Shop now!\",\"breadcrumb\":{\"@id\":\"https:\/\/vapeenjoy.com\/product\/jnr-falcon-16000-puffs-disposable-vape\/#breadcrumb\"},\"inLanguage\":\"pl-PL\",\"potentialAction\":[{\"@type\":\"ReadAction\",\"target\":[\"https:\/\/vapeenjoy.com\/product\/jnr-falcon-16000-puffs-disposable-vape\/\"]}]},{\"@type\":\"ImageObject\",\"inLanguage\":\"pl-PL\",\"@id\":\"https:\/\/vapeenjoy.com\/product\/jnr-falcon-16000-puffs-disposable-vape\/#primaryimage\",\"url\":\"https:\/\/vapeenjoy.com\/wp-content\/uploads\/2025\/07\/jnr-falon-16000-puffs.webp\",\"contentUrl\":\"https:\/\/vapeenjoy.com\/wp-content\/uploads\/2025\/07\/jnr-falon-16000-puffs.webp\",\"width\":1080,\"height\":1080},{\"@type\":\"BreadcrumbList\",\"@id\":\"https:\/\/vapeenjoy.com\/product\/jnr-falcon-16000-puffs-disposable-vape\/#breadcrumb\",\"itemListElement\":[{\"@type\":\"ListItem\",\"position\":1,\"name\":\"Home\",\"item\":\"https:\/\/vapeenjoy.com\/\"},{\"@type\":\"ListItem\",\"position\":2,\"name\":\"Shop\",\"item\":\"https:\/\/vapeenjoy.com\/vapeenjoy-shop\/\"},{\"@type\":\"ListItem\",\"position\":3,\"name\":\"JNR Falcon 16000 Puffs Disposable Vape 22ml 2%-5% Nicotine Type-C Rechargeable\"}]},{\"@type\":\"WebSite\",\"@id\":\"https:\/\/vapeenjoy.com\/#website\",\"url\":\"https:\/\/vapeenjoy.com\/\",\"name\":\"vapeenjoy\",\"description\":\"An online store for selling vapes\",\"potentialAction\":[{\"@type\":\"SearchAction\",\"target\":{\"@type\":\"EntryPoint\",\"urlTemplate\":\"https:\/\/vapeenjoy.com\/?s={search_term_string}\"},\"query-input\":{\"@type\":\"PropertyValueSpecification\",\"valueRequired\":true,\"valueName\":\"search_term_string\"}}],\"inLanguage\":\"pl-PL\"}]}<\/script>\n<!-- \/ Yoast SEO plugin. -->","yoast_head_json":{"title":"JNR Falcon 16000 Puffy jednorazowe vape 22ml 2%-5% Nikotyna","description":"JNR FALCON 16000 PUFFS Jednorazowe waporyzatory: 22 ml, 2%-5% Nikotyna, Typ-C \u0142adowalna. Podw\u00f3jne cewki z siatki, regulowany przep\u0142yw powietrza, 28+ smak\u00f3w. Kupuj teraz!","robots":{"index":"index","follow":"follow","max-snippet":"max-snippet:-1","max-image-preview":"max-image-preview:large","max-video-preview":"max-video-preview:-1"},"canonical":"https:\/\/vapeenjoy.com\/pl\/produkt\/jnr-falcon-16000-puffy-jednorazowe-wapory\/","og_locale":"pl_PL","og_type":"article","og_title":"JNR Falcon 16000 Puffs Disposable Vape 22ml 2%-5% Nicotine","og_description":"JNR Falcon 16000 Puffs Disposable Vape: 22ml, 2%-5% nicotine, Type-C rechargeable. Dual mesh coils, adjustable airflow, 28+ flavors. Shop now!","og_url":"https:\/\/vapeenjoy.com\/pl\/produkt\/jnr-falcon-16000-puffy-jednorazowe-wapory\/","og_site_name":"vapeenjoy","article_modified_time":"2025-08-19T07:23:01+00:00","og_image":[{"width":1080,"height":1080,"url":"https:\/\/vapeenjoy.com\/wp-content\/uploads\/2025\/07\/jnr-falon-16000-puffs.webp","type":"image\/webp"}],"twitter_card":"summary_large_image","twitter_misc":{"Szacowany czas czytania":"3 minuty"},"schema":{"@context":"https:\/\/schema.org","@graph":[{"@type":"WebPage","@id":"https:\/\/vapeenjoy.com\/product\/jnr-falcon-16000-puffs-disposable-vape\/","url":"https:\/\/vapeenjoy.com\/product\/jnr-falcon-16000-puffs-disposable-vape\/","name":"JNR Falcon 16000 Puffy jednorazowe vape 22ml 2%-5% Nikotyna","isPartOf":{"@id":"https:\/\/vapeenjoy.com\/#website"},"primaryImageOfPage":{"@id":"https:\/\/vapeenjoy.com\/product\/jnr-falcon-16000-puffs-disposable-vape\/#primaryimage"},"image":{"@id":"https:\/\/vapeenjoy.com\/product\/jnr-falcon-16000-puffs-disposable-vape\/#primaryimage"},"thumbnailUrl":"https:\/\/vapeenjoy.com\/wp-content\/uploads\/2025\/07\/jnr-falon-16000-puffs.webp","datePublished":"2025-07-18T10:00:26+00:00","dateModified":"2025-08-19T07:23:01+00:00","description":"JNR FALCON 16000 PUFFS Jednorazowe waporyzatory: 22 ml, 2%-5% Nikotyna, Typ-C \u0142adowalna. Podw\u00f3jne cewki z siatki, regulowany przep\u0142yw powietrza, 28+ smak\u00f3w. Kupuj teraz!","breadcrumb":{"@id":"https:\/\/vapeenjoy.com\/product\/jnr-falcon-16000-puffs-disposable-vape\/#breadcrumb"},"inLanguage":"pl-PL","potentialAction":[{"@type":"ReadAction","target":["https:\/\/vapeenjoy.com\/product\/jnr-falcon-16000-puffs-disposable-vape\/"]}]},{"@type":"ImageObject","inLanguage":"pl-PL","@id":"https:\/\/vapeenjoy.com\/product\/jnr-falcon-16000-puffs-disposable-vape\/#primaryimage","url":"https:\/\/vapeenjoy.com\/wp-content\/uploads\/2025\/07\/jnr-falon-16000-puffs.webp","contentUrl":"https:\/\/vapeenjoy.com\/wp-content\/uploads\/2025\/07\/jnr-falon-16000-puffs.webp","width":1080,"height":1080},{"@type":"BreadcrumbList","@id":"https:\/\/vapeenjoy.com\/product\/jnr-falcon-16000-puffs-disposable-vape\/#breadcrumb","itemListElement":[{"@type":"ListItem","position":1,"name":"Home","item":"https:\/\/vapeenjoy.com\/"},{"@type":"ListItem","position":2,"name":"Shop","item":"https:\/\/vapeenjoy.com\/vapeenjoy-shop\/"},{"@type":"ListItem","position":3,"name":"JNR Falcon 16000 Puffs Disposable Vape 22ml 2%-5% Nicotine Type-C Rechargeable"}]},{"@type":"WebSite","@id":"https:\/\/vapeenjoy.com\/#website","url":"https:\/\/vapeenjoy.com\/","name":"skutkowaty","description":"Sklep internetowy do sprzeda\u017cy vapes","potentialAction":[{"@type":"SearchAction","target":{"@type":"EntryPoint","urlTemplate":"https:\/\/vapeenjoy.com\/?s={search_term_string}"},"query-input":{"@type":"PropertyValueSpecification","valueRequired":true,"valueName":"search_term_string"}}],"inLanguage":"pl-PL"}]}},"_links":{"self":[{"href":"https:\/\/vapeenjoy.com\/pl\/wp-json\/wp\/v2\/product\/206","targetHints":{"allow":["GET"]}}],"collection":[{"href":"https:\/\/vapeenjoy.com\/pl\/wp-json\/wp\/v2\/product"}],"about":[{"href":"https:\/\/vapeenjoy.com\/pl\/wp-json\/wp\/v2\/types\/product"}],"replies":[{"embeddable":true,"href":"https:\/\/vapeenjoy.com\/pl\/wp-json\/wp\/v2\/comments?post=206"}],"version-history":[{"count":2,"href":"https:\/\/vapeenjoy.com\/pl\/wp-json\/wp\/v2\/product\/206\/revisions"}],"predecessor-version":[{"id":2377,"href":"https:\/\/vapeenjoy.com\/pl\/wp-json\/wp\/v2\/product\/206\/revisions\/2377"}],"wp:featuredmedia":[{"embeddable":true,"href":"https:\/\/vapeenjoy.com\/pl\/wp-json\/wp\/v2\/media\/207"}],"wp:attachment":[{"href":"https:\/\/vapeenjoy.com\/pl\/wp-json\/wp\/v2\/media?parent=206"}],"wp:term":[{"taxonomy":"product_brand","embeddable":true,"href":"https:\/\/vapeenjoy.com\/pl\/wp-json\/wp\/v2\/product_brand?post=206"},{"taxonomy":"product_cat","embeddable":true,"href":"https:\/\/vapeenjoy.com\/pl\/wp-json\/wp\/v2\/product_cat?post=206"},{"taxonomy":"product_tag","embeddable":true,"href":"https:\/\/vapeenjoy.com\/pl\/wp-json\/wp\/v2\/product_tag?post=206"}],"curies":[{"name":"wp","href":"https:\/\/api.w.org\/{rel}","templated":true}]}}