{"id":2262,"date":"2025-08-18T02:24:23","date_gmt":"2025-08-18T02:24:23","guid":{"rendered":"https:\/\/vapeenjoy.com\/?post_type=product&#038;p=2262"},"modified":"2025-08-18T07:47:45","modified_gmt":"2025-08-18T07:47:45","slug":"bang-blaze-6-in-1-flavors-100k-puffs-disposable-vape-2","status":"publish","type":"product","link":"https:\/\/vapeenjoy.com\/pl\/produkt\/bang-blaze-6-w-1-smaki-100k-puffy-jednorazowe-vape-2\/","title":{"rendered":"Bang Blaze 6 w 1 smaki 100K Puffy jednorazowe vape 0-5% Nikotyna"},"content":{"rendered":"<h2>Bang Blaze 6 w 1 smaki 100K Puffs jednorazowe waporyzator Opis<\/h2>\n<p>Bang, znana marka vaping, dostarcza jako\u015b\u0107 i innowacyjno\u015b\u0107. Na przyk\u0142ad Bang Blaze 6 w 1 Flavores 100K Puffs Disposal Vape oferuje trwa\u0142e rozwi\u0105zanie z unikalnym systemem sze\u015bciosmak\u00f3w. Dodatkowo kompaktowa konstrukcja ma kolorowy wygl\u0105d i cyfrowy ekran LED, dzi\u0119ki czemu jest zar\u00f3wno przyjazny dla u\u017cytkownika, jak i przyci\u0105gaj\u0105cy wzrok.<\/p>\n<h3>Bang Blaze 6 w 1 smaki 100K Puffs jednorazowe vape Specyfikacje<\/h3>\n<p>\u2022 <b>P\u0119czki:<\/b> Do 100 000 PUFFS do przed\u0142u\u017conej wapowania.<br \/>\n\u2022 <b>Pojemno\u015b\u0107 e-liquid\u00f3w:<\/b> 90 ml (30 ml x 3 zbiorniki) na obfity sok.<br \/>\n\u2022 <b>Bateria:<\/b> 850 mAh, \u0142adowanie przez Type-C dla wygody.<br \/>\n\u2022 <b>Si\u0142a nikotyny:<\/b> Dost\u0119pne opcje 0%, 2%, 3% lub 5%.<br \/>\n\u2022 <b>cewka:<\/b> Potr\u00f3jne cewki siatki 1,0\u03a9 dla bogatego smaku.<br \/>\n\u2022 <b>Aktywacja:<\/b> Draw-Activated dla \u0142atwego u\u017cytkowania.<br \/>\n\u2022 <b>Wy\u015bwietlacz:<\/b> Ekran LED pokazuje poziomy baterii i e-liquid\u00f3w.<\/p>\n<h3>Dziesi\u0119\u0107 unikalnych kombinacji smakowych<\/h3>\n<p>1. <b>Lodowy arbuz \/ truskawkowy mamba \/ truskawkowy arbuz:<\/b> Ch\u0142odny arbuz, s\u0142odkie cukierki lub soczyste owoce mieszanka.<br \/>\n2. <b>Fuji Ice \/ Jab\u0142ko winogronowe \/ Granat wi\u015bniowy:<\/b> Lodowate jab\u0142ko, s\u0142odkie winogrono lub tarta mieszanka wi\u015bni.<br \/>\n3. <b>L\u00f3d jagodowy \/ malinowy cytryna \/ arbuz guma b\u0105belkowa:<\/b> Mro\u017ana jagoda, cytryna cytrusowa lub melon przypominaj\u0105cy cukierki.<br \/>\n4. <b>Jagody Maliny \/ Ananasy kwa\u015bne Pomara\u0144cze \/ Maliny Arbuzy:<\/b> S\u0142odkie jagody, pikantne cytrusy lub mieszanka melon\u00f3w.<br \/>\n5. <b>L\u00f3d winogronowy \/ mango brzoskwinia \/ jagodowy arbuz:<\/b> Ch\u0142odne winogrono, tropikalne mango lub jagodowe po\u0142\u0105czenie z melonem.<\/p>\n<p>6. <b>Truskawka Ice \/ Cytryna Brzoskwiniowa \/ Kiwi Passion Fruit Guava:<\/b> Lodowata truskawka, pikantna brzoskwinia lub tropikalna mieszanka.<br \/>\n7. <b>Ananas kokosowy \/ jagodowy czerwony bull \/ l\u00f3d arbuzowy:<\/b> Kremowy ananas, energetyzuj\u0105cy jagoda lub ch\u0142odny melon.<br \/>\n8. <b>Truskawka Kiwi \/ Jagoda Kokos \/ Mieszane Jagody:<\/b> S\u0142odka kiwi, kremowa jagoda lub zmienna jagoda.<br \/>\n9. <b>Cytryna Romans \/ Jagoda Malina \/ Brzoskwinia Mentol:<\/b> Zesty cytryna, s\u0142odka jagoda lub zimna brzoskwinia.<br \/>\n10. <b>Lodowy brzoskwiniowy \/ czarna porzeczka Ananas L\u00f3d \/ Zielone jab\u0142ko Kiwi:<\/b> Lodowata brzoskwinia, odwa\u017cna czarna porzeczka lub chrupi\u0105ce jab\u0142ko-kiwi.<\/p>\n<h3>Cz\u0119sto zadawane pytania<\/h3>\n<p>1. <b>Co to jest Bang Blaze 6 w 1?<\/b><br \/>\nTo jednorazowe waporyzator z 100 000 puff\u00f3w i sze\u015bcioma smakami.<\/p>\n<p>2. <b>Jak d\u0142ugo to trwa?<\/b><br \/>\nNa przyk\u0142ad zapewnia do 100 000 zaci\u0105gni\u0119\u0107, trwaj\u0105cych tygodni.<\/p>\n<p>3. <b>Czy bateria jest \u0142adowana?<\/b><br \/>\nTak, u\u017cywa baterii 850 mAh z \u0142adowaniem typu C.<\/p>\n<p>4. <b>Jakie poziomy nikotyny s\u0105 dost\u0119pne?<\/b><br \/>\nOpcje obejmuj\u0105 0%, 2%, 3% lub 5% nikotyn\u0119.<\/p>\n<p>5. <b>Jak zmieni\u0107 smaki?<\/b><br \/>\nNa przyk\u0142ad prze\u0142\u0105cz si\u0119 mi\u0119dzy trzema czystymi smakami lub sze\u015bcioma kombinacjami.<\/p>\n<p>6. <b>Jak wybra\u0107 odpowiedni smak?<\/b><br \/>\nCo wi\u0119cej, najpierw wypr\u00f3buj pojedyncze smaki, a nast\u0119pnie eksperymentuj z kombinacjami.<\/p>\n<p>7. <b>Co sprawia, \u017ce cewka jest wyj\u0105tkowa?<\/b><br \/>\nW konsekwencji potr\u00f3jne cewki z siatki zapewniaj\u0105 g\u0142adki, bogaty smak.<\/p>\n<p><img fetchpriority=\"high\" decoding=\"async\" class=\"alignnone wp-image-2263 size-full\" src=\"https:\/\/vapeenjoy.com\/wp-content\/uploads\/2025\/08\/\u65cb\u8f6c6\u53e3\u547310000\u53e3-\u5ba3\u4f20\u56fe-scaled.png\" alt=\"Bang Blaze 6 w 1 smaki 100K Puffs jednorazowe vape 0-5% smaki nikotyny\" width=\"1138\" height=\"2560\" srcset=\"https:\/\/vapeenjoy.com\/wp-content\/uploads\/2025\/08\/\u65cb\u8f6c6\u53e3\u547310000\u53e3-\u5ba3\u4f20\u56fe-scaled.png 1138w, https:\/\/vapeenjoy.com\/wp-content\/uploads\/2025\/08\/\u65cb\u8f6c6\u53e3\u547310000\u53e3-\u5ba3\u4f20\u56fe-133x300.png 133w, https:\/\/vapeenjoy.com\/wp-content\/uploads\/2025\/08\/\u65cb\u8f6c6\u53e3\u547310000\u53e3-\u5ba3\u4f20\u56fe-455x1024.png 455w, https:\/\/vapeenjoy.com\/wp-content\/uploads\/2025\/08\/\u65cb\u8f6c6\u53e3\u547310000\u53e3-\u5ba3\u4f20\u56fe-768x1728.png 768w, https:\/\/vapeenjoy.com\/wp-content\/uploads\/2025\/08\/\u65cb\u8f6c6\u53e3\u547310000\u53e3-\u5ba3\u4f20\u56fe-683x1536.png 683w, https:\/\/vapeenjoy.com\/wp-content\/uploads\/2025\/08\/\u65cb\u8f6c6\u53e3\u547310000\u53e3-\u5ba3\u4f20\u56fe-910x2048.png 910w, https:\/\/vapeenjoy.com\/wp-content\/uploads\/2025\/08\/\u65cb\u8f6c6\u53e3\u547310000\u53e3-\u5ba3\u4f20\u56fe-1200x2700.png 1200w, https:\/\/vapeenjoy.com\/wp-content\/uploads\/2025\/08\/\u65cb\u8f6c6\u53e3\u547310000\u53e3-\u5ba3\u4f20\u56fe-150x338.png 150w\" sizes=\"(max-width: 1138px) 100vw, 1138px\" \/><\/p>","protected":false},"excerpt":{"rendered":"<p dir=\"auto\">Odkryj jednorazowe waporyzatory Bang Blaze 6 w 1 z 90 ml e-liquidu, bateri\u0119 850 mAh i nikotyn\u0119 0-5%. Ciesz si\u0119 10 unikalnymi kombinacjami smakowymi, cewki potr\u00f3jnej siateczki i wy\u015bwietlaczem LED, kt\u00f3ry zapewnia d\u0142ugotrwa\u0142e, wszechstronne wra\u017cenia z waporyzacji<\/p>","protected":false},"featured_media":2267,"comment_status":"open","ping_status":"closed","template":"","meta":[],"product_brand":[16],"product_cat":[36],"product_tag":[64,63],"class_list":{"0":"post-2262","1":"product","2":"type-product","3":"status-publish","4":"has-post-thumbnail","6":"product_brand-bang-vape","7":"product_cat-100k-puffs-vape","8":"product_tag-0-5-nicotine","9":"product_tag-60ml","11":"first","12":"instock","13":"sale","14":"shipping-taxable","15":"purchasable","16":"product-type-variable"},"yoast_head":"<!-- This site is optimized with the Yoast SEO plugin v25.7 - https:\/\/yoast.com\/wordpress\/plugins\/seo\/ -->\n<title>Bang Blaze 6 in 1 Flavors 100K Puffs Disposable Vape LED screen<\/title>\n<meta name=\"description\" content=\"Discover Bang Blaze 100K: 100,000 puffs, 6-in-1 flavors, 0-5% nicotine. Rechargeable, LED display, triple mesh coils for rich taste.\" \/>\n<meta name=\"robots\" content=\"index, follow, max-snippet:-1, max-image-preview:large, max-video-preview:-1\" \/>\n<link rel=\"canonical\" href=\"https:\/\/vapeenjoy.com\/pl\/produkt\/bang-blaze-6-w-1-smaki-100k-puffy-jednorazowe-vape-2\/\" \/>\n<meta property=\"og:locale\" content=\"pl_PL\" \/>\n<meta property=\"og:type\" content=\"article\" \/>\n<meta property=\"og:title\" content=\"Bang Blaze 6 in 1 Flavors 100K Puffs Disposable Vape LED screen\" \/>\n<meta property=\"og:description\" content=\"Discover Bang Blaze 100K: 100,000 puffs, 6-in-1 flavors, 0-5% nicotine. Rechargeable, LED display, triple mesh coils for rich taste.\" \/>\n<meta property=\"og:url\" content=\"https:\/\/vapeenjoy.com\/pl\/produkt\/bang-blaze-6-w-1-smaki-100k-puffy-jednorazowe-vape-2\/\" \/>\n<meta property=\"og:site_name\" content=\"vapeenjoy\" \/>\n<meta property=\"article:modified_time\" content=\"2025-08-18T07:47:45+00:00\" \/>\n<meta property=\"og:image\" content=\"https:\/\/vapeenjoy.com\/wp-content\/uploads\/2025\/08\/2-1024x1024.png\" \/>\n\t<meta property=\"og:image:width\" content=\"1024\" \/>\n\t<meta property=\"og:image:height\" content=\"1024\" \/>\n\t<meta property=\"og:image:type\" content=\"image\/png\" \/>\n<meta name=\"twitter:card\" content=\"summary_large_image\" \/>\n<meta name=\"twitter:label1\" content=\"Szacowany czas czytania\" \/>\n\t<meta name=\"twitter:data1\" content=\"3 minuty\" \/>\n<script type=\"application\/ld+json\" class=\"yoast-schema-graph\">{\"@context\":\"https:\/\/schema.org\",\"@graph\":[{\"@type\":\"WebPage\",\"@id\":\"https:\/\/vapeenjoy.com\/product\/bang-blaze-6-in-1-flavors-100k-puffs-disposable-vape-2\/\",\"url\":\"https:\/\/vapeenjoy.com\/product\/bang-blaze-6-in-1-flavors-100k-puffs-disposable-vape-2\/\",\"name\":\"Bang Blaze 6 in 1 Flavors 100K Puffs Disposable Vape LED screen\",\"isPartOf\":{\"@id\":\"https:\/\/vapeenjoy.com\/#website\"},\"primaryImageOfPage\":{\"@id\":\"https:\/\/vapeenjoy.com\/product\/bang-blaze-6-in-1-flavors-100k-puffs-disposable-vape-2\/#primaryimage\"},\"image\":{\"@id\":\"https:\/\/vapeenjoy.com\/product\/bang-blaze-6-in-1-flavors-100k-puffs-disposable-vape-2\/#primaryimage\"},\"thumbnailUrl\":\"https:\/\/vapeenjoy.com\/wp-content\/uploads\/2025\/08\/2.png\",\"datePublished\":\"2025-08-18T02:24:23+00:00\",\"dateModified\":\"2025-08-18T07:47:45+00:00\",\"description\":\"Discover Bang Blaze 100K: 100,000 puffs, 6-in-1 flavors, 0-5% nicotine. Rechargeable, LED display, triple mesh coils for rich taste.\",\"breadcrumb\":{\"@id\":\"https:\/\/vapeenjoy.com\/product\/bang-blaze-6-in-1-flavors-100k-puffs-disposable-vape-2\/#breadcrumb\"},\"inLanguage\":\"pl-PL\",\"potentialAction\":[{\"@type\":\"ReadAction\",\"target\":[\"https:\/\/vapeenjoy.com\/product\/bang-blaze-6-in-1-flavors-100k-puffs-disposable-vape-2\/\"]}]},{\"@type\":\"ImageObject\",\"inLanguage\":\"pl-PL\",\"@id\":\"https:\/\/vapeenjoy.com\/product\/bang-blaze-6-in-1-flavors-100k-puffs-disposable-vape-2\/#primaryimage\",\"url\":\"https:\/\/vapeenjoy.com\/wp-content\/uploads\/2025\/08\/2.png\",\"contentUrl\":\"https:\/\/vapeenjoy.com\/wp-content\/uploads\/2025\/08\/2.png\",\"width\":1890,\"height\":1891,\"caption\":\"Bang Blaze 6 in 1 Flavors 100K Puffs Disposable Vape main img\"},{\"@type\":\"BreadcrumbList\",\"@id\":\"https:\/\/vapeenjoy.com\/product\/bang-blaze-6-in-1-flavors-100k-puffs-disposable-vape-2\/#breadcrumb\",\"itemListElement\":[{\"@type\":\"ListItem\",\"position\":1,\"name\":\"Home\",\"item\":\"https:\/\/vapeenjoy.com\/\"},{\"@type\":\"ListItem\",\"position\":2,\"name\":\"Shop\",\"item\":\"https:\/\/vapeenjoy.com\/vapeenjoy-shop\/\"},{\"@type\":\"ListItem\",\"position\":3,\"name\":\"Bang Blaze 6 in 1 Flavors 100K Puffs Disposable Vape 0\u20135% Nicotine\"}]},{\"@type\":\"WebSite\",\"@id\":\"https:\/\/vapeenjoy.com\/#website\",\"url\":\"https:\/\/vapeenjoy.com\/\",\"name\":\"vapeenjoy\",\"description\":\"An online store for selling vapes\",\"potentialAction\":[{\"@type\":\"SearchAction\",\"target\":{\"@type\":\"EntryPoint\",\"urlTemplate\":\"https:\/\/vapeenjoy.com\/?s={search_term_string}\"},\"query-input\":{\"@type\":\"PropertyValueSpecification\",\"valueRequired\":true,\"valueName\":\"search_term_string\"}}],\"inLanguage\":\"pl-PL\"}]}<\/script>\n<!-- \/ Yoast SEO plugin. -->","yoast_head_json":{"title":"Bang Blaze 6 w 1 smaki 100k PUFFS jednorazowy ekran LED Vape","description":"Odkryj Bang Blaze 100K: 100 000 PUFFS, 6-w-1 smak\u00f3w, 0-5% nikotyny. \u0141adowarka, wy\u015bwietlacz LED, cewki z potr\u00f3jnej siatki dla bogatego smaku.","robots":{"index":"index","follow":"follow","max-snippet":"max-snippet:-1","max-image-preview":"max-image-preview:large","max-video-preview":"max-video-preview:-1"},"canonical":"https:\/\/vapeenjoy.com\/pl\/produkt\/bang-blaze-6-w-1-smaki-100k-puffy-jednorazowe-vape-2\/","og_locale":"pl_PL","og_type":"article","og_title":"Bang Blaze 6 in 1 Flavors 100K Puffs Disposable Vape LED screen","og_description":"Discover Bang Blaze 100K: 100,000 puffs, 6-in-1 flavors, 0-5% nicotine. Rechargeable, LED display, triple mesh coils for rich taste.","og_url":"https:\/\/vapeenjoy.com\/pl\/produkt\/bang-blaze-6-w-1-smaki-100k-puffy-jednorazowe-vape-2\/","og_site_name":"vapeenjoy","article_modified_time":"2025-08-18T07:47:45+00:00","og_image":[{"width":1024,"height":1024,"url":"https:\/\/vapeenjoy.com\/wp-content\/uploads\/2025\/08\/2-1024x1024.png","type":"image\/png"}],"twitter_card":"summary_large_image","twitter_misc":{"Szacowany czas czytania":"3 minuty"},"schema":{"@context":"https:\/\/schema.org","@graph":[{"@type":"WebPage","@id":"https:\/\/vapeenjoy.com\/product\/bang-blaze-6-in-1-flavors-100k-puffs-disposable-vape-2\/","url":"https:\/\/vapeenjoy.com\/product\/bang-blaze-6-in-1-flavors-100k-puffs-disposable-vape-2\/","name":"Bang Blaze 6 w 1 smaki 100k PUFFS jednorazowy ekran LED Vape","isPartOf":{"@id":"https:\/\/vapeenjoy.com\/#website"},"primaryImageOfPage":{"@id":"https:\/\/vapeenjoy.com\/product\/bang-blaze-6-in-1-flavors-100k-puffs-disposable-vape-2\/#primaryimage"},"image":{"@id":"https:\/\/vapeenjoy.com\/product\/bang-blaze-6-in-1-flavors-100k-puffs-disposable-vape-2\/#primaryimage"},"thumbnailUrl":"https:\/\/vapeenjoy.com\/wp-content\/uploads\/2025\/08\/2.png","datePublished":"2025-08-18T02:24:23+00:00","dateModified":"2025-08-18T07:47:45+00:00","description":"Odkryj Bang Blaze 100K: 100 000 PUFFS, 6-w-1 smak\u00f3w, 0-5% nikotyny. \u0141adowarka, wy\u015bwietlacz LED, cewki z potr\u00f3jnej siatki dla bogatego smaku.","breadcrumb":{"@id":"https:\/\/vapeenjoy.com\/product\/bang-blaze-6-in-1-flavors-100k-puffs-disposable-vape-2\/#breadcrumb"},"inLanguage":"pl-PL","potentialAction":[{"@type":"ReadAction","target":["https:\/\/vapeenjoy.com\/product\/bang-blaze-6-in-1-flavors-100k-puffs-disposable-vape-2\/"]}]},{"@type":"ImageObject","inLanguage":"pl-PL","@id":"https:\/\/vapeenjoy.com\/product\/bang-blaze-6-in-1-flavors-100k-puffs-disposable-vape-2\/#primaryimage","url":"https:\/\/vapeenjoy.com\/wp-content\/uploads\/2025\/08\/2.png","contentUrl":"https:\/\/vapeenjoy.com\/wp-content\/uploads\/2025\/08\/2.png","width":1890,"height":1891,"caption":"Bang Blaze 6 in 1 Flavors 100K Puffs Disposable Vape main img"},{"@type":"BreadcrumbList","@id":"https:\/\/vapeenjoy.com\/product\/bang-blaze-6-in-1-flavors-100k-puffs-disposable-vape-2\/#breadcrumb","itemListElement":[{"@type":"ListItem","position":1,"name":"Home","item":"https:\/\/vapeenjoy.com\/"},{"@type":"ListItem","position":2,"name":"Shop","item":"https:\/\/vapeenjoy.com\/vapeenjoy-shop\/"},{"@type":"ListItem","position":3,"name":"Bang Blaze 6 in 1 Flavors 100K Puffs Disposable Vape 0\u20135% Nicotine"}]},{"@type":"WebSite","@id":"https:\/\/vapeenjoy.com\/#website","url":"https:\/\/vapeenjoy.com\/","name":"skutkowaty","description":"Sklep internetowy do sprzeda\u017cy vapes","potentialAction":[{"@type":"SearchAction","target":{"@type":"EntryPoint","urlTemplate":"https:\/\/vapeenjoy.com\/?s={search_term_string}"},"query-input":{"@type":"PropertyValueSpecification","valueRequired":true,"valueName":"search_term_string"}}],"inLanguage":"pl-PL"}]}},"_links":{"self":[{"href":"https:\/\/vapeenjoy.com\/pl\/wp-json\/wp\/v2\/product\/2262","targetHints":{"allow":["GET"]}}],"collection":[{"href":"https:\/\/vapeenjoy.com\/pl\/wp-json\/wp\/v2\/product"}],"about":[{"href":"https:\/\/vapeenjoy.com\/pl\/wp-json\/wp\/v2\/types\/product"}],"replies":[{"embeddable":true,"href":"https:\/\/vapeenjoy.com\/pl\/wp-json\/wp\/v2\/comments?post=2262"}],"version-history":[{"count":4,"href":"https:\/\/vapeenjoy.com\/pl\/wp-json\/wp\/v2\/product\/2262\/revisions"}],"predecessor-version":[{"id":2639,"href":"https:\/\/vapeenjoy.com\/pl\/wp-json\/wp\/v2\/product\/2262\/revisions\/2639"}],"wp:featuredmedia":[{"embeddable":true,"href":"https:\/\/vapeenjoy.com\/pl\/wp-json\/wp\/v2\/media\/2267"}],"wp:attachment":[{"href":"https:\/\/vapeenjoy.com\/pl\/wp-json\/wp\/v2\/media?parent=2262"}],"wp:term":[{"taxonomy":"product_brand","embeddable":true,"href":"https:\/\/vapeenjoy.com\/pl\/wp-json\/wp\/v2\/product_brand?post=2262"},{"taxonomy":"product_cat","embeddable":true,"href":"https:\/\/vapeenjoy.com\/pl\/wp-json\/wp\/v2\/product_cat?post=2262"},{"taxonomy":"product_tag","embeddable":true,"href":"https:\/\/vapeenjoy.com\/pl\/wp-json\/wp\/v2\/product_tag?post=2262"}],"curies":[{"name":"wp","href":"https:\/\/api.w.org\/{rel}","templated":true}]}}