{"id":248,"date":"2025-07-19T03:39:34","date_gmt":"2025-07-19T03:39:34","guid":{"rendered":"https:\/\/vapeenjoy.com\/?post_type=product&#038;p=248"},"modified":"2025-09-15T09:34:10","modified_gmt":"2025-09-15T09:34:10","slug":"jnr-mega-shisha-hookah-100k-puffs-disposable-vape","status":"publish","type":"product","link":"https:\/\/vapeenjoy.com\/pl\/produkt\/jnr-mega-shisha-hookah-100k-puffy-jednorazowe-wapory\/","title":{"rendered":"JNR Mega Shisha Hookah 100K Puffy jednorazowe vape 60ml 2% 5% nikotyny inteligentny ekran"},"content":{"rendered":"<h2 dir=\"ltr\" data-pm-slice=\"1 3 []\">JNR Mega Shisha Hookah 100K Puffy jednorazowe waporyzator Opis<\/h2>\n<p dir=\"ltr\">JNR, powszechnie znany ze swoich innowacyjnych rozwi\u0105za\u0144 wapowania, z dum\u0105 prezentuje jednorazowe waporyzator JNR Mega Shisha Hookah 100K Puffs. W szczeg\u00f3lno\u015bci urz\u0105dzenie to bezproblemowo \u0142\u0105czy bogat\u0105 esencj\u0119 tradycyjnej fajki wodnej z najnowocze\u015bniejsz\u0105 wygod\u0105. Ponadto jego elegancki wygl\u0105d, wzbogacony przez \u017cywe \u015bwiat\u0142o oddychaj\u0105ce i inteligentny ekran LED, znacznie zwi\u0119ksza zar\u00f3wno atrakcyjno\u015b\u0107 wizualn\u0105, jak i \u0142atwo\u015b\u0107 obs\u0142ugi. W rezultacie zapewnia niezr\u00f3wnane wra\u017cenia z wapowania dla entuzjast\u00f3w poszukuj\u0105cych jako\u015bci i d\u0142ugowieczno\u015bci.<\/p>\n<h2 dir=\"ltr\">JNR Mega Shisha Hookah 100K Puffy jednorazowe vape Specyfikacje<\/h2>\n<ul class=\"tight\" dir=\"ltr\" data-tight=\"true\">\n<li>\n<p dir=\"ltr\"><strong>Liczba zaci\u0105gni\u0119\u0107<\/strong>: Do 100 000 zaci\u0105gni\u0119\u0107, zapewniaj\u0105c tygodnie, a nawet miesi\u0105ce u\u017cytkowania, w zale\u017cno\u015bci od nawyk\u00f3w wapowania.<\/p>\n<\/li>\n<li>\n<p dir=\"ltr\"><strong>Pojemno\u015b\u0107 e-liquid\u00f3w<\/strong>: 60 ml wst\u0119pnie nape\u0142nionego e-liquidu, kt\u00f3ry konsekwentnie zapewnia bogate smaki bez cz\u0119stych do\u0142adowa\u0144.<\/p>\n<\/li>\n<li>\n<p dir=\"ltr\"><strong>Si\u0142a nikotyny<\/strong>: Dost\u0119pne w 2% lub 5%, co zapewnia r\u00f3\u017cne preferencje u\u017cytkownika, aby uzyska\u0107 p\u0142ynne uderzenie.<\/p>\n<\/li>\n<li>\n<p dir=\"ltr\"><strong>bateryjny<\/strong>: akumulator o pojemno\u015bci 2200 mAh, kt\u00f3ry niezawodnie obs\u0142uguje rozszerzone sesje wapowania.<\/p>\n<\/li>\n<li>\n<p dir=\"ltr\"><strong>zbrojenie<\/strong>: Typ-C szybkie \u0142adowanie, co w konsekwencji minimalizuje przestoje dzi\u0119ki szybkim i wydajnym do\u0142adowaniu.<\/p>\n<\/li>\n<li>\n<p dir=\"ltr\"><strong>cewka<\/strong>: cewka z podw\u00f3jn\u0105 siatk\u0105, w szczeg\u00f3lno\u015bci zwi\u0119ksza intensywno\u015b\u0107 smaku i wytwarza g\u0119st\u0105 par\u0119.<\/p>\n<\/li>\n<li>\n<p dir=\"ltr\"><strong>Styl Vaping<\/strong>: Direct-to-Lung (DTL), specjalnie zaprojektowany dla odwa\u017cnych, satysfakcjonuj\u0105cych chmur.<\/p>\n<\/li>\n<li>\n<p dir=\"ltr\"><strong>przelotny powietrze<\/strong>: Regulowany przep\u0142yw powietrza, co pozwala u\u017cytkownikom dostosowa\u0107 ich rysowanie w celu uzyskania optymalnego komfortu.<\/p>\n<\/li>\n<li>\n<p dir=\"ltr\"><strong>mikrofon<\/strong>: Konstrukcja z podw\u00f3jnym ustnikiem, dzi\u0119ki czemu nadaje si\u0119 zar\u00f3wno do sesji solo, jak i wsp\u00f3lnego wapowania.<\/p>\n<\/li>\n<li>\n<p dir=\"ltr\"><strong>bezpiecze\u0144stwo<\/strong>: Wyposa\u017cony w 8-sekundowy limit wapowania i automatyczn\u0105 ochron\u0119 przed nadgodzinami, zapewniaj\u0105c bezpieczne u\u017cytkowanie.<\/p>\n<\/li>\n<li>\n<p dir=\"ltr\"><strong>manifest<\/strong>: Inteligentny ekran LED, kt\u00f3ry wyra\u017anie wy\u015bwietla poziomy baterii i e-liquid w czasie rzeczywistym.<\/p>\n<\/li>\n<li>\n<p dir=\"ltr\"><strong>Kompatybilno\u015b\u0107 z fajk\u0105 \u015bciera<\/strong>: Kompatybilny z systemami szisz\u00f3wek na biurko, umo\u017cliwiaj\u0105c w ten spos\u00f3b par\u0119 filtrowan\u0105 wod\u0105, zapewniaj\u0105c p\u0142ynniejszy smak.<\/p>\n<\/li>\n<\/ul>\n<h2 dir=\"ltr\">12 unikalnych smak\u00f3w<\/h2>\n<ol class=\"tight\" dir=\"ltr\" data-tight=\"true\">\n<li>\n<p dir=\"ltr\"><strong>Dwa jab\u0142ka<\/strong>: Chrupi\u0105ca mieszanka czerwonych i zielonych jab\u0142ek, zapewniaj\u0105ca soczysty, orze\u017awiaj\u0105cy smak.<\/p>\n<\/li>\n<li>\n<p dir=\"ltr\"><strong>Mi\u0142o\u015b\u0107 66<\/strong>: Tropikalna mieszanka melona i mi\u0119ty, oferuj\u0105ca s\u0142odkie, ale ch\u0142odne uczucie.<\/p>\n<\/li>\n<li>\n<p dir=\"ltr\"><strong>Pani zabija<\/strong>: Odwa\u017cna, tajemnicza fuzja owoc\u00f3w, charakteryzuj\u0105ca si\u0119 \u017cywym i intryguj\u0105cym profilem smakowym.<\/p>\n<\/li>\n<li>\n<p dir=\"ltr\"><strong>Truskawkowy cios<\/strong>: S\u0142odkie, dojrza\u0142e truskawki z pikantnym kopni\u0119ciem, pe\u0142ne owocowej dobroci.<\/p>\n<\/li>\n<li>\n<p dir=\"ltr\"><strong>Lush lodu<\/strong>: Orze\u017awiaj\u0105cy smak arbuza, w po\u0142\u0105czeniu z chrupi\u0105cym, lodowym wyko\u0144czeniem, aby uzyska\u0107 p\u0142ynne rysowanie.<\/p>\n<\/li>\n<li>\n<p dir=\"ltr\"><strong>mi\u0119ta winogronowa<\/strong>: Bogate nuty winogron w po\u0142\u0105czeniu z wydechem mentolowym, skutecznie mieszaj\u0105c s\u0142odkie i ch\u0142odne tony.<\/p>\n<\/li>\n<li>\n<p dir=\"ltr\"><strong>Magiczna mi\u0142o\u015b\u0107<\/strong>: S\u0142odka, czaruj\u0105ca mieszanka owoc\u00f3w, kt\u00f3ra urzeka przy ka\u017cdym zaci\u0105gni\u0119ciu.<\/p>\n<\/li>\n<li>\n<p dir=\"ltr\"><strong>l\u00f3d brzoskwiniowy<\/strong>: Soczysty smak brzoskwiniowy z sch\u0142odzonym odcieniem, idealny do g\u0142adkiego, owocowego hitu.<\/p>\n<\/li>\n<li>\n<p dir=\"ltr\"><strong>l\u00f3d jagodowy<\/strong>: S\u0142odkie jagody o mro\u017anym finiszu, zapewniaj\u0105ce zr\u00f3wnowa\u017cony, orze\u017awiaj\u0105cy smak.<\/p>\n<\/li>\n<li>\n<p dir=\"ltr\"><strong>Hawaje<\/strong>: \u017cywa zmienna owoc\u00f3w tropikalnych, przywo\u0142uj\u0105ca istot\u0119 smak\u00f3w wyspiarskich.<\/p>\n<\/li>\n<li>\n<p dir=\"ltr\"><strong>Kiwi marakuja Guawa<\/strong>: Odwa\u017cne trio Kiwi, Passionfruit i Guava, kt\u00f3re zapewnia egzotyczny, pikantny losowanie.<\/p>\n<\/li>\n<li>\n<p dir=\"ltr\"><strong>amor<\/strong>: S\u0142odka, owocowa mieszanka o romantycznym, nieodpartym smaku, kt\u00f3ry utrzymuje si\u0119.<\/p>\n<\/li>\n<\/ol>\n<h2 dir=\"ltr\">Cz\u0119sto zadawane pytania<\/h2>\n<ol dir=\"ltr\">\n<li>\n<p dir=\"ltr\"><strong>Co odr\u00f3\u017cnia JNR Mega Shisha od innych vapes?<\/strong><br \/>\nWarto zauwa\u017cy\u0107, \u017ce jego 100 000 zaci\u0105gni\u0119\u0107, pojemno\u015b\u0107 60 ml e-liquid i kompatybilno\u015b\u0107 z szisz\u0105 \u015bcieraj\u0105c\u0105 jednolicie \u0142\u0105czy tradycj\u0119 z nowoczesn\u0105 wygod\u0105 waporyzacji.<\/p>\n<\/li>\n<li>\n<p dir=\"ltr\"><strong>Jak d\u0142ugo bateria dzia\u0142a na jednym \u0142adowaniu?<\/strong><br \/>\nOg\u00f3lnie rzecz bior\u0105c, bateria 2200 mAh dzia\u0142a kilka dni, w zale\u017cno\u015bci od u\u017cytkowania, a \u0142adowanie typu C zapewnia szybkie do\u0142adowanie.<\/p>\n<\/li>\n<li>\n<p dir=\"ltr\"><strong>Czy przep\u0142yw powietrza jest regulowany dla r\u00f3\u017cnych preferencji?<\/strong><br \/>\nRzeczywi\u015bcie, regulowany przep\u0142yw powietrza pozwala u\u017cytkownikom dopracowa\u0107 ich ci\u0105g, od ciasnego, aby smak poluzowa\u0142 si\u0119 w przypadku wi\u0119kszych chmur.<\/p>\n<\/li>\n<li>\n<p dir=\"ltr\"><strong>Jak wybra\u0107 odpowiedni smak?<\/strong><br \/>\nNa przyk\u0142ad zdecyduj si\u0119 na owocowe opcje, takie jak Strawberry Punch, aby uzyska\u0107 s\u0142odkie hity lub ch\u0142odne smaki, takie jak Lush Ice, aby uzyska\u0107 orze\u017awiaj\u0105cy akcent. Pr\u00f3bkowanie wielu smak\u00f3w mo\u017ce zatem pom\u00f3c w identyfikacji Twojego ulubionego.<\/p>\n<\/li>\n<li>\n<p dir=\"ltr\"><strong>Czy to urz\u0105dzenie mo\u017ce by\u0107 u\u017cywane z tradycyjn\u0105 fajk\u0105 \u015bcieraj\u0105c\u0105?<\/strong><br \/>\nAbsolutnie obs\u0142uguje systemy Hookah na biurku, kt\u00f3re umo\u017cliwiaj\u0105 par\u0119 filtrowan\u0105 wod\u0105 dla wyrafinowanego smaku.<\/p>\n<\/li>\n<li>\n<p dir=\"ltr\"><strong>Czy JNR Mega Shisha jest bezpieczny w u\u017cyciu?<\/strong><br \/>\nZ pewno\u015bci\u0105 zawiera funkcje bezpiecze\u0144stwa, takie jak 8-sekundowy limit wapowania i automatyczn\u0105 ochron\u0119 przed nadgodzinami, zapewniaj\u0105c bezpieczne dzia\u0142anie.<\/p>\n<\/li>\n<li>\n<p dir=\"ltr\"><strong>Do czego s\u0142u\u017cy ekran inteligentny LED?<\/strong><br \/>\nW szczeg\u00f3lno\u015bci wy\u015bwietla \u017cywotno\u015b\u0107 baterii i poziom e-liquid\u00f3w w czasie rzeczywistym, zapobiegaj\u0105c w ten spos\u00f3b przerwom podczas u\u017cytkowania.<\/p>\n<\/li>\n<\/ol>\n<p><img fetchpriority=\"high\" decoding=\"async\" class=\"alignnone wp-image-264 size-full\" src=\"https:\/\/vapeenjoy.com\/wp-content\/uploads\/2025\/07\/JNR-Mega-Shisha-Hookah-100K-Disposable-Vape.jpg\" alt=\"JNR Mega Shisha Hookah 100K Puffs jednorazowe smaki waporyzacyjne\" width=\"1200\" height=\"2149\" srcset=\"https:\/\/vapeenjoy.com\/wp-content\/uploads\/2025\/07\/JNR-Mega-Shisha-Hookah-100K-Disposable-Vape.jpg 1200w, https:\/\/vapeenjoy.com\/wp-content\/uploads\/2025\/07\/JNR-Mega-Shisha-Hookah-100K-Disposable-Vape-150x269.jpg 150w, https:\/\/vapeenjoy.com\/wp-content\/uploads\/2025\/07\/JNR-Mega-Shisha-Hookah-100K-Disposable-Vape-600x1075.jpg 600w, https:\/\/vapeenjoy.com\/wp-content\/uploads\/2025\/07\/JNR-Mega-Shisha-Hookah-100K-Disposable-Vape-168x300.jpg 168w, https:\/\/vapeenjoy.com\/wp-content\/uploads\/2025\/07\/JNR-Mega-Shisha-Hookah-100K-Disposable-Vape-572x1024.jpg 572w, https:\/\/vapeenjoy.com\/wp-content\/uploads\/2025\/07\/JNR-Mega-Shisha-Hookah-100K-Disposable-Vape-768x1375.jpg 768w, https:\/\/vapeenjoy.com\/wp-content\/uploads\/2025\/07\/JNR-Mega-Shisha-Hookah-100K-Disposable-Vape-858x1536.jpg 858w, https:\/\/vapeenjoy.com\/wp-content\/uploads\/2025\/07\/JNR-Mega-Shisha-Hookah-100K-Disposable-Vape-1144x2048.jpg 1144w\" sizes=\"(max-width: 1200px) 100vw, 1200px\" \/><\/p>","protected":false},"excerpt":{"rendered":"<p>JNR, zaufana nazwa w innowacji w Vaping, przedstawia jednorazowe waporyzator Mega Shisha Hookah 100K Puffs, \u0142\u0105cz\u0105c tradycyjn\u0105 esencj\u0119 fajki wodnej z nowoczesn\u0105 wygod\u0105. To eleganckie urz\u0105dzenie oferuje do 100 000 zaci\u0105gni\u0119\u0107, pojemno\u015b\u0107 60 ml e-liquid i akumulator 2200 mAh. Dzi\u0119ki podw\u00f3jnej cewce z siatki, regulowanemu przep\u0142ywowi powietrza i inteligentnemu ekranowi LED zapewnia bogaty smak i \u0142atwo\u015b\u0107 u\u017cytkowania podczas ca\u0142odziennego waporyzacji.<\/p>","protected":false},"featured_media":261,"comment_status":"open","ping_status":"closed","template":"","meta":[],"product_brand":[33],"product_cat":[36],"product_tag":[84,63],"class_list":{"0":"post-248","1":"product","2":"type-product","3":"status-publish","4":"has-post-thumbnail","6":"product_brand-jnr-vape","7":"product_cat-100k-puffs-vape","8":"product_tag-2-5-nicotine","9":"product_tag-60ml","11":"first","12":"outofstock","13":"sale","14":"shipping-taxable","15":"purchasable","16":"product-type-variable"},"yoast_head":"<!-- This site is optimized with the Yoast SEO plugin v25.7 - https:\/\/yoast.com\/wordpress\/plugins\/seo\/ -->\n<title>JNR Mega Shisha Hookah 100K Puffs Disposable Vape 60ml<\/title>\n<meta name=\"description\" content=\"JNR Mega Shisha 100K Puffs Disposable Vape with 60ml e-liquid, 2% or 5% nicotine, and smart screen. Enjoy 12 flavors and DTL vaping. Order now!\" \/>\n<meta name=\"robots\" content=\"index, follow, max-snippet:-1, max-image-preview:large, max-video-preview:-1\" \/>\n<link rel=\"canonical\" href=\"https:\/\/vapeenjoy.com\/pl\/produkt\/jnr-mega-shisha-hookah-100k-puffy-jednorazowe-wapory\/\" \/>\n<meta property=\"og:locale\" content=\"pl_PL\" \/>\n<meta property=\"og:type\" content=\"article\" \/>\n<meta property=\"og:title\" content=\"JNR Mega Shisha Hookah 100K Puffs Disposable Vape 60ml\" \/>\n<meta property=\"og:description\" content=\"JNR Mega Shisha 100K Puffs Disposable Vape with 60ml e-liquid, 2% or 5% nicotine, and smart screen. Enjoy 12 flavors and DTL vaping. Order now!\" \/>\n<meta property=\"og:url\" content=\"https:\/\/vapeenjoy.com\/pl\/produkt\/jnr-mega-shisha-hookah-100k-puffy-jednorazowe-wapory\/\" \/>\n<meta property=\"og:site_name\" content=\"vapeenjoy\" \/>\n<meta property=\"article:modified_time\" content=\"2025-09-15T09:34:10+00:00\" \/>\n<meta property=\"og:image\" content=\"https:\/\/vapeenjoy.com\/wp-content\/uploads\/2025\/07\/jnr-mega-shisha-hookah-100000-100k-puffs.webp\" \/>\n\t<meta property=\"og:image:width\" content=\"1080\" \/>\n\t<meta property=\"og:image:height\" content=\"1080\" \/>\n\t<meta property=\"og:image:type\" content=\"image\/webp\" \/>\n<meta name=\"twitter:card\" content=\"summary_large_image\" \/>\n<meta name=\"twitter:label1\" content=\"Szacowany czas czytania\" \/>\n\t<meta name=\"twitter:data1\" content=\"4 minuty\" \/>\n<script type=\"application\/ld+json\" class=\"yoast-schema-graph\">{\"@context\":\"https:\/\/schema.org\",\"@graph\":[{\"@type\":\"WebPage\",\"@id\":\"https:\/\/vapeenjoy.com\/product\/jnr-mega-shisha-hookah-100k-puffs-disposable-vape\/\",\"url\":\"https:\/\/vapeenjoy.com\/product\/jnr-mega-shisha-hookah-100k-puffs-disposable-vape\/\",\"name\":\"JNR Mega Shisha Hookah 100K Puffs Disposable Vape 60ml\",\"isPartOf\":{\"@id\":\"https:\/\/vapeenjoy.com\/#website\"},\"primaryImageOfPage\":{\"@id\":\"https:\/\/vapeenjoy.com\/product\/jnr-mega-shisha-hookah-100k-puffs-disposable-vape\/#primaryimage\"},\"image\":{\"@id\":\"https:\/\/vapeenjoy.com\/product\/jnr-mega-shisha-hookah-100k-puffs-disposable-vape\/#primaryimage\"},\"thumbnailUrl\":\"https:\/\/vapeenjoy.com\/wp-content\/uploads\/2025\/07\/jnr-mega-shisha-hookah-100000-100k-puffs.webp\",\"datePublished\":\"2025-07-19T03:39:34+00:00\",\"dateModified\":\"2025-09-15T09:34:10+00:00\",\"description\":\"JNR Mega Shisha 100K Puffs Disposable Vape with 60ml e-liquid, 2% or 5% nicotine, and smart screen. Enjoy 12 flavors and DTL vaping. Order now!\",\"breadcrumb\":{\"@id\":\"https:\/\/vapeenjoy.com\/product\/jnr-mega-shisha-hookah-100k-puffs-disposable-vape\/#breadcrumb\"},\"inLanguage\":\"pl-PL\",\"potentialAction\":[{\"@type\":\"ReadAction\",\"target\":[\"https:\/\/vapeenjoy.com\/product\/jnr-mega-shisha-hookah-100k-puffs-disposable-vape\/\"]}]},{\"@type\":\"ImageObject\",\"inLanguage\":\"pl-PL\",\"@id\":\"https:\/\/vapeenjoy.com\/product\/jnr-mega-shisha-hookah-100k-puffs-disposable-vape\/#primaryimage\",\"url\":\"https:\/\/vapeenjoy.com\/wp-content\/uploads\/2025\/07\/jnr-mega-shisha-hookah-100000-100k-puffs.webp\",\"contentUrl\":\"https:\/\/vapeenjoy.com\/wp-content\/uploads\/2025\/07\/jnr-mega-shisha-hookah-100000-100k-puffs.webp\",\"width\":1080,\"height\":1080},{\"@type\":\"BreadcrumbList\",\"@id\":\"https:\/\/vapeenjoy.com\/product\/jnr-mega-shisha-hookah-100k-puffs-disposable-vape\/#breadcrumb\",\"itemListElement\":[{\"@type\":\"ListItem\",\"position\":1,\"name\":\"Home\",\"item\":\"https:\/\/vapeenjoy.com\/\"},{\"@type\":\"ListItem\",\"position\":2,\"name\":\"Shop\",\"item\":\"https:\/\/vapeenjoy.com\/vapeenjoy-shop\/\"},{\"@type\":\"ListItem\",\"position\":3,\"name\":\"JNR Mega Shisha Hookah 100K Puffs Disposable Vape 60ml 2% 5% Nicotine Smart Screen\"}]},{\"@type\":\"WebSite\",\"@id\":\"https:\/\/vapeenjoy.com\/#website\",\"url\":\"https:\/\/vapeenjoy.com\/\",\"name\":\"vapeenjoy\",\"description\":\"An online store for selling vapes\",\"potentialAction\":[{\"@type\":\"SearchAction\",\"target\":{\"@type\":\"EntryPoint\",\"urlTemplate\":\"https:\/\/vapeenjoy.com\/?s={search_term_string}\"},\"query-input\":{\"@type\":\"PropertyValueSpecification\",\"valueRequired\":true,\"valueName\":\"search_term_string\"}}],\"inLanguage\":\"pl-PL\"}]}<\/script>\n<!-- \/ Yoast SEO plugin. -->","yoast_head_json":{"title":"JNR Mega Shisha Hookah 100K Puffy jednorazowe waporyzator 60ml","description":"JNR Mega Shisha 100K Puffs jednorazowe waporyzator z 60 ml E-liquid, 2% lub 5% nikotyn\u0105 i inteligentnym ekranem. Ciesz si\u0119 12 smakami i vaping DTL. Zam\u00f3w teraz!","robots":{"index":"index","follow":"follow","max-snippet":"max-snippet:-1","max-image-preview":"max-image-preview:large","max-video-preview":"max-video-preview:-1"},"canonical":"https:\/\/vapeenjoy.com\/pl\/produkt\/jnr-mega-shisha-hookah-100k-puffy-jednorazowe-wapory\/","og_locale":"pl_PL","og_type":"article","og_title":"JNR Mega Shisha Hookah 100K Puffs Disposable Vape 60ml","og_description":"JNR Mega Shisha 100K Puffs Disposable Vape with 60ml e-liquid, 2% or 5% nicotine, and smart screen. Enjoy 12 flavors and DTL vaping. Order now!","og_url":"https:\/\/vapeenjoy.com\/pl\/produkt\/jnr-mega-shisha-hookah-100k-puffy-jednorazowe-wapory\/","og_site_name":"vapeenjoy","article_modified_time":"2025-09-15T09:34:10+00:00","og_image":[{"width":1080,"height":1080,"url":"https:\/\/vapeenjoy.com\/wp-content\/uploads\/2025\/07\/jnr-mega-shisha-hookah-100000-100k-puffs.webp","type":"image\/webp"}],"twitter_card":"summary_large_image","twitter_misc":{"Szacowany czas czytania":"4 minuty"},"schema":{"@context":"https:\/\/schema.org","@graph":[{"@type":"WebPage","@id":"https:\/\/vapeenjoy.com\/product\/jnr-mega-shisha-hookah-100k-puffs-disposable-vape\/","url":"https:\/\/vapeenjoy.com\/product\/jnr-mega-shisha-hookah-100k-puffs-disposable-vape\/","name":"JNR Mega Shisha Hookah 100K Puffy jednorazowe waporyzator 60ml","isPartOf":{"@id":"https:\/\/vapeenjoy.com\/#website"},"primaryImageOfPage":{"@id":"https:\/\/vapeenjoy.com\/product\/jnr-mega-shisha-hookah-100k-puffs-disposable-vape\/#primaryimage"},"image":{"@id":"https:\/\/vapeenjoy.com\/product\/jnr-mega-shisha-hookah-100k-puffs-disposable-vape\/#primaryimage"},"thumbnailUrl":"https:\/\/vapeenjoy.com\/wp-content\/uploads\/2025\/07\/jnr-mega-shisha-hookah-100000-100k-puffs.webp","datePublished":"2025-07-19T03:39:34+00:00","dateModified":"2025-09-15T09:34:10+00:00","description":"JNR Mega Shisha 100K Puffs jednorazowe waporyzator z 60 ml E-liquid, 2% lub 5% nikotyn\u0105 i inteligentnym ekranem. Ciesz si\u0119 12 smakami i vaping DTL. Zam\u00f3w teraz!","breadcrumb":{"@id":"https:\/\/vapeenjoy.com\/product\/jnr-mega-shisha-hookah-100k-puffs-disposable-vape\/#breadcrumb"},"inLanguage":"pl-PL","potentialAction":[{"@type":"ReadAction","target":["https:\/\/vapeenjoy.com\/product\/jnr-mega-shisha-hookah-100k-puffs-disposable-vape\/"]}]},{"@type":"ImageObject","inLanguage":"pl-PL","@id":"https:\/\/vapeenjoy.com\/product\/jnr-mega-shisha-hookah-100k-puffs-disposable-vape\/#primaryimage","url":"https:\/\/vapeenjoy.com\/wp-content\/uploads\/2025\/07\/jnr-mega-shisha-hookah-100000-100k-puffs.webp","contentUrl":"https:\/\/vapeenjoy.com\/wp-content\/uploads\/2025\/07\/jnr-mega-shisha-hookah-100000-100k-puffs.webp","width":1080,"height":1080},{"@type":"BreadcrumbList","@id":"https:\/\/vapeenjoy.com\/product\/jnr-mega-shisha-hookah-100k-puffs-disposable-vape\/#breadcrumb","itemListElement":[{"@type":"ListItem","position":1,"name":"Home","item":"https:\/\/vapeenjoy.com\/"},{"@type":"ListItem","position":2,"name":"Shop","item":"https:\/\/vapeenjoy.com\/vapeenjoy-shop\/"},{"@type":"ListItem","position":3,"name":"JNR Mega Shisha Hookah 100K Puffs Disposable Vape 60ml 2% 5% Nicotine Smart Screen"}]},{"@type":"WebSite","@id":"https:\/\/vapeenjoy.com\/#website","url":"https:\/\/vapeenjoy.com\/","name":"skutkowaty","description":"Sklep internetowy do sprzeda\u017cy vapes","potentialAction":[{"@type":"SearchAction","target":{"@type":"EntryPoint","urlTemplate":"https:\/\/vapeenjoy.com\/?s={search_term_string}"},"query-input":{"@type":"PropertyValueSpecification","valueRequired":true,"valueName":"search_term_string"}}],"inLanguage":"pl-PL"}]}},"_links":{"self":[{"href":"https:\/\/vapeenjoy.com\/pl\/wp-json\/wp\/v2\/product\/248","targetHints":{"allow":["GET"]}}],"collection":[{"href":"https:\/\/vapeenjoy.com\/pl\/wp-json\/wp\/v2\/product"}],"about":[{"href":"https:\/\/vapeenjoy.com\/pl\/wp-json\/wp\/v2\/types\/product"}],"replies":[{"embeddable":true,"href":"https:\/\/vapeenjoy.com\/pl\/wp-json\/wp\/v2\/comments?post=248"}],"version-history":[{"count":3,"href":"https:\/\/vapeenjoy.com\/pl\/wp-json\/wp\/v2\/product\/248\/revisions"}],"predecessor-version":[{"id":2370,"href":"https:\/\/vapeenjoy.com\/pl\/wp-json\/wp\/v2\/product\/248\/revisions\/2370"}],"wp:featuredmedia":[{"embeddable":true,"href":"https:\/\/vapeenjoy.com\/pl\/wp-json\/wp\/v2\/media\/261"}],"wp:attachment":[{"href":"https:\/\/vapeenjoy.com\/pl\/wp-json\/wp\/v2\/media?parent=248"}],"wp:term":[{"taxonomy":"product_brand","embeddable":true,"href":"https:\/\/vapeenjoy.com\/pl\/wp-json\/wp\/v2\/product_brand?post=248"},{"taxonomy":"product_cat","embeddable":true,"href":"https:\/\/vapeenjoy.com\/pl\/wp-json\/wp\/v2\/product_cat?post=248"},{"taxonomy":"product_tag","embeddable":true,"href":"https:\/\/vapeenjoy.com\/pl\/wp-json\/wp\/v2\/product_tag?post=248"}],"curies":[{"name":"wp","href":"https:\/\/api.w.org\/{rel}","templated":true}]}}