{"id":2653,"date":"2025-09-02T10:06:40","date_gmt":"2025-09-02T10:06:40","guid":{"rendered":"https:\/\/vapeenjoy.com\/?post_type=product&#038;p=2653"},"modified":"2025-09-08T02:49:39","modified_gmt":"2025-09-08T02:49:39","slug":"vapme-shisha-30000-puffs-disposable-vape-36ml-e-liquid-2-nicotine","status":"publish","type":"product","link":"https:\/\/vapeenjoy.com\/pl\/produkt\/vapme-shisha-30000-puffs-jednorazowe-vape-36ml-e-liquid-2-nikotyna\/","title":{"rendered":"VAPME Shisha 30000 Puffy jednorazowe wapory 36ml e-liquid 2% nikotyna"},"content":{"rendered":"<h2>VAPME Shisha 30000 Puffs jednorazowe waporyzator: wyb\u00f3r premium<\/h2>\n<p>VAPME to zaufana nazwa w bran\u017cy vaping. Na przyk\u0142ad jednorazowy waporyzator VAPME Shisha 30000 Puffs oferuje trwa\u0142e, inspirowane szisz\u0105 rozwi\u0105zanie z do 30 000 zaci\u0105gni\u0119\u0107. Dodatkowo jego elegancki, b\u0142yszcz\u0105cy design wygodnie mie\u015bci si\u0119 w d\u0142oni lub kieszeni. Jest to wi\u0119c praktyczny wyb\u00f3r do codziennego u\u017cytku.<\/p>\n<h3>Specyfikacje produktu<\/h3>\n<h4>Kluczowe cechy<\/h4>\n<p>\u25cb <b>Liczba zaci\u0105gni\u0119\u0107: 30 000<\/b> \u2013 Zapewnia do 30 000 zaci\u0105gni\u0119\u0107 do d\u0142u\u017cszego u\u017cytkowania.<br \/>\n\u25cb <b>Pojemno\u015b\u0107 e-liquid\u00f3w: 36ml<\/b> \u2013 Mie\u015bci 36 ml e-liquidu na d\u0142ugie sesje.<br \/>\n\u25cb <b>Si\u0142a nikotyny: 2%<\/b> \u2013 Zapewnia g\u0142adkie uderzenie nikotyn\u0105 2%.<br \/>\n\u25cb <b>Pojemno\u015b\u0107 baterii: 850 mAh<\/b> -Wyciek z akumulatorem 850 mAh.<\/p>\n<h4>Dodatkowe specyfikacje<\/h4>\n<p>\u25cb <b>Port \u0142adowania: Typ-C<\/b> \u2013 U\u017cywa portu typu C do szybkiego \u0142adowania.<br \/>\n\u25cb <b>Typ cewki: cewka siatka 0,6\u03a9<\/b> \u2013 Zapewnia r\u00f3wnomierne ogrzewanie dla bogatych smak\u00f3w.<br \/>\n\u25cb <b>Styl vaping: bezpo\u015brednio do p\u0142uca (DTL)<\/b> \u2013 Zoptymalizowany pod k\u0105tem wytrzyma\u0142o\u015bci pary.<br \/>\n\u25cb <b>Wy\u015bwietlacz: ekran LED<\/b> - Pokazuje poziomy baterii i e-liquid\u00f3w w czasie rzeczywistym.<\/p>\n<h3>20 \u017cywych smak\u00f3w<\/h3>\n<h4>Smaki owocowe<\/h4>\n<p>1. <b>Mi\u0142o\u015b\u0107 66<\/b> \u2013 Na przyk\u0142ad oferuje to s\u0142odkie i pikantne nuty.<br \/>\n2. <b>Arbuz truskawkowy<\/b> \u2013 Soczysty arbuz z dojrza\u0142ymi truskawkami.<br \/>\n3. <b>kiwi truskawkowe<\/b> \u2013 S\u0142odkie truskawki spotykaj\u0105 tarty kiwi.<br \/>\n4. <b>l\u00f3d truskawkowy<\/b> \u2013 Truskawki z ch\u0142odnym wyko\u0144czeniem mentolowym.<br \/>\n5. <b>Pani zabija<\/b> \u2013 Egzotyczne owoce o g\u0142adkim posmaku.<br \/>\n6. <b>guma do \u017cucia<\/b> \u2013 Co wi\u0119cej, \u0142\u0105czy to jagod\u0119 z gum\u0105 do \u017cucia.<br \/>\n7. <b>Kiwi marakuja Guawa<\/b> \u2013 Tropikalne kiwi, marakuja i guawa.<br \/>\n8. <b>Byk arbuzowy<\/b> \u2013 Arbuz z dodatkiem napoju energetycznego.<br \/>\n9. <b>Mieszane jagody<\/b> \u2013 Mieszanka s\u0142odkich i cierpkich jag\u00f3d.<br \/>\n10. <b>Ananas brzoskwiniowy mango<\/b> \u2013 W konsekwencji miesza si\u0119 brzoskwini\u0119, mango i ananasa.<\/p>\n<h4>Fajne i odwa\u017cne smaki<\/h4>\n<p>11. <b>Jagoda na lodzie<\/b> \u2013 Jagody z mentolowym kopni\u0119ciem.<br \/>\n12. <b>l\u00f3d arbuzowy<\/b> \u2013 Na przyk\u0142ad arbuz z mro\u017anym wyko\u0144czeniem.<br \/>\n13. <b>\u015bpimy<\/b> - Odwa\u017cna mieszanka owoc\u00f3w tropikalnych.<br \/>\n14. <b>truskawkowy winog<\/b> \u2013 Truskawki w po\u0142\u0105czeniu z soczystymi winogronami.<br \/>\n15. <b>cukierki malinowe z jagodami<\/b> \u2013 s\u0142odkie cukierki z jagodami malinowymi.<br \/>\n16. <b>Lemoniada niebieski Razz<\/b> \u2013 Ponadto mieszanka malin z lemoniad\u0105.<br \/>\n17. <b>soczysta brzoskwinia<\/b> \u2013 Dojrza\u0142e, soczyste brzoskwinie.<br \/>\n18. <b>mro\u017cone jab\u0142ko<\/b> \u2013 Chrupi\u0105ce jab\u0142ko z mentolem.<br \/>\n19. <b>l\u00f3d wi\u015bni<\/b> \u2013 S\u0142odkie wi\u015bnie z fajnym finiszem.<br \/>\n20. <b>Truskawkowy Byk<\/b> \u2013 Tak wi\u0119c truskawki z kopni\u0119ciem napoju energetycznego.<\/p>\n<h3>Cz\u0119sto zadawane pytania<\/h3>\n<p>1. <b>Jaka jest liczba zaci\u0105gni\u0119\u0107?<\/b><br \/>\nNa przyk\u0142ad oferuje do 30 000 zaci\u0105gni\u0119\u0107 do d\u0142ugotrwa\u0142ego u\u017cytkowania.<\/p>\n<p>2. <b>Czy bateria jest \u0142adowana?<\/b><br \/>\nTak, bateria 850 mAh \u0142aduje si\u0119 za pomoc\u0105 typu C.<\/p>\n<p>3. <b>Jaka jest si\u0142a nikotyny?<\/b><br \/>\nMa si\u0142\u0119 nikotyny 2%, co zapewnia p\u0142ynne uderzenie.<\/p>\n<p>4. <b>Jak wybra\u0107 odpowiedni smak?<\/b><br \/>\nNa przyk\u0142ad spr\u00f3buj truskawkowego arbuza na s\u0142odycz lub jagod\u0119 na lodzie, aby uzyska\u0107 ch\u0142odniejsze uczucie. W zwi\u0105zku z tym eksperymentowanie pomaga znale\u017a\u0107 swojego ulubionego.<\/p>\n<p>5. <b>Czy nadaje si\u0119 do wapowania DTL?<\/b><br \/>\nTak, jest zoptymalizowany do vapingu z bezpo\u015brednim do p\u0142uc.<\/p>\n<p>6. <b>Czy ma wy\u015bwietlacz?<\/b><br \/>\nPonadto ekran LED pokazuje poziomy baterii i e-liquid\u00f3w.<\/p>\n<p>7. <b>Jakiej cewki u\u017cywa?<\/b><br \/>\nWykorzystuje cewk\u0119 oczkow\u0105 o siatce 0,6 \u03a9, aby uzyska\u0107 aromatyczne pary.<\/p>","protected":false},"excerpt":{"rendered":"<p dir=\"ltr\" data-pm-slice=\"1 1 []\">VAPME, zaufana marka Vaping, zapewnia jako\u015b\u0107 i innowacyjno\u015b\u0107. Jednorazowe waporyzatory VAPME Shisha 30000 Puffs oferuj\u0105 inspirowane szisz\u0105 do\u015bwiadczenie z 30 000 puff\u00f3w, 36 ml e-liquid, nikotyn\u0105 2% i akumulatorem 850 mAh z \u0142adowaniem typu C. Jego cewka z siatki 0,6 \u03a9 i wy\u015bwietlacz LED zapewniaj\u0105 bogate smaki i wygod\u0119 u\u017cytkownika.<\/p>","protected":false},"featured_media":2655,"comment_status":"open","ping_status":"closed","template":"","meta":[],"product_brand":[207],"product_cat":[31],"product_tag":[85,67],"class_list":{"0":"post-2653","1":"product","2":"type-product","3":"status-publish","4":"has-post-thumbnail","6":"product_brand-vapme-vape","7":"product_cat-30000-puffs-vape","8":"product_tag-2-nicotine","9":"product_tag-36ml","11":"first","12":"instock","13":"sale","14":"shipping-taxable","15":"purchasable","16":"product-type-variable"},"yoast_head":"<!-- This site is optimized with the Yoast SEO plugin v25.7 - https:\/\/yoast.com\/wordpress\/plugins\/seo\/ -->\n<title>VAPME Shisha 30000 Puffs Disposable Vape 36ml 2% Nicotine<\/title>\n<meta name=\"description\" content=\"VAPME\u2019s Shisha 30000 Puffs Disposable Vape offers 30,000 puffs, 36ml e-liquid, 2% nicotine, and an 850mAh battery with Type-C charging. Shop now.\" \/>\n<meta name=\"robots\" content=\"index, follow, max-snippet:-1, max-image-preview:large, max-video-preview:-1\" \/>\n<link rel=\"canonical\" href=\"https:\/\/vapeenjoy.com\/pl\/produkt\/vapme-shisha-30000-puffs-jednorazowe-vape-36ml-e-liquid-2-nikotyna\/\" \/>\n<meta property=\"og:locale\" content=\"pl_PL\" \/>\n<meta property=\"og:type\" content=\"article\" \/>\n<meta property=\"og:title\" content=\"VAPME Shisha 30000 Puffs Disposable Vape 36ml 2% Nicotine\" \/>\n<meta property=\"og:description\" content=\"VAPME\u2019s Shisha 30000 Puffs Disposable Vape offers 30,000 puffs, 36ml e-liquid, 2% nicotine, and an 850mAh battery with Type-C charging. Shop now.\" \/>\n<meta property=\"og:url\" content=\"https:\/\/vapeenjoy.com\/pl\/produkt\/vapme-shisha-30000-puffs-jednorazowe-vape-36ml-e-liquid-2-nikotyna\/\" \/>\n<meta property=\"og:site_name\" content=\"vapeenjoy\" \/>\n<meta property=\"article:modified_time\" content=\"2025-09-08T02:49:39+00:00\" \/>\n<meta property=\"og:image\" content=\"https:\/\/vapeenjoy.com\/wp-content\/uploads\/2025\/09\/VAPME-Shisha-30000-Puffs-Disposable-Vape.webp\" \/>\n\t<meta property=\"og:image:width\" content=\"600\" \/>\n\t<meta property=\"og:image:height\" content=\"600\" \/>\n\t<meta property=\"og:image:type\" content=\"image\/webp\" \/>\n<meta name=\"twitter:card\" content=\"summary_large_image\" \/>\n<meta name=\"twitter:label1\" content=\"Szacowany czas czytania\" \/>\n\t<meta name=\"twitter:data1\" content=\"3 minuty\" \/>\n<script type=\"application\/ld+json\" class=\"yoast-schema-graph\">{\"@context\":\"https:\/\/schema.org\",\"@graph\":[{\"@type\":\"WebPage\",\"@id\":\"https:\/\/vapeenjoy.com\/product\/vapme-shisha-30000-puffs-disposable-vape-36ml-e-liquid-2-nicotine\/\",\"url\":\"https:\/\/vapeenjoy.com\/product\/vapme-shisha-30000-puffs-disposable-vape-36ml-e-liquid-2-nicotine\/\",\"name\":\"VAPME Shisha 30000 Puffs Disposable Vape 36ml 2% Nicotine\",\"isPartOf\":{\"@id\":\"https:\/\/vapeenjoy.com\/#website\"},\"primaryImageOfPage\":{\"@id\":\"https:\/\/vapeenjoy.com\/product\/vapme-shisha-30000-puffs-disposable-vape-36ml-e-liquid-2-nicotine\/#primaryimage\"},\"image\":{\"@id\":\"https:\/\/vapeenjoy.com\/product\/vapme-shisha-30000-puffs-disposable-vape-36ml-e-liquid-2-nicotine\/#primaryimage\"},\"thumbnailUrl\":\"https:\/\/vapeenjoy.com\/wp-content\/uploads\/2025\/09\/VAPME-Shisha-30000-Puffs-Disposable-Vape.webp\",\"datePublished\":\"2025-09-02T10:06:40+00:00\",\"dateModified\":\"2025-09-08T02:49:39+00:00\",\"description\":\"VAPME\u2019s Shisha 30000 Puffs Disposable Vape offers 30,000 puffs, 36ml e-liquid, 2% nicotine, and an 850mAh battery with Type-C charging. Shop now.\",\"breadcrumb\":{\"@id\":\"https:\/\/vapeenjoy.com\/product\/vapme-shisha-30000-puffs-disposable-vape-36ml-e-liquid-2-nicotine\/#breadcrumb\"},\"inLanguage\":\"pl-PL\",\"potentialAction\":[{\"@type\":\"ReadAction\",\"target\":[\"https:\/\/vapeenjoy.com\/product\/vapme-shisha-30000-puffs-disposable-vape-36ml-e-liquid-2-nicotine\/\"]}]},{\"@type\":\"ImageObject\",\"inLanguage\":\"pl-PL\",\"@id\":\"https:\/\/vapeenjoy.com\/product\/vapme-shisha-30000-puffs-disposable-vape-36ml-e-liquid-2-nicotine\/#primaryimage\",\"url\":\"https:\/\/vapeenjoy.com\/wp-content\/uploads\/2025\/09\/VAPME-Shisha-30000-Puffs-Disposable-Vape.webp\",\"contentUrl\":\"https:\/\/vapeenjoy.com\/wp-content\/uploads\/2025\/09\/VAPME-Shisha-30000-Puffs-Disposable-Vape.webp\",\"width\":600,\"height\":600},{\"@type\":\"BreadcrumbList\",\"@id\":\"https:\/\/vapeenjoy.com\/product\/vapme-shisha-30000-puffs-disposable-vape-36ml-e-liquid-2-nicotine\/#breadcrumb\",\"itemListElement\":[{\"@type\":\"ListItem\",\"position\":1,\"name\":\"Home\",\"item\":\"https:\/\/vapeenjoy.com\/\"},{\"@type\":\"ListItem\",\"position\":2,\"name\":\"Shop\",\"item\":\"https:\/\/vapeenjoy.com\/vapeenjoy-shop\/\"},{\"@type\":\"ListItem\",\"position\":3,\"name\":\"VAPME Shisha 30000 Puffs Disposable Vape 36ml e-liquid 2% Nicotine\"}]},{\"@type\":\"WebSite\",\"@id\":\"https:\/\/vapeenjoy.com\/#website\",\"url\":\"https:\/\/vapeenjoy.com\/\",\"name\":\"vapeenjoy\",\"description\":\"An online store for selling vapes\",\"potentialAction\":[{\"@type\":\"SearchAction\",\"target\":{\"@type\":\"EntryPoint\",\"urlTemplate\":\"https:\/\/vapeenjoy.com\/?s={search_term_string}\"},\"query-input\":{\"@type\":\"PropertyValueSpecification\",\"valueRequired\":true,\"valueName\":\"search_term_string\"}}],\"inLanguage\":\"pl-PL\"}]}<\/script>\n<!-- \/ Yoast SEO plugin. -->","yoast_head_json":{"title":"VAPME Shisha 30000 Puffy jednorazowe vape 36ml 2% nikotyna","description":"Jednorazowe waporyzatory VAPME 30000 Puffs oferuj\u0105 30 000 zaci\u0105gni\u0119\u0107, 36 ml e-liquidu, nikotyn\u0119 2% i bateri\u0119 850 mAh z \u0142adowaniem typu C. Kup teraz.","robots":{"index":"index","follow":"follow","max-snippet":"max-snippet:-1","max-image-preview":"max-image-preview:large","max-video-preview":"max-video-preview:-1"},"canonical":"https:\/\/vapeenjoy.com\/pl\/produkt\/vapme-shisha-30000-puffs-jednorazowe-vape-36ml-e-liquid-2-nikotyna\/","og_locale":"pl_PL","og_type":"article","og_title":"VAPME Shisha 30000 Puffs Disposable Vape 36ml 2% Nicotine","og_description":"VAPME\u2019s Shisha 30000 Puffs Disposable Vape offers 30,000 puffs, 36ml e-liquid, 2% nicotine, and an 850mAh battery with Type-C charging. Shop now.","og_url":"https:\/\/vapeenjoy.com\/pl\/produkt\/vapme-shisha-30000-puffs-jednorazowe-vape-36ml-e-liquid-2-nikotyna\/","og_site_name":"vapeenjoy","article_modified_time":"2025-09-08T02:49:39+00:00","og_image":[{"width":600,"height":600,"url":"https:\/\/vapeenjoy.com\/wp-content\/uploads\/2025\/09\/VAPME-Shisha-30000-Puffs-Disposable-Vape.webp","type":"image\/webp"}],"twitter_card":"summary_large_image","twitter_misc":{"Szacowany czas czytania":"3 minuty"},"schema":{"@context":"https:\/\/schema.org","@graph":[{"@type":"WebPage","@id":"https:\/\/vapeenjoy.com\/product\/vapme-shisha-30000-puffs-disposable-vape-36ml-e-liquid-2-nicotine\/","url":"https:\/\/vapeenjoy.com\/product\/vapme-shisha-30000-puffs-disposable-vape-36ml-e-liquid-2-nicotine\/","name":"VAPME Shisha 30000 Puffy jednorazowe vape 36ml 2% nikotyna","isPartOf":{"@id":"https:\/\/vapeenjoy.com\/#website"},"primaryImageOfPage":{"@id":"https:\/\/vapeenjoy.com\/product\/vapme-shisha-30000-puffs-disposable-vape-36ml-e-liquid-2-nicotine\/#primaryimage"},"image":{"@id":"https:\/\/vapeenjoy.com\/product\/vapme-shisha-30000-puffs-disposable-vape-36ml-e-liquid-2-nicotine\/#primaryimage"},"thumbnailUrl":"https:\/\/vapeenjoy.com\/wp-content\/uploads\/2025\/09\/VAPME-Shisha-30000-Puffs-Disposable-Vape.webp","datePublished":"2025-09-02T10:06:40+00:00","dateModified":"2025-09-08T02:49:39+00:00","description":"Jednorazowe waporyzatory VAPME 30000 Puffs oferuj\u0105 30 000 zaci\u0105gni\u0119\u0107, 36 ml e-liquidu, nikotyn\u0119 2% i bateri\u0119 850 mAh z \u0142adowaniem typu C. Kup teraz.","breadcrumb":{"@id":"https:\/\/vapeenjoy.com\/product\/vapme-shisha-30000-puffs-disposable-vape-36ml-e-liquid-2-nicotine\/#breadcrumb"},"inLanguage":"pl-PL","potentialAction":[{"@type":"ReadAction","target":["https:\/\/vapeenjoy.com\/product\/vapme-shisha-30000-puffs-disposable-vape-36ml-e-liquid-2-nicotine\/"]}]},{"@type":"ImageObject","inLanguage":"pl-PL","@id":"https:\/\/vapeenjoy.com\/product\/vapme-shisha-30000-puffs-disposable-vape-36ml-e-liquid-2-nicotine\/#primaryimage","url":"https:\/\/vapeenjoy.com\/wp-content\/uploads\/2025\/09\/VAPME-Shisha-30000-Puffs-Disposable-Vape.webp","contentUrl":"https:\/\/vapeenjoy.com\/wp-content\/uploads\/2025\/09\/VAPME-Shisha-30000-Puffs-Disposable-Vape.webp","width":600,"height":600},{"@type":"BreadcrumbList","@id":"https:\/\/vapeenjoy.com\/product\/vapme-shisha-30000-puffs-disposable-vape-36ml-e-liquid-2-nicotine\/#breadcrumb","itemListElement":[{"@type":"ListItem","position":1,"name":"Home","item":"https:\/\/vapeenjoy.com\/"},{"@type":"ListItem","position":2,"name":"Shop","item":"https:\/\/vapeenjoy.com\/vapeenjoy-shop\/"},{"@type":"ListItem","position":3,"name":"VAPME Shisha 30000 Puffs Disposable Vape 36ml e-liquid 2% Nicotine"}]},{"@type":"WebSite","@id":"https:\/\/vapeenjoy.com\/#website","url":"https:\/\/vapeenjoy.com\/","name":"skutkowaty","description":"Sklep internetowy do sprzeda\u017cy vapes","potentialAction":[{"@type":"SearchAction","target":{"@type":"EntryPoint","urlTemplate":"https:\/\/vapeenjoy.com\/?s={search_term_string}"},"query-input":{"@type":"PropertyValueSpecification","valueRequired":true,"valueName":"search_term_string"}}],"inLanguage":"pl-PL"}]}},"_links":{"self":[{"href":"https:\/\/vapeenjoy.com\/pl\/wp-json\/wp\/v2\/product\/2653","targetHints":{"allow":["GET"]}}],"collection":[{"href":"https:\/\/vapeenjoy.com\/pl\/wp-json\/wp\/v2\/product"}],"about":[{"href":"https:\/\/vapeenjoy.com\/pl\/wp-json\/wp\/v2\/types\/product"}],"replies":[{"embeddable":true,"href":"https:\/\/vapeenjoy.com\/pl\/wp-json\/wp\/v2\/comments?post=2653"}],"version-history":[{"count":1,"href":"https:\/\/vapeenjoy.com\/pl\/wp-json\/wp\/v2\/product\/2653\/revisions"}],"predecessor-version":[{"id":2661,"href":"https:\/\/vapeenjoy.com\/pl\/wp-json\/wp\/v2\/product\/2653\/revisions\/2661"}],"wp:featuredmedia":[{"embeddable":true,"href":"https:\/\/vapeenjoy.com\/pl\/wp-json\/wp\/v2\/media\/2655"}],"wp:attachment":[{"href":"https:\/\/vapeenjoy.com\/pl\/wp-json\/wp\/v2\/media?parent=2653"}],"wp:term":[{"taxonomy":"product_brand","embeddable":true,"href":"https:\/\/vapeenjoy.com\/pl\/wp-json\/wp\/v2\/product_brand?post=2653"},{"taxonomy":"product_cat","embeddable":true,"href":"https:\/\/vapeenjoy.com\/pl\/wp-json\/wp\/v2\/product_cat?post=2653"},{"taxonomy":"product_tag","embeddable":true,"href":"https:\/\/vapeenjoy.com\/pl\/wp-json\/wp\/v2\/product_tag?post=2653"}],"curies":[{"name":"wp","href":"https:\/\/api.w.org\/{rel}","templated":true}]}}