{"id":2664,"date":"2025-09-03T06:35:14","date_gmt":"2025-09-03T06:35:14","guid":{"rendered":"https:\/\/vapeenjoy.com\/?post_type=product&#038;p=2664"},"modified":"2025-09-08T02:48:44","modified_gmt":"2025-09-08T02:48:44","slug":"uzy-crystal-4-in-1-flavors-100k-puffs-disposable-vape-56ml-e-liquid-0-5-nicotine","status":"publish","type":"product","link":"https:\/\/vapeenjoy.com\/pl\/produkt\/uzy-crystal-4-w-1-smaki-100k-puffy-jednorazowe-vape-56ml-e-liquid-0-5-nikotyna\/","title":{"rendered":"Uzy Crystal 4 w 1 smaki 100K Puffy jednorazowe vape 56ml e-liquid 0-5% Nikotyna"},"content":{"rendered":"<h2>Uzy Crystal 4 w 1 smaki 100k Puffs jednorazowe waporyzator<\/h2>\n<p>Uzy, zaufana marka Vaping, przedstawia jednorazowe waporyzator Crystal 4 w 1 o smakach 100K Puffs. W ten spos\u00f3b zapewnia wygod\u0119 dla vaper\u00f3w poszukuj\u0105cych r\u00f3\u017cnorodno\u015bci. Ponadto jego kryszta\u0142owa konstrukcja zapewnia trwa\u0142o\u015b\u0107. Dodatkowo przezroczysty korpus prezentuje \u017cywy e-liquid. Dzi\u0119ki temu idealnie \u0142\u0105czy styl i funkcjonalno\u015b\u0107.<\/p>\n<h3>Specyfikacje produktu<\/h3>\n<p>\u2022 <b>Liczba zaci\u0105gni\u0119\u0107: 100 000<\/b> - Zapewnia 100 000 zaci\u0105gni\u0119\u0107 do trwa\u0142ego u\u017cytkowania.<br \/>\n\u2022 <b>Pojemno\u015b\u0107 e-liquid\u00f3w: 56ml<\/b> - Zawiera 56 ml, 14 ml na smak.<br \/>\n\u2022 <b>Bateria: 850 mAh akumulator<\/b> - Zawiera bateri\u0119 850 mAh z \u0142adowaniem typu C.<br \/>\n\u2022 <b>Si\u0142a nikotyny: 0%-5%<\/b> \u2013 Zapewnia 0%, 2%, 3%, 5% nikotyn\u0119.<br \/>\n\u2022 <b>Typ cewki: cewki siatki Quad 1,2 \u03a9<\/b> \u2013 Cztery cewki zapewniaj\u0105 odwa\u017cny smak.<br \/>\n\u2022 <b>Port \u0142adowania: Typ-C<\/b> - Obs\u0142uguje szybkie \u0142adowanie typu C.<br \/>\n\u2022 <b>Wy\u015bwietlacz: inteligentny ekran LED<\/b> \u2013 Pokazuje liczb\u0119 zaci\u0105gni\u0119\u0107 i stan baterii.<br \/>\n\u2022 <b>Materia\u0142: PC<\/b> - U\u017cywa lekkiego, wytrzyma\u0142ego poliw\u0119glanu.<br \/>\n\u2022 <b>Aktywacja: aktywowana remisem<\/b> \u2013 Wdech-do-vape dla prostej obs\u0142ugi.<\/p>\n<h3>Owocowe i tropikalne kombinacje smakowe<\/h3>\n<p>01. <b>Truskawkowy arbuz, Blue Razz Ice, Jagoda Malina Wi\u015bnia, Fizzy Ice Wi\u015bniowe<\/b> \u2013 truskawkowo-arbuz, lodowaty b\u0142\u0119kit razz, jagoda-wi\u015bnia i wi\u015bnia fizzy.<br \/>\n02. <b>L\u00f3d brzoskwiniowy, wi\u015bnia jagodowa, nap\u00f3j energetyczny, arbuzowy liczi<\/b> \u2013 Ch\u0142odna brzoskwinia, jagoda-wi\u015bnia, odwa\u017cny nap\u00f3j energetyczny i arbuz-lychee.<br \/>\n05. <b>Lody jagodowe, morelowy z mango, kiwi marakuja, guawa z marakui, bia\u0142a brzoskwinia razz<\/b> \u2013 sch\u0142odzona jagoda, mango-brzoskwinia, kiwi-guava i brzoskwiniowa razz.<br \/>\n06. <b>Ananas brzoskwiniowy, malina jagodowa, cytryna limonka, arbuz ba\u0144ka gumowa<\/b> \u2013 Brzoskwiniowo-mango, jagody, cytryna-limonka i guma arbuzowa.<br \/>\n09. <b>Ice arbuzowe, Blue Razz Cherry, Arbuz Sour Peach, Passion Fruit Kiwi<\/b> \u2013 Ch\u0142odny arbuz, b\u0142\u0119kitny raz-wi\u015bnia, kwa\u015bny arbuz-brzoskwinia i kiwi.<\/p>\n<h3>Kombinacje smakowe inspirowane jagodami i cukierkami<\/h3>\n<p>03. <b>Lody jagodowe, banan truskawkowy, dwa jab\u0142ka, kr\u0119gle<\/b> \u2013 Mro\u017ana jagoda, truskawkowo-bananowe, chrupi\u0105ce jab\u0142ka i cukierki Skittles.<br \/>\n04. <b>Lody wi\u015bniowe, l\u00f3d winogronowy, mango z marakui, mi\u0142o\u015b\u0107 66<\/b> \u2013 Ch\u0142odna winogrona, marakuja-mango i wyj\u0105tkowa mi\u0142o\u015b\u0107 66.<br \/>\n07. <b>Mieszane jagody, marakuja kiwi limonka, winogrono \u017curawinowe, truskawkowe kiwi<\/b> \u2013 Jagody, kiwi-limonka, winogrona \u017curawinowa i truskawka-kiwi.<br \/>\n08. <b>Lody truskawkowe, gumowaty mi\u015b, arbuz smoka owoc, jagoda kiwi<\/b> \u2013 Lodowa truskawka, gumowaty mi\u015b, owoc smoka arbuza i jagodowy-kiwi.<br \/>\n10. <b>Truskawkowe Mango, Mr Blue, Lato Brzoskwinia Lod, Czarny Ice<\/b> \u2013 Truskawkowe mango, Mr Blue, Fresh Peach i Je\u017cyny Lodowy.<\/p>\n<h3>Najcz\u0119\u015bciej zadawane pytania<\/h3>\n<p>1. Co sprawia, \u017ce Uzy Crystal 4 w 1 jest wyj\u0105tkowy?<br \/>\nJego czterosmakowy system zapewnia r\u00f3\u017cnorodno\u015b\u0107. Na przyk\u0142ad przewy\u017csza wi\u0119kszo\u015b\u0107 jednorazowego u\u017cytku.<\/p>\n<p>2 . Sk\u0105d mam wiedzie\u0107, kiedy do\u0142adowa\u0107?<br \/>\nEkran LED wy\u015bwietla stan baterii. W ten spos\u00f3b sygnalizuje potrzeby \u0142adowania typu C.<\/p>\n<p>3. Jak zmieni\u0107 smaki?<br \/>\nobraca\u0107 mi\u0119dzy komorami smakowymi. Dlatego prze\u0142\u0105czanie jest szybkie i \u0142atwe.<\/p>\n<p>4. Jak wybra\u0107 odpowiedni\u0105 kombinacj\u0119 smak\u00f3w?<br \/>\nWybierz ananasa z brzoskwiniowo-gruszkiem na nuty tropikalne. Alternatywnie, wybierz Skittles, aby uzyska\u0107 s\u0142odycz przypominaj\u0105c\u0105 cukierki.<\/p>\n<p>5. Czy nadaje si\u0119 do wapowania bez nikotyny?<br \/>\nTak, oferuje nikotyn\u0119 0%. Dlatego jest idealny do stosowania wy\u0142\u0105cznie w smaku.<\/p>\n<p>6. Jak cewki z siatki poczw\u00f3rnej poprawiaj\u0105 waporyzacj\u0119?<br \/>\nCztery cewki 1,2 \u03a9 ogrzewaj\u0105 si\u0119 r\u00f3wnomiernie. W rezultacie smak pozostaje odwa\u017cny.<\/p>\n<p>7 7 . Czy urz\u0105dzenie jest \u0142atwe w u\u017cyciu?<br \/>\nJego konstrukcja z aktywacj\u0105 z pob\u00f3rem upraszcza obs\u0142ug\u0119. Dzi\u0119ki temu idealnie pasuje do wszystkich u\u017cytkownik\u00f3w.<\/p>\n<p><img fetchpriority=\"high\" decoding=\"async\" class=\"alignnone wp-image-2667 size-full\" src=\"https:\/\/vapeenjoy.com\/wp-content\/uploads\/2025\/09\/\u6d77\u62a55-scaled.jpg\" alt=\"Uzy Crystal 4 w 1 smaki 100k Puffs jednorazowe smaki waporyzacyjne\" width=\"1753\" height=\"2560\" srcset=\"https:\/\/vapeenjoy.com\/wp-content\/uploads\/2025\/09\/\u6d77\u62a55-scaled.jpg 1753w, https:\/\/vapeenjoy.com\/wp-content\/uploads\/2025\/09\/\u6d77\u62a55-205x300.jpg 205w, https:\/\/vapeenjoy.com\/wp-content\/uploads\/2025\/09\/\u6d77\u62a55-701x1024.jpg 701w, https:\/\/vapeenjoy.com\/wp-content\/uploads\/2025\/09\/\u6d77\u62a55-768x1122.jpg 768w, https:\/\/vapeenjoy.com\/wp-content\/uploads\/2025\/09\/\u6d77\u62a55-1052x1536.jpg 1052w, https:\/\/vapeenjoy.com\/wp-content\/uploads\/2025\/09\/\u6d77\u62a55-1402x2048.jpg 1402w, https:\/\/vapeenjoy.com\/wp-content\/uploads\/2025\/09\/\u6d77\u62a55-8x12.jpg 8w, https:\/\/vapeenjoy.com\/wp-content\/uploads\/2025\/09\/\u6d77\u62a55-1200x1753.jpg 1200w, https:\/\/vapeenjoy.com\/wp-content\/uploads\/2025\/09\/\u6d77\u62a55-150x219.jpg 150w\" sizes=\"(max-width: 1753px) 100vw, 1753px\" \/><\/p>","protected":false},"excerpt":{"rendered":"<p dir=\"auto\">Odkryj jednorazowe waporyzator Uzy Crystal 4 w 1 o smakach 100K Puffs z 56 ml e-liquidu i nikotyny 0-5%. Ciesz si\u0119 owocowymi, tropikalnymi, jagodowymi i cukierkami smakami w trwa\u0142ym, aktywowanym urz\u0105dzeniu z inteligentnym ekranem LED. Idealny do d\u0142ugotrwa\u0142ego, uniwersalnego vapingu.<\/p>","protected":false},"featured_media":2672,"comment_status":"open","ping_status":"closed","template":"","meta":[],"product_brand":[38],"product_cat":[36],"product_tag":[217,72],"class_list":{"0":"post-2664","1":"product","2":"type-product","3":"status-publish","4":"has-post-thumbnail","6":"product_brand-uzy-vape","7":"product_cat-100k-puffs-vape","8":"product_tag-4-in-1-flavors","9":"product_tag-56ml","11":"first","12":"instock","13":"sale","14":"shipping-taxable","15":"purchasable","16":"product-type-variable"},"yoast_head":"<!-- This site is optimized with the Yoast SEO plugin v25.7 - https:\/\/yoast.com\/wordpress\/plugins\/seo\/ -->\n<title>UZY Crystal 4 in 1 Flavors 100K Puffs Disposable Vape 56ml<\/title>\n<meta name=\"description\" content=\"Buy now! UZY Crystal 4 in 1 Flavors Disposable Vape, 100K puffs, 56ml e-liquid, 0-5% nicotine. Fruity, berry, candy flavors in a durable device.\" \/>\n<meta name=\"robots\" content=\"index, follow, max-snippet:-1, max-image-preview:large, max-video-preview:-1\" \/>\n<link rel=\"canonical\" href=\"https:\/\/vapeenjoy.com\/pl\/produkt\/uzy-crystal-4-w-1-smaki-100k-puffy-jednorazowe-vape-56ml-e-liquid-0-5-nikotyna\/\" \/>\n<meta property=\"og:locale\" content=\"pl_PL\" \/>\n<meta property=\"og:type\" content=\"article\" \/>\n<meta property=\"og:title\" content=\"UZY Crystal 4 in 1 Flavors 100K Puffs Disposable Vape 56ml\" \/>\n<meta property=\"og:description\" content=\"Buy now! UZY Crystal 4 in 1 Flavors Disposable Vape, 100K puffs, 56ml e-liquid, 0-5% nicotine. Fruity, berry, candy flavors in a durable device.\" \/>\n<meta property=\"og:url\" content=\"https:\/\/vapeenjoy.com\/pl\/produkt\/uzy-crystal-4-w-1-smaki-100k-puffy-jednorazowe-vape-56ml-e-liquid-0-5-nikotyna\/\" \/>\n<meta property=\"og:site_name\" content=\"vapeenjoy\" \/>\n<meta property=\"article:modified_time\" content=\"2025-09-08T02:48:44+00:00\" \/>\n<meta property=\"og:image\" content=\"https:\/\/vapeenjoy.com\/wp-content\/uploads\/2025\/09\/\u6d77\u62a54-scaled.jpg\" \/>\n\t<meta property=\"og:image:width\" content=\"2291\" \/>\n\t<meta property=\"og:image:height\" content=\"2560\" \/>\n\t<meta property=\"og:image:type\" content=\"image\/jpeg\" \/>\n<meta name=\"twitter:card\" content=\"summary_large_image\" \/>\n<meta name=\"twitter:label1\" content=\"Szacowany czas czytania\" \/>\n\t<meta name=\"twitter:data1\" content=\"3 minuty\" \/>\n<script type=\"application\/ld+json\" class=\"yoast-schema-graph\">{\"@context\":\"https:\/\/schema.org\",\"@graph\":[{\"@type\":\"WebPage\",\"@id\":\"https:\/\/vapeenjoy.com\/product\/uzy-crystal-4-in-1-flavors-100k-puffs-disposable-vape-56ml-e-liquid-0-5-nicotine\/\",\"url\":\"https:\/\/vapeenjoy.com\/product\/uzy-crystal-4-in-1-flavors-100k-puffs-disposable-vape-56ml-e-liquid-0-5-nicotine\/\",\"name\":\"UZY Crystal 4 in 1 Flavors 100K Puffs Disposable Vape 56ml\",\"isPartOf\":{\"@id\":\"https:\/\/vapeenjoy.com\/#website\"},\"primaryImageOfPage\":{\"@id\":\"https:\/\/vapeenjoy.com\/product\/uzy-crystal-4-in-1-flavors-100k-puffs-disposable-vape-56ml-e-liquid-0-5-nicotine\/#primaryimage\"},\"image\":{\"@id\":\"https:\/\/vapeenjoy.com\/product\/uzy-crystal-4-in-1-flavors-100k-puffs-disposable-vape-56ml-e-liquid-0-5-nicotine\/#primaryimage\"},\"thumbnailUrl\":\"https:\/\/vapeenjoy.com\/wp-content\/uploads\/2025\/09\/\u6d77\u62a54-scaled.jpg\",\"datePublished\":\"2025-09-03T06:35:14+00:00\",\"dateModified\":\"2025-09-08T02:48:44+00:00\",\"description\":\"Buy now! UZY Crystal 4 in 1 Flavors Disposable Vape, 100K puffs, 56ml e-liquid, 0-5% nicotine. Fruity, berry, candy flavors in a durable device.\",\"breadcrumb\":{\"@id\":\"https:\/\/vapeenjoy.com\/product\/uzy-crystal-4-in-1-flavors-100k-puffs-disposable-vape-56ml-e-liquid-0-5-nicotine\/#breadcrumb\"},\"inLanguage\":\"pl-PL\",\"potentialAction\":[{\"@type\":\"ReadAction\",\"target\":[\"https:\/\/vapeenjoy.com\/product\/uzy-crystal-4-in-1-flavors-100k-puffs-disposable-vape-56ml-e-liquid-0-5-nicotine\/\"]}]},{\"@type\":\"ImageObject\",\"inLanguage\":\"pl-PL\",\"@id\":\"https:\/\/vapeenjoy.com\/product\/uzy-crystal-4-in-1-flavors-100k-puffs-disposable-vape-56ml-e-liquid-0-5-nicotine\/#primaryimage\",\"url\":\"https:\/\/vapeenjoy.com\/wp-content\/uploads\/2025\/09\/\u6d77\u62a54-scaled.jpg\",\"contentUrl\":\"https:\/\/vapeenjoy.com\/wp-content\/uploads\/2025\/09\/\u6d77\u62a54-scaled.jpg\",\"width\":2291,\"height\":2560,\"caption\":\"UZY Crystal 4 in 1 Flavors 100K Puffs Disposable Vape 56ml E-liquid 0-5% Nicotine\"},{\"@type\":\"BreadcrumbList\",\"@id\":\"https:\/\/vapeenjoy.com\/product\/uzy-crystal-4-in-1-flavors-100k-puffs-disposable-vape-56ml-e-liquid-0-5-nicotine\/#breadcrumb\",\"itemListElement\":[{\"@type\":\"ListItem\",\"position\":1,\"name\":\"Home\",\"item\":\"https:\/\/vapeenjoy.com\/\"},{\"@type\":\"ListItem\",\"position\":2,\"name\":\"Shop\",\"item\":\"https:\/\/vapeenjoy.com\/vapeenjoy-shop\/\"},{\"@type\":\"ListItem\",\"position\":3,\"name\":\"UZY Crystal 4 in 1 Flavors 100K Puffs Disposable Vape 56ml E-liquid 0-5% Nicotine\"}]},{\"@type\":\"WebSite\",\"@id\":\"https:\/\/vapeenjoy.com\/#website\",\"url\":\"https:\/\/vapeenjoy.com\/\",\"name\":\"vapeenjoy\",\"description\":\"An online store for selling vapes\",\"potentialAction\":[{\"@type\":\"SearchAction\",\"target\":{\"@type\":\"EntryPoint\",\"urlTemplate\":\"https:\/\/vapeenjoy.com\/?s={search_term_string}\"},\"query-input\":{\"@type\":\"PropertyValueSpecification\",\"valueRequired\":true,\"valueName\":\"search_term_string\"}}],\"inLanguage\":\"pl-PL\"}]}<\/script>\n<!-- \/ Yoast SEO plugin. -->","yoast_head_json":{"title":"Uzy Crystal 4 w 1 smaki 100K Puffy jednorazowe vape 56ml","description":"Kup teraz! Uzy Crystal 4 in 1 Smaki jednorazowe waporyzatory, 100k puffy, 56 ml e-liquidu, 0-5% nikotyna. Owocowe, jagodowe, cukierkowe smaki w trwa\u0142ym urz\u0105dzeniu.","robots":{"index":"index","follow":"follow","max-snippet":"max-snippet:-1","max-image-preview":"max-image-preview:large","max-video-preview":"max-video-preview:-1"},"canonical":"https:\/\/vapeenjoy.com\/pl\/produkt\/uzy-crystal-4-w-1-smaki-100k-puffy-jednorazowe-vape-56ml-e-liquid-0-5-nikotyna\/","og_locale":"pl_PL","og_type":"article","og_title":"UZY Crystal 4 in 1 Flavors 100K Puffs Disposable Vape 56ml","og_description":"Buy now! UZY Crystal 4 in 1 Flavors Disposable Vape, 100K puffs, 56ml e-liquid, 0-5% nicotine. Fruity, berry, candy flavors in a durable device.","og_url":"https:\/\/vapeenjoy.com\/pl\/produkt\/uzy-crystal-4-w-1-smaki-100k-puffy-jednorazowe-vape-56ml-e-liquid-0-5-nikotyna\/","og_site_name":"vapeenjoy","article_modified_time":"2025-09-08T02:48:44+00:00","og_image":[{"width":2291,"height":2560,"url":"https:\/\/vapeenjoy.com\/wp-content\/uploads\/2025\/09\/\u6d77\u62a54-scaled.jpg","type":"image\/jpeg"}],"twitter_card":"summary_large_image","twitter_misc":{"Szacowany czas czytania":"3 minuty"},"schema":{"@context":"https:\/\/schema.org","@graph":[{"@type":"WebPage","@id":"https:\/\/vapeenjoy.com\/product\/uzy-crystal-4-in-1-flavors-100k-puffs-disposable-vape-56ml-e-liquid-0-5-nicotine\/","url":"https:\/\/vapeenjoy.com\/product\/uzy-crystal-4-in-1-flavors-100k-puffs-disposable-vape-56ml-e-liquid-0-5-nicotine\/","name":"Uzy Crystal 4 w 1 smaki 100K Puffy jednorazowe vape 56ml","isPartOf":{"@id":"https:\/\/vapeenjoy.com\/#website"},"primaryImageOfPage":{"@id":"https:\/\/vapeenjoy.com\/product\/uzy-crystal-4-in-1-flavors-100k-puffs-disposable-vape-56ml-e-liquid-0-5-nicotine\/#primaryimage"},"image":{"@id":"https:\/\/vapeenjoy.com\/product\/uzy-crystal-4-in-1-flavors-100k-puffs-disposable-vape-56ml-e-liquid-0-5-nicotine\/#primaryimage"},"thumbnailUrl":"https:\/\/vapeenjoy.com\/wp-content\/uploads\/2025\/09\/\u6d77\u62a54-scaled.jpg","datePublished":"2025-09-03T06:35:14+00:00","dateModified":"2025-09-08T02:48:44+00:00","description":"Kup teraz! Uzy Crystal 4 in 1 Smaki jednorazowe waporyzatory, 100k puffy, 56 ml e-liquidu, 0-5% nikotyna. Owocowe, jagodowe, cukierkowe smaki w trwa\u0142ym urz\u0105dzeniu.","breadcrumb":{"@id":"https:\/\/vapeenjoy.com\/product\/uzy-crystal-4-in-1-flavors-100k-puffs-disposable-vape-56ml-e-liquid-0-5-nicotine\/#breadcrumb"},"inLanguage":"pl-PL","potentialAction":[{"@type":"ReadAction","target":["https:\/\/vapeenjoy.com\/product\/uzy-crystal-4-in-1-flavors-100k-puffs-disposable-vape-56ml-e-liquid-0-5-nicotine\/"]}]},{"@type":"ImageObject","inLanguage":"pl-PL","@id":"https:\/\/vapeenjoy.com\/product\/uzy-crystal-4-in-1-flavors-100k-puffs-disposable-vape-56ml-e-liquid-0-5-nicotine\/#primaryimage","url":"https:\/\/vapeenjoy.com\/wp-content\/uploads\/2025\/09\/\u6d77\u62a54-scaled.jpg","contentUrl":"https:\/\/vapeenjoy.com\/wp-content\/uploads\/2025\/09\/\u6d77\u62a54-scaled.jpg","width":2291,"height":2560,"caption":"UZY Crystal 4 in 1 Flavors 100K Puffs Disposable Vape 56ml E-liquid 0-5% Nicotine"},{"@type":"BreadcrumbList","@id":"https:\/\/vapeenjoy.com\/product\/uzy-crystal-4-in-1-flavors-100k-puffs-disposable-vape-56ml-e-liquid-0-5-nicotine\/#breadcrumb","itemListElement":[{"@type":"ListItem","position":1,"name":"Home","item":"https:\/\/vapeenjoy.com\/"},{"@type":"ListItem","position":2,"name":"Shop","item":"https:\/\/vapeenjoy.com\/vapeenjoy-shop\/"},{"@type":"ListItem","position":3,"name":"UZY Crystal 4 in 1 Flavors 100K Puffs Disposable Vape 56ml E-liquid 0-5% Nicotine"}]},{"@type":"WebSite","@id":"https:\/\/vapeenjoy.com\/#website","url":"https:\/\/vapeenjoy.com\/","name":"skutkowaty","description":"Sklep internetowy do sprzeda\u017cy vapes","potentialAction":[{"@type":"SearchAction","target":{"@type":"EntryPoint","urlTemplate":"https:\/\/vapeenjoy.com\/?s={search_term_string}"},"query-input":{"@type":"PropertyValueSpecification","valueRequired":true,"valueName":"search_term_string"}}],"inLanguage":"pl-PL"}]}},"_links":{"self":[{"href":"https:\/\/vapeenjoy.com\/pl\/wp-json\/wp\/v2\/product\/2664","targetHints":{"allow":["GET"]}}],"collection":[{"href":"https:\/\/vapeenjoy.com\/pl\/wp-json\/wp\/v2\/product"}],"about":[{"href":"https:\/\/vapeenjoy.com\/pl\/wp-json\/wp\/v2\/types\/product"}],"replies":[{"embeddable":true,"href":"https:\/\/vapeenjoy.com\/pl\/wp-json\/wp\/v2\/comments?post=2664"}],"version-history":[{"count":1,"href":"https:\/\/vapeenjoy.com\/pl\/wp-json\/wp\/v2\/product\/2664\/revisions"}],"predecessor-version":[{"id":2673,"href":"https:\/\/vapeenjoy.com\/pl\/wp-json\/wp\/v2\/product\/2664\/revisions\/2673"}],"wp:featuredmedia":[{"embeddable":true,"href":"https:\/\/vapeenjoy.com\/pl\/wp-json\/wp\/v2\/media\/2672"}],"wp:attachment":[{"href":"https:\/\/vapeenjoy.com\/pl\/wp-json\/wp\/v2\/media?parent=2664"}],"wp:term":[{"taxonomy":"product_brand","embeddable":true,"href":"https:\/\/vapeenjoy.com\/pl\/wp-json\/wp\/v2\/product_brand?post=2664"},{"taxonomy":"product_cat","embeddable":true,"href":"https:\/\/vapeenjoy.com\/pl\/wp-json\/wp\/v2\/product_cat?post=2664"},{"taxonomy":"product_tag","embeddable":true,"href":"https:\/\/vapeenjoy.com\/pl\/wp-json\/wp\/v2\/product_tag?post=2664"}],"curies":[{"name":"wp","href":"https:\/\/api.w.org\/{rel}","templated":true}]}}