{"id":2675,"date":"2025-09-03T09:24:37","date_gmt":"2025-09-03T09:24:37","guid":{"rendered":"https:\/\/vapeenjoy.com\/?post_type=product&#038;p=2675"},"modified":"2025-09-20T02:48:57","modified_gmt":"2025-09-20T02:48:57","slug":"waspe-4-in-1-flavors-100k-puffs-disposable-vape-56ml-e-liquid-0-5-nicotine","status":"publish","type":"product","link":"https:\/\/vapeenjoy.com\/pl\/produkt\/waspe-4-w-1-smaki-100k-puffy-jednorazowe-vape-56ml-e-liquid-0-5-nikotyna\/","title":{"rendered":"WASPE 4 w 1 smaki 100K Puffs jednorazowe waporyzatory 56ml e-liquid 0-5% Nikotyna"},"content":{"rendered":"<hr data-start=\"65\" data-end=\"68\" \/>\n<h1 data-start=\"70\" data-end=\"121\">WASPE 4 w 1 smaki 100k Puffs jednorazowe waporyzator<\/h1>\n<p data-start=\"123\" data-end=\"461\"><strong data-start=\"123\" data-end=\"132\">by\u0142<\/strong>, zaufana marka vaping, dostarcza niezawodne jednorazowe waporyzatory. \u00f3 <strong data-start=\"198\" data-end=\"249\">WASPE 4 w 1 smaki 100k Puffs jednorazowe waporyzator<\/strong> propozycje <strong data-start=\"257\" data-end=\"282\">D\u0142ugowieczno\u015b\u0107 i r\u00f3\u017cnorodno\u015b\u0107<\/strong>, \u0142\u0105cz\u0105c wygod\u0119 ze stylem. Jego elegancka, kompaktowa konstrukcja charakteryzuje si\u0119 <strong data-start=\"355\" data-end=\"387\">Wibruj\u0105cy wygl\u0105d inspirowany ma\u0142pami<\/strong>, a <strong data-start=\"395\" data-end=\"416\">Inteligentny wy\u015bwietlacz LED<\/strong> Zapewnia praktyczne zastosowanie do codziennego waporyzacji.<\/p>\n<h2 data-start=\"463\" data-end=\"482\">Specyfikacje<\/h2>\n<ul data-start=\"484\" data-end=\"1051\">\n<li data-start=\"484\" data-end=\"565\">\n<p data-start=\"486\" data-end=\"565\"><strong data-start=\"486\" data-end=\"504\">Pojemno\u015b\u0107 puchu:<\/strong> 100 000 PUFFS \u2013 przed\u0142u\u017cone u\u017cytkowanie bez cz\u0119stych zamiennik\u00f3w<\/p>\n<\/li>\n<li data-start=\"566\" data-end=\"620\">\n<p data-start=\"568\" data-end=\"620\"><strong data-start=\"568\" data-end=\"590\">Pojemno\u015b\u0107 e-liquid\u00f3w:<\/strong> 56ml \u2013 cztery komory smakowe<\/p>\n<\/li>\n<li data-start=\"621\" data-end=\"694\">\n<p data-start=\"623\" data-end=\"694\"><strong data-start=\"623\" data-end=\"645\">Si\u0142a nikotyny:<\/strong> 0%, 2%, 5% \u2013 opcje bez nikotyny lub mocniejsze<\/p>\n<\/li>\n<li data-start=\"695\" data-end=\"763\">\n<p data-start=\"697\" data-end=\"763\"><strong data-start=\"697\" data-end=\"718\">Pojemno\u015b\u0107 baterii:<\/strong> 650 mAh - \u0142adowanie zapewnia sta\u0142\u0105 moc<\/p>\n<\/li>\n<li data-start=\"764\" data-end=\"811\">\n<p data-start=\"766\" data-end=\"811\"><strong data-start=\"766\" data-end=\"784\">Rodzaj \u0142adowania:<\/strong> Typ-C \u2013 szybkie \u0142adowanie<\/p>\n<\/li>\n<li data-start=\"812\" data-end=\"879\">\n<p data-start=\"814\" data-end=\"879\"><strong data-start=\"814\" data-end=\"828\">Typ cewki:<\/strong> Cewki z siatki Quad 1.0\u03a9 \u2013 bogaty smak, g\u0142adka para<\/p>\n<\/li>\n<li data-start=\"880\" data-end=\"943\">\n<p data-start=\"882\" data-end=\"943\"><strong data-start=\"882\" data-end=\"898\">Wy\u015bwietlacz LED:<\/strong> Pokazuje stan baterii, e-liquid i smaku<\/p>\n<\/li>\n<li data-start=\"944\" data-end=\"991\">\n<p data-start=\"946\" data-end=\"991\"><strong data-start=\"946\" data-end=\"957\">Waga:<\/strong> 142G \u2013 Lekki i przeno\u015bny<\/p>\n<\/li>\n<li data-start=\"992\" data-end=\"1051\">\n<p data-start=\"994\" data-end=\"1051\"><strong data-start=\"994\" data-end=\"1009\">Wymiary:<\/strong> 47x47x118mm \u2013 kompaktowy dla \u0142atwej obs\u0142ugi<\/p>\n<\/li>\n<\/ul>\n<h2 data-start=\"1053\" data-end=\"1095\">Owocowe i tropikalne kombinacje smakowe<\/h2>\n<ol data-start=\"1097\" data-end=\"1533\">\n<li data-start=\"1097\" data-end=\"1170\">\n<p data-start=\"1100\" data-end=\"1170\">Arbuz Ice i truskawek Kiwi i malinowy Arbuz i cytryna Limonka<\/p>\n<\/li>\n<li data-start=\"1171\" data-end=\"1235\">\n<p data-start=\"1174\" data-end=\"1235\">Truskawkowy arbuz &amp; Mr.Blue &amp; Grape Ice i t\u0119czowe cukierki<\/p>\n<\/li>\n<li data-start=\"1236\" data-end=\"1309\">\n<p data-start=\"1239\" data-end=\"1309\">Red Bull Ice &amp; Banan Ice i ananasowy L\u00f3d kokosowy i potr\u00f3jny l\u00f3d z mango<\/p>\n<\/li>\n<li data-start=\"1310\" data-end=\"1389\">\n<p data-start=\"1313\" data-end=\"1389\">Truskawkowe Banan &amp; Truskawka Red Bull &amp; Truskawkowe Mango i R\u00f3\u017cowa Lemoniada<\/p>\n<\/li>\n<li data-start=\"1390\" data-end=\"1455\">\n<p data-start=\"1393\" data-end=\"1455\">Soczysty l\u00f3d brzoskwiniowy i owoce tropikalne i owoce i jagoda brzoskwiniowa<\/p>\n<\/li>\n<li data-start=\"1456\" data-end=\"1533\">\n<p data-start=\"1459\" data-end=\"1533\">Mieszane jagody i podw\u00f3jne jab\u0142ko Ice i jagodowe Maliny i jagodowe mi\u00f3d<\/p>\n<\/li>\n<\/ol>\n<h2 data-start=\"1535\" data-end=\"1578\">Kombinacje smakowe na bazie jag\u00f3d i coli<\/h2>\n<ol start=\"7\" data-start=\"1580\" data-end=\"2089\">\n<li data-start=\"1580\" data-end=\"1660\">\n<p data-start=\"1583\" data-end=\"1660\">Truskawka Malina Wi\u015bnia i Crazy Cherry Ice i Blue Cherry Ice &amp; Cola Ice<\/p>\n<\/li>\n<li data-start=\"1661\" data-end=\"1735\">\n<p data-start=\"1664\" data-end=\"1735\">Lod jagodowy i czarny rycerz i truskawkowy l\u00f3d i truskawkowy arbuz<\/p>\n<\/li>\n<li data-start=\"1736\" data-end=\"1836\">\n<p data-start=\"1739\" data-end=\"1836\">Cherry Cola Lody i truskawki Ice wi\u015bniowe I truskawkowe Cola Lody i truskawek Arbuz Guma b\u0105belkowa<\/p>\n<\/li>\n<li data-start=\"1837\" data-end=\"1915\">\n<p data-start=\"1841\" data-end=\"1915\">Lod winogronowy i truskawkowy Kiwi i truskawka Malina Wi\u015bnia i Czarny Rycerz<\/p>\n<\/li>\n<li data-start=\"1916\" data-end=\"2008\">\n<p data-start=\"1920\" data-end=\"2008\">Truskawka Red Bull &amp; Truskawka Arbuz Guma Bubble Gum &amp; Red Bull Ice &amp; Cherry Cola Ice<\/p>\n<\/li>\n<li data-start=\"2009\" data-end=\"2089\">\n<p data-start=\"2013\" data-end=\"2089\">Jagoda Malina i Jagoda Lemoniada i Mieszane Jagody i Mi\u00f3d Winogronowy L\u00f3d<\/p>\n<\/li>\n<\/ol>\n<h2 data-start=\"2091\" data-end=\"2122\">Cz\u0119sto zadawane pytania<\/h2>\n<ol data-start=\"2124\" data-end=\"3060\">\n<li data-start=\"2124\" data-end=\"2219\">\n<p data-start=\"2127\" data-end=\"2219\"><strong data-start=\"2127\" data-end=\"2157\">Jaka jest pojemno\u015b\u0107 zaci\u0105gni\u0119\u0107?<\/strong><br data-start=\"2157\" data-end=\"2160\" \/>zapewnia <strong data-start=\"2172\" data-end=\"2189\">100 000 PUFFY<\/strong>, oferuj\u0105c d\u0142ugotrwa\u0142e u\u017cytkowanie.<\/p>\n<\/li>\n<li data-start=\"2221\" data-end=\"2337\">\n<p data-start=\"2224\" data-end=\"2337\"><strong data-start=\"2224\" data-end=\"2259\">Jak dzia\u0142a prze\u0142\u0105czanie smakowe?<\/strong><br data-start=\"2259\" data-end=\"2262\" \/>za <strong data-start=\"2264\" data-end=\"2304\">Przycisk prze\u0142\u0105cza si\u0119 mi\u0119dzy czterema smakami<\/strong>, wskazane na wy\u015bwietlaczu LED.<\/p>\n<\/li>\n<li data-start=\"2339\" data-end=\"2582\">\n<p data-start=\"2342\" data-end=\"2582\"><strong data-start=\"2342\" data-end=\"2384\">Jakie mocne strony nikotyny s\u0105 dost\u0119pne?<\/strong><br data-start=\"2384\" data-end=\"2387\" \/>Opcje obejmuj\u0105 0%, 2% lub 5%. Aby uzyska\u0107 wskaz\u00f3wki dotycz\u0105ce wyboru odpowiedniej si\u0142y, sprawd\u017a to <a class=\"\" href=\"https:\/\/vapeenjoy.com\/how-to-choose-the-right-nicotine-strength-vape-enjoy\/\" target=\"_new\" rel=\"noopener\" data-start=\"2477\" data-end=\"2579\">Przewodnik po sile nikotyny<\/a>.<\/p>\n<\/li>\n<li data-start=\"2584\" data-end=\"2698\">\n<p data-start=\"2587\" data-end=\"2698\"><strong data-start=\"2587\" data-end=\"2615\">Jak cz\u0119sto \u0142aduj\u0119?<\/strong><br data-start=\"2615\" data-end=\"2618\" \/>\u00f3 <strong data-start=\"2622\" data-end=\"2640\">Bateria 650 mAh<\/strong> Trwa kilka dni i mo\u017cna go szybko \u0142adowa\u0107 za pomoc\u0105 typu C.<\/p>\n<\/li>\n<li data-start=\"2700\" data-end=\"2814\">\n<p data-start=\"2703\" data-end=\"2814\"><strong data-start=\"2703\" data-end=\"2742\">Jak sprawdzi\u0107 bateri\u0119 lub e-liquid?<\/strong><br data-start=\"2742\" data-end=\"2745\" \/>\u00f3 <strong data-start=\"2749\" data-end=\"2764\">Wy\u015bwietlacz LED<\/strong> Wyra\u017anie pokazuje poziom baterii i e-liquid\u00f3w.<\/p>\n<\/li>\n<li data-start=\"2816\" data-end=\"2939\">\n<p data-start=\"2819\" data-end=\"2939\"><strong data-start=\"2819\" data-end=\"2854\">Jak wybra\u0107 odpowiedni smak?<\/strong><br data-start=\"2854\" data-end=\"2857\" \/>kosztowa\u0107 potraw\u0119 <strong data-start=\"2861\" data-end=\"2878\">Mieszane jagody<\/strong> Na s\u0142odkie nuty lub <strong data-start=\"2898\" data-end=\"2917\">l\u00f3d wi\u015bniowy<\/strong> Dla odwa\u017cniejszego smaku.<\/p>\n<\/li>\n<li data-start=\"2941\" data-end=\"3060\">\n<p data-start=\"2944\" data-end=\"3060\"><strong data-start=\"2944\" data-end=\"2980\">Dlaczego cewki z siatki poczw\u00f3rnej s\u0105 wyj\u0105tkowe?<\/strong><br data-start=\"2980\" data-end=\"2983\" \/>Zapewniaj\u0105, \u017ce <strong data-start=\"2995\" data-end=\"3025\">Konsekwentne dostarczanie smak<\/strong> i <strong data-start=\"3030\" data-end=\"3057\">P\u0142ynna produkcja pary<\/strong>.<\/p>\n<\/li>\n<\/ol>\n<p><img fetchpriority=\"high\" decoding=\"async\" class=\"alignnone size-full wp-image-2682\" src=\"https:\/\/vapeenjoy.com\/wp-content\/uploads\/2025\/09\/\u53e3\u5473\u5361.jpg\" alt=\"WASPE 4 w 1 smaki 100K Puffs jednorazowe vape 56ml e-liquid 0-5% nikotyny smaki\" width=\"1827\" height=\"1959\" srcset=\"https:\/\/vapeenjoy.com\/wp-content\/uploads\/2025\/09\/\u53e3\u5473\u5361.jpg 1827w, https:\/\/vapeenjoy.com\/wp-content\/uploads\/2025\/09\/\u53e3\u5473\u5361-280x300.jpg 280w, https:\/\/vapeenjoy.com\/wp-content\/uploads\/2025\/09\/\u53e3\u5473\u5361-955x1024.jpg 955w, https:\/\/vapeenjoy.com\/wp-content\/uploads\/2025\/09\/\u53e3\u5473\u5361-768x823.jpg 768w, https:\/\/vapeenjoy.com\/wp-content\/uploads\/2025\/09\/\u53e3\u5473\u5361-1433x1536.jpg 1433w, https:\/\/vapeenjoy.com\/wp-content\/uploads\/2025\/09\/\u53e3\u5473\u5361-11x12.jpg 11w, https:\/\/vapeenjoy.com\/wp-content\/uploads\/2025\/09\/\u53e3\u5473\u5361-1200x1287.jpg 1200w, https:\/\/vapeenjoy.com\/wp-content\/uploads\/2025\/09\/\u53e3\u5473\u5361-150x161.jpg 150w\" sizes=\"(max-width: 1827px) 100vw, 1827px\" \/><\/p>","protected":false},"excerpt":{"rendered":"<p dir=\"ltr\" data-pm-slice=\"1 1 []\">Waspe, niezawodna marka waporyzacji, oferuje jednorazowe waporyzatory 4 w 1 o smakach 100K Puffs, zawieraj\u0105ce 56 ml e-liquidu w czterech komorach smakowych, nikotyn\u0119 0-5%, akumulator 650 mAh z \u0142adowaniem typu C i cewki siatkowe 1,0\u03a9 dla bogatego smaku.<\/p>","protected":false},"featured_media":2678,"comment_status":"open","ping_status":"closed","template":"","meta":[],"product_brand":[41],"product_cat":[36],"product_tag":[64,217,72],"class_list":{"0":"post-2675","1":"product","2":"type-product","3":"status-publish","4":"has-post-thumbnail","6":"product_brand-waspe-vape","7":"product_cat-100k-puffs-vape","8":"product_tag-0-5-nicotine","9":"product_tag-4-in-1-flavors","10":"product_tag-56ml","12":"first","13":"instock","14":"sale","15":"shipping-taxable","16":"purchasable","17":"product-type-variable"},"yoast_head":"<!-- This site is optimized with the Yoast SEO plugin v25.7 - https:\/\/yoast.com\/wordpress\/plugins\/seo\/ -->\n<title>WASPE 100K Puffs Disposable Vape \u2013 4 Flavors, Smooth Clouds<\/title>\n<meta name=\"description\" content=\"WASPE 4-in-1 100K Puffs Disposable Vape \u2013 rechargeable, quad coils, LED display, and four delicious flavors for long-lasting smooth vaping.\" \/>\n<meta name=\"robots\" content=\"index, follow, max-snippet:-1, max-image-preview:large, max-video-preview:-1\" \/>\n<link rel=\"canonical\" href=\"https:\/\/vapeenjoy.com\/pl\/produkt\/waspe-4-w-1-smaki-100k-puffy-jednorazowe-vape-56ml-e-liquid-0-5-nikotyna\/\" \/>\n<meta property=\"og:locale\" content=\"pl_PL\" \/>\n<meta property=\"og:type\" content=\"article\" \/>\n<meta property=\"og:title\" content=\"WASPE 100K Puffs Disposable Vape \u2013 4 Flavors, Smooth Clouds\" \/>\n<meta property=\"og:description\" content=\"WASPE 4-in-1 100K Puffs Disposable Vape \u2013 rechargeable, quad coils, LED display, and four delicious flavors for long-lasting smooth vaping.\" \/>\n<meta property=\"og:url\" content=\"https:\/\/vapeenjoy.com\/pl\/produkt\/waspe-4-w-1-smaki-100k-puffy-jednorazowe-vape-56ml-e-liquid-0-5-nikotyna\/\" \/>\n<meta property=\"og:site_name\" content=\"vapeenjoy\" \/>\n<meta property=\"article:modified_time\" content=\"2025-09-20T02:48:57+00:00\" \/>\n<meta property=\"og:image\" content=\"https:\/\/vapeenjoy.com\/wp-content\/uploads\/2025\/09\/\u5c0f\u76d2\u4ea7\u54c1-20000.jpg\" \/>\n\t<meta property=\"og:image:width\" content=\"1500\" \/>\n\t<meta property=\"og:image:height\" content=\"1500\" \/>\n\t<meta property=\"og:image:type\" content=\"image\/jpeg\" \/>\n<meta name=\"twitter:card\" content=\"summary_large_image\" \/>\n<meta name=\"twitter:label1\" content=\"Szacowany czas czytania\" \/>\n\t<meta name=\"twitter:data1\" content=\"3 minuty\" \/>\n<script type=\"application\/ld+json\" class=\"yoast-schema-graph\">{\"@context\":\"https:\/\/schema.org\",\"@graph\":[{\"@type\":\"WebPage\",\"@id\":\"https:\/\/vapeenjoy.com\/product\/waspe-4-in-1-flavors-100k-puffs-disposable-vape-56ml-e-liquid-0-5-nicotine\/\",\"url\":\"https:\/\/vapeenjoy.com\/product\/waspe-4-in-1-flavors-100k-puffs-disposable-vape-56ml-e-liquid-0-5-nicotine\/\",\"name\":\"WASPE 100K Puffs Disposable Vape \u2013 4 Flavors, Smooth Clouds\",\"isPartOf\":{\"@id\":\"https:\/\/vapeenjoy.com\/#website\"},\"primaryImageOfPage\":{\"@id\":\"https:\/\/vapeenjoy.com\/product\/waspe-4-in-1-flavors-100k-puffs-disposable-vape-56ml-e-liquid-0-5-nicotine\/#primaryimage\"},\"image\":{\"@id\":\"https:\/\/vapeenjoy.com\/product\/waspe-4-in-1-flavors-100k-puffs-disposable-vape-56ml-e-liquid-0-5-nicotine\/#primaryimage\"},\"thumbnailUrl\":\"https:\/\/vapeenjoy.com\/wp-content\/uploads\/2025\/09\/\u5c0f\u76d2\u4ea7\u54c1-20000.jpg\",\"datePublished\":\"2025-09-03T09:24:37+00:00\",\"dateModified\":\"2025-09-20T02:48:57+00:00\",\"description\":\"WASPE 4-in-1 100K Puffs Disposable Vape \u2013 rechargeable, quad coils, LED display, and four delicious flavors for long-lasting smooth vaping.\",\"breadcrumb\":{\"@id\":\"https:\/\/vapeenjoy.com\/product\/waspe-4-in-1-flavors-100k-puffs-disposable-vape-56ml-e-liquid-0-5-nicotine\/#breadcrumb\"},\"inLanguage\":\"pl-PL\",\"potentialAction\":[{\"@type\":\"ReadAction\",\"target\":[\"https:\/\/vapeenjoy.com\/product\/waspe-4-in-1-flavors-100k-puffs-disposable-vape-56ml-e-liquid-0-5-nicotine\/\"]}]},{\"@type\":\"ImageObject\",\"inLanguage\":\"pl-PL\",\"@id\":\"https:\/\/vapeenjoy.com\/product\/waspe-4-in-1-flavors-100k-puffs-disposable-vape-56ml-e-liquid-0-5-nicotine\/#primaryimage\",\"url\":\"https:\/\/vapeenjoy.com\/wp-content\/uploads\/2025\/09\/\u5c0f\u76d2\u4ea7\u54c1-20000.jpg\",\"contentUrl\":\"https:\/\/vapeenjoy.com\/wp-content\/uploads\/2025\/09\/\u5c0f\u76d2\u4ea7\u54c1-20000.jpg\",\"width\":1500,\"height\":1500,\"caption\":\"WASPE 4 in 1 Flavors 100K Puffs Disposable Vape\"},{\"@type\":\"BreadcrumbList\",\"@id\":\"https:\/\/vapeenjoy.com\/product\/waspe-4-in-1-flavors-100k-puffs-disposable-vape-56ml-e-liquid-0-5-nicotine\/#breadcrumb\",\"itemListElement\":[{\"@type\":\"ListItem\",\"position\":1,\"name\":\"Home\",\"item\":\"https:\/\/vapeenjoy.com\/\"},{\"@type\":\"ListItem\",\"position\":2,\"name\":\"Shop\",\"item\":\"https:\/\/vapeenjoy.com\/vapeenjoy-shop\/\"},{\"@type\":\"ListItem\",\"position\":3,\"name\":\"WASPE 4 in 1 Flavors 100K Puffs Disposable Vape 56ml E-liquid 0-5% Nicotine\"}]},{\"@type\":\"WebSite\",\"@id\":\"https:\/\/vapeenjoy.com\/#website\",\"url\":\"https:\/\/vapeenjoy.com\/\",\"name\":\"vapeenjoy\",\"description\":\"An online store for selling vapes\",\"potentialAction\":[{\"@type\":\"SearchAction\",\"target\":{\"@type\":\"EntryPoint\",\"urlTemplate\":\"https:\/\/vapeenjoy.com\/?s={search_term_string}\"},\"query-input\":{\"@type\":\"PropertyValueSpecification\",\"valueRequired\":true,\"valueName\":\"search_term_string\"}}],\"inLanguage\":\"pl-PL\"}]}<\/script>\n<!-- \/ Yoast SEO plugin. -->","yoast_head_json":{"title":"Wape 100k Puffs jednorazowe waporyzator \u2013 4 smaki, g\u0142adkie chmury","description":"Waspe 4-in-1 100K Puffs jednorazowe waporyzatory \u2013 akumulator, cewki poczw\u00f3rne, wy\u015bwietlacz LED i cztery pyszne smaki zapewniaj\u0105ce d\u0142ugotrwa\u0142\u0105 g\u0142adk\u0105 waporyzacj\u0119.","robots":{"index":"index","follow":"follow","max-snippet":"max-snippet:-1","max-image-preview":"max-image-preview:large","max-video-preview":"max-video-preview:-1"},"canonical":"https:\/\/vapeenjoy.com\/pl\/produkt\/waspe-4-w-1-smaki-100k-puffy-jednorazowe-vape-56ml-e-liquid-0-5-nikotyna\/","og_locale":"pl_PL","og_type":"article","og_title":"WASPE 100K Puffs Disposable Vape \u2013 4 Flavors, Smooth Clouds","og_description":"WASPE 4-in-1 100K Puffs Disposable Vape \u2013 rechargeable, quad coils, LED display, and four delicious flavors for long-lasting smooth vaping.","og_url":"https:\/\/vapeenjoy.com\/pl\/produkt\/waspe-4-w-1-smaki-100k-puffy-jednorazowe-vape-56ml-e-liquid-0-5-nikotyna\/","og_site_name":"vapeenjoy","article_modified_time":"2025-09-20T02:48:57+00:00","og_image":[{"width":1500,"height":1500,"url":"https:\/\/vapeenjoy.com\/wp-content\/uploads\/2025\/09\/\u5c0f\u76d2\u4ea7\u54c1-20000.jpg","type":"image\/jpeg"}],"twitter_card":"summary_large_image","twitter_misc":{"Szacowany czas czytania":"3 minuty"},"schema":{"@context":"https:\/\/schema.org","@graph":[{"@type":"WebPage","@id":"https:\/\/vapeenjoy.com\/product\/waspe-4-in-1-flavors-100k-puffs-disposable-vape-56ml-e-liquid-0-5-nicotine\/","url":"https:\/\/vapeenjoy.com\/product\/waspe-4-in-1-flavors-100k-puffs-disposable-vape-56ml-e-liquid-0-5-nicotine\/","name":"Wape 100k Puffs jednorazowe waporyzator \u2013 4 smaki, g\u0142adkie chmury","isPartOf":{"@id":"https:\/\/vapeenjoy.com\/#website"},"primaryImageOfPage":{"@id":"https:\/\/vapeenjoy.com\/product\/waspe-4-in-1-flavors-100k-puffs-disposable-vape-56ml-e-liquid-0-5-nicotine\/#primaryimage"},"image":{"@id":"https:\/\/vapeenjoy.com\/product\/waspe-4-in-1-flavors-100k-puffs-disposable-vape-56ml-e-liquid-0-5-nicotine\/#primaryimage"},"thumbnailUrl":"https:\/\/vapeenjoy.com\/wp-content\/uploads\/2025\/09\/\u5c0f\u76d2\u4ea7\u54c1-20000.jpg","datePublished":"2025-09-03T09:24:37+00:00","dateModified":"2025-09-20T02:48:57+00:00","description":"Waspe 4-in-1 100K Puffs jednorazowe waporyzatory \u2013 akumulator, cewki poczw\u00f3rne, wy\u015bwietlacz LED i cztery pyszne smaki zapewniaj\u0105ce d\u0142ugotrwa\u0142\u0105 g\u0142adk\u0105 waporyzacj\u0119.","breadcrumb":{"@id":"https:\/\/vapeenjoy.com\/product\/waspe-4-in-1-flavors-100k-puffs-disposable-vape-56ml-e-liquid-0-5-nicotine\/#breadcrumb"},"inLanguage":"pl-PL","potentialAction":[{"@type":"ReadAction","target":["https:\/\/vapeenjoy.com\/product\/waspe-4-in-1-flavors-100k-puffs-disposable-vape-56ml-e-liquid-0-5-nicotine\/"]}]},{"@type":"ImageObject","inLanguage":"pl-PL","@id":"https:\/\/vapeenjoy.com\/product\/waspe-4-in-1-flavors-100k-puffs-disposable-vape-56ml-e-liquid-0-5-nicotine\/#primaryimage","url":"https:\/\/vapeenjoy.com\/wp-content\/uploads\/2025\/09\/\u5c0f\u76d2\u4ea7\u54c1-20000.jpg","contentUrl":"https:\/\/vapeenjoy.com\/wp-content\/uploads\/2025\/09\/\u5c0f\u76d2\u4ea7\u54c1-20000.jpg","width":1500,"height":1500,"caption":"WASPE 4 in 1 Flavors 100K Puffs Disposable Vape"},{"@type":"BreadcrumbList","@id":"https:\/\/vapeenjoy.com\/product\/waspe-4-in-1-flavors-100k-puffs-disposable-vape-56ml-e-liquid-0-5-nicotine\/#breadcrumb","itemListElement":[{"@type":"ListItem","position":1,"name":"Home","item":"https:\/\/vapeenjoy.com\/"},{"@type":"ListItem","position":2,"name":"Shop","item":"https:\/\/vapeenjoy.com\/vapeenjoy-shop\/"},{"@type":"ListItem","position":3,"name":"WASPE 4 in 1 Flavors 100K Puffs Disposable Vape 56ml E-liquid 0-5% Nicotine"}]},{"@type":"WebSite","@id":"https:\/\/vapeenjoy.com\/#website","url":"https:\/\/vapeenjoy.com\/","name":"skutkowaty","description":"Sklep internetowy do sprzeda\u017cy vapes","potentialAction":[{"@type":"SearchAction","target":{"@type":"EntryPoint","urlTemplate":"https:\/\/vapeenjoy.com\/?s={search_term_string}"},"query-input":{"@type":"PropertyValueSpecification","valueRequired":true,"valueName":"search_term_string"}}],"inLanguage":"pl-PL"}]}},"_links":{"self":[{"href":"https:\/\/vapeenjoy.com\/pl\/wp-json\/wp\/v2\/product\/2675","targetHints":{"allow":["GET"]}}],"collection":[{"href":"https:\/\/vapeenjoy.com\/pl\/wp-json\/wp\/v2\/product"}],"about":[{"href":"https:\/\/vapeenjoy.com\/pl\/wp-json\/wp\/v2\/types\/product"}],"replies":[{"embeddable":true,"href":"https:\/\/vapeenjoy.com\/pl\/wp-json\/wp\/v2\/comments?post=2675"}],"version-history":[{"count":3,"href":"https:\/\/vapeenjoy.com\/pl\/wp-json\/wp\/v2\/product\/2675\/revisions"}],"predecessor-version":[{"id":3037,"href":"https:\/\/vapeenjoy.com\/pl\/wp-json\/wp\/v2\/product\/2675\/revisions\/3037"}],"wp:featuredmedia":[{"embeddable":true,"href":"https:\/\/vapeenjoy.com\/pl\/wp-json\/wp\/v2\/media\/2678"}],"wp:attachment":[{"href":"https:\/\/vapeenjoy.com\/pl\/wp-json\/wp\/v2\/media?parent=2675"}],"wp:term":[{"taxonomy":"product_brand","embeddable":true,"href":"https:\/\/vapeenjoy.com\/pl\/wp-json\/wp\/v2\/product_brand?post=2675"},{"taxonomy":"product_cat","embeddable":true,"href":"https:\/\/vapeenjoy.com\/pl\/wp-json\/wp\/v2\/product_cat?post=2675"},{"taxonomy":"product_tag","embeddable":true,"href":"https:\/\/vapeenjoy.com\/pl\/wp-json\/wp\/v2\/product_tag?post=2675"}],"curies":[{"name":"wp","href":"https:\/\/api.w.org\/{rel}","templated":true}]}}