{"id":2685,"date":"2025-09-04T03:28:27","date_gmt":"2025-09-04T03:28:27","guid":{"rendered":"https:\/\/vapeenjoy.com\/?post_type=product&#038;p=2685"},"modified":"2025-09-04T03:28:27","modified_gmt":"2025-09-04T03:28:27","slug":"bang-king-crystal-30000-puffs","status":"publish","type":"product","link":"https:\/\/vapeenjoy.com\/pl\/produkt\/bang-king-crystal-30000-puffy\/","title":{"rendered":"Bang King Crystal 30000 Puffs 30K jednorazowe waporyzator 25ml e-liquid 2%-5% Nikotyna"},"content":{"rendered":"<h2>Bang King Crystal 30000 Puffs Jednorazowy vape Sleek Design i d\u0142ugotrwa\u0142e u\u017cytkowanie<\/h2>\n<p>Bang King, ugruntowana marka w bran\u017cy vaping, jest powszechnie rozpoznawana ze wzgl\u0119du na urz\u0105dzenia o du\u017cej pojemno\u015bci dostosowane do r\u00f3\u017cnorodnych potrzeb u\u017cytkownik\u00f3w. Na przyk\u0142ad jednorazowy waporyzator Bang King Crystal 30000 Puffs zapewnia imponuj\u0105c\u0105 liczb\u0119 zaci\u0105gni\u0119\u0107 i znaczn\u0105 pojemno\u015b\u0107 e-liquid\u00f3w. Ponadto jego elegancki, inspirowany kryszta\u0142ami design jest nie tylko atrakcyjny wizualnie, ale tak\u017ce wygodny w trzymaniu. Ponadto lekka konstrukcja zapewnia mobilno\u015b\u0107, dzi\u0119ki czemu jest wygodna dla ca\u0142odniowej waporyzacji.<\/p>\n<h2>Kluczowe specyfikacje i funkcje<\/h2>\n<p>\u2022 <b>Liczba zaci\u0105gni\u0119\u0107: 30 000<\/b> \u2013 Oferuje do 30 000 zaci\u0105gni\u0119\u0107, zapewniaj\u0105c w ten spos\u00f3b d\u0142ugotrwa\u0142e stosowanie bez cz\u0119stych zamiennik\u00f3w.<br \/>\n\u2022 <b>Pojemno\u015b\u0107 e-liquid\u00f3w: 25 ml<\/b> - W zestawie z ampu\u0142k\u0105 nape\u0142nion\u0105 25 ml, co w konsekwencji wspiera przed\u0142u\u017cone sesje wapowania.<br \/>\n\u2022 <b>Si\u0142a nikotyny: 2%-5%<\/b> \u2013 Zapewnia poziomy nikotyny 2%, 3% lub 5%, co odpowiada r\u00f3\u017cnym preferencjam u\u017cytkownika.<\/p>\n<p>\u2022 <b>Pojemno\u015b\u0107 baterii: 650 mAh<\/b> - Wyposa\u017cony w niezawodny akumulator o pojemno\u015bci 650 mAh, kt\u00f3ry zapewnia sta\u0142\u0105 wydajno\u015b\u0107.<br \/>\n\u2022 <b>Typ \u0142adowania: Typ-C<\/b> - Funkcje szybkiego \u0142adowania typu C, minimalizuj\u0105c w ten spos\u00f3b przestoje mi\u0119dzy sesjami.<br \/>\n\u2022 <b>Typ cewki: cewka siatka 1.0\u03a9<\/b> \u2013 Wykorzystuje zaawansowan\u0105 technologi\u0119 cewki siatkowej, co daje g\u0142adk\u0105 i aromatyczn\u0105 par\u0119.<br \/>\n\u2022 <b>Przep\u0142yw powietrza: regulowany<\/b> \u2013 Pozwala u\u017cytkownikom dostosowa\u0107 intensywno\u015b\u0107 rysowania, oferuj\u0105c w ten spos\u00f3b spersonalizowane wra\u017cenia z wapowania.<\/p>\n<h2>10 unikalnych smak\u00f3w dla ka\u017cdej preferencji<\/h2>\n<p>1. <b>Lody potr\u00f3jne jagody<\/b> \u2013 \u0141\u0105czy mieszane jagody z ch\u0142odnym wyko\u0144czeniem mentolowym, zapewniaj\u0105c tym samym orze\u017awiaj\u0105cy, owocowy smak.<br \/>\n2. <b>l\u00f3d brzoskwiniowy<\/b> \u2013 Miesza soczyst\u0105 brzoskwini\u0119 z chrupi\u0105cym, lodowatym nut\u0105, tworz\u0105c zr\u00f3wnowa\u017cony, orze\u017awiaj\u0105cy waporyzator.<br \/>\n3. <b>Brzoskwinia Mango<\/b> \u2013 \u0141\u0105czy dojrza\u0142e brzoskwinie i mango, oferuj\u0105c w ten spos\u00f3b s\u0142odki, tropikalny smak.<br \/>\n4. <b>podw\u00f3jne jab\u0142ko<\/b> \u2013 Miesza chrupi\u0105ce zielone i s\u0142odkie czerwone jab\u0142ka, co daje bogaty, owocowy profil.<br \/>\n5. <b>kiwi truskawkowe<\/b> \u2013 \u0141\u0105czy s\u0142odkie truskawki z pikantnym kiwi, tworz\u0105c tym samym pikantny, zachwycaj\u0105cy smak.<\/p>\n<p>6. <b>winogrono aloesowe<\/b> \u2013 \u0141\u0105czy koj\u0105cy aloes i soczyste winogrono, zapewniaj\u0105c w ten spos\u00f3b g\u0142adki, niepowtarzalny smak.<br \/>\n7. <b>Owoce tropik<\/b> \u2013 Oferuje \u017cyw\u0105 mieszank\u0119 egzotycznych owoc\u00f3w, w konsekwencji dostarczaj\u0105c soczysty wybuch z ka\u017cdym zaci\u0105gni\u0119ciem.<br \/>\n8. <b>truskawkowy banan<\/b> \u2013 Miesza kremowy banan z dojrza\u0142ymi truskawkami, tworz\u0105c w ten spos\u00f3b s\u0142odki, g\u0142adki waporyzator.<br \/>\n9. <b>kiwi marakuja guawa<\/b> \u2013 Zawiera pikantne kiwi, s\u0142odkie owoce marakui i soczyst\u0105 guaw\u0119, dzi\u0119ki czemu oferuje odwa\u017cny smak.<br \/>\n10. <b>Lody czarnego smoka<\/b> \u2013 Dostarcza ciemne owoce z mentolowym kopni\u0119ciem, co daje orze\u017awiaj\u0105cy, niepowtarzalny smak.<\/p>\n<h2>Cz\u0119sto zadawane pytania<\/h2>\n<p>1. <b>Jaka jest liczba zaci\u0105gni\u0119\u0107?<\/b><br \/>\nUrz\u0105dzenie zapewnia do 30 000 zaci\u0105gni\u0119\u0107, co zapewnia d\u0142ugotrwa\u0142e u\u017cytkowanie podczas d\u0142u\u017cszych sesji.<\/p>\n<p>2. <b>Jakie mocne strony nikotyny s\u0105 dost\u0119pne?<\/b><br \/>\nMo\u017cesz wybiera\u0107 spo\u015br\u00f3d poziom\u00f3w nikotyny 2%, 3% lub 5%, dopasowuj\u0105c w ten spos\u00f3b do twoich preferencji.<\/p>\n<p>3. <b>Kiedy nale\u017cy na\u0142adowa\u0107 urz\u0105dzenie?<\/b><br \/>\nBateria 650 mAh obs\u0142uguje d\u0142u\u017csze u\u017cytkowanie, a \u0142adowanie typu C zapewnia szybkie \u0142adowanie, co skraca czas przestoj\u00f3w.<\/p>\n<p>4. <b>Czy mog\u0119 regulowa\u0107 przep\u0142yw powietrza?<\/b><br \/>\nTak, regulowany przep\u0142yw powietrza pozwala dostosowa\u0107 intensywno\u015b\u0107 rysowania, zwi\u0119kszaj\u0105c tym samym personalizacj\u0119.<\/p>\n<p>5. <b>Jak wybra\u0107 odpowiedni smak?<\/b><br \/>\nW przypadku profili owocowych spr\u00f3buj truskawek kiwi lub owoc\u00f3w tropikalnych; alternatywnie, aby uzyska\u0107 fajne wyko\u0144czenie, wybierz potr\u00f3jny l\u00f3d jagodowy lub l\u00f3d Black Dragon. Dlatego pr\u00f3bkowanie smak\u00f3w pomaga zidentyfikowa\u0107 ulubione.<\/p>\n<p>6. <b>Dlaczego cewka siatkowa jest korzystna?<\/b><br \/>\nCewka z siatki 1,0\u03a9 zapewnia r\u00f3wnomierne nagrzewanie, zapewniaj\u0105c w ten spos\u00f3b sp\u00f3jn\u0105, aromatyczn\u0105 par\u0119.<\/p>\n<p>7. <b>Czy ten vape jest odpowiedni dla os\u00f3b intensywnych?<\/b><br \/>\nDzi\u0119ki du\u017cej liczbie zaci\u0105gni\u0119\u0107 i du\u017cej pojemno\u015bci e-liquid jest idealny dla cz\u0119stych vaper\u00f3w, dzi\u0119ki czemu skutecznie spe\u0142nia ich potrzeby.<\/p>\n<p><img fetchpriority=\"high\" decoding=\"async\" class=\"alignnone size-full wp-image-2686\" src=\"https:\/\/vapeenjoy.com\/wp-content\/uploads\/2025\/09\/3-1.jpg\" alt=\"Bang King Crystal 30000 Puffs 30K jednorazowe waporyzator 25ml E-liquid smaki\" width=\"2500\" height=\"1406\" srcset=\"https:\/\/vapeenjoy.com\/wp-content\/uploads\/2025\/09\/3-1.jpg 2500w, https:\/\/vapeenjoy.com\/wp-content\/uploads\/2025\/09\/3-1-300x169.jpg 300w, https:\/\/vapeenjoy.com\/wp-content\/uploads\/2025\/09\/3-1-1024x576.jpg 1024w, https:\/\/vapeenjoy.com\/wp-content\/uploads\/2025\/09\/3-1-768x432.jpg 768w, https:\/\/vapeenjoy.com\/wp-content\/uploads\/2025\/09\/3-1-1536x864.jpg 1536w, https:\/\/vapeenjoy.com\/wp-content\/uploads\/2025\/09\/3-1-2048x1152.jpg 2048w, https:\/\/vapeenjoy.com\/wp-content\/uploads\/2025\/09\/3-1-18x10.jpg 18w, https:\/\/vapeenjoy.com\/wp-content\/uploads\/2025\/09\/3-1-1200x675.jpg 1200w, https:\/\/vapeenjoy.com\/wp-content\/uploads\/2025\/09\/3-1-150x84.jpg 150w\" sizes=\"(max-width: 2500px) 100vw, 2500px\" \/><\/p>","protected":false},"excerpt":{"rendered":"<p dir=\"auto\">Bang King, zaufana nazwa w Vaping, dostarcza niezawodne urz\u0105dzenia o du\u017cej pojemno\u015bci dla r\u00f3\u017cnych preferencji. Jednorazowe waporyzatory Bang King Crystal 30000 Puffs oferuj\u0105 do 30 000 zaci\u0105gni\u0119\u0107, pojemno\u015b\u0107 25 ml e-liquid i moc 21 TP3T-5%. Dzi\u0119ki akumulatorowi 650 mAh, \u0142adowaniu typu C i regulowanemu przep\u0142ywowi powietrza, to eleganckie urz\u0105dzenie zapewnia d\u0142ugotrwa\u0142\u0105, aromatyczn\u0105 waporyzacj\u0119.<\/p>","protected":false},"featured_media":2689,"comment_status":"open","ping_status":"closed","template":"","meta":[],"product_brand":[16],"product_cat":[31],"product_tag":[99,69],"class_list":{"0":"post-2685","1":"product","2":"type-product","3":"status-publish","4":"has-post-thumbnail","6":"product_brand-bang-vape","7":"product_cat-30000-puffs-vape","8":"product_tag-2-5-nicotin","9":"product_tag-25ml","11":"first","12":"instock","13":"sale","14":"shipping-taxable","15":"purchasable","16":"product-type-variable"},"yoast_head":"<!-- This site is optimized with the Yoast SEO plugin v25.7 - https:\/\/yoast.com\/wordpress\/plugins\/seo\/ -->\n<title>Bang King Crystal 30000 Puffs 30K Disposable Vape 25ml E-liquid<\/title>\n<meta name=\"description\" content=\"Bang King Crystal 30000 Puffs Vape: 25ml e-liquid, 2%-5% nicotine, 650mAh battery, Type-C charging, adjustable airflow. Buy now for lasting flavor!\" \/>\n<meta name=\"robots\" content=\"index, follow, max-snippet:-1, max-image-preview:large, max-video-preview:-1\" \/>\n<link rel=\"canonical\" href=\"https:\/\/vapeenjoy.com\/pl\/produkt\/bang-king-crystal-30000-puffy\/\" \/>\n<meta property=\"og:locale\" content=\"pl_PL\" \/>\n<meta property=\"og:type\" content=\"article\" \/>\n<meta property=\"og:title\" content=\"Bang King Crystal 30000 Puffs 30K Disposable Vape 25ml E-liquid\" \/>\n<meta property=\"og:description\" content=\"Bang King Crystal 30000 Puffs Vape: 25ml e-liquid, 2%-5% nicotine, 650mAh battery, Type-C charging, adjustable airflow. Buy now for lasting flavor!\" \/>\n<meta property=\"og:url\" content=\"https:\/\/vapeenjoy.com\/pl\/produkt\/bang-king-crystal-30000-puffy\/\" \/>\n<meta property=\"og:site_name\" content=\"vapeenjoy\" \/>\n<meta property=\"og:image\" content=\"https:\/\/vapeenjoy.com\/wp-content\/uploads\/2025\/09\/2-1-scaled.jpg\" \/>\n\t<meta property=\"og:image:width\" content=\"2560\" \/>\n\t<meta property=\"og:image:height\" content=\"1341\" \/>\n\t<meta property=\"og:image:type\" content=\"image\/jpeg\" \/>\n<meta name=\"twitter:card\" content=\"summary_large_image\" \/>\n<meta name=\"twitter:label1\" content=\"Szacowany czas czytania\" \/>\n\t<meta name=\"twitter:data1\" content=\"3 minuty\" \/>\n<script type=\"application\/ld+json\" class=\"yoast-schema-graph\">{\"@context\":\"https:\/\/schema.org\",\"@graph\":[{\"@type\":\"WebPage\",\"@id\":\"https:\/\/vapeenjoy.com\/product\/bang-king-crystal-30000-puffs\/\",\"url\":\"https:\/\/vapeenjoy.com\/product\/bang-king-crystal-30000-puffs\/\",\"name\":\"Bang King Crystal 30000 Puffs 30K Disposable Vape 25ml E-liquid\",\"isPartOf\":{\"@id\":\"https:\/\/vapeenjoy.com\/#website\"},\"primaryImageOfPage\":{\"@id\":\"https:\/\/vapeenjoy.com\/product\/bang-king-crystal-30000-puffs\/#primaryimage\"},\"image\":{\"@id\":\"https:\/\/vapeenjoy.com\/product\/bang-king-crystal-30000-puffs\/#primaryimage\"},\"thumbnailUrl\":\"https:\/\/vapeenjoy.com\/wp-content\/uploads\/2025\/09\/2-1-scaled.jpg\",\"datePublished\":\"2025-09-04T03:28:27+00:00\",\"description\":\"Bang King Crystal 30000 Puffs Vape: 25ml e-liquid, 2%-5% nicotine, 650mAh battery, Type-C charging, adjustable airflow. Buy now for lasting flavor!\",\"breadcrumb\":{\"@id\":\"https:\/\/vapeenjoy.com\/product\/bang-king-crystal-30000-puffs\/#breadcrumb\"},\"inLanguage\":\"pl-PL\",\"potentialAction\":[{\"@type\":\"ReadAction\",\"target\":[\"https:\/\/vapeenjoy.com\/product\/bang-king-crystal-30000-puffs\/\"]}]},{\"@type\":\"ImageObject\",\"inLanguage\":\"pl-PL\",\"@id\":\"https:\/\/vapeenjoy.com\/product\/bang-king-crystal-30000-puffs\/#primaryimage\",\"url\":\"https:\/\/vapeenjoy.com\/wp-content\/uploads\/2025\/09\/2-1-scaled.jpg\",\"contentUrl\":\"https:\/\/vapeenjoy.com\/wp-content\/uploads\/2025\/09\/2-1-scaled.jpg\",\"width\":2560,\"height\":1341,\"caption\":\"Bang King Crystal 30000 Puffs 30K Disposable Vape\"},{\"@type\":\"BreadcrumbList\",\"@id\":\"https:\/\/vapeenjoy.com\/product\/bang-king-crystal-30000-puffs\/#breadcrumb\",\"itemListElement\":[{\"@type\":\"ListItem\",\"position\":1,\"name\":\"Home\",\"item\":\"https:\/\/vapeenjoy.com\/\"},{\"@type\":\"ListItem\",\"position\":2,\"name\":\"Shop\",\"item\":\"https:\/\/vapeenjoy.com\/vapeenjoy-shop\/\"},{\"@type\":\"ListItem\",\"position\":3,\"name\":\"Bang King Crystal 30000 Puffs 30K Disposable Vape 25ml E-liquid 2%-5% Nicotine\"}]},{\"@type\":\"WebSite\",\"@id\":\"https:\/\/vapeenjoy.com\/#website\",\"url\":\"https:\/\/vapeenjoy.com\/\",\"name\":\"vapeenjoy\",\"description\":\"An online store for selling vapes\",\"potentialAction\":[{\"@type\":\"SearchAction\",\"target\":{\"@type\":\"EntryPoint\",\"urlTemplate\":\"https:\/\/vapeenjoy.com\/?s={search_term_string}\"},\"query-input\":{\"@type\":\"PropertyValueSpecification\",\"valueRequired\":true,\"valueName\":\"search_term_string\"}}],\"inLanguage\":\"pl-PL\"}]}<\/script>\n<!-- \/ Yoast SEO plugin. -->","yoast_head_json":{"title":"Bang King Crystal 30000 Puffs 30K jednorazowe waporyzator 25ml e-liquid","description":"Bang King Crystal 30000 Puffs Vape: 25 ml E-liquid, 2%-5% Nikotyna, 650mAh \u0142adowanie, \u0142adowanie typu C, regulowany przep\u0142yw powietrza. Kup teraz, aby uzyska\u0107 trwa\u0142y smak!","robots":{"index":"index","follow":"follow","max-snippet":"max-snippet:-1","max-image-preview":"max-image-preview:large","max-video-preview":"max-video-preview:-1"},"canonical":"https:\/\/vapeenjoy.com\/pl\/produkt\/bang-king-crystal-30000-puffy\/","og_locale":"pl_PL","og_type":"article","og_title":"Bang King Crystal 30000 Puffs 30K Disposable Vape 25ml E-liquid","og_description":"Bang King Crystal 30000 Puffs Vape: 25ml e-liquid, 2%-5% nicotine, 650mAh battery, Type-C charging, adjustable airflow. Buy now for lasting flavor!","og_url":"https:\/\/vapeenjoy.com\/pl\/produkt\/bang-king-crystal-30000-puffy\/","og_site_name":"vapeenjoy","og_image":[{"width":2560,"height":1341,"url":"https:\/\/vapeenjoy.com\/wp-content\/uploads\/2025\/09\/2-1-scaled.jpg","type":"image\/jpeg"}],"twitter_card":"summary_large_image","twitter_misc":{"Szacowany czas czytania":"3 minuty"},"schema":{"@context":"https:\/\/schema.org","@graph":[{"@type":"WebPage","@id":"https:\/\/vapeenjoy.com\/product\/bang-king-crystal-30000-puffs\/","url":"https:\/\/vapeenjoy.com\/product\/bang-king-crystal-30000-puffs\/","name":"Bang King Crystal 30000 Puffs 30K jednorazowe waporyzator 25ml e-liquid","isPartOf":{"@id":"https:\/\/vapeenjoy.com\/#website"},"primaryImageOfPage":{"@id":"https:\/\/vapeenjoy.com\/product\/bang-king-crystal-30000-puffs\/#primaryimage"},"image":{"@id":"https:\/\/vapeenjoy.com\/product\/bang-king-crystal-30000-puffs\/#primaryimage"},"thumbnailUrl":"https:\/\/vapeenjoy.com\/wp-content\/uploads\/2025\/09\/2-1-scaled.jpg","datePublished":"2025-09-04T03:28:27+00:00","description":"Bang King Crystal 30000 Puffs Vape: 25 ml E-liquid, 2%-5% Nikotyna, 650mAh \u0142adowanie, \u0142adowanie typu C, regulowany przep\u0142yw powietrza. Kup teraz, aby uzyska\u0107 trwa\u0142y smak!","breadcrumb":{"@id":"https:\/\/vapeenjoy.com\/product\/bang-king-crystal-30000-puffs\/#breadcrumb"},"inLanguage":"pl-PL","potentialAction":[{"@type":"ReadAction","target":["https:\/\/vapeenjoy.com\/product\/bang-king-crystal-30000-puffs\/"]}]},{"@type":"ImageObject","inLanguage":"pl-PL","@id":"https:\/\/vapeenjoy.com\/product\/bang-king-crystal-30000-puffs\/#primaryimage","url":"https:\/\/vapeenjoy.com\/wp-content\/uploads\/2025\/09\/2-1-scaled.jpg","contentUrl":"https:\/\/vapeenjoy.com\/wp-content\/uploads\/2025\/09\/2-1-scaled.jpg","width":2560,"height":1341,"caption":"Bang King Crystal 30000 Puffs 30K Disposable Vape"},{"@type":"BreadcrumbList","@id":"https:\/\/vapeenjoy.com\/product\/bang-king-crystal-30000-puffs\/#breadcrumb","itemListElement":[{"@type":"ListItem","position":1,"name":"Home","item":"https:\/\/vapeenjoy.com\/"},{"@type":"ListItem","position":2,"name":"Shop","item":"https:\/\/vapeenjoy.com\/vapeenjoy-shop\/"},{"@type":"ListItem","position":3,"name":"Bang King Crystal 30000 Puffs 30K Disposable Vape 25ml E-liquid 2%-5% Nicotine"}]},{"@type":"WebSite","@id":"https:\/\/vapeenjoy.com\/#website","url":"https:\/\/vapeenjoy.com\/","name":"skutkowaty","description":"Sklep internetowy do sprzeda\u017cy vapes","potentialAction":[{"@type":"SearchAction","target":{"@type":"EntryPoint","urlTemplate":"https:\/\/vapeenjoy.com\/?s={search_term_string}"},"query-input":{"@type":"PropertyValueSpecification","valueRequired":true,"valueName":"search_term_string"}}],"inLanguage":"pl-PL"}]}},"_links":{"self":[{"href":"https:\/\/vapeenjoy.com\/pl\/wp-json\/wp\/v2\/product\/2685","targetHints":{"allow":["GET"]}}],"collection":[{"href":"https:\/\/vapeenjoy.com\/pl\/wp-json\/wp\/v2\/product"}],"about":[{"href":"https:\/\/vapeenjoy.com\/pl\/wp-json\/wp\/v2\/types\/product"}],"replies":[{"embeddable":true,"href":"https:\/\/vapeenjoy.com\/pl\/wp-json\/wp\/v2\/comments?post=2685"}],"version-history":[{"count":1,"href":"https:\/\/vapeenjoy.com\/pl\/wp-json\/wp\/v2\/product\/2685\/revisions"}],"predecessor-version":[{"id":2693,"href":"https:\/\/vapeenjoy.com\/pl\/wp-json\/wp\/v2\/product\/2685\/revisions\/2693"}],"wp:featuredmedia":[{"embeddable":true,"href":"https:\/\/vapeenjoy.com\/pl\/wp-json\/wp\/v2\/media\/2689"}],"wp:attachment":[{"href":"https:\/\/vapeenjoy.com\/pl\/wp-json\/wp\/v2\/media?parent=2685"}],"wp:term":[{"taxonomy":"product_brand","embeddable":true,"href":"https:\/\/vapeenjoy.com\/pl\/wp-json\/wp\/v2\/product_brand?post=2685"},{"taxonomy":"product_cat","embeddable":true,"href":"https:\/\/vapeenjoy.com\/pl\/wp-json\/wp\/v2\/product_cat?post=2685"},{"taxonomy":"product_tag","embeddable":true,"href":"https:\/\/vapeenjoy.com\/pl\/wp-json\/wp\/v2\/product_tag?post=2685"}],"curies":[{"name":"wp","href":"https:\/\/api.w.org\/{rel}","templated":true}]}}