{"id":2703,"date":"2025-09-04T06:56:17","date_gmt":"2025-09-04T06:56:17","guid":{"rendered":"https:\/\/vapeenjoy.com\/?post_type=product&#038;p=2703"},"modified":"2025-10-24T02:24:44","modified_gmt":"2025-10-24T02:24:44","slug":"bang-legend-120k-puffs","status":"publish","type":"product","link":"https:\/\/vapeenjoy.com\/pl\/produkt\/bang-legend-120-tys\/","title":{"rendered":"Bang Legend 120K Puffs 5 w 1 Smaki Jednorazowe Vape 0-5% Nikotyna"},"content":{"rendered":"<h2>Bang Legend 120k Puffs 5 w 1 jednorazowe waporyzator przegl\u0105d<\/h2>\n<p>Jednorazowe vape Bang Legend 120K to nowy i ulepszony model firmy Bang Legend, jednej z najpopularniejszych nazw w vapingu. Jest stworzony do d\u0142ugotrwa\u0142ego u\u017cytkowania i oferuje do 120 000 puff\u00f3w, co daje mn\u00f3stwo czasu na cieszenie si\u0119 ulubionymi smakami. Ka\u017cde urz\u0105dzenie zawiera pi\u0119\u0107 r\u00f3\u017cnych smak\u00f3w, dzi\u0119ki czemu mo\u017cna \u0142atwo prze\u0142\u0105cza\u0107 si\u0119 mi\u0119dzy nimi bez zmiany wapor\u00f3w. P\u0142ynne naci\u0105ganie i \u0142atwa obs\u0142uga sprawiaj\u0105, \u017ce jest to idealne rozwi\u0105zanie zar\u00f3wno dla nowych, jak i do\u015bwiadczonych u\u017cytkownik\u00f3w.<\/p>\n<p>Dzi\u0119ki kolorowemu i nowoczesnemu wzornictwu Bang Legend 120K wygl\u0105da r\u00f3wnie dobrze, jak dzia\u0142a. Wygodnie mie\u015bci si\u0119 w d\u0142oni i jest prosty w u\u017cyciu - po prostu wdech na pocz\u0105tek. Niezale\u017cnie od tego, czy lubisz nikotyn\u0119 0%, 2%, czy 5%, ta waporyzator daje opcje, kt\u00f3re odpowiadaj\u0105 Twoim gustom. Jest niezawodny, przeno\u015bny i stworzony dla tych, kt\u00f3rzy chc\u0105 przyjemnego wapowania bez k\u0142opot\u00f3w z uzupe\u0142nianiem lub \u0142adowaniem.<\/p>\n<h2>G\u0142\u00f3wne cechy<\/h2>\n<p>Bang Legend 120K wyr\u00f3\u017cnia si\u0119 po\u0142\u0105czeniem mocy, stylu i wygody. Trwa on tygodniami, wi\u0119c nie musisz si\u0119 martwi\u0107, \u017ce za szybko si\u0119 wybiegniesz. Jego system smakowy 5 w jednym dodaje r\u00f3\u017cnorodno\u015bci, dzi\u0119ki czemu ka\u017cda sesja jest \u015bwie\u017ca i ekscytuj\u0105ca. Ze wzgl\u0119du na kompaktowy kszta\u0142t i lekko\u015b\u0107, \u0142atwo go zabra\u0107 wsz\u0119dzie. Funkcja automatycznego rysowania sprawia, \u017ce vaping jest r\u00f3wnie\u017c bezproblemowy \u2014 po prostu wdychaj i ciesz si\u0119.<\/p>\n<h2>Najcz\u0119\u015bciej zadawane pytania<\/h2>\n<p><strong>1. Jak d\u0142ugo to trwa?<\/strong> Mo\u017ce dostarczy\u0107 do 120 000 zaci\u0105gni\u0119\u0107, co oznacza, \u017ce mo\u017cesz go u\u017cywa\u0107 przez d\u0142ugi czas przed jego wymian\u0105.<\/p>\n<p><strong>2. Jakie poziomy nikotyny s\u0105 dost\u0119pne?<\/strong><br \/>\nMo\u017cesz wybra\u0107 mi\u0119dzy nikotyn\u0105 0%, 2% lub 5%, aby dopasowa\u0107 je do osobistych preferencji.<\/p>\n<p><strong>3. Czy musz\u0119 go na\u0142adowa\u0107?<\/strong><br \/>\nNie, to jednorazowe waporyzator. Gdy to zrobisz, mo\u017cesz po prostu zast\u0105pi\u0107 go nowym.<\/p>\n<p><strong>4. Czy mog\u0119 go u\u017cywa\u0107 na zewn\u0105trz?<\/strong><br \/>\nTak. Jest ma\u0142y, lekki i \u0142atwy do przenoszenia, gdziekolwiek jeste\u015b.<\/p>\n<p><strong>5. Czy to jest bezpieczne?<\/strong><br \/>\nTak. Wykonany jest z wysokiej jako\u015bci materia\u0142\u00f3w, kt\u00f3re s\u0105 bezpieczne, trwa\u0142e i odporne na przecieki.<\/p>\n<h2>Dlaczego warto wybra\u0107 Bang Legend 120K?<\/h2>\n<p>Je\u015bli chcesz mie\u0107 mocny, d\u0142ugotrwa\u0142y i \u0142atwy w u\u017cyciu jednorazowy waporyzator, Bang Legend 120K to \u015bwietny wyb\u00f3r. \u0141\u0105czy w sobie g\u0142adki smak, mocne wykonanie i stylowy design w jednym prostym urz\u0105dzeniu. Dzi\u0119ki wielu opcjom smakowym i elastycznemu poziomowi nikotyny jest to jeden z najlepszych jednorazowych waporyzator\u00f3w na 2025 rok \u2014 idealny dla ka\u017cdego, kto lubi czyste, satysfakcjonuj\u0105ce wra\u017cenia z wapowania.<\/p>","protected":false},"excerpt":{"rendered":"<p dir=\"ltr\" data-pm-slice=\"1 1 []\">Bang Vapes dostarcza rozwi\u0105zania o du\u017cej pojemno\u015bci i odwa\u017cnych smak\u00f3w. The Bang Legend 120K Puffs 5 w 1 jednorazowe waporyzatory oferuj\u0105 120 000 puff\u00f3w, 50 ml e-liquidu i system smakowy 5 w 1. Dzi\u0119ki akumulatorowi 850 mAh i \u0142adowaniu typu C zapewnia d\u0142ugotrwa\u0142\u0105, wszechstronn\u0105 przyjemno\u015b\u0107.<\/p>","protected":false},"featured_media":2706,"comment_status":"open","ping_status":"closed","template":"","meta":[],"product_brand":[16],"product_cat":[218],"product_tag":[64,219],"class_list":{"0":"post-2703","1":"product","2":"type-product","3":"status-publish","4":"has-post-thumbnail","6":"product_brand-bang-vape","7":"product_cat-120k-puffs","8":"product_tag-0-5-nicotine","9":"product_tag-5-in-1-flavors","11":"first","12":"instock","13":"sale","14":"shipping-taxable","15":"purchasable","16":"product-type-variable"},"yoast_head":"<!-- This site is optimized with the Yoast SEO plugin v25.7 - https:\/\/yoast.com\/wordpress\/plugins\/seo\/ -->\n<title>Bang Legend 120K Puffs 5-in-1 Flavors Disposable Vape<\/title>\n<meta name=\"description\" content=\"Bang Legend 120K Puffs Disposable Vape with 5-in-1 flavors and 0-5% nicotine. Enjoy long-lasting, fruity, and easy-to-use vaping.\" \/>\n<meta name=\"robots\" content=\"index, follow, max-snippet:-1, max-image-preview:large, max-video-preview:-1\" \/>\n<link rel=\"canonical\" href=\"https:\/\/vapeenjoy.com\/pl\/produkt\/bang-legend-120-tys\/\" \/>\n<meta property=\"og:locale\" content=\"pl_PL\" \/>\n<meta property=\"og:type\" content=\"article\" \/>\n<meta property=\"og:title\" content=\"Bang Legend 120K Puffs 5-in-1 Flavors Disposable Vape\" \/>\n<meta property=\"og:description\" content=\"Bang Legend 120K Puffs Disposable Vape with 5-in-1 flavors and 0-5% nicotine. Enjoy long-lasting, fruity, and easy-to-use vaping.\" \/>\n<meta property=\"og:url\" content=\"https:\/\/vapeenjoy.com\/pl\/produkt\/bang-legend-120-tys\/\" \/>\n<meta property=\"og:site_name\" content=\"vapeenjoy\" \/>\n<meta property=\"article:modified_time\" content=\"2025-10-24T02:24:44+00:00\" \/>\n<meta property=\"og:image\" content=\"https:\/\/vapeenjoy.com\/wp-content\/uploads\/2025\/09\/Bang-Legend-120K-Puffs-5-in-1-Flavors-Disposable-Vape-0-5-Nicotine-.jpg\" \/>\n\t<meta property=\"og:image:width\" content=\"2000\" \/>\n\t<meta property=\"og:image:height\" content=\"2000\" \/>\n\t<meta property=\"og:image:type\" content=\"image\/jpeg\" \/>\n<meta name=\"twitter:card\" content=\"summary_large_image\" \/>\n<meta name=\"twitter:label1\" content=\"Szacowany czas czytania\" \/>\n\t<meta name=\"twitter:data1\" content=\"2 minuty\" \/>\n<script type=\"application\/ld+json\" class=\"yoast-schema-graph\">{\"@context\":\"https:\/\/schema.org\",\"@graph\":[{\"@type\":\"WebPage\",\"@id\":\"https:\/\/vapeenjoy.com\/product\/bang-legend-120k-puffs\/\",\"url\":\"https:\/\/vapeenjoy.com\/product\/bang-legend-120k-puffs\/\",\"name\":\"Bang Legend 120K Puffs 5-in-1 Flavors Disposable Vape\",\"isPartOf\":{\"@id\":\"https:\/\/vapeenjoy.com\/#website\"},\"primaryImageOfPage\":{\"@id\":\"https:\/\/vapeenjoy.com\/product\/bang-legend-120k-puffs\/#primaryimage\"},\"image\":{\"@id\":\"https:\/\/vapeenjoy.com\/product\/bang-legend-120k-puffs\/#primaryimage\"},\"thumbnailUrl\":\"https:\/\/vapeenjoy.com\/wp-content\/uploads\/2025\/09\/Bang-Legend-120K-Puffs-5-in-1-Flavors-Disposable-Vape-0-5-Nicotine-.jpg\",\"datePublished\":\"2025-09-04T06:56:17+00:00\",\"dateModified\":\"2025-10-24T02:24:44+00:00\",\"description\":\"Bang Legend 120K Puffs Disposable Vape with 5-in-1 flavors and 0-5% nicotine. Enjoy long-lasting, fruity, and easy-to-use vaping.\",\"breadcrumb\":{\"@id\":\"https:\/\/vapeenjoy.com\/product\/bang-legend-120k-puffs\/#breadcrumb\"},\"inLanguage\":\"pl-PL\",\"potentialAction\":[{\"@type\":\"ReadAction\",\"target\":[\"https:\/\/vapeenjoy.com\/product\/bang-legend-120k-puffs\/\"]}]},{\"@type\":\"ImageObject\",\"inLanguage\":\"pl-PL\",\"@id\":\"https:\/\/vapeenjoy.com\/product\/bang-legend-120k-puffs\/#primaryimage\",\"url\":\"https:\/\/vapeenjoy.com\/wp-content\/uploads\/2025\/09\/Bang-Legend-120K-Puffs-5-in-1-Flavors-Disposable-Vape-0-5-Nicotine-.jpg\",\"contentUrl\":\"https:\/\/vapeenjoy.com\/wp-content\/uploads\/2025\/09\/Bang-Legend-120K-Puffs-5-in-1-Flavors-Disposable-Vape-0-5-Nicotine-.jpg\",\"width\":2000,\"height\":2000,\"caption\":\"Bang Legend 120K Puffs 5 in 1 Flavors Disposable Vape 0-5% Nicotine\"},{\"@type\":\"BreadcrumbList\",\"@id\":\"https:\/\/vapeenjoy.com\/product\/bang-legend-120k-puffs\/#breadcrumb\",\"itemListElement\":[{\"@type\":\"ListItem\",\"position\":1,\"name\":\"Home\",\"item\":\"https:\/\/vapeenjoy.com\/\"},{\"@type\":\"ListItem\",\"position\":2,\"name\":\"Shop\",\"item\":\"https:\/\/vapeenjoy.com\/vapeenjoy-shop\/\"},{\"@type\":\"ListItem\",\"position\":3,\"name\":\"Bang Legend 120K Puffs 5 in 1 Flavors Disposable Vape 0-5% Nicotine\"}]},{\"@type\":\"WebSite\",\"@id\":\"https:\/\/vapeenjoy.com\/#website\",\"url\":\"https:\/\/vapeenjoy.com\/\",\"name\":\"vapeenjoy\",\"description\":\"An online store for selling vapes\",\"potentialAction\":[{\"@type\":\"SearchAction\",\"target\":{\"@type\":\"EntryPoint\",\"urlTemplate\":\"https:\/\/vapeenjoy.com\/?s={search_term_string}\"},\"query-input\":{\"@type\":\"PropertyValueSpecification\",\"valueRequired\":true,\"valueName\":\"search_term_string\"}}],\"inLanguage\":\"pl-PL\"}]}<\/script>\n<!-- \/ Yoast SEO plugin. -->","yoast_head_json":{"title":"Bang Legend 120k Puffs 5 w 1 Smaki jednorazowe wapory","description":"Bang Legend 120K Puffs jednorazowe waporyzator ze smakami 5 w 1 i nikotyn\u0105 0-5%. Ciesz si\u0119 d\u0142ugotrwa\u0142ym, owocowym i \u0142atwym w u\u017cyciu waporyzacj\u0105.","robots":{"index":"index","follow":"follow","max-snippet":"max-snippet:-1","max-image-preview":"max-image-preview:large","max-video-preview":"max-video-preview:-1"},"canonical":"https:\/\/vapeenjoy.com\/pl\/produkt\/bang-legend-120-tys\/","og_locale":"pl_PL","og_type":"article","og_title":"Bang Legend 120K Puffs 5-in-1 Flavors Disposable Vape","og_description":"Bang Legend 120K Puffs Disposable Vape with 5-in-1 flavors and 0-5% nicotine. Enjoy long-lasting, fruity, and easy-to-use vaping.","og_url":"https:\/\/vapeenjoy.com\/pl\/produkt\/bang-legend-120-tys\/","og_site_name":"vapeenjoy","article_modified_time":"2025-10-24T02:24:44+00:00","og_image":[{"width":2000,"height":2000,"url":"https:\/\/vapeenjoy.com\/wp-content\/uploads\/2025\/09\/Bang-Legend-120K-Puffs-5-in-1-Flavors-Disposable-Vape-0-5-Nicotine-.jpg","type":"image\/jpeg"}],"twitter_card":"summary_large_image","twitter_misc":{"Szacowany czas czytania":"2 minuty"},"schema":{"@context":"https:\/\/schema.org","@graph":[{"@type":"WebPage","@id":"https:\/\/vapeenjoy.com\/product\/bang-legend-120k-puffs\/","url":"https:\/\/vapeenjoy.com\/product\/bang-legend-120k-puffs\/","name":"Bang Legend 120k Puffs 5 w 1 Smaki jednorazowe wapory","isPartOf":{"@id":"https:\/\/vapeenjoy.com\/#website"},"primaryImageOfPage":{"@id":"https:\/\/vapeenjoy.com\/product\/bang-legend-120k-puffs\/#primaryimage"},"image":{"@id":"https:\/\/vapeenjoy.com\/product\/bang-legend-120k-puffs\/#primaryimage"},"thumbnailUrl":"https:\/\/vapeenjoy.com\/wp-content\/uploads\/2025\/09\/Bang-Legend-120K-Puffs-5-in-1-Flavors-Disposable-Vape-0-5-Nicotine-.jpg","datePublished":"2025-09-04T06:56:17+00:00","dateModified":"2025-10-24T02:24:44+00:00","description":"Bang Legend 120K Puffs jednorazowe waporyzator ze smakami 5 w 1 i nikotyn\u0105 0-5%. Ciesz si\u0119 d\u0142ugotrwa\u0142ym, owocowym i \u0142atwym w u\u017cyciu waporyzacj\u0105.","breadcrumb":{"@id":"https:\/\/vapeenjoy.com\/product\/bang-legend-120k-puffs\/#breadcrumb"},"inLanguage":"pl-PL","potentialAction":[{"@type":"ReadAction","target":["https:\/\/vapeenjoy.com\/product\/bang-legend-120k-puffs\/"]}]},{"@type":"ImageObject","inLanguage":"pl-PL","@id":"https:\/\/vapeenjoy.com\/product\/bang-legend-120k-puffs\/#primaryimage","url":"https:\/\/vapeenjoy.com\/wp-content\/uploads\/2025\/09\/Bang-Legend-120K-Puffs-5-in-1-Flavors-Disposable-Vape-0-5-Nicotine-.jpg","contentUrl":"https:\/\/vapeenjoy.com\/wp-content\/uploads\/2025\/09\/Bang-Legend-120K-Puffs-5-in-1-Flavors-Disposable-Vape-0-5-Nicotine-.jpg","width":2000,"height":2000,"caption":"Bang Legend 120K Puffs 5 in 1 Flavors Disposable Vape 0-5% Nicotine"},{"@type":"BreadcrumbList","@id":"https:\/\/vapeenjoy.com\/product\/bang-legend-120k-puffs\/#breadcrumb","itemListElement":[{"@type":"ListItem","position":1,"name":"Home","item":"https:\/\/vapeenjoy.com\/"},{"@type":"ListItem","position":2,"name":"Shop","item":"https:\/\/vapeenjoy.com\/vapeenjoy-shop\/"},{"@type":"ListItem","position":3,"name":"Bang Legend 120K Puffs 5 in 1 Flavors Disposable Vape 0-5% Nicotine"}]},{"@type":"WebSite","@id":"https:\/\/vapeenjoy.com\/#website","url":"https:\/\/vapeenjoy.com\/","name":"skutkowaty","description":"Sklep internetowy do sprzeda\u017cy vapes","potentialAction":[{"@type":"SearchAction","target":{"@type":"EntryPoint","urlTemplate":"https:\/\/vapeenjoy.com\/?s={search_term_string}"},"query-input":{"@type":"PropertyValueSpecification","valueRequired":true,"valueName":"search_term_string"}}],"inLanguage":"pl-PL"}]}},"_links":{"self":[{"href":"https:\/\/vapeenjoy.com\/pl\/wp-json\/wp\/v2\/product\/2703","targetHints":{"allow":["GET"]}}],"collection":[{"href":"https:\/\/vapeenjoy.com\/pl\/wp-json\/wp\/v2\/product"}],"about":[{"href":"https:\/\/vapeenjoy.com\/pl\/wp-json\/wp\/v2\/types\/product"}],"replies":[{"embeddable":true,"href":"https:\/\/vapeenjoy.com\/pl\/wp-json\/wp\/v2\/comments?post=2703"}],"version-history":[{"count":4,"href":"https:\/\/vapeenjoy.com\/pl\/wp-json\/wp\/v2\/product\/2703\/revisions"}],"predecessor-version":[{"id":3103,"href":"https:\/\/vapeenjoy.com\/pl\/wp-json\/wp\/v2\/product\/2703\/revisions\/3103"}],"wp:featuredmedia":[{"embeddable":true,"href":"https:\/\/vapeenjoy.com\/pl\/wp-json\/wp\/v2\/media\/2706"}],"wp:attachment":[{"href":"https:\/\/vapeenjoy.com\/pl\/wp-json\/wp\/v2\/media?parent=2703"}],"wp:term":[{"taxonomy":"product_brand","embeddable":true,"href":"https:\/\/vapeenjoy.com\/pl\/wp-json\/wp\/v2\/product_brand?post=2703"},{"taxonomy":"product_cat","embeddable":true,"href":"https:\/\/vapeenjoy.com\/pl\/wp-json\/wp\/v2\/product_cat?post=2703"},{"taxonomy":"product_tag","embeddable":true,"href":"https:\/\/vapeenjoy.com\/pl\/wp-json\/wp\/v2\/product_tag?post=2703"}],"curies":[{"name":"wp","href":"https:\/\/api.w.org\/{rel}","templated":true}]}}