{"id":271,"date":"2025-07-21T03:14:03","date_gmt":"2025-07-21T03:14:03","guid":{"rendered":"https:\/\/vapeenjoy.com\/?post_type=product&#038;p=271"},"modified":"2025-08-26T07:11:05","modified_gmt":"2025-08-26T07:11:05","slug":"uzy-tornado-30000-30k-puffs-double-flavors-disposable-vape-40ml-0-5-nicotine","status":"publish","type":"product","link":"https:\/\/vapeenjoy.com\/pl\/produkt\/uzy-tornado-30000-30k-puffs-podwojne-smaki-jednorazowe-waporyzator-40ml-0-5-nikotyna\/","title":{"rendered":"Uzy Tornado 30000 30K Puffs podw\u00f3jne smaki jednorazowe wapory 40ml 0-5% Nikotyna"},"content":{"rendered":"<h2 dir=\"ltr\" data-pm-slice=\"1 1 []\">Uzy Tornado 30000 Puffs jednorazowe wapory Opis produktu<\/h2>\n<p dir=\"ltr\">Uzy to marka z pasj\u0105, kt\u00f3rej celem jest pionierskie innowacyjne rozwi\u0105zania waporyzacyjne, k\u0142ad\u0105ce nacisk na wyj\u0105tkow\u0105 jako\u015b\u0107 i satysfakcj\u0119 u\u017cytkownika. W szczeg\u00f3lno\u015bci jednorazowe waporyzatory Uzy Tornado 30000 Puffs, dost\u0119pne w Vape Enju, zapewniaj\u0105 niezr\u00f3wnane, d\u0142ugotrwa\u0142e do\u015bwiadczenie w vapingu. Ponadto jego elegancki, kompaktowy design ma \u017cywy wy\u015bwietlacz RGD, \u0142\u0105cz\u0105cy estetyk\u0119 z praktyczn\u0105 funkcjonalno\u015bci\u0105. W zwi\u0105zku z tym innowacyjny system dwukomorowy urz\u0105dzenia umo\u017cliwia u\u017cytkownikom bezproblemowe prze\u0142\u0105czanie si\u0119 mi\u0119dzy dwoma r\u00f3\u017cnymi smakami, zwi\u0119kszaj\u0105c wszechstronno\u015b\u0107. Na przyk\u0142ad ta funkcja jest przeznaczona dla vaper\u00f3w poszukuj\u0105cych r\u00f3\u017cnorodno\u015bci bez wielu urz\u0105dze\u0144. W ten spos\u00f3b Tornado 30000 wyr\u00f3\u017cnia si\u0119 jako stylowa, przyjazna dla u\u017cytkownika opcja zar\u00f3wno dla pocz\u0105tkuj\u0105cych, jak i do\u015bwiadczonych Vaper\u00f3w.<\/p>\n<h2 dir=\"ltr\">Uzy Tornado 30k Puffs jednorazowe dane techniczne<\/h2>\n<ul class=\"tight\" dir=\"ltr\" data-tight=\"true\">\n<li>\n<p dir=\"ltr\"><strong>Liczba zaci\u0105gni\u0119\u0107<\/strong>: Do 30 000 zaci\u0105gni\u0119\u0107, zapewniaj\u0105c d\u0142ugotrwa\u0142e stosowanie bez cz\u0119stych zamiennik\u00f3w.<\/p>\n<\/li>\n<li>\n<p dir=\"ltr\"><strong>Pojemno\u015b\u0107 e-liquid\u00f3w<\/strong>: Zbiorniki 20 ml (\u0142\u0105cznie 40 ml), zapewniaj\u0105ce znaczn\u0105 p\u0142ynn\u0105 p\u0142ynno\u015b\u0107 do d\u0142u\u017cszych sesji.<\/p>\n<\/li>\n<li>\n<p dir=\"ltr\"><strong>Pojemno\u015b\u0107 baterii<\/strong>: 850 mAh akumulator, zapewniaj\u0105c niezawodn\u0105, sta\u0142\u0105 moc wyj\u015bciow\u0105.<\/p>\n<\/li>\n<li>\n<p dir=\"ltr\"><strong>Port \u0142adowania<\/strong>: Typ-C szybkie \u0142adowanie, umo\u017cliwiaj\u0105ce szybkie i wygodne \u0142adowanie.<\/p>\n<\/li>\n<li>\n<p dir=\"ltr\"><strong>Mocne strony nikotyny<\/strong>: Dost\u0119pne w 0%, 2%, 3% i 5%, dostosowuj\u0105c do r\u00f3\u017cnych preferencji.<\/p>\n<\/li>\n<li>\n<p dir=\"ltr\"><strong>Typ cewki<\/strong>: Podw\u00f3jna cewka z siatki, wytwarzaj\u0105ca bogat\u0105, aromatyczn\u0105 par\u0119 o g\u0142adkiej konsystencji.<\/p>\n<\/li>\n<li>\n<p dir=\"ltr\"><strong>przelotny powietrze<\/strong>: Regulowany system przep\u0142ywu powietrza, umo\u017cliwiaj\u0105cy precyzyjne dostosowanie oporu wdechu.<\/p>\n<\/li>\n<li>\n<p dir=\"ltr\"><strong>manifest<\/strong>: Smart RGD, wyra\u017anie wy\u015bwietlaj\u0105cy poziom na\u0142adowania baterii, poziom e-liquid\u00f3w i liczb\u0119 zaci\u0105gni\u0119\u0107.<\/p>\n<\/li>\n<\/ul>\n<h2 dir=\"ltr\">10 kombinacji smakowych dla r\u00f3\u017cnych smak\u00f3w<\/h2>\n<p dir=\"ltr\">Uzy Tornado 30000, dost\u0119pny za po\u015brednictwem Vape Enju, oferuje ekscytuj\u0105c\u0105 gam\u0119 kombinacji smakowych, kt\u00f3re pasuj\u0105 do r\u00f3\u017cnych podniebie\u0144. W szczeg\u00f3lno\u015bci ka\u017cda parowanie jest stworzone, aby zapewni\u0107 wyj\u0105tkowe wra\u017cenia z wapowania. Oto opcje:<\/p>\n<ol class=\"tight\" dir=\"ltr\" data-tight=\"true\">\n<li>\n<p dir=\"ltr\"><strong>Lod z arbuza i limonka cytrynowa<\/strong>: Soczysty arbuz z orze\u017awiaj\u0105cym, lodowym wyko\u0144czeniem w po\u0142\u0105czeniu z pikantnym cytrynowym limonk\u0105.<\/p>\n<\/li>\n<li>\n<p dir=\"ltr\"><strong>Fizzy Ice Cherry Ice &amp; Blueberry Wata cukrowa<\/strong>: Musuj\u0105ca wi\u015bnia z ch\u0142odnym akcentem i s\u0142odk\u0105 jagodow\u0105 wat\u0119.<\/p>\n<\/li>\n<li>\n<p dir=\"ltr\"><strong>Arbuz truskawkowy i malina jagodowa<\/strong>: S\u0142odka fuzja truskawka-arbuz uzupe\u0142niona cierpkim malinowym malinowym.<\/p>\n<\/li>\n<li>\n<p dir=\"ltr\"><strong>Red Bull Ice &amp; Truskawkowe Mango<\/strong>: Enerizuj\u0105cy Red Bull z mro\u017anym kopni\u0119ciem w po\u0142\u0105czeniu z tropikalnym truskawkowym mango.<\/p>\n<\/li>\n<li>\n<p dir=\"ltr\"><strong>Brzoskwinia Lod i ananas Peach Brzoskwinia<\/strong>: Chrupi\u0105ca brzoskwinia z ch\u0142odn\u0105 kraw\u0119dzi\u0105 i \u017cyw\u0105 mieszank\u0105 ananasa-mango-brzoskwiniowe.<\/p>\n<\/li>\n<li>\n<p dir=\"ltr\"><strong>Lod winogronowy i truskawkowy Kiwi<\/strong>: pogrubione winogrona z lodowatym wyko\u0144czeniem w po\u0142\u0105czeniu z pikantnym truskawk\u0105-kiwi.<\/p>\n<\/li>\n<li>\n<p dir=\"ltr\"><strong>Mieszane jagody i podw\u00f3jny l\u00f3d jab\u0142kowy<\/strong>: Dojrza\u0142a z\u0142o\u017cona jagoda w po\u0142\u0105czeniu z chrupi\u0105cymi, sch\u0142odzonymi podw\u00f3jnymi smakami jab\u0142ek.<\/p>\n<\/li>\n<li>\n<p dir=\"ltr\"><strong>Niebieska lemoniada i arbuz z arbuzem guma do \u017cucia<\/strong>: Tarta Blue Malinowa Lemoniada ze s\u0142odkim arbuzowym Gumem b\u0105belkowym.<\/p>\n<\/li>\n<li>\n<p dir=\"ltr\"><strong>Brzoskwinia Jagoda i Arbuz Peach<\/strong>: Soczysta mieszanka brzoskwiniowo-berasus obok tropikalnej arbuzowo-mango-brzoskwiniowej.<\/p>\n<\/li>\n<li>\n<p dir=\"ltr\"><strong>Lod jagodowy i czarny smok l\u00f3d<\/strong>: Fajna jagoda o mro\u017anym wyko\u0144czeniu w po\u0142\u0105czeniu z egzotycznym, sch\u0142odzonym owocem czarnego smoka.<\/p>\n<\/li>\n<\/ol>\n<h2 dir=\"ltr\">Cz\u0119sto zadawane pytania (FAQ)<\/h2>\n<ol class=\"tight\" dir=\"ltr\" data-tight=\"true\">\n<li>\n<p dir=\"ltr\"><strong>Ile zaci\u0105gni\u0119\u0107 zapewnia Uzy Tornado 30000?<\/strong><br \/>\nDo 30 000 zaci\u0105gni\u0119\u0107, zapewniaj\u0105c wyj\u0105tkowo d\u0142ugotrwa\u0142e u\u017cytkowanie.<\/p>\n<\/li>\n<li>\n<p dir=\"ltr\"><strong>Jakie mocne strony nikotyny s\u0105 dost\u0119pne?<\/strong><br \/>\nOpcje obejmuj\u0105 0%, 2%, 3% i 5%, dostosowane do szerokiego zakresu preferencji.<\/p>\n<\/li>\n<li>\n<p dir=\"ltr\"><strong>Czy mog\u0119 \u0142atwo prze\u0142\u0105cza\u0107 si\u0119 mi\u0119dzy tymi dwoma smakami?<\/strong><br \/>\nRzeczywi\u015bcie, system podw\u00f3jnego przedzia\u0142u umo\u017cliwia bezproblemowe prze\u0142\u0105czanie smaku z prost\u0105 regulacj\u0105.<\/p>\n<\/li>\n<li>\n<p dir=\"ltr\"><strong>Jak wybra\u0107 odpowiedni\u0105 kombinacj\u0119 smak\u00f3w?<\/strong><br \/>\nNajpierw oce\u0144 swoje preferencje smakowe. Na przyk\u0142ad owocowe mieszanki, takie jak truskawkowe arbuzy i maliny jagodowe, dost\u0119pne w Vape Enjoy, odpowiadaj\u0105 na s\u0142odkie zachcianki, podczas gdy lodowe opcje, takie jak Grape Ice i Truskawka Kiwi, oferuj\u0105 orze\u017awiaj\u0105cy kopa. Dlatego eksperymentowanie pomaga znale\u017a\u0107 idealne dopasowanie.<\/p>\n<\/li>\n<li>\n<p dir=\"ltr\"><strong>Czy bateria jest \u0142adowana?<\/strong><br \/>\nAbsolutnie, bateria 850 mAh obs\u0142uguje szybkie \u0142adowanie przez port typu C, zapewniaj\u0105c minimalny czas przestoju.<\/p>\n<\/li>\n<li>\n<p dir=\"ltr\"><strong>Co wy\u015bwietla ekran RGD?<\/strong><br \/>\nEkran Smart RGD wyra\u017anie pokazuje poziom na\u0142adowania baterii, poziom e-p\u0142ynu i liczb\u0119 zaci\u0105gni\u0119\u0107, zwi\u0119kszaj\u0105c wygod\u0119.<\/p>\n<\/li>\n<li>\n<p dir=\"ltr\"><strong>Jak dzia\u0142a regulowany przep\u0142yw powietrza?<\/strong><br \/>\nW szczeg\u00f3lno\u015bci system przep\u0142ywu powietrza pozwala u\u017cytkownikom na dostrojenie oporu wdechu, dostosowuj\u0105c do\u015bwiadczenie.<\/p>\n<\/li>\n<\/ol>\n<h2 dir=\"ltr\">Dlaczego warto wybra\u0107 UZY Tornado 30000?<\/h2>\n<p dir=\"ltr\">Ponadto Uzy Tornado 30000, znalezione w Vape Enju, \u0142\u0105czy najnowsz\u0105 technologi\u0119 z koncentracj\u0105 zorientowan\u0105 na u\u017cytkownika. Na przyk\u0142ad wysoka liczba zaci\u0105gni\u0119\u0107 i system podw\u00f3jnego zbiornika zapewniaj\u0105 niezr\u00f3wnan\u0105 wygod\u0119. Ponadto regulowany przep\u0142yw powietrza i r\u00f3\u017cnorodne opcje smakowe zapewniaj\u0105 spersonalizowane wra\u017cenia. W rezultacie to urz\u0105dzenie jest idealne dla vaper\u00f3w poszukuj\u0105cych jako\u015bci, wszechstronno\u015bci i stylu.<\/p>\n<p><img fetchpriority=\"high\" decoding=\"async\" class=\"alignnone wp-image-280 size-full\" src=\"https:\/\/vapeenjoy.com\/wp-content\/uploads\/2025\/07\/uzy-tornado-30000-30k-puffs-flavor.webp\" alt=\"Uzy Tornado 30000 30K Puffs Podw\u00f3jne smaki Jednorazowe smaki waporyzacyjne \" width=\"2251\" height=\"2251\" srcset=\"https:\/\/vapeenjoy.com\/wp-content\/uploads\/2025\/07\/uzy-tornado-30000-30k-puffs-flavor.webp 2251w, https:\/\/vapeenjoy.com\/wp-content\/uploads\/2025\/07\/uzy-tornado-30000-30k-puffs-flavor-600x600.webp 600w, https:\/\/vapeenjoy.com\/wp-content\/uploads\/2025\/07\/uzy-tornado-30000-30k-puffs-flavor-150x150.webp 150w, https:\/\/vapeenjoy.com\/wp-content\/uploads\/2025\/07\/uzy-tornado-30000-30k-puffs-flavor-1200x1200.webp 1200w, https:\/\/vapeenjoy.com\/wp-content\/uploads\/2025\/07\/uzy-tornado-30000-30k-puffs-flavor-300x300.webp 300w, https:\/\/vapeenjoy.com\/wp-content\/uploads\/2025\/07\/uzy-tornado-30000-30k-puffs-flavor-1024x1024.webp 1024w, https:\/\/vapeenjoy.com\/wp-content\/uploads\/2025\/07\/uzy-tornado-30000-30k-puffs-flavor-768x768.webp 768w, https:\/\/vapeenjoy.com\/wp-content\/uploads\/2025\/07\/uzy-tornado-30000-30k-puffs-flavor-1536x1536.webp 1536w, https:\/\/vapeenjoy.com\/wp-content\/uploads\/2025\/07\/uzy-tornado-30000-30k-puffs-flavor-2048x2048.webp 2048w\" sizes=\"(max-width: 2251px) 100vw, 2251px\" \/><\/p>","protected":false},"excerpt":{"rendered":"<p>Uzy, marka po\u015bwi\u0119cona wysokiej jako\u015bci wapowaniu, prezentuje jednorazowe waporyzatory Tornado 30000 Puffs z 20 ml, 20 ml + 20 ml, akumulator 850 mAh, cewki z podw\u00f3jnymi siatk\u0105, regulowany przep\u0142yw powietrza i ekran RGD dla bogatych smak\u00f3w i \u0142atwo\u015bci u\u017cytkowania.<\/p>","protected":false},"featured_media":272,"comment_status":"open","ping_status":"closed","template":"","meta":[],"product_brand":[38],"product_cat":[31],"product_tag":[64,77],"class_list":{"0":"post-271","1":"product","2":"type-product","3":"status-publish","4":"has-post-thumbnail","6":"product_brand-uzy-vape","7":"product_cat-30000-puffs-vape","8":"product_tag-0-5-nicotine","9":"product_tag-40ml","11":"first","12":"instock","13":"sale","14":"shipping-taxable","15":"purchasable","16":"product-type-variable"},"yoast_head":"<!-- This site is optimized with the Yoast SEO plugin v25.7 - https:\/\/yoast.com\/wordpress\/plugins\/seo\/ -->\n<title>UZY Tornado 30K Puffs Double Flavors Disposable Vape 40ml<\/title>\n<meta name=\"description\" content=\"UZY Tornado 30K Puffs Disposable Vape: dual flavors, 40ml e-liquid, 0-5% nicotine. Rechargeable, smart display. Shop now for premium vaping!\" \/>\n<meta name=\"robots\" content=\"index, follow, max-snippet:-1, max-image-preview:large, max-video-preview:-1\" \/>\n<link rel=\"canonical\" href=\"https:\/\/vapeenjoy.com\/pl\/produkt\/uzy-tornado-30000-30k-puffs-podwojne-smaki-jednorazowe-waporyzator-40ml-0-5-nikotyna\/\" \/>\n<meta property=\"og:locale\" content=\"pl_PL\" \/>\n<meta property=\"og:type\" content=\"article\" \/>\n<meta property=\"og:title\" content=\"UZY Tornado 30K Puffs Double Flavors Disposable Vape 40ml\" \/>\n<meta property=\"og:description\" content=\"UZY Tornado 30K Puffs Disposable Vape: dual flavors, 40ml e-liquid, 0-5% nicotine. Rechargeable, smart display. Shop now for premium vaping!\" \/>\n<meta property=\"og:url\" content=\"https:\/\/vapeenjoy.com\/pl\/produkt\/uzy-tornado-30000-30k-puffs-podwojne-smaki-jednorazowe-waporyzator-40ml-0-5-nikotyna\/\" \/>\n<meta property=\"og:site_name\" content=\"vapeenjoy\" \/>\n<meta property=\"article:modified_time\" content=\"2025-08-26T07:11:05+00:00\" \/>\n<meta property=\"og:image\" content=\"https:\/\/vapeenjoy.com\/wp-content\/uploads\/2025\/07\/UZY-Tornado-30000-Puffs-994x1024.png\" \/>\n\t<meta property=\"og:image:width\" content=\"994\" \/>\n\t<meta property=\"og:image:height\" content=\"1024\" \/>\n\t<meta property=\"og:image:type\" content=\"image\/png\" \/>\n<meta name=\"twitter:card\" content=\"summary_large_image\" \/>\n<meta name=\"twitter:label1\" content=\"Szacowany czas czytania\" \/>\n\t<meta name=\"twitter:data1\" content=\"4 minuty\" \/>\n<script type=\"application\/ld+json\" class=\"yoast-schema-graph\">{\"@context\":\"https:\/\/schema.org\",\"@graph\":[{\"@type\":\"WebPage\",\"@id\":\"https:\/\/vapeenjoy.com\/product\/uzy-tornado-30000-30k-puffs-double-flavors-disposable-vape-40ml-0-5-nicotine\/\",\"url\":\"https:\/\/vapeenjoy.com\/product\/uzy-tornado-30000-30k-puffs-double-flavors-disposable-vape-40ml-0-5-nicotine\/\",\"name\":\"UZY Tornado 30K Puffs Double Flavors Disposable Vape 40ml\",\"isPartOf\":{\"@id\":\"https:\/\/vapeenjoy.com\/#website\"},\"primaryImageOfPage\":{\"@id\":\"https:\/\/vapeenjoy.com\/product\/uzy-tornado-30000-30k-puffs-double-flavors-disposable-vape-40ml-0-5-nicotine\/#primaryimage\"},\"image\":{\"@id\":\"https:\/\/vapeenjoy.com\/product\/uzy-tornado-30000-30k-puffs-double-flavors-disposable-vape-40ml-0-5-nicotine\/#primaryimage\"},\"thumbnailUrl\":\"https:\/\/vapeenjoy.com\/wp-content\/uploads\/2025\/07\/UZY-Tornado-30000-Puffs.png\",\"datePublished\":\"2025-07-21T03:14:03+00:00\",\"dateModified\":\"2025-08-26T07:11:05+00:00\",\"description\":\"UZY Tornado 30K Puffs Disposable Vape: dual flavors, 40ml e-liquid, 0-5% nicotine. Rechargeable, smart display. Shop now for premium vaping!\",\"breadcrumb\":{\"@id\":\"https:\/\/vapeenjoy.com\/product\/uzy-tornado-30000-30k-puffs-double-flavors-disposable-vape-40ml-0-5-nicotine\/#breadcrumb\"},\"inLanguage\":\"pl-PL\",\"potentialAction\":[{\"@type\":\"ReadAction\",\"target\":[\"https:\/\/vapeenjoy.com\/product\/uzy-tornado-30000-30k-puffs-double-flavors-disposable-vape-40ml-0-5-nicotine\/\"]}]},{\"@type\":\"ImageObject\",\"inLanguage\":\"pl-PL\",\"@id\":\"https:\/\/vapeenjoy.com\/product\/uzy-tornado-30000-30k-puffs-double-flavors-disposable-vape-40ml-0-5-nicotine\/#primaryimage\",\"url\":\"https:\/\/vapeenjoy.com\/wp-content\/uploads\/2025\/07\/UZY-Tornado-30000-Puffs.png\",\"contentUrl\":\"https:\/\/vapeenjoy.com\/wp-content\/uploads\/2025\/07\/UZY-Tornado-30000-Puffs.png\",\"width\":1208,\"height\":1244},{\"@type\":\"BreadcrumbList\",\"@id\":\"https:\/\/vapeenjoy.com\/product\/uzy-tornado-30000-30k-puffs-double-flavors-disposable-vape-40ml-0-5-nicotine\/#breadcrumb\",\"itemListElement\":[{\"@type\":\"ListItem\",\"position\":1,\"name\":\"Home\",\"item\":\"https:\/\/vapeenjoy.com\/\"},{\"@type\":\"ListItem\",\"position\":2,\"name\":\"Shop\",\"item\":\"https:\/\/vapeenjoy.com\/vapeenjoy-shop\/\"},{\"@type\":\"ListItem\",\"position\":3,\"name\":\"UZY Tornado 30000 30K Puffs Double Flavors Disposable Vape 40ml 0-5% Nicotine\"}]},{\"@type\":\"WebSite\",\"@id\":\"https:\/\/vapeenjoy.com\/#website\",\"url\":\"https:\/\/vapeenjoy.com\/\",\"name\":\"vapeenjoy\",\"description\":\"An online store for selling vapes\",\"potentialAction\":[{\"@type\":\"SearchAction\",\"target\":{\"@type\":\"EntryPoint\",\"urlTemplate\":\"https:\/\/vapeenjoy.com\/?s={search_term_string}\"},\"query-input\":{\"@type\":\"PropertyValueSpecification\",\"valueRequired\":true,\"valueName\":\"search_term_string\"}}],\"inLanguage\":\"pl-PL\"}]}<\/script>\n<!-- \/ Yoast SEO plugin. -->","yoast_head_json":{"title":"Uzy Tornado 30K Puffs podw\u00f3jne smaki jednorazowe wapory 40ml","description":"Uzy Tornado 30K Puffs jednorazowe waporyzator: podw\u00f3jne smaki, 40 ml e-liquid, 0-5% nikotyna. \u0141adowarka, inteligentny wy\u015bwietlacz. Kup teraz, aby uzyska\u0107 premium vaping!","robots":{"index":"index","follow":"follow","max-snippet":"max-snippet:-1","max-image-preview":"max-image-preview:large","max-video-preview":"max-video-preview:-1"},"canonical":"https:\/\/vapeenjoy.com\/pl\/produkt\/uzy-tornado-30000-30k-puffs-podwojne-smaki-jednorazowe-waporyzator-40ml-0-5-nikotyna\/","og_locale":"pl_PL","og_type":"article","og_title":"UZY Tornado 30K Puffs Double Flavors Disposable Vape 40ml","og_description":"UZY Tornado 30K Puffs Disposable Vape: dual flavors, 40ml e-liquid, 0-5% nicotine. Rechargeable, smart display. Shop now for premium vaping!","og_url":"https:\/\/vapeenjoy.com\/pl\/produkt\/uzy-tornado-30000-30k-puffs-podwojne-smaki-jednorazowe-waporyzator-40ml-0-5-nikotyna\/","og_site_name":"vapeenjoy","article_modified_time":"2025-08-26T07:11:05+00:00","og_image":[{"width":994,"height":1024,"url":"https:\/\/vapeenjoy.com\/wp-content\/uploads\/2025\/07\/UZY-Tornado-30000-Puffs-994x1024.png","type":"image\/png"}],"twitter_card":"summary_large_image","twitter_misc":{"Szacowany czas czytania":"4 minuty"},"schema":{"@context":"https:\/\/schema.org","@graph":[{"@type":"WebPage","@id":"https:\/\/vapeenjoy.com\/product\/uzy-tornado-30000-30k-puffs-double-flavors-disposable-vape-40ml-0-5-nicotine\/","url":"https:\/\/vapeenjoy.com\/product\/uzy-tornado-30000-30k-puffs-double-flavors-disposable-vape-40ml-0-5-nicotine\/","name":"Uzy Tornado 30K Puffs podw\u00f3jne smaki jednorazowe wapory 40ml","isPartOf":{"@id":"https:\/\/vapeenjoy.com\/#website"},"primaryImageOfPage":{"@id":"https:\/\/vapeenjoy.com\/product\/uzy-tornado-30000-30k-puffs-double-flavors-disposable-vape-40ml-0-5-nicotine\/#primaryimage"},"image":{"@id":"https:\/\/vapeenjoy.com\/product\/uzy-tornado-30000-30k-puffs-double-flavors-disposable-vape-40ml-0-5-nicotine\/#primaryimage"},"thumbnailUrl":"https:\/\/vapeenjoy.com\/wp-content\/uploads\/2025\/07\/UZY-Tornado-30000-Puffs.png","datePublished":"2025-07-21T03:14:03+00:00","dateModified":"2025-08-26T07:11:05+00:00","description":"Uzy Tornado 30K Puffs jednorazowe waporyzator: podw\u00f3jne smaki, 40 ml e-liquid, 0-5% nikotyna. \u0141adowarka, inteligentny wy\u015bwietlacz. Kup teraz, aby uzyska\u0107 premium vaping!","breadcrumb":{"@id":"https:\/\/vapeenjoy.com\/product\/uzy-tornado-30000-30k-puffs-double-flavors-disposable-vape-40ml-0-5-nicotine\/#breadcrumb"},"inLanguage":"pl-PL","potentialAction":[{"@type":"ReadAction","target":["https:\/\/vapeenjoy.com\/product\/uzy-tornado-30000-30k-puffs-double-flavors-disposable-vape-40ml-0-5-nicotine\/"]}]},{"@type":"ImageObject","inLanguage":"pl-PL","@id":"https:\/\/vapeenjoy.com\/product\/uzy-tornado-30000-30k-puffs-double-flavors-disposable-vape-40ml-0-5-nicotine\/#primaryimage","url":"https:\/\/vapeenjoy.com\/wp-content\/uploads\/2025\/07\/UZY-Tornado-30000-Puffs.png","contentUrl":"https:\/\/vapeenjoy.com\/wp-content\/uploads\/2025\/07\/UZY-Tornado-30000-Puffs.png","width":1208,"height":1244},{"@type":"BreadcrumbList","@id":"https:\/\/vapeenjoy.com\/product\/uzy-tornado-30000-30k-puffs-double-flavors-disposable-vape-40ml-0-5-nicotine\/#breadcrumb","itemListElement":[{"@type":"ListItem","position":1,"name":"Home","item":"https:\/\/vapeenjoy.com\/"},{"@type":"ListItem","position":2,"name":"Shop","item":"https:\/\/vapeenjoy.com\/vapeenjoy-shop\/"},{"@type":"ListItem","position":3,"name":"UZY Tornado 30000 30K Puffs Double Flavors Disposable Vape 40ml 0-5% Nicotine"}]},{"@type":"WebSite","@id":"https:\/\/vapeenjoy.com\/#website","url":"https:\/\/vapeenjoy.com\/","name":"skutkowaty","description":"Sklep internetowy do sprzeda\u017cy vapes","potentialAction":[{"@type":"SearchAction","target":{"@type":"EntryPoint","urlTemplate":"https:\/\/vapeenjoy.com\/?s={search_term_string}"},"query-input":{"@type":"PropertyValueSpecification","valueRequired":true,"valueName":"search_term_string"}}],"inLanguage":"pl-PL"}]}},"_links":{"self":[{"href":"https:\/\/vapeenjoy.com\/pl\/wp-json\/wp\/v2\/product\/271","targetHints":{"allow":["GET"]}}],"collection":[{"href":"https:\/\/vapeenjoy.com\/pl\/wp-json\/wp\/v2\/product"}],"about":[{"href":"https:\/\/vapeenjoy.com\/pl\/wp-json\/wp\/v2\/types\/product"}],"replies":[{"embeddable":true,"href":"https:\/\/vapeenjoy.com\/pl\/wp-json\/wp\/v2\/comments?post=271"}],"version-history":[{"count":4,"href":"https:\/\/vapeenjoy.com\/pl\/wp-json\/wp\/v2\/product\/271\/revisions"}],"predecessor-version":[{"id":2585,"href":"https:\/\/vapeenjoy.com\/pl\/wp-json\/wp\/v2\/product\/271\/revisions\/2585"}],"wp:featuredmedia":[{"embeddable":true,"href":"https:\/\/vapeenjoy.com\/pl\/wp-json\/wp\/v2\/media\/272"}],"wp:attachment":[{"href":"https:\/\/vapeenjoy.com\/pl\/wp-json\/wp\/v2\/media?parent=271"}],"wp:term":[{"taxonomy":"product_brand","embeddable":true,"href":"https:\/\/vapeenjoy.com\/pl\/wp-json\/wp\/v2\/product_brand?post=271"},{"taxonomy":"product_cat","embeddable":true,"href":"https:\/\/vapeenjoy.com\/pl\/wp-json\/wp\/v2\/product_cat?post=271"},{"taxonomy":"product_tag","embeddable":true,"href":"https:\/\/vapeenjoy.com\/pl\/wp-json\/wp\/v2\/product_tag?post=271"}],"curies":[{"name":"wp","href":"https:\/\/api.w.org\/{rel}","templated":true}]}}