{"id":2729,"date":"2025-09-04T08:05:35","date_gmt":"2025-09-04T08:05:35","guid":{"rendered":"https:\/\/vapeenjoy.com\/?post_type=product&#038;p=2729"},"modified":"2025-09-04T08:05:35","modified_gmt":"2025-09-04T08:05:35","slug":"bang-leader-45000-puffs-2-in-1-flavors-disposable-vape-0-5-nicotine","status":"publish","type":"product","link":"https:\/\/vapeenjoy.com\/pl\/produkt\/bang-leader-45000-puffs-2-w-1-smaki-jednorazowe-vape-0-5-nikotyna\/","title":{"rendered":"Bang Leader 45000 Puffs 2 w 1 Smaki Jednorazowe Vape 0-5% Nikotyna"},"content":{"rendered":"<h2>Bang Leader 45000 Puffs 2 w 1 Smaki Jednorazowe waporyzator<\/h2>\n<p>Bang Leader konsekwentnie dostarcza niezawodne rozwi\u0105zania do wapowania dla wygody. Na przyk\u0142ad Bang Leader 45000 Puffs 2 w 1 jednorazowe waporyzatory oferuj\u0105 urz\u0105dzenie o du\u017cej pojemno\u015bci i przyjazne dla u\u017cytkownika. Dodatkowo, elegancki, kompaktowy design z cyfrowym wy\u015bwietlaczem p\u0142ynnie \u0142\u0105czy praktyczno\u015b\u0107 i nowoczesny wygl\u0105d, dzi\u0119ki czemu jest idealny dla vaper\u00f3w, kt\u00f3rzy traktuj\u0105 priorytetowo funkcjonalno\u015b\u0107 i styl.<\/p>\n<h3>Specyfikacje produktu<\/h3>\n<p>\u2022 <b>Liczba zaci\u0105gni\u0119\u0107: 45 000<\/b> \u2013 W konsekwencji zapewnia tygodnie u\u017cytkowania bez zamiennik\u00f3w.<br \/>\n\u2022 <b>E-liquid: 60 ml (30 ml + 30 ml)<\/b> \u2013 W ten spos\u00f3b podw\u00f3jne komory obs\u0142uguj\u0105 przed\u0142u\u017cone sesje wapowania.<br \/>\n\u2022 <b>Nikotyna: 0%, 2%, 3%, 5%<\/b> \u2013 W rezultacie uwzgl\u0119dnia r\u00f3\u017cne preferencje nikotyny.<br \/>\n\u2022 <b>Bateria: 650 mAh<\/b> \u2013 Dlatego zapewnia niezawodn\u0105 moc z \u0142adowaniem.<br \/>\n\u2022 <b>\u0141adowanie: Typ-C<\/b> \u2013 Dzi\u0119ki temu umo\u017cliwia szybkie i wydajne do\u0142adowanie.<br \/>\n\u2022 <b>Cewka: podw\u00f3jna siatka 1,0\u03a9<\/b> \u2013 W zwi\u0105zku z tym wytwarza g\u0142adk\u0105, bogat\u0105 par\u0119.<br \/>\n\u2022 <b>Wy\u015bwietlacz: ekran LED<\/b> \u2013 Ponadto \u015bledzi bateri\u0119, p\u0142yn i zaci\u0105gni\u0119cia.<br \/>\n\u2022 <b>Przep\u0142yw powietrza: regulowany<\/b> \u2013 Podobnie, dostosowuje op\u00f3r rysowania.<\/p>\n<h3>Owocowe i tropikalne kombinacje smakowe<\/h3>\n<p>1. <b>Lody arbuzowe + truskawka i mango<\/b> \u2013 Od\u015bwie\u017caj\u0105co fajny arbuz w po\u0142\u0105czeniu ze s\u0142odkim truskawkowym mango.<br \/>\n2. <b>Truskawka i arbuz + Kiwi Passion Fruit Guava<\/b> \u2013 Na przyk\u0142ad soczysty truskawkowy arbuz spotyka pikantn\u0105 kiwi-guaw\u0119.<br \/>\n3. <b>Truskawka i arbuz + l\u00f3d winogronowy<\/b> \u2013 Podobnie s\u0142odka mieszanka uzupe\u0142nia sch\u0142odzone winogrona.<br \/>\n4. <b>Jagoda malina + brzoskwinia mango arbuza<\/b> \u2013 Co wi\u0119cej, cierpkie jagody wzmacniaj\u0105 s\u0142odk\u0105 brzoskwiniow\u0105 mango.<br \/>\n5. <b>Arbuz jagodowy + mango truskawkowe<\/b> \u2013 W konsekwencji s\u0142odkie jagody \u0142\u0105cz\u0105 si\u0119 z soczystym mango.<br \/>\n6. <b>Truskawka Kiwi + l\u00f3d brzoskwiniowy<\/b> \u2013 St\u0105d pikantne kiwi pary z sch\u0142odzon\u0105 brzoskwini\u0105.<\/p>\n<h3>Odwa\u017cne i niepowtarzalne kombinacje smakowe<\/h3>\n<p>7. <b>Lod jagodowy + czarny smoczy l\u00f3d<\/b> \u2013 Tak wi\u0119c lodowata jagoda miesza si\u0119 z ciemnymi nutami owoc\u00f3w.<br \/>\n8. <b>Lody jagodowe + truskawka i banan<\/b> \u2013 Podobnie, Cool Blueberry uzupe\u0142nia kremowy banan.<br \/>\n9. <b>Red Bull + jagoda arbuz<\/b> \u2013 Ponadto odwa\u017cny Red Bull spotyka s\u0142odkie jagody.<br \/>\n10. <b>Red Bull + arbuz cukierki b\u0105belkowy<\/b> \u2013 W rezultacie nap\u00f3j energetyczny miesza si\u0119 z nutami gumy do \u017cucia.<br \/>\n11. <b>Cola Ice + Wi\u015bniowa \u017burawina<\/b> \u2013 Co wi\u0119cej, Fizzy Cola wzmacnia cierpk\u0105 wi\u015bniowo-\u017curawinow\u0105.<br \/>\n12. <b>L\u00f3d ananasowy + potr\u00f3jne mango<\/b> \u2013 Podobnie, lodowy ananas wzmacnia bogate mango.<\/p>\n<h3>Cz\u0119sto zadawane pytania<\/h3>\n<p>1. Czym jest vape Bang Leader 45000?<br \/>\nW szczeg\u00f3lno\u015bci jest to jednorazowy jednorazowy o du\u017cej pojemno\u015bci z podw\u00f3jnymi smakami i regulowanym przep\u0142ywem powietrza.<\/p>\n<p>2. Jak dzia\u0142a system podw\u00f3jnego smaku?<br \/>\nNa przyk\u0142ad dwie komory o pojemno\u015bci 30 ml umo\u017cliwiaj\u0105 bezproblemowe prze\u0142\u0105czanie smaku.<\/p>\n<p>3. Czy urz\u0105dzenie jest \u0142adowane?<br \/>\nRzeczywi\u015bcie, ma bateri\u0119 650 mAh z \u0142adowaniem typu C.<\/p>\n<p>4. Jak wybra\u0107 odpowiedni smak?<br \/>\nAby to zilustrowa\u0107, zdecyduj si\u0119 na mieszanki owocowe, takie jak l\u00f3d arbuzowy na s\u0142odycz lub cola Ice, aby uzyska\u0107 odwa\u017cne smaki w zale\u017cno\u015bci od twoich preferencji.<\/p>\n<p>5. Jakie mocne strony nikotyny s\u0105 dost\u0119pne?<br \/>\nW konsekwencji oferuje opcje 0%, 2%, 3% i 5%.<\/p>\n<p>6. Jak dzia\u0142a wy\u015bwietlacz LED?<br \/>\nPonadto wy\u015bwietla liczb\u0119 baterii w czasie rzeczywistym, e-liquid i liczenie zaci\u0105gni\u0119\u0107.<\/p>\n<p>7 7 Czy mog\u0119 dostosowa\u0107 przep\u0142yw powietrza?<br \/>\nW rezultacie regulowany przep\u0142yw powietrza umo\u017cliwia dostosowany op\u00f3r ci\u0105gni\u0119cia.<\/p>\n<p><img fetchpriority=\"high\" decoding=\"async\" class=\"alignnone size-full wp-image-2736\" src=\"https:\/\/vapeenjoy.com\/wp-content\/uploads\/2025\/09\/Bang-Leader-45000-Puffs-2-in-1-Flavors-Disposable-Vape-Flavors.jpg\" alt=\"Bang Leader 45000 Puffs 2 w 1 smaki jednorazowe smaki waporyzacyjne\" width=\"1920\" height=\"1080\" srcset=\"https:\/\/vapeenjoy.com\/wp-content\/uploads\/2025\/09\/Bang-Leader-45000-Puffs-2-in-1-Flavors-Disposable-Vape-Flavors.jpg 1920w, https:\/\/vapeenjoy.com\/wp-content\/uploads\/2025\/09\/Bang-Leader-45000-Puffs-2-in-1-Flavors-Disposable-Vape-Flavors-300x169.jpg 300w, https:\/\/vapeenjoy.com\/wp-content\/uploads\/2025\/09\/Bang-Leader-45000-Puffs-2-in-1-Flavors-Disposable-Vape-Flavors-1024x576.jpg 1024w, https:\/\/vapeenjoy.com\/wp-content\/uploads\/2025\/09\/Bang-Leader-45000-Puffs-2-in-1-Flavors-Disposable-Vape-Flavors-768x432.jpg 768w, https:\/\/vapeenjoy.com\/wp-content\/uploads\/2025\/09\/Bang-Leader-45000-Puffs-2-in-1-Flavors-Disposable-Vape-Flavors-1536x864.jpg 1536w, https:\/\/vapeenjoy.com\/wp-content\/uploads\/2025\/09\/Bang-Leader-45000-Puffs-2-in-1-Flavors-Disposable-Vape-Flavors-18x10.jpg 18w, https:\/\/vapeenjoy.com\/wp-content\/uploads\/2025\/09\/Bang-Leader-45000-Puffs-2-in-1-Flavors-Disposable-Vape-Flavors-1200x675.jpg 1200w, https:\/\/vapeenjoy.com\/wp-content\/uploads\/2025\/09\/Bang-Leader-45000-Puffs-2-in-1-Flavors-Disposable-Vape-Flavors-150x84.jpg 150w\" sizes=\"(max-width: 1920px) 100vw, 1920px\" \/><\/p>","protected":false},"excerpt":{"rendered":"<p dir=\"ltr\" data-pm-slice=\"1 1 []\">Bang Leader oferuje niezawodne rozwi\u0105zania do wapowania. Jednorazowe waporyzaki Bang Leader 45000 Puffs 2 w 1 zapewniaj\u0105 45 000 puff\u00f3w, 60 ml podw\u00f3jnej komory e-liquid, nikotyn\u0119 0-5%, akumulator 650 mAh, \u0142adowanie typu C, cewki z siatki z podw\u00f3jnymi siatk\u0105 i wy\u015bwietlacz LED do indywidualnego u\u017cytku.<\/p>","protected":false},"featured_media":2733,"comment_status":"open","ping_status":"closed","template":"","meta":[],"product_brand":[16],"product_cat":[45],"product_tag":[64],"class_list":{"0":"post-2729","1":"product","2":"type-product","3":"status-publish","4":"has-post-thumbnail","6":"product_brand-bang-vape","7":"product_cat-45000-puffs-vape","8":"product_tag-0-5-nicotine","10":"first","11":"instock","12":"sale","13":"shipping-taxable","14":"purchasable","15":"product-type-variable"},"yoast_head":"<!-- This site is optimized with the Yoast SEO plugin v25.7 - https:\/\/yoast.com\/wordpress\/plugins\/seo\/ -->\n<title>Bang Leader 45000 Puffs 2 in 1 Flavors Disposable Vape<\/title>\n<meta name=\"description\" content=\"Bang Leader 45000 Puffs Disposable Vape, 60mL dual e-liquid, 0-5% nicotine, 650mAh battery, and LED display. Buy now for lasting performance!\" \/>\n<meta name=\"robots\" content=\"index, follow, max-snippet:-1, max-image-preview:large, max-video-preview:-1\" \/>\n<link rel=\"canonical\" href=\"https:\/\/vapeenjoy.com\/pl\/produkt\/bang-leader-45000-puffs-2-w-1-smaki-jednorazowe-vape-0-5-nikotyna\/\" \/>\n<meta property=\"og:locale\" content=\"pl_PL\" \/>\n<meta property=\"og:type\" content=\"article\" \/>\n<meta property=\"og:title\" content=\"Bang Leader 45000 Puffs 2 in 1 Flavors Disposable Vape\" \/>\n<meta property=\"og:description\" content=\"Bang Leader 45000 Puffs Disposable Vape, 60mL dual e-liquid, 0-5% nicotine, 650mAh battery, and LED display. Buy now for lasting performance!\" \/>\n<meta property=\"og:url\" content=\"https:\/\/vapeenjoy.com\/pl\/produkt\/bang-leader-45000-puffs-2-w-1-smaki-jednorazowe-vape-0-5-nikotyna\/\" \/>\n<meta property=\"og:site_name\" content=\"vapeenjoy\" \/>\n<meta property=\"og:image\" content=\"https:\/\/vapeenjoy.com\/wp-content\/uploads\/2025\/09\/bang-leader-45k.webp\" \/>\n\t<meta property=\"og:image:width\" content=\"1000\" \/>\n\t<meta property=\"og:image:height\" content=\"1000\" \/>\n\t<meta property=\"og:image:type\" content=\"image\/webp\" \/>\n<meta name=\"twitter:card\" content=\"summary_large_image\" \/>\n<meta name=\"twitter:label1\" content=\"Szacowany czas czytania\" \/>\n\t<meta name=\"twitter:data1\" content=\"3 minuty\" \/>\n<script type=\"application\/ld+json\" class=\"yoast-schema-graph\">{\"@context\":\"https:\/\/schema.org\",\"@graph\":[{\"@type\":\"WebPage\",\"@id\":\"https:\/\/vapeenjoy.com\/product\/bang-leader-45000-puffs-2-in-1-flavors-disposable-vape-0-5-nicotine\/\",\"url\":\"https:\/\/vapeenjoy.com\/product\/bang-leader-45000-puffs-2-in-1-flavors-disposable-vape-0-5-nicotine\/\",\"name\":\"Bang Leader 45000 Puffs 2 in 1 Flavors Disposable Vape\",\"isPartOf\":{\"@id\":\"https:\/\/vapeenjoy.com\/#website\"},\"primaryImageOfPage\":{\"@id\":\"https:\/\/vapeenjoy.com\/product\/bang-leader-45000-puffs-2-in-1-flavors-disposable-vape-0-5-nicotine\/#primaryimage\"},\"image\":{\"@id\":\"https:\/\/vapeenjoy.com\/product\/bang-leader-45000-puffs-2-in-1-flavors-disposable-vape-0-5-nicotine\/#primaryimage\"},\"thumbnailUrl\":\"https:\/\/vapeenjoy.com\/wp-content\/uploads\/2025\/09\/bang-leader-45k.webp\",\"datePublished\":\"2025-09-04T08:05:35+00:00\",\"description\":\"Bang Leader 45000 Puffs Disposable Vape, 60mL dual e-liquid, 0-5% nicotine, 650mAh battery, and LED display. Buy now for lasting performance!\",\"breadcrumb\":{\"@id\":\"https:\/\/vapeenjoy.com\/product\/bang-leader-45000-puffs-2-in-1-flavors-disposable-vape-0-5-nicotine\/#breadcrumb\"},\"inLanguage\":\"pl-PL\",\"potentialAction\":[{\"@type\":\"ReadAction\",\"target\":[\"https:\/\/vapeenjoy.com\/product\/bang-leader-45000-puffs-2-in-1-flavors-disposable-vape-0-5-nicotine\/\"]}]},{\"@type\":\"ImageObject\",\"inLanguage\":\"pl-PL\",\"@id\":\"https:\/\/vapeenjoy.com\/product\/bang-leader-45000-puffs-2-in-1-flavors-disposable-vape-0-5-nicotine\/#primaryimage\",\"url\":\"https:\/\/vapeenjoy.com\/wp-content\/uploads\/2025\/09\/bang-leader-45k.webp\",\"contentUrl\":\"https:\/\/vapeenjoy.com\/wp-content\/uploads\/2025\/09\/bang-leader-45k.webp\",\"width\":1000,\"height\":1000,\"caption\":\"Bang Leader 45000 Puffs 2 in 1 Flavors Disposable Vape\"},{\"@type\":\"BreadcrumbList\",\"@id\":\"https:\/\/vapeenjoy.com\/product\/bang-leader-45000-puffs-2-in-1-flavors-disposable-vape-0-5-nicotine\/#breadcrumb\",\"itemListElement\":[{\"@type\":\"ListItem\",\"position\":1,\"name\":\"Home\",\"item\":\"https:\/\/vapeenjoy.com\/\"},{\"@type\":\"ListItem\",\"position\":2,\"name\":\"Shop\",\"item\":\"https:\/\/vapeenjoy.com\/vapeenjoy-shop\/\"},{\"@type\":\"ListItem\",\"position\":3,\"name\":\"Bang Leader 45000 Puffs 2 in 1 Flavors Disposable Vape 0-5% Nicotine\"}]},{\"@type\":\"WebSite\",\"@id\":\"https:\/\/vapeenjoy.com\/#website\",\"url\":\"https:\/\/vapeenjoy.com\/\",\"name\":\"vapeenjoy\",\"description\":\"An online store for selling vapes\",\"potentialAction\":[{\"@type\":\"SearchAction\",\"target\":{\"@type\":\"EntryPoint\",\"urlTemplate\":\"https:\/\/vapeenjoy.com\/?s={search_term_string}\"},\"query-input\":{\"@type\":\"PropertyValueSpecification\",\"valueRequired\":true,\"valueName\":\"search_term_string\"}}],\"inLanguage\":\"pl-PL\"}]}<\/script>\n<!-- \/ Yoast SEO plugin. -->","yoast_head_json":{"title":"Bang Leader 45000 Puffs 2 w 1 Smaki Jednorazowe waporyzator","description":"Bang Leader 45000 Puffs jednorazowy waporyzator, 60 ml podw\u00f3jny e-liquid, nikotyna 0-5%, bateria 650 mAh i wy\u015bwietlacz LED. Kup teraz, aby uzyska\u0107 trwa\u0142\u0105 wydajno\u015b\u0107!","robots":{"index":"index","follow":"follow","max-snippet":"max-snippet:-1","max-image-preview":"max-image-preview:large","max-video-preview":"max-video-preview:-1"},"canonical":"https:\/\/vapeenjoy.com\/pl\/produkt\/bang-leader-45000-puffs-2-w-1-smaki-jednorazowe-vape-0-5-nikotyna\/","og_locale":"pl_PL","og_type":"article","og_title":"Bang Leader 45000 Puffs 2 in 1 Flavors Disposable Vape","og_description":"Bang Leader 45000 Puffs Disposable Vape, 60mL dual e-liquid, 0-5% nicotine, 650mAh battery, and LED display. Buy now for lasting performance!","og_url":"https:\/\/vapeenjoy.com\/pl\/produkt\/bang-leader-45000-puffs-2-w-1-smaki-jednorazowe-vape-0-5-nikotyna\/","og_site_name":"vapeenjoy","og_image":[{"width":1000,"height":1000,"url":"https:\/\/vapeenjoy.com\/wp-content\/uploads\/2025\/09\/bang-leader-45k.webp","type":"image\/webp"}],"twitter_card":"summary_large_image","twitter_misc":{"Szacowany czas czytania":"3 minuty"},"schema":{"@context":"https:\/\/schema.org","@graph":[{"@type":"WebPage","@id":"https:\/\/vapeenjoy.com\/product\/bang-leader-45000-puffs-2-in-1-flavors-disposable-vape-0-5-nicotine\/","url":"https:\/\/vapeenjoy.com\/product\/bang-leader-45000-puffs-2-in-1-flavors-disposable-vape-0-5-nicotine\/","name":"Bang Leader 45000 Puffs 2 w 1 Smaki Jednorazowe waporyzator","isPartOf":{"@id":"https:\/\/vapeenjoy.com\/#website"},"primaryImageOfPage":{"@id":"https:\/\/vapeenjoy.com\/product\/bang-leader-45000-puffs-2-in-1-flavors-disposable-vape-0-5-nicotine\/#primaryimage"},"image":{"@id":"https:\/\/vapeenjoy.com\/product\/bang-leader-45000-puffs-2-in-1-flavors-disposable-vape-0-5-nicotine\/#primaryimage"},"thumbnailUrl":"https:\/\/vapeenjoy.com\/wp-content\/uploads\/2025\/09\/bang-leader-45k.webp","datePublished":"2025-09-04T08:05:35+00:00","description":"Bang Leader 45000 Puffs jednorazowy waporyzator, 60 ml podw\u00f3jny e-liquid, nikotyna 0-5%, bateria 650 mAh i wy\u015bwietlacz LED. Kup teraz, aby uzyska\u0107 trwa\u0142\u0105 wydajno\u015b\u0107!","breadcrumb":{"@id":"https:\/\/vapeenjoy.com\/product\/bang-leader-45000-puffs-2-in-1-flavors-disposable-vape-0-5-nicotine\/#breadcrumb"},"inLanguage":"pl-PL","potentialAction":[{"@type":"ReadAction","target":["https:\/\/vapeenjoy.com\/product\/bang-leader-45000-puffs-2-in-1-flavors-disposable-vape-0-5-nicotine\/"]}]},{"@type":"ImageObject","inLanguage":"pl-PL","@id":"https:\/\/vapeenjoy.com\/product\/bang-leader-45000-puffs-2-in-1-flavors-disposable-vape-0-5-nicotine\/#primaryimage","url":"https:\/\/vapeenjoy.com\/wp-content\/uploads\/2025\/09\/bang-leader-45k.webp","contentUrl":"https:\/\/vapeenjoy.com\/wp-content\/uploads\/2025\/09\/bang-leader-45k.webp","width":1000,"height":1000,"caption":"Bang Leader 45000 Puffs 2 in 1 Flavors Disposable Vape"},{"@type":"BreadcrumbList","@id":"https:\/\/vapeenjoy.com\/product\/bang-leader-45000-puffs-2-in-1-flavors-disposable-vape-0-5-nicotine\/#breadcrumb","itemListElement":[{"@type":"ListItem","position":1,"name":"Home","item":"https:\/\/vapeenjoy.com\/"},{"@type":"ListItem","position":2,"name":"Shop","item":"https:\/\/vapeenjoy.com\/vapeenjoy-shop\/"},{"@type":"ListItem","position":3,"name":"Bang Leader 45000 Puffs 2 in 1 Flavors Disposable Vape 0-5% Nicotine"}]},{"@type":"WebSite","@id":"https:\/\/vapeenjoy.com\/#website","url":"https:\/\/vapeenjoy.com\/","name":"skutkowaty","description":"Sklep internetowy do sprzeda\u017cy vapes","potentialAction":[{"@type":"SearchAction","target":{"@type":"EntryPoint","urlTemplate":"https:\/\/vapeenjoy.com\/?s={search_term_string}"},"query-input":{"@type":"PropertyValueSpecification","valueRequired":true,"valueName":"search_term_string"}}],"inLanguage":"pl-PL"}]}},"_links":{"self":[{"href":"https:\/\/vapeenjoy.com\/pl\/wp-json\/wp\/v2\/product\/2729","targetHints":{"allow":["GET"]}}],"collection":[{"href":"https:\/\/vapeenjoy.com\/pl\/wp-json\/wp\/v2\/product"}],"about":[{"href":"https:\/\/vapeenjoy.com\/pl\/wp-json\/wp\/v2\/types\/product"}],"replies":[{"embeddable":true,"href":"https:\/\/vapeenjoy.com\/pl\/wp-json\/wp\/v2\/comments?post=2729"}],"version-history":[{"count":1,"href":"https:\/\/vapeenjoy.com\/pl\/wp-json\/wp\/v2\/product\/2729\/revisions"}],"predecessor-version":[{"id":2737,"href":"https:\/\/vapeenjoy.com\/pl\/wp-json\/wp\/v2\/product\/2729\/revisions\/2737"}],"wp:featuredmedia":[{"embeddable":true,"href":"https:\/\/vapeenjoy.com\/pl\/wp-json\/wp\/v2\/media\/2733"}],"wp:attachment":[{"href":"https:\/\/vapeenjoy.com\/pl\/wp-json\/wp\/v2\/media?parent=2729"}],"wp:term":[{"taxonomy":"product_brand","embeddable":true,"href":"https:\/\/vapeenjoy.com\/pl\/wp-json\/wp\/v2\/product_brand?post=2729"},{"taxonomy":"product_cat","embeddable":true,"href":"https:\/\/vapeenjoy.com\/pl\/wp-json\/wp\/v2\/product_cat?post=2729"},{"taxonomy":"product_tag","embeddable":true,"href":"https:\/\/vapeenjoy.com\/pl\/wp-json\/wp\/v2\/product_tag?post=2729"}],"curies":[{"name":"wp","href":"https:\/\/api.w.org\/{rel}","templated":true}]}}