{"id":2738,"date":"2025-09-04T08:33:52","date_gmt":"2025-09-04T08:33:52","guid":{"rendered":"https:\/\/vapeenjoy.com\/?post_type=product&#038;p=2738"},"modified":"2025-09-08T08:43:54","modified_gmt":"2025-09-08T08:43:54","slug":"jnr-radiance-31000-puffs-disposable-vape-28ml-e-liquid-0-5-nicotine","status":"publish","type":"product","link":"https:\/\/vapeenjoy.com\/pl\/produkt\/jnr-radiance-31000-puffs-jednorazowe-vape-28ml-e-plyn-0-5-nikotyna\/","title":{"rendered":"JNR Radiance 31000 Puffs jednorazowe vape 28ml e-liquid 0-5% Nikotyna"},"content":{"rendered":"<h2>JNR Radiance 31000 Puffy Jako\u015b\u0107 spe\u0142nia wygod\u0119<\/h2>\n<p>JNR, nap\u0119dzany etosem \u201etylko bez powodu\u201d, tworzy niezawodne jednorazowe waporyzatory. Na przyk\u0142ad JNR Radiance 31000 Puffs jednorazowe waporyzator zapewnia wysok\u0105 pojemno\u015b\u0107 i sta\u0142\u0105 wydajno\u015b\u0107. Dodatkowo jego elegancki, prostok\u0105tny kszta\u0142t z kryszta\u0142owym wyko\u0144czeniem zapewnia przeno\u015bno\u015b\u0107. Dlatego \u0142atwo mie\u015bci si\u0119 w d\u0142oni lub kieszeni, idealny do codziennego u\u017cytku.<\/p>\n<h2>Kluczowe specyfikacje i funkcje<\/h2>\n<p>\u2022 <b>Liczba zaci\u0105gni\u0119\u0107: 31 000<\/b> \u2013 Oferuje do 31 000 zaci\u0105gni\u0119\u0107 do d\u0142u\u017cszego u\u017cytkowania.<br \/>\n\u2022 <b>Pojemno\u015b\u0107 e-liquid\u00f3w: 28ml<\/b> \u2013 Mie\u015bci 28 ml e-liquidu na d\u0142ugie sesje.<br \/>\n\u2022 <b>Si\u0142a nikotyny: 0%, 2%, 5%<\/b> \u2013 Zapewnia elastyczne opcje nikotyny.<br \/>\n\u2022 <b>Pojemno\u015b\u0107 baterii: 950 mAh<\/b> - Akumulator zapewnia sta\u0142\u0105 moc.<br \/>\n\u2022 <b>Typ cewki: cewka z podw\u00f3jn\u0105 siatk\u0105 1,2 \u03a9<\/b> - Zapewnia sp\u00f3jny smak poprzez r\u00f3wnomierne ogrzewanie.<br \/>\n\u2022 <b>Port \u0142adowania: Typ-C<\/b> - Umo\u017cliwia szybkie i wydajne \u0142adowanie.<br \/>\n\u2022 <b>Wy\u015bwietlacz: ekran animacji inteligent<\/b> \u2013 Monitoruje poziomy baterii i e-liquid\u00f3w w czasie rzeczywistym.<\/p>\n<h2>Pi\u0119tna\u015bcie opcji smakowych<\/h2>\n<p>1. <b>Niebieska wi\u015bnia Razz<\/b> \u2013 \u0141\u0105czy pikantn\u0105 niebiesk\u0105 malin\u0119 z czere\u015bni\u0105.<br \/>\n2. <b>niebieski razz l\u00f3d<\/b> \u2013 \u0141\u0105czy niebiesk\u0105 malin\u0119 z orze\u017awiaj\u0105c\u0105 lodowat\u0105 nut\u0105.<br \/>\n3. <b>Jagoda wi\u015bniowa<\/b> \u2013 Miesza soczyste wi\u015bnie z mieszanymi jagodami.<br \/>\n4. <b>podw\u00f3jne jab\u0142ko<\/b> \u2013 Miesza chrupi\u0105ce zielone i s\u0142odkie czerwone jab\u0142ka.<br \/>\n5. <b>Fizzy Cherry Cola<\/b> \u2013 Oferuje s\u0142odki, musuj\u0105cy smak wi\u015bniowej coli.<br \/>\n6. <b>Hawaje<\/b> - Zawiera tropikaln\u0105 mieszank\u0119 egzotycznych owoc\u00f3w.<br \/>\n7. <b>Mieszane jagody<\/b> \u2013 \u0141\u0105czy s\u0142odkie i cierpkie jagody.<br \/>\n8. <b>l\u00f3d truskawkowy<\/b> \u2013 \u0141\u0105czy truskawki z ch\u0142odnym mentolem.<br \/>\n9. <b>kiwi truskawkowe<\/b> \u2013 R\u00f3wnowa\u017cy s\u0142odkie truskawki z pikantnym kiwi.<br \/>\n10. <b>malina kwa\u015bna z jagodami<\/b> \u2013 Miesza s\u0142odkie jagody z tart\u0105 malin\u0105.<\/p>\n<h2>Wi\u0119cej opcji smakowych<\/h2>\n<p>11. <b>kiwi z marakui<\/b> \u2013 \u0141\u0105czy pikantny marakui z kiwi.<br \/>\n12. <b>Ananas brzoskwiniowy mango<\/b> \u2013 Dostarcza soczyste trio brzoskwiniowo-mango-pineapowe.<br \/>\n13. <b>Lod z truskawkami malinowymi<\/b> \u2013 \u0141\u0105czy jagody z lodowatym wyko\u0144czeniem.<br \/>\n14. <b>Letnia brzoskwinia l\u00f3d<\/b> \u2013 \u0141\u0105czy brzoskwinie z ch\u0142odz\u0105cym mentolem.<br \/>\n15. <b>l\u00f3d arbuzowy<\/b> \u2013 Oferuje s\u0142odki arbuz z lodowatym akcentem.<\/p>\n<h2>Cz\u0119sto zadawane pytania<\/h2>\n<p>1. Co to jest radance JNR 31000?<br \/>\nTo jednorazowe waporyzator z 31 000 zaci\u0105gni\u0119\u0107. Ponadto zawiera 28 ml pojemno\u015bci e-liquid i inteligentny wy\u015bwietlacz.<\/p>\n<p>2 . Jak sprawdzi\u0107 poziom na\u0142adowania baterii?<br \/>\nInteligentny ekran pokazuje stan baterii. W ten spos\u00f3b mo\u017cna \u0142adowa\u0107 za pomoc\u0105 portu typu C.<\/p>\n<p>3. Jak wybra\u0107 smak?<br \/>\nAby uzyska\u0107 s\u0142odkie smaki, spr\u00f3buj truskawkowego kiwi. Alternatywnie, aby uzyska\u0107 fajny efekt, wybierz Blue Razz Ice. Dlatego przetestuj kilka, aby znale\u017a\u0107 sw\u00f3j ulubiony.<\/p>\n<p>4. Czy poziomy nikotyny mo\u017cna dostosowa\u0107?<br \/>\nTak, opcje obejmuj\u0105 0%, 2% lub 5%. Dlatego mo\u017cesz wybra\u0107, co pasuje najlepiej.<\/p>\n<p>5. Dlaczego warto u\u017cy\u0107 podw\u00f3jnej cewki siatkowej?<br \/>\nCewka 1,2 \u03a9 nagrzewa si\u0119 r\u00f3wnomiernie. W rezultacie zapewnia sp\u00f3jny smak i g\u0142adk\u0105 par\u0119.<\/p>\n<p>6. Czy jest gotowy do u\u017cycia?<br \/>\nTak, jest wst\u0119pnie wype\u0142niony. W zwi\u0105zku z tym mo\u017cesz od razu rozpocz\u0105\u0107 wapowanie.<\/p>\n<p>7 7 . Jak d\u0142ugo to trwa?<br \/>\nZ 31 000 puff\u00f3w trwa tygodnie. Dzi\u0119ki temu jest bardzo wytrzyma\u0142y do cz\u0119stego u\u017cytkowania.<\/p>\n<p><img fetchpriority=\"high\" decoding=\"async\" class=\"alignnone size-full wp-image-2744\" src=\"https:\/\/vapeenjoy.com\/wp-content\/uploads\/2025\/09\/\u6d77\u62a52.jpg\" alt=\"JNR Radiance 31000 Puffs jednorazowe smaki waporyzacyjne\" width=\"1920\" height=\"1080\" srcset=\"https:\/\/vapeenjoy.com\/wp-content\/uploads\/2025\/09\/\u6d77\u62a52.jpg 1920w, https:\/\/vapeenjoy.com\/wp-content\/uploads\/2025\/09\/\u6d77\u62a52-300x169.jpg 300w, https:\/\/vapeenjoy.com\/wp-content\/uploads\/2025\/09\/\u6d77\u62a52-1024x576.jpg 1024w, https:\/\/vapeenjoy.com\/wp-content\/uploads\/2025\/09\/\u6d77\u62a52-768x432.jpg 768w, https:\/\/vapeenjoy.com\/wp-content\/uploads\/2025\/09\/\u6d77\u62a52-1536x864.jpg 1536w, https:\/\/vapeenjoy.com\/wp-content\/uploads\/2025\/09\/\u6d77\u62a52-18x10.jpg 18w, https:\/\/vapeenjoy.com\/wp-content\/uploads\/2025\/09\/\u6d77\u62a52-1200x675.jpg 1200w, https:\/\/vapeenjoy.com\/wp-content\/uploads\/2025\/09\/\u6d77\u62a52-150x84.jpg 150w\" sizes=\"(max-width: 1920px) 100vw, 1920px\" \/><\/p>","protected":false},"excerpt":{"rendered":"<p dir=\"ltr\" data-pm-slice=\"1 1 []\">JNR, marka po\u015bwi\u0119cona wysokiej jako\u015bci waporyzacji, prezentuje jednorazowe waporyzator Radionance 31000 Puffs. To urz\u0105dzenie oferuje pojemno\u015b\u0107 e-liquid 28 ml, do 31 000 zaci\u0105gni\u0119\u0107 i akumulator 950 mAh. Dzi\u0119ki podw\u00f3jnej cewce o siatce 1,2 \u03a9 i \u0142adowaniu typu C zapewnia sta\u0142y smak i wygod\u0119.<\/p>","protected":false},"featured_media":2745,"comment_status":"open","ping_status":"closed","template":"","meta":[],"product_brand":[33],"product_cat":[220],"product_tag":[64,68],"class_list":{"0":"post-2738","1":"product","2":"type-product","3":"status-publish","4":"has-post-thumbnail","6":"product_brand-jnr-vape","7":"product_cat-31000-puffs","8":"product_tag-0-5-nicotine","9":"product_tag-28ml","11":"first","12":"outofstock","13":"sale","14":"shipping-taxable","15":"purchasable","16":"product-type-variable"},"yoast_head":"<!-- This site is optimized with the Yoast SEO plugin v25.7 - https:\/\/yoast.com\/wordpress\/plugins\/seo\/ -->\n<title>JNR Radiance 31000 Puffs Disposable Vape 28ml 0-5% Nicotine<\/title>\n<meta name=\"description\" content=\"JNR Radiance 31000 Puffs Disposable Vape offers 28ml e-liquid, 950mAh battery, and dual mesh coil for rich flavor. Buy now with 0-5% nicotine options.\" \/>\n<meta name=\"robots\" content=\"index, follow, max-snippet:-1, max-image-preview:large, max-video-preview:-1\" \/>\n<link rel=\"canonical\" href=\"https:\/\/vapeenjoy.com\/pl\/produkt\/jnr-radiance-31000-puffs-jednorazowe-vape-28ml-e-plyn-0-5-nikotyna\/\" \/>\n<meta property=\"og:locale\" content=\"pl_PL\" \/>\n<meta property=\"og:type\" content=\"article\" \/>\n<meta property=\"og:title\" content=\"JNR Radiance 31000 Puffs Disposable Vape 28ml 0-5% Nicotine\" \/>\n<meta property=\"og:description\" content=\"JNR Radiance 31000 Puffs Disposable Vape offers 28ml e-liquid, 950mAh battery, and dual mesh coil for rich flavor. Buy now with 0-5% nicotine options.\" \/>\n<meta property=\"og:url\" content=\"https:\/\/vapeenjoy.com\/pl\/produkt\/jnr-radiance-31000-puffs-jednorazowe-vape-28ml-e-plyn-0-5-nikotyna\/\" \/>\n<meta property=\"og:site_name\" content=\"vapeenjoy\" \/>\n<meta property=\"article:modified_time\" content=\"2025-09-08T08:43:54+00:00\" \/>\n<meta property=\"og:image\" content=\"https:\/\/vapeenjoy.com\/wp-content\/uploads\/2025\/09\/4Cherry-Berry.jpg\" \/>\n\t<meta property=\"og:image:width\" content=\"800\" \/>\n\t<meta property=\"og:image:height\" content=\"800\" \/>\n\t<meta property=\"og:image:type\" content=\"image\/jpeg\" \/>\n<meta name=\"twitter:card\" content=\"summary_large_image\" \/>\n<meta name=\"twitter:label1\" content=\"Szacowany czas czytania\" \/>\n\t<meta name=\"twitter:data1\" content=\"3 minuty\" \/>\n<script type=\"application\/ld+json\" class=\"yoast-schema-graph\">{\"@context\":\"https:\/\/schema.org\",\"@graph\":[{\"@type\":\"WebPage\",\"@id\":\"https:\/\/vapeenjoy.com\/product\/jnr-radiance-31000-puffs-disposable-vape-28ml-e-liquid-0-5-nicotine\/\",\"url\":\"https:\/\/vapeenjoy.com\/product\/jnr-radiance-31000-puffs-disposable-vape-28ml-e-liquid-0-5-nicotine\/\",\"name\":\"JNR Radiance 31000 Puffs Disposable Vape 28ml 0-5% Nicotine\",\"isPartOf\":{\"@id\":\"https:\/\/vapeenjoy.com\/#website\"},\"primaryImageOfPage\":{\"@id\":\"https:\/\/vapeenjoy.com\/product\/jnr-radiance-31000-puffs-disposable-vape-28ml-e-liquid-0-5-nicotine\/#primaryimage\"},\"image\":{\"@id\":\"https:\/\/vapeenjoy.com\/product\/jnr-radiance-31000-puffs-disposable-vape-28ml-e-liquid-0-5-nicotine\/#primaryimage\"},\"thumbnailUrl\":\"https:\/\/vapeenjoy.com\/wp-content\/uploads\/2025\/09\/4Cherry-Berry.jpg\",\"datePublished\":\"2025-09-04T08:33:52+00:00\",\"dateModified\":\"2025-09-08T08:43:54+00:00\",\"description\":\"JNR Radiance 31000 Puffs Disposable Vape offers 28ml e-liquid, 950mAh battery, and dual mesh coil for rich flavor. Buy now with 0-5% nicotine options.\",\"breadcrumb\":{\"@id\":\"https:\/\/vapeenjoy.com\/product\/jnr-radiance-31000-puffs-disposable-vape-28ml-e-liquid-0-5-nicotine\/#breadcrumb\"},\"inLanguage\":\"pl-PL\",\"potentialAction\":[{\"@type\":\"ReadAction\",\"target\":[\"https:\/\/vapeenjoy.com\/product\/jnr-radiance-31000-puffs-disposable-vape-28ml-e-liquid-0-5-nicotine\/\"]}]},{\"@type\":\"ImageObject\",\"inLanguage\":\"pl-PL\",\"@id\":\"https:\/\/vapeenjoy.com\/product\/jnr-radiance-31000-puffs-disposable-vape-28ml-e-liquid-0-5-nicotine\/#primaryimage\",\"url\":\"https:\/\/vapeenjoy.com\/wp-content\/uploads\/2025\/09\/4Cherry-Berry.jpg\",\"contentUrl\":\"https:\/\/vapeenjoy.com\/wp-content\/uploads\/2025\/09\/4Cherry-Berry.jpg\",\"width\":800,\"height\":800,\"caption\":\"JNR Radiance 31000 Puffs Disposable Vape Cherry-Berry\"},{\"@type\":\"BreadcrumbList\",\"@id\":\"https:\/\/vapeenjoy.com\/product\/jnr-radiance-31000-puffs-disposable-vape-28ml-e-liquid-0-5-nicotine\/#breadcrumb\",\"itemListElement\":[{\"@type\":\"ListItem\",\"position\":1,\"name\":\"Home\",\"item\":\"https:\/\/vapeenjoy.com\/\"},{\"@type\":\"ListItem\",\"position\":2,\"name\":\"Shop\",\"item\":\"https:\/\/vapeenjoy.com\/vapeenjoy-shop\/\"},{\"@type\":\"ListItem\",\"position\":3,\"name\":\"JNR Radiance 31000 Puffs Disposable Vape 28ml E-liquid 0-5% Nicotine\"}]},{\"@type\":\"WebSite\",\"@id\":\"https:\/\/vapeenjoy.com\/#website\",\"url\":\"https:\/\/vapeenjoy.com\/\",\"name\":\"vapeenjoy\",\"description\":\"An online store for selling vapes\",\"potentialAction\":[{\"@type\":\"SearchAction\",\"target\":{\"@type\":\"EntryPoint\",\"urlTemplate\":\"https:\/\/vapeenjoy.com\/?s={search_term_string}\"},\"query-input\":{\"@type\":\"PropertyValueSpecification\",\"valueRequired\":true,\"valueName\":\"search_term_string\"}}],\"inLanguage\":\"pl-PL\"}]}<\/script>\n<!-- \/ Yoast SEO plugin. -->","yoast_head_json":{"title":"JNR Radiance 31000 Puffs jednorazowe wapory 28ml 0-5% Nikotyna","description":"JNR Radiance 31000 Puffs Jednorazowe waporyzatory oferuje 28 ml e-liquidu, bateri\u0119 950 mAh i cewk\u0119 z podw\u00f3jn\u0105 siatk\u0105 dla bogatego smaku. Kup teraz z opcjami nikotyny 0-5%.","robots":{"index":"index","follow":"follow","max-snippet":"max-snippet:-1","max-image-preview":"max-image-preview:large","max-video-preview":"max-video-preview:-1"},"canonical":"https:\/\/vapeenjoy.com\/pl\/produkt\/jnr-radiance-31000-puffs-jednorazowe-vape-28ml-e-plyn-0-5-nikotyna\/","og_locale":"pl_PL","og_type":"article","og_title":"JNR Radiance 31000 Puffs Disposable Vape 28ml 0-5% Nicotine","og_description":"JNR Radiance 31000 Puffs Disposable Vape offers 28ml e-liquid, 950mAh battery, and dual mesh coil for rich flavor. Buy now with 0-5% nicotine options.","og_url":"https:\/\/vapeenjoy.com\/pl\/produkt\/jnr-radiance-31000-puffs-jednorazowe-vape-28ml-e-plyn-0-5-nikotyna\/","og_site_name":"vapeenjoy","article_modified_time":"2025-09-08T08:43:54+00:00","og_image":[{"width":800,"height":800,"url":"https:\/\/vapeenjoy.com\/wp-content\/uploads\/2025\/09\/4Cherry-Berry.jpg","type":"image\/jpeg"}],"twitter_card":"summary_large_image","twitter_misc":{"Szacowany czas czytania":"3 minuty"},"schema":{"@context":"https:\/\/schema.org","@graph":[{"@type":"WebPage","@id":"https:\/\/vapeenjoy.com\/product\/jnr-radiance-31000-puffs-disposable-vape-28ml-e-liquid-0-5-nicotine\/","url":"https:\/\/vapeenjoy.com\/product\/jnr-radiance-31000-puffs-disposable-vape-28ml-e-liquid-0-5-nicotine\/","name":"JNR Radiance 31000 Puffs jednorazowe wapory 28ml 0-5% Nikotyna","isPartOf":{"@id":"https:\/\/vapeenjoy.com\/#website"},"primaryImageOfPage":{"@id":"https:\/\/vapeenjoy.com\/product\/jnr-radiance-31000-puffs-disposable-vape-28ml-e-liquid-0-5-nicotine\/#primaryimage"},"image":{"@id":"https:\/\/vapeenjoy.com\/product\/jnr-radiance-31000-puffs-disposable-vape-28ml-e-liquid-0-5-nicotine\/#primaryimage"},"thumbnailUrl":"https:\/\/vapeenjoy.com\/wp-content\/uploads\/2025\/09\/4Cherry-Berry.jpg","datePublished":"2025-09-04T08:33:52+00:00","dateModified":"2025-09-08T08:43:54+00:00","description":"JNR Radiance 31000 Puffs Jednorazowe waporyzatory oferuje 28 ml e-liquidu, bateri\u0119 950 mAh i cewk\u0119 z podw\u00f3jn\u0105 siatk\u0105 dla bogatego smaku. Kup teraz z opcjami nikotyny 0-5%.","breadcrumb":{"@id":"https:\/\/vapeenjoy.com\/product\/jnr-radiance-31000-puffs-disposable-vape-28ml-e-liquid-0-5-nicotine\/#breadcrumb"},"inLanguage":"pl-PL","potentialAction":[{"@type":"ReadAction","target":["https:\/\/vapeenjoy.com\/product\/jnr-radiance-31000-puffs-disposable-vape-28ml-e-liquid-0-5-nicotine\/"]}]},{"@type":"ImageObject","inLanguage":"pl-PL","@id":"https:\/\/vapeenjoy.com\/product\/jnr-radiance-31000-puffs-disposable-vape-28ml-e-liquid-0-5-nicotine\/#primaryimage","url":"https:\/\/vapeenjoy.com\/wp-content\/uploads\/2025\/09\/4Cherry-Berry.jpg","contentUrl":"https:\/\/vapeenjoy.com\/wp-content\/uploads\/2025\/09\/4Cherry-Berry.jpg","width":800,"height":800,"caption":"JNR Radiance 31000 Puffs Disposable Vape Cherry-Berry"},{"@type":"BreadcrumbList","@id":"https:\/\/vapeenjoy.com\/product\/jnr-radiance-31000-puffs-disposable-vape-28ml-e-liquid-0-5-nicotine\/#breadcrumb","itemListElement":[{"@type":"ListItem","position":1,"name":"Home","item":"https:\/\/vapeenjoy.com\/"},{"@type":"ListItem","position":2,"name":"Shop","item":"https:\/\/vapeenjoy.com\/vapeenjoy-shop\/"},{"@type":"ListItem","position":3,"name":"JNR Radiance 31000 Puffs Disposable Vape 28ml E-liquid 0-5% Nicotine"}]},{"@type":"WebSite","@id":"https:\/\/vapeenjoy.com\/#website","url":"https:\/\/vapeenjoy.com\/","name":"skutkowaty","description":"Sklep internetowy do sprzeda\u017cy vapes","potentialAction":[{"@type":"SearchAction","target":{"@type":"EntryPoint","urlTemplate":"https:\/\/vapeenjoy.com\/?s={search_term_string}"},"query-input":{"@type":"PropertyValueSpecification","valueRequired":true,"valueName":"search_term_string"}}],"inLanguage":"pl-PL"}]}},"_links":{"self":[{"href":"https:\/\/vapeenjoy.com\/pl\/wp-json\/wp\/v2\/product\/2738","targetHints":{"allow":["GET"]}}],"collection":[{"href":"https:\/\/vapeenjoy.com\/pl\/wp-json\/wp\/v2\/product"}],"about":[{"href":"https:\/\/vapeenjoy.com\/pl\/wp-json\/wp\/v2\/types\/product"}],"replies":[{"embeddable":true,"href":"https:\/\/vapeenjoy.com\/pl\/wp-json\/wp\/v2\/comments?post=2738"}],"version-history":[{"count":1,"href":"https:\/\/vapeenjoy.com\/pl\/wp-json\/wp\/v2\/product\/2738\/revisions"}],"predecessor-version":[{"id":2746,"href":"https:\/\/vapeenjoy.com\/pl\/wp-json\/wp\/v2\/product\/2738\/revisions\/2746"}],"wp:featuredmedia":[{"embeddable":true,"href":"https:\/\/vapeenjoy.com\/pl\/wp-json\/wp\/v2\/media\/2745"}],"wp:attachment":[{"href":"https:\/\/vapeenjoy.com\/pl\/wp-json\/wp\/v2\/media?parent=2738"}],"wp:term":[{"taxonomy":"product_brand","embeddable":true,"href":"https:\/\/vapeenjoy.com\/pl\/wp-json\/wp\/v2\/product_brand?post=2738"},{"taxonomy":"product_cat","embeddable":true,"href":"https:\/\/vapeenjoy.com\/pl\/wp-json\/wp\/v2\/product_cat?post=2738"},{"taxonomy":"product_tag","embeddable":true,"href":"https:\/\/vapeenjoy.com\/pl\/wp-json\/wp\/v2\/product_tag?post=2738"}],"curies":[{"name":"wp","href":"https:\/\/api.w.org\/{rel}","templated":true}]}}