{"id":2747,"date":"2025-09-04T09:09:35","date_gmt":"2025-09-04T09:09:35","guid":{"rendered":"https:\/\/vapeenjoy.com\/?post_type=product&#038;p=2747"},"modified":"2025-09-04T09:12:39","modified_gmt":"2025-09-04T09:12:39","slug":"jnr-fox-10000-10k-puffs","status":"publish","type":"product","link":"https:\/\/vapeenjoy.com\/pl\/produkt\/jnr-fox-10000-10k-chusty\/","title":{"rendered":"JNR FOX 10000 10K Puffy jednorazowe vape 12ml e-liquid 2% Nikotyna"},"content":{"rendered":"<h2>JNR Fox 10000 10K Puffy jednorazowe waporyzator Opis produktu<\/h2>\n<p>JNR, renomowana marka zajmuj\u0105ca si\u0119 jako\u015bci\u0105 wapowania, stosuje filozofi\u0119 \u201etylko bez powodu\u201d, promuj\u0105c czyst\u0105 przyjemno\u015b\u0107. W konsekwencji JNR Fox 10000 Puffs jednorazowe waporyzatory zapewniaj\u0105 niezawodne, trwa\u0142e rozwi\u0105zanie. Ponadto jego elegancki, matowy wyko\u0144czenie i kompaktowa konstrukcja zapewniaj\u0105 przeno\u015bno\u015b\u0107. Dodatkowo ergonomiczny kszta\u0142t wygodnie le\u017cy w d\u0142oni, dzi\u0119ki czemu idealnie nadaje si\u0119 do codziennego u\u017cytku.<\/p>\n<h3>Specyfikacje produktu<\/h3>\n<p>\u2022 <b>Liczba zaci\u0105gni\u0119\u0107: 10 000<\/b> \u2013 Zapewnia do 10 000 chusteczek 10K do d\u0142u\u017cszego u\u017cytkowania.<br \/>\n\u2022 <b>Pojemno\u015b\u0107 e-liquidu: 2 ml wst\u0119pnie nape\u0142niony POD + 10 ml butelka wielokrotnego nape\u0142niania<\/b> - Zawiera 2 ml str\u0105ki i butelk\u0119 10 ml dla wygody.<br \/>\n\u2022 <b>Si\u0142a nikotyny: 2%<\/b> \u2013 Oferuje g\u0142adkie 20 mg nikotyny trafienie.<br \/>\n\u2022 <b>Pojemno\u015b\u0107 baterii: 800 mAh<\/b> - Akumulator zapewnia niezawodn\u0105 moc.<br \/>\n\u2022 <b>Port \u0142adowania: USB-C<\/b> - Obs\u0142uguje szybkie \u0142adowanie typu C.<br \/>\n\u2022 <b>Typ cewki: cewka siatka 1.0\u03a9<\/b> - Wzmacnia smak dzi\u0119ki technologii siatki.<br \/>\n\u2022 <b>Przep\u0142yw powietrza: regulowany<\/b> - Dostosowuje op\u00f3r rysowania.<br \/>\n\u2022 <b>Certyfikat TPD: tak<\/b> \u2013 spe\u0142nia europejskie normy bezpiecze\u0144stwa.<\/p>\n<h3>14 opcji smakowych na ka\u017cdy gust<\/h3>\n<p>1. <b>l\u00f3d jagodowy<\/b> \u2013 S\u0142odkie jagody z ch\u0142odnym finiszem mentolowym.<br \/>\n2. <b>l\u00f3d truskawkowy<\/b> \u2013 Soczyste truskawki z chrupi\u0105cym, lodowatym nut\u0105.<br \/>\n3. <b>l\u00f3d arbuzowy<\/b> \u2013 Arbuz z ch\u0142odnym mentolowym dotykiem.<br \/>\n4. <b>kiwi truskawkowe<\/b> \u2013 S\u0142odkie truskawki i pikantna mieszanka kiwi.<br \/>\n5. <b>Niebieska wi\u015bnia Razz<\/b> \u2013 Mieszanka tarta malinowo-s\u0142odka.<br \/>\n6. <b>Wi\u015bnia malinowa z jagodami<\/b> \u2013 Warstwa z jagodami, malinami, wi\u015bniowym smakiem.<br \/>\n7. <b>Jagoda wi\u015bniowa<\/b> \u2013 Wi\u015bnie z mieszanymi jagodami dla \u017cywioci.<br \/>\n8. <b>Fizzy Cherry Cola<\/b> \u2013 Cola z fizzy wi\u015bniow\u0105 skr\u0119tk\u0105.<br \/>\n9. <b>l\u00f3d winog<\/b> \u2013 S\u0142odkie winogrono z wydechem mentolowym.<br \/>\n10. <b>Kiwi marakuja Guawa<\/b> - Mieszanka egzotycznych owoc\u00f3w tropikalnych.<br \/>\n11. <b>Mieszane jagody<\/b> \u2013 S\u0142odka i cierpka sk\u0142adanka jag\u00f3d.<br \/>\n12. <b>Jagoda brzoskwiniowa<\/b> \u2013 Soczysta brzoskwinia z mieszanymi jagodami.<br \/>\n13. <b>truskawkowy banan<\/b> \u2013 Kremowa mieszanka bananowo-truskawkowa.<br \/>\n14. <b>Guma z arbuza<\/b> \u2013 Arbuz o nostalgicznym smaku gumy do \u017cucia.<\/p>\n<h3>Cz\u0119sto zadawane pytania<\/h3>\n<p>1. Czym jest JNR Fox 10000?<br \/>\nOferuje 10 000 zaci\u0105gni\u0119\u0107 z 2 ml str\u0105kiem i 10 ml butelki wielokrotnego nape\u0142niania.<\/p>\n<p>2 . Jak d\u0142ugo dzia\u0142a bateria?<br \/>\nWarto zauwa\u017cy\u0107, \u017ce bateria 800 mAh obs\u0142uguje wszystkie zaci\u0105gni\u0119cia, \u0142adowane przez USB-C.<\/p>\n<p>3. Czy si\u0142a nikotyny jest odpowiednia?<br \/>\nRzeczywi\u015bcie, si\u0142a 2% (20 mg) pasuje do umiarkowanych u\u017cytkownik\u00f3w nikotyny.<\/p>\n<p>4. Jak wybra\u0107 smak?<br \/>\nNa przyk\u0142ad wybierz owocowe smaki, takie jak truskawkowe kiwi, mentol, takie jak l\u00f3d arbuzowy, lub wyj\u0105tkowe, takie jak fizzy cherry cola.<\/p>\n<p>5. Czy mog\u0119 dostosowa\u0107 losowanie?<br \/>\nAbsolutnie regulowany przep\u0142yw powietrza umo\u017cliwia spersonalizowane waporyzacj\u0119.<\/p>\n<p>6. Czy jest bezpieczny w u\u017cyciu?<br \/>\nCo wa\u017cne, certyfikacja TPD zapewnia zgodno\u015b\u0107 ze standardami bezpiecze\u0144stwa.<\/p>\n<p>7 7 . Kiedy powinienem na\u0142adowa\u0107?<br \/>\nWygodnie, wska\u017anik LED sygnalizuje niski poziom na\u0142adowania baterii do \u0142adowania USB-C.<\/p>\n<p><img fetchpriority=\"high\" decoding=\"async\" class=\"alignnone size-full wp-image-2752\" src=\"https:\/\/vapeenjoy.com\/wp-content\/uploads\/2025\/09\/JNR-FOX-10000-10K-Puffs-Disposable-Vape-Flavors.webp\" alt=\"JNR FOX 10000 10K Puffs jednorazowe smaki waporyzacyjne\" width=\"2560\" height=\"1440\" srcset=\"https:\/\/vapeenjoy.com\/wp-content\/uploads\/2025\/09\/JNR-FOX-10000-10K-Puffs-Disposable-Vape-Flavors.webp 2560w, https:\/\/vapeenjoy.com\/wp-content\/uploads\/2025\/09\/JNR-FOX-10000-10K-Puffs-Disposable-Vape-Flavors-300x169.webp 300w, https:\/\/vapeenjoy.com\/wp-content\/uploads\/2025\/09\/JNR-FOX-10000-10K-Puffs-Disposable-Vape-Flavors-1024x576.webp 1024w, https:\/\/vapeenjoy.com\/wp-content\/uploads\/2025\/09\/JNR-FOX-10000-10K-Puffs-Disposable-Vape-Flavors-768x432.webp 768w, https:\/\/vapeenjoy.com\/wp-content\/uploads\/2025\/09\/JNR-FOX-10000-10K-Puffs-Disposable-Vape-Flavors-1536x864.webp 1536w, https:\/\/vapeenjoy.com\/wp-content\/uploads\/2025\/09\/JNR-FOX-10000-10K-Puffs-Disposable-Vape-Flavors-2048x1152.webp 2048w, https:\/\/vapeenjoy.com\/wp-content\/uploads\/2025\/09\/JNR-FOX-10000-10K-Puffs-Disposable-Vape-Flavors-18x10.webp 18w, https:\/\/vapeenjoy.com\/wp-content\/uploads\/2025\/09\/JNR-FOX-10000-10K-Puffs-Disposable-Vape-Flavors-1200x675.webp 1200w, https:\/\/vapeenjoy.com\/wp-content\/uploads\/2025\/09\/JNR-FOX-10000-10K-Puffs-Disposable-Vape-Flavors-150x84.webp 150w\" sizes=\"(max-width: 2560px) 100vw, 2560px\" \/><\/p>","protected":false},"excerpt":{"rendered":"<p dir=\"ltr\" data-pm-slice=\"1 1 []\">JNR, marka wysokiej jako\u015bci, prezentuje jednorazowe waporyzator Fox 10000 Puffs. Dzi\u0119ki wst\u0119pnie nape\u0142nionej str\u0105ku, 10 ml butelki wielokrotnego nape\u0142niania, nikotynie 21 TP3T i baterii 800 mAh, oferuje 10 000 puff\u00f3w i bogaty smak za pomoc\u0105 cewki siatki 1,0 \u03a9.<\/p>","protected":false},"featured_media":2753,"comment_status":"open","ping_status":"closed","template":"","meta":[],"product_brand":[33],"product_cat":[35],"product_tag":[85],"class_list":{"0":"post-2747","1":"product","2":"type-product","3":"status-publish","4":"has-post-thumbnail","6":"product_brand-jnr-vape","7":"product_cat-10000-puffs-vape","8":"product_tag-2-nicotine","10":"first","11":"instock","12":"sale","13":"shipping-taxable","14":"purchasable","15":"product-type-variable"},"yoast_head":"<!-- This site is optimized with the Yoast SEO plugin v25.7 - https:\/\/yoast.com\/wordpress\/plugins\/seo\/ -->\n<title>JNR FOX 10000 10K Puffs Disposable Vape 12ml 2% Nicotine<\/title>\n<meta name=\"description\" content=\"JNR FOX 10000 10K Puffs Disposable Vape with a 2ml prefilled pod, 10ml refillable bottle, 2% nicotine, and 800mAh battery for vibrant flavor. Order now!\" \/>\n<meta name=\"robots\" content=\"index, follow, max-snippet:-1, max-image-preview:large, max-video-preview:-1\" \/>\n<link rel=\"canonical\" href=\"https:\/\/vapeenjoy.com\/pl\/produkt\/jnr-fox-10000-10k-chusty\/\" \/>\n<meta property=\"og:locale\" content=\"pl_PL\" \/>\n<meta property=\"og:type\" content=\"article\" \/>\n<meta property=\"og:title\" content=\"JNR FOX 10000 10K Puffs Disposable Vape 12ml 2% Nicotine\" \/>\n<meta property=\"og:description\" content=\"JNR FOX 10000 10K Puffs Disposable Vape with a 2ml prefilled pod, 10ml refillable bottle, 2% nicotine, and 800mAh battery for vibrant flavor. Order now!\" \/>\n<meta property=\"og:url\" content=\"https:\/\/vapeenjoy.com\/pl\/produkt\/jnr-fox-10000-10k-chusty\/\" \/>\n<meta property=\"og:site_name\" content=\"vapeenjoy\" \/>\n<meta property=\"article:modified_time\" content=\"2025-09-04T09:12:39+00:00\" \/>\n<meta property=\"og:image\" content=\"https:\/\/vapeenjoy.com\/wp-content\/uploads\/2025\/09\/JNR-FOX-10000-Puffs.webp\" \/>\n\t<meta property=\"og:image:width\" content=\"800\" \/>\n\t<meta property=\"og:image:height\" content=\"800\" \/>\n\t<meta property=\"og:image:type\" content=\"image\/webp\" \/>\n<meta name=\"twitter:card\" content=\"summary_large_image\" \/>\n<meta name=\"twitter:label1\" content=\"Szacowany czas czytania\" \/>\n\t<meta name=\"twitter:data1\" content=\"3 minuty\" \/>\n<script type=\"application\/ld+json\" class=\"yoast-schema-graph\">{\"@context\":\"https:\/\/schema.org\",\"@graph\":[{\"@type\":\"WebPage\",\"@id\":\"https:\/\/vapeenjoy.com\/product\/jnr-fox-10000-10k-puffs\/\",\"url\":\"https:\/\/vapeenjoy.com\/product\/jnr-fox-10000-10k-puffs\/\",\"name\":\"JNR FOX 10000 10K Puffs Disposable Vape 12ml 2% Nicotine\",\"isPartOf\":{\"@id\":\"https:\/\/vapeenjoy.com\/#website\"},\"primaryImageOfPage\":{\"@id\":\"https:\/\/vapeenjoy.com\/product\/jnr-fox-10000-10k-puffs\/#primaryimage\"},\"image\":{\"@id\":\"https:\/\/vapeenjoy.com\/product\/jnr-fox-10000-10k-puffs\/#primaryimage\"},\"thumbnailUrl\":\"https:\/\/vapeenjoy.com\/wp-content\/uploads\/2025\/09\/JNR-FOX-10000-Puffs.webp\",\"datePublished\":\"2025-09-04T09:09:35+00:00\",\"dateModified\":\"2025-09-04T09:12:39+00:00\",\"description\":\"JNR FOX 10000 10K Puffs Disposable Vape with a 2ml prefilled pod, 10ml refillable bottle, 2% nicotine, and 800mAh battery for vibrant flavor. Order now!\",\"breadcrumb\":{\"@id\":\"https:\/\/vapeenjoy.com\/product\/jnr-fox-10000-10k-puffs\/#breadcrumb\"},\"inLanguage\":\"pl-PL\",\"potentialAction\":[{\"@type\":\"ReadAction\",\"target\":[\"https:\/\/vapeenjoy.com\/product\/jnr-fox-10000-10k-puffs\/\"]}]},{\"@type\":\"ImageObject\",\"inLanguage\":\"pl-PL\",\"@id\":\"https:\/\/vapeenjoy.com\/product\/jnr-fox-10000-10k-puffs\/#primaryimage\",\"url\":\"https:\/\/vapeenjoy.com\/wp-content\/uploads\/2025\/09\/JNR-FOX-10000-Puffs.webp\",\"contentUrl\":\"https:\/\/vapeenjoy.com\/wp-content\/uploads\/2025\/09\/JNR-FOX-10000-Puffs.webp\",\"width\":800,\"height\":800,\"caption\":\"JNR-FOX-10000-Puffs\"},{\"@type\":\"BreadcrumbList\",\"@id\":\"https:\/\/vapeenjoy.com\/product\/jnr-fox-10000-10k-puffs\/#breadcrumb\",\"itemListElement\":[{\"@type\":\"ListItem\",\"position\":1,\"name\":\"Home\",\"item\":\"https:\/\/vapeenjoy.com\/\"},{\"@type\":\"ListItem\",\"position\":2,\"name\":\"Shop\",\"item\":\"https:\/\/vapeenjoy.com\/vapeenjoy-shop\/\"},{\"@type\":\"ListItem\",\"position\":3,\"name\":\"JNR FOX 10000 10K Puffs Disposable Vape 12ml E-liquid 2% Nicotine\"}]},{\"@type\":\"WebSite\",\"@id\":\"https:\/\/vapeenjoy.com\/#website\",\"url\":\"https:\/\/vapeenjoy.com\/\",\"name\":\"vapeenjoy\",\"description\":\"An online store for selling vapes\",\"potentialAction\":[{\"@type\":\"SearchAction\",\"target\":{\"@type\":\"EntryPoint\",\"urlTemplate\":\"https:\/\/vapeenjoy.com\/?s={search_term_string}\"},\"query-input\":{\"@type\":\"PropertyValueSpecification\",\"valueRequired\":true,\"valueName\":\"search_term_string\"}}],\"inLanguage\":\"pl-PL\"}]}<\/script>\n<!-- \/ Yoast SEO plugin. -->","yoast_head_json":{"title":"JNR Fox 10000 10K Puffy jednorazowe Vape 12ml 2% Nikotyna","description":"JNR FOX 10000 10K Puffs jednorazowy waporyzator z 2 ml wst\u0119pnie nape\u0142nionym kapsu\u0142\u0105, 10 ml butelki wielokrotnego nape\u0142niania, nikotyn\u0105 2% i bateri\u0105 800 mAh dla \u017cywych smak\u00f3w. Zam\u00f3w teraz!","robots":{"index":"index","follow":"follow","max-snippet":"max-snippet:-1","max-image-preview":"max-image-preview:large","max-video-preview":"max-video-preview:-1"},"canonical":"https:\/\/vapeenjoy.com\/pl\/produkt\/jnr-fox-10000-10k-chusty\/","og_locale":"pl_PL","og_type":"article","og_title":"JNR FOX 10000 10K Puffs Disposable Vape 12ml 2% Nicotine","og_description":"JNR FOX 10000 10K Puffs Disposable Vape with a 2ml prefilled pod, 10ml refillable bottle, 2% nicotine, and 800mAh battery for vibrant flavor. Order now!","og_url":"https:\/\/vapeenjoy.com\/pl\/produkt\/jnr-fox-10000-10k-chusty\/","og_site_name":"vapeenjoy","article_modified_time":"2025-09-04T09:12:39+00:00","og_image":[{"width":800,"height":800,"url":"https:\/\/vapeenjoy.com\/wp-content\/uploads\/2025\/09\/JNR-FOX-10000-Puffs.webp","type":"image\/webp"}],"twitter_card":"summary_large_image","twitter_misc":{"Szacowany czas czytania":"3 minuty"},"schema":{"@context":"https:\/\/schema.org","@graph":[{"@type":"WebPage","@id":"https:\/\/vapeenjoy.com\/product\/jnr-fox-10000-10k-puffs\/","url":"https:\/\/vapeenjoy.com\/product\/jnr-fox-10000-10k-puffs\/","name":"JNR Fox 10000 10K Puffy jednorazowe Vape 12ml 2% Nikotyna","isPartOf":{"@id":"https:\/\/vapeenjoy.com\/#website"},"primaryImageOfPage":{"@id":"https:\/\/vapeenjoy.com\/product\/jnr-fox-10000-10k-puffs\/#primaryimage"},"image":{"@id":"https:\/\/vapeenjoy.com\/product\/jnr-fox-10000-10k-puffs\/#primaryimage"},"thumbnailUrl":"https:\/\/vapeenjoy.com\/wp-content\/uploads\/2025\/09\/JNR-FOX-10000-Puffs.webp","datePublished":"2025-09-04T09:09:35+00:00","dateModified":"2025-09-04T09:12:39+00:00","description":"JNR FOX 10000 10K Puffs jednorazowy waporyzator z 2 ml wst\u0119pnie nape\u0142nionym kapsu\u0142\u0105, 10 ml butelki wielokrotnego nape\u0142niania, nikotyn\u0105 2% i bateri\u0105 800 mAh dla \u017cywych smak\u00f3w. Zam\u00f3w teraz!","breadcrumb":{"@id":"https:\/\/vapeenjoy.com\/product\/jnr-fox-10000-10k-puffs\/#breadcrumb"},"inLanguage":"pl-PL","potentialAction":[{"@type":"ReadAction","target":["https:\/\/vapeenjoy.com\/product\/jnr-fox-10000-10k-puffs\/"]}]},{"@type":"ImageObject","inLanguage":"pl-PL","@id":"https:\/\/vapeenjoy.com\/product\/jnr-fox-10000-10k-puffs\/#primaryimage","url":"https:\/\/vapeenjoy.com\/wp-content\/uploads\/2025\/09\/JNR-FOX-10000-Puffs.webp","contentUrl":"https:\/\/vapeenjoy.com\/wp-content\/uploads\/2025\/09\/JNR-FOX-10000-Puffs.webp","width":800,"height":800,"caption":"JNR-FOX-10000-Puffs"},{"@type":"BreadcrumbList","@id":"https:\/\/vapeenjoy.com\/product\/jnr-fox-10000-10k-puffs\/#breadcrumb","itemListElement":[{"@type":"ListItem","position":1,"name":"Home","item":"https:\/\/vapeenjoy.com\/"},{"@type":"ListItem","position":2,"name":"Shop","item":"https:\/\/vapeenjoy.com\/vapeenjoy-shop\/"},{"@type":"ListItem","position":3,"name":"JNR FOX 10000 10K Puffs Disposable Vape 12ml E-liquid 2% Nicotine"}]},{"@type":"WebSite","@id":"https:\/\/vapeenjoy.com\/#website","url":"https:\/\/vapeenjoy.com\/","name":"skutkowaty","description":"Sklep internetowy do sprzeda\u017cy vapes","potentialAction":[{"@type":"SearchAction","target":{"@type":"EntryPoint","urlTemplate":"https:\/\/vapeenjoy.com\/?s={search_term_string}"},"query-input":{"@type":"PropertyValueSpecification","valueRequired":true,"valueName":"search_term_string"}}],"inLanguage":"pl-PL"}]}},"_links":{"self":[{"href":"https:\/\/vapeenjoy.com\/pl\/wp-json\/wp\/v2\/product\/2747","targetHints":{"allow":["GET"]}}],"collection":[{"href":"https:\/\/vapeenjoy.com\/pl\/wp-json\/wp\/v2\/product"}],"about":[{"href":"https:\/\/vapeenjoy.com\/pl\/wp-json\/wp\/v2\/types\/product"}],"replies":[{"embeddable":true,"href":"https:\/\/vapeenjoy.com\/pl\/wp-json\/wp\/v2\/comments?post=2747"}],"version-history":[{"count":2,"href":"https:\/\/vapeenjoy.com\/pl\/wp-json\/wp\/v2\/product\/2747\/revisions"}],"predecessor-version":[{"id":2755,"href":"https:\/\/vapeenjoy.com\/pl\/wp-json\/wp\/v2\/product\/2747\/revisions\/2755"}],"wp:featuredmedia":[{"embeddable":true,"href":"https:\/\/vapeenjoy.com\/pl\/wp-json\/wp\/v2\/media\/2753"}],"wp:attachment":[{"href":"https:\/\/vapeenjoy.com\/pl\/wp-json\/wp\/v2\/media?parent=2747"}],"wp:term":[{"taxonomy":"product_brand","embeddable":true,"href":"https:\/\/vapeenjoy.com\/pl\/wp-json\/wp\/v2\/product_brand?post=2747"},{"taxonomy":"product_cat","embeddable":true,"href":"https:\/\/vapeenjoy.com\/pl\/wp-json\/wp\/v2\/product_cat?post=2747"},{"taxonomy":"product_tag","embeddable":true,"href":"https:\/\/vapeenjoy.com\/pl\/wp-json\/wp\/v2\/product_tag?post=2747"}],"curies":[{"name":"wp","href":"https:\/\/api.w.org\/{rel}","templated":true}]}}