{"id":2782,"date":"2025-09-05T03:42:53","date_gmt":"2025-09-05T03:42:53","guid":{"rendered":"https:\/\/vapeenjoy.com\/?post_type=product&#038;p=2782"},"modified":"2025-09-05T03:42:53","modified_gmt":"2025-09-05T03:42:53","slug":"waspe-3-in-1-flavors-60000-60k-puffs-disposable-vape-54ml-0-5-nicotine","status":"publish","type":"product","link":"https:\/\/vapeenjoy.com\/pl\/produkt\/waspe-3-w-1-smaki-60000-60k-puffy-jednorazowe-waporyzator-54ml-0-5-nikotyna\/","title":{"rendered":"WASPE 3 w 1 smaki 60000 60K Puffs jednorazowe wapory 54ml 0-5% Nikotyna"},"content":{"rendered":"<h2>WASPE 3-w-1 60000 PUFFS Jednorazowe waporyzatory Opis produktu<\/h2>\n<p>Waspe, wysoko ceniona marka w vaping, konsekwentnie dostarcza niezawodne urz\u0105dzenia o du\u017cej pojemno\u015bci dostosowane do r\u00f3\u017cnych preferencji. Z tego powodu jednorazowy waporyzator WASPE 3-in-1 60000 Puffs wyr\u00f3\u017cnia si\u0119 niezwyk\u0142\u0105 pojemno\u015bci\u0105 e-liquid 54 ml i innowacyjnym systemem tr\u00f3jsmakowym. W zwi\u0105zku z tym zapewnia wszechstronno\u015b\u0107 i d\u0142ugotrwa\u0142\u0105 przyjemno\u015b\u0107 u\u017cytkownikom. Ponadto jego ergonomiczna tr\u00f3jk\u0105tna konstrukcja zapewnia wygodny uchwyt, a \u017cywy wy\u015bwietlacz LED oferuje aktualizacje w czasie rzeczywistym na poziomie baterii i e-liquid\u00f3w. Ponadto urz\u0105dzenie to bezproblemowo integruje praktyczno\u015b\u0107 z eleganckim, przyjaznym dla u\u017cytkownika designem. W ten spos\u00f3b staje si\u0119 doskona\u0142ym wyborem dla vaper\u00f3w poszukuj\u0105cych zar\u00f3wno wygody, jak i jako\u015bci w jednym opakowaniu.<\/p>\n<h3>Specyfikacje produktu<\/h3>\n<p>\u25cb <b>Liczba zaci\u0105gni\u0119\u0107: 60 000 zaci\u0105gni\u0119\u0107<\/b> - Zapewnia do 60 000 zaci\u0105gni\u0119\u0107 do d\u0142u\u017cszego u\u017cytkowania.<br \/>\n\u25cb <b>Pojemno\u015b\u0107 e-liquid\u00f3w: 54 ml<\/b> \u2013 Trzy komory o pojemno\u015bci 18 ml zapewniaj\u0105 trwa\u0142e dostarczanie smaku.<br \/>\n\u25cb <b>Si\u0142a nikotyny: 0%, 2%, 5%<\/b> \u2013 Dostosowuje si\u0119 do r\u00f3\u017cnych preferencji nikotyny.<br \/>\n\u25cb <b>Pojemno\u015b\u0107 baterii: 650 mAh<\/b> - \u0141adowarka do niezawodnej, sta\u0142ej mocy.<br \/>\n\u25cb <b>Typ \u0142adowania: Typ-C<\/b> - Zapewnia szybkie i wydajne \u0142adowanie.<br \/>\n\u25cb <b>Typ cewki: potr\u00f3jne cewki siatki 0,9\u03a9<\/b> - Zapewnia p\u0142ynn\u0105, bogat\u0105 produkcj\u0119 pary.<br \/>\n\u25cb <b>Wy\u015bwietlacz LED<\/b> \u2013 Monitoruje stan baterii, e-liquid i smak.<br \/>\n\u25cb <b>Wymiary: 47mm x 47mm x 116mm<\/b> \u2013 Kompaktowy, lekki w 130g.<\/p>\n<h3>6 kombinacji smakowych owoc\u00f3w i tropikalnych smak\u00f3w<\/h3>\n<p>1. <b>Arbuz Ice i truskawek Kiwi i cytryna limonka<\/b> \u2013 Soczysty arbuz, pikantny kiwi, pikantny cytrynowy limonka.<br \/>\n2. <b>Truskawkowy arbuz i truskawkowy cukierki malinowe i l\u00f3d winogronowy<\/b> \u2013 S\u0142odkie jagody, s\u0142odkie cukierki, fajne winogrono.<br \/>\n5. <b>Brzoskwinia Lod i ananasowy Mango Brzoskwinia i cytryna \u017curawinowa<\/b> \u2013 Fajna brzoskwinia, tropikalna mieszanka, cierpka \u017curawina-cytrynowa.<br \/>\n6. <b>Red Bull Ice &amp; Truskawkowe Mango &amp; Truskawka Arbuz Guma Bubble Gum<\/b> \u2013 Energoing, soczysty, s\u0142odki guma do \u017cucia.<br \/>\n7. <b>Mieszane jagody i gumowaty mi\u015b i mieszane owoce<\/b> \u2013 \u017bywe jagody, gumowate do \u017cucia, tropikalna sk\u0142adanka.<br \/>\n10. <b>Truskawkowy banan i ananas Lod kokosowy i l\u00f3d z mango<\/b> \u2013 Kremowe, tropikalne, lodowe mango.<\/p>\n<h3>6 lodowych i unikalnych kombinacji smakowych<\/h3>\n<p>3. <b>Lody jagodowe i czarny smok Ice i l\u00f3d Fizzy Cherry Ice<\/b> \u2013 sch\u0142odzone jagody, egzotyczny smoczy owoc, musuj\u0105ca wi\u015bnia.<br \/>\n4. <b>Truskawka malina wi\u015bnia i mi\u0142o\u015b\u0107 666 i l\u00f3d cukierk\u00f3w wi\u015bniowych<\/b> \u2013 Mieszane jagody, odwa\u017cna tajemnica, lodowate cukierki wi\u015bniowe.<br \/>\n8. <b>Potr\u00f3jny melon Ice i t\u0119cza Cukierki i jagodowe cukierki<\/b> \u2013 sch\u0142odzone melony, kolorowe cukierki, s\u0142odka jagoda.<br \/>\n9. <b>L\u00f3d winogronowy i truskawkowe cukierki i truskawka malina wi\u015bnia<\/b> \u2013 Mro\u017ane winogrono, s\u0142odkie cukierki, pogrubione jagody.<br \/>\n11. <b>Cherry Cola Ice i truskawkowe Cola &amp; Cola Ice<\/b> \u2013 Fizzy Cherry, S\u0142odka Cola, Klasyczna Fajna.<br \/>\n12. <b>Jagoda Malina i Jagoda Wata cukrowa &amp; Podw\u00f3jny jab\u0142ko Ice<\/b> \u2013 Tarta jagody, s\u0142odka wata cukrowa, chrupi\u0105ce jab\u0142ko.<\/p>\n<h3>Cz\u0119sto zadawane pytania<\/h3>\n<p>1. Jak d\u0142ugo dzia\u0142a urz\u0105dzenie?<br \/>\nPrzy 60 000 puff\u00f3w i 54 ml e-liquid, czas trwania zale\u017cy od cz\u0119stotliwo\u015bci u\u017cytkowania.<\/p>\n<p>2 . Jak zmieni\u0107 smaki?<br \/>\nPo prostu obr\u00f3\u0107 ustnik; wy\u015bwietlacz LED wskazuje aktywny smak.<\/p>\n<p>3. Dlaczego warto u\u017cywa\u0107 cewek potr\u00f3jnej siateczki?<br \/>\nTrzy cewki 0,9 \u03a9 gwarantuj\u0105 g\u0142adk\u0105, aromatyczn\u0105 par\u0119 dla ka\u017cdego zaci\u0105gni\u0119cia.<\/p>\n<p>4. Jak monitorowa\u0107 \u017cywotno\u015b\u0107 baterii?<br \/>\nWy\u015bwietlacz LED stale \u015bledzi poziomy baterii, sygnalizuj\u0105c potrzeby \u0142adowania.<\/p>\n<p>5. Jak wybra\u0107 odpowiedni\u0105 kombinacj\u0119 smak\u00f3w?<br \/>\nWybierz owocowe mieszanki, takie jak mieszane jagody, aby uzyska\u0107 s\u0142odycz, lodowe opcje, takie jak l\u00f3d winogronowy dla ch\u0142odu, lub wyj\u0105tkowe mieszanki, takie jak l\u00f3d wi\u015bniowa, aby uzyska\u0107 odwag\u0119.<\/p>\n<p>6. Czy poziom nikotyny jest odpowiedni dla wszystkich?<br \/>\nRzeczywi\u015bcie, opcje 0%, 2% i 5% s\u0105 zaspokajane dla preferencji wolnych od nikotyny lub silniejszych.<\/p>\n<p>7 7 . Jak pomaga wy\u015bwietlacz LED?<br \/>\nWyra\u017anie pokazuje stan baterii, e-liquidu i smaku, aby zapewni\u0107 bezproblemow\u0105 kontrol\u0119.<\/p>\n<p><img fetchpriority=\"high\" decoding=\"async\" class=\"alignnone size-full wp-image-2785\" src=\"https:\/\/vapeenjoy.com\/wp-content\/uploads\/2025\/09\/\u573a\u666f07.jpg\" alt=\"WASPE 3-in-1 60000 PUFFS jednorazowe smaki waporyzacyjne\" width=\"1827\" height=\"1959\" srcset=\"https:\/\/vapeenjoy.com\/wp-content\/uploads\/2025\/09\/\u573a\u666f07.jpg 1827w, https:\/\/vapeenjoy.com\/wp-content\/uploads\/2025\/09\/\u573a\u666f07-280x300.jpg 280w, https:\/\/vapeenjoy.com\/wp-content\/uploads\/2025\/09\/\u573a\u666f07-955x1024.jpg 955w, https:\/\/vapeenjoy.com\/wp-content\/uploads\/2025\/09\/\u573a\u666f07-768x823.jpg 768w, https:\/\/vapeenjoy.com\/wp-content\/uploads\/2025\/09\/\u573a\u666f07-1433x1536.jpg 1433w, https:\/\/vapeenjoy.com\/wp-content\/uploads\/2025\/09\/\u573a\u666f07-11x12.jpg 11w, https:\/\/vapeenjoy.com\/wp-content\/uploads\/2025\/09\/\u573a\u666f07-1200x1287.jpg 1200w, https:\/\/vapeenjoy.com\/wp-content\/uploads\/2025\/09\/\u573a\u666f07-150x161.jpg 150w\" sizes=\"(max-width: 1827px) 100vw, 1827px\" \/><\/p>","protected":false},"excerpt":{"rendered":"<p dir=\"ltr\" data-pm-slice=\"1 1 []\">Wape, zaufana marka waporyzuj\u0105ca, prezentuje jednorazowy waporyzator 3 w 1 60000 Puffs z 54 ml e-liquidem, systemem tr\u00f3jp\u0142ynowym, bateri\u0105 650 mAh, \u0142adowaniem typu C, potr\u00f3jnymi cewkami z siatki 0,9 \u03a9 i wy\u015bwietlaczem LED dla trwa\u0142ej wydajno\u015bci i wygody.<\/p>","protected":false},"featured_media":2786,"comment_status":"open","ping_status":"closed","template":"","meta":[],"product_brand":[41],"product_cat":[19],"product_tag":[64,79],"class_list":{"0":"post-2782","1":"product","2":"type-product","3":"status-publish","4":"has-post-thumbnail","6":"product_brand-waspe-vape","7":"product_cat-60000-puffs-vape","8":"product_tag-0-5-nicotine","9":"product_tag-54ml","11":"first","12":"instock","13":"sale","14":"shipping-taxable","15":"purchasable","16":"product-type-variable"},"yoast_head":"<!-- This site is optimized with the Yoast SEO plugin v25.7 - https:\/\/yoast.com\/wordpress\/plugins\/seo\/ -->\n<title>WASPE 3 in 1 Flavors 60000 60K Puffs Disposable Vape 54ML<\/title>\n<meta name=\"description\" content=\"WASPE 3-in-1 Flavors 60000 Puffs Disposable Vape offers 54ml e-liquid, three flavors, 650mAh battery, Type-C charging, mesh coils, and LED display. Buy now!\" \/>\n<meta name=\"robots\" content=\"index, follow, max-snippet:-1, max-image-preview:large, max-video-preview:-1\" \/>\n<link rel=\"canonical\" href=\"https:\/\/vapeenjoy.com\/pl\/produkt\/waspe-3-w-1-smaki-60000-60k-puffy-jednorazowe-waporyzator-54ml-0-5-nikotyna\/\" \/>\n<meta property=\"og:locale\" content=\"pl_PL\" \/>\n<meta property=\"og:type\" content=\"article\" \/>\n<meta property=\"og:title\" content=\"WASPE 3 in 1 Flavors 60000 60K Puffs Disposable Vape 54ML\" \/>\n<meta property=\"og:description\" content=\"WASPE 3-in-1 Flavors 60000 Puffs Disposable Vape offers 54ml e-liquid, three flavors, 650mAh battery, Type-C charging, mesh coils, and LED display. Buy now!\" \/>\n<meta property=\"og:url\" content=\"https:\/\/vapeenjoy.com\/pl\/produkt\/waspe-3-w-1-smaki-60000-60k-puffy-jednorazowe-waporyzator-54ml-0-5-nikotyna\/\" \/>\n<meta property=\"og:site_name\" content=\"vapeenjoy\" \/>\n<meta property=\"og:image\" content=\"https:\/\/vapeenjoy.com\/wp-content\/uploads\/2025\/09\/\u573a\u666f030000.jpg\" \/>\n\t<meta property=\"og:image:width\" content=\"1500\" \/>\n\t<meta property=\"og:image:height\" content=\"1500\" \/>\n\t<meta property=\"og:image:type\" content=\"image\/jpeg\" \/>\n<meta name=\"twitter:card\" content=\"summary_large_image\" \/>\n<meta name=\"twitter:label1\" content=\"Szacowany czas czytania\" \/>\n\t<meta name=\"twitter:data1\" content=\"3 minuty\" \/>\n<script type=\"application\/ld+json\" class=\"yoast-schema-graph\">{\"@context\":\"https:\/\/schema.org\",\"@graph\":[{\"@type\":\"WebPage\",\"@id\":\"https:\/\/vapeenjoy.com\/product\/waspe-3-in-1-flavors-60000-60k-puffs-disposable-vape-54ml-0-5-nicotine\/\",\"url\":\"https:\/\/vapeenjoy.com\/product\/waspe-3-in-1-flavors-60000-60k-puffs-disposable-vape-54ml-0-5-nicotine\/\",\"name\":\"WASPE 3 in 1 Flavors 60000 60K Puffs Disposable Vape 54ML\",\"isPartOf\":{\"@id\":\"https:\/\/vapeenjoy.com\/#website\"},\"primaryImageOfPage\":{\"@id\":\"https:\/\/vapeenjoy.com\/product\/waspe-3-in-1-flavors-60000-60k-puffs-disposable-vape-54ml-0-5-nicotine\/#primaryimage\"},\"image\":{\"@id\":\"https:\/\/vapeenjoy.com\/product\/waspe-3-in-1-flavors-60000-60k-puffs-disposable-vape-54ml-0-5-nicotine\/#primaryimage\"},\"thumbnailUrl\":\"https:\/\/vapeenjoy.com\/wp-content\/uploads\/2025\/09\/\u573a\u666f030000.jpg\",\"datePublished\":\"2025-09-05T03:42:53+00:00\",\"description\":\"WASPE 3-in-1 Flavors 60000 Puffs Disposable Vape offers 54ml e-liquid, three flavors, 650mAh battery, Type-C charging, mesh coils, and LED display. Buy now!\",\"breadcrumb\":{\"@id\":\"https:\/\/vapeenjoy.com\/product\/waspe-3-in-1-flavors-60000-60k-puffs-disposable-vape-54ml-0-5-nicotine\/#breadcrumb\"},\"inLanguage\":\"pl-PL\",\"potentialAction\":[{\"@type\":\"ReadAction\",\"target\":[\"https:\/\/vapeenjoy.com\/product\/waspe-3-in-1-flavors-60000-60k-puffs-disposable-vape-54ml-0-5-nicotine\/\"]}]},{\"@type\":\"ImageObject\",\"inLanguage\":\"pl-PL\",\"@id\":\"https:\/\/vapeenjoy.com\/product\/waspe-3-in-1-flavors-60000-60k-puffs-disposable-vape-54ml-0-5-nicotine\/#primaryimage\",\"url\":\"https:\/\/vapeenjoy.com\/wp-content\/uploads\/2025\/09\/\u573a\u666f030000.jpg\",\"contentUrl\":\"https:\/\/vapeenjoy.com\/wp-content\/uploads\/2025\/09\/\u573a\u666f030000.jpg\",\"width\":1500,\"height\":1500,\"caption\":\"WASPE 3-in-1 60000 Puffs Disposable Vape\"},{\"@type\":\"BreadcrumbList\",\"@id\":\"https:\/\/vapeenjoy.com\/product\/waspe-3-in-1-flavors-60000-60k-puffs-disposable-vape-54ml-0-5-nicotine\/#breadcrumb\",\"itemListElement\":[{\"@type\":\"ListItem\",\"position\":1,\"name\":\"Home\",\"item\":\"https:\/\/vapeenjoy.com\/\"},{\"@type\":\"ListItem\",\"position\":2,\"name\":\"Shop\",\"item\":\"https:\/\/vapeenjoy.com\/vapeenjoy-shop\/\"},{\"@type\":\"ListItem\",\"position\":3,\"name\":\"WASPE 3 in 1 Flavors 60000 60K Puffs Disposable Vape 54ML 0-5% Nicotine\"}]},{\"@type\":\"WebSite\",\"@id\":\"https:\/\/vapeenjoy.com\/#website\",\"url\":\"https:\/\/vapeenjoy.com\/\",\"name\":\"vapeenjoy\",\"description\":\"An online store for selling vapes\",\"potentialAction\":[{\"@type\":\"SearchAction\",\"target\":{\"@type\":\"EntryPoint\",\"urlTemplate\":\"https:\/\/vapeenjoy.com\/?s={search_term_string}\"},\"query-input\":{\"@type\":\"PropertyValueSpecification\",\"valueRequired\":true,\"valueName\":\"search_term_string\"}}],\"inLanguage\":\"pl-PL\"}]}<\/script>\n<!-- \/ Yoast SEO plugin. -->","yoast_head_json":{"title":"WASPE 3 w 1 smaki 60000 60K Puffy jednorazowe vape 54ml","description":"WASPE 3 w 1 Flavours 60000 Puffs Jednorazowe waporyzatory oferuj\u0105 54 ml e-liquidu, trzy smaki, bateri\u0119 650 mAh, \u0142adowanie typu C, cewki z siatki i wy\u015bwietlacz LED. Kup teraz!","robots":{"index":"index","follow":"follow","max-snippet":"max-snippet:-1","max-image-preview":"max-image-preview:large","max-video-preview":"max-video-preview:-1"},"canonical":"https:\/\/vapeenjoy.com\/pl\/produkt\/waspe-3-w-1-smaki-60000-60k-puffy-jednorazowe-waporyzator-54ml-0-5-nikotyna\/","og_locale":"pl_PL","og_type":"article","og_title":"WASPE 3 in 1 Flavors 60000 60K Puffs Disposable Vape 54ML","og_description":"WASPE 3-in-1 Flavors 60000 Puffs Disposable Vape offers 54ml e-liquid, three flavors, 650mAh battery, Type-C charging, mesh coils, and LED display. Buy now!","og_url":"https:\/\/vapeenjoy.com\/pl\/produkt\/waspe-3-w-1-smaki-60000-60k-puffy-jednorazowe-waporyzator-54ml-0-5-nikotyna\/","og_site_name":"vapeenjoy","og_image":[{"width":1500,"height":1500,"url":"https:\/\/vapeenjoy.com\/wp-content\/uploads\/2025\/09\/\u573a\u666f030000.jpg","type":"image\/jpeg"}],"twitter_card":"summary_large_image","twitter_misc":{"Szacowany czas czytania":"3 minuty"},"schema":{"@context":"https:\/\/schema.org","@graph":[{"@type":"WebPage","@id":"https:\/\/vapeenjoy.com\/product\/waspe-3-in-1-flavors-60000-60k-puffs-disposable-vape-54ml-0-5-nicotine\/","url":"https:\/\/vapeenjoy.com\/product\/waspe-3-in-1-flavors-60000-60k-puffs-disposable-vape-54ml-0-5-nicotine\/","name":"WASPE 3 w 1 smaki 60000 60K Puffy jednorazowe vape 54ml","isPartOf":{"@id":"https:\/\/vapeenjoy.com\/#website"},"primaryImageOfPage":{"@id":"https:\/\/vapeenjoy.com\/product\/waspe-3-in-1-flavors-60000-60k-puffs-disposable-vape-54ml-0-5-nicotine\/#primaryimage"},"image":{"@id":"https:\/\/vapeenjoy.com\/product\/waspe-3-in-1-flavors-60000-60k-puffs-disposable-vape-54ml-0-5-nicotine\/#primaryimage"},"thumbnailUrl":"https:\/\/vapeenjoy.com\/wp-content\/uploads\/2025\/09\/\u573a\u666f030000.jpg","datePublished":"2025-09-05T03:42:53+00:00","description":"WASPE 3 w 1 Flavours 60000 Puffs Jednorazowe waporyzatory oferuj\u0105 54 ml e-liquidu, trzy smaki, bateri\u0119 650 mAh, \u0142adowanie typu C, cewki z siatki i wy\u015bwietlacz LED. Kup teraz!","breadcrumb":{"@id":"https:\/\/vapeenjoy.com\/product\/waspe-3-in-1-flavors-60000-60k-puffs-disposable-vape-54ml-0-5-nicotine\/#breadcrumb"},"inLanguage":"pl-PL","potentialAction":[{"@type":"ReadAction","target":["https:\/\/vapeenjoy.com\/product\/waspe-3-in-1-flavors-60000-60k-puffs-disposable-vape-54ml-0-5-nicotine\/"]}]},{"@type":"ImageObject","inLanguage":"pl-PL","@id":"https:\/\/vapeenjoy.com\/product\/waspe-3-in-1-flavors-60000-60k-puffs-disposable-vape-54ml-0-5-nicotine\/#primaryimage","url":"https:\/\/vapeenjoy.com\/wp-content\/uploads\/2025\/09\/\u573a\u666f030000.jpg","contentUrl":"https:\/\/vapeenjoy.com\/wp-content\/uploads\/2025\/09\/\u573a\u666f030000.jpg","width":1500,"height":1500,"caption":"WASPE 3-in-1 60000 Puffs Disposable Vape"},{"@type":"BreadcrumbList","@id":"https:\/\/vapeenjoy.com\/product\/waspe-3-in-1-flavors-60000-60k-puffs-disposable-vape-54ml-0-5-nicotine\/#breadcrumb","itemListElement":[{"@type":"ListItem","position":1,"name":"Home","item":"https:\/\/vapeenjoy.com\/"},{"@type":"ListItem","position":2,"name":"Shop","item":"https:\/\/vapeenjoy.com\/vapeenjoy-shop\/"},{"@type":"ListItem","position":3,"name":"WASPE 3 in 1 Flavors 60000 60K Puffs Disposable Vape 54ML 0-5% Nicotine"}]},{"@type":"WebSite","@id":"https:\/\/vapeenjoy.com\/#website","url":"https:\/\/vapeenjoy.com\/","name":"skutkowaty","description":"Sklep internetowy do sprzeda\u017cy vapes","potentialAction":[{"@type":"SearchAction","target":{"@type":"EntryPoint","urlTemplate":"https:\/\/vapeenjoy.com\/?s={search_term_string}"},"query-input":{"@type":"PropertyValueSpecification","valueRequired":true,"valueName":"search_term_string"}}],"inLanguage":"pl-PL"}]}},"_links":{"self":[{"href":"https:\/\/vapeenjoy.com\/pl\/wp-json\/wp\/v2\/product\/2782","targetHints":{"allow":["GET"]}}],"collection":[{"href":"https:\/\/vapeenjoy.com\/pl\/wp-json\/wp\/v2\/product"}],"about":[{"href":"https:\/\/vapeenjoy.com\/pl\/wp-json\/wp\/v2\/types\/product"}],"replies":[{"embeddable":true,"href":"https:\/\/vapeenjoy.com\/pl\/wp-json\/wp\/v2\/comments?post=2782"}],"version-history":[{"count":1,"href":"https:\/\/vapeenjoy.com\/pl\/wp-json\/wp\/v2\/product\/2782\/revisions"}],"predecessor-version":[{"id":2790,"href":"https:\/\/vapeenjoy.com\/pl\/wp-json\/wp\/v2\/product\/2782\/revisions\/2790"}],"wp:featuredmedia":[{"embeddable":true,"href":"https:\/\/vapeenjoy.com\/pl\/wp-json\/wp\/v2\/media\/2786"}],"wp:attachment":[{"href":"https:\/\/vapeenjoy.com\/pl\/wp-json\/wp\/v2\/media?parent=2782"}],"wp:term":[{"taxonomy":"product_brand","embeddable":true,"href":"https:\/\/vapeenjoy.com\/pl\/wp-json\/wp\/v2\/product_brand?post=2782"},{"taxonomy":"product_cat","embeddable":true,"href":"https:\/\/vapeenjoy.com\/pl\/wp-json\/wp\/v2\/product_cat?post=2782"},{"taxonomy":"product_tag","embeddable":true,"href":"https:\/\/vapeenjoy.com\/pl\/wp-json\/wp\/v2\/product_tag?post=2782"}],"curies":[{"name":"wp","href":"https:\/\/api.w.org\/{rel}","templated":true}]}}