{"id":2873,"date":"2025-09-09T06:42:21","date_gmt":"2025-09-09T06:42:21","guid":{"rendered":"https:\/\/vapeenjoy.com\/?post_type=product&#038;p=2873"},"modified":"2025-10-23T03:44:27","modified_gmt":"2025-10-23T03:44:27","slug":"zooy-blaze-25000-puffs-disposable-vape-2-3-5-nicotine-adjustable-airflow","status":"publish","type":"product","link":"https:\/\/vapeenjoy.com\/pl\/produkt\/zooy-blaze-25000-puffs-jednorazowe-vape-2-3-5-nikotyna-regulowany-przeplyw-powietrza\/","title":{"rendered":"Zooy Blaze 25000 Puffs jednorazowe vape 2% 3% 5% nikotyna regulowany przep\u0142yw powietrza"},"content":{"rendered":"<h2>Zooy Blaze 25000 Puffs jednorazowe wapory Opis produktu<\/h2>\n<p>Zooy, zaufana marka w bran\u017cy vaping, konsekwentnie dostarcza wysokiej jako\u015bci urz\u0105dzenia zaprojektowane z my\u015bl\u0105 o satysfakcji u\u017cytkownika. Maj\u0105c to na uwadze, Zooy Blaze 25000 Puffs jednorazowe waporyzatory oferuj\u0105 wygodne rozwi\u0105zanie o du\u017cej pojemno\u015bci dla vaper\u00f3w, kt\u00f3re poszukuj\u0105 niezawodno\u015bci i \u0142atwo\u015bci u\u017cytkowania. Ponadto jego elegancki, kompaktowy design, mierz\u0105cy 25x48x101mm, wyposa\u017cony jest w nowoczesny wy\u015bwietlacz pe\u0142noekranowy, kt\u00f3ry zapewnia wyra\u017ane informacje w czasie rzeczywistym. W rezultacie urz\u0105dzenie to p\u0142ynnie \u0142\u0105czy funkcjonalno\u015b\u0107 ze stylowym wygl\u0105dem, co czyni go doskona\u0142ym wyborem do codziennych potrzeb wapowania.<\/p>\n<h3>Specyfikacje produktu<\/h3>\n<p>\u25cb <b>Liczba zaci\u0105gni\u0119\u0107: do 25 000<\/b> \u2013 Ta imponuj\u0105ca pojemno\u015b\u0107 zapewnia d\u0142ugotrwa\u0142e u\u017cytkowanie, zmniejszaj\u0105c potrzeb\u0119 cz\u0119stych wymian.<br \/>\n\u25cb <b>Pojemno\u015b\u0107 e-liquid\u00f3w: 32 ml<\/b> \u2013 Obficie nape\u0142niony, ta du\u017ca obj\u0119to\u015b\u0107 gwarantuje sp\u00f3jne dostarczanie smaku podczas wielu sesji.<br \/>\n\u25cb <b>Mocne strony nikotyny: 2%, 3%, 5%<\/b> \u2013 Dost\u0119pne na wielu poziomach opcje te pozwalaj\u0105 u\u017cytkownikom wybra\u0107 preferowan\u0105 intensywno\u015b\u0107.<br \/>\n\u25cb <b>Pojemno\u015b\u0107 baterii: 650 mAh<\/b> - Wyposa\u017cony w akumulator, zapewnia niezawodn\u0105 moc do przed\u0142u\u017conej vaping.<br \/>\n\u25cb <b>Typ \u0142adowania: USB Type-C<\/b> - Wyposa\u017cony w uniwersalny, odwracalny port, umo\u017cliwia szybkie i bezproblemowe \u0142adowanie.<br \/>\n\u25cb <b>Element grzejny: cewki z podw\u00f3jnymi siatk\u0105<\/b> \u2013 Te cewki zapewniaj\u0105 r\u00f3wnomierne ogrzewanie, zapewniaj\u0105c g\u0142adk\u0105 par\u0119 i bogat\u0105 konsystencj\u0119 smaku.<br \/>\n\u25cb <b>Przep\u0142yw powietrza: regulowany<\/b> \u2013 Dzi\u0119ki dostosowanym ustawieniami rysowania u\u017cytkownicy mog\u0105 dostosowa\u0107 si\u0119 od ciasnego do przewiewnego wdechu, aby uzyska\u0107 dostosowane doznania.<br \/>\n\u25cb <b>Wy\u015bwietlacz: wy\u015bwietlacz pe\u0142noekranowy<\/b> \u2013 Ten intuicyjny ekran pokazuje poziomy e-liquid, stan na\u0142adowania baterii i moc wyj\u015bciow\u0105, zwi\u0119kszaj\u0105c wygod\u0119 u\u017cytkownika.<\/p>\n<h3>10 opcji smakowych<\/h3>\n<p>Aby zaspokoi\u0107 r\u00f3\u017cne smaki, Zooy Blaze oferuje \u017cywy wyb\u00f3r smak\u00f3w. W szczeg\u00f3lno\u015bci ka\u017cda opcja jest stworzona, aby zapewni\u0107 odr\u0119bny i satysfakcjonuj\u0105cy profil. Poni\u017cej znajduj\u0105 si\u0119 dost\u0119pne smaki z ich opisami:<\/p>\n<p>1. <b>l\u00f3d arbuzowy<\/b> \u2013 Soczysty arbuz uzupe\u0142niony orze\u017awiaj\u0105cym, ch\u0142odnym finiszem.<br \/>\n2. <b>l\u00f3d jagodowy<\/b> \u2013 S\u0142odkie jagody w po\u0142\u0105czeniu z chrupi\u0105cym, lodowatym doznaniem dla zr\u00f3wnowa\u017conego smaku.<br \/>\n3. <b>kiwi truskawkowe<\/b> \u2013 \u017bywa mieszanka dojrza\u0142ych truskawek i pikantnego kiwi, oferuj\u0105ca owocowy wybuch.<br \/>\n4. <b>cytryna<\/b> \u2013 Pogrubione nuty winogronowe zharmonizowane z cytrynow\u0105 cytryn\u0105, tworz\u0105c \u017cyw\u0105 mieszank\u0119.<br \/>\n5. <b>jab\u0142ko brzoskwinia<\/b> \u2013 Chrupi\u0105ce jab\u0142ko w po\u0142\u0105czeniu ze s\u0142odk\u0105, soczyst\u0105 brzoskwini\u0105, kt\u00f3ra zapewnia zachwycaj\u0105ce po\u0142\u0105czenie.<br \/>\n6. <b>Mi\u0119ta niebieska (jagodowa mi\u0119ta)<\/b> \u2013 \u015awie\u017ca jagoda z dodatkiem ch\u0142odz\u0105cego mi\u0119towego odcienia.<br \/>\n7. <b>Mieszane jagody<\/b> \u2013 Bogata mieszanka r\u00f3\u017cnych jag\u00f3d, tworz\u0105ca warstwowy i dynamiczny smak.<br \/>\n8. <b>cytryna wi\u015bniowa z wi\u015bni<\/b> \u2013 Tarta je\u017cyna, wi\u015bnia i jasna cytryna dla z\u0142o\u017conego smaku.<br \/>\n9. <b>Arbuz truskawkowy<\/b> \u2013 S\u0142odkie truskawki zro\u015bni\u0119te z orze\u017awiaj\u0105cym arbuzem na letni\u0105 mieszank\u0119.<br \/>\n10. <b>Lemoniada niebieski Razz<\/b> \u2013 Pikantna niebieska malina zmieszana z pikantnym akcentem lemoniady.<\/p>\n<h3>Cz\u0119sto zadawane pytania (FAQ)<\/h3>\n<p>Aby odpowiedzie\u0107 na typowe zapytania, zebrali\u015bmy odpowiedzi, kt\u00f3re pomog\u0105 Ci lepiej zrozumie\u0107 jednorazowe waporyzator Zooy Blaze 25000 Puffs. W zwi\u0105zku z tym te cz\u0119sto zadawane pytania zapewniaj\u0105 jasno\u015b\u0107 co do jego funkcji i wykorzystania:<\/p>\n<p>1. <b>Co to jest jednorazowe waporyzator Zooy Blaze 25000 Puffs?<\/b><br \/>\nTo urz\u0105dzenie jest jednorazowym waporyzatorem o du\u017cej pojemno\u015bci, oferuj\u0105cym do 25 000 zaci\u0105gni\u0119\u0107, wst\u0119pnie wype\u0142niony 32 ml e-liquidu i wyposa\u017cony w regulowany przep\u0142yw powietrza i pe\u0142noekranowy wy\u015bwietlacz.<\/p>\n<p>2. <b>Jak na\u0142adowa\u0107 urz\u0105dzenie?<\/b><br \/>\nPo prostu u\u017cyj portu USB Type-C z kompatybilnym kablem, aby szybko i wygodnie \u0142adowa\u0107.<\/p>\n<p>3. <b>Czy mog\u0119 dostosowa\u0107 si\u0142\u0119 nikotyny?<\/b><br \/>\nUrz\u0105dzenie jest dost\u0119pne w mocnych stronach nikotyny 2%, 3% lub 5%, ale si\u0142a nie mo\u017ce by\u0107 p\u00f3\u017aniej modyfikowana.<\/p>\n<p>4. <b>Jak wybra\u0107 dla mnie odpowiedni smak?<\/b><br \/>\nAby wybra\u0107 odpowiedni smak, we\u017a pod uwag\u0119 swoje preferencje smakowe. Na przyk\u0142ad, je\u015bli lubisz s\u0142odkie profile, wybierz Mi\u0119sie\u0144 Owocowych, takie jak Strawberry Kiwi lub Apple Peach, je\u015bli lubisz s\u0142odkie profile, lub wybierz Blue Mint lub Watermelon Ice, aby uzyska\u0107 efekt och\u0142odzenia. Alternatywnie, wypr\u00f3buj nowy smak, kt\u00f3ry b\u0119dzie pasowa\u0142 do Twojego nastroju.<\/p>\n<p>5. <b>Co robi regulowany przep\u0142yw powietrza?<\/b><br \/>\nRegulowany przep\u0142yw powietrza pozwala dostosowa\u0107 op\u00f3r ci\u0105gni\u0119cia, umo\u017cliwiaj\u0105c cia\u015bniejszy lub lu\u017aniejszy wdech w zale\u017cno\u015bci od preferencji.<\/p>\n<p>6. <b>Jak d\u0142ugo dzia\u0142a bateria?<\/b><br \/>\nBateria 650 mAh obs\u0142uguje rozszerzone u\u017cytkowanie, w zale\u017cno\u015bci od cz\u0119stotliwo\u015bci wapowania, i mo\u017ce by\u0107 \u0142adowana przez port typu C.<\/p>\n<p>7. <b>Czy urz\u0105dzenie jest wielokrotnego u\u017cytku?<\/b><br \/>\nChocia\u017c jest jednorazowe, urz\u0105dzenie jest \u0142adowane, co oznacza, \u017ce mo\u017cesz \u0142adowa\u0107 bateri\u0119, a\u017c do wyczerpania e-liquidu, a nast\u0119pnie wyrzuci\u0107 je odpowiedzialnie.<\/p>\n<p><img fetchpriority=\"high\" decoding=\"async\" class=\"alignnone size-full wp-image-2876\" src=\"https:\/\/vapeenjoy.com\/wp-content\/uploads\/2025\/09\/7438b21c36af94ebff5c671ea0773a61-scaled.jpg\" alt=\"Zooy Blaze 25000 Puffs jednorazowe waporyzator 2% 3% 5% nikotyna regulowany przep\u0142yw powietrza smaki\" width=\"2560\" height=\"1589\" srcset=\"https:\/\/vapeenjoy.com\/wp-content\/uploads\/2025\/09\/7438b21c36af94ebff5c671ea0773a61-scaled.jpg 2560w, https:\/\/vapeenjoy.com\/wp-content\/uploads\/2025\/09\/7438b21c36af94ebff5c671ea0773a61-300x186.jpg 300w, https:\/\/vapeenjoy.com\/wp-content\/uploads\/2025\/09\/7438b21c36af94ebff5c671ea0773a61-1024x635.jpg 1024w, https:\/\/vapeenjoy.com\/wp-content\/uploads\/2025\/09\/7438b21c36af94ebff5c671ea0773a61-768x477.jpg 768w, https:\/\/vapeenjoy.com\/wp-content\/uploads\/2025\/09\/7438b21c36af94ebff5c671ea0773a61-1536x953.jpg 1536w, https:\/\/vapeenjoy.com\/wp-content\/uploads\/2025\/09\/7438b21c36af94ebff5c671ea0773a61-2048x1271.jpg 2048w, https:\/\/vapeenjoy.com\/wp-content\/uploads\/2025\/09\/7438b21c36af94ebff5c671ea0773a61-18x12.jpg 18w, https:\/\/vapeenjoy.com\/wp-content\/uploads\/2025\/09\/7438b21c36af94ebff5c671ea0773a61-1200x745.jpg 1200w, https:\/\/vapeenjoy.com\/wp-content\/uploads\/2025\/09\/7438b21c36af94ebff5c671ea0773a61-150x93.jpg 150w\" sizes=\"(max-width: 2560px) 100vw, 2560px\" \/><\/p>","protected":false},"excerpt":{"rendered":"<p dir=\"ltr\" data-pm-slice=\"1 1 []\">Zooy zapewnia jako\u015b\u0107 dzi\u0119ki jednorazowemu waporyzatorowi Blaze 25000 Puffs. To urz\u0105dzenie oferuje 25 000 zaci\u0105gni\u0119\u0107, 32 ml e-liquidu, 21 TP3T\/3%\/5% nikotyn\u0119 i bateri\u0119 650 mAh. Dzi\u0119ki regulowanemu przep\u0142ywowi powietrza, podw\u00f3jnej siatki i pe\u0142noekranowemu wy\u015bwietlaczowi zapewnia p\u0142ynne, konfigurowalne waporyzowanie w kompaktowej konstrukcji.<\/p>","protected":false},"featured_media":2878,"comment_status":"open","ping_status":"closed","template":"","meta":[],"product_brand":[46],"product_cat":[30],"product_tag":[99],"class_list":{"0":"post-2873","1":"product","2":"type-product","3":"status-publish","4":"has-post-thumbnail","6":"product_brand-zooy-vape","7":"product_cat-25k-puffs-vape","8":"product_tag-2-5-nicotin","10":"first","11":"instock","12":"sale","13":"shipping-taxable","14":"purchasable","15":"product-type-variable"},"yoast_head":"<!-- This site is optimized with the Yoast SEO plugin v25.7 - https:\/\/yoast.com\/wordpress\/plugins\/seo\/ -->\n<title>ZOOY BLAZE 25000 Puffs Disposable Vape 2% 3% 5% Nicotine - vapeenjoy<\/title>\n<meta name=\"description\" content=\"ZOOY Blaze 25000 Puffs Disposable Vape offers 32mL, 2%-5% nicotine, and a 650mAh battery. Enjoy adjustable airflow and a full-screen display. Buy now!\" \/>\n<meta name=\"robots\" content=\"index, follow, max-snippet:-1, max-image-preview:large, max-video-preview:-1\" \/>\n<link rel=\"canonical\" href=\"https:\/\/vapeenjoy.com\/pl\/produkt\/zooy-blaze-25000-puffs-jednorazowe-vape-2-3-5-nikotyna-regulowany-przeplyw-powietrza\/\" \/>\n<meta property=\"og:locale\" content=\"pl_PL\" \/>\n<meta property=\"og:type\" content=\"article\" \/>\n<meta property=\"og:title\" content=\"ZOOY BLAZE 25000 Puffs Disposable Vape 2% 3% 5% Nicotine - vapeenjoy\" \/>\n<meta property=\"og:description\" content=\"ZOOY Blaze 25000 Puffs Disposable Vape offers 32mL, 2%-5% nicotine, and a 650mAh battery. Enjoy adjustable airflow and a full-screen display. Buy now!\" \/>\n<meta property=\"og:url\" content=\"https:\/\/vapeenjoy.com\/pl\/produkt\/zooy-blaze-25000-puffs-jednorazowe-vape-2-3-5-nikotyna-regulowany-przeplyw-powietrza\/\" \/>\n<meta property=\"og:site_name\" content=\"vapeenjoy\" \/>\n<meta property=\"article:modified_time\" content=\"2025-10-23T03:44:27+00:00\" \/>\n<meta property=\"og:image\" content=\"https:\/\/vapeenjoy.com\/wp-content\/uploads\/2025\/09\/21.png\" \/>\n\t<meta property=\"og:image:width\" content=\"800\" \/>\n\t<meta property=\"og:image:height\" content=\"800\" \/>\n\t<meta property=\"og:image:type\" content=\"image\/png\" \/>\n<meta name=\"twitter:card\" content=\"summary_large_image\" \/>\n<meta name=\"twitter:label1\" content=\"Szacowany czas czytania\" \/>\n\t<meta name=\"twitter:data1\" content=\"4 minuty\" \/>\n<script type=\"application\/ld+json\" class=\"yoast-schema-graph\">{\"@context\":\"https:\/\/schema.org\",\"@graph\":[{\"@type\":\"WebPage\",\"@id\":\"https:\/\/vapeenjoy.com\/product\/zooy-blaze-25000-puffs-disposable-vape-2-3-5-nicotine-adjustable-airflow\/\",\"url\":\"https:\/\/vapeenjoy.com\/product\/zooy-blaze-25000-puffs-disposable-vape-2-3-5-nicotine-adjustable-airflow\/\",\"name\":\"ZOOY BLAZE 25000 Puffs Disposable Vape 2% 3% 5% Nicotine - vapeenjoy\",\"isPartOf\":{\"@id\":\"https:\/\/vapeenjoy.com\/#website\"},\"primaryImageOfPage\":{\"@id\":\"https:\/\/vapeenjoy.com\/product\/zooy-blaze-25000-puffs-disposable-vape-2-3-5-nicotine-adjustable-airflow\/#primaryimage\"},\"image\":{\"@id\":\"https:\/\/vapeenjoy.com\/product\/zooy-blaze-25000-puffs-disposable-vape-2-3-5-nicotine-adjustable-airflow\/#primaryimage\"},\"thumbnailUrl\":\"https:\/\/vapeenjoy.com\/wp-content\/uploads\/2025\/09\/21.png\",\"datePublished\":\"2025-09-09T06:42:21+00:00\",\"dateModified\":\"2025-10-23T03:44:27+00:00\",\"description\":\"ZOOY Blaze 25000 Puffs Disposable Vape offers 32mL, 2%-5% nicotine, and a 650mAh battery. Enjoy adjustable airflow and a full-screen display. Buy now!\",\"breadcrumb\":{\"@id\":\"https:\/\/vapeenjoy.com\/product\/zooy-blaze-25000-puffs-disposable-vape-2-3-5-nicotine-adjustable-airflow\/#breadcrumb\"},\"inLanguage\":\"pl-PL\",\"potentialAction\":[{\"@type\":\"ReadAction\",\"target\":[\"https:\/\/vapeenjoy.com\/product\/zooy-blaze-25000-puffs-disposable-vape-2-3-5-nicotine-adjustable-airflow\/\"]}]},{\"@type\":\"ImageObject\",\"inLanguage\":\"pl-PL\",\"@id\":\"https:\/\/vapeenjoy.com\/product\/zooy-blaze-25000-puffs-disposable-vape-2-3-5-nicotine-adjustable-airflow\/#primaryimage\",\"url\":\"https:\/\/vapeenjoy.com\/wp-content\/uploads\/2025\/09\/21.png\",\"contentUrl\":\"https:\/\/vapeenjoy.com\/wp-content\/uploads\/2025\/09\/21.png\",\"width\":800,\"height\":800,\"caption\":\"ZOOY BLAZE 25000 Puffs Disposable Vape 2% 3% 5% Nicotine Adjustable Airflow\"},{\"@type\":\"BreadcrumbList\",\"@id\":\"https:\/\/vapeenjoy.com\/product\/zooy-blaze-25000-puffs-disposable-vape-2-3-5-nicotine-adjustable-airflow\/#breadcrumb\",\"itemListElement\":[{\"@type\":\"ListItem\",\"position\":1,\"name\":\"Home\",\"item\":\"https:\/\/vapeenjoy.com\/\"},{\"@type\":\"ListItem\",\"position\":2,\"name\":\"Shop\",\"item\":\"https:\/\/vapeenjoy.com\/vapeenjoy-shop\/\"},{\"@type\":\"ListItem\",\"position\":3,\"name\":\"ZOOY BLAZE 25000 Puffs Disposable Vape 2% 3% 5% Nicotine Adjustable Airflow\"}]},{\"@type\":\"WebSite\",\"@id\":\"https:\/\/vapeenjoy.com\/#website\",\"url\":\"https:\/\/vapeenjoy.com\/\",\"name\":\"vapeenjoy\",\"description\":\"An online store for selling vapes\",\"potentialAction\":[{\"@type\":\"SearchAction\",\"target\":{\"@type\":\"EntryPoint\",\"urlTemplate\":\"https:\/\/vapeenjoy.com\/?s={search_term_string}\"},\"query-input\":{\"@type\":\"PropertyValueSpecification\",\"valueRequired\":true,\"valueName\":\"search_term_string\"}}],\"inLanguage\":\"pl-PL\"}]}<\/script>\n<!-- \/ Yoast SEO plugin. -->","yoast_head_json":{"title":"Zooy Blaze 25000 Puffs jednorazowe vape 2% 3% 5% Nikotyna - VapeEnjoy","description":"Zooy Blaze 25000 Puffs jednorazowe waporyzaki oferuje 32 ml, 21 TP3T-5% nikotyny i 650 mAh bateri\u0119. Ciesz si\u0119 regulowanym przep\u0142ywem powietrza i pe\u0142noekranowym wy\u015bwietlaczem. Kup teraz!","robots":{"index":"index","follow":"follow","max-snippet":"max-snippet:-1","max-image-preview":"max-image-preview:large","max-video-preview":"max-video-preview:-1"},"canonical":"https:\/\/vapeenjoy.com\/pl\/produkt\/zooy-blaze-25000-puffs-jednorazowe-vape-2-3-5-nikotyna-regulowany-przeplyw-powietrza\/","og_locale":"pl_PL","og_type":"article","og_title":"ZOOY BLAZE 25000 Puffs Disposable Vape 2% 3% 5% Nicotine - vapeenjoy","og_description":"ZOOY Blaze 25000 Puffs Disposable Vape offers 32mL, 2%-5% nicotine, and a 650mAh battery. Enjoy adjustable airflow and a full-screen display. Buy now!","og_url":"https:\/\/vapeenjoy.com\/pl\/produkt\/zooy-blaze-25000-puffs-jednorazowe-vape-2-3-5-nikotyna-regulowany-przeplyw-powietrza\/","og_site_name":"vapeenjoy","article_modified_time":"2025-10-23T03:44:27+00:00","og_image":[{"width":800,"height":800,"url":"https:\/\/vapeenjoy.com\/wp-content\/uploads\/2025\/09\/21.png","type":"image\/png"}],"twitter_card":"summary_large_image","twitter_misc":{"Szacowany czas czytania":"4 minuty"},"schema":{"@context":"https:\/\/schema.org","@graph":[{"@type":"WebPage","@id":"https:\/\/vapeenjoy.com\/product\/zooy-blaze-25000-puffs-disposable-vape-2-3-5-nicotine-adjustable-airflow\/","url":"https:\/\/vapeenjoy.com\/product\/zooy-blaze-25000-puffs-disposable-vape-2-3-5-nicotine-adjustable-airflow\/","name":"Zooy Blaze 25000 Puffs jednorazowe vape 2% 3% 5% Nikotyna - VapeEnjoy","isPartOf":{"@id":"https:\/\/vapeenjoy.com\/#website"},"primaryImageOfPage":{"@id":"https:\/\/vapeenjoy.com\/product\/zooy-blaze-25000-puffs-disposable-vape-2-3-5-nicotine-adjustable-airflow\/#primaryimage"},"image":{"@id":"https:\/\/vapeenjoy.com\/product\/zooy-blaze-25000-puffs-disposable-vape-2-3-5-nicotine-adjustable-airflow\/#primaryimage"},"thumbnailUrl":"https:\/\/vapeenjoy.com\/wp-content\/uploads\/2025\/09\/21.png","datePublished":"2025-09-09T06:42:21+00:00","dateModified":"2025-10-23T03:44:27+00:00","description":"Zooy Blaze 25000 Puffs jednorazowe waporyzaki oferuje 32 ml, 21 TP3T-5% nikotyny i 650 mAh bateri\u0119. Ciesz si\u0119 regulowanym przep\u0142ywem powietrza i pe\u0142noekranowym wy\u015bwietlaczem. Kup teraz!","breadcrumb":{"@id":"https:\/\/vapeenjoy.com\/product\/zooy-blaze-25000-puffs-disposable-vape-2-3-5-nicotine-adjustable-airflow\/#breadcrumb"},"inLanguage":"pl-PL","potentialAction":[{"@type":"ReadAction","target":["https:\/\/vapeenjoy.com\/product\/zooy-blaze-25000-puffs-disposable-vape-2-3-5-nicotine-adjustable-airflow\/"]}]},{"@type":"ImageObject","inLanguage":"pl-PL","@id":"https:\/\/vapeenjoy.com\/product\/zooy-blaze-25000-puffs-disposable-vape-2-3-5-nicotine-adjustable-airflow\/#primaryimage","url":"https:\/\/vapeenjoy.com\/wp-content\/uploads\/2025\/09\/21.png","contentUrl":"https:\/\/vapeenjoy.com\/wp-content\/uploads\/2025\/09\/21.png","width":800,"height":800,"caption":"ZOOY BLAZE 25000 Puffs Disposable Vape 2% 3% 5% Nicotine Adjustable Airflow"},{"@type":"BreadcrumbList","@id":"https:\/\/vapeenjoy.com\/product\/zooy-blaze-25000-puffs-disposable-vape-2-3-5-nicotine-adjustable-airflow\/#breadcrumb","itemListElement":[{"@type":"ListItem","position":1,"name":"Home","item":"https:\/\/vapeenjoy.com\/"},{"@type":"ListItem","position":2,"name":"Shop","item":"https:\/\/vapeenjoy.com\/vapeenjoy-shop\/"},{"@type":"ListItem","position":3,"name":"ZOOY BLAZE 25000 Puffs Disposable Vape 2% 3% 5% Nicotine Adjustable Airflow"}]},{"@type":"WebSite","@id":"https:\/\/vapeenjoy.com\/#website","url":"https:\/\/vapeenjoy.com\/","name":"skutkowaty","description":"Sklep internetowy do sprzeda\u017cy vapes","potentialAction":[{"@type":"SearchAction","target":{"@type":"EntryPoint","urlTemplate":"https:\/\/vapeenjoy.com\/?s={search_term_string}"},"query-input":{"@type":"PropertyValueSpecification","valueRequired":true,"valueName":"search_term_string"}}],"inLanguage":"pl-PL"}]}},"_links":{"self":[{"href":"https:\/\/vapeenjoy.com\/pl\/wp-json\/wp\/v2\/product\/2873","targetHints":{"allow":["GET"]}}],"collection":[{"href":"https:\/\/vapeenjoy.com\/pl\/wp-json\/wp\/v2\/product"}],"about":[{"href":"https:\/\/vapeenjoy.com\/pl\/wp-json\/wp\/v2\/types\/product"}],"replies":[{"embeddable":true,"href":"https:\/\/vapeenjoy.com\/pl\/wp-json\/wp\/v2\/comments?post=2873"}],"version-history":[{"count":1,"href":"https:\/\/vapeenjoy.com\/pl\/wp-json\/wp\/v2\/product\/2873\/revisions"}],"predecessor-version":[{"id":2881,"href":"https:\/\/vapeenjoy.com\/pl\/wp-json\/wp\/v2\/product\/2873\/revisions\/2881"}],"wp:featuredmedia":[{"embeddable":true,"href":"https:\/\/vapeenjoy.com\/pl\/wp-json\/wp\/v2\/media\/2878"}],"wp:attachment":[{"href":"https:\/\/vapeenjoy.com\/pl\/wp-json\/wp\/v2\/media?parent=2873"}],"wp:term":[{"taxonomy":"product_brand","embeddable":true,"href":"https:\/\/vapeenjoy.com\/pl\/wp-json\/wp\/v2\/product_brand?post=2873"},{"taxonomy":"product_cat","embeddable":true,"href":"https:\/\/vapeenjoy.com\/pl\/wp-json\/wp\/v2\/product_cat?post=2873"},{"taxonomy":"product_tag","embeddable":true,"href":"https:\/\/vapeenjoy.com\/pl\/wp-json\/wp\/v2\/product_tag?post=2873"}],"curies":[{"name":"wp","href":"https:\/\/api.w.org\/{rel}","templated":true}]}}