{"id":2929,"date":"2025-09-15T09:09:10","date_gmt":"2025-09-15T09:09:10","guid":{"rendered":"https:\/\/vapeenjoy.com\/?post_type=product&#038;p=2929"},"modified":"2025-10-23T03:42:55","modified_gmt":"2025-10-23T03:42:55","slug":"airmez-fox-80000-80k-puffs-2-in-1-flavors-disposable-vape-30ml-2-nicotine","status":"publish","type":"product","link":"https:\/\/vapeenjoy.com\/pl\/produkt\/airmez-fox-80000-80k-puffy-2-w-1-smaki-jednorazowe-vape-30ml-2-nikotyna\/","title":{"rendered":"Airmez Fox 80000 80K Puffs 2 w 1 smaki jednorazowe waporowanie 30 ml 2% Nikotyna"},"content":{"rendered":"<h2>Airmez Fox 80000 80K Puffy 2 w 1 Smaki Jednorazowe Vape 30ml<\/h2>\n<p>AirMez to renomowana marka znana z dostarczania innowacyjnych i niezawodnych produkt\u00f3w waporyzacyjnych. Jednorazowe waporyzatory Airmez Fox 80000 2 w 1 oferuj\u0105 unikalne po\u0142\u0105czenie wygody i d\u0142ugotrwa\u0142ej wydajno\u015bci. Dzi\u0119ki eleganckiej konstrukcji urz\u0105dzenie to jest kompaktowe, ale mocne, dzi\u0119ki czemu idealnie nadaje si\u0119 do u\u017cytku w podr\u00f3\u017cy. Jego ergonomiczna budowa i czysta estetyka zapewniaj\u0105 komfort i \u0142atwo\u015b\u0107 u\u017cytkowania, a du\u017ca pojemno\u015b\u0107 30 ml e-liquid zapewnia d\u0142u\u017csze wra\u017cenia z waporyzacji.<\/p>\n<h3>Specyfikacje produktu<\/h3>\n<p>\u2611 <span style=\"font-weight: bold;\">15 ml * 2 e-liquidu<\/span> - Podw\u00f3jne str\u0105ki z p\u0142ynem do d\u0142u\u017cszego u\u017cytkowania<br \/>\n\u2611 <span style=\"font-weight: bold;\">cewka z siatki<\/span> - zapewnia optymaln\u0105 produkcj\u0119 smaku<br \/>\n\u2611 <span style=\"font-weight: bold;\">Port typu C<\/span> - Mo\u017cliwo\u015b\u0107 szybkiego \u0142adowania<br \/>\n\u2611 <span style=\"font-weight: bold;\">650mAh<\/span> - Zapewnia wystarczaj\u0105c\u0105 moc dla 80k \u015brut\u00f3w<\/p>\n<h3>smaki<\/h3>\n<p>Dzi\u0119ki wyborowi 10 r\u00f3\u017cnych smak\u00f3w, Airmez Fox 80000 oferuje r\u00f3\u017cnorodne opcje, aby zaspokoi\u0107 r\u00f3\u017cne preferencje. Poni\u017cej dost\u0119pne smaki:<\/p>\n<ul>\n<li><span style=\"font-weight: bold;\">1. Arbuz truskawkowy<\/span>, truskawka malina<\/li>\n<li><span style=\"font-weight: bold;\">2 Lemoniada Blue Razz<\/span>, niebieski Razz<\/li>\n<li><span style=\"font-weight: bold;\">3. Jagoda na lodzie<\/span>, malina jagodowa<\/li>\n<li><span style=\"font-weight: bold;\">4. Truskawkowe Kiwi<\/span>, l\u00f3d truskawkowy<\/li>\n<li><span style=\"font-weight: bold;\">5. Lod arbuzowy<\/span>, arbuz malinowy<\/li>\n<li><span style=\"font-weight: bold;\">6. Lemoniada jagodowa<\/span>, limonka cytrynowa<\/li>\n<li><span style=\"font-weight: bold;\">7 7 Owoce tropikalne<\/span>, Mi\u0142o\u015b\u0107 66<\/li>\n<li><span style=\"font-weight: bold;\">8. l\u00f3d brzoskwiniowy<\/span>, mango brzoskwinia<\/li>\n<li><span style=\"font-weight: bold;\">9. Mieszane jagody<\/span>, dr b\u0142\u0119kit<\/li>\n<li><span style=\"font-weight: bold;\">10. l\u00f3d winog<\/span>, czarny l\u00f3d<\/li>\n<\/ul>\n<h3>Najcz\u0119\u015bciej zadawane pytania<\/h3>\n<h4>1. Jak d\u0142ugo trwa Airmez Fox 80000?<\/h4>\n<p>Urz\u0105dzenie zapewnia do 80 000 zaci\u0105gni\u0119\u0107, co zapewnia d\u0142ugotrwa\u0142e wra\u017cenia z waporyzacji.<\/p>\n<h4>2 . Jak na\u0142adowa\u0107 Airmez Fox 80000?<\/h4>\n<p>Po prostu u\u017cyj portu Type-C, aby szybko i wydajnie \u0142adowa\u0107. W pe\u0142ni na\u0142adowane urz\u0105dzenie mo\u017ce wytrzyma\u0107 wiele sesji wapowania.<\/p>\n<h4>3. Czy urz\u0105dzenie jest wielokrotnego nape\u0142niania?<\/h4>\n<p>Nie, Airmez Fox 80000 to jednorazowe waporyzator, co oznacza, \u017ce po zu\u017cyciu e-liquidu mo\u017cna wyrzuci\u0107 urz\u0105dzenie i zast\u0105pi\u0107 je nowym.<\/p>\n<h4>4. Jak wybra\u0107 odpowiedni smak?<\/h4>\n<p>Odpowiedni smak zale\u017cy od Twojego osobistego gustu. Je\u015bli lubisz owocowe, orze\u017awiaj\u0105ce smaki, spr\u00f3buj <span style=\"font-weight: bold;\">Arbuz truskawkowy<\/span> albo <span style=\"font-weight: bold;\">Lemoniada jagodowa<\/span>. Je\u015bli wolisz lodowe wra\u017cenia, opcje takie jak <span style=\"font-weight: bold;\">Jagoda na lodzie<\/span> albo <span style=\"font-weight: bold;\">l\u00f3d winog<\/span> Mo\u017ce by\u0107 najlepiej dopasowany.<\/p>\n<h4>5. Czy Airmez Fox 80000 ma nikotyn\u0119?<\/h4>\n<p>Tak, zawiera nikotyn\u0119. Prosz\u0119 sprawdzi\u0107 opakowanie, aby uzyska\u0107 dok\u0142adne st\u0119\u017cenie nikotyny.<\/p>\n<h4>6. Jak mam przechowywa\u0107 urz\u0105dzenie?<\/h4>\n<p>Aby zapewni\u0107 d\u0142ugowieczno\u015b\u0107 produktu, przechowywa\u0107 go w ch\u0142odnym i suchym miejscu, z dala od bezpo\u015bredniego \u015bwiat\u0142a s\u0142onecznego lub ekstremalnych temperatur.<\/p>\n<h4>7 7 Jaka jest r\u00f3\u017cnica mi\u0119dzy smakami?<\/h4>\n<p>Ka\u017cdy smak oferuje unikaln\u0105 kombinacj\u0119 owocowych, pikantnych lub lodowych smak\u00f3w. Na przyk\u0142ad, <span style=\"font-weight: bold;\">Owoce tropik<\/span> \u0141\u0105czy w sobie mieszank\u0119 egzotycznych smak\u00f3w, podczas gdy <span style=\"font-weight: bold;\">l\u00f3d brzoskwiniowy<\/span> Zapewnia g\u0142adki brzoskwiniowy smak z ch\u0142odnym wyko\u0144czeniem.<\/p>\n<p><img fetchpriority=\"high\" decoding=\"async\" class=\"alignnone size-full wp-image-2937\" src=\"https:\/\/vapeenjoy.com\/wp-content\/uploads\/2025\/09\/Airmez-Fox-80000-Puffs-2-IN-1-Flavors-Disposable-Vape-Flavors.avif\" alt=\"Airmez Fox 80000 Puffs 2 w 1 smak\u00f3w jednorazowe smaki waporyzacyjne\" width=\"1240\" height=\"1754\" srcset=\"https:\/\/vapeenjoy.com\/wp-content\/uploads\/2025\/09\/Airmez-Fox-80000-Puffs-2-IN-1-Flavors-Disposable-Vape-Flavors.avif 1240w, https:\/\/vapeenjoy.com\/wp-content\/uploads\/2025\/09\/Airmez-Fox-80000-Puffs-2-IN-1-Flavors-Disposable-Vape-Flavors-212x300.avif 212w, https:\/\/vapeenjoy.com\/wp-content\/uploads\/2025\/09\/Airmez-Fox-80000-Puffs-2-IN-1-Flavors-Disposable-Vape-Flavors-724x1024.avif 724w, https:\/\/vapeenjoy.com\/wp-content\/uploads\/2025\/09\/Airmez-Fox-80000-Puffs-2-IN-1-Flavors-Disposable-Vape-Flavors-768x1086.avif 768w, https:\/\/vapeenjoy.com\/wp-content\/uploads\/2025\/09\/Airmez-Fox-80000-Puffs-2-IN-1-Flavors-Disposable-Vape-Flavors-1086x1536.avif 1086w, https:\/\/vapeenjoy.com\/wp-content\/uploads\/2025\/09\/Airmez-Fox-80000-Puffs-2-IN-1-Flavors-Disposable-Vape-Flavors-8x12.avif 8w, https:\/\/vapeenjoy.com\/wp-content\/uploads\/2025\/09\/Airmez-Fox-80000-Puffs-2-IN-1-Flavors-Disposable-Vape-Flavors-1200x1697.avif 1200w, https:\/\/vapeenjoy.com\/wp-content\/uploads\/2025\/09\/Airmez-Fox-80000-Puffs-2-IN-1-Flavors-Disposable-Vape-Flavors-150x212.avif 150w\" sizes=\"(max-width: 1240px) 100vw, 1240px\" \/><\/p>","protected":false},"excerpt":{"rendered":"<p>AirMez to renomowana marka znana z niezawodnych i wydajnych produkt\u00f3w do waporyzowania. Fox 80000 2 w 1 jednorazowe waporyzatory Flaxs oferuje 80 tys. ptysi i pojemno\u015b\u0107 30 ml e-liquid\u00f3w. Posiada cewk\u0119 z siatki dla lepszego smaku, port typu C do szybkiego \u0142adowania i bateri\u0119 650 mAh dla d\u0142u\u017cszego u\u017cytkowania, co czyni go idealnym wyborem dla vaper\u00f3w poszukuj\u0105cych wygody i trwa\u0142o\u015bci.<\/p>","protected":false},"featured_media":2936,"comment_status":"open","ping_status":"closed","template":"","meta":[],"product_brand":[229],"product_cat":[17],"product_tag":[85,70],"class_list":{"0":"post-2929","1":"product","2":"type-product","3":"status-publish","4":"has-post-thumbnail","6":"product_brand-airmez","7":"product_cat-80000-puffs-vape","8":"product_tag-2-nicotine","9":"product_tag-30ml","11":"first","12":"instock","13":"sale","14":"shipping-taxable","15":"purchasable","16":"product-type-variable"},"yoast_head":"<!-- This site is optimized with the Yoast SEO plugin v25.7 - https:\/\/yoast.com\/wordpress\/plugins\/seo\/ -->\n<title>Airmez FOX 80000 Puffs 2 IN 1 Flavors Disposable Vape<\/title>\n<meta name=\"description\" content=\"Airmez FOX 80000 Disposable Vape offers 80K puffs, 30ML e-liquid, mesh coil, Type-C charging, and a 650mAh battery for lasting performance.\" \/>\n<meta name=\"robots\" content=\"index, follow, max-snippet:-1, max-image-preview:large, max-video-preview:-1\" \/>\n<link rel=\"canonical\" href=\"https:\/\/vapeenjoy.com\/pl\/produkt\/airmez-fox-80000-80k-puffy-2-w-1-smaki-jednorazowe-vape-30ml-2-nikotyna\/\" \/>\n<meta property=\"og:locale\" content=\"pl_PL\" \/>\n<meta property=\"og:type\" content=\"article\" \/>\n<meta property=\"og:title\" content=\"Airmez FOX 80000 Puffs 2 IN 1 Flavors Disposable Vape\" \/>\n<meta property=\"og:description\" content=\"Airmez FOX 80000 Disposable Vape offers 80K puffs, 30ML e-liquid, mesh coil, Type-C charging, and a 650mAh battery for lasting performance.\" \/>\n<meta property=\"og:url\" content=\"https:\/\/vapeenjoy.com\/pl\/produkt\/airmez-fox-80000-80k-puffy-2-w-1-smaki-jednorazowe-vape-30ml-2-nikotyna\/\" \/>\n<meta property=\"og:site_name\" content=\"vapeenjoy\" \/>\n<meta property=\"article:modified_time\" content=\"2025-10-23T03:42:55+00:00\" \/>\n<meta property=\"og:image\" content=\"https:\/\/vapeenjoy.com\/wp-content\/uploads\/2025\/09\/vapeenjoy-airmez-2-in-1-80000-puffs.avif\" \/>\n\t<meta property=\"og:image:width\" content=\"2480\" \/>\n\t<meta property=\"og:image:height\" content=\"2480\" \/>\n\t<meta property=\"og:image:type\" content=\"image\/webp\" \/>\n<meta name=\"twitter:card\" content=\"summary_large_image\" \/>\n<meta name=\"twitter:label1\" content=\"Szacowany czas czytania\" \/>\n\t<meta name=\"twitter:data1\" content=\"3 minuty\" \/>\n<script type=\"application\/ld+json\" class=\"yoast-schema-graph\">{\"@context\":\"https:\/\/schema.org\",\"@graph\":[{\"@type\":\"WebPage\",\"@id\":\"https:\/\/vapeenjoy.com\/product\/airmez-fox-80000-80k-puffs-2-in-1-flavors-disposable-vape-30ml-2-nicotine\/\",\"url\":\"https:\/\/vapeenjoy.com\/product\/airmez-fox-80000-80k-puffs-2-in-1-flavors-disposable-vape-30ml-2-nicotine\/\",\"name\":\"Airmez FOX 80000 Puffs 2 IN 1 Flavors Disposable Vape\",\"isPartOf\":{\"@id\":\"https:\/\/vapeenjoy.com\/#website\"},\"primaryImageOfPage\":{\"@id\":\"https:\/\/vapeenjoy.com\/product\/airmez-fox-80000-80k-puffs-2-in-1-flavors-disposable-vape-30ml-2-nicotine\/#primaryimage\"},\"image\":{\"@id\":\"https:\/\/vapeenjoy.com\/product\/airmez-fox-80000-80k-puffs-2-in-1-flavors-disposable-vape-30ml-2-nicotine\/#primaryimage\"},\"thumbnailUrl\":\"https:\/\/vapeenjoy.com\/wp-content\/uploads\/2025\/09\/vapeenjoy-airmez-2-in-1-80000-puffs.avif\",\"datePublished\":\"2025-09-15T09:09:10+00:00\",\"dateModified\":\"2025-10-23T03:42:55+00:00\",\"description\":\"Airmez FOX 80000 Disposable Vape offers 80K puffs, 30ML e-liquid, mesh coil, Type-C charging, and a 650mAh battery for lasting performance.\",\"breadcrumb\":{\"@id\":\"https:\/\/vapeenjoy.com\/product\/airmez-fox-80000-80k-puffs-2-in-1-flavors-disposable-vape-30ml-2-nicotine\/#breadcrumb\"},\"inLanguage\":\"pl-PL\",\"potentialAction\":[{\"@type\":\"ReadAction\",\"target\":[\"https:\/\/vapeenjoy.com\/product\/airmez-fox-80000-80k-puffs-2-in-1-flavors-disposable-vape-30ml-2-nicotine\/\"]}]},{\"@type\":\"ImageObject\",\"inLanguage\":\"pl-PL\",\"@id\":\"https:\/\/vapeenjoy.com\/product\/airmez-fox-80000-80k-puffs-2-in-1-flavors-disposable-vape-30ml-2-nicotine\/#primaryimage\",\"url\":\"https:\/\/vapeenjoy.com\/wp-content\/uploads\/2025\/09\/vapeenjoy-airmez-2-in-1-80000-puffs.avif\",\"contentUrl\":\"https:\/\/vapeenjoy.com\/wp-content\/uploads\/2025\/09\/vapeenjoy-airmez-2-in-1-80000-puffs.avif\",\"width\":2480,\"height\":2480,\"caption\":\"vapeenjoy airmez 2-in-1 80000 puffs Disposable vape\"},{\"@type\":\"BreadcrumbList\",\"@id\":\"https:\/\/vapeenjoy.com\/product\/airmez-fox-80000-80k-puffs-2-in-1-flavors-disposable-vape-30ml-2-nicotine\/#breadcrumb\",\"itemListElement\":[{\"@type\":\"ListItem\",\"position\":1,\"name\":\"Home\",\"item\":\"https:\/\/vapeenjoy.com\/\"},{\"@type\":\"ListItem\",\"position\":2,\"name\":\"Shop\",\"item\":\"https:\/\/vapeenjoy.com\/vapeenjoy-shop\/\"},{\"@type\":\"ListItem\",\"position\":3,\"name\":\"Airmez Fox 80000 80K Puffs 2 IN 1 Flavors Disposable Vape 30ML 2% Nicotine\"}]},{\"@type\":\"WebSite\",\"@id\":\"https:\/\/vapeenjoy.com\/#website\",\"url\":\"https:\/\/vapeenjoy.com\/\",\"name\":\"vapeenjoy\",\"description\":\"An online store for selling vapes\",\"potentialAction\":[{\"@type\":\"SearchAction\",\"target\":{\"@type\":\"EntryPoint\",\"urlTemplate\":\"https:\/\/vapeenjoy.com\/?s={search_term_string}\"},\"query-input\":{\"@type\":\"PropertyValueSpecification\",\"valueRequired\":true,\"valueName\":\"search_term_string\"}}],\"inLanguage\":\"pl-PL\"}]}<\/script>\n<!-- \/ Yoast SEO plugin. -->","yoast_head_json":{"title":"Airmez Fox 80000 Puffs 2 w 1 jednorazowe wapory","description":"Jednorazowe vape AirMez Fox 80000 oferuje 80-karatowe dmuchawki, 30 ml e-liquidu, cewk\u0119 z siatki, \u0142adowanie typu C i bateri\u0119 650 mAh, zapewniaj\u0105c\u0105 trwa\u0142o\u015b\u0107.","robots":{"index":"index","follow":"follow","max-snippet":"max-snippet:-1","max-image-preview":"max-image-preview:large","max-video-preview":"max-video-preview:-1"},"canonical":"https:\/\/vapeenjoy.com\/pl\/produkt\/airmez-fox-80000-80k-puffy-2-w-1-smaki-jednorazowe-vape-30ml-2-nikotyna\/","og_locale":"pl_PL","og_type":"article","og_title":"Airmez FOX 80000 Puffs 2 IN 1 Flavors Disposable Vape","og_description":"Airmez FOX 80000 Disposable Vape offers 80K puffs, 30ML e-liquid, mesh coil, Type-C charging, and a 650mAh battery for lasting performance.","og_url":"https:\/\/vapeenjoy.com\/pl\/produkt\/airmez-fox-80000-80k-puffy-2-w-1-smaki-jednorazowe-vape-30ml-2-nikotyna\/","og_site_name":"vapeenjoy","article_modified_time":"2025-10-23T03:42:55+00:00","og_image":[{"width":2480,"height":2480,"url":"https:\/\/vapeenjoy.com\/wp-content\/uploads\/2025\/09\/vapeenjoy-airmez-2-in-1-80000-puffs.avif","type":"image\/webp"}],"twitter_card":"summary_large_image","twitter_misc":{"Szacowany czas czytania":"3 minuty"},"schema":{"@context":"https:\/\/schema.org","@graph":[{"@type":"WebPage","@id":"https:\/\/vapeenjoy.com\/product\/airmez-fox-80000-80k-puffs-2-in-1-flavors-disposable-vape-30ml-2-nicotine\/","url":"https:\/\/vapeenjoy.com\/product\/airmez-fox-80000-80k-puffs-2-in-1-flavors-disposable-vape-30ml-2-nicotine\/","name":"Airmez Fox 80000 Puffs 2 w 1 jednorazowe wapory","isPartOf":{"@id":"https:\/\/vapeenjoy.com\/#website"},"primaryImageOfPage":{"@id":"https:\/\/vapeenjoy.com\/product\/airmez-fox-80000-80k-puffs-2-in-1-flavors-disposable-vape-30ml-2-nicotine\/#primaryimage"},"image":{"@id":"https:\/\/vapeenjoy.com\/product\/airmez-fox-80000-80k-puffs-2-in-1-flavors-disposable-vape-30ml-2-nicotine\/#primaryimage"},"thumbnailUrl":"https:\/\/vapeenjoy.com\/wp-content\/uploads\/2025\/09\/vapeenjoy-airmez-2-in-1-80000-puffs.avif","datePublished":"2025-09-15T09:09:10+00:00","dateModified":"2025-10-23T03:42:55+00:00","description":"Jednorazowe vape AirMez Fox 80000 oferuje 80-karatowe dmuchawki, 30 ml e-liquidu, cewk\u0119 z siatki, \u0142adowanie typu C i bateri\u0119 650 mAh, zapewniaj\u0105c\u0105 trwa\u0142o\u015b\u0107.","breadcrumb":{"@id":"https:\/\/vapeenjoy.com\/product\/airmez-fox-80000-80k-puffs-2-in-1-flavors-disposable-vape-30ml-2-nicotine\/#breadcrumb"},"inLanguage":"pl-PL","potentialAction":[{"@type":"ReadAction","target":["https:\/\/vapeenjoy.com\/product\/airmez-fox-80000-80k-puffs-2-in-1-flavors-disposable-vape-30ml-2-nicotine\/"]}]},{"@type":"ImageObject","inLanguage":"pl-PL","@id":"https:\/\/vapeenjoy.com\/product\/airmez-fox-80000-80k-puffs-2-in-1-flavors-disposable-vape-30ml-2-nicotine\/#primaryimage","url":"https:\/\/vapeenjoy.com\/wp-content\/uploads\/2025\/09\/vapeenjoy-airmez-2-in-1-80000-puffs.avif","contentUrl":"https:\/\/vapeenjoy.com\/wp-content\/uploads\/2025\/09\/vapeenjoy-airmez-2-in-1-80000-puffs.avif","width":2480,"height":2480,"caption":"vapeenjoy airmez 2-in-1 80000 puffs Disposable vape"},{"@type":"BreadcrumbList","@id":"https:\/\/vapeenjoy.com\/product\/airmez-fox-80000-80k-puffs-2-in-1-flavors-disposable-vape-30ml-2-nicotine\/#breadcrumb","itemListElement":[{"@type":"ListItem","position":1,"name":"Home","item":"https:\/\/vapeenjoy.com\/"},{"@type":"ListItem","position":2,"name":"Shop","item":"https:\/\/vapeenjoy.com\/vapeenjoy-shop\/"},{"@type":"ListItem","position":3,"name":"Airmez Fox 80000 80K Puffs 2 IN 1 Flavors Disposable Vape 30ML 2% Nicotine"}]},{"@type":"WebSite","@id":"https:\/\/vapeenjoy.com\/#website","url":"https:\/\/vapeenjoy.com\/","name":"skutkowaty","description":"Sklep internetowy do sprzeda\u017cy vapes","potentialAction":[{"@type":"SearchAction","target":{"@type":"EntryPoint","urlTemplate":"https:\/\/vapeenjoy.com\/?s={search_term_string}"},"query-input":{"@type":"PropertyValueSpecification","valueRequired":true,"valueName":"search_term_string"}}],"inLanguage":"pl-PL"}]}},"_links":{"self":[{"href":"https:\/\/vapeenjoy.com\/pl\/wp-json\/wp\/v2\/product\/2929","targetHints":{"allow":["GET"]}}],"collection":[{"href":"https:\/\/vapeenjoy.com\/pl\/wp-json\/wp\/v2\/product"}],"about":[{"href":"https:\/\/vapeenjoy.com\/pl\/wp-json\/wp\/v2\/types\/product"}],"replies":[{"embeddable":true,"href":"https:\/\/vapeenjoy.com\/pl\/wp-json\/wp\/v2\/comments?post=2929"}],"version-history":[{"count":3,"href":"https:\/\/vapeenjoy.com\/pl\/wp-json\/wp\/v2\/product\/2929\/revisions"}],"predecessor-version":[{"id":3120,"href":"https:\/\/vapeenjoy.com\/pl\/wp-json\/wp\/v2\/product\/2929\/revisions\/3120"}],"wp:featuredmedia":[{"embeddable":true,"href":"https:\/\/vapeenjoy.com\/pl\/wp-json\/wp\/v2\/media\/2936"}],"wp:attachment":[{"href":"https:\/\/vapeenjoy.com\/pl\/wp-json\/wp\/v2\/media?parent=2929"}],"wp:term":[{"taxonomy":"product_brand","embeddable":true,"href":"https:\/\/vapeenjoy.com\/pl\/wp-json\/wp\/v2\/product_brand?post=2929"},{"taxonomy":"product_cat","embeddable":true,"href":"https:\/\/vapeenjoy.com\/pl\/wp-json\/wp\/v2\/product_cat?post=2929"},{"taxonomy":"product_tag","embeddable":true,"href":"https:\/\/vapeenjoy.com\/pl\/wp-json\/wp\/v2\/product_tag?post=2929"}],"curies":[{"name":"wp","href":"https:\/\/api.w.org\/{rel}","templated":true}]}}