{"id":2956,"date":"2025-09-17T07:23:04","date_gmt":"2025-09-17T07:23:04","guid":{"rendered":"https:\/\/vapeenjoy.com\/?post_type=product&#038;p=2956"},"modified":"2026-01-17T03:21:35","modified_gmt":"2026-01-17T03:21:35","slug":"airmez-fox-120k-puffs-4-in-1-flavors-disposable-vape-60ml-e-liquid","status":"publish","type":"product","link":"https:\/\/vapeenjoy.com\/pl\/produkt\/airmez-fox-120k-puffs-4-w-1-smaki-jednorazowe-vape-60ml-e-liquid\/","title":{"rendered":"Airmez Fox 120K Big Puff jednorazowy waporyzator 60ml e-liquid 2% Nikotyna 4 w 1 smak\u00f3w"},"content":{"rendered":"<h2>Airmez Fox 120k Puffs 4 w 1 Smaki Jednorazowe waporyzator<\/h2>\n<p>Airmez jest niezawodn\u0105 nazw\u0105 w \u015bwiecie wapowania, znanym z tworzenia urz\u0105dze\u0144, kt\u00f3re z codzienn\u0105 \u0142atwo\u015bci\u0105 \u0142\u0105cz\u0105 innowacje. Podczas eksploracji opcji, Airmez Fox 120K Puffs 4 w 1 smakuje jednorazowe waporyzator jako praktyczny wyb\u00f3r. To urz\u0105dzenie zawiera 60 ml e-liquidu i 21 TP3T nikotyny, gotowej do 120 000 zaci\u0105gni\u0119\u0107 w czterech r\u00f3\u017cnych smakach. Co wi\u0119cej, jego kompaktowa konstrukcja idealnie le\u017cy w d\u0142oni, a przezroczysty wy\u015bwietlacz LED informuje o poziomie na\u0142adowania baterii i zaci\u0105gni\u0119\u0107. Dzi\u0119ki prostemu skr\u0119towi ustnika zmiana smak\u00f3w staje si\u0119 bezwysi\u0142kowa, dzi\u0119ki czemu mo\u017cesz cieszy\u0107 si\u0119 r\u00f3\u017cnorodno\u015bci\u0105 bez k\u0142opot\u00f3w.<\/p>\n<h2>Specyfikacje produktu<\/h2>\n<p>Tutaj szczeg\u00f3\u0142owo opisujemy kluczowe funkcje, kt\u00f3re sprawiaj\u0105, \u017ce ten vape jest niezawodny i przyjazny dla u\u017cytkownika. Ka\u017cdy z nich przyczynia si\u0119 do p\u0142ynnego, sp\u00f3jnego losowania za ka\u017cdym razem.<\/p>\n<p>\u2022 <strong>Liczba zaci\u0105gni\u0119\u0107: 120 000 zaci\u0105gni\u0119\u0107<\/strong> \u2013 Ta du\u017ca pojemno\u015b\u0107 oznacza d\u0142u\u017csze sesje mi\u0119dzy wk\u0142adami lub zamiennikami, idealne do codziennego u\u017cytku.<br \/>\n\u2022 <strong>Pojemno\u015b\u0107 e-liquid\u00f3w: 60 ml<\/strong> \u2013 Podzielony na cztery zbiorniki o pojemno\u015bci 15 ml, obs\u0142uguje rozszerzone opcje smakowe bez szybkiego schni\u0119cia.<br \/>\n\u2022 <strong>Si\u0142a nikotyny: 2%<\/strong> \u2013 Zr\u00f3wnowa\u017cony poziom, kt\u00f3ry zapewnia satysfakcj\u0119, przy jednoczesnym utrzymaniu umiarkowanych rzeczy dla zwyk\u0142ych vaper\u00f3w.<br \/>\n\u2022 <strong>Bateria: 650 mAh akumulator<\/strong> \u2013 Wydajne zasilanie urz\u0105dzenia, \u0142adowanie typu C w celu szybkiego do\u0142adowania w razie potrzeby.<br \/>\n\u2022 <strong>Cewka: cewka siatka 1,0\u03a9<\/strong> \u2013 Poprawia dostarczanie smaku i produkcj\u0119 pary, aby uzyska\u0107 pe\u0142niejsze przyci\u0105ganie.<br \/>\n\u2022 <strong>Wy\u015bwietlacz: ekran LED<\/strong> \u2013 Pokazuje informacje w czasie rzeczywistym na temat baterii, zaci\u0105gni\u0119\u0107 i aktywnego smaku, pomagaj\u0105c zachowa\u0107 kontrol\u0119.<\/p>\n<h2>Po\u0142\u0105czenie smak\u00f3w jag\u00f3d i cytrus\u00f3w<\/h2>\n<p>Te pi\u0119\u0107 zestaw\u00f3w koncentruje si\u0119 na \u017cywych jagodach i pikantnych cytrusach, oferuj\u0105c orze\u017awiaj\u0105ce i odwa\u017cne rotacje w r\u00f3\u017cnych momentach.<\/p>\n<p>1. <strong>Truskawka Malina, Truskawka Kiwi, Truskawkowy L\u00f3d, Brzoskwiniowy Mango Arbuz<\/strong> \u2013 Soczyste nuty jag\u00f3d mieszaj\u0105 si\u0119 z tropikaln\u0105 s\u0142odycz\u0105.<br \/>\n2. <strong>Lodowy arbuz, truskawkowy arbuz, malinowy arbuz, jagodowy malina<\/strong> \u2013 Cool Melon Vibes miesza si\u0119 z jagodowym posmakiem.<br \/>\n3. <strong>R\u00f3\u017cowa lemoniada, poca\u0142unek nami\u0119tny, mieszane jagody, potr\u00f3jna jagoda<\/strong> \u2013 Pary cytrusowe zing z g\u0142\u0119bi\u0105 jag\u00f3d.<br \/>\n4. <strong>Wi\u015bnia, mi\u0142o\u015b\u0107 66, jagoda lemoniada, l\u00f3d winogronowy<\/strong> \u2013 Tarta wi\u015bnia prowadzi do g\u0142adkiego ch\u0142\u00f3d winogron.<br \/>\n5. <strong>Czerwone mojito, mi\u0142o\u015b\u0107 66, mieszane jagody, truskawkowy arbuz<\/strong> \u2013 Mi\u0119towe czerwone nuty od\u015bwie\u017caj\u0105 z jagodowo-melonow\u0105 harmoni\u0105.<\/p>\n<h2>Kombinacje smakowe tropikalne i lodowe<\/h2>\n<p>Te pi\u0119\u0107 zestaw\u00f3w przynosi egzotyczne owoce i lodowate ch\u0142ody, idealne na s\u0142oneczn\u0105 lub sch\u0142odzon\u0105 atmosfer\u0119 z ka\u017cdym zaci\u0105gni\u0119ciem.<\/p>\n<p>6. <strong>Brzoskwinia mango, owoce tropikalne, l\u00f3d brzoskwiniowy, ananas z kwa\u015bnego mango<\/strong> \u2013 Egzotyczne owoce \u0142\u0105cz\u0105 si\u0119 w pikantnej kolekcji.<br \/>\n7. <strong>L\u00f3d winogronowy, mi\u0142o\u015b\u0107 66, jagoda na lodzie, l\u00f3d smoka owoc\u00f3w<\/strong> \u2013 Icy Grape i jagody dreszcze z egzotyczn\u0105 kraw\u0119dzi\u0105.<br \/>\n8. <strong>Love 66, wi\u015bnia, jagoda na lodzie, kiwi marakuja guawa<\/strong> \u2013 Cherry Ciep\u0142o spotyka si\u0119 z tropikaln\u0105 guaw\u0105 Kiwi.<br \/>\n9. <strong>Brzoskwiniowy l\u00f3d, r\u00f3\u017cowa lemoniada, l\u00f3d arbuzowy, dr blue<\/strong> \u2013 Ch\u0142odnica brzoskwiniowa przenika do jag\u00f3d b\u0142\u0119kitny.<br \/>\n10. <strong>Arbuz brzoskwiniowy, wi\u015bnia jagodowa, owoc smoka arbuza, poca\u0142unek nami\u0119tny<\/strong> \u2013 Owoce pestkowe mieszaj\u0105 si\u0119 z pasj\u0105 ze smoczych owoc\u00f3w.<\/p>\n<h2>Cz\u0119sto zadawane pytania<\/h2>\n<p>1. Co sprawia, \u017ce system smakowy 4 w 1 jest wyj\u0105tkowy?<\/p>\n<p>Ta konfiguracja obejmuje cztery oddzielne zbiorniki, umo\u017cliwiaj\u0105c \u0142atwe prze\u0142\u0105czniki poprzez skr\u0119canie ustnika, aby uzyska\u0107 r\u00f3\u017cnorodno\u015b\u0107 na \u017c\u0105danie.<\/p>\n<p>2 . Jak na\u0142adowa\u0107 bateri\u0119?<\/p>\n<p>Wystarczy pod\u0142\u0105czy\u0107 kabel typu C do portu; \u0142aduje si\u0119 ca\u0142kowicie w oko\u0142o 30 minut, aby kontynuowa\u0107 prac\u0119.<\/p>\n<p>3. Czy urz\u0105dzenie jest aktywowane losowaniem?<\/p>\n<p>Tak, aktywuje si\u0119 delikatnym wdechem, zapewniaj\u0105c natychmiastow\u0105 par\u0119 bez guzik\u00f3w.<\/p>\n<p>4. Jak mog\u0119 wybra\u0107 kombinacj\u0119 smak\u00f3w, kt\u00f3ra mi odpowiada?<\/p>\n<p>Zacznij od ulubionych owoc\u00f3w lub jag\u00f3d, a nast\u0119pnie wypr\u00f3buj zestaw, kt\u00f3ry miesza te elementy; na przyk\u0142ad, je\u015bli lubisz cytrusy, wybierz jeden z lemoniad\u0105 lub nutami pasji, aby dopasowa\u0107 si\u0119 do swoich preferencji.<\/p>\n<p>5. Co je\u015bli jeden smak wyczerpie si\u0119 przed innymi?<\/p>\n<p>Ekran LED \u015bledzi poziomy, dzi\u0119ki czemu mo\u017cesz skupi\u0107 si\u0119 na pozosta\u0142ych zbiornikach, a\u017c wszystkie si\u0119 wyczerpi\u0105.<\/p>\n<p>6. Czy mog\u0119 dostosowa\u0107 przep\u0142yw powietrza?<\/p>\n<p>Sta\u0142a konstrukcja zapewnia sp\u00f3jne naci\u0105gni\u0119cia, zoptymalizowane pod k\u0105tem wydajno\u015bci cewki siatkowej.<\/p>\n<p>7 7 . Sk\u0105d mam wiedzie\u0107, kiedy go pozby\u0107 si\u0119?<\/p>\n<p>Gdy wszystkie zbiorniki s\u0105 roz\u0142adowane, a bateria jest s\u0142aba, poddaj j\u0105 odpowiedzialnie jako jednostk\u0119 jednorazow\u0105.<\/p>\n<p><img fetchpriority=\"high\" decoding=\"async\" class=\"alignnone wp-image-2963 size-full\" src=\"https:\/\/vapeenjoy.com\/wp-content\/uploads\/2025\/09\/Airmez-Fox-120K-Puffs-4-in-1-Flavors-Disposable-Vape-60ML-E-liquid-2-Nicotine-Flavors.avif\" alt=\"Airmez Fox 120K Puffs 4 w 1 smaki jednorazowe vape 60ml e-liquid 2% nikotyny smaki\" width=\"1810\" height=\"2560\" srcset=\"https:\/\/vapeenjoy.com\/wp-content\/uploads\/2025\/09\/Airmez-Fox-120K-Puffs-4-in-1-Flavors-Disposable-Vape-60ML-E-liquid-2-Nicotine-Flavors.avif 1810w, https:\/\/vapeenjoy.com\/wp-content\/uploads\/2025\/09\/Airmez-Fox-120K-Puffs-4-in-1-Flavors-Disposable-Vape-60ML-E-liquid-2-Nicotine-Flavors-212x300.avif 212w, https:\/\/vapeenjoy.com\/wp-content\/uploads\/2025\/09\/Airmez-Fox-120K-Puffs-4-in-1-Flavors-Disposable-Vape-60ML-E-liquid-2-Nicotine-Flavors-724x1024.avif 724w, https:\/\/vapeenjoy.com\/wp-content\/uploads\/2025\/09\/Airmez-Fox-120K-Puffs-4-in-1-Flavors-Disposable-Vape-60ML-E-liquid-2-Nicotine-Flavors-768x1086.avif 768w, https:\/\/vapeenjoy.com\/wp-content\/uploads\/2025\/09\/Airmez-Fox-120K-Puffs-4-in-1-Flavors-Disposable-Vape-60ML-E-liquid-2-Nicotine-Flavors-1086x1536.avif 1086w, https:\/\/vapeenjoy.com\/wp-content\/uploads\/2025\/09\/Airmez-Fox-120K-Puffs-4-in-1-Flavors-Disposable-Vape-60ML-E-liquid-2-Nicotine-Flavors-1448x2048.avif 1448w, https:\/\/vapeenjoy.com\/wp-content\/uploads\/2025\/09\/Airmez-Fox-120K-Puffs-4-in-1-Flavors-Disposable-Vape-60ML-E-liquid-2-Nicotine-Flavors-8x12.avif 8w, https:\/\/vapeenjoy.com\/wp-content\/uploads\/2025\/09\/Airmez-Fox-120K-Puffs-4-in-1-Flavors-Disposable-Vape-60ML-E-liquid-2-Nicotine-Flavors-1200x1697.avif 1200w, https:\/\/vapeenjoy.com\/wp-content\/uploads\/2025\/09\/Airmez-Fox-120K-Puffs-4-in-1-Flavors-Disposable-Vape-60ML-E-liquid-2-Nicotine-Flavors-150x212.avif 150w\" sizes=\"(max-width: 1810px) 100vw, 1810px\" \/><\/p>","protected":false},"excerpt":{"rendered":"<p dir=\"ltr\" data-pm-slice=\"1 1 []\">Airmez, zaufana nazwa w Vaping, zapewnia jako\u015b\u0107 i innowacyjno\u015b\u0107. Jednorazowe waporyzatory Airmez Fox 120K Puffs 4 w 1 oferuj\u0105 60 ml e-liquidu, nikotyn\u0119 2% i do 120 000 puff\u00f3w w czterech smakach. Dzi\u0119ki akumulatorowi 650 mAh, cewce oczkowej 1,0\u03a9 i wy\u015bwietlaczowi LED zapewnia trwa\u0142e u\u017cytkowanie i \u0142atwe prze\u0142\u0105czniki smakowe.<\/p>","protected":false},"featured_media":2960,"comment_status":"open","ping_status":"closed","template":"","meta":[],"product_brand":[229],"product_cat":[218],"product_tag":[85,217,63],"class_list":{"0":"post-2956","1":"product","2":"type-product","3":"status-publish","4":"has-post-thumbnail","6":"product_brand-airmez","7":"product_cat-120k-puffs","8":"product_tag-2-nicotine","9":"product_tag-4-in-1-flavors","10":"product_tag-60ml","12":"first","13":"instock","14":"sale","15":"shipping-taxable","16":"purchasable","17":"product-type-variable"},"yoast_head":"<!-- This site is optimized with the Yoast SEO plugin v25.7 - https:\/\/yoast.com\/wordpress\/plugins\/seo\/ -->\n<title>Airmez Fox 120K Puffs 4 in 1 Flavors Disposable Vape 60ML<\/title>\n<meta name=\"description\" content=\"Airmez delivers the Fox 120K Puffs 4 in 1 Disposable Vape with 60ml e-liquid, 2% nicotine, and 120,000 puffs. Enjoy four flavors, a 650mAh battery.\" \/>\n<meta name=\"robots\" content=\"index, follow, max-snippet:-1, max-image-preview:large, max-video-preview:-1\" \/>\n<link rel=\"canonical\" href=\"https:\/\/vapeenjoy.com\/pl\/produkt\/airmez-fox-120k-puffs-4-w-1-smaki-jednorazowe-vape-60ml-e-liquid\/\" \/>\n<meta property=\"og:locale\" content=\"pl_PL\" \/>\n<meta property=\"og:type\" content=\"article\" \/>\n<meta property=\"og:title\" content=\"Airmez Fox 120K Puffs 4 in 1 Flavors Disposable Vape 60ML\" \/>\n<meta property=\"og:description\" content=\"Airmez delivers the Fox 120K Puffs 4 in 1 Disposable Vape with 60ml e-liquid, 2% nicotine, and 120,000 puffs. Enjoy four flavors, a 650mAh battery.\" \/>\n<meta property=\"og:url\" content=\"https:\/\/vapeenjoy.com\/pl\/produkt\/airmez-fox-120k-puffs-4-w-1-smaki-jednorazowe-vape-60ml-e-liquid\/\" \/>\n<meta property=\"og:site_name\" content=\"vapeenjoy\" \/>\n<meta property=\"article:modified_time\" content=\"2026-01-17T03:21:35+00:00\" \/>\n<meta property=\"og:image\" content=\"https:\/\/vapeenjoy.com\/wp-content\/uploads\/2025\/09\/Airmez-Fox-120K-Puffs-4-in-1-Flavors-Disposable-Vape-60ML-E-liquid-2-Nicotine.avif\" \/>\n\t<meta property=\"og:image:width\" content=\"2480\" \/>\n\t<meta property=\"og:image:height\" content=\"2480\" \/>\n\t<meta property=\"og:image:type\" content=\"image\/png\" \/>\n<meta name=\"twitter:card\" content=\"summary_large_image\" \/>\n<meta name=\"twitter:label1\" content=\"Szacowany czas czytania\" \/>\n\t<meta name=\"twitter:data1\" content=\"4 minuty\" \/>\n<script type=\"application\/ld+json\" class=\"yoast-schema-graph\">{\"@context\":\"https:\/\/schema.org\",\"@graph\":[{\"@type\":\"WebPage\",\"@id\":\"https:\/\/vapeenjoy.com\/product\/airmez-fox-120k-puffs-4-in-1-flavors-disposable-vape-60ml-e-liquid\/\",\"url\":\"https:\/\/vapeenjoy.com\/product\/airmez-fox-120k-puffs-4-in-1-flavors-disposable-vape-60ml-e-liquid\/\",\"name\":\"Airmez Fox 120K Puffs 4 in 1 Flavors Disposable Vape 60ML\",\"isPartOf\":{\"@id\":\"https:\/\/vapeenjoy.com\/#website\"},\"primaryImageOfPage\":{\"@id\":\"https:\/\/vapeenjoy.com\/product\/airmez-fox-120k-puffs-4-in-1-flavors-disposable-vape-60ml-e-liquid\/#primaryimage\"},\"image\":{\"@id\":\"https:\/\/vapeenjoy.com\/product\/airmez-fox-120k-puffs-4-in-1-flavors-disposable-vape-60ml-e-liquid\/#primaryimage\"},\"thumbnailUrl\":\"https:\/\/vapeenjoy.com\/wp-content\/uploads\/2025\/09\/Airmez-Fox-120K-Puffs-4-in-1-Flavors-Disposable-Vape-60ML-E-liquid-2-Nicotine.avif\",\"datePublished\":\"2025-09-17T07:23:04+00:00\",\"dateModified\":\"2026-01-17T03:21:35+00:00\",\"description\":\"Airmez delivers the Fox 120K Puffs 4 in 1 Disposable Vape with 60ml e-liquid, 2% nicotine, and 120,000 puffs. Enjoy four flavors, a 650mAh battery.\",\"breadcrumb\":{\"@id\":\"https:\/\/vapeenjoy.com\/product\/airmez-fox-120k-puffs-4-in-1-flavors-disposable-vape-60ml-e-liquid\/#breadcrumb\"},\"inLanguage\":\"pl-PL\",\"potentialAction\":[{\"@type\":\"ReadAction\",\"target\":[\"https:\/\/vapeenjoy.com\/product\/airmez-fox-120k-puffs-4-in-1-flavors-disposable-vape-60ml-e-liquid\/\"]}]},{\"@type\":\"ImageObject\",\"inLanguage\":\"pl-PL\",\"@id\":\"https:\/\/vapeenjoy.com\/product\/airmez-fox-120k-puffs-4-in-1-flavors-disposable-vape-60ml-e-liquid\/#primaryimage\",\"url\":\"https:\/\/vapeenjoy.com\/wp-content\/uploads\/2025\/09\/Airmez-Fox-120K-Puffs-4-in-1-Flavors-Disposable-Vape-60ML-E-liquid-2-Nicotine.avif\",\"contentUrl\":\"https:\/\/vapeenjoy.com\/wp-content\/uploads\/2025\/09\/Airmez-Fox-120K-Puffs-4-in-1-Flavors-Disposable-Vape-60ML-E-liquid-2-Nicotine.avif\",\"width\":2480,\"height\":2480,\"caption\":\"Airmez Fox 120K Puffs 4 in 1 Flavors Disposable Vape 60ML E-liquid 2% Nicotine\"},{\"@type\":\"BreadcrumbList\",\"@id\":\"https:\/\/vapeenjoy.com\/product\/airmez-fox-120k-puffs-4-in-1-flavors-disposable-vape-60ml-e-liquid\/#breadcrumb\",\"itemListElement\":[{\"@type\":\"ListItem\",\"position\":1,\"name\":\"Home\",\"item\":\"https:\/\/vapeenjoy.com\/\"},{\"@type\":\"ListItem\",\"position\":2,\"name\":\"Shop\",\"item\":\"https:\/\/vapeenjoy.com\/vapeenjoy-shop\/\"},{\"@type\":\"ListItem\",\"position\":3,\"name\":\"Airmez Fox 120K Big Puff Disposable Vape 60ML E-liquid 2% Nicotine 4 in 1 Flavors\"}]},{\"@type\":\"WebSite\",\"@id\":\"https:\/\/vapeenjoy.com\/#website\",\"url\":\"https:\/\/vapeenjoy.com\/\",\"name\":\"vapeenjoy\",\"description\":\"An online store for selling vapes\",\"potentialAction\":[{\"@type\":\"SearchAction\",\"target\":{\"@type\":\"EntryPoint\",\"urlTemplate\":\"https:\/\/vapeenjoy.com\/?s={search_term_string}\"},\"query-input\":{\"@type\":\"PropertyValueSpecification\",\"valueRequired\":true,\"valueName\":\"search_term_string\"}}],\"inLanguage\":\"pl-PL\"}]}<\/script>\n<!-- \/ Yoast SEO plugin. -->","yoast_head_json":{"title":"Airmez Fox 120K Puffs 4 w 1 Smaki Jednorazowe Vape 60ml","description":"AirMez dostarcza jednorazowe wapory\u017ce FOX 120K Puffs 4 w 1 z 60 ml e-liquidu, nikotyn\u0105 2% i 120 000 PUFFS. Ciesz si\u0119 czterema smakami, bateri\u0105 650 mAh.","robots":{"index":"index","follow":"follow","max-snippet":"max-snippet:-1","max-image-preview":"max-image-preview:large","max-video-preview":"max-video-preview:-1"},"canonical":"https:\/\/vapeenjoy.com\/pl\/produkt\/airmez-fox-120k-puffs-4-w-1-smaki-jednorazowe-vape-60ml-e-liquid\/","og_locale":"pl_PL","og_type":"article","og_title":"Airmez Fox 120K Puffs 4 in 1 Flavors Disposable Vape 60ML","og_description":"Airmez delivers the Fox 120K Puffs 4 in 1 Disposable Vape with 60ml e-liquid, 2% nicotine, and 120,000 puffs. Enjoy four flavors, a 650mAh battery.","og_url":"https:\/\/vapeenjoy.com\/pl\/produkt\/airmez-fox-120k-puffs-4-w-1-smaki-jednorazowe-vape-60ml-e-liquid\/","og_site_name":"vapeenjoy","article_modified_time":"2026-01-17T03:21:35+00:00","og_image":[{"width":2480,"height":2480,"url":"https:\/\/vapeenjoy.com\/wp-content\/uploads\/2025\/09\/Airmez-Fox-120K-Puffs-4-in-1-Flavors-Disposable-Vape-60ML-E-liquid-2-Nicotine.avif","type":"image\/png"}],"twitter_card":"summary_large_image","twitter_misc":{"Szacowany czas czytania":"4 minuty"},"schema":{"@context":"https:\/\/schema.org","@graph":[{"@type":"WebPage","@id":"https:\/\/vapeenjoy.com\/product\/airmez-fox-120k-puffs-4-in-1-flavors-disposable-vape-60ml-e-liquid\/","url":"https:\/\/vapeenjoy.com\/product\/airmez-fox-120k-puffs-4-in-1-flavors-disposable-vape-60ml-e-liquid\/","name":"Airmez Fox 120K Puffs 4 w 1 Smaki Jednorazowe Vape 60ml","isPartOf":{"@id":"https:\/\/vapeenjoy.com\/#website"},"primaryImageOfPage":{"@id":"https:\/\/vapeenjoy.com\/product\/airmez-fox-120k-puffs-4-in-1-flavors-disposable-vape-60ml-e-liquid\/#primaryimage"},"image":{"@id":"https:\/\/vapeenjoy.com\/product\/airmez-fox-120k-puffs-4-in-1-flavors-disposable-vape-60ml-e-liquid\/#primaryimage"},"thumbnailUrl":"https:\/\/vapeenjoy.com\/wp-content\/uploads\/2025\/09\/Airmez-Fox-120K-Puffs-4-in-1-Flavors-Disposable-Vape-60ML-E-liquid-2-Nicotine.avif","datePublished":"2025-09-17T07:23:04+00:00","dateModified":"2026-01-17T03:21:35+00:00","description":"AirMez dostarcza jednorazowe wapory\u017ce FOX 120K Puffs 4 w 1 z 60 ml e-liquidu, nikotyn\u0105 2% i 120 000 PUFFS. Ciesz si\u0119 czterema smakami, bateri\u0105 650 mAh.","breadcrumb":{"@id":"https:\/\/vapeenjoy.com\/product\/airmez-fox-120k-puffs-4-in-1-flavors-disposable-vape-60ml-e-liquid\/#breadcrumb"},"inLanguage":"pl-PL","potentialAction":[{"@type":"ReadAction","target":["https:\/\/vapeenjoy.com\/product\/airmez-fox-120k-puffs-4-in-1-flavors-disposable-vape-60ml-e-liquid\/"]}]},{"@type":"ImageObject","inLanguage":"pl-PL","@id":"https:\/\/vapeenjoy.com\/product\/airmez-fox-120k-puffs-4-in-1-flavors-disposable-vape-60ml-e-liquid\/#primaryimage","url":"https:\/\/vapeenjoy.com\/wp-content\/uploads\/2025\/09\/Airmez-Fox-120K-Puffs-4-in-1-Flavors-Disposable-Vape-60ML-E-liquid-2-Nicotine.avif","contentUrl":"https:\/\/vapeenjoy.com\/wp-content\/uploads\/2025\/09\/Airmez-Fox-120K-Puffs-4-in-1-Flavors-Disposable-Vape-60ML-E-liquid-2-Nicotine.avif","width":2480,"height":2480,"caption":"Airmez Fox 120K Puffs 4 in 1 Flavors Disposable Vape 60ML E-liquid 2% Nicotine"},{"@type":"BreadcrumbList","@id":"https:\/\/vapeenjoy.com\/product\/airmez-fox-120k-puffs-4-in-1-flavors-disposable-vape-60ml-e-liquid\/#breadcrumb","itemListElement":[{"@type":"ListItem","position":1,"name":"Home","item":"https:\/\/vapeenjoy.com\/"},{"@type":"ListItem","position":2,"name":"Shop","item":"https:\/\/vapeenjoy.com\/vapeenjoy-shop\/"},{"@type":"ListItem","position":3,"name":"Airmez Fox 120K Big Puff Disposable Vape 60ML E-liquid 2% Nicotine 4 in 1 Flavors"}]},{"@type":"WebSite","@id":"https:\/\/vapeenjoy.com\/#website","url":"https:\/\/vapeenjoy.com\/","name":"skutkowaty","description":"Sklep internetowy do sprzeda\u017cy vapes","potentialAction":[{"@type":"SearchAction","target":{"@type":"EntryPoint","urlTemplate":"https:\/\/vapeenjoy.com\/?s={search_term_string}"},"query-input":{"@type":"PropertyValueSpecification","valueRequired":true,"valueName":"search_term_string"}}],"inLanguage":"pl-PL"}]}},"_links":{"self":[{"href":"https:\/\/vapeenjoy.com\/pl\/wp-json\/wp\/v2\/product\/2956","targetHints":{"allow":["GET"]}}],"collection":[{"href":"https:\/\/vapeenjoy.com\/pl\/wp-json\/wp\/v2\/product"}],"about":[{"href":"https:\/\/vapeenjoy.com\/pl\/wp-json\/wp\/v2\/types\/product"}],"replies":[{"embeddable":true,"href":"https:\/\/vapeenjoy.com\/pl\/wp-json\/wp\/v2\/comments?post=2956"}],"version-history":[{"count":3,"href":"https:\/\/vapeenjoy.com\/pl\/wp-json\/wp\/v2\/product\/2956\/revisions"}],"predecessor-version":[{"id":3198,"href":"https:\/\/vapeenjoy.com\/pl\/wp-json\/wp\/v2\/product\/2956\/revisions\/3198"}],"wp:featuredmedia":[{"embeddable":true,"href":"https:\/\/vapeenjoy.com\/pl\/wp-json\/wp\/v2\/media\/2960"}],"wp:attachment":[{"href":"https:\/\/vapeenjoy.com\/pl\/wp-json\/wp\/v2\/media?parent=2956"}],"wp:term":[{"taxonomy":"product_brand","embeddable":true,"href":"https:\/\/vapeenjoy.com\/pl\/wp-json\/wp\/v2\/product_brand?post=2956"},{"taxonomy":"product_cat","embeddable":true,"href":"https:\/\/vapeenjoy.com\/pl\/wp-json\/wp\/v2\/product_cat?post=2956"},{"taxonomy":"product_tag","embeddable":true,"href":"https:\/\/vapeenjoy.com\/pl\/wp-json\/wp\/v2\/product_tag?post=2956"}],"curies":[{"name":"wp","href":"https:\/\/api.w.org\/{rel}","templated":true}]}}