{"id":3017,"date":"2025-09-18T10:05:53","date_gmt":"2025-09-18T10:05:53","guid":{"rendered":"https:\/\/vapeenjoy.com\/?post_type=product&#038;p=3017"},"modified":"2026-01-17T03:20:58","modified_gmt":"2026-01-17T03:20:58","slug":"airmez-matrix-30000-30k-puffs-disposable-vape-5-nicotine-gameplay-led-display","status":"publish","type":"product","link":"https:\/\/vapeenjoy.com\/pl\/produkt\/airmez-matrix-30000-30k-puffs-jednorazowe-vape-5-nikotyna-gameplay-wyswietlacz-led\/","title":{"rendered":"Airmez Matrix 30000 30K Puffy jednorazowe Vape 5% nikotyna rozgrywka wy\u015bwietlacz LED"},"content":{"rendered":"<h2>Airmez Matrix 30000 30K Puffy jednorazowe Vape 5% nikotyna rozgrywka wy\u015bwietlacz LED<\/h2>\n<p>Airmez to wiod\u0105ca marka w bran\u017cy vaping, znana z innowacji i zaanga\u017cowania w dostarczanie wysokiej jako\u015bci produkt\u00f3w do waporyzacji. Dzi\u0119ki jednorazowemu vape Matrix 30000 Airmez nadal wyznacza standardy wydajno\u015bci i projektowania. To urz\u0105dzenie nie tylko oferuje d\u0142ugotrwa\u0142e u\u017cytkowanie, ale tak\u017ce ma eleganck\u0105, przyjazn\u0105 dla u\u017cytkownika konstrukcj\u0119, kt\u00f3ra zawiera wy\u015bwietlacz LED. Ten wy\u015bwietlacz pozwala u\u017cytkownikom \u0142atwo sprawdzi\u0107 pozosta\u0142e zaci\u0105gni\u0119cia, co czyni go doskona\u0142ym wyborem dla ka\u017cdego, kto chce zar\u00f3wno wygody, jak i niezawodno\u015bci w swoim waporyzatorze.<\/p>\n<h3>Specyfikacje produktu<\/h3>\n<p>AirMez Matrix 30000 ma niezwyk\u0142\u0105 pojemno\u015b\u0107 30 000 Puffs, dzi\u0119ki czemu u\u017cytkownicy mog\u0105 cieszy\u0107 si\u0119 d\u0142u\u017cszym u\u017cytkowaniem bez konieczno\u015bci cz\u0119stego wymiany. Dodatkowo, si\u0142a nikotyny 5% zapewnia satysfakcjonuj\u0105ce uderzenie dla os\u00f3b poszukuj\u0105cych silniejszej zawarto\u015bci nikotyny. Ponadto wy\u015bwietlacz LED zapewnia wyra\u017any wgl\u0105d w pozosta\u0142e zaci\u0105gni\u0119cia i \u017cywotno\u015b\u0107 baterii, a regulowany przep\u0142yw powietrza pozwala u\u017cytkownikom dostosowa\u0107 wra\u017cenia z waporyzacji pod k\u0105tem optymalnego komfortu i wydajno\u015bci.<\/p>\n<ul>\n<li>\u25c9 Puffy: 30 000 PUFFY<\/li>\n<li>\u25c9 Si\u0142a nikotyny: 5%<\/li>\n<li>\u25c9 Wy\u015bwietlacz LED: wy\u015bwietla \u017cywotno\u015b\u0107 baterii i pozosta\u0142e zaci\u0105gni\u0119cia<\/li>\n<li>\u25c9 Regulowany przep\u0142yw powietrza: konfigurowalne wra\u017cenia z wapowania<\/li>\n<li>\u25c9 Typ: jednorazowe waporyzator<\/li>\n<li>\u25c9 Pakowanie: pakowane indywidualnie<\/li>\n<\/ul>\n<h3>Wyb\u00f3r smaku<\/h3>\n<p>AirMez Matrix 30000 oferuje szerok\u0105 gam\u0119 smak\u00f3w, aby zaspokoi\u0107 r\u00f3\u017cne gusta. Ka\u017cdy smak jest starannie wykonany, aby zapewni\u0107 orze\u017awiaj\u0105ce i przyjemne wra\u017cenia z wapowania. Niezale\u017cnie od tego, czy lubisz owocowe, mi\u0119towe czy odwa\u017cne smaki, to urz\u0105dzenie ma co\u015b dla ka\u017cdego. Poni\u017cej znajdziesz pe\u0142n\u0105 list\u0119 dost\u0119pnych opcji:<\/p>\n<ul>\n<li>1. Ice arbuzowe \u2013 Idealne po\u0142\u0105czenie s\u0142odkiego arbuza z orze\u017awiaj\u0105cym, lodowym wyko\u0144czeniem.<\/li>\n<li>2. Jagoda na lodzie \u2013 s\u0142odkie i pikantne jagody w po\u0142\u0105czeniu z ch\u0142odnym, lodowatym akcentem.<\/li>\n<li>3. Jagoda malina \u2013 zbilansowana mieszanka jag\u00f3d i malin dla owocowej rozkoszy.<\/li>\n<li>4. Truskawkowy l\u00f3d \u2013 s\u0142odki smak truskawek uzupe\u0142niony sch\u0142odzonym, lodowatym doznaniem.<\/li>\n<li>5. L\u00f3d winogronowy \u2013 klasyczny smak winogron z dodatkiem lodowej \u015bwie\u017co\u015bci dla dodatkowej przyjemno\u015bci.<\/li>\n<li>6. Mixed Berry \u2013 \u017cywa mieszanka r\u00f3\u017cnych jag\u00f3d, zapewniaj\u0105ca bogaty i owocowy smak.<\/li>\n<li>7 7 , Smoczy owoc - smak tropikalnego owocu smoka, kt\u00f3ry jest zar\u00f3wno egzotyczny, jak i orze\u017awiaj\u0105cy.<\/li>\n<li>8. Truskawka Kiwi \u2013 idealne po\u0142\u0105czenie soczystych truskawek i pikantnych kiwi.<\/li>\n<li>9. Kiwi Passion Fruit Guava \u2013 tropikalne trio kiwi, marakui i guawy dla nieodpartego smaku.<\/li>\n<li>10. Blue Sour Raspberry \u2013 odwa\u017cne po\u0142\u0105czenie kwa\u015bnej jagody i malin, oferuj\u0105ce s\u0142odko-kwa\u015bne wra\u017cenia.<\/li>\n<li>11. Cherry Cola \u2013 nostalgiczny smak \u0142\u0105cz\u0105cy s\u0142odk\u0105 wi\u015bnia z musuj\u0105cym smakiem coli.<\/li>\n<li>12. Lemon &amp; Lime \u2013 pikantna kombinacja cytryny i limonki dla orze\u017awiaj\u0105cego cytrusowego kopni\u0119cia.<\/li>\n<\/ul>\n<h3>Najcz\u0119\u015bciej zadawane pytania<\/h3>\n<p>1. Jak wybra\u0107 odpowiedni smak dla siebie?<\/p>\n<p>Wybieraj\u0105c smak, powiniene\u015b wzi\u0105\u0107 pod uwag\u0119 swoje osobiste preferencje smakowe. Na przyk\u0142ad, je\u015bli wolisz ch\u0142odne i orze\u017awiaj\u0105ce smaki, spr\u00f3buj lodu z arbuza lub jagody na lodzie. Z drugiej strony, je\u015bli wolisz mieszanki owocowe, mieszane jagody lub kiwi marakuj\u0105 guawa z marakui.<\/p>\n<p>2 . Jak d\u0142ugo trwa vape?<\/p>\n<p>AirMez Matrix 30000 oferuje do 30 000 zaci\u0105gni\u0119\u0107, co oznacza, \u017ce mo\u017cesz cieszy\u0107 si\u0119 d\u0142ugotrwa\u0142ym u\u017cytkowaniem przed wymaganiem wymiany. Jest to idealne rozwi\u0105zanie dla tych, kt\u00f3rzy chc\u0105 mie\u0107 urz\u0105dzenie, kt\u00f3re trwa.<\/p>\n<p>3. Czy ten vape nadaje si\u0119 do d\u0142ugotrwa\u0142ego u\u017cytkowania?<\/p>\n<p>Tak, Airmez Matrix 30000 jest przeznaczony do d\u0142ugotrwa\u0142ego u\u017cytkowania. Dzi\u0119ki du\u017cej pojemno\u015bci i satysfakcjonuj\u0105cej sile nikotyny zapewnia sp\u00f3jne wra\u017cenia z czasem.<\/p>\n<p>4. Sk\u0105d mam wiedzie\u0107, kiedy urz\u0105dzenie ma ma\u0142o na zaci\u0105gni\u0119ciach?<\/p>\n<p>Urz\u0105dzenie posiada wy\u015bwietlacz LED, kt\u00f3ry pokazuje zar\u00f3wno pozosta\u0142e zaci\u0105gni\u0119cia, jak i \u017cywotno\u015b\u0107 baterii. Pozwala to na \u0142atwe \u015bledzenie u\u017cytkowania, zapewniaj\u0105c, \u017ce zawsze jeste\u015b poinformowany.<\/p>\n<p>5. Ile opcji smakowych jest dost\u0119pnych?<\/p>\n<p>Dost\u0119pnych jest 12 r\u00f3\u017cnych smak\u00f3w dla Airmez Matrix 30000. Opcje te wahaj\u0105 si\u0119 od owocowych po lodowe mieszanki, wi\u0119c istnieje smak dopasowany do ka\u017cdego preferencji.<\/p>\n<p>6. Czy ten vape mo\u017ce pom\u00f3c w rzuceniu palenia?<\/p>\n<p>Chocia\u017c Airmez Matrix 30000 zapewnia satysfakcjonuj\u0105ce uderzenie nikotyn\u0105, zaleca si\u0119 skonsultowanie si\u0119 z pracownikiem s\u0142u\u017cby zdrowia, je\u015bli rozwa\u017casz waporyzacj\u0119 jako cz\u0119\u015b\u0107 planu rzucania palenia. Vaping mo\u017ce nie by\u0107 odpowiedni dla wszystkich.<\/p>\n<p>7 7 . Jak u\u017cywa\u0107 i konserwowa\u0107 urz\u0105dzenie?<\/p>\n<p>Poniewa\u017c Airmez Matrix 30000 jest jednorazowym waporyzatorem, nie jest wymagane czyszczenie ani konserwacja. Po prostu u\u017cywaj go, a\u017c zaci\u0105gni\u0119cia si\u0119 sko\u0144cz\u0105, a nast\u0119pnie pozb\u0105d\u017a si\u0119 go. Zosta\u0142 zaprojektowany z my\u015bl\u0105 o \u0142atwym i bezproblemowym u\u017cytkowaniu.<\/p>\n<p><img fetchpriority=\"high\" decoding=\"async\" class=\"alignnone wp-image-3023 size-full\" src=\"https:\/\/vapeenjoy.com\/wp-content\/uploads\/2025\/09\/Airmez-Matrix-30000-30K-Puffs-Disposable-Vape-5-Nicotine-Gameplay-LED-Display-Flavors.avif\" alt=\"Airmez Matrix 30000 30K Puffy jednorazowe vape 5% nikotyna rozgrywka LED Smaki Wy\u015bwietlacz Smak\u00f3w\" width=\"801\" height=\"800\" srcset=\"https:\/\/vapeenjoy.com\/wp-content\/uploads\/2025\/09\/Airmez-Matrix-30000-30K-Puffs-Disposable-Vape-5-Nicotine-Gameplay-LED-Display-Flavors.avif 801w, https:\/\/vapeenjoy.com\/wp-content\/uploads\/2025\/09\/Airmez-Matrix-30000-30K-Puffs-Disposable-Vape-5-Nicotine-Gameplay-LED-Display-Flavors-300x300.avif 300w, https:\/\/vapeenjoy.com\/wp-content\/uploads\/2025\/09\/Airmez-Matrix-30000-30K-Puffs-Disposable-Vape-5-Nicotine-Gameplay-LED-Display-Flavors-150x150.avif 150w, https:\/\/vapeenjoy.com\/wp-content\/uploads\/2025\/09\/Airmez-Matrix-30000-30K-Puffs-Disposable-Vape-5-Nicotine-Gameplay-LED-Display-Flavors-768x767.avif 768w, https:\/\/vapeenjoy.com\/wp-content\/uploads\/2025\/09\/Airmez-Matrix-30000-30K-Puffs-Disposable-Vape-5-Nicotine-Gameplay-LED-Display-Flavors-12x12.avif 12w, https:\/\/vapeenjoy.com\/wp-content\/uploads\/2025\/09\/Airmez-Matrix-30000-30K-Puffs-Disposable-Vape-5-Nicotine-Gameplay-LED-Display-Flavors-600x600.avif 600w\" sizes=\"(max-width: 801px) 100vw, 801px\" \/><\/p>","protected":false},"excerpt":{"rendered":"<p>AirMez to wiod\u0105ca marka w bran\u017cy vaping, znana z dostarczania produkt\u00f3w wysokiej jako\u015bci. Jednorazowy vape Matrix 30000 oferuje 30 000 zaci\u0105gni\u0119\u0107 i wytrzyma\u0142o\u015b\u0107 nikotyny 51 TP3T, z wy\u015bwietlaczem LED do \u015bledzenia zaci\u0105gni\u0119\u0107 i \u017cywotno\u015bci baterii. Dzi\u0119ki regulowanej konstrukcji przep\u0142ywu powietrza, to urz\u0105dzenie zapewnia konfigurowalne wra\u017cenia z wapowania, dzi\u0119ki czemu idealnie nadaje si\u0119 do d\u0142ugotrwa\u0142ego u\u017cytkowania.<\/p>","protected":false},"featured_media":3018,"comment_status":"open","ping_status":"closed","template":"","meta":[],"product_brand":[229],"product_cat":[31],"product_tag":[62],"class_list":{"0":"post-3017","1":"product","2":"type-product","3":"status-publish","4":"has-post-thumbnail","6":"product_brand-airmez","7":"product_cat-30000-puffs-vape","8":"product_tag-5-nicotine","10":"first","11":"instock","12":"sale","13":"shipping-taxable","14":"purchasable","15":"product-type-variable"},"yoast_head":"<!-- This site is optimized with the Yoast SEO plugin v25.7 - https:\/\/yoast.com\/wordpress\/plugins\/seo\/ -->\n<title>Airmez Matrix 30000 Disposable Vape 5% Nicotine LED Display<\/title>\n<meta name=\"description\" content=\"Airmez Matrix 30000 disposable vape offers 30K puffs, 5% nicotine, LED display, and adjustable airflow for a personalized experience.\" \/>\n<meta name=\"robots\" content=\"index, follow, max-snippet:-1, max-image-preview:large, max-video-preview:-1\" \/>\n<link rel=\"canonical\" href=\"https:\/\/vapeenjoy.com\/pl\/produkt\/airmez-matrix-30000-30k-puffs-jednorazowe-vape-5-nikotyna-gameplay-wyswietlacz-led\/\" \/>\n<meta property=\"og:locale\" content=\"pl_PL\" \/>\n<meta property=\"og:type\" content=\"article\" \/>\n<meta property=\"og:title\" content=\"Airmez Matrix 30000 Disposable Vape 5% Nicotine LED Display\" \/>\n<meta property=\"og:description\" content=\"Airmez Matrix 30000 disposable vape offers 30K puffs, 5% nicotine, LED display, and adjustable airflow for a personalized experience.\" \/>\n<meta property=\"og:url\" content=\"https:\/\/vapeenjoy.com\/pl\/produkt\/airmez-matrix-30000-30k-puffs-jednorazowe-vape-5-nikotyna-gameplay-wyswietlacz-led\/\" \/>\n<meta property=\"og:site_name\" content=\"vapeenjoy\" \/>\n<meta property=\"article:modified_time\" content=\"2026-01-17T03:20:58+00:00\" \/>\n<meta property=\"og:image\" content=\"https:\/\/vapeenjoy.com\/wp-content\/uploads\/2025\/09\/Airmez-Matrix-30000-30K-Puffs-Disposable-Vape-5-Nicotine-Gameplay-LED-Display.avif\" \/>\n\t<meta property=\"og:image:width\" content=\"1000\" \/>\n\t<meta property=\"og:image:height\" content=\"1000\" \/>\n\t<meta property=\"og:image:type\" content=\"image\/jpeg\" \/>\n<meta name=\"twitter:card\" content=\"summary_large_image\" \/>\n<meta name=\"twitter:label1\" content=\"Szacowany czas czytania\" \/>\n\t<meta name=\"twitter:data1\" content=\"4 minuty\" \/>\n<script type=\"application\/ld+json\" class=\"yoast-schema-graph\">{\"@context\":\"https:\/\/schema.org\",\"@graph\":[{\"@type\":\"WebPage\",\"@id\":\"https:\/\/vapeenjoy.com\/product\/airmez-matrix-30000-30k-puffs-disposable-vape-5-nicotine-gameplay-led-display\/\",\"url\":\"https:\/\/vapeenjoy.com\/product\/airmez-matrix-30000-30k-puffs-disposable-vape-5-nicotine-gameplay-led-display\/\",\"name\":\"Airmez Matrix 30000 Disposable Vape 5% Nicotine LED Display\",\"isPartOf\":{\"@id\":\"https:\/\/vapeenjoy.com\/#website\"},\"primaryImageOfPage\":{\"@id\":\"https:\/\/vapeenjoy.com\/product\/airmez-matrix-30000-30k-puffs-disposable-vape-5-nicotine-gameplay-led-display\/#primaryimage\"},\"image\":{\"@id\":\"https:\/\/vapeenjoy.com\/product\/airmez-matrix-30000-30k-puffs-disposable-vape-5-nicotine-gameplay-led-display\/#primaryimage\"},\"thumbnailUrl\":\"https:\/\/vapeenjoy.com\/wp-content\/uploads\/2025\/09\/Airmez-Matrix-30000-30K-Puffs-Disposable-Vape-5-Nicotine-Gameplay-LED-Display.avif\",\"datePublished\":\"2025-09-18T10:05:53+00:00\",\"dateModified\":\"2026-01-17T03:20:58+00:00\",\"description\":\"Airmez Matrix 30000 disposable vape offers 30K puffs, 5% nicotine, LED display, and adjustable airflow for a personalized experience.\",\"breadcrumb\":{\"@id\":\"https:\/\/vapeenjoy.com\/product\/airmez-matrix-30000-30k-puffs-disposable-vape-5-nicotine-gameplay-led-display\/#breadcrumb\"},\"inLanguage\":\"pl-PL\",\"potentialAction\":[{\"@type\":\"ReadAction\",\"target\":[\"https:\/\/vapeenjoy.com\/product\/airmez-matrix-30000-30k-puffs-disposable-vape-5-nicotine-gameplay-led-display\/\"]}]},{\"@type\":\"ImageObject\",\"inLanguage\":\"pl-PL\",\"@id\":\"https:\/\/vapeenjoy.com\/product\/airmez-matrix-30000-30k-puffs-disposable-vape-5-nicotine-gameplay-led-display\/#primaryimage\",\"url\":\"https:\/\/vapeenjoy.com\/wp-content\/uploads\/2025\/09\/Airmez-Matrix-30000-30K-Puffs-Disposable-Vape-5-Nicotine-Gameplay-LED-Display.avif\",\"contentUrl\":\"https:\/\/vapeenjoy.com\/wp-content\/uploads\/2025\/09\/Airmez-Matrix-30000-30K-Puffs-Disposable-Vape-5-Nicotine-Gameplay-LED-Display.avif\",\"width\":1000,\"height\":1000},{\"@type\":\"BreadcrumbList\",\"@id\":\"https:\/\/vapeenjoy.com\/product\/airmez-matrix-30000-30k-puffs-disposable-vape-5-nicotine-gameplay-led-display\/#breadcrumb\",\"itemListElement\":[{\"@type\":\"ListItem\",\"position\":1,\"name\":\"Home\",\"item\":\"https:\/\/vapeenjoy.com\/\"},{\"@type\":\"ListItem\",\"position\":2,\"name\":\"Shop\",\"item\":\"https:\/\/vapeenjoy.com\/vapeenjoy-shop\/\"},{\"@type\":\"ListItem\",\"position\":3,\"name\":\"Airmez Matrix 30000 30K Puffs Disposable Vape 5% Nicotine Gameplay LED Display\"}]},{\"@type\":\"WebSite\",\"@id\":\"https:\/\/vapeenjoy.com\/#website\",\"url\":\"https:\/\/vapeenjoy.com\/\",\"name\":\"vapeenjoy\",\"description\":\"An online store for selling vapes\",\"potentialAction\":[{\"@type\":\"SearchAction\",\"target\":{\"@type\":\"EntryPoint\",\"urlTemplate\":\"https:\/\/vapeenjoy.com\/?s={search_term_string}\"},\"query-input\":{\"@type\":\"PropertyValueSpecification\",\"valueRequired\":true,\"valueName\":\"search_term_string\"}}],\"inLanguage\":\"pl-PL\"}]}<\/script>\n<!-- \/ Yoast SEO plugin. -->","yoast_head_json":{"title":"Airmez Matrix 30000 jednorazowy vape 5% nikotyny wy\u015bwietlacz led","description":"Jednorazowe vape AirMez Matrix 30000 oferuje 30-tysi\u0119czne zaci\u0105gni\u0119cia, nikotyn\u0119 5%, wy\u015bwietlacz LED i regulowany przep\u0142yw powietrza, aby uzyska\u0107 spersonalizowane wra\u017cenia.","robots":{"index":"index","follow":"follow","max-snippet":"max-snippet:-1","max-image-preview":"max-image-preview:large","max-video-preview":"max-video-preview:-1"},"canonical":"https:\/\/vapeenjoy.com\/pl\/produkt\/airmez-matrix-30000-30k-puffs-jednorazowe-vape-5-nikotyna-gameplay-wyswietlacz-led\/","og_locale":"pl_PL","og_type":"article","og_title":"Airmez Matrix 30000 Disposable Vape 5% Nicotine LED Display","og_description":"Airmez Matrix 30000 disposable vape offers 30K puffs, 5% nicotine, LED display, and adjustable airflow for a personalized experience.","og_url":"https:\/\/vapeenjoy.com\/pl\/produkt\/airmez-matrix-30000-30k-puffs-jednorazowe-vape-5-nikotyna-gameplay-wyswietlacz-led\/","og_site_name":"vapeenjoy","article_modified_time":"2026-01-17T03:20:58+00:00","og_image":[{"width":1000,"height":1000,"url":"https:\/\/vapeenjoy.com\/wp-content\/uploads\/2025\/09\/Airmez-Matrix-30000-30K-Puffs-Disposable-Vape-5-Nicotine-Gameplay-LED-Display.avif","type":"image\/jpeg"}],"twitter_card":"summary_large_image","twitter_misc":{"Szacowany czas czytania":"4 minuty"},"schema":{"@context":"https:\/\/schema.org","@graph":[{"@type":"WebPage","@id":"https:\/\/vapeenjoy.com\/product\/airmez-matrix-30000-30k-puffs-disposable-vape-5-nicotine-gameplay-led-display\/","url":"https:\/\/vapeenjoy.com\/product\/airmez-matrix-30000-30k-puffs-disposable-vape-5-nicotine-gameplay-led-display\/","name":"Airmez Matrix 30000 jednorazowy vape 5% nikotyny wy\u015bwietlacz led","isPartOf":{"@id":"https:\/\/vapeenjoy.com\/#website"},"primaryImageOfPage":{"@id":"https:\/\/vapeenjoy.com\/product\/airmez-matrix-30000-30k-puffs-disposable-vape-5-nicotine-gameplay-led-display\/#primaryimage"},"image":{"@id":"https:\/\/vapeenjoy.com\/product\/airmez-matrix-30000-30k-puffs-disposable-vape-5-nicotine-gameplay-led-display\/#primaryimage"},"thumbnailUrl":"https:\/\/vapeenjoy.com\/wp-content\/uploads\/2025\/09\/Airmez-Matrix-30000-30K-Puffs-Disposable-Vape-5-Nicotine-Gameplay-LED-Display.avif","datePublished":"2025-09-18T10:05:53+00:00","dateModified":"2026-01-17T03:20:58+00:00","description":"Jednorazowe vape AirMez Matrix 30000 oferuje 30-tysi\u0119czne zaci\u0105gni\u0119cia, nikotyn\u0119 5%, wy\u015bwietlacz LED i regulowany przep\u0142yw powietrza, aby uzyska\u0107 spersonalizowane wra\u017cenia.","breadcrumb":{"@id":"https:\/\/vapeenjoy.com\/product\/airmez-matrix-30000-30k-puffs-disposable-vape-5-nicotine-gameplay-led-display\/#breadcrumb"},"inLanguage":"pl-PL","potentialAction":[{"@type":"ReadAction","target":["https:\/\/vapeenjoy.com\/product\/airmez-matrix-30000-30k-puffs-disposable-vape-5-nicotine-gameplay-led-display\/"]}]},{"@type":"ImageObject","inLanguage":"pl-PL","@id":"https:\/\/vapeenjoy.com\/product\/airmez-matrix-30000-30k-puffs-disposable-vape-5-nicotine-gameplay-led-display\/#primaryimage","url":"https:\/\/vapeenjoy.com\/wp-content\/uploads\/2025\/09\/Airmez-Matrix-30000-30K-Puffs-Disposable-Vape-5-Nicotine-Gameplay-LED-Display.avif","contentUrl":"https:\/\/vapeenjoy.com\/wp-content\/uploads\/2025\/09\/Airmez-Matrix-30000-30K-Puffs-Disposable-Vape-5-Nicotine-Gameplay-LED-Display.avif","width":1000,"height":1000},{"@type":"BreadcrumbList","@id":"https:\/\/vapeenjoy.com\/product\/airmez-matrix-30000-30k-puffs-disposable-vape-5-nicotine-gameplay-led-display\/#breadcrumb","itemListElement":[{"@type":"ListItem","position":1,"name":"Home","item":"https:\/\/vapeenjoy.com\/"},{"@type":"ListItem","position":2,"name":"Shop","item":"https:\/\/vapeenjoy.com\/vapeenjoy-shop\/"},{"@type":"ListItem","position":3,"name":"Airmez Matrix 30000 30K Puffs Disposable Vape 5% Nicotine Gameplay LED Display"}]},{"@type":"WebSite","@id":"https:\/\/vapeenjoy.com\/#website","url":"https:\/\/vapeenjoy.com\/","name":"skutkowaty","description":"Sklep internetowy do sprzeda\u017cy vapes","potentialAction":[{"@type":"SearchAction","target":{"@type":"EntryPoint","urlTemplate":"https:\/\/vapeenjoy.com\/?s={search_term_string}"},"query-input":{"@type":"PropertyValueSpecification","valueRequired":true,"valueName":"search_term_string"}}],"inLanguage":"pl-PL"}]}},"_links":{"self":[{"href":"https:\/\/vapeenjoy.com\/pl\/wp-json\/wp\/v2\/product\/3017","targetHints":{"allow":["GET"]}}],"collection":[{"href":"https:\/\/vapeenjoy.com\/pl\/wp-json\/wp\/v2\/product"}],"about":[{"href":"https:\/\/vapeenjoy.com\/pl\/wp-json\/wp\/v2\/types\/product"}],"replies":[{"embeddable":true,"href":"https:\/\/vapeenjoy.com\/pl\/wp-json\/wp\/v2\/comments?post=3017"}],"version-history":[{"count":3,"href":"https:\/\/vapeenjoy.com\/pl\/wp-json\/wp\/v2\/product\/3017\/revisions"}],"predecessor-version":[{"id":3197,"href":"https:\/\/vapeenjoy.com\/pl\/wp-json\/wp\/v2\/product\/3017\/revisions\/3197"}],"wp:featuredmedia":[{"embeddable":true,"href":"https:\/\/vapeenjoy.com\/pl\/wp-json\/wp\/v2\/media\/3018"}],"wp:attachment":[{"href":"https:\/\/vapeenjoy.com\/pl\/wp-json\/wp\/v2\/media?parent=3017"}],"wp:term":[{"taxonomy":"product_brand","embeddable":true,"href":"https:\/\/vapeenjoy.com\/pl\/wp-json\/wp\/v2\/product_brand?post=3017"},{"taxonomy":"product_cat","embeddable":true,"href":"https:\/\/vapeenjoy.com\/pl\/wp-json\/wp\/v2\/product_cat?post=3017"},{"taxonomy":"product_tag","embeddable":true,"href":"https:\/\/vapeenjoy.com\/pl\/wp-json\/wp\/v2\/product_tag?post=3017"}],"curies":[{"name":"wp","href":"https:\/\/api.w.org\/{rel}","templated":true}]}}