{"id":3106,"date":"2025-10-21T07:32:55","date_gmt":"2025-10-21T07:32:55","guid":{"rendered":"https:\/\/vapeenjoy.com\/?post_type=product&#038;p=3106"},"modified":"2026-01-24T09:59:45","modified_gmt":"2026-01-24T09:59:45","slug":"waspe-aiviou-150k-puffs-6-in-1-flavors-disposable-vapes-low-nicotine","status":"publish","type":"product","link":"https:\/\/vapeenjoy.com\/pl\/produkt\/waspe-aiviou-150k-puffs-6-w-1-smaki-jednorazowe-vapes-low-nikotyna\/","title":{"rendered":"WASPE Aiviou 150K 6 w 1 smaki Low nikotyna Hurtownia 150000 Big Puff Jednorazowe Vape"},"content":{"rendered":"<h2><a href=\"https:\/\/vapeenjoy.com\/brand\/waspe-vape\/\">by\u0142<\/a> Aiviou 150k Puffs | 6-w-1 wielosmakowy jednorazowy waporyzator (opcje niskiego nikotyny) hurtowo<\/h2>\n<p><strong>by\u0142<\/strong> to zaufana marka Vape znana z p\u0142ynnej i niezawodnej wydajno\u015bci. \u00f3 <strong>Aiviou 150k<\/strong> Charakteryzuje si\u0119 czystym, \u0142atwym w przewo\u017ceniu zaokr\u0105glonym wzornictwem i przejrzystym <strong>Wy\u015bwietlacz LED<\/strong> To pokazuje bateri\u0119 i tryb w skr\u00f3cie.<br \/>\nKa\u017cde urz\u0105dzenie zawiera <strong>Sze\u015b\u0107 wbudowanych smak\u00f3w<\/strong> i oferty <strong>0% \/ 2% \/ 5%<\/strong> Opcje nikotyny \u2014 idealne dla u\u017cytkownik\u00f3w, kt\u00f3rzy chc\u0105 r\u00f3\u017cnorodno\u015bci i elastycznej si\u0142y nikotyny.<\/p>\n<h3>Najwa\u017cniejsze informacje<\/h3>\n<ul>\n<li><strong>Do 150 000 zaci\u0105gni\u0119\u0107<\/strong> Do d\u0142ugotrwa\u0142ego u\u017cytkowania<\/li>\n<li><strong>System smakowy 6 w 1<\/strong>\u2014 Prze\u0142\u0105cz smaki w dowolnym momencie, bez uzupe\u0142niania<\/li>\n<li><strong>Potr\u00f3jne cewki siatki 1,0\u03a9<\/strong> Dla r\u00f3wnomiernego ogrzewania i g\u0142adkiego smaku<\/li>\n<li><strong>Pojemno\u015b\u0107 e-liquid 64 ml<\/strong> Dla sp\u00f3jnego smaku w czasie<\/li>\n<li><strong>Akumulator 650 mAh<\/strong> przy <strong>Typ-C<\/strong> Szybkie \u0142ad<\/li>\n<li><strong>Wy\u015bwietlacz LED<\/strong> Wyra\u017anie pokazuje bateri\u0119 i tryb<\/li>\n<\/ul>\n<h3>Parametry produktu<\/h3>\n<ul>\n<li><strong>P\u0119czki:<\/strong> 150000 Puffs \u2014 zbudowany tak, aby trwa\u0142 do d\u0142u\u017cszego u\u017cytkowania<\/li>\n<li><strong>Cewka siatki:<\/strong> 1,0ohm \u00d7 3 \u2014 trzy cewki zapewniaj\u0105ce r\u00f3wnomierne ogrzewanie i g\u0142adki smak<\/li>\n<li><strong>E-liquid:<\/strong> 64 ml \u2014 Du\u017ca pojemno\u015b\u0107 zapewnia sta\u0142\u0105 wydajno\u015b\u0107<\/li>\n<li><strong>nikotyna:<\/strong> 0% \/ 2% \/ 5% - Wybierz preferowan\u0105 wytrzyma\u0142o\u015b\u0107<\/li>\n<li><strong>Bateria:<\/strong> 650 mAh \u2014 niezawodna moc do codziennego u\u017cytku<\/li>\n<li><strong>Mo\u017cliwo\u015b\u0107 \u0142adowania:<\/strong> Typ-C \u2014 szybkie, wygodne \u0142adowanie<\/li>\n<li><strong>Wy\u015bwietlacz LED:<\/strong> Wska\u017anik baterii i trybu<\/li>\n<\/ul>\n<h3>12 kombinacji smakowych \u2014 sze\u015b\u0107 w jednym na urz\u0105dzenie<\/h3>\n<ol>\n<li><strong>Lod z arbuza i cytryna limonka i cytryna brzoskwinia<\/strong> \u2014 Chrupi\u0105cy l\u00f3d arbuzowy z jasnymi cytrusami i brzoskwini\u0105.<\/li>\n<li><strong>Lody jagodowe i truskawkowe Kiwi i wi\u015bnia Truskawka Ice<\/strong> \u2014 Soczyste warstwy jag\u00f3d z kiwi i fajnym wyko\u0144czeniem.<\/li>\n<li><strong>Red Bull Ice &amp; Malinowy Pomp &amp; Sour Mango Truskawka<\/strong> \u2014 Nuty napoj\u00f3w energetycznych z pikantnymi owocami.<\/li>\n<li><strong>Truskawkowy arbuz i soczysty brzoskwiniowy l\u00f3d i potr\u00f3jny l\u00f3d jagody<\/strong> \u2014 Mieszanka s\u0142odkich owoc\u00f3w z lekkim ch\u0142odem.<\/li>\n<li><strong>Cherry Cola Lod i truskawka Red Bull L\u00f3d i arbuz Raspberry<\/strong> \u2014 Smaki inspirowane napojami gazowanymi zmieszane z owocami.<\/li>\n<li><strong>L\u00f3d winogronowy i niebieski razz wi\u015bnia i l\u00f3d truskawkowy<\/strong> \u2014 Tony winogron i jag\u00f3d z subtelnym ch\u0142odem.<\/li>\n<li><strong>Mieszane jagody i czarny smok Ice i truskawkowa wi\u015bnia Cola<\/strong> \u2014 Warstwy jagody z lodowatymi nutami i s\u0142odycz\u0105 coli.<\/li>\n<li><strong>Fizzy Cola Ice &amp; Energy Drink &amp; Cherry Ice<\/strong> \u2014 Fizzy Cola o smaku napoju energetycznego i wi\u015bni.<\/li>\n<li><strong>Truskawka Banan i Kiwi Arbuz i Kokos Truskawka<\/strong> \u2014 Kremowy banan i kokos z owocami tropikalnymi.<\/li>\n<li><strong>Red Bull Cola Lody i truskawek Malina Wi\u015bnia i Je\u017cyna Owoc Smoka Smoka<\/strong> \u2014 Odwa\u017cna owocowa mieszanka z musuj\u0105c\u0105 energi\u0105 ton\u00f3w.<\/li>\n<li><strong>Truskawka arbuzowa guma do \u017cucia i kwa\u015bny mango l\u00f3d i truskawkowy l\u00f3d z winogron<\/strong> \u2014 S\u0142odko\u015b\u0107 gumy do \u017cucia z cierpkimi owocami.<\/li>\n<li><strong>Melon Passion Fruit &amp; Blackberry Ice i jab\u0142ko Kiwi<\/strong> \u2014 Jasny melon, jasny kiwi i chrupi\u0105ce nuty owocowe.<\/li>\n<\/ol>\n<h3>Dla kogo to jest<\/h3>\n<ul>\n<li><strong>U\u017cytkownicy o niskiej zawarto\u015bci nikotyny:<\/strong> postanowi\u0107 <strong>0%<\/strong> albo <strong>2%<\/strong> Dla l\u017cejszej opcji bez po\u015bwi\u0119cania smaku.<\/li>\n<li><strong>Eksploratorzy smak\u00f3w:<\/strong> Sze\u015b\u0107 wbudowanych smak\u00f3w u\u0142atwia zmian\u0119 nastroju.<\/li>\n<li><strong>Kupuj\u0105cy hurtowi:<\/strong> 12 zestaw\u00f3w combo obejmuje profile owocowe, l\u00f3d, napoje gazowane i energetyk\u0119 \u2014 \u0142atwe do magazynowania i sprzeda\u017cy.<\/li>\n<\/ul>\n<h3><img fetchpriority=\"high\" decoding=\"async\" class=\"alignnone wp-image-3218 size-full\" src=\"https:\/\/vapeenjoy.com\/wp-content\/uploads\/2025\/10\/\u5fae\u4fe1\u56fe\u7247_20250921115426_2829_25-scaled.avif\" alt=\"WASPE Aiviou 150K 6 w 1 smaki Low nikotyna Hurtownia 150000 Big Puff Jednorazowe Vape\" width=\"2560\" height=\"2347\" srcset=\"https:\/\/vapeenjoy.com\/wp-content\/uploads\/2025\/10\/\u5fae\u4fe1\u56fe\u7247_20250921115426_2829_25-scaled.avif 2560w, https:\/\/vapeenjoy.com\/wp-content\/uploads\/2025\/10\/\u5fae\u4fe1\u56fe\u7247_20250921115426_2829_25-300x275.avif 300w, https:\/\/vapeenjoy.com\/wp-content\/uploads\/2025\/10\/\u5fae\u4fe1\u56fe\u7247_20250921115426_2829_25-1024x939.avif 1024w, https:\/\/vapeenjoy.com\/wp-content\/uploads\/2025\/10\/\u5fae\u4fe1\u56fe\u7247_20250921115426_2829_25-768x704.avif 768w, https:\/\/vapeenjoy.com\/wp-content\/uploads\/2025\/10\/\u5fae\u4fe1\u56fe\u7247_20250921115426_2829_25-1536x1408.avif 1536w, https:\/\/vapeenjoy.com\/wp-content\/uploads\/2025\/10\/\u5fae\u4fe1\u56fe\u7247_20250921115426_2829_25-2048x1877.avif 2048w, https:\/\/vapeenjoy.com\/wp-content\/uploads\/2025\/10\/\u5fae\u4fe1\u56fe\u7247_20250921115426_2829_25-13x12.avif 13w, https:\/\/vapeenjoy.com\/wp-content\/uploads\/2025\/10\/\u5fae\u4fe1\u56fe\u7247_20250921115426_2829_25-1200x1100.avif 1200w, https:\/\/vapeenjoy.com\/wp-content\/uploads\/2025\/10\/\u5fae\u4fe1\u56fe\u7247_20250921115426_2829_25-150x138.avif 150w\" sizes=\"(max-width: 2560px) 100vw, 2560px\" \/><br \/>\nNajcz\u0119\u015bciej zadawane pytania<\/h3>\n<p><strong>1) Jak d\u0142ugo trwa jedno urz\u0105dzenie Waspe Aiviou 150k?<\/strong><br \/>\nJest oceniany do do <strong>150 000 PUFFY<\/strong>. Rzeczywista \u017cywotno\u015b\u0107 zale\u017cy od tego, jak cz\u0119sto go u\u017cywasz.<\/p>\n<p><strong>2) Czy urz\u0105dzenie mo\u017cna \u0142adowa\u0107?<\/strong><br \/>\nTak. Wspiera <strong>Typ-C<\/strong> \u0141adowanie za szybkie i wygodne \u0142adowanie.<\/p>\n<p><strong>3) Sk\u0105d mam wiedzie\u0107, kiedy do\u0142adowa\u0107?<\/strong><br \/>\n\u00f3 <strong>Wy\u015bwietlacz LED<\/strong> Pokazuje poziom na\u0142adowania baterii i wska\u017ce, kiedy moc jest niska.<\/p>\n<p><strong>4) Czy zawiera nikotyn\u0119?<\/strong><br \/>\nmo\u017cesz wybra\u0107 <strong>0%<\/strong>, <strong>2%<\/strong>, lub <strong>5%<\/strong> Opcje nikotyny.<\/p>\n<p><strong>5) Jak wybra\u0107 odpowiedni smak?<\/strong><br \/>\nId\u017a po smaku: \u015bwie\u017ce opcje obejmuj\u0105 <strong>l\u00f3d arbuzowy<\/strong> i mieszanki cytrusowe; s\u0142odsze lub odwa\u017cniejsze typy obejmuj\u0105 <strong>kolla<\/strong> i <strong>zaowocowa\u0107<\/strong> Mieszanki. Dzi\u0119ki sze\u015bciu smakom w jednym urz\u0105dzeniu mo\u017cesz prze\u0142\u0105cza\u0107 si\u0119 w dowolnym momencie.<\/p>\n<p><strong>6) Czy mog\u0119 zmieni\u0107 smaki podczas u\u017cytkowania?<\/strong><br \/>\nTak. to jest <strong>6 w 1<\/strong> urz\u0105dzenie, wi\u0119c zmiana smak\u00f3w jest \u0142atwa i nie wymaga ponownego nape\u0142niania.<\/p>\n<p><strong>7) Czy jest dobry dla u\u017cytkownik\u00f3w o niskiej zawarto\u015bci nikotyny?<\/strong><br \/>\nTak. \u00f3 <strong>0%<\/strong> i <strong>2%<\/strong> Opcje s\u0105 idealne dla u\u017cytkownik\u00f3w, kt\u00f3rzy chc\u0105 mniej nikotyny, a jednocze\u015bnie ciesz\u0105 si\u0119 pe\u0142nym smakiem.<\/p>\n<p><strong>Zapytanie hurtowe:<\/strong> Skontaktuj si\u0119 z nami, aby uzyska\u0107 MOQ, poziomy cenowe i czasy realizacji wysy\u0142ek dla zbior\u00f3w zbiorczych.<\/p>","protected":false},"excerpt":{"rendered":"<p>Waspe to zaufana marka Vape znana z p\u0142ynnego smaku i niezawodnego dzia\u0142ania. Aiviou 150K ma czyst\u0105, zaokr\u0105glon\u0105 konstrukcj\u0119 z wyra\u017anym wy\u015bwietlaczem LED, systemem wielosmakowym 6 w 1 i opcjami nikotyny 0%\/2%\/5%. Zbudowany z potr\u00f3jnych cewek z siatki 1,0 \u03a9, pojemno\u015b\u0107 64 ml e-liquidu i akumulatora 650 mAh typu C, zapewnia do 150 000 puf\u00f3w o sp\u00f3jnym smaku i wygodnym codziennym u\u017cytkowaniu.<\/p>","protected":false},"featured_media":3110,"comment_status":"open","ping_status":"closed","template":"","meta":[],"product_brand":[41],"product_cat":[237],"product_tag":[],"class_list":{"0":"post-3106","1":"product","2":"type-product","3":"status-publish","4":"has-post-thumbnail","6":"product_brand-waspe-vape","7":"product_cat-150k-puffs","9":"first","10":"instock","11":"sale","12":"shipping-taxable","13":"purchasable","14":"product-type-variable"},"yoast_head":"<!-- This site is optimized with the Yoast SEO plugin v25.7 - https:\/\/yoast.com\/wordpress\/plugins\/seo\/ -->\n<title>WASPE Aiviou 150K Puffs 6-in-1 Disposable Vape | Wholesale Low Nic<\/title>\n<meta name=\"description\" content=\"WASPE Aiviou 150K features a 6-in-1 flavor system, LED display, triple 1.0\u03a9 mesh coils, 64ml e-liquid, Type-C rechargeable 650mAh battery, and 0\/2\/5% nicotine.\" \/>\n<meta name=\"robots\" content=\"index, follow, max-snippet:-1, max-image-preview:large, max-video-preview:-1\" \/>\n<link rel=\"canonical\" href=\"https:\/\/vapeenjoy.com\/pl\/produkt\/waspe-aiviou-150k-puffs-6-w-1-smaki-jednorazowe-vapes-low-nikotyna\/\" \/>\n<meta property=\"og:locale\" content=\"pl_PL\" \/>\n<meta property=\"og:type\" content=\"article\" \/>\n<meta property=\"og:title\" content=\"WASPE Aiviou 150K Puffs 6-in-1 Disposable Vape | Wholesale Low Nic\" \/>\n<meta property=\"og:description\" content=\"WASPE Aiviou 150K features a 6-in-1 flavor system, LED display, triple 1.0\u03a9 mesh coils, 64ml e-liquid, Type-C rechargeable 650mAh battery, and 0\/2\/5% nicotine.\" \/>\n<meta property=\"og:url\" content=\"https:\/\/vapeenjoy.com\/pl\/produkt\/waspe-aiviou-150k-puffs-6-w-1-smaki-jednorazowe-vapes-low-nikotyna\/\" \/>\n<meta property=\"og:site_name\" content=\"vapeenjoy\" \/>\n<meta property=\"article:modified_time\" content=\"2026-01-24T09:59:45+00:00\" \/>\n<meta property=\"og:image\" content=\"https:\/\/vapeenjoy.com\/wp-content\/uploads\/2025\/10\/\u5fae\u4fe1\u56fe\u7247_20250927210646_1114_226.avif\" \/>\n\t<meta property=\"og:image:width\" content=\"1280\" \/>\n\t<meta property=\"og:image:height\" content=\"1280\" \/>\n\t<meta property=\"og:image:type\" content=\"image\/jpeg\" \/>\n<meta name=\"twitter:card\" content=\"summary_large_image\" \/>\n<meta name=\"twitter:label1\" content=\"Szacowany czas czytania\" \/>\n\t<meta name=\"twitter:data1\" content=\"3 minuty\" \/>\n<script type=\"application\/ld+json\" class=\"yoast-schema-graph\">{\"@context\":\"https:\/\/schema.org\",\"@graph\":[{\"@type\":\"WebPage\",\"@id\":\"https:\/\/vapeenjoy.com\/product\/waspe-aiviou-150k-puffs-6-in-1-flavors-disposable-vapes-low-nicotine\/\",\"url\":\"https:\/\/vapeenjoy.com\/product\/waspe-aiviou-150k-puffs-6-in-1-flavors-disposable-vapes-low-nicotine\/\",\"name\":\"WASPE Aiviou 150K Puffs 6-in-1 Disposable Vape | Wholesale Low Nic\",\"isPartOf\":{\"@id\":\"https:\/\/vapeenjoy.com\/#website\"},\"primaryImageOfPage\":{\"@id\":\"https:\/\/vapeenjoy.com\/product\/waspe-aiviou-150k-puffs-6-in-1-flavors-disposable-vapes-low-nicotine\/#primaryimage\"},\"image\":{\"@id\":\"https:\/\/vapeenjoy.com\/product\/waspe-aiviou-150k-puffs-6-in-1-flavors-disposable-vapes-low-nicotine\/#primaryimage\"},\"thumbnailUrl\":\"https:\/\/vapeenjoy.com\/wp-content\/uploads\/2025\/10\/\u5fae\u4fe1\u56fe\u7247_20250927210646_1114_226.avif\",\"datePublished\":\"2025-10-21T07:32:55+00:00\",\"dateModified\":\"2026-01-24T09:59:45+00:00\",\"description\":\"WASPE Aiviou 150K features a 6-in-1 flavor system, LED display, triple 1.0\u03a9 mesh coils, 64ml e-liquid, Type-C rechargeable 650mAh battery, and 0\/2\/5% nicotine.\",\"breadcrumb\":{\"@id\":\"https:\/\/vapeenjoy.com\/product\/waspe-aiviou-150k-puffs-6-in-1-flavors-disposable-vapes-low-nicotine\/#breadcrumb\"},\"inLanguage\":\"pl-PL\",\"potentialAction\":[{\"@type\":\"ReadAction\",\"target\":[\"https:\/\/vapeenjoy.com\/product\/waspe-aiviou-150k-puffs-6-in-1-flavors-disposable-vapes-low-nicotine\/\"]}]},{\"@type\":\"ImageObject\",\"inLanguage\":\"pl-PL\",\"@id\":\"https:\/\/vapeenjoy.com\/product\/waspe-aiviou-150k-puffs-6-in-1-flavors-disposable-vapes-low-nicotine\/#primaryimage\",\"url\":\"https:\/\/vapeenjoy.com\/wp-content\/uploads\/2025\/10\/\u5fae\u4fe1\u56fe\u7247_20250927210646_1114_226.avif\",\"contentUrl\":\"https:\/\/vapeenjoy.com\/wp-content\/uploads\/2025\/10\/\u5fae\u4fe1\u56fe\u7247_20250927210646_1114_226.avif\",\"width\":1280,\"height\":1280,\"caption\":\"WASPE Aiviou 150K Puffs 6 in 1 Disposable Vape | Long-Lasting Low Nicotine Device\"},{\"@type\":\"BreadcrumbList\",\"@id\":\"https:\/\/vapeenjoy.com\/product\/waspe-aiviou-150k-puffs-6-in-1-flavors-disposable-vapes-low-nicotine\/#breadcrumb\",\"itemListElement\":[{\"@type\":\"ListItem\",\"position\":1,\"name\":\"Home\",\"item\":\"https:\/\/vapeenjoy.com\/\"},{\"@type\":\"ListItem\",\"position\":2,\"name\":\"Shop\",\"item\":\"https:\/\/vapeenjoy.com\/vapeenjoy-shop\/\"},{\"@type\":\"ListItem\",\"position\":3,\"name\":\"WASPE Aiviou 150K 6 in 1 Flavors Low Nicotine Wholesale 150000 Big Puff Disposable Vape\"}]},{\"@type\":\"WebSite\",\"@id\":\"https:\/\/vapeenjoy.com\/#website\",\"url\":\"https:\/\/vapeenjoy.com\/\",\"name\":\"vapeenjoy\",\"description\":\"An online store for selling vapes\",\"potentialAction\":[{\"@type\":\"SearchAction\",\"target\":{\"@type\":\"EntryPoint\",\"urlTemplate\":\"https:\/\/vapeenjoy.com\/?s={search_term_string}\"},\"query-input\":{\"@type\":\"PropertyValueSpecification\",\"valueRequired\":true,\"valueName\":\"search_term_string\"}}],\"inLanguage\":\"pl-PL\"}]}<\/script>\n<!-- \/ Yoast SEO plugin. -->","yoast_head_json":{"title":"WASPE Aiviou 150K Puffs 6-w-1 jednorazowe waporyzator | Hurtownia Low Nic","description":"WASPE Aiviou 150K ma system smakowy 6 w 1, wy\u015bwietlacz LED, potr\u00f3jne cewki siatki 1,0 \u03a9, 64 ml e-liquid, \u0142adowaln\u0105 bateri\u0119 650 mAh 0\/2\/5%.","robots":{"index":"index","follow":"follow","max-snippet":"max-snippet:-1","max-image-preview":"max-image-preview:large","max-video-preview":"max-video-preview:-1"},"canonical":"https:\/\/vapeenjoy.com\/pl\/produkt\/waspe-aiviou-150k-puffs-6-w-1-smaki-jednorazowe-vapes-low-nikotyna\/","og_locale":"pl_PL","og_type":"article","og_title":"WASPE Aiviou 150K Puffs 6-in-1 Disposable Vape | Wholesale Low Nic","og_description":"WASPE Aiviou 150K features a 6-in-1 flavor system, LED display, triple 1.0\u03a9 mesh coils, 64ml e-liquid, Type-C rechargeable 650mAh battery, and 0\/2\/5% nicotine.","og_url":"https:\/\/vapeenjoy.com\/pl\/produkt\/waspe-aiviou-150k-puffs-6-w-1-smaki-jednorazowe-vapes-low-nikotyna\/","og_site_name":"vapeenjoy","article_modified_time":"2026-01-24T09:59:45+00:00","og_image":[{"width":1280,"height":1280,"url":"https:\/\/vapeenjoy.com\/wp-content\/uploads\/2025\/10\/\u5fae\u4fe1\u56fe\u7247_20250927210646_1114_226.avif","type":"image\/jpeg"}],"twitter_card":"summary_large_image","twitter_misc":{"Szacowany czas czytania":"3 minuty"},"schema":{"@context":"https:\/\/schema.org","@graph":[{"@type":"WebPage","@id":"https:\/\/vapeenjoy.com\/product\/waspe-aiviou-150k-puffs-6-in-1-flavors-disposable-vapes-low-nicotine\/","url":"https:\/\/vapeenjoy.com\/product\/waspe-aiviou-150k-puffs-6-in-1-flavors-disposable-vapes-low-nicotine\/","name":"WASPE Aiviou 150K Puffs 6-w-1 jednorazowe waporyzator | Hurtownia Low Nic","isPartOf":{"@id":"https:\/\/vapeenjoy.com\/#website"},"primaryImageOfPage":{"@id":"https:\/\/vapeenjoy.com\/product\/waspe-aiviou-150k-puffs-6-in-1-flavors-disposable-vapes-low-nicotine\/#primaryimage"},"image":{"@id":"https:\/\/vapeenjoy.com\/product\/waspe-aiviou-150k-puffs-6-in-1-flavors-disposable-vapes-low-nicotine\/#primaryimage"},"thumbnailUrl":"https:\/\/vapeenjoy.com\/wp-content\/uploads\/2025\/10\/\u5fae\u4fe1\u56fe\u7247_20250927210646_1114_226.avif","datePublished":"2025-10-21T07:32:55+00:00","dateModified":"2026-01-24T09:59:45+00:00","description":"WASPE Aiviou 150K ma system smakowy 6 w 1, wy\u015bwietlacz LED, potr\u00f3jne cewki siatki 1,0 \u03a9, 64 ml e-liquid, \u0142adowaln\u0105 bateri\u0119 650 mAh 0\/2\/5%.","breadcrumb":{"@id":"https:\/\/vapeenjoy.com\/product\/waspe-aiviou-150k-puffs-6-in-1-flavors-disposable-vapes-low-nicotine\/#breadcrumb"},"inLanguage":"pl-PL","potentialAction":[{"@type":"ReadAction","target":["https:\/\/vapeenjoy.com\/product\/waspe-aiviou-150k-puffs-6-in-1-flavors-disposable-vapes-low-nicotine\/"]}]},{"@type":"ImageObject","inLanguage":"pl-PL","@id":"https:\/\/vapeenjoy.com\/product\/waspe-aiviou-150k-puffs-6-in-1-flavors-disposable-vapes-low-nicotine\/#primaryimage","url":"https:\/\/vapeenjoy.com\/wp-content\/uploads\/2025\/10\/\u5fae\u4fe1\u56fe\u7247_20250927210646_1114_226.avif","contentUrl":"https:\/\/vapeenjoy.com\/wp-content\/uploads\/2025\/10\/\u5fae\u4fe1\u56fe\u7247_20250927210646_1114_226.avif","width":1280,"height":1280,"caption":"WASPE Aiviou 150K Puffs 6 in 1 Disposable Vape | Long-Lasting Low Nicotine Device"},{"@type":"BreadcrumbList","@id":"https:\/\/vapeenjoy.com\/product\/waspe-aiviou-150k-puffs-6-in-1-flavors-disposable-vapes-low-nicotine\/#breadcrumb","itemListElement":[{"@type":"ListItem","position":1,"name":"Home","item":"https:\/\/vapeenjoy.com\/"},{"@type":"ListItem","position":2,"name":"Shop","item":"https:\/\/vapeenjoy.com\/vapeenjoy-shop\/"},{"@type":"ListItem","position":3,"name":"WASPE Aiviou 150K 6 in 1 Flavors Low Nicotine Wholesale 150000 Big Puff Disposable Vape"}]},{"@type":"WebSite","@id":"https:\/\/vapeenjoy.com\/#website","url":"https:\/\/vapeenjoy.com\/","name":"skutkowaty","description":"Sklep internetowy do sprzeda\u017cy vapes","potentialAction":[{"@type":"SearchAction","target":{"@type":"EntryPoint","urlTemplate":"https:\/\/vapeenjoy.com\/?s={search_term_string}"},"query-input":{"@type":"PropertyValueSpecification","valueRequired":true,"valueName":"search_term_string"}}],"inLanguage":"pl-PL"}]}},"_links":{"self":[{"href":"https:\/\/vapeenjoy.com\/pl\/wp-json\/wp\/v2\/product\/3106","targetHints":{"allow":["GET"]}}],"collection":[{"href":"https:\/\/vapeenjoy.com\/pl\/wp-json\/wp\/v2\/product"}],"about":[{"href":"https:\/\/vapeenjoy.com\/pl\/wp-json\/wp\/v2\/types\/product"}],"replies":[{"embeddable":true,"href":"https:\/\/vapeenjoy.com\/pl\/wp-json\/wp\/v2\/comments?post=3106"}],"version-history":[{"count":3,"href":"https:\/\/vapeenjoy.com\/pl\/wp-json\/wp\/v2\/product\/3106\/revisions"}],"predecessor-version":[{"id":3221,"href":"https:\/\/vapeenjoy.com\/pl\/wp-json\/wp\/v2\/product\/3106\/revisions\/3221"}],"wp:featuredmedia":[{"embeddable":true,"href":"https:\/\/vapeenjoy.com\/pl\/wp-json\/wp\/v2\/media\/3110"}],"wp:attachment":[{"href":"https:\/\/vapeenjoy.com\/pl\/wp-json\/wp\/v2\/media?parent=3106"}],"wp:term":[{"taxonomy":"product_brand","embeddable":true,"href":"https:\/\/vapeenjoy.com\/pl\/wp-json\/wp\/v2\/product_brand?post=3106"},{"taxonomy":"product_cat","embeddable":true,"href":"https:\/\/vapeenjoy.com\/pl\/wp-json\/wp\/v2\/product_cat?post=3106"},{"taxonomy":"product_tag","embeddable":true,"href":"https:\/\/vapeenjoy.com\/pl\/wp-json\/wp\/v2\/product_tag?post=3106"}],"curies":[{"name":"wp","href":"https:\/\/api.w.org\/{rel}","templated":true}]}}