{"id":337,"date":"2025-07-21T10:05:52","date_gmt":"2025-07-21T10:05:52","guid":{"rendered":"https:\/\/vapeenjoy.com\/?post_type=product&#038;p=337"},"modified":"2025-08-26T06:52:57","modified_gmt":"2025-08-26T06:52:57","slug":"uzy-bar-8000-puffs-disposable-vape-14ml-0-5-nicotine-rgb-light","status":"publish","type":"product","link":"https:\/\/vapeenjoy.com\/pl\/produkt\/uzy-bar-8000-puffs-jednorazowe-wapory-14-ml-0-5-nikotyny-rgb-light\/","title":{"rendered":"Uzy Bar 8000 Puffs jednorazowe vape 14ml 0-5% nikotyna RGB Light 1100mAh bateria"},"content":{"rendered":"<h2 dir=\"ltr\" data-pm-slice=\"1 3 []\">Uzy Bar 8000 Puffs Jednorazowe wapory Opis produktu<\/h2>\n<p dir=\"ltr\">Uzy Crafts wysokiej jako\u015bci jednorazowe urz\u0105dzenia do wapowania dla wygody i wspania\u0142ego smaku. Na przyk\u0142ad jednorazowy waporyzator Uzy Bar 8000 Puffs jest idealny dla vaper\u00f3w szukaj\u0105cych d\u0142ugotrwa\u0142ej, \u0142atwej w u\u017cyciu opcji. Dodatkowo elegancki wygl\u0105d i \u017cywe gradientowe wyko\u0144czenie zapewniaj\u0105 przeno\u015bno\u015b\u0107 i styl. Wygodnie mie\u015bci si\u0119 w d\u0142oni. Odwied\u017a Vape Ciesz si\u0119, aby dowiedzie\u0107 si\u0119 wi\u0119cej.<\/p>\n<h2 dir=\"ltr\">Uzy Bar 8000 Puffs Jednorazowe dane techniczne do waporyzowania<\/h2>\n<ul class=\"tight\" dir=\"ltr\" data-tight=\"true\">\n<li>\n<p dir=\"ltr\"><strong>Liczba zaci\u0105gni\u0119\u0107: 8000<\/strong> \u2013 Po pierwsze, oferuje do 8000 zaci\u0105gni\u0119\u0107, dzi\u0119ki czemu trwa d\u0142u\u017cej bez zamiennik\u00f3w.<\/p>\n<\/li>\n<li>\n<p dir=\"ltr\"><strong>Pojemno\u015b\u0107 e-liquid\u00f3w: 14 ml<\/strong> \u2013 Ma r\u00f3wnie\u017c 14 ml e-liquidu soli nikotyny, co zapewnia p\u0142ynne przyci\u0105ganie.<\/p>\n<\/li>\n<li>\n<p dir=\"ltr\"><strong>Si\u0142a nikotyny: 0%, 2%, 3%, 5%<\/strong> \u2013 Ponadto zapewnia dostosowane poziomy nikotyny dla wszystkich preferencji.<\/p>\n<\/li>\n<li>\n<p dir=\"ltr\"><strong>Pojemno\u015b\u0107 baterii: 1100 mAh<\/strong> \u2013 Dodatkowo akumulator zapewnia niezawodn\u0105 moc.<\/p>\n<\/li>\n<li>\n<p dir=\"ltr\"><strong>Typ cewki: cewka siatki 1,2 ohm<\/strong> \u2013 W rezultacie zapewnia sp\u00f3jny, czysty smak.<\/p>\n<\/li>\n<li>\n<p dir=\"ltr\"><strong>Port \u0142adowania: Typ-C<\/strong> \u2013 Ponadto obs\u0142uguje szybkie \u0142adowanie w celu skr\u00f3cenia przestoj\u00f3w.<\/p>\n<\/li>\n<li>\n<p dir=\"ltr\"><strong>Aktywacja: aktywowana remisem<\/strong> \u2013 Dzi\u0119ki temu jest bez guzik\u00f3w i gotowy do u\u017cycia natychmiast.<\/p>\n<\/li>\n<li>\n<p dir=\"ltr\"><strong>\u015bwiat\u0142o RGB<\/strong> \u2013 Wreszcie dynamiczne \u015bwiat\u0142o RGB dodaje wizualnego charakteru.<\/p>\n<\/li>\n<\/ul>\n<h2 dir=\"ltr\">10 opcji smakowych dla ka\u017cdego podniebienia<\/h2>\n<ol class=\"tight\" dir=\"ltr\" data-tight=\"true\">\n<li>\n<p dir=\"ltr\"><strong>l\u00f3d truskawkowy<\/strong> \u2013 Na pocz\u0105tek dojrza\u0142e truskawki zmiksuj z ch\u0142odnym mentolem.<\/p>\n<\/li>\n<li>\n<p dir=\"ltr\"><strong>kiwi marakuja guawa<\/strong> \u2013 Nast\u0119pnie, pikantne kiwi, marakuje i guava mieszaj\u0105 si\u0119 dla tropikalnego smaku.<\/p>\n<\/li>\n<li>\n<p dir=\"ltr\"><strong>l\u00f3d winog<\/strong> \u2013 R\u00f3wnie\u017c odwa\u017cne pary winogron z chrupi\u0105cym, lodowatym wyko\u0144czeniem.<\/p>\n<\/li>\n<li>\n<p dir=\"ltr\"><strong>Cola l\u00f3d<\/strong> \u2013 Podobnie klasyczna cola spotyka si\u0119 z mro\u017c\u0105cym si\u0119 mentolem.<\/p>\n<\/li>\n<li>\n<p dir=\"ltr\"><strong>Lody malinowe z jagodami<\/strong> \u2013 Co wi\u0119cej, cierpkie jagody i maliny maj\u0105 ch\u0142odny ton.<\/p>\n<\/li>\n<li>\n<p dir=\"ltr\"><strong>Arbuz truskawkowy<\/strong> \u2013 Co wi\u0119cej, s\u0142odkie truskawki i arbuz tworz\u0105 owocowy waporyzator.<\/p>\n<\/li>\n<li>\n<p dir=\"ltr\"><strong>Ananas brzoskwiniowy mango<\/strong> \u2013 Podobnie brzoskwiniowa, mango i ananas Fonee dla odwa\u017cnego smaku.<\/p>\n<\/li>\n<li>\n<p dir=\"ltr\"><strong>Mieszane jagody<\/strong> \u2013 W przeciwie\u0144stwie do r\u00f3\u017cnych jag\u00f3d, oferuje bogaty profil owocowy.<\/p>\n<\/li>\n<li>\n<p dir=\"ltr\"><strong>l\u00f3d arbuzowy<\/strong> \u2013 Dodatkowo, chrupi\u0105cy arbuz ma kick mentolowy.<\/p>\n<\/li>\n<li>\n<p dir=\"ltr\"><strong>Jagoda na lodzie<\/strong> \u2013 Wreszcie s\u0142odkie jagody spotykaj\u0105 mro\u017any mentol.<\/p>\n<\/li>\n<\/ol>\n<h2 dir=\"ltr\">Cz\u0119sto zadawane pytania<\/h2>\n<ol dir=\"ltr\">\n<li>\n<p dir=\"ltr\"><strong>Co to jest jednorazowy waporyzator Uzy Bar 8000 Puffs?<\/strong><br \/>\nAby wyja\u015bni\u0107, jest to wygodny jednorazowy waporyzator z 8000 zaci\u0105gni\u0119\u0107, 14 ml e-liquidu i konfigurowalna nikotyna. Sprawd\u017a to na vape ciesz si\u0119.<\/p>\n<\/li>\n<li>\n<p dir=\"ltr\"><strong>Czy mo\u017cna \u0142adowa\u0107 Uzy Bar 8000?<\/strong><br \/>\nTak, jego bateria 1100 mAh i port typu C umo\u017cliwiaj\u0105 szybkie \u0142adowanie.<\/p>\n<\/li>\n<li>\n<p dir=\"ltr\"><strong>Jak wybra\u0107 odpowiedni smak?<\/strong><br \/>\nNa przyk\u0142ad wybierz owocowe mieszanki, takie jak Kiwi Passion Fruit Guava, aby uzyska\u0107 tropikalny klimat lub lodowe opcje, takie jak l\u00f3d truskawkowy, aby orze\u017awi\u0107. Wypr\u00f3buj odmian\u0119 w Vape Enjoy.<\/p>\n<\/li>\n<li>\n<p dir=\"ltr\"><strong>Jakie mocne strony nikotyny s\u0105 dost\u0119pne?<\/strong><br \/>\nW szczeg\u00f3lno\u015bci oferuje nikotyn\u0119 0%, 2%, 3% i 5% wed\u0142ug w\u0142asnych preferencji.<\/p>\n<\/li>\n<li>\n<p dir=\"ltr\"><strong>Jak d\u0142ugo trwa Uzy Bar 8000?<\/strong><br \/>\nOg\u00f3lnie rzecz bior\u0105c, jego 8000 puff\u00f3w i 14 ml e-liquidu w ci\u0105gu ostatnich dni do tygodni, w zale\u017cno\u015bci od u\u017cycia.<\/p>\n<\/li>\n<li>\n<p dir=\"ltr\"><strong>Czy Uzy Bar 8000 wymaga konserwacji?<\/strong><br \/>\nW rzeczywisto\u015bci jest aktywowany remisem i wst\u0119pnie wype\u0142niony, wi\u0119c nie jest potrzebna konserwacja.<\/p>\n<\/li>\n<li>\n<p dir=\"ltr\"><strong>Jaki jest cel \u015bwiat\u0142a RGB?<\/strong><br \/>\nWreszcie, \u015bwiat\u0142o RGB poprawia estetyk\u0119 urz\u0105dzenia podczas u\u017cytkowania.<\/p>\n<\/li>\n<\/ol>\n<p><img fetchpriority=\"high\" decoding=\"async\" class=\"alignnone wp-image-347 size-full\" src=\"https:\/\/vapeenjoy.com\/wp-content\/uploads\/2025\/07\/UZY-BAR-8000-Puffs-Flavor.png\" alt=\"Uzy Bar 8000 Puffs jednorazowe smaki waporyzacyjne\" width=\"1000\" height=\"800\" srcset=\"https:\/\/vapeenjoy.com\/wp-content\/uploads\/2025\/07\/UZY-BAR-8000-Puffs-Flavor.png 1000w, https:\/\/vapeenjoy.com\/wp-content\/uploads\/2025\/07\/UZY-BAR-8000-Puffs-Flavor-150x120.png 150w, https:\/\/vapeenjoy.com\/wp-content\/uploads\/2025\/07\/UZY-BAR-8000-Puffs-Flavor-600x480.png 600w, https:\/\/vapeenjoy.com\/wp-content\/uploads\/2025\/07\/UZY-BAR-8000-Puffs-Flavor-300x240.png 300w, https:\/\/vapeenjoy.com\/wp-content\/uploads\/2025\/07\/UZY-BAR-8000-Puffs-Flavor-768x614.png 768w\" sizes=\"(max-width: 1000px) 100vw, 1000px\" \/><\/p>","protected":false},"excerpt":{"rendered":"<p dir=\"auto\">Uzy dostarcza wysokiej jako\u015bci jednorazowe urz\u0105dzenia do wapowania dla wygody i smaku. Jednorazowy waporyzator Uzy Bar 8000 Puffs oferuje elegancki wygl\u0105d, pojemno\u015b\u0107 14 ml e-liquidu, do 8000 zaci\u0105gni\u0119\u0107, opcje nikotynowe 0-5% i akumulator 1100 mAh z \u0142adowaniem USB typu C, co zapewnia trwa\u0142\u0105 wydajno\u015b\u0107.<\/p>","protected":false},"featured_media":340,"comment_status":"open","ping_status":"closed","template":"","meta":[],"product_brand":[38],"product_cat":[40],"product_tag":[64,90],"class_list":{"0":"post-337","1":"product","2":"type-product","3":"status-publish","4":"has-post-thumbnail","6":"product_brand-uzy-vape","7":"product_cat-8k-pufffs-vape","8":"product_tag-0-5-nicotine","9":"product_tag-14ml","11":"first","12":"instock","13":"sale","14":"shipping-taxable","15":"purchasable","16":"product-type-variable"},"yoast_head":"<!-- This site is optimized with the Yoast SEO plugin v25.7 - https:\/\/yoast.com\/wordpress\/plugins\/seo\/ -->\n<title>UZY Bar 8000 Puffs Disposable Vape 14ml e-liquid 0-5% Nicotine<\/title>\n<meta name=\"description\" content=\"UZY Bar 8000 Puffs Disposable Vape: 14ml, 0-5% nicotine, RGB light, 1100mAh battery. 10 bold flavors for lasting performance. Shop now!\" \/>\n<meta name=\"robots\" content=\"index, follow, max-snippet:-1, max-image-preview:large, max-video-preview:-1\" \/>\n<link rel=\"canonical\" href=\"https:\/\/vapeenjoy.com\/pl\/produkt\/uzy-bar-8000-puffs-jednorazowe-wapory-14-ml-0-5-nikotyny-rgb-light\/\" \/>\n<meta property=\"og:locale\" content=\"pl_PL\" \/>\n<meta property=\"og:type\" content=\"article\" \/>\n<meta property=\"og:title\" content=\"UZY Bar 8000 Puffs Disposable Vape 14ml e-liquid 0-5% Nicotine\" \/>\n<meta property=\"og:description\" content=\"UZY Bar 8000 Puffs Disposable Vape: 14ml, 0-5% nicotine, RGB light, 1100mAh battery. 10 bold flavors for lasting performance. Shop now!\" \/>\n<meta property=\"og:url\" content=\"https:\/\/vapeenjoy.com\/pl\/produkt\/uzy-bar-8000-puffs-jednorazowe-wapory-14-ml-0-5-nikotyny-rgb-light\/\" \/>\n<meta property=\"og:site_name\" content=\"vapeenjoy\" \/>\n<meta property=\"article:modified_time\" content=\"2025-08-26T06:52:57+00:00\" \/>\n<meta property=\"og:image\" content=\"https:\/\/vapeenjoy.com\/wp-content\/uploads\/2025\/07\/UZY_BAR_8000puffs_06.jpg\" \/>\n\t<meta property=\"og:image:width\" content=\"1600\" \/>\n\t<meta property=\"og:image:height\" content=\"1600\" \/>\n\t<meta property=\"og:image:type\" content=\"image\/jpeg\" \/>\n<meta name=\"twitter:card\" content=\"summary_large_image\" \/>\n<meta name=\"twitter:label1\" content=\"Szacowany czas czytania\" \/>\n\t<meta name=\"twitter:data1\" content=\"3 minuty\" \/>\n<script type=\"application\/ld+json\" class=\"yoast-schema-graph\">{\"@context\":\"https:\/\/schema.org\",\"@graph\":[{\"@type\":\"WebPage\",\"@id\":\"https:\/\/vapeenjoy.com\/product\/uzy-bar-8000-puffs-disposable-vape-14ml-0-5-nicotine-rgb-light\/\",\"url\":\"https:\/\/vapeenjoy.com\/product\/uzy-bar-8000-puffs-disposable-vape-14ml-0-5-nicotine-rgb-light\/\",\"name\":\"UZY Bar 8000 Puffs Disposable Vape 14ml e-liquid 0-5% Nicotine\",\"isPartOf\":{\"@id\":\"https:\/\/vapeenjoy.com\/#website\"},\"primaryImageOfPage\":{\"@id\":\"https:\/\/vapeenjoy.com\/product\/uzy-bar-8000-puffs-disposable-vape-14ml-0-5-nicotine-rgb-light\/#primaryimage\"},\"image\":{\"@id\":\"https:\/\/vapeenjoy.com\/product\/uzy-bar-8000-puffs-disposable-vape-14ml-0-5-nicotine-rgb-light\/#primaryimage\"},\"thumbnailUrl\":\"https:\/\/vapeenjoy.com\/wp-content\/uploads\/2025\/07\/UZY_BAR_8000puffs_06.jpg\",\"datePublished\":\"2025-07-21T10:05:52+00:00\",\"dateModified\":\"2025-08-26T06:52:57+00:00\",\"description\":\"UZY Bar 8000 Puffs Disposable Vape: 14ml, 0-5% nicotine, RGB light, 1100mAh battery. 10 bold flavors for lasting performance. Shop now!\",\"breadcrumb\":{\"@id\":\"https:\/\/vapeenjoy.com\/product\/uzy-bar-8000-puffs-disposable-vape-14ml-0-5-nicotine-rgb-light\/#breadcrumb\"},\"inLanguage\":\"pl-PL\",\"potentialAction\":[{\"@type\":\"ReadAction\",\"target\":[\"https:\/\/vapeenjoy.com\/product\/uzy-bar-8000-puffs-disposable-vape-14ml-0-5-nicotine-rgb-light\/\"]}]},{\"@type\":\"ImageObject\",\"inLanguage\":\"pl-PL\",\"@id\":\"https:\/\/vapeenjoy.com\/product\/uzy-bar-8000-puffs-disposable-vape-14ml-0-5-nicotine-rgb-light\/#primaryimage\",\"url\":\"https:\/\/vapeenjoy.com\/wp-content\/uploads\/2025\/07\/UZY_BAR_8000puffs_06.jpg\",\"contentUrl\":\"https:\/\/vapeenjoy.com\/wp-content\/uploads\/2025\/07\/UZY_BAR_8000puffs_06.jpg\",\"width\":1600,\"height\":1600},{\"@type\":\"BreadcrumbList\",\"@id\":\"https:\/\/vapeenjoy.com\/product\/uzy-bar-8000-puffs-disposable-vape-14ml-0-5-nicotine-rgb-light\/#breadcrumb\",\"itemListElement\":[{\"@type\":\"ListItem\",\"position\":1,\"name\":\"Home\",\"item\":\"https:\/\/vapeenjoy.com\/\"},{\"@type\":\"ListItem\",\"position\":2,\"name\":\"Shop\",\"item\":\"https:\/\/vapeenjoy.com\/vapeenjoy-shop\/\"},{\"@type\":\"ListItem\",\"position\":3,\"name\":\"UZY Bar 8000 Puffs Disposable Vape 14ml 0-5% Nicotine RGB Light 1100mAh Battery\"}]},{\"@type\":\"WebSite\",\"@id\":\"https:\/\/vapeenjoy.com\/#website\",\"url\":\"https:\/\/vapeenjoy.com\/\",\"name\":\"vapeenjoy\",\"description\":\"An online store for selling vapes\",\"potentialAction\":[{\"@type\":\"SearchAction\",\"target\":{\"@type\":\"EntryPoint\",\"urlTemplate\":\"https:\/\/vapeenjoy.com\/?s={search_term_string}\"},\"query-input\":{\"@type\":\"PropertyValueSpecification\",\"valueRequired\":true,\"valueName\":\"search_term_string\"}}],\"inLanguage\":\"pl-PL\"}]}<\/script>\n<!-- \/ Yoast SEO plugin. -->","yoast_head_json":{"title":"Uzy Bar 8000 Puffs jednorazowe vape 14ml e-liquid 0-5% Nikotyna","description":"Uzy Bar 8000 Puffs Jednorazowe wapory: 14 ml, 0-5% Nikotyna, \u015awiat\u0142o RGB, Bateria 1100 mAh. 10 odwa\u017cnych smak\u00f3w zapewniaj\u0105cych trwa\u0142o\u015b\u0107. Kupuj teraz!","robots":{"index":"index","follow":"follow","max-snippet":"max-snippet:-1","max-image-preview":"max-image-preview:large","max-video-preview":"max-video-preview:-1"},"canonical":"https:\/\/vapeenjoy.com\/pl\/produkt\/uzy-bar-8000-puffs-jednorazowe-wapory-14-ml-0-5-nikotyny-rgb-light\/","og_locale":"pl_PL","og_type":"article","og_title":"UZY Bar 8000 Puffs Disposable Vape 14ml e-liquid 0-5% Nicotine","og_description":"UZY Bar 8000 Puffs Disposable Vape: 14ml, 0-5% nicotine, RGB light, 1100mAh battery. 10 bold flavors for lasting performance. Shop now!","og_url":"https:\/\/vapeenjoy.com\/pl\/produkt\/uzy-bar-8000-puffs-jednorazowe-wapory-14-ml-0-5-nikotyny-rgb-light\/","og_site_name":"vapeenjoy","article_modified_time":"2025-08-26T06:52:57+00:00","og_image":[{"width":1600,"height":1600,"url":"https:\/\/vapeenjoy.com\/wp-content\/uploads\/2025\/07\/UZY_BAR_8000puffs_06.jpg","type":"image\/jpeg"}],"twitter_card":"summary_large_image","twitter_misc":{"Szacowany czas czytania":"3 minuty"},"schema":{"@context":"https:\/\/schema.org","@graph":[{"@type":"WebPage","@id":"https:\/\/vapeenjoy.com\/product\/uzy-bar-8000-puffs-disposable-vape-14ml-0-5-nicotine-rgb-light\/","url":"https:\/\/vapeenjoy.com\/product\/uzy-bar-8000-puffs-disposable-vape-14ml-0-5-nicotine-rgb-light\/","name":"Uzy Bar 8000 Puffs jednorazowe vape 14ml e-liquid 0-5% Nikotyna","isPartOf":{"@id":"https:\/\/vapeenjoy.com\/#website"},"primaryImageOfPage":{"@id":"https:\/\/vapeenjoy.com\/product\/uzy-bar-8000-puffs-disposable-vape-14ml-0-5-nicotine-rgb-light\/#primaryimage"},"image":{"@id":"https:\/\/vapeenjoy.com\/product\/uzy-bar-8000-puffs-disposable-vape-14ml-0-5-nicotine-rgb-light\/#primaryimage"},"thumbnailUrl":"https:\/\/vapeenjoy.com\/wp-content\/uploads\/2025\/07\/UZY_BAR_8000puffs_06.jpg","datePublished":"2025-07-21T10:05:52+00:00","dateModified":"2025-08-26T06:52:57+00:00","description":"Uzy Bar 8000 Puffs Jednorazowe wapory: 14 ml, 0-5% Nikotyna, \u015awiat\u0142o RGB, Bateria 1100 mAh. 10 odwa\u017cnych smak\u00f3w zapewniaj\u0105cych trwa\u0142o\u015b\u0107. Kupuj teraz!","breadcrumb":{"@id":"https:\/\/vapeenjoy.com\/product\/uzy-bar-8000-puffs-disposable-vape-14ml-0-5-nicotine-rgb-light\/#breadcrumb"},"inLanguage":"pl-PL","potentialAction":[{"@type":"ReadAction","target":["https:\/\/vapeenjoy.com\/product\/uzy-bar-8000-puffs-disposable-vape-14ml-0-5-nicotine-rgb-light\/"]}]},{"@type":"ImageObject","inLanguage":"pl-PL","@id":"https:\/\/vapeenjoy.com\/product\/uzy-bar-8000-puffs-disposable-vape-14ml-0-5-nicotine-rgb-light\/#primaryimage","url":"https:\/\/vapeenjoy.com\/wp-content\/uploads\/2025\/07\/UZY_BAR_8000puffs_06.jpg","contentUrl":"https:\/\/vapeenjoy.com\/wp-content\/uploads\/2025\/07\/UZY_BAR_8000puffs_06.jpg","width":1600,"height":1600},{"@type":"BreadcrumbList","@id":"https:\/\/vapeenjoy.com\/product\/uzy-bar-8000-puffs-disposable-vape-14ml-0-5-nicotine-rgb-light\/#breadcrumb","itemListElement":[{"@type":"ListItem","position":1,"name":"Home","item":"https:\/\/vapeenjoy.com\/"},{"@type":"ListItem","position":2,"name":"Shop","item":"https:\/\/vapeenjoy.com\/vapeenjoy-shop\/"},{"@type":"ListItem","position":3,"name":"UZY Bar 8000 Puffs Disposable Vape 14ml 0-5% Nicotine RGB Light 1100mAh Battery"}]},{"@type":"WebSite","@id":"https:\/\/vapeenjoy.com\/#website","url":"https:\/\/vapeenjoy.com\/","name":"skutkowaty","description":"Sklep internetowy do sprzeda\u017cy vapes","potentialAction":[{"@type":"SearchAction","target":{"@type":"EntryPoint","urlTemplate":"https:\/\/vapeenjoy.com\/?s={search_term_string}"},"query-input":{"@type":"PropertyValueSpecification","valueRequired":true,"valueName":"search_term_string"}}],"inLanguage":"pl-PL"}]}},"_links":{"self":[{"href":"https:\/\/vapeenjoy.com\/pl\/wp-json\/wp\/v2\/product\/337","targetHints":{"allow":["GET"]}}],"collection":[{"href":"https:\/\/vapeenjoy.com\/pl\/wp-json\/wp\/v2\/product"}],"about":[{"href":"https:\/\/vapeenjoy.com\/pl\/wp-json\/wp\/v2\/types\/product"}],"replies":[{"embeddable":true,"href":"https:\/\/vapeenjoy.com\/pl\/wp-json\/wp\/v2\/comments?post=337"}],"version-history":[{"count":4,"href":"https:\/\/vapeenjoy.com\/pl\/wp-json\/wp\/v2\/product\/337\/revisions"}],"predecessor-version":[{"id":2583,"href":"https:\/\/vapeenjoy.com\/pl\/wp-json\/wp\/v2\/product\/337\/revisions\/2583"}],"wp:featuredmedia":[{"embeddable":true,"href":"https:\/\/vapeenjoy.com\/pl\/wp-json\/wp\/v2\/media\/340"}],"wp:attachment":[{"href":"https:\/\/vapeenjoy.com\/pl\/wp-json\/wp\/v2\/media?parent=337"}],"wp:term":[{"taxonomy":"product_brand","embeddable":true,"href":"https:\/\/vapeenjoy.com\/pl\/wp-json\/wp\/v2\/product_brand?post=337"},{"taxonomy":"product_cat","embeddable":true,"href":"https:\/\/vapeenjoy.com\/pl\/wp-json\/wp\/v2\/product_cat?post=337"},{"taxonomy":"product_tag","embeddable":true,"href":"https:\/\/vapeenjoy.com\/pl\/wp-json\/wp\/v2\/product_tag?post=337"}],"curies":[{"name":"wp","href":"https:\/\/api.w.org\/{rel}","templated":true}]}}