{"id":358,"date":"2025-07-22T02:47:23","date_gmt":"2025-07-22T02:47:23","guid":{"rendered":"https:\/\/vapeenjoy.com\/?post_type=product&#038;p=358"},"modified":"2025-08-19T02:49:50","modified_gmt":"2025-08-19T02:49:50","slug":"waspe-40000-puffs-double-flavor-disposable-vape","status":"publish","type":"product","link":"https:\/\/vapeenjoy.com\/pl\/produkt\/wape-40000-puffs-podwojny-smak-jednorazowy-waporyzator\/","title":{"rendered":"WASPE 40000 Puffs podw\u00f3jny smak jednorazowy vape 36ml 0-5% nikotyny typu C \u0142adowanie"},"content":{"rendered":"<h2 dir=\"ltr\" data-pm-slice=\"1 3 []\">WASPE 40000 Puffs Podw\u00f3jny smak jednorazowy opis waporyzatora<\/h2>\n<p dir=\"ltr\">Waspe s\u0142ynie z dostarczania wysokiej jako\u015bci rozwi\u0105za\u0144 waporyzacyjnych o innowacyjnych projektach. Dlatego jednorazowy waporyzator WASPE 40000 Puffs Double Flavour wyr\u00f3\u017cnia si\u0119 imponuj\u0105c\u0105 liczb\u0105 zaci\u0105gni\u0119\u0107 i unikalnym systemem podw\u00f3jnego smaku. Dodatkowo, elegancki, kryszta\u0142owy design w po\u0142\u0105czeniu z inteligentnym wy\u015bwietlaczem LED zapewnia zar\u00f3wno atrakcyjno\u015b\u0107 wizualn\u0105, jak i praktyczn\u0105 funkcjonalno\u015b\u0107 w codziennym u\u017cytkowaniu.<\/p>\n<h2 dir=\"ltr\">WASPE 40000 Puffs Jednorazowe dane techniczne<\/h2>\n<ul class=\"tight\" dir=\"ltr\" data-tight=\"true\">\n<li>\n<p dir=\"ltr\"><strong>Pojemno\u015b\u0107 dmucha<\/strong>: 40 000 PUFFS \u2013 W zwi\u0105zku z tym zapewnia rozszerzone u\u017cytkowanie bez cz\u0119stych zamiennik\u00f3w.<\/p>\n<\/li>\n<li>\n<p dir=\"ltr\"><strong>Pojemno\u015b\u0107 e-liquid\u00f3w<\/strong>: 36ml \u2013 Na przyk\u0142ad dwie komory o pojemno\u015bci 18 ml obs\u0142uguj\u0105 podw\u00f3jne smaki do przed\u0142u\u017conej waporyzacji.<\/p>\n<\/li>\n<li>\n<p dir=\"ltr\"><strong>Si\u0142a nikotyny<\/strong>: 0%, 2%, 5% \u2013 W ten spos\u00f3b spe\u0142nia preferencje od nikotyny do mocniejszych trafie\u0144.<\/p>\n<\/li>\n<li>\n<p dir=\"ltr\"><strong>Pojemno\u015b\u0107 baterii<\/strong>: 850 mAh \u2013 Co wi\u0119cej, akumulator zapewnia niezawodn\u0105 moc.<\/p>\n<\/li>\n<li>\n<p dir=\"ltr\"><strong>Rodzaj \u0142adowania<\/strong>: Typ-C \u2013 W rezultacie oferuje szybkie \u0142adowanie przy minimalnym przestoju.<\/p>\n<\/li>\n<li>\n<p dir=\"ltr\"><strong>Typ cewki<\/strong>: Podw\u00f3jne cewki siatki 0,9\u03a9 \u2013 dzi\u0119ki czemu zapewnia sta\u0142y smak i g\u0142adk\u0105 par\u0119.<\/p>\n<\/li>\n<li>\n<p dir=\"ltr\"><strong>manifest<\/strong>: Smart LED \u2013 Ponadto pokazuje poziomy baterii i e-liquid\u00f3w w czasie rzeczywistym.<\/p>\n<\/li>\n<li>\n<p dir=\"ltr\"><strong>SYSTEM PRZY<\/strong>: Podw\u00f3jny smak \u2013 dzi\u0119ki czemu umo\u017cliwia bezproblemowe prze\u0142\u0105czanie mi\u0119dzy dwoma smakami.<\/p>\n<\/li>\n<\/ul>\n<h2 dir=\"ltr\">16 kombinacji smakowych<\/h2>\n<ol class=\"tight\" dir=\"ltr\" data-tight=\"true\">\n<li>\n<p dir=\"ltr\"><strong>Lod z arbuza i limonka cytrynowa<\/strong> \u2013 Na przyk\u0142ad soczysty arbuz z parami mentolowymi z pikantnym cytrynowym limonk\u0105.<\/p>\n<\/li>\n<li>\n<p dir=\"ltr\"><strong>Fizzy Ice Cherry Ice &amp; Blueberry Wata cukrowa<\/strong> \u2013 Podobnie, musuj\u0105ca wi\u015bnia z ch\u0142odnym akcentem uzupe\u0142nia s\u0142odk\u0105 jagodow\u0105 wat\u0119.<\/p>\n<\/li>\n<li>\n<p dir=\"ltr\"><strong>Arbuz truskawkowy i malina jagodowa<\/strong> \u2013 Tak wi\u0119c s\u0142odka truskawka-arbuz \u0142\u0105czy si\u0119 z cierpkim malinowym malinowym.<\/p>\n<\/li>\n<li>\n<p dir=\"ltr\"><strong>Red Bull Ice &amp; Truskawkowe Mango<\/strong> \u2013 Podobnie, energetyzuj\u0105cy Red Bull z mentolem do\u0142\u0105cza do Tropical Strawberry-Mango.<\/p>\n<\/li>\n<li>\n<p dir=\"ltr\"><strong>Brzoskwinia Lod i ananas Peach Brzoskwinia<\/strong> \u2013 W konsekwencji chrupi\u0105ca brzoskwinia z mentolem uzupe\u0142nia soczyst\u0105 ananasowo-mango-brzoskwiniow\u0105.<\/p>\n<\/li>\n<li>\n<p dir=\"ltr\"><strong>Lod winogronowy i truskawkowy Kiwi<\/strong> \u2013 Co wi\u0119cej, pogrubione winogrono z mentolem pasuje do s\u0142odkiej truskawek-kiwi.<\/p>\n<\/li>\n<li>\n<p dir=\"ltr\"><strong>Mieszane jagody i podw\u00f3jny l\u00f3d jab\u0142kowy<\/strong> \u2013 Dlatego dojrza\u0142e jagody \u0142\u0105cz\u0105 si\u0119 z chrupi\u0105cym jab\u0142kiem i mentolem.<\/p>\n<\/li>\n<li>\n<p dir=\"ltr\"><strong>Niebieska lemoniada i arbuz z arbuzem guma do \u017cucia<\/strong> \u2013 Na przyk\u0142ad tarta Blue Raspberry Lemonade do\u0142\u0105cza do Sweet Watermelon Bubblegum.<\/p>\n<\/li>\n<li>\n<p dir=\"ltr\"><strong>Truskawka Malina Wi\u015bnia i Mi\u0142o\u015b\u0107 666<\/strong> \u2013 Dlatego \u017cywe mieszanki jag\u00f3d miesza si\u0119 ze s\u0142odk\u0105 mi\u0142o\u015bci\u0105 666.<\/p>\n<\/li>\n<li>\n<p dir=\"ltr\"><strong>Truskawkowy banan i ananas l\u00f3d kokosowy<\/strong> \u2013 Podobnie kremowe truskawkowo-bananowe pary z ch\u0142odnym ananasem-kokosem.<\/p>\n<\/li>\n<li>\n<p dir=\"ltr\"><strong>Guma truskawkowa z truskawkami i owocami mieszanymi<\/strong> \u2013 W rezultacie s\u0142odka guma do \u017cucia uzupe\u0142nia zr\u00f3\u017cnicowan\u0105 sk\u0142adank\u0119 owocow\u0105.<\/p>\n<\/li>\n<li>\n<p dir=\"ltr\"><strong>Cherry Cola Lod i truskawka Malina Cukierki<\/strong> \u2013 Tak wi\u0119c Fizzy Cherry Cola z mentolem do\u0142\u0105cza do s\u0142odkich cukierk\u00f3w.<\/p>\n<\/li>\n<li>\n<p dir=\"ltr\"><strong>Kwa\u015bne jab\u0142ko malina i truskawka Wielki Wybuch<\/strong> \u2013 Podobnie tarta jab\u0142ko-malinowe miesza si\u0119 z odwa\u017cn\u0105 truskawk\u0105.<\/p>\n<\/li>\n<li>\n<p dir=\"ltr\"><strong>Brzoskwinia Jagoda i Arbuz Peach<\/strong> \u2013 Na przyk\u0142ad soczyste po\u0142\u0105czenie brzoskwi\u0144-berry z tropikalnym arbuzowo-mango-brzoskwini\u0105.<\/p>\n<\/li>\n<li>\n<p dir=\"ltr\"><strong>Lod jagodowy i czarny smok l\u00f3d<\/strong> \u2013 W konsekwencji Cool Blueberry do\u0142\u0105cza do odwa\u017cnego czarnego owocu smoka.<\/p>\n<\/li>\n<li>\n<p dir=\"ltr\"><strong>Wi\u015bnia truskawkowa i marakuja Kiwi<\/strong> \u2013 St\u0105d s\u0142odka truskawka-wi\u015bnia \u0142\u0105czy si\u0119 z egzotycznym owocem kiwi-pasji.<\/p>\n<\/li>\n<\/ol>\n<h2 dir=\"ltr\">Najcz\u0119\u015bciej zadawane pytania<\/h2>\n<ol class=\"tight\" dir=\"ltr\" data-tight=\"true\">\n<li>\n<p dir=\"ltr\"><strong>Jak dzia\u0142a system podw\u00f3jnego smaku?<\/strong><br \/>\nNa przyk\u0142ad dwie komory o pojemno\u015bci 18 ml maj\u0105 r\u00f3\u017cne smaki i mo\u017cna prze\u0142\u0105cza\u0107 za pomoc\u0105 ustnika typu slide-to-switch.<\/p>\n<\/li>\n<li>\n<p dir=\"ltr\"><strong>Jak d\u0142ugo to trwa?<\/strong><br \/>\nCo wi\u0119cej, do 40 000 zaci\u0105gni\u0119\u0107 mo\u017ce trwa\u0107 kilka tygodni, w zale\u017cno\u015bci od u\u017cycia.<\/p>\n<\/li>\n<li>\n<p dir=\"ltr\"><strong>Czy bateria jest \u0142adowana?<\/strong><br \/>\nRzeczywi\u015bcie, bateria 850 mAh \u0142aduje si\u0119 za pomoc\u0105 Typu-C, aby zapewni\u0107 wydajne u\u017cytkowanie.<\/p>\n<\/li>\n<li>\n<p dir=\"ltr\"><strong>Jak monitorowa\u0107 u\u017cycie?<\/strong><br \/>\nDodatkowo wy\u015bwietlacz LED pokazuje poziomy baterii i e-liquid\u00f3w w czasie rzeczywistym.<\/p>\n<\/li>\n<li>\n<p dir=\"ltr\"><strong>Jak wybra\u0107 smaki?<\/strong><br \/>\nNa przyk\u0142ad wybierz mieszanki owocowe dla s\u0142odyczy, lodowate opcje dla ch\u0142odu lub odwa\u017cne mieszanki dla r\u00f3\u017cnorodno\u015bci. Przetestuj, aby znale\u017a\u0107 sw\u00f3j ulubiony.<\/p>\n<\/li>\n<li>\n<p dir=\"ltr\"><strong>Czy mocne strony nikotyny s\u0105 odpowiednie dla wszystkich?<\/strong><br \/>\nDlatego opcje nikotyny 0%, 2% i 5% odpowiadaj\u0105 r\u00f3\u017cnym preferencjam.<\/p>\n<\/li>\n<\/ol>\n<p><img fetchpriority=\"high\" decoding=\"async\" class=\"alignnone wp-image-359 size-full\" src=\"https:\/\/vapeenjoy.com\/wp-content\/uploads\/2025\/07\/\u5168\u5bb6\u798f-scaled.jpg\" alt=\"WASPE 40000 Puffs Podw\u00f3jny smak jednorazowe smaki waporyzacyjne\" width=\"2156\" height=\"2560\" srcset=\"https:\/\/vapeenjoy.com\/wp-content\/uploads\/2025\/07\/\u5168\u5bb6\u798f-scaled.jpg 2156w, https:\/\/vapeenjoy.com\/wp-content\/uploads\/2025\/07\/\u5168\u5bb6\u798f-scaled-150x178.jpg 150w, https:\/\/vapeenjoy.com\/wp-content\/uploads\/2025\/07\/\u5168\u5bb6\u798f-scaled-1200x1425.jpg 1200w, https:\/\/vapeenjoy.com\/wp-content\/uploads\/2025\/07\/\u5168\u5bb6\u798f-253x300.jpg 253w, https:\/\/vapeenjoy.com\/wp-content\/uploads\/2025\/07\/\u5168\u5bb6\u798f-863x1024.jpg 863w, https:\/\/vapeenjoy.com\/wp-content\/uploads\/2025\/07\/\u5168\u5bb6\u798f-768x912.jpg 768w, https:\/\/vapeenjoy.com\/wp-content\/uploads\/2025\/07\/\u5168\u5bb6\u798f-1294x1536.jpg 1294w, https:\/\/vapeenjoy.com\/wp-content\/uploads\/2025\/07\/\u5168\u5bb6\u798f-1725x2048.jpg 1725w\" sizes=\"(max-width: 2156px) 100vw, 2156px\" \/><\/p>","protected":false},"excerpt":{"rendered":"<p>Waspe oferuje innowacyjn\u0105 waporyzacj\u0119 z jednorazowym waporyzatorem 40000 Puffs. To urz\u0105dzenie zapewnia 40 000 zaci\u0105gni\u0119\u0107, 36 ml dwup\u0142ynowego e-liquidu i bateri\u0119 850 mAh. Dzi\u0119ki wy\u015bwietlaczowi LED, podw\u00f3jnym cewkom 0,9 \u03a9 i 16 kombinacjom smakowym zapewnia d\u0142ugotrwa\u0142e, aromatyczne waporyzacja.<\/p>","protected":false},"featured_media":370,"comment_status":"open","ping_status":"closed","template":"","meta":[],"product_brand":[41],"product_cat":[23],"product_tag":[64,67,92],"class_list":{"0":"post-358","1":"product","2":"type-product","3":"status-publish","4":"has-post-thumbnail","6":"product_brand-waspe-vape","7":"product_cat-40000-puffs-vape","8":"product_tag-0-5-nicotine","9":"product_tag-36ml","10":"product_tag-double-flavor","12":"first","13":"instock","14":"sale","15":"shipping-taxable","16":"purchasable","17":"product-type-variable"},"yoast_head":"<!-- This site is optimized with the Yoast SEO plugin v25.7 - https:\/\/yoast.com\/wordpress\/plugins\/seo\/ -->\n<title>WASPE 40000 Puffs Double Flavor Disposable Vape 36ml e-liquid<\/title>\n<meta name=\"description\" content=\"Get the WASPE 40000 Puffs Dual Flavor Vape with 36mL e-liquid, 0-5% nicotine, and Type-C charging. Dual flavors, LED display. Fast shipping!\" \/>\n<meta name=\"robots\" content=\"index, follow, max-snippet:-1, max-image-preview:large, max-video-preview:-1\" \/>\n<link rel=\"canonical\" href=\"https:\/\/vapeenjoy.com\/pl\/produkt\/wape-40000-puffs-podwojny-smak-jednorazowy-waporyzator\/\" \/>\n<meta property=\"og:locale\" content=\"pl_PL\" \/>\n<meta property=\"og:type\" content=\"article\" \/>\n<meta property=\"og:title\" content=\"WASPE 40000 Puffs Double Flavor Disposable Vape 36ml e-liquid\" \/>\n<meta property=\"og:description\" content=\"Get the WASPE 40000 Puffs Dual Flavor Vape with 36mL e-liquid, 0-5% nicotine, and Type-C charging. Dual flavors, LED display. Fast shipping!\" \/>\n<meta property=\"og:url\" content=\"https:\/\/vapeenjoy.com\/pl\/produkt\/wape-40000-puffs-podwojny-smak-jednorazowy-waporyzator\/\" \/>\n<meta property=\"og:site_name\" content=\"vapeenjoy\" \/>\n<meta property=\"article:modified_time\" content=\"2025-08-19T02:49:50+00:00\" \/>\n<meta property=\"og:image\" content=\"https:\/\/vapeenjoy.com\/wp-content\/uploads\/2025\/07\/\u573a\u666f020075.jpg\" \/>\n\t<meta property=\"og:image:width\" content=\"1500\" \/>\n\t<meta property=\"og:image:height\" content=\"1500\" \/>\n\t<meta property=\"og:image:type\" content=\"image\/jpeg\" \/>\n<meta name=\"twitter:card\" content=\"summary_large_image\" \/>\n<meta name=\"twitter:label1\" content=\"Szacowany czas czytania\" \/>\n\t<meta name=\"twitter:data1\" content=\"3 minuty\" \/>\n<script type=\"application\/ld+json\" class=\"yoast-schema-graph\">{\"@context\":\"https:\/\/schema.org\",\"@graph\":[{\"@type\":\"WebPage\",\"@id\":\"https:\/\/vapeenjoy.com\/product\/waspe-40000-puffs-double-flavor-disposable-vape\/\",\"url\":\"https:\/\/vapeenjoy.com\/product\/waspe-40000-puffs-double-flavor-disposable-vape\/\",\"name\":\"WASPE 40000 Puffs Double Flavor Disposable Vape 36ml e-liquid\",\"isPartOf\":{\"@id\":\"https:\/\/vapeenjoy.com\/#website\"},\"primaryImageOfPage\":{\"@id\":\"https:\/\/vapeenjoy.com\/product\/waspe-40000-puffs-double-flavor-disposable-vape\/#primaryimage\"},\"image\":{\"@id\":\"https:\/\/vapeenjoy.com\/product\/waspe-40000-puffs-double-flavor-disposable-vape\/#primaryimage\"},\"thumbnailUrl\":\"https:\/\/vapeenjoy.com\/wp-content\/uploads\/2025\/07\/\u573a\u666f020075.jpg\",\"datePublished\":\"2025-07-22T02:47:23+00:00\",\"dateModified\":\"2025-08-19T02:49:50+00:00\",\"description\":\"Get the WASPE 40000 Puffs Dual Flavor Vape with 36mL e-liquid, 0-5% nicotine, and Type-C charging. Dual flavors, LED display. Fast shipping!\",\"breadcrumb\":{\"@id\":\"https:\/\/vapeenjoy.com\/product\/waspe-40000-puffs-double-flavor-disposable-vape\/#breadcrumb\"},\"inLanguage\":\"pl-PL\",\"potentialAction\":[{\"@type\":\"ReadAction\",\"target\":[\"https:\/\/vapeenjoy.com\/product\/waspe-40000-puffs-double-flavor-disposable-vape\/\"]}]},{\"@type\":\"ImageObject\",\"inLanguage\":\"pl-PL\",\"@id\":\"https:\/\/vapeenjoy.com\/product\/waspe-40000-puffs-double-flavor-disposable-vape\/#primaryimage\",\"url\":\"https:\/\/vapeenjoy.com\/wp-content\/uploads\/2025\/07\/\u573a\u666f020075.jpg\",\"contentUrl\":\"https:\/\/vapeenjoy.com\/wp-content\/uploads\/2025\/07\/\u573a\u666f020075.jpg\",\"width\":1500,\"height\":1500,\"caption\":\"waspe 40000 puffs vape\"},{\"@type\":\"BreadcrumbList\",\"@id\":\"https:\/\/vapeenjoy.com\/product\/waspe-40000-puffs-double-flavor-disposable-vape\/#breadcrumb\",\"itemListElement\":[{\"@type\":\"ListItem\",\"position\":1,\"name\":\"Home\",\"item\":\"https:\/\/vapeenjoy.com\/\"},{\"@type\":\"ListItem\",\"position\":2,\"name\":\"Shop\",\"item\":\"https:\/\/vapeenjoy.com\/vapeenjoy-shop\/\"},{\"@type\":\"ListItem\",\"position\":3,\"name\":\"WASPE 40000 Puffs Double Flavor Disposable Vape 36ml 0-5% Nicotine Type-C Recharge\"}]},{\"@type\":\"WebSite\",\"@id\":\"https:\/\/vapeenjoy.com\/#website\",\"url\":\"https:\/\/vapeenjoy.com\/\",\"name\":\"vapeenjoy\",\"description\":\"An online store for selling vapes\",\"potentialAction\":[{\"@type\":\"SearchAction\",\"target\":{\"@type\":\"EntryPoint\",\"urlTemplate\":\"https:\/\/vapeenjoy.com\/?s={search_term_string}\"},\"query-input\":{\"@type\":\"PropertyValueSpecification\",\"valueRequired\":true,\"valueName\":\"search_term_string\"}}],\"inLanguage\":\"pl-PL\"}]}<\/script>\n<!-- \/ Yoast SEO plugin. -->","yoast_head_json":{"title":"WASPE 40000 Puffs Podw\u00f3jny smak jednorazowy Vape 36ml E-liquid","description":"Zdob\u0105d\u017a waporyzator WASPE 40000 Puffs Dual Flavour z 36 ml E-liquid, nikotyn\u0105 0-5% i \u0142adowaniem typu C. Podw\u00f3jne smaki, wy\u015bwietlacz LED. Szybka wysy\u0142ka!","robots":{"index":"index","follow":"follow","max-snippet":"max-snippet:-1","max-image-preview":"max-image-preview:large","max-video-preview":"max-video-preview:-1"},"canonical":"https:\/\/vapeenjoy.com\/pl\/produkt\/wape-40000-puffs-podwojny-smak-jednorazowy-waporyzator\/","og_locale":"pl_PL","og_type":"article","og_title":"WASPE 40000 Puffs Double Flavor Disposable Vape 36ml e-liquid","og_description":"Get the WASPE 40000 Puffs Dual Flavor Vape with 36mL e-liquid, 0-5% nicotine, and Type-C charging. Dual flavors, LED display. Fast shipping!","og_url":"https:\/\/vapeenjoy.com\/pl\/produkt\/wape-40000-puffs-podwojny-smak-jednorazowy-waporyzator\/","og_site_name":"vapeenjoy","article_modified_time":"2025-08-19T02:49:50+00:00","og_image":[{"width":1500,"height":1500,"url":"https:\/\/vapeenjoy.com\/wp-content\/uploads\/2025\/07\/\u573a\u666f020075.jpg","type":"image\/jpeg"}],"twitter_card":"summary_large_image","twitter_misc":{"Szacowany czas czytania":"3 minuty"},"schema":{"@context":"https:\/\/schema.org","@graph":[{"@type":"WebPage","@id":"https:\/\/vapeenjoy.com\/product\/waspe-40000-puffs-double-flavor-disposable-vape\/","url":"https:\/\/vapeenjoy.com\/product\/waspe-40000-puffs-double-flavor-disposable-vape\/","name":"WASPE 40000 Puffs Podw\u00f3jny smak jednorazowy Vape 36ml E-liquid","isPartOf":{"@id":"https:\/\/vapeenjoy.com\/#website"},"primaryImageOfPage":{"@id":"https:\/\/vapeenjoy.com\/product\/waspe-40000-puffs-double-flavor-disposable-vape\/#primaryimage"},"image":{"@id":"https:\/\/vapeenjoy.com\/product\/waspe-40000-puffs-double-flavor-disposable-vape\/#primaryimage"},"thumbnailUrl":"https:\/\/vapeenjoy.com\/wp-content\/uploads\/2025\/07\/\u573a\u666f020075.jpg","datePublished":"2025-07-22T02:47:23+00:00","dateModified":"2025-08-19T02:49:50+00:00","description":"Zdob\u0105d\u017a waporyzator WASPE 40000 Puffs Dual Flavour z 36 ml E-liquid, nikotyn\u0105 0-5% i \u0142adowaniem typu C. Podw\u00f3jne smaki, wy\u015bwietlacz LED. Szybka wysy\u0142ka!","breadcrumb":{"@id":"https:\/\/vapeenjoy.com\/product\/waspe-40000-puffs-double-flavor-disposable-vape\/#breadcrumb"},"inLanguage":"pl-PL","potentialAction":[{"@type":"ReadAction","target":["https:\/\/vapeenjoy.com\/product\/waspe-40000-puffs-double-flavor-disposable-vape\/"]}]},{"@type":"ImageObject","inLanguage":"pl-PL","@id":"https:\/\/vapeenjoy.com\/product\/waspe-40000-puffs-double-flavor-disposable-vape\/#primaryimage","url":"https:\/\/vapeenjoy.com\/wp-content\/uploads\/2025\/07\/\u573a\u666f020075.jpg","contentUrl":"https:\/\/vapeenjoy.com\/wp-content\/uploads\/2025\/07\/\u573a\u666f020075.jpg","width":1500,"height":1500,"caption":"waspe 40000 puffs vape"},{"@type":"BreadcrumbList","@id":"https:\/\/vapeenjoy.com\/product\/waspe-40000-puffs-double-flavor-disposable-vape\/#breadcrumb","itemListElement":[{"@type":"ListItem","position":1,"name":"Home","item":"https:\/\/vapeenjoy.com\/"},{"@type":"ListItem","position":2,"name":"Shop","item":"https:\/\/vapeenjoy.com\/vapeenjoy-shop\/"},{"@type":"ListItem","position":3,"name":"WASPE 40000 Puffs Double Flavor Disposable Vape 36ml 0-5% Nicotine Type-C Recharge"}]},{"@type":"WebSite","@id":"https:\/\/vapeenjoy.com\/#website","url":"https:\/\/vapeenjoy.com\/","name":"skutkowaty","description":"Sklep internetowy do sprzeda\u017cy vapes","potentialAction":[{"@type":"SearchAction","target":{"@type":"EntryPoint","urlTemplate":"https:\/\/vapeenjoy.com\/?s={search_term_string}"},"query-input":{"@type":"PropertyValueSpecification","valueRequired":true,"valueName":"search_term_string"}}],"inLanguage":"pl-PL"}]}},"_links":{"self":[{"href":"https:\/\/vapeenjoy.com\/pl\/wp-json\/wp\/v2\/product\/358","targetHints":{"allow":["GET"]}}],"collection":[{"href":"https:\/\/vapeenjoy.com\/pl\/wp-json\/wp\/v2\/product"}],"about":[{"href":"https:\/\/vapeenjoy.com\/pl\/wp-json\/wp\/v2\/types\/product"}],"replies":[{"embeddable":true,"href":"https:\/\/vapeenjoy.com\/pl\/wp-json\/wp\/v2\/comments?post=358"}],"version-history":[{"count":3,"href":"https:\/\/vapeenjoy.com\/pl\/wp-json\/wp\/v2\/product\/358\/revisions"}],"predecessor-version":[{"id":2362,"href":"https:\/\/vapeenjoy.com\/pl\/wp-json\/wp\/v2\/product\/358\/revisions\/2362"}],"wp:featuredmedia":[{"embeddable":true,"href":"https:\/\/vapeenjoy.com\/pl\/wp-json\/wp\/v2\/media\/370"}],"wp:attachment":[{"href":"https:\/\/vapeenjoy.com\/pl\/wp-json\/wp\/v2\/media?parent=358"}],"wp:term":[{"taxonomy":"product_brand","embeddable":true,"href":"https:\/\/vapeenjoy.com\/pl\/wp-json\/wp\/v2\/product_brand?post=358"},{"taxonomy":"product_cat","embeddable":true,"href":"https:\/\/vapeenjoy.com\/pl\/wp-json\/wp\/v2\/product_cat?post=358"},{"taxonomy":"product_tag","embeddable":true,"href":"https:\/\/vapeenjoy.com\/pl\/wp-json\/wp\/v2\/product_tag?post=358"}],"curies":[{"name":"wp","href":"https:\/\/api.w.org\/{rel}","templated":true}]}}