{"id":371,"date":"2025-07-22T04:14:32","date_gmt":"2025-07-22T04:14:32","guid":{"rendered":"https:\/\/vapeenjoy.com\/?post_type=product&#038;p=371"},"modified":"2025-08-26T04:00:45","modified_gmt":"2025-08-26T04:00:45","slug":"waspe-crystal-40000-puffs-double-flavors-disposable-vape-32ml-0-5-nicotine","status":"publish","type":"product","link":"https:\/\/vapeenjoy.com\/pl\/produkt\/waspe-crystal-40000-puffs-podwojne-smaki-jednorazowe-waporyzane-32ml-0-5-nikotyna\/","title":{"rendered":"WASPE Crystal 40000 Puffs podw\u00f3jne smaki jednorazowe vape 32ml 0-5% nikotyna"},"content":{"rendered":"<h2 dir=\"ltr\" data-pm-slice=\"1 3 []\">WASPE Crystal 40000 Puffs Podw\u00f3jne smaki Jednorazowe wapory<\/h2>\n<p dir=\"ltr\">Waspe, marka zaanga\u017cowana w innowacyjne wapowanie, dostarcza jednorazowe waporyzator Crystal 40000 Puffs. Na przyk\u0142ad jego elegancki, kryszta\u0142owy projekt urzeka u\u017cytkownik\u00f3w, a lekka konstrukcja 105G zapewnia przeno\u015bno\u015b\u0107. Ponadto system podw\u00f3jnego smaku i inteligentny wy\u015bwietlacz LED zwi\u0119kszaj\u0105 wra\u017cenia z waporyzacji, dzi\u0119ki czemu jest idealny dla wszystkich u\u017cytkownik\u00f3w. Aby dowiedzie\u0107 si\u0119 wi\u0119cej, odwied\u017a VapeEnjoy, aby uzyska\u0107 produkty premium Vaping.<\/p>\n<h2 dir=\"ltr\">WASPE Crystal 40000 Puffs Jednorazowe vape Specyfikacje Opis<\/h2>\n<ul class=\"tight\" dir=\"ltr\" data-tight=\"true\">\n<li>\n<p dir=\"ltr\"><strong>Pojemno\u015b\u0107 dmucha<\/strong>: 40 000 PUFFS \u2013 W zwi\u0105zku z tym oferuje rozszerzone u\u017cycie dla ci\u0119\u017ckich vaper\u00f3w.<\/p>\n<\/li>\n<li>\n<p dir=\"ltr\"><strong>Pojemno\u015b\u0107 e-liquid\u00f3w<\/strong>: 32ml \u2013 W rezultacie obfity e-liquid zapewnia sp\u00f3jny smak.<\/p>\n<\/li>\n<li>\n<p dir=\"ltr\"><strong>bateryjny<\/strong>: 850 mAh \u2013 Co wi\u0119cej, mo\u017cna go \u0142adowa\u0107, aby zapewni\u0107 niezawodn\u0105 wydajno\u015b\u0107.<\/p>\n<\/li>\n<li>\n<p dir=\"ltr\"><strong>zbrojenie<\/strong>: Typ-C \u2013 dlatego obs\u0142uguje szybkie, wydajne \u0142adowanie.<\/p>\n<\/li>\n<li>\n<p dir=\"ltr\"><strong>System cewki<\/strong>: Podw\u00f3jne cewki siatki 0,9 \u03a9 \u2013 dodatkowo poprawiaj\u0105 smak i jako\u015b\u0107 pary.<\/p>\n<\/li>\n<li>\n<p dir=\"ltr\"><strong>Mocne strony nikotyny<\/strong>: 0%, 2%, 5% \u2013 w ten spos\u00f3b spe\u0142nia r\u00f3\u017cne preferencje.<\/p>\n<\/li>\n<li>\n<p dir=\"ltr\"><strong>manifest<\/strong>: Smart LED \u2013 Na przyk\u0142ad pokazuje poziomy baterii i e-liquid\u00f3w w czasie rzeczywistym.<\/p>\n<\/li>\n<li>\n<p dir=\"ltr\"><strong>wymiary<\/strong>: : 61\u00d731\u00d7115mm \u2013 st\u0105d jego kompaktowy rozmiar zapewnia przeno\u015bno\u015b\u0107.<\/p>\n<\/li>\n<li>\n<p dir=\"ltr\"><strong>system wag<\/strong>: 105g \u2013 Podobnie, jego lekka konstrukcja pasuje do u\u017cytku w podr\u00f3\u017cy.<\/p>\n<\/li>\n<\/ul>\n<h2 dir=\"ltr\">12 unikalnych kombinacji smakowych<\/h2>\n<ol class=\"tight\" dir=\"ltr\" data-tight=\"true\">\n<li>\n<p dir=\"ltr\"><strong>Lod z arbuza i limonka cytrynowa<\/strong> \u2013 Pocz\u0105tkowo soczysty arbuz \u0142\u0105czy si\u0119 z pikantnym cytrynowym limonk\u0105 i ch\u0142odnym finiszem.<\/p>\n<\/li>\n<li>\n<p dir=\"ltr\"><strong>Red Bull Ice &amp; Truskawkowe Mango<\/strong> \u2013 Nast\u0119pnie mro\u017ane pary Red Bull ze s\u0142odk\u0105 truskawk\u0105 i mango.<\/p>\n<\/li>\n<li>\n<p dir=\"ltr\"><strong>Truskawka Red Bull &amp; Bor\u00f3wka Cherry<\/strong> \u2013 Podobnie Truskawka Red Bull spotyka cierpk\u0105 jagod\u0119 i wi\u015bni\u0119.<\/p>\n<\/li>\n<li>\n<p dir=\"ltr\"><strong>Jagoda cukierki i truskawkowy arbuz<\/strong> \u2013 Tymczasem s\u0142odkie cukierki \u0142\u0105cz\u0105 si\u0119 z truskawk\u0105 i arbuzem.<\/p>\n<\/li>\n<li>\n<p dir=\"ltr\"><strong>Truskawka Kiwi i Wi\u015bniowa Truskawka<\/strong> \u2013 Dodatkowo pikantne kiwi miesza si\u0119 z wi\u015bniowo-truskawk\u0105.<\/p>\n<\/li>\n<li>\n<p dir=\"ltr\"><strong>Jagoda malina i l\u00f3d jagodowy z brzoskwini<\/strong> \u2013 W zwi\u0105zku z tym cierpkie jagody \u0142\u0105cz\u0105 si\u0119 ze sch\u0142odzonej brzoskwini.<\/p>\n<\/li>\n<li>\n<p dir=\"ltr\"><strong>Truskawka Malina Wi\u015bnia i Mi\u0142o\u015b\u0107 666<\/strong> \u2013 Na przyk\u0142ad \u017cywe jagody mieszaj\u0105 si\u0119 z odwa\u017cnym akcentem.<\/p>\n<\/li>\n<li>\n<p dir=\"ltr\"><strong>Brzoskwinia Lod i arbuz mango Brzoskwinia<\/strong> \u2013 Dlatego sch\u0142odzona brzoskwinia do\u0142\u0105cza do tropikalnego trio.<\/p>\n<\/li>\n<li>\n<p dir=\"ltr\"><strong>Truskawkowy banan i ananas l\u00f3d kokosowy<\/strong> \u2013 Natomiast kremowy banan truskawkowy spotyka si\u0119 z ch\u0142odnym ananasem-kokosem.<\/p>\n<\/li>\n<li>\n<p dir=\"ltr\"><strong>L\u00f3d winogronowy i czarny smoczy l<\/strong> \u2013 Podobnie, mro\u017ane pary winogron o odwa\u017cnym smaku czarnego smoka.<\/p>\n<\/li>\n<li>\n<p dir=\"ltr\"><strong>Mieszane jagody i lemoniada malinowa<\/strong> \u2013 W rezultacie jagody uzupe\u0142niaj\u0105 lemoniad\u0119 tart\u0105.<\/p>\n<\/li>\n<li>\n<p dir=\"ltr\"><strong>Lody jagodowe i lodowy Cola Ice<\/strong> \u2013 Wreszcie, Cool Blueberry spotyka Fizzy Cherry Cola.<\/p>\n<\/li>\n<\/ol>\n<h2 dir=\"ltr\">Cz\u0119sto zadawane pytania<\/h2>\n<ol class=\"tight\" dir=\"ltr\" data-tight=\"true\">\n<li>\n<p dir=\"ltr\"><strong>Jaka jest pojemno\u015b\u0107 zaci\u0105gni\u0119\u0107?<\/strong><br \/>\nW szczeg\u00f3lno\u015bci dostarcza 40 000 PUFFS, jednego z najd\u0142u\u017cej dzia\u0142aj\u0105cych waporyzator\u00f3w.<\/p>\n<\/li>\n<li>\n<p dir=\"ltr\"><strong>Jakie mocne strony nikotyny s\u0105 dost\u0119pne?<\/strong><br \/>\nW szczeg\u00f3lno\u015bci opcje obejmuj\u0105 0%, 2% i 5% dla elastyczno\u015bci.<\/p>\n<\/li>\n<li>\n<p dir=\"ltr\"><strong>Czy bateria jest \u0142adowana?<\/strong><br \/>\nRzeczywi\u015bcie, bateria 850 mAh \u0142aduje si\u0119 za pomoc\u0105 typu C.<\/p>\n<\/li>\n<li>\n<p dir=\"ltr\"><strong>Jak dzia\u0142a system podw\u00f3jnego smaku?<\/strong><br \/>\nNa przyk\u0142ad oferuje dwa smaki, prze\u0142\u0105czalne lub z mo\u017cliwo\u015bci\u0105 mieszania dla odmiany.<\/p>\n<\/li>\n<li>\n<p dir=\"ltr\"><strong>Jak wybra\u0107 smak?<\/strong><br \/>\nAby to zilustrowa\u0107, wypr\u00f3buj Watermelon Ice &amp; Lemon Lime dla orze\u017awienia lub, alternatywnie, Strawberry Raspberry Cherry &amp; Love 666 dla odwa\u017cno\u015bci. Sprawd\u017a VapeEjoy, aby pozna\u0107 opcje smakowe.<\/p>\n<\/li>\n<li>\n<p dir=\"ltr\"><strong>Co pokazuje wy\u015bwietlacz LED?<\/strong><br \/>\nW szczeg\u00f3lno\u015bci wy\u015bwietla poziomy baterii i e-liquid\u00f3w w czasie rzeczywistym.<\/p>\n<\/li>\n<\/ol>\n<p><img fetchpriority=\"high\" decoding=\"async\" class=\"alignnone wp-image-375 size-full\" src=\"https:\/\/vapeenjoy.com\/wp-content\/uploads\/2025\/07\/waspe-crystal-40000-Puffs-Flavor-scaled.jpg\" alt=\"WASPE Crystal 40000 Puffs Podw\u00f3jne smaki Jednorazowe smaki waporyzacyjne\" width=\"1723\" height=\"2560\" srcset=\"https:\/\/vapeenjoy.com\/wp-content\/uploads\/2025\/07\/waspe-crystal-40000-Puffs-Flavor-scaled.jpg 1723w, https:\/\/vapeenjoy.com\/wp-content\/uploads\/2025\/07\/waspe-crystal-40000-Puffs-Flavor-scaled-150x223.jpg 150w, https:\/\/vapeenjoy.com\/wp-content\/uploads\/2025\/07\/waspe-crystal-40000-Puffs-Flavor-scaled-1200x1783.jpg 1200w, https:\/\/vapeenjoy.com\/wp-content\/uploads\/2025\/07\/waspe-crystal-40000-Puffs-Flavor-202x300.jpg 202w, https:\/\/vapeenjoy.com\/wp-content\/uploads\/2025\/07\/waspe-crystal-40000-Puffs-Flavor-689x1024.jpg 689w, https:\/\/vapeenjoy.com\/wp-content\/uploads\/2025\/07\/waspe-crystal-40000-Puffs-Flavor-768x1141.jpg 768w, https:\/\/vapeenjoy.com\/wp-content\/uploads\/2025\/07\/waspe-crystal-40000-Puffs-Flavor-1034x1536.jpg 1034w, https:\/\/vapeenjoy.com\/wp-content\/uploads\/2025\/07\/waspe-crystal-40000-Puffs-Flavor-1379x2048.jpg 1379w\" sizes=\"(max-width: 1723px) 100vw, 1723px\" \/><\/p>","protected":false},"excerpt":{"rendered":"<p>Waspe dostarcza wysokiej jako\u015bci rozwi\u0105zania do wapowania dzi\u0119ki jednorazowemu waporyzatorowi Crystal 40000 Puffs Double Flavores. To urz\u0105dzenie ma elegancki, przezroczysty design, do 40 000 zaci\u0105gni\u0119\u0107, 32 ml e-liquidu i akumulator o pojemno\u015bci 850 mAh. Dzi\u0119ki podw\u00f3jnym cewkom o siatki 0,9 \u03a9, trzem mocnym nikotyn\u0105 (0%, 2%, 5%) i inteligentnym wy\u015bwietlaczowi LED zapewnia trwa\u0142\u0105 wydajno\u015b\u0107 i bogaty smak w kompaktowym.<\/p>","protected":false},"featured_media":376,"comment_status":"open","ping_status":"closed","template":"","meta":[],"product_brand":[41],"product_cat":[23],"product_tag":[64,71,91],"class_list":{"0":"post-371","1":"product","2":"type-product","3":"status-publish","4":"has-post-thumbnail","6":"product_brand-waspe-vape","7":"product_cat-40000-puffs-vape","8":"product_tag-0-5-nicotine","9":"product_tag-32ml","10":"product_tag-double-flavors","12":"first","13":"instock","14":"sale","15":"shipping-taxable","16":"purchasable","17":"product-type-variable"},"yoast_head":"<!-- This site is optimized with the Yoast SEO plugin v25.7 - https:\/\/yoast.com\/wordpress\/plugins\/seo\/ -->\n<title>WASPE Crystal 40000 Puffs Double Flavors Disposable Vape 32ml<\/title>\n<meta name=\"description\" content=\"Shop the WASPE Crystal 40000 Puffs Disposable Vape with dual flavors, 32mL e-liquid, and 0-5% nicotine. Features dual mesh coils and LED display. Buy now!\" \/>\n<meta name=\"robots\" content=\"index, follow, max-snippet:-1, max-image-preview:large, max-video-preview:-1\" \/>\n<link rel=\"canonical\" href=\"https:\/\/vapeenjoy.com\/pl\/produkt\/waspe-crystal-40000-puffs-podwojne-smaki-jednorazowe-waporyzane-32ml-0-5-nikotyna\/\" \/>\n<meta property=\"og:locale\" content=\"pl_PL\" \/>\n<meta property=\"og:type\" content=\"article\" \/>\n<meta property=\"og:title\" content=\"WASPE Crystal 40000 Puffs Double Flavors Disposable Vape 32ml\" \/>\n<meta property=\"og:description\" content=\"Shop the WASPE Crystal 40000 Puffs Disposable Vape with dual flavors, 32mL e-liquid, and 0-5% nicotine. Features dual mesh coils and LED display. Buy now!\" \/>\n<meta property=\"og:url\" content=\"https:\/\/vapeenjoy.com\/pl\/produkt\/waspe-crystal-40000-puffs-podwojne-smaki-jednorazowe-waporyzane-32ml-0-5-nikotyna\/\" \/>\n<meta property=\"og:site_name\" content=\"vapeenjoy\" \/>\n<meta property=\"article:modified_time\" content=\"2025-08-26T04:00:45+00:00\" \/>\n<meta property=\"og:image\" content=\"https:\/\/vapeenjoy.com\/wp-content\/uploads\/2025\/07\/waspe-crystal-40000-Puffs.jpg\" \/>\n\t<meta property=\"og:image:width\" content=\"1600\" \/>\n\t<meta property=\"og:image:height\" content=\"1600\" \/>\n\t<meta property=\"og:image:type\" content=\"image\/jpeg\" \/>\n<meta name=\"twitter:card\" content=\"summary_large_image\" \/>\n<meta name=\"twitter:label1\" content=\"Szacowany czas czytania\" \/>\n\t<meta name=\"twitter:data1\" content=\"3 minuty\" \/>\n<script type=\"application\/ld+json\" class=\"yoast-schema-graph\">{\"@context\":\"https:\/\/schema.org\",\"@graph\":[{\"@type\":\"WebPage\",\"@id\":\"https:\/\/vapeenjoy.com\/product\/waspe-crystal-40000-puffs-double-flavors-disposable-vape-32ml-0-5-nicotine\/\",\"url\":\"https:\/\/vapeenjoy.com\/product\/waspe-crystal-40000-puffs-double-flavors-disposable-vape-32ml-0-5-nicotine\/\",\"name\":\"WASPE Crystal 40000 Puffs Double Flavors Disposable Vape 32ml\",\"isPartOf\":{\"@id\":\"https:\/\/vapeenjoy.com\/#website\"},\"primaryImageOfPage\":{\"@id\":\"https:\/\/vapeenjoy.com\/product\/waspe-crystal-40000-puffs-double-flavors-disposable-vape-32ml-0-5-nicotine\/#primaryimage\"},\"image\":{\"@id\":\"https:\/\/vapeenjoy.com\/product\/waspe-crystal-40000-puffs-double-flavors-disposable-vape-32ml-0-5-nicotine\/#primaryimage\"},\"thumbnailUrl\":\"https:\/\/vapeenjoy.com\/wp-content\/uploads\/2025\/07\/waspe-crystal-40000-Puffs.jpg\",\"datePublished\":\"2025-07-22T04:14:32+00:00\",\"dateModified\":\"2025-08-26T04:00:45+00:00\",\"description\":\"Shop the WASPE Crystal 40000 Puffs Disposable Vape with dual flavors, 32mL e-liquid, and 0-5% nicotine. Features dual mesh coils and LED display. Buy now!\",\"breadcrumb\":{\"@id\":\"https:\/\/vapeenjoy.com\/product\/waspe-crystal-40000-puffs-double-flavors-disposable-vape-32ml-0-5-nicotine\/#breadcrumb\"},\"inLanguage\":\"pl-PL\",\"potentialAction\":[{\"@type\":\"ReadAction\",\"target\":[\"https:\/\/vapeenjoy.com\/product\/waspe-crystal-40000-puffs-double-flavors-disposable-vape-32ml-0-5-nicotine\/\"]}]},{\"@type\":\"ImageObject\",\"inLanguage\":\"pl-PL\",\"@id\":\"https:\/\/vapeenjoy.com\/product\/waspe-crystal-40000-puffs-double-flavors-disposable-vape-32ml-0-5-nicotine\/#primaryimage\",\"url\":\"https:\/\/vapeenjoy.com\/wp-content\/uploads\/2025\/07\/waspe-crystal-40000-Puffs.jpg\",\"contentUrl\":\"https:\/\/vapeenjoy.com\/wp-content\/uploads\/2025\/07\/waspe-crystal-40000-Puffs.jpg\",\"width\":1600,\"height\":1600},{\"@type\":\"BreadcrumbList\",\"@id\":\"https:\/\/vapeenjoy.com\/product\/waspe-crystal-40000-puffs-double-flavors-disposable-vape-32ml-0-5-nicotine\/#breadcrumb\",\"itemListElement\":[{\"@type\":\"ListItem\",\"position\":1,\"name\":\"Home\",\"item\":\"https:\/\/vapeenjoy.com\/\"},{\"@type\":\"ListItem\",\"position\":2,\"name\":\"Shop\",\"item\":\"https:\/\/vapeenjoy.com\/vapeenjoy-shop\/\"},{\"@type\":\"ListItem\",\"position\":3,\"name\":\"WASPE Crystal 40000 Puffs Double Flavors Disposable Vape 32ml 0-5% Nicotine\"}]},{\"@type\":\"WebSite\",\"@id\":\"https:\/\/vapeenjoy.com\/#website\",\"url\":\"https:\/\/vapeenjoy.com\/\",\"name\":\"vapeenjoy\",\"description\":\"An online store for selling vapes\",\"potentialAction\":[{\"@type\":\"SearchAction\",\"target\":{\"@type\":\"EntryPoint\",\"urlTemplate\":\"https:\/\/vapeenjoy.com\/?s={search_term_string}\"},\"query-input\":{\"@type\":\"PropertyValueSpecification\",\"valueRequired\":true,\"valueName\":\"search_term_string\"}}],\"inLanguage\":\"pl-PL\"}]}<\/script>\n<!-- \/ Yoast SEO plugin. -->","yoast_head_json":{"title":"WASPE Crystal 40000 Puffs podw\u00f3jne smaki jednorazowe wapory 32ml","description":"Kup jednorazowe waporyzator WASPE Crystal 40000 Puffs z podw\u00f3jnymi smakami, 32 ml e-liquidu i nikotyn\u0105 0-5%. Posiada podw\u00f3jne cewki z siatki i wy\u015bwietlacz LED. Kup teraz!","robots":{"index":"index","follow":"follow","max-snippet":"max-snippet:-1","max-image-preview":"max-image-preview:large","max-video-preview":"max-video-preview:-1"},"canonical":"https:\/\/vapeenjoy.com\/pl\/produkt\/waspe-crystal-40000-puffs-podwojne-smaki-jednorazowe-waporyzane-32ml-0-5-nikotyna\/","og_locale":"pl_PL","og_type":"article","og_title":"WASPE Crystal 40000 Puffs Double Flavors Disposable Vape 32ml","og_description":"Shop the WASPE Crystal 40000 Puffs Disposable Vape with dual flavors, 32mL e-liquid, and 0-5% nicotine. Features dual mesh coils and LED display. Buy now!","og_url":"https:\/\/vapeenjoy.com\/pl\/produkt\/waspe-crystal-40000-puffs-podwojne-smaki-jednorazowe-waporyzane-32ml-0-5-nikotyna\/","og_site_name":"vapeenjoy","article_modified_time":"2025-08-26T04:00:45+00:00","og_image":[{"width":1600,"height":1600,"url":"https:\/\/vapeenjoy.com\/wp-content\/uploads\/2025\/07\/waspe-crystal-40000-Puffs.jpg","type":"image\/jpeg"}],"twitter_card":"summary_large_image","twitter_misc":{"Szacowany czas czytania":"3 minuty"},"schema":{"@context":"https:\/\/schema.org","@graph":[{"@type":"WebPage","@id":"https:\/\/vapeenjoy.com\/product\/waspe-crystal-40000-puffs-double-flavors-disposable-vape-32ml-0-5-nicotine\/","url":"https:\/\/vapeenjoy.com\/product\/waspe-crystal-40000-puffs-double-flavors-disposable-vape-32ml-0-5-nicotine\/","name":"WASPE Crystal 40000 Puffs podw\u00f3jne smaki jednorazowe wapory 32ml","isPartOf":{"@id":"https:\/\/vapeenjoy.com\/#website"},"primaryImageOfPage":{"@id":"https:\/\/vapeenjoy.com\/product\/waspe-crystal-40000-puffs-double-flavors-disposable-vape-32ml-0-5-nicotine\/#primaryimage"},"image":{"@id":"https:\/\/vapeenjoy.com\/product\/waspe-crystal-40000-puffs-double-flavors-disposable-vape-32ml-0-5-nicotine\/#primaryimage"},"thumbnailUrl":"https:\/\/vapeenjoy.com\/wp-content\/uploads\/2025\/07\/waspe-crystal-40000-Puffs.jpg","datePublished":"2025-07-22T04:14:32+00:00","dateModified":"2025-08-26T04:00:45+00:00","description":"Kup jednorazowe waporyzator WASPE Crystal 40000 Puffs z podw\u00f3jnymi smakami, 32 ml e-liquidu i nikotyn\u0105 0-5%. Posiada podw\u00f3jne cewki z siatki i wy\u015bwietlacz LED. Kup teraz!","breadcrumb":{"@id":"https:\/\/vapeenjoy.com\/product\/waspe-crystal-40000-puffs-double-flavors-disposable-vape-32ml-0-5-nicotine\/#breadcrumb"},"inLanguage":"pl-PL","potentialAction":[{"@type":"ReadAction","target":["https:\/\/vapeenjoy.com\/product\/waspe-crystal-40000-puffs-double-flavors-disposable-vape-32ml-0-5-nicotine\/"]}]},{"@type":"ImageObject","inLanguage":"pl-PL","@id":"https:\/\/vapeenjoy.com\/product\/waspe-crystal-40000-puffs-double-flavors-disposable-vape-32ml-0-5-nicotine\/#primaryimage","url":"https:\/\/vapeenjoy.com\/wp-content\/uploads\/2025\/07\/waspe-crystal-40000-Puffs.jpg","contentUrl":"https:\/\/vapeenjoy.com\/wp-content\/uploads\/2025\/07\/waspe-crystal-40000-Puffs.jpg","width":1600,"height":1600},{"@type":"BreadcrumbList","@id":"https:\/\/vapeenjoy.com\/product\/waspe-crystal-40000-puffs-double-flavors-disposable-vape-32ml-0-5-nicotine\/#breadcrumb","itemListElement":[{"@type":"ListItem","position":1,"name":"Home","item":"https:\/\/vapeenjoy.com\/"},{"@type":"ListItem","position":2,"name":"Shop","item":"https:\/\/vapeenjoy.com\/vapeenjoy-shop\/"},{"@type":"ListItem","position":3,"name":"WASPE Crystal 40000 Puffs Double Flavors Disposable Vape 32ml 0-5% Nicotine"}]},{"@type":"WebSite","@id":"https:\/\/vapeenjoy.com\/#website","url":"https:\/\/vapeenjoy.com\/","name":"skutkowaty","description":"Sklep internetowy do sprzeda\u017cy vapes","potentialAction":[{"@type":"SearchAction","target":{"@type":"EntryPoint","urlTemplate":"https:\/\/vapeenjoy.com\/?s={search_term_string}"},"query-input":{"@type":"PropertyValueSpecification","valueRequired":true,"valueName":"search_term_string"}}],"inLanguage":"pl-PL"}]}},"_links":{"self":[{"href":"https:\/\/vapeenjoy.com\/pl\/wp-json\/wp\/v2\/product\/371","targetHints":{"allow":["GET"]}}],"collection":[{"href":"https:\/\/vapeenjoy.com\/pl\/wp-json\/wp\/v2\/product"}],"about":[{"href":"https:\/\/vapeenjoy.com\/pl\/wp-json\/wp\/v2\/types\/product"}],"replies":[{"embeddable":true,"href":"https:\/\/vapeenjoy.com\/pl\/wp-json\/wp\/v2\/comments?post=371"}],"version-history":[{"count":4,"href":"https:\/\/vapeenjoy.com\/pl\/wp-json\/wp\/v2\/product\/371\/revisions"}],"predecessor-version":[{"id":2582,"href":"https:\/\/vapeenjoy.com\/pl\/wp-json\/wp\/v2\/product\/371\/revisions\/2582"}],"wp:featuredmedia":[{"embeddable":true,"href":"https:\/\/vapeenjoy.com\/pl\/wp-json\/wp\/v2\/media\/376"}],"wp:attachment":[{"href":"https:\/\/vapeenjoy.com\/pl\/wp-json\/wp\/v2\/media?parent=371"}],"wp:term":[{"taxonomy":"product_brand","embeddable":true,"href":"https:\/\/vapeenjoy.com\/pl\/wp-json\/wp\/v2\/product_brand?post=371"},{"taxonomy":"product_cat","embeddable":true,"href":"https:\/\/vapeenjoy.com\/pl\/wp-json\/wp\/v2\/product_cat?post=371"},{"taxonomy":"product_tag","embeddable":true,"href":"https:\/\/vapeenjoy.com\/pl\/wp-json\/wp\/v2\/product_tag?post=371"}],"curies":[{"name":"wp","href":"https:\/\/api.w.org\/{rel}","templated":true}]}}