{"id":389,"date":"2025-07-22T06:44:24","date_gmt":"2025-07-22T06:44:24","guid":{"rendered":"https:\/\/vapeenjoy.com\/?post_type=product&#038;p=389"},"modified":"2025-09-11T08:27:23","modified_gmt":"2025-09-11T08:27:23","slug":"waspe-fihp-30000-puffs-disposable-vape-28ml-0-5-nicotine-led-display","status":"publish","type":"product","link":"https:\/\/vapeenjoy.com\/pl\/produkt\/waspe-fihp-30000-puffs-jednorazowe-vape-28ml-0-5-nikotyna-wyswietlacz-led\/","title":{"rendered":"WASPE FIHP 30000 Puffs jednorazowe vape 28ml 0-5% nikotyna wy\u015bwietlacz LED"},"content":{"rendered":"<h2 dir=\"ltr\" data-pm-slice=\"1 3 []\">WASPE FIHP 30000 Puffs Jednorazowe Vape Opis produktu<\/h2>\n<p dir=\"ltr\">Waspe konsekwentnie dostarcza innowacyjne rozwi\u0105zania waporyzacyjne z niezawodn\u0105 wydajno\u015bci\u0105. Na przyk\u0142ad jednorazowe waporyzatory Waspe FIHP 30000 Puffs oferuj\u0105 wyj\u0105tkowo d\u0142ugotrwa\u0142e i aromatyczne wra\u017cenia. Ponadto kompaktowa konstrukcja, g\u0142adka powierzchnia zewn\u0119trzna i wy\u015bwietlacz LED, zapewniaj\u0105 bezproblemowe monitorowanie i przeno\u015bno\u015b\u0107. W zwi\u0105zku z tym urz\u0105dzenie to jest idealne do codziennego u\u017cytku. Odkryj wi\u0119cej w Vape Enjoy.<\/p>\n<h2 dir=\"ltr\">WASPE FIHP 30000 Puffs Jednorazowe dane techniczne Vape<\/h2>\n<ul class=\"tight\" dir=\"ltr\" data-tight=\"true\">\n<li>\n<p dir=\"ltr\"><strong>Liczba zaci\u0105gni\u0119\u0107<\/strong>: Do 30 000 zaci\u0105gni\u0119\u0107 w trybie zwyk\u0142ym lub 15 000 w trybie impulsowym, zapewniaj\u0105c d\u0142u\u017csze u\u017cytkowanie.<\/p>\n<\/li>\n<li>\n<p dir=\"ltr\"><strong>Pojemno\u015b\u0107 e-liquid\u00f3w<\/strong>: 28 ml, zapewniaj\u0105c d\u0142ugotrwa\u0142e waporyzowanie bez cz\u0119stych uzupe\u0142nie\u0144.<\/p>\n<\/li>\n<li>\n<p dir=\"ltr\"><strong>bateryjny<\/strong>: 850 mAh, \u0142adowany przez Type-C, umo\u017cliwiaj\u0105cy szybkie w\u0142\u0105czanie.<\/p>\n<\/li>\n<li>\n<p dir=\"ltr\"><strong>Mocne strony nikotyny<\/strong>: 0%, 2% lub 5%, odpowiadaj\u0105cy r\u00f3\u017cnym preferencjam.<\/p>\n<\/li>\n<li>\n<p dir=\"ltr\"><strong>Typ cewki<\/strong>: Podw\u00f3jna siatka (1,0 \u03a9 + 1,0 \u03a9), zapewniaj\u0105ca sta\u0142y smak i par\u0119.<\/p>\n<\/li>\n<li>\n<p dir=\"ltr\"><strong>przelotny powietrze<\/strong>: Regulowany z czterema poziomami, umo\u017cliwiaj\u0105c dostosowany op\u00f3r rysowania.<\/p>\n<\/li>\n<li>\n<p dir=\"ltr\"><strong>Port \u0142adowania<\/strong>: Type-C, oferuj\u0105ce szybkie i wydajne \u0142adowanie.<\/p>\n<\/li>\n<li>\n<p dir=\"ltr\"><strong>manifest<\/strong>: dioda LED, zapewniaj\u0105ca aktualizacje baterii w czasie rzeczywistym i liczby zaci\u0105gni\u0119\u0107.<\/p>\n<\/li>\n<li>\n<p dir=\"ltr\"><strong>system wag<\/strong>: 120g, dzi\u0119ki czemu jest lekki i przeno\u015bny.<\/p>\n<\/li>\n<li>\n<p dir=\"ltr\"><strong>wymiary<\/strong>: 61 x 31 x 115 mm, zapewniaj\u0105c komfortow\u0105 obs\u0142ug\u0119.<\/p>\n<\/li>\n<\/ul>\n<h2 dir=\"ltr\">16 opcji smakowych<\/h2>\n<ol class=\"tight\" dir=\"ltr\" data-tight=\"true\">\n<li>\n<p dir=\"ltr\"><strong>truskawkowe mango<\/strong>: \u0141\u0105czy s\u0142odkie truskawki i tropikalne mango, aby uzyska\u0107 soczysty smak.<\/p>\n<\/li>\n<li>\n<p dir=\"ltr\"><strong>Mieszane jagody<\/strong>: Miesza s\u0142odkie i cierpkie jagody, aby uzyska\u0107 \u017cywy smak.<\/p>\n<\/li>\n<li>\n<p dir=\"ltr\"><strong>l\u00f3d arbuzowy<\/strong>: \u0141\u0105czy soczysty arbuz z ch\u0142odnym wyko\u0144czeniem mentolowym.<\/p>\n<\/li>\n<li>\n<p dir=\"ltr\"><strong>Arbuz truskawkowy<\/strong>: \u0141\u0105czy s\u0142odkie truskawki z soczystym arbuzem.<\/p>\n<\/li>\n<li>\n<p dir=\"ltr\"><strong>truskawkowy czerwony byk<\/strong>: nasyca truskawk\u0119 inspirowanym napojami energetycznymi zingiem.<\/p>\n<\/li>\n<li>\n<p dir=\"ltr\"><strong>kiwi marakuja guawa<\/strong>: Miesza pikantne kiwi, marakuj\u0119 i guaw\u0119.<\/p>\n<\/li>\n<li>\n<p dir=\"ltr\"><strong>l\u00f3d winog<\/strong>: \u0141\u0105czy s\u0142odkie winogrono z orze\u017awiaj\u0105cym dotykiem mentolu.<\/p>\n<\/li>\n<li>\n<p dir=\"ltr\"><strong>Podw\u00f3jny l\u00f3d jab\u0142kowy<\/strong>: Zawiera chrupi\u0105ce jab\u0142ka z ch\u0142odnym mentolowym kopni\u0119ciem.<\/p>\n<\/li>\n<li>\n<p dir=\"ltr\"><strong>malina jagodowa<\/strong>: Miesza soczyste jagody z tarty malin.<\/p>\n<\/li>\n<li>\n<p dir=\"ltr\"><strong>Arbuz mango brzoskwinia<\/strong>: \u0141\u0105czy arbuza, mango i brzoskwini\u0119 dla s\u0142odkiego smaku.<\/p>\n<\/li>\n<li>\n<p dir=\"ltr\"><strong>l\u00f3d jagodowy<\/strong>: Oferuje s\u0142odkie jagody o mro\u017anym finiszu.<\/p>\n<\/li>\n<li>\n<p dir=\"ltr\"><strong>Jagoda brzoskwiniowa<\/strong>: \u0141\u0105czy dojrza\u0142e brzoskwinie z r\u00f3\u017cnymi jagodami.<\/p>\n<\/li>\n<li>\n<p dir=\"ltr\"><strong>kiwi truskawkowe<\/strong>: \u0142\u0105cz\u0105 s\u0142odkie truskawki z pikantnym kiwi.<\/p>\n<\/li>\n<li>\n<p dir=\"ltr\"><strong>l\u00f3d wi\u015bni<\/strong>: Dostarcza odwa\u017cne wi\u015bnie z ostrym efektem mentolu.<\/p>\n<\/li>\n<li>\n<p dir=\"ltr\"><strong>Wi\u015bnia truskawkowa<\/strong>: Miesza truskawki, maliny i wi\u015bnie.<\/p>\n<\/li>\n<li>\n<p dir=\"ltr\"><strong>Guma z arbuza<\/strong>: Zapewnia nostalgiczny smak arbuza bubble Gum.<\/p>\n<\/li>\n<\/ol>\n<h2 dir=\"ltr\">Cz\u0119sto zadawane pytania (FAQ)<\/h2>\n<ol class=\"tight\" dir=\"ltr\" data-tight=\"true\">\n<li>\n<p dir=\"ltr\"><strong>Co sprawia, \u017ce Waspe Fihp jest wyj\u0105tkowy?<\/strong><br \/>\nJego wysoka liczba zaci\u0105gni\u0119\u0107, cewki z podw\u00f3jn\u0105 siatk\u0105, regulowany przep\u0142yw powietrza i wy\u015bwietlacz LED zapewniaj\u0105 wysoce konfigurowalne wra\u017cenia.<\/p>\n<\/li>\n<li>\n<p dir=\"ltr\"><strong>Czy mo\u017cna go \u0142adowa\u0107?<\/strong><br \/>\nRzeczywi\u015bcie, bateria 850 mAh obs\u0142uguje szybkie \u0142adowanie typu C dla wygody.<\/p>\n<\/li>\n<li>\n<p dir=\"ltr\"><strong>Czy dost\u0119pne s\u0105 opcje bez nikotyny?<\/strong><br \/>\nAbsolutnie mo\u017cesz wybiera\u0107 spo\u015br\u00f3d 0%, 2% lub 5% nikotyny.<\/p>\n<\/li>\n<li>\n<p dir=\"ltr\"><strong>Jak wybra\u0107 smak?<\/strong><br \/>\nNa przyk\u0142ad spr\u00f3buj guawy z truskawek mango lub kiwi marakui do owocowych profili. Alternatywnie, arbuzowy l\u00f3d oferuje orze\u017awiaj\u0105ce kopa, a Strawberry Red Bull zapewnia odwa\u017cny zwrot.<\/p>\n<\/li>\n<li>\n<p dir=\"ltr\"><strong>Jak dzia\u0142a regulowany przep\u0142yw powietrza?<\/strong><br \/>\nPo prostu dostosuj si\u0119 mi\u0119dzy czterema poziomami, aby uzyska\u0107 cia\u015bniejszy lub lu\u017aniejszy wdech.<\/p>\n<\/li>\n<li>\n<p dir=\"ltr\"><strong>Czym s\u0105 cewki z podw\u00f3jn\u0105 siatk\u0105?<\/strong><br \/>\nTe cewki zapewniaj\u0105 r\u00f3wnomierne podgrzanie, zwi\u0119kszaj\u0105c w ten spos\u00f3b konsystencj\u0119 smaku.<\/p>\n<\/li>\n<li>\n<p dir=\"ltr\"><strong>Jak d\u0142ugo dzia\u0142a bateria?<\/strong><br \/>\nBateria 850 mAh obs\u0142uguje d\u0142u\u017csze u\u017cytkowanie, a ponadto \u0142adowanie typu C zapewnia szybkie \u0142adowanie. Dowiedz si\u0119 wi\u0119cej na Vape Enjoy.<\/p>\n<\/li>\n<\/ol>\n<p><img fetchpriority=\"high\" decoding=\"async\" class=\"alignnone wp-image-392 size-full\" src=\"https:\/\/vapeenjoy.com\/wp-content\/uploads\/2025\/07\/flavor_list.jpg\" alt=\"WASPE FIHP 30000 PUFFS Jednorazowe smaki waporyzacyjne\" width=\"2200\" height=\"1224\" srcset=\"https:\/\/vapeenjoy.com\/wp-content\/uploads\/2025\/07\/flavor_list.jpg 2200w, https:\/\/vapeenjoy.com\/wp-content\/uploads\/2025\/07\/flavor_list-150x83.jpg 150w, https:\/\/vapeenjoy.com\/wp-content\/uploads\/2025\/07\/flavor_list-1200x668.jpg 1200w, https:\/\/vapeenjoy.com\/wp-content\/uploads\/2025\/07\/flavor_list-300x167.jpg 300w, https:\/\/vapeenjoy.com\/wp-content\/uploads\/2025\/07\/flavor_list-1024x570.jpg 1024w, https:\/\/vapeenjoy.com\/wp-content\/uploads\/2025\/07\/flavor_list-768x427.jpg 768w, https:\/\/vapeenjoy.com\/wp-content\/uploads\/2025\/07\/flavor_list-1536x855.jpg 1536w, https:\/\/vapeenjoy.com\/wp-content\/uploads\/2025\/07\/flavor_list-2048x1139.jpg 2048w\" sizes=\"(max-width: 2200px) 100vw, 2200px\" \/><\/p>","protected":false},"excerpt":{"rendered":"<p>Waspe dostarcza innowacyjne rozwi\u0105zania wapowania z jako\u015bci\u0105 i wygod\u0105. Jednorazowe waporyzatory Waspe FIHP 30000 Puffs oferuje do 30 000 zaci\u0105gni\u0119\u0107, pojemno\u015b\u0107 28 ml e-liquid i akumulator 850 mAh. Dzi\u0119ki podw\u00f3jnej cewce z siatki, regulowanemu przep\u0142ywowi powietrza i 16 \u017cywym smakom zapewnia d\u0142ugotrwa\u0142e, konfigurowalne wra\u017cenia z waporyzacji.<\/p>","protected":false},"featured_media":393,"comment_status":"open","ping_status":"closed","template":"","meta":[],"product_brand":[41],"product_cat":[31],"product_tag":[64,68],"class_list":{"0":"post-389","1":"product","2":"type-product","3":"status-publish","4":"has-post-thumbnail","6":"product_brand-waspe-vape","7":"product_cat-30000-puffs-vape","8":"product_tag-0-5-nicotine","9":"product_tag-28ml","11":"first","12":"outofstock","13":"sale","14":"shipping-taxable","15":"purchasable","16":"product-type-variable"},"yoast_head":"<!-- This site is optimized with the Yoast SEO plugin v25.7 - https:\/\/yoast.com\/wordpress\/plugins\/seo\/ -->\n<title>WASPE FIHP 30000 Puffs Disposable Vape 28ml 0-5% Nicotine<\/title>\n<meta name=\"description\" content=\"WASPE FIHP 30000 Puffs Disposable Vape: 28ml e-liquid, 0-5% nicotine, dual mesh coils, LED display. Long-lasting, flavorful vaping. Shop now!\" \/>\n<meta name=\"robots\" content=\"index, follow, max-snippet:-1, max-image-preview:large, max-video-preview:-1\" \/>\n<link rel=\"canonical\" href=\"https:\/\/vapeenjoy.com\/pl\/produkt\/waspe-fihp-30000-puffs-jednorazowe-vape-28ml-0-5-nikotyna-wyswietlacz-led\/\" \/>\n<meta property=\"og:locale\" content=\"pl_PL\" \/>\n<meta property=\"og:type\" content=\"article\" \/>\n<meta property=\"og:title\" content=\"WASPE FIHP 30000 Puffs Disposable Vape 28ml 0-5% Nicotine\" \/>\n<meta property=\"og:description\" content=\"WASPE FIHP 30000 Puffs Disposable Vape: 28ml e-liquid, 0-5% nicotine, dual mesh coils, LED display. Long-lasting, flavorful vaping. Shop now!\" \/>\n<meta property=\"og:url\" content=\"https:\/\/vapeenjoy.com\/pl\/produkt\/waspe-fihp-30000-puffs-jednorazowe-vape-28ml-0-5-nikotyna-wyswietlacz-led\/\" \/>\n<meta property=\"og:site_name\" content=\"vapeenjoy\" \/>\n<meta property=\"article:modified_time\" content=\"2025-09-11T08:27:23+00:00\" \/>\n<meta property=\"og:image\" content=\"https:\/\/vapeenjoy.com\/wp-content\/uploads\/2025\/07\/\u573a\u666f\u56fe04.jpg\" \/>\n\t<meta property=\"og:image:width\" content=\"1120\" \/>\n\t<meta property=\"og:image:height\" content=\"1120\" \/>\n\t<meta property=\"og:image:type\" content=\"image\/jpeg\" \/>\n<meta name=\"twitter:card\" content=\"summary_large_image\" \/>\n<meta name=\"twitter:label1\" content=\"Szacowany czas czytania\" \/>\n\t<meta name=\"twitter:data1\" content=\"3 minuty\" \/>\n<script type=\"application\/ld+json\" class=\"yoast-schema-graph\">{\"@context\":\"https:\/\/schema.org\",\"@graph\":[{\"@type\":\"WebPage\",\"@id\":\"https:\/\/vapeenjoy.com\/product\/waspe-fihp-30000-puffs-disposable-vape-28ml-0-5-nicotine-led-display\/\",\"url\":\"https:\/\/vapeenjoy.com\/product\/waspe-fihp-30000-puffs-disposable-vape-28ml-0-5-nicotine-led-display\/\",\"name\":\"WASPE FIHP 30000 Puffs Disposable Vape 28ml 0-5% Nicotine\",\"isPartOf\":{\"@id\":\"https:\/\/vapeenjoy.com\/#website\"},\"primaryImageOfPage\":{\"@id\":\"https:\/\/vapeenjoy.com\/product\/waspe-fihp-30000-puffs-disposable-vape-28ml-0-5-nicotine-led-display\/#primaryimage\"},\"image\":{\"@id\":\"https:\/\/vapeenjoy.com\/product\/waspe-fihp-30000-puffs-disposable-vape-28ml-0-5-nicotine-led-display\/#primaryimage\"},\"thumbnailUrl\":\"https:\/\/vapeenjoy.com\/wp-content\/uploads\/2025\/07\/\u573a\u666f\u56fe04.jpg\",\"datePublished\":\"2025-07-22T06:44:24+00:00\",\"dateModified\":\"2025-09-11T08:27:23+00:00\",\"description\":\"WASPE FIHP 30000 Puffs Disposable Vape: 28ml e-liquid, 0-5% nicotine, dual mesh coils, LED display. Long-lasting, flavorful vaping. Shop now!\",\"breadcrumb\":{\"@id\":\"https:\/\/vapeenjoy.com\/product\/waspe-fihp-30000-puffs-disposable-vape-28ml-0-5-nicotine-led-display\/#breadcrumb\"},\"inLanguage\":\"pl-PL\",\"potentialAction\":[{\"@type\":\"ReadAction\",\"target\":[\"https:\/\/vapeenjoy.com\/product\/waspe-fihp-30000-puffs-disposable-vape-28ml-0-5-nicotine-led-display\/\"]}]},{\"@type\":\"ImageObject\",\"inLanguage\":\"pl-PL\",\"@id\":\"https:\/\/vapeenjoy.com\/product\/waspe-fihp-30000-puffs-disposable-vape-28ml-0-5-nicotine-led-display\/#primaryimage\",\"url\":\"https:\/\/vapeenjoy.com\/wp-content\/uploads\/2025\/07\/\u573a\u666f\u56fe04.jpg\",\"contentUrl\":\"https:\/\/vapeenjoy.com\/wp-content\/uploads\/2025\/07\/\u573a\u666f\u56fe04.jpg\",\"width\":1120,\"height\":1120},{\"@type\":\"BreadcrumbList\",\"@id\":\"https:\/\/vapeenjoy.com\/product\/waspe-fihp-30000-puffs-disposable-vape-28ml-0-5-nicotine-led-display\/#breadcrumb\",\"itemListElement\":[{\"@type\":\"ListItem\",\"position\":1,\"name\":\"Home\",\"item\":\"https:\/\/vapeenjoy.com\/\"},{\"@type\":\"ListItem\",\"position\":2,\"name\":\"Shop\",\"item\":\"https:\/\/vapeenjoy.com\/vapeenjoy-shop\/\"},{\"@type\":\"ListItem\",\"position\":3,\"name\":\"WASPE FIHP 30000 Puffs Disposable Vape 28ml 0-5% Nicotine LED Display\"}]},{\"@type\":\"WebSite\",\"@id\":\"https:\/\/vapeenjoy.com\/#website\",\"url\":\"https:\/\/vapeenjoy.com\/\",\"name\":\"vapeenjoy\",\"description\":\"An online store for selling vapes\",\"potentialAction\":[{\"@type\":\"SearchAction\",\"target\":{\"@type\":\"EntryPoint\",\"urlTemplate\":\"https:\/\/vapeenjoy.com\/?s={search_term_string}\"},\"query-input\":{\"@type\":\"PropertyValueSpecification\",\"valueRequired\":true,\"valueName\":\"search_term_string\"}}],\"inLanguage\":\"pl-PL\"}]}<\/script>\n<!-- \/ Yoast SEO plugin. -->","yoast_head_json":{"title":"WASPE FIHP 30000 PUFFS jednorazowe waporyzator 28ml 0-5% Nikotyna","description":"WASPE FIHP 30000 PUFFS Jednorazowe waporyzator: 28ml E-liquid, 0-5% Nikotyna, cewki z podw\u00f3jn\u0105 siatk\u0105, wy\u015bwietlacz LED. D\u0142ugotrwa\u0142e, aromatyczne wapowanie. Kupuj teraz!","robots":{"index":"index","follow":"follow","max-snippet":"max-snippet:-1","max-image-preview":"max-image-preview:large","max-video-preview":"max-video-preview:-1"},"canonical":"https:\/\/vapeenjoy.com\/pl\/produkt\/waspe-fihp-30000-puffs-jednorazowe-vape-28ml-0-5-nikotyna-wyswietlacz-led\/","og_locale":"pl_PL","og_type":"article","og_title":"WASPE FIHP 30000 Puffs Disposable Vape 28ml 0-5% Nicotine","og_description":"WASPE FIHP 30000 Puffs Disposable Vape: 28ml e-liquid, 0-5% nicotine, dual mesh coils, LED display. Long-lasting, flavorful vaping. Shop now!","og_url":"https:\/\/vapeenjoy.com\/pl\/produkt\/waspe-fihp-30000-puffs-jednorazowe-vape-28ml-0-5-nikotyna-wyswietlacz-led\/","og_site_name":"vapeenjoy","article_modified_time":"2025-09-11T08:27:23+00:00","og_image":[{"width":1120,"height":1120,"url":"https:\/\/vapeenjoy.com\/wp-content\/uploads\/2025\/07\/\u573a\u666f\u56fe04.jpg","type":"image\/jpeg"}],"twitter_card":"summary_large_image","twitter_misc":{"Szacowany czas czytania":"3 minuty"},"schema":{"@context":"https:\/\/schema.org","@graph":[{"@type":"WebPage","@id":"https:\/\/vapeenjoy.com\/product\/waspe-fihp-30000-puffs-disposable-vape-28ml-0-5-nicotine-led-display\/","url":"https:\/\/vapeenjoy.com\/product\/waspe-fihp-30000-puffs-disposable-vape-28ml-0-5-nicotine-led-display\/","name":"WASPE FIHP 30000 PUFFS jednorazowe waporyzator 28ml 0-5% Nikotyna","isPartOf":{"@id":"https:\/\/vapeenjoy.com\/#website"},"primaryImageOfPage":{"@id":"https:\/\/vapeenjoy.com\/product\/waspe-fihp-30000-puffs-disposable-vape-28ml-0-5-nicotine-led-display\/#primaryimage"},"image":{"@id":"https:\/\/vapeenjoy.com\/product\/waspe-fihp-30000-puffs-disposable-vape-28ml-0-5-nicotine-led-display\/#primaryimage"},"thumbnailUrl":"https:\/\/vapeenjoy.com\/wp-content\/uploads\/2025\/07\/\u573a\u666f\u56fe04.jpg","datePublished":"2025-07-22T06:44:24+00:00","dateModified":"2025-09-11T08:27:23+00:00","description":"WASPE FIHP 30000 PUFFS Jednorazowe waporyzator: 28ml E-liquid, 0-5% Nikotyna, cewki z podw\u00f3jn\u0105 siatk\u0105, wy\u015bwietlacz LED. D\u0142ugotrwa\u0142e, aromatyczne wapowanie. Kupuj teraz!","breadcrumb":{"@id":"https:\/\/vapeenjoy.com\/product\/waspe-fihp-30000-puffs-disposable-vape-28ml-0-5-nicotine-led-display\/#breadcrumb"},"inLanguage":"pl-PL","potentialAction":[{"@type":"ReadAction","target":["https:\/\/vapeenjoy.com\/product\/waspe-fihp-30000-puffs-disposable-vape-28ml-0-5-nicotine-led-display\/"]}]},{"@type":"ImageObject","inLanguage":"pl-PL","@id":"https:\/\/vapeenjoy.com\/product\/waspe-fihp-30000-puffs-disposable-vape-28ml-0-5-nicotine-led-display\/#primaryimage","url":"https:\/\/vapeenjoy.com\/wp-content\/uploads\/2025\/07\/\u573a\u666f\u56fe04.jpg","contentUrl":"https:\/\/vapeenjoy.com\/wp-content\/uploads\/2025\/07\/\u573a\u666f\u56fe04.jpg","width":1120,"height":1120},{"@type":"BreadcrumbList","@id":"https:\/\/vapeenjoy.com\/product\/waspe-fihp-30000-puffs-disposable-vape-28ml-0-5-nicotine-led-display\/#breadcrumb","itemListElement":[{"@type":"ListItem","position":1,"name":"Home","item":"https:\/\/vapeenjoy.com\/"},{"@type":"ListItem","position":2,"name":"Shop","item":"https:\/\/vapeenjoy.com\/vapeenjoy-shop\/"},{"@type":"ListItem","position":3,"name":"WASPE FIHP 30000 Puffs Disposable Vape 28ml 0-5% Nicotine LED Display"}]},{"@type":"WebSite","@id":"https:\/\/vapeenjoy.com\/#website","url":"https:\/\/vapeenjoy.com\/","name":"skutkowaty","description":"Sklep internetowy do sprzeda\u017cy vapes","potentialAction":[{"@type":"SearchAction","target":{"@type":"EntryPoint","urlTemplate":"https:\/\/vapeenjoy.com\/?s={search_term_string}"},"query-input":{"@type":"PropertyValueSpecification","valueRequired":true,"valueName":"search_term_string"}}],"inLanguage":"pl-PL"}]}},"_links":{"self":[{"href":"https:\/\/vapeenjoy.com\/pl\/wp-json\/wp\/v2\/product\/389","targetHints":{"allow":["GET"]}}],"collection":[{"href":"https:\/\/vapeenjoy.com\/pl\/wp-json\/wp\/v2\/product"}],"about":[{"href":"https:\/\/vapeenjoy.com\/pl\/wp-json\/wp\/v2\/types\/product"}],"replies":[{"embeddable":true,"href":"https:\/\/vapeenjoy.com\/pl\/wp-json\/wp\/v2\/comments?post=389"}],"version-history":[{"count":3,"href":"https:\/\/vapeenjoy.com\/pl\/wp-json\/wp\/v2\/product\/389\/revisions"}],"predecessor-version":[{"id":2358,"href":"https:\/\/vapeenjoy.com\/pl\/wp-json\/wp\/v2\/product\/389\/revisions\/2358"}],"wp:featuredmedia":[{"embeddable":true,"href":"https:\/\/vapeenjoy.com\/pl\/wp-json\/wp\/v2\/media\/393"}],"wp:attachment":[{"href":"https:\/\/vapeenjoy.com\/pl\/wp-json\/wp\/v2\/media?parent=389"}],"wp:term":[{"taxonomy":"product_brand","embeddable":true,"href":"https:\/\/vapeenjoy.com\/pl\/wp-json\/wp\/v2\/product_brand?post=389"},{"taxonomy":"product_cat","embeddable":true,"href":"https:\/\/vapeenjoy.com\/pl\/wp-json\/wp\/v2\/product_cat?post=389"},{"taxonomy":"product_tag","embeddable":true,"href":"https:\/\/vapeenjoy.com\/pl\/wp-json\/wp\/v2\/product_tag?post=389"}],"curies":[{"name":"wp","href":"https:\/\/api.w.org\/{rel}","templated":true}]}}