{"id":411,"date":"2025-07-22T08:07:55","date_gmt":"2025-07-22T08:07:55","guid":{"rendered":"https:\/\/vapeenjoy.com\/?post_type=product&#038;p=411"},"modified":"2025-08-19T02:11:54","modified_gmt":"2025-08-19T02:11:54","slug":"vapme-crystal-7000-puffs-disposable-vape-14ml-0-5-nicotine","status":"publish","type":"product","link":"https:\/\/vapeenjoy.com\/pl\/produkt\/vapme-crystal-7000-puffs-jednorazowe-wapory-14-ml-0-5-nikotyna\/","title":{"rendered":"VAPME Crystal 7000 Puffs jednorazowe waporyzator 14 ml e-liquid 0-5% Nikotyna"},"content":{"rendered":"<h2 dir=\"ltr\" data-pm-slice=\"1 3 []\">VAPME Crystal 7000 Puffs Jednorazowe waporyzator Opis<\/h2>\n<p dir=\"ltr\">VAPME tworzy wysokiej jako\u015bci urz\u0105dzenia do wapowania, kt\u00f3re skupiaj\u0105 si\u0119 na wygodzie i r\u00f3\u017cnorodno\u015bci smakowej. Na przyk\u0142ad jednorazowy waporyzator VAPME Crystal 7000 Puffs oferuje d\u0142ugotrwa\u0142e, aromatyczne wra\u017cenia w eleganckim, przeno\u015bnym designie. Co wi\u0119cej, jego krystalicznie czysta obudowa i \u017cywe \u015bwiat\u0142a LED zwi\u0119kszaj\u0105 jego atrakcyjno\u015b\u0107 wizualn\u0105. W zwi\u0105zku z tym \u0142\u0105czy w sobie funkcjonalno\u015b\u0107 ze stylem do codziennego u\u017cytku.<\/p>\n<h2 dir=\"ltr\">VAPME Crystal 7000 Puffs Jednorazowe dane techniczne Vape<\/h2>\n<ul class=\"tight\" dir=\"ltr\" data-tight=\"true\">\n<li>\n<p dir=\"ltr\"><strong>Liczba zaci\u0105gni\u0119\u0107<\/strong>: 7000 Puffs \u2013 Dostarcza do 7000 zaci\u0105gni\u0119\u0107 do przed\u0142u\u017conej wapowania.<\/p>\n<\/li>\n<li>\n<p dir=\"ltr\"><strong>Pojemno\u015b\u0107 e-liquid\u00f3w<\/strong>: 14 ml \u2013 zawiera 14 ml wst\u0119pnie nape\u0142nionego e-liquidu, dzi\u0119ki czemu zapewnia sp\u00f3jny smak.<\/p>\n<\/li>\n<li>\n<p dir=\"ltr\"><strong>Pojemno\u015b\u0107 baterii<\/strong>: 650 mAh - posiada akumulator, kt\u00f3ry zapewnia niezawodne dzia\u0142anie.<\/p>\n<\/li>\n<li>\n<p dir=\"ltr\"><strong>Port \u0142adowania<\/strong>: Typ-C \u2013 obs\u0142uguje szybkie \u0142adowanie; na przyk\u0142ad \u0142aduje si\u0119 w oko\u0142o 30 minut.<\/p>\n<\/li>\n<li>\n<p dir=\"ltr\"><strong>Mocne strony nikotyny<\/strong>: 0%, 2%, 3%, 5% \u2013 oferuje opcje, a zatem spe\u0142nia r\u00f3\u017cne preferencje.<\/p>\n<\/li>\n<li>\n<p dir=\"ltr\"><strong>Odporno\u015b\u0107 cewki<\/strong>: cewka 1,0\u03a9 - wytwarza g\u0142adk\u0105 par\u0119, dodatkowo zwi\u0119ksza klarowno\u015b\u0107 smaku.<\/p>\n<\/li>\n<li>\n<p dir=\"ltr\"><strong>aktywacja<\/strong>: Wdychany - aktywowany - eliminuje przyciski, upraszcza korzystanie z niego.<\/p>\n<\/li>\n<li>\n<p dir=\"ltr\"><strong>osobisty<\/strong>: Stal nierdzewna 304 \u2013 wykorzystuje lekk\u0105, wytrzyma\u0142\u0105 stal, dzi\u0119ki czemu wytrzymuje codzienne zu\u017cycie.<\/p>\n<\/li>\n<li>\n<p dir=\"ltr\"><strong>przelotny powietrze<\/strong>: Regulacja - pozwala dostosowa\u0107 intensywno\u015b\u0107 pary; na przyk\u0142ad dostosowa\u0107 dopasowane do\u0139\u203awiadczenie.<\/p>\n<\/li>\n<\/ul>\n<h2 dir=\"ltr\">30 opcji smakowych<\/h2>\n<ol class=\"tight\" dir=\"ltr\" data-tight=\"true\">\n<li>\n<p dir=\"ltr\"><strong>malina jagodowa<\/strong> - Miesza s\u0142odkie jagody z tart\u0105 malin\u0105, dzi\u0119ki czemu od\u015bwie\u017ca.<\/p>\n<\/li>\n<li>\n<p dir=\"ltr\"><strong>Jagoda winogron<\/strong> - \u0141\u0105czy bogate winogrona z soczystymi jagodami, dzi\u0119ki czemu nadaje odwa\u017cny smak.<\/p>\n<\/li>\n<li>\n<p dir=\"ltr\"><strong>truskawkowy arbuz guma b\u0105belkowa<\/strong> \u2013 miesza truskawki i arbuz z gum\u0105 do \u017cucia, dodatkowo wywo\u0142uje nostalgi\u0119.<\/p>\n<\/li>\n<li>\n<p dir=\"ltr\"><strong>Cukierki truskawkowe malinowe<\/strong> \u2013 \u0141\u0105czy s\u0142odkie truskawki z malinami, na przyk\u0142ad na\u015bladuje cukierki.<\/p>\n<\/li>\n<li>\n<p dir=\"ltr\"><strong>truskawkowy banan<\/strong> \u2013 \u0142\u0105czy kremowy banan z truskawkami, a co za tym idzie, smakuje tropikalnie.<\/p>\n<\/li>\n<li>\n<p dir=\"ltr\"><strong>truskawkowe mango<\/strong> \u2013 \u0141\u0105czy soczyste truskawki z mango, dlatego wydaje si\u0119 egzotyczne.<\/p>\n<\/li>\n<li>\n<p dir=\"ltr\"><strong>Ananas brzoskwiniowy mango<\/strong> \u2013 \u0142\u0105czy brzoskwini\u0119, mango i ananasa, st\u0105d te\u017c tryska tropikalnym smakiem.<\/p>\n<\/li>\n<li>\n<p dir=\"ltr\"><strong>l\u00f3d arbuzowy<\/strong> - \u0141\u0105czy s\u0142odki arbuz z mentolem, dzi\u0119ki czemu ch\u0142odzi i od\u015bwie\u017ca.<\/p>\n<\/li>\n<li>\n<p dir=\"ltr\"><strong>Potr\u00f3jne mango<\/strong> \u2013 Wzmacnia smak mango, na przyk\u0142ad oferuje bogaty, tropikalny smak.<\/p>\n<\/li>\n<li>\n<p dir=\"ltr\"><strong>l\u00f3d wi\u015bni<\/strong> \u2013 Miesza s\u0142odkie czere\u015bnie z mentolem, w konsekwencji od\u015bwie\u017ca.<\/p>\n<\/li>\n<li>\n<p dir=\"ltr\"><strong>M\u0119czak z melon\u00f3w l\u00f3d<\/strong> \u2013 miesza pikantne marakui z melona i mentol, dodatkowo dreszcze.<\/p>\n<\/li>\n<li>\n<p dir=\"ltr\"><strong>Kiwi marakuja Guawa<\/strong> \u2013 \u0141\u0105czy w sobie pikantny kiwi, marakuj\u0119 i guaw\u0119, dlatego te\u017c p\u0119ka smakiem.<\/p>\n<\/li>\n<li>\n<p dir=\"ltr\"><strong>l\u00f3d truskawkowy<\/strong> \u2013 \u0142\u0105czy truskawki z mentolem, dzi\u0119ki czemu dostarcza ch\u0142odny, owocowy hit.<\/p>\n<\/li>\n<li>\n<p dir=\"ltr\"><strong>l\u00f3d brzoskwiniowy<\/strong> \u2013 \u0142\u0105czy soczyst\u0105 brzoskwini\u0119 z mentolem; w ten spos\u00f3b od\u015bwie\u017ca.<\/p>\n<\/li>\n<li>\n<p dir=\"ltr\"><strong>Lemoniada niebieski Razz<\/strong> - Miesza tarta b\u0142\u0119kitn\u0105 malin\u0119 z lemoniad\u0105; na przyk\u0142ad zinguje.<\/p>\n<\/li>\n<li>\n<p dir=\"ltr\"><strong>kiwi truskawkowe<\/strong> \u2013 \u0142\u0105czy truskawki z cierpkim kiwi, a co za tym idzie, r\u00f3wnowa\u017cy s\u0142odycz.<\/p>\n<\/li>\n<li>\n<p dir=\"ltr\"><strong>nap\u00f3j energe<\/strong> \u2013 Na\u015bladuje odwa\u017cny, gazowany nap\u00f3j energetyczny, dlatego o\u017cywia.<\/p>\n<\/li>\n<li>\n<p dir=\"ltr\"><strong>Kola wi\u015bniowa<\/strong> - \u0141\u0105czy wi\u015bni\u0119 z col\u0105, st\u0105d jest nostalgicznie.<\/p>\n<\/li>\n<\/ol>\n<h2 dir=\"ltr\">Cz\u0119sto zadawane pytania (FAQ)<\/h2>\n<ol class=\"tight\" dir=\"ltr\" data-tight=\"true\">\n<li>\n<p dir=\"ltr\"><strong>Sk\u0105d mam wiedzie\u0107, kiedy jest w pe\u0142ni na\u0142adowany?<\/strong><br \/>\nNiebieskie \u015bwiat\u0142o wy\u0142\u0105cza si\u0119 po 30 minutach \u0142adowania typu C; w ten spos\u00f3b sygnalizuje zako\u0144czenie.<\/p>\n<\/li>\n<li>\n<p dir=\"ltr\"><strong>Czy to pasuje do ci\u0119\u017ckich vaper\u00f3w?<\/strong><br \/>\nRzeczywi\u015bcie, jego 7000 zaci\u0105gni\u0119\u0107 i pojemno\u015b\u0107 14 ml wspiera cz\u0119ste stosowanie; dlatego pasuje do ci\u0119\u017ckich vaper\u00f3w.<\/p>\n<\/li>\n<li>\n<p dir=\"ltr\"><strong>Czy mog\u0119 dostosowa\u0107 intensywno\u015b\u0107 wapowania?<\/strong><br \/>\nNa przyk\u0142ad regulowany przep\u0142yw powietrza pozwala na podkr\u0119cenie oporu narysowania; dzi\u0119ki czemu personalizuje wra\u017cenia.<\/p>\n<\/li>\n<li>\n<p dir=\"ltr\"><strong>Jak wybra\u0107 smak?<\/strong><br \/>\nW szczeg\u00f3lno\u015bci wypr\u00f3buj owocowe mieszanki, takie jak jagodowe maliny, do s\u0142odkich nut z opalenizn\u0105; alternatywnie wybierz lodowe opcje, takie jak l\u00f3d arbuzowy, aby uzyska\u0107 fajny hit.<\/p>\n<\/li>\n<li>\n<p dir=\"ltr\"><strong>Kt\u00f3ra si\u0142a nikotyny dzia\u0142a najlepiej?<\/strong><br \/>\nNa przyk\u0142ad, wybierz 0% dla wapowania bez nikotyny; w przeciwnym razie wybierz 2-3% dla umiarkowanego lub 5% dla silnych trafie\u0144.<\/p>\n<\/li>\n<li>\n<p dir=\"ltr\"><strong>Jak go u\u017cywa\u0107?<\/strong><br \/>\nPo prostu wdychaj, aby aktywowa\u0107; w zwi\u0105zku z tym nie wymaga \u017cadnych przycisk\u00f3w ani ustawie\u0144.<\/p>\n<\/li>\n<li>\n<p dir=\"ltr\"><strong>Czy mog\u0119 go ponownie u\u017cy\u0107 po wyczerpaniu e-liquidu?<\/strong><br \/>\nNie, jest to jednorazowe waporyzator; dlatego nale\u017cy go wyrzuci\u0107 odpowiedzialnie po u\u017cyciu.<\/p>\n<\/li>\n<\/ol>\n<p><img fetchpriority=\"high\" decoding=\"async\" class=\"alignnone wp-image-414 size-full\" src=\"https:\/\/vapeenjoy.com\/wp-content\/uploads\/2025\/07\/ebc60065050425f753de382a2dc549e.png\" alt=\"Vapme Crystal 7000 Puffs jednorazowe smaki waporyzacyjne\" width=\"1654\" height=\"2339\" srcset=\"https:\/\/vapeenjoy.com\/wp-content\/uploads\/2025\/07\/ebc60065050425f753de382a2dc549e.png 1654w, https:\/\/vapeenjoy.com\/wp-content\/uploads\/2025\/07\/ebc60065050425f753de382a2dc549e-600x848.png 600w, https:\/\/vapeenjoy.com\/wp-content\/uploads\/2025\/07\/ebc60065050425f753de382a2dc549e-212x300.png 212w, https:\/\/vapeenjoy.com\/wp-content\/uploads\/2025\/07\/ebc60065050425f753de382a2dc549e-724x1024.png 724w, https:\/\/vapeenjoy.com\/wp-content\/uploads\/2025\/07\/ebc60065050425f753de382a2dc549e-768x1086.png 768w, https:\/\/vapeenjoy.com\/wp-content\/uploads\/2025\/07\/ebc60065050425f753de382a2dc549e-1086x1536.png 1086w, https:\/\/vapeenjoy.com\/wp-content\/uploads\/2025\/07\/ebc60065050425f753de382a2dc549e-1448x2048.png 1448w\" sizes=\"(max-width: 1654px) 100vw, 1654px\" \/><\/p>","protected":false},"excerpt":{"rendered":"<p>VAPME oferuje wysokiej jako\u015bci urz\u0105dzenia do wapowania z naciskiem na wygod\u0119 i smak. Jednorazowy waporyzator VAPME Crystal 7000 Puffs zapewnia 7000 zaci\u0105gni\u0119\u0107, 14 ml e-liquid i 650 mAh bateri\u0119 z \u0142adowaniem typu C. Jego cewka z siatki, regulowany przep\u0142yw powietrza i zr\u00f3\u017cnicowana moc nikotyny spe\u0142niaj\u0105 r\u00f3\u017cnorodne potrzeby.<\/p>","protected":false},"featured_media":421,"comment_status":"open","ping_status":"closed","template":"","meta":[],"product_brand":[207],"product_cat":[44],"product_tag":[64,90],"class_list":{"0":"post-411","1":"product","2":"type-product","3":"status-publish","4":"has-post-thumbnail","6":"product_brand-vapme-vape","7":"product_cat-7000-puffs-vape","8":"product_tag-0-5-nicotine","9":"product_tag-14ml","11":"first","12":"instock","13":"sale","14":"shipping-taxable","15":"purchasable","16":"product-type-variable"},"yoast_head":"<!-- This site is optimized with the Yoast SEO plugin v25.7 - https:\/\/yoast.com\/wordpress\/plugins\/seo\/ -->\n<title>VAPME CRYSTAL 7000 Puffs Disposable Vape 14ml 0-5% Nicotine<\/title>\n<meta name=\"description\" content=\"VAPME Crystal 7000 Puffs Disposable Vape: 14ml e-liquid, 0-5% nicotine, 30 flavors, 650mAh battery. Shop now for long-lasting vaping!\" \/>\n<meta name=\"robots\" content=\"index, follow, max-snippet:-1, max-image-preview:large, max-video-preview:-1\" \/>\n<link rel=\"canonical\" href=\"https:\/\/vapeenjoy.com\/pl\/produkt\/vapme-crystal-7000-puffs-jednorazowe-wapory-14-ml-0-5-nikotyna\/\" \/>\n<meta property=\"og:locale\" content=\"pl_PL\" \/>\n<meta property=\"og:type\" content=\"article\" \/>\n<meta property=\"og:title\" content=\"VAPME CRYSTAL 7000 Puffs Disposable Vape 14ml 0-5% Nicotine\" \/>\n<meta property=\"og:description\" content=\"VAPME Crystal 7000 Puffs Disposable Vape: 14ml e-liquid, 0-5% nicotine, 30 flavors, 650mAh battery. Shop now for long-lasting vaping!\" \/>\n<meta property=\"og:url\" content=\"https:\/\/vapeenjoy.com\/pl\/produkt\/vapme-crystal-7000-puffs-jednorazowe-wapory-14-ml-0-5-nikotyna\/\" \/>\n<meta property=\"og:site_name\" content=\"vapeenjoy\" \/>\n<meta property=\"article:modified_time\" content=\"2025-08-19T02:11:54+00:00\" \/>\n<meta property=\"og:image\" content=\"https:\/\/vapeenjoy.com\/wp-content\/uploads\/2025\/07\/74f93be3c95faea0007e47c70baf146.jpg\" \/>\n\t<meta property=\"og:image:width\" content=\"1280\" \/>\n\t<meta property=\"og:image:height\" content=\"1280\" \/>\n\t<meta property=\"og:image:type\" content=\"image\/jpeg\" \/>\n<meta name=\"twitter:card\" content=\"summary_large_image\" \/>\n<meta name=\"twitter:label1\" content=\"Szacowany czas czytania\" \/>\n\t<meta name=\"twitter:data1\" content=\"3 minuty\" \/>\n<script type=\"application\/ld+json\" class=\"yoast-schema-graph\">{\"@context\":\"https:\/\/schema.org\",\"@graph\":[{\"@type\":\"WebPage\",\"@id\":\"https:\/\/vapeenjoy.com\/product\/vapme-crystal-7000-puffs-disposable-vape-14ml-0-5-nicotine\/\",\"url\":\"https:\/\/vapeenjoy.com\/product\/vapme-crystal-7000-puffs-disposable-vape-14ml-0-5-nicotine\/\",\"name\":\"VAPME CRYSTAL 7000 Puffs Disposable Vape 14ml 0-5% Nicotine\",\"isPartOf\":{\"@id\":\"https:\/\/vapeenjoy.com\/#website\"},\"primaryImageOfPage\":{\"@id\":\"https:\/\/vapeenjoy.com\/product\/vapme-crystal-7000-puffs-disposable-vape-14ml-0-5-nicotine\/#primaryimage\"},\"image\":{\"@id\":\"https:\/\/vapeenjoy.com\/product\/vapme-crystal-7000-puffs-disposable-vape-14ml-0-5-nicotine\/#primaryimage\"},\"thumbnailUrl\":\"https:\/\/vapeenjoy.com\/wp-content\/uploads\/2025\/07\/74f93be3c95faea0007e47c70baf146.jpg\",\"datePublished\":\"2025-07-22T08:07:55+00:00\",\"dateModified\":\"2025-08-19T02:11:54+00:00\",\"description\":\"VAPME Crystal 7000 Puffs Disposable Vape: 14ml e-liquid, 0-5% nicotine, 30 flavors, 650mAh battery. Shop now for long-lasting vaping!\",\"breadcrumb\":{\"@id\":\"https:\/\/vapeenjoy.com\/product\/vapme-crystal-7000-puffs-disposable-vape-14ml-0-5-nicotine\/#breadcrumb\"},\"inLanguage\":\"pl-PL\",\"potentialAction\":[{\"@type\":\"ReadAction\",\"target\":[\"https:\/\/vapeenjoy.com\/product\/vapme-crystal-7000-puffs-disposable-vape-14ml-0-5-nicotine\/\"]}]},{\"@type\":\"ImageObject\",\"inLanguage\":\"pl-PL\",\"@id\":\"https:\/\/vapeenjoy.com\/product\/vapme-crystal-7000-puffs-disposable-vape-14ml-0-5-nicotine\/#primaryimage\",\"url\":\"https:\/\/vapeenjoy.com\/wp-content\/uploads\/2025\/07\/74f93be3c95faea0007e47c70baf146.jpg\",\"contentUrl\":\"https:\/\/vapeenjoy.com\/wp-content\/uploads\/2025\/07\/74f93be3c95faea0007e47c70baf146.jpg\",\"width\":1280,\"height\":1280},{\"@type\":\"BreadcrumbList\",\"@id\":\"https:\/\/vapeenjoy.com\/product\/vapme-crystal-7000-puffs-disposable-vape-14ml-0-5-nicotine\/#breadcrumb\",\"itemListElement\":[{\"@type\":\"ListItem\",\"position\":1,\"name\":\"Home\",\"item\":\"https:\/\/vapeenjoy.com\/\"},{\"@type\":\"ListItem\",\"position\":2,\"name\":\"Shop\",\"item\":\"https:\/\/vapeenjoy.com\/vapeenjoy-shop\/\"},{\"@type\":\"ListItem\",\"position\":3,\"name\":\"VAPME CRYSTAL 7000 Puffs Disposable Vape 14ml E-liquid 0-5% Nicotine\"}]},{\"@type\":\"WebSite\",\"@id\":\"https:\/\/vapeenjoy.com\/#website\",\"url\":\"https:\/\/vapeenjoy.com\/\",\"name\":\"vapeenjoy\",\"description\":\"An online store for selling vapes\",\"potentialAction\":[{\"@type\":\"SearchAction\",\"target\":{\"@type\":\"EntryPoint\",\"urlTemplate\":\"https:\/\/vapeenjoy.com\/?s={search_term_string}\"},\"query-input\":{\"@type\":\"PropertyValueSpecification\",\"valueRequired\":true,\"valueName\":\"search_term_string\"}}],\"inLanguage\":\"pl-PL\"}]}<\/script>\n<!-- \/ Yoast SEO plugin. -->","yoast_head_json":{"title":"VAPME Crystal 7000 Puffs jednorazowe waporyzator 14ml 0-5% Nikotyna","description":"VAPME Crystal 7000 Puffs Jednorazowe waporyzatory: 14 ml E-liquid, 0-5% Nikotyna, 30 smak\u00f3w, 650 mAh Bateria. Kup teraz, aby uzyska\u0107 d\u0142ugotrwa\u0142\u0105 wapowanie!","robots":{"index":"index","follow":"follow","max-snippet":"max-snippet:-1","max-image-preview":"max-image-preview:large","max-video-preview":"max-video-preview:-1"},"canonical":"https:\/\/vapeenjoy.com\/pl\/produkt\/vapme-crystal-7000-puffs-jednorazowe-wapory-14-ml-0-5-nikotyna\/","og_locale":"pl_PL","og_type":"article","og_title":"VAPME CRYSTAL 7000 Puffs Disposable Vape 14ml 0-5% Nicotine","og_description":"VAPME Crystal 7000 Puffs Disposable Vape: 14ml e-liquid, 0-5% nicotine, 30 flavors, 650mAh battery. Shop now for long-lasting vaping!","og_url":"https:\/\/vapeenjoy.com\/pl\/produkt\/vapme-crystal-7000-puffs-jednorazowe-wapory-14-ml-0-5-nikotyna\/","og_site_name":"vapeenjoy","article_modified_time":"2025-08-19T02:11:54+00:00","og_image":[{"width":1280,"height":1280,"url":"https:\/\/vapeenjoy.com\/wp-content\/uploads\/2025\/07\/74f93be3c95faea0007e47c70baf146.jpg","type":"image\/jpeg"}],"twitter_card":"summary_large_image","twitter_misc":{"Szacowany czas czytania":"3 minuty"},"schema":{"@context":"https:\/\/schema.org","@graph":[{"@type":"WebPage","@id":"https:\/\/vapeenjoy.com\/product\/vapme-crystal-7000-puffs-disposable-vape-14ml-0-5-nicotine\/","url":"https:\/\/vapeenjoy.com\/product\/vapme-crystal-7000-puffs-disposable-vape-14ml-0-5-nicotine\/","name":"VAPME Crystal 7000 Puffs jednorazowe waporyzator 14ml 0-5% Nikotyna","isPartOf":{"@id":"https:\/\/vapeenjoy.com\/#website"},"primaryImageOfPage":{"@id":"https:\/\/vapeenjoy.com\/product\/vapme-crystal-7000-puffs-disposable-vape-14ml-0-5-nicotine\/#primaryimage"},"image":{"@id":"https:\/\/vapeenjoy.com\/product\/vapme-crystal-7000-puffs-disposable-vape-14ml-0-5-nicotine\/#primaryimage"},"thumbnailUrl":"https:\/\/vapeenjoy.com\/wp-content\/uploads\/2025\/07\/74f93be3c95faea0007e47c70baf146.jpg","datePublished":"2025-07-22T08:07:55+00:00","dateModified":"2025-08-19T02:11:54+00:00","description":"VAPME Crystal 7000 Puffs Jednorazowe waporyzatory: 14 ml E-liquid, 0-5% Nikotyna, 30 smak\u00f3w, 650 mAh Bateria. Kup teraz, aby uzyska\u0107 d\u0142ugotrwa\u0142\u0105 wapowanie!","breadcrumb":{"@id":"https:\/\/vapeenjoy.com\/product\/vapme-crystal-7000-puffs-disposable-vape-14ml-0-5-nicotine\/#breadcrumb"},"inLanguage":"pl-PL","potentialAction":[{"@type":"ReadAction","target":["https:\/\/vapeenjoy.com\/product\/vapme-crystal-7000-puffs-disposable-vape-14ml-0-5-nicotine\/"]}]},{"@type":"ImageObject","inLanguage":"pl-PL","@id":"https:\/\/vapeenjoy.com\/product\/vapme-crystal-7000-puffs-disposable-vape-14ml-0-5-nicotine\/#primaryimage","url":"https:\/\/vapeenjoy.com\/wp-content\/uploads\/2025\/07\/74f93be3c95faea0007e47c70baf146.jpg","contentUrl":"https:\/\/vapeenjoy.com\/wp-content\/uploads\/2025\/07\/74f93be3c95faea0007e47c70baf146.jpg","width":1280,"height":1280},{"@type":"BreadcrumbList","@id":"https:\/\/vapeenjoy.com\/product\/vapme-crystal-7000-puffs-disposable-vape-14ml-0-5-nicotine\/#breadcrumb","itemListElement":[{"@type":"ListItem","position":1,"name":"Home","item":"https:\/\/vapeenjoy.com\/"},{"@type":"ListItem","position":2,"name":"Shop","item":"https:\/\/vapeenjoy.com\/vapeenjoy-shop\/"},{"@type":"ListItem","position":3,"name":"VAPME CRYSTAL 7000 Puffs Disposable Vape 14ml E-liquid 0-5% Nicotine"}]},{"@type":"WebSite","@id":"https:\/\/vapeenjoy.com\/#website","url":"https:\/\/vapeenjoy.com\/","name":"skutkowaty","description":"Sklep internetowy do sprzeda\u017cy vapes","potentialAction":[{"@type":"SearchAction","target":{"@type":"EntryPoint","urlTemplate":"https:\/\/vapeenjoy.com\/?s={search_term_string}"},"query-input":{"@type":"PropertyValueSpecification","valueRequired":true,"valueName":"search_term_string"}}],"inLanguage":"pl-PL"}]}},"_links":{"self":[{"href":"https:\/\/vapeenjoy.com\/pl\/wp-json\/wp\/v2\/product\/411","targetHints":{"allow":["GET"]}}],"collection":[{"href":"https:\/\/vapeenjoy.com\/pl\/wp-json\/wp\/v2\/product"}],"about":[{"href":"https:\/\/vapeenjoy.com\/pl\/wp-json\/wp\/v2\/types\/product"}],"replies":[{"embeddable":true,"href":"https:\/\/vapeenjoy.com\/pl\/wp-json\/wp\/v2\/comments?post=411"}],"version-history":[{"count":3,"href":"https:\/\/vapeenjoy.com\/pl\/wp-json\/wp\/v2\/product\/411\/revisions"}],"predecessor-version":[{"id":2356,"href":"https:\/\/vapeenjoy.com\/pl\/wp-json\/wp\/v2\/product\/411\/revisions\/2356"}],"wp:featuredmedia":[{"embeddable":true,"href":"https:\/\/vapeenjoy.com\/pl\/wp-json\/wp\/v2\/media\/421"}],"wp:attachment":[{"href":"https:\/\/vapeenjoy.com\/pl\/wp-json\/wp\/v2\/media?parent=411"}],"wp:term":[{"taxonomy":"product_brand","embeddable":true,"href":"https:\/\/vapeenjoy.com\/pl\/wp-json\/wp\/v2\/product_brand?post=411"},{"taxonomy":"product_cat","embeddable":true,"href":"https:\/\/vapeenjoy.com\/pl\/wp-json\/wp\/v2\/product_cat?post=411"},{"taxonomy":"product_tag","embeddable":true,"href":"https:\/\/vapeenjoy.com\/pl\/wp-json\/wp\/v2\/product_tag?post=411"}],"curies":[{"name":"wp","href":"https:\/\/api.w.org\/{rel}","templated":true}]}}