{"id":422,"date":"2025-07-22T09:00:00","date_gmt":"2025-07-22T09:00:00","guid":{"rendered":"https:\/\/vapeenjoy.com\/?post_type=product&#038;p=422"},"modified":"2025-08-19T02:02:21","modified_gmt":"2025-08-19T02:02:21","slug":"vapme-crown-bar-18000-puffs-pro-max-disposable-vape-25ml-0-5-nicotine","status":"publish","type":"product","link":"https:\/\/vapeenjoy.com\/pl\/produkt\/vapme-crown-bar-18000-puffs-pro-max-jednorazowe-wapory-25-ml-0-5-nikotyna\/","title":{"rendered":"VAPME Crown Bar 18000 Puffs Pro Max jednorazowe Vape 25ml 0-5% nikotyna Type-C \u0142adowanie"},"content":{"rendered":"<h2 dir=\"ltr\" data-pm-slice=\"1 3 []\">VAPME Crown Bar 18000 Puffs Pro Max jednorazowy opis waporyzatora<\/h2>\n<p dir=\"ltr\">VAPME, marka skoncentrowana na wysokiej jako\u015bci urz\u0105dzeniach do wapowania, traktuje priorytetowo satysfakcj\u0119 u\u017cytkownika. <em>na przyk\u0142ad<\/em>, VAPME Crown Bar 18000 Puffs Pro Max Jednorazowe waporyzator zapewnia d\u0142ugotrwa\u0142\u0105 wydajno\u015b\u0107 i bogaty smak. <em>nadto<\/em>, eleganckie wyko\u0144czenie ze sk\u00f3ry zapewnia doskona\u0142y wygl\u0105d i wygodny chwyt. <em>tak wi\u0119c<\/em>, \u0142\u0105czy styl i praktyczno\u015b\u0107 do codziennego u\u017cytku.<\/p>\n<h2 dir=\"ltr\">VAPME Crown Bar 18000 Puffs Jednorazowe dane techniczne Vape<\/h2>\n<ul class=\"tight\" dir=\"ltr\" data-tight=\"true\">\n<li>\n<p dir=\"ltr\"><strong>Liczba zaci\u0105gni\u0119\u0107<\/strong>: do 18000 zaci\u0105gni\u0119\u0107, zapewniaj\u0105c d\u0142u\u017csze u\u017cytkowanie.<\/p>\n<\/li>\n<li>\n<p dir=\"ltr\"><strong>bateryjny<\/strong>: 850 mAh, \u0142adowany przez Type-C dla niezawodnej wydajno\u015bci.<\/p>\n<\/li>\n<li>\n<p dir=\"ltr\"><strong>e-liquid<\/strong>: 25 ml wst\u0119pnie nape\u0142nione, oferuj\u0105ce obfite sesje vaping.<\/p>\n<\/li>\n<li>\n<p dir=\"ltr\"><strong>Si\u0142a nikotyny<\/strong>: 0%, 2%, 3%, 5% Opcje dopasowania do preferencji.<\/p>\n<\/li>\n<li>\n<p dir=\"ltr\"><strong>cewka<\/strong>: Cewka siatka 0,6 ohm dla g\u0142adkiego smaku i pary.<\/p>\n<\/li>\n<li>\n<p dir=\"ltr\"><strong>Styl Vaping<\/strong>: Direct-to-Lung (DTL) dla solidnych chmur.<\/p>\n<\/li>\n<li>\n<p dir=\"ltr\"><strong>manifest<\/strong>: Smart Screen pokazuje poziomy baterii i e-liquid\u00f3w.<\/p>\n<\/li>\n<li>\n<p dir=\"ltr\"><strong>przelotny powietrze<\/strong>: Regulowany dla dostosowanego losowania.<\/p>\n<\/li>\n<\/ul>\n<h2 dir=\"ltr\">12 opcji smakowych<\/h2>\n<ol class=\"tight\" dir=\"ltr\" data-tight=\"true\">\n<li>\n<p dir=\"ltr\"><strong>Lush lodu<\/strong>: Arbuz z mentolem dla orze\u017awiaj\u0105cego waporyzatora.<\/p>\n<\/li>\n<li>\n<p dir=\"ltr\"><strong>Lody jagodowe<\/strong>: Mieszane jagody z ch\u0142odnym mentolowym akcentem.<\/p>\n<\/li>\n<li>\n<p dir=\"ltr\"><strong>guma do jagody<\/strong>: Guma do \u017cucia z soczystymi jagodami, nostalgiczn\u0105 i owocow\u0105.<\/p>\n<\/li>\n<li>\n<p dir=\"ltr\"><strong>Wi\u015bniowa fiest<\/strong>: czere\u015bnie z \u015bwi\u0105teczn\u0105 mieszank\u0105 owoc\u00f3w.<\/p>\n<\/li>\n<li>\n<p dir=\"ltr\"><strong>Poncz winog<\/strong>: Odwa\u017cne winogrona z mocnym wyko\u0144czeniem.<\/p>\n<\/li>\n<li>\n<p dir=\"ltr\"><strong>Arbuz truskawkowy<\/strong>: Soczyste truskawki i chrupi\u0105cy arbuz.<\/p>\n<\/li>\n<li>\n<p dir=\"ltr\"><strong>Zamro\u017cenie mango<\/strong>: Tropikalne mango z ch\u0142odz\u0105cym mentolem.<\/p>\n<\/li>\n<li>\n<p dir=\"ltr\"><strong>Truskawkowy cios<\/strong>: Pikantne truskawki z odwa\u017cnym wyko\u0144czeniem.<\/p>\n<\/li>\n<li>\n<p dir=\"ltr\"><strong>S\u0142odki Owoc Marakonie<\/strong>: Egzotyczna marakuja, s\u0142odka i pikantna.<\/p>\n<\/li>\n<li>\n<p dir=\"ltr\"><strong>malina jagodowa<\/strong>: Tarta maliny i s\u0142odkie jagody.<\/p>\n<\/li>\n<li>\n<p dir=\"ltr\"><strong>Dwa jab\u0142ka<\/strong>: Chrupi\u0105cy, orze\u017awiaj\u0105cy smak podw\u00f3jnego jab\u0142ka.<\/p>\n<\/li>\n<li>\n<p dir=\"ltr\"><strong>Mi\u0142o\u015b\u0107 66<\/strong>: Romantyczna mieszanka owoc\u00f3w na pob\u0142a\u017cliwy waporyzator.<\/p>\n<\/li>\n<\/ol>\n<h2 dir=\"ltr\">Cz\u0119sto zadawane pytania<\/h2>\n<ol dir=\"ltr\">\n<li>\n<p dir=\"ltr\"><strong>Do czego jest przeznaczony Vapme Crown Bar 18000 Pro Max?<\/strong><br \/>\n<em>swoi\u015bcie<\/em>, jest stworzony dla u\u017cytkownik\u00f3w poszukuj\u0105cych jednorazowego waporyzowania o du\u017cej pojemno\u015bci. <em>dodatkowo<\/em>, oferuje bogaty smak i solidne chmury, idealne do vapingu DTL.<\/p>\n<\/li>\n<li>\n<p dir=\"ltr\"><strong>Jak wybra\u0107 odpowiedni\u0105 si\u0142\u0119 nikotyny?<\/strong><br \/>\n<em>na przyk\u0142ad<\/em>, wybierz 0% dla bez nikotyny, 2% lub 3% dla umiarkowanego lub 5% dla mocniejszego trafienia, w zale\u017cno\u015bci od twoich preferencji.<\/p>\n<\/li>\n<li>\n<p dir=\"ltr\"><strong>Jak wybra\u0107 smak, kt\u00f3ry mi odpowiada?<\/strong><br \/>\n<em>pierwej<\/em>, rozwa\u017c owocowe opcje, takie jak arbuz truskawkowy, dla s\u0142odyczy. <em>zmiennie<\/em>, wybierz smaki mentolowe, takie jak Lush Ice, aby uzyska\u0107 efekt ch\u0142odzenia. <em>ostatecznie<\/em>, Wypr\u00f3buj unikalne mieszanki, takie jak Love 66, dla wyra\u017anego smaku.<\/p>\n<\/li>\n<li>\n<p dir=\"ltr\"><strong>Jak dzia\u0142a regulowany przep\u0142yw powietrza?<\/strong><br \/>\n<em>szczeg\u00f3lnie<\/em>, Przesu\u0144 mechanizm przep\u0142ywu powietrza, aby wyregulowa\u0107 op\u00f3r ci\u0105gni\u0119cia. <em>tak wi\u0119c<\/em>, mo\u017cesz dostosowa\u0107 wdech do swoich upodoba\u0144.<\/p>\n<\/li>\n<li>\n<p dir=\"ltr\"><strong>Jak d\u0142ugo dzia\u0142a bateria i jak j\u0105 na\u0142adowa\u0107?<\/strong><br \/>\n<em>typowo<\/em>, bateria 850 mAh wytrzymuje dni, w zale\u017cno\u015bci od u\u017cytkowania. <em>nadto<\/em>, \u0142adowa\u0107 przez port typu C, aby szybko \u0142adowa\u0107.<\/p>\n<\/li>\n<li>\n<p dir=\"ltr\"><strong>Co pokazuje ekran Smart Screen?<\/strong><br \/>\n<em>swoi\u015bcie<\/em>, pokazuje poziomy baterii i e-liquid w czasie rzeczywistym, co u\u0142atwia monitorowanie.<\/p>\n<\/li>\n<li>\n<p dir=\"ltr\"><strong>Czy nadaje si\u0119 do ci\u0119\u017ckich vaper\u00f3w?<\/strong><br \/>\n<em>naprawd\u0119<\/em>, z 18000 zaci\u0105gni\u0119\u0107, 25 ml e-liquidu i akumulatora, jest idealny dla cz\u0119stych vaper\u00f3w.<\/p>\n<\/li>\n<\/ol>\n<p><img fetchpriority=\"high\" decoding=\"async\" class=\"alignnone wp-image-439 size-full\" src=\"https:\/\/vapeenjoy.com\/wp-content\/uploads\/2025\/07\/\u5fae\u4fe1\u56fe\u7247_20240321174024.jpg\" alt=\"VAPME Crown Bar 18000 Puffs Pro Max jednorazowe smaki waporyzacyjne\" width=\"1754\" height=\"2480\" srcset=\"https:\/\/vapeenjoy.com\/wp-content\/uploads\/2025\/07\/\u5fae\u4fe1\u56fe\u7247_20240321174024.jpg 1754w, https:\/\/vapeenjoy.com\/wp-content\/uploads\/2025\/07\/\u5fae\u4fe1\u56fe\u7247_20240321174024-600x848.jpg 600w, https:\/\/vapeenjoy.com\/wp-content\/uploads\/2025\/07\/\u5fae\u4fe1\u56fe\u7247_20240321174024-212x300.jpg 212w, https:\/\/vapeenjoy.com\/wp-content\/uploads\/2025\/07\/\u5fae\u4fe1\u56fe\u7247_20240321174024-724x1024.jpg 724w, https:\/\/vapeenjoy.com\/wp-content\/uploads\/2025\/07\/\u5fae\u4fe1\u56fe\u7247_20240321174024-768x1086.jpg 768w, https:\/\/vapeenjoy.com\/wp-content\/uploads\/2025\/07\/\u5fae\u4fe1\u56fe\u7247_20240321174024-1086x1536.jpg 1086w, https:\/\/vapeenjoy.com\/wp-content\/uploads\/2025\/07\/\u5fae\u4fe1\u56fe\u7247_20240321174024-1448x2048.jpg 1448w\" sizes=\"(max-width: 1754px) 100vw, 1754px\" \/><\/p>\n<p>&nbsp;<\/p>","protected":false},"excerpt":{"rendered":"<p dir=\"auto\">VAPME, marka zaanga\u017cowana w wysokiej jako\u015bci wapowanie, prezentuje jednorazowe waporyzator Crown Bar 18000 Puffs Pro Max. To urz\u0105dzenie zapewnia do 18000 zaci\u0105gni\u0119\u0107 z pojemno\u015bci\u0105 e-liquid 25 ml, akumulatorem 850 mAh i regulowanym przep\u0142ywem powietrza. Wyposa\u017cony w cewk\u0119 z siatki 0,6 oma i inteligentny ekran, oferuje bogate smaki i solidne chmury w eleganckim designie.<\/p>","protected":false},"featured_media":437,"comment_status":"open","ping_status":"closed","template":"","meta":[],"product_brand":[207],"product_cat":[32],"product_tag":[64,69],"class_list":{"0":"post-422","1":"product","2":"type-product","3":"status-publish","4":"has-post-thumbnail","6":"product_brand-vapme-vape","7":"product_cat-18000-puffs-vape","8":"product_tag-0-5-nicotine","9":"product_tag-25ml","11":"first","12":"instock","13":"sale","14":"shipping-taxable","15":"purchasable","16":"product-type-variable"},"yoast_head":"<!-- This site is optimized with the Yoast SEO plugin v25.7 - https:\/\/yoast.com\/wordpress\/plugins\/seo\/ -->\n<title>VAPME Crown Bar 18000 Puffs Pro Max Disposable Vape 25ml<\/title>\n<meta name=\"description\" content=\"VAPME Crown Bar 18000 Puffs Disposable Vape offers 25ml e-liquid, 0-5% nicotine, and Type-C charging for a premium vaping experience. Shop now!\" \/>\n<meta name=\"robots\" content=\"index, follow, max-snippet:-1, max-image-preview:large, max-video-preview:-1\" \/>\n<link rel=\"canonical\" href=\"https:\/\/vapeenjoy.com\/pl\/produkt\/vapme-crown-bar-18000-puffs-pro-max-jednorazowe-wapory-25-ml-0-5-nikotyna\/\" \/>\n<meta property=\"og:locale\" content=\"pl_PL\" \/>\n<meta property=\"og:type\" content=\"article\" \/>\n<meta property=\"og:title\" content=\"VAPME Crown Bar 18000 Puffs Pro Max Disposable Vape 25ml\" \/>\n<meta property=\"og:description\" content=\"VAPME Crown Bar 18000 Puffs Disposable Vape offers 25ml e-liquid, 0-5% nicotine, and Type-C charging for a premium vaping experience. Shop now!\" \/>\n<meta property=\"og:url\" content=\"https:\/\/vapeenjoy.com\/pl\/produkt\/vapme-crown-bar-18000-puffs-pro-max-jednorazowe-wapory-25-ml-0-5-nikotyna\/\" \/>\n<meta property=\"og:site_name\" content=\"vapeenjoy\" \/>\n<meta property=\"article:modified_time\" content=\"2025-08-19T02:02:21+00:00\" \/>\n<meta property=\"og:image\" content=\"https:\/\/vapeenjoy.com\/wp-content\/uploads\/2025\/07\/\u5fae\u4fe1\u56fe\u7247_20240321174010-scaled.png\" \/>\n\t<meta property=\"og:image:width\" content=\"1810\" \/>\n\t<meta property=\"og:image:height\" content=\"2560\" \/>\n\t<meta property=\"og:image:type\" content=\"image\/png\" \/>\n<meta name=\"twitter:card\" content=\"summary_large_image\" \/>\n<meta name=\"twitter:label1\" content=\"Szacowany czas czytania\" \/>\n\t<meta name=\"twitter:data1\" content=\"3 minuty\" \/>\n<script type=\"application\/ld+json\" class=\"yoast-schema-graph\">{\"@context\":\"https:\/\/schema.org\",\"@graph\":[{\"@type\":\"WebPage\",\"@id\":\"https:\/\/vapeenjoy.com\/product\/vapme-crown-bar-18000-puffs-pro-max-disposable-vape-25ml-0-5-nicotine\/\",\"url\":\"https:\/\/vapeenjoy.com\/product\/vapme-crown-bar-18000-puffs-pro-max-disposable-vape-25ml-0-5-nicotine\/\",\"name\":\"VAPME Crown Bar 18000 Puffs Pro Max Disposable Vape 25ml\",\"isPartOf\":{\"@id\":\"https:\/\/vapeenjoy.com\/#website\"},\"primaryImageOfPage\":{\"@id\":\"https:\/\/vapeenjoy.com\/product\/vapme-crown-bar-18000-puffs-pro-max-disposable-vape-25ml-0-5-nicotine\/#primaryimage\"},\"image\":{\"@id\":\"https:\/\/vapeenjoy.com\/product\/vapme-crown-bar-18000-puffs-pro-max-disposable-vape-25ml-0-5-nicotine\/#primaryimage\"},\"thumbnailUrl\":\"https:\/\/vapeenjoy.com\/wp-content\/uploads\/2025\/07\/\u5fae\u4fe1\u56fe\u7247_20240321174010-scaled.png\",\"datePublished\":\"2025-07-22T09:00:00+00:00\",\"dateModified\":\"2025-08-19T02:02:21+00:00\",\"description\":\"VAPME Crown Bar 18000 Puffs Disposable Vape offers 25ml e-liquid, 0-5% nicotine, and Type-C charging for a premium vaping experience. Shop now!\",\"breadcrumb\":{\"@id\":\"https:\/\/vapeenjoy.com\/product\/vapme-crown-bar-18000-puffs-pro-max-disposable-vape-25ml-0-5-nicotine\/#breadcrumb\"},\"inLanguage\":\"pl-PL\",\"potentialAction\":[{\"@type\":\"ReadAction\",\"target\":[\"https:\/\/vapeenjoy.com\/product\/vapme-crown-bar-18000-puffs-pro-max-disposable-vape-25ml-0-5-nicotine\/\"]}]},{\"@type\":\"ImageObject\",\"inLanguage\":\"pl-PL\",\"@id\":\"https:\/\/vapeenjoy.com\/product\/vapme-crown-bar-18000-puffs-pro-max-disposable-vape-25ml-0-5-nicotine\/#primaryimage\",\"url\":\"https:\/\/vapeenjoy.com\/wp-content\/uploads\/2025\/07\/\u5fae\u4fe1\u56fe\u7247_20240321174010-scaled.png\",\"contentUrl\":\"https:\/\/vapeenjoy.com\/wp-content\/uploads\/2025\/07\/\u5fae\u4fe1\u56fe\u7247_20240321174010-scaled.png\",\"width\":1810,\"height\":2560},{\"@type\":\"BreadcrumbList\",\"@id\":\"https:\/\/vapeenjoy.com\/product\/vapme-crown-bar-18000-puffs-pro-max-disposable-vape-25ml-0-5-nicotine\/#breadcrumb\",\"itemListElement\":[{\"@type\":\"ListItem\",\"position\":1,\"name\":\"Home\",\"item\":\"https:\/\/vapeenjoy.com\/\"},{\"@type\":\"ListItem\",\"position\":2,\"name\":\"Shop\",\"item\":\"https:\/\/vapeenjoy.com\/vapeenjoy-shop\/\"},{\"@type\":\"ListItem\",\"position\":3,\"name\":\"VAPME Crown Bar 18000 Puffs Pro Max Disposable Vape 25ml 0-5% Nicotine Type-C Recharge\"}]},{\"@type\":\"WebSite\",\"@id\":\"https:\/\/vapeenjoy.com\/#website\",\"url\":\"https:\/\/vapeenjoy.com\/\",\"name\":\"vapeenjoy\",\"description\":\"An online store for selling vapes\",\"potentialAction\":[{\"@type\":\"SearchAction\",\"target\":{\"@type\":\"EntryPoint\",\"urlTemplate\":\"https:\/\/vapeenjoy.com\/?s={search_term_string}\"},\"query-input\":{\"@type\":\"PropertyValueSpecification\",\"valueRequired\":true,\"valueName\":\"search_term_string\"}}],\"inLanguage\":\"pl-PL\"}]}<\/script>\n<!-- \/ Yoast SEO plugin. -->","yoast_head_json":{"title":"VAPME Crown Bar 18000 Puffs Pro Max jednorazowe wapory 25ml","description":"VAPME Crown Bar 18000 Puffs Jednorazowe waporyzator oferuje 25 ml e-liquidu, nikotyn\u0119 0-5% i \u0142adowanie typu C, aby uzyska\u0107 premium waporyzuj\u0105ce wra\u017cenia. Kupuj teraz!","robots":{"index":"index","follow":"follow","max-snippet":"max-snippet:-1","max-image-preview":"max-image-preview:large","max-video-preview":"max-video-preview:-1"},"canonical":"https:\/\/vapeenjoy.com\/pl\/produkt\/vapme-crown-bar-18000-puffs-pro-max-jednorazowe-wapory-25-ml-0-5-nikotyna\/","og_locale":"pl_PL","og_type":"article","og_title":"VAPME Crown Bar 18000 Puffs Pro Max Disposable Vape 25ml","og_description":"VAPME Crown Bar 18000 Puffs Disposable Vape offers 25ml e-liquid, 0-5% nicotine, and Type-C charging for a premium vaping experience. Shop now!","og_url":"https:\/\/vapeenjoy.com\/pl\/produkt\/vapme-crown-bar-18000-puffs-pro-max-jednorazowe-wapory-25-ml-0-5-nikotyna\/","og_site_name":"vapeenjoy","article_modified_time":"2025-08-19T02:02:21+00:00","og_image":[{"width":1810,"height":2560,"url":"https:\/\/vapeenjoy.com\/wp-content\/uploads\/2025\/07\/\u5fae\u4fe1\u56fe\u7247_20240321174010-scaled.png","type":"image\/png"}],"twitter_card":"summary_large_image","twitter_misc":{"Szacowany czas czytania":"3 minuty"},"schema":{"@context":"https:\/\/schema.org","@graph":[{"@type":"WebPage","@id":"https:\/\/vapeenjoy.com\/product\/vapme-crown-bar-18000-puffs-pro-max-disposable-vape-25ml-0-5-nicotine\/","url":"https:\/\/vapeenjoy.com\/product\/vapme-crown-bar-18000-puffs-pro-max-disposable-vape-25ml-0-5-nicotine\/","name":"VAPME Crown Bar 18000 Puffs Pro Max jednorazowe wapory 25ml","isPartOf":{"@id":"https:\/\/vapeenjoy.com\/#website"},"primaryImageOfPage":{"@id":"https:\/\/vapeenjoy.com\/product\/vapme-crown-bar-18000-puffs-pro-max-disposable-vape-25ml-0-5-nicotine\/#primaryimage"},"image":{"@id":"https:\/\/vapeenjoy.com\/product\/vapme-crown-bar-18000-puffs-pro-max-disposable-vape-25ml-0-5-nicotine\/#primaryimage"},"thumbnailUrl":"https:\/\/vapeenjoy.com\/wp-content\/uploads\/2025\/07\/\u5fae\u4fe1\u56fe\u7247_20240321174010-scaled.png","datePublished":"2025-07-22T09:00:00+00:00","dateModified":"2025-08-19T02:02:21+00:00","description":"VAPME Crown Bar 18000 Puffs Jednorazowe waporyzator oferuje 25 ml e-liquidu, nikotyn\u0119 0-5% i \u0142adowanie typu C, aby uzyska\u0107 premium waporyzuj\u0105ce wra\u017cenia. Kupuj teraz!","breadcrumb":{"@id":"https:\/\/vapeenjoy.com\/product\/vapme-crown-bar-18000-puffs-pro-max-disposable-vape-25ml-0-5-nicotine\/#breadcrumb"},"inLanguage":"pl-PL","potentialAction":[{"@type":"ReadAction","target":["https:\/\/vapeenjoy.com\/product\/vapme-crown-bar-18000-puffs-pro-max-disposable-vape-25ml-0-5-nicotine\/"]}]},{"@type":"ImageObject","inLanguage":"pl-PL","@id":"https:\/\/vapeenjoy.com\/product\/vapme-crown-bar-18000-puffs-pro-max-disposable-vape-25ml-0-5-nicotine\/#primaryimage","url":"https:\/\/vapeenjoy.com\/wp-content\/uploads\/2025\/07\/\u5fae\u4fe1\u56fe\u7247_20240321174010-scaled.png","contentUrl":"https:\/\/vapeenjoy.com\/wp-content\/uploads\/2025\/07\/\u5fae\u4fe1\u56fe\u7247_20240321174010-scaled.png","width":1810,"height":2560},{"@type":"BreadcrumbList","@id":"https:\/\/vapeenjoy.com\/product\/vapme-crown-bar-18000-puffs-pro-max-disposable-vape-25ml-0-5-nicotine\/#breadcrumb","itemListElement":[{"@type":"ListItem","position":1,"name":"Home","item":"https:\/\/vapeenjoy.com\/"},{"@type":"ListItem","position":2,"name":"Shop","item":"https:\/\/vapeenjoy.com\/vapeenjoy-shop\/"},{"@type":"ListItem","position":3,"name":"VAPME Crown Bar 18000 Puffs Pro Max Disposable Vape 25ml 0-5% Nicotine Type-C Recharge"}]},{"@type":"WebSite","@id":"https:\/\/vapeenjoy.com\/#website","url":"https:\/\/vapeenjoy.com\/","name":"skutkowaty","description":"Sklep internetowy do sprzeda\u017cy vapes","potentialAction":[{"@type":"SearchAction","target":{"@type":"EntryPoint","urlTemplate":"https:\/\/vapeenjoy.com\/?s={search_term_string}"},"query-input":{"@type":"PropertyValueSpecification","valueRequired":true,"valueName":"search_term_string"}}],"inLanguage":"pl-PL"}]}},"_links":{"self":[{"href":"https:\/\/vapeenjoy.com\/pl\/wp-json\/wp\/v2\/product\/422","targetHints":{"allow":["GET"]}}],"collection":[{"href":"https:\/\/vapeenjoy.com\/pl\/wp-json\/wp\/v2\/product"}],"about":[{"href":"https:\/\/vapeenjoy.com\/pl\/wp-json\/wp\/v2\/types\/product"}],"replies":[{"embeddable":true,"href":"https:\/\/vapeenjoy.com\/pl\/wp-json\/wp\/v2\/comments?post=422"}],"version-history":[{"count":3,"href":"https:\/\/vapeenjoy.com\/pl\/wp-json\/wp\/v2\/product\/422\/revisions"}],"predecessor-version":[{"id":438,"href":"https:\/\/vapeenjoy.com\/pl\/wp-json\/wp\/v2\/product\/422\/revisions\/438"}],"wp:featuredmedia":[{"embeddable":true,"href":"https:\/\/vapeenjoy.com\/pl\/wp-json\/wp\/v2\/media\/437"}],"wp:attachment":[{"href":"https:\/\/vapeenjoy.com\/pl\/wp-json\/wp\/v2\/media?parent=422"}],"wp:term":[{"taxonomy":"product_brand","embeddable":true,"href":"https:\/\/vapeenjoy.com\/pl\/wp-json\/wp\/v2\/product_brand?post=422"},{"taxonomy":"product_cat","embeddable":true,"href":"https:\/\/vapeenjoy.com\/pl\/wp-json\/wp\/v2\/product_cat?post=422"},{"taxonomy":"product_tag","embeddable":true,"href":"https:\/\/vapeenjoy.com\/pl\/wp-json\/wp\/v2\/product_tag?post=422"}],"curies":[{"name":"wp","href":"https:\/\/api.w.org\/{rel}","templated":true}]}}