{"id":451,"date":"2025-07-23T01:42:31","date_gmt":"2025-07-23T01:42:31","guid":{"rendered":"https:\/\/vapeenjoy.com\/?post_type=product&#038;p=451"},"modified":"2025-08-19T01:47:10","modified_gmt":"2025-08-19T01:47:10","slug":"vapme-shisha-hookah-15000-puffs-disposable-vape","status":"publish","type":"product","link":"https:\/\/vapeenjoy.com\/pl\/produkt\/vapme-shisha-hookah-15000-puffy-jednorazowe-waporyzator\/","title":{"rendered":"VAPME Shisha Hookah 15000 Puffs jednorazowe vape 25ml 0-2% nikotyna Type-C \u0142adowanie"},"content":{"rendered":"<h2 dir=\"ltr\" data-pm-slice=\"1 3 []\">VAPME Shisha Hookah 15000 Puffs Jednorazowe opisy waporyzacyjne<\/h2>\n<p dir=\"ltr\">VAPME, wiod\u0105ca marka waporyzuj\u0105ca, prezentuje jednorazowy waporyzator Shisha Hookah 15000 Puffs, wykonany z wytrzyma\u0142ej stali nierdzewnej 304. Na przyk\u0142ad jego elegancki wygl\u0105d zapewnia przeno\u015bno\u015b\u0107. Co wi\u0119cej, z 24 \u017cywymi smakami zapewnia doskona\u0142e wra\u017cenia z waporyzacji. W zwi\u0105zku z tym u\u017cytkownicy ciesz\u0105 si\u0119 d\u0142ugotrwa\u0142\u0105 satysfakcj\u0105.<\/p>\n<h2 dir=\"ltr\" data-pm-slice=\"1 3 []\">VAPME Shisha Hookah 15000 Puffs Jednorazowe dane techniczne Vape<\/h2>\n<ul class=\"tight\" dir=\"ltr\" data-tight=\"true\">\n<li>\n<p dir=\"ltr\"><strong>Liczba zaci\u0105gni\u0119\u0107<\/strong>: 15 000 PUFFS do przed\u0142u\u017conego u\u017cytkowania.<\/p>\n<\/li>\n<li>\n<p dir=\"ltr\"><strong>Pojemno\u015b\u0107 e-liquid\u00f3w<\/strong>: 25 ml, zapewniaj\u0105cy sta\u0142y smak.<\/p>\n<\/li>\n<li>\n<p dir=\"ltr\"><strong>bateryjny<\/strong>: 650 mAh, \u0142adowany przez Type-C. Oferuje wi\u0119c niezawodn\u0105 moc.<\/p>\n<\/li>\n<li>\n<p dir=\"ltr\"><strong>Si\u0142a nikotyny<\/strong>: 0% lub 2% dla r\u00f3\u017cnych preferencji.<\/p>\n<\/li>\n<li>\n<p dir=\"ltr\"><strong>cewka<\/strong>: siatka 0,6\u03a9 dla g\u0142adkiej pary. Dlatego ka\u017cde losowanie jest aromatyczne.<\/p>\n<\/li>\n<li>\n<p dir=\"ltr\"><strong>Styl Vaping<\/strong>: Bezpo\u015brednio do p\u0142uca (DTL) dla solidnych inhalacji.<\/p>\n<\/li>\n<li>\n<p dir=\"ltr\"><strong>osobisty<\/strong>: Stal nierdzewna 304 dla trwa\u0142o\u015bci.<\/p>\n<\/li>\n<li>\n<p dir=\"ltr\"><strong>aktywacja<\/strong>: Czujnik przep\u0142ywu powietrza dla \u0142atwego u\u017cytkowania. Dlatego nie s\u0105 potrzebne \u017cadne przyciski.<\/p>\n<\/li>\n<\/ul>\n<h2 dir=\"ltr\">24 opcje smakowe<\/h2>\n<ol class=\"tight\" dir=\"ltr\" data-tight=\"true\">\n<li>\n<p dir=\"ltr\"><strong>Jagoda na lodzie<\/strong>: S\u0142odka jagoda z fajnym wyko\u0144czeniem.<\/p>\n<\/li>\n<li>\n<p dir=\"ltr\"><strong>kiwi marakuja guawa<\/strong>: Pikantna mieszanka tropikalna.<\/p>\n<\/li>\n<li>\n<p dir=\"ltr\"><strong>Lemoniada niebieski Razz<\/strong>: Mieszanka maliny z lemoniad\u0105 pikantn\u0105.<\/p>\n<\/li>\n<li>\n<p dir=\"ltr\"><strong>kiwi truskawkowe<\/strong>: S\u0142odkie truskawki z cierpkim kiwi.<\/p>\n<\/li>\n<li>\n<p dir=\"ltr\"><strong>Mieszane jagody<\/strong>: \u017cywa zmienna jag\u00f3d. Dzi\u0119ki temu jest bogato aromatyczny.<\/p>\n<\/li>\n<li>\n<p dir=\"ltr\"><strong>Arbuz truskawkowy<\/strong>: Soczysta fuzja truskawek-arbuz.<\/p>\n<\/li>\n<li>\n<p dir=\"ltr\"><strong>l\u00f3d winog<\/strong>: S\u0142odkie winogrono z lodowym wydechem.<\/p>\n<\/li>\n<li>\n<p dir=\"ltr\"><strong>l\u00f3d arbuzowy<\/strong>: chrupi\u0105cy arbuz z mentolem.<\/p>\n<\/li>\n<li>\n<p dir=\"ltr\"><strong>Ananas brzoskwiniowy mango<\/strong>: Tropikalne trio brzoskwiniowo-mango-ananasowe.<\/p>\n<\/li>\n<li>\n<p dir=\"ltr\"><strong>l\u00f3d truskawkowy<\/strong>: S\u0142odka truskawka z mro\u017anym finiszem<\/p>\n<\/li>\n<li>\n<p dir=\"ltr\"><strong>l\u00f3d brzoskwiniowy<\/strong>: Soczysta brzoskwinia z lodowatym dotykiem.<\/p>\n<\/li>\n<li>\n<p dir=\"ltr\"><strong>banan z mango<\/strong>: Kremowa mieszanka mango-banana.<\/p>\n<\/li>\n<li>\n<p dir=\"ltr\"><strong>Jagoda wi\u015bniowa<\/strong>: S\u0142odkie czere\u015bnie z jagodami. Dlatego jest odwa\u017cny.<\/p>\n<\/li>\n<li>\n<p dir=\"ltr\"><strong>malina jagodowa<\/strong>: Bogata mieszanka jagodowo-malinowa.<\/p>\n<\/li>\n<li>\n<p dir=\"ltr\"><strong>Mi\u0142o\u015b\u0107 66<\/strong>: Egzotyczne owoce z nutami kwiatowymi.<\/p>\n<\/li>\n<li>\n<p dir=\"ltr\"><strong>Byk arbuzowy<\/strong>: Arbuz z napojami energetycznymi.<\/p>\n<\/li>\n<li>\n<p dir=\"ltr\"><strong>truskawkowy winog<\/strong>: S\u0142odka kombinacja truskawek- winogrona.<\/p>\n<\/li>\n<li>\n<p dir=\"ltr\"><strong>Cukierki truskawkowe malinowe<\/strong>: s\u0142odycze jagodowe jak cukierki.<\/p>\n<\/li>\n<li>\n<p dir=\"ltr\"><strong>\u015bpimy<\/strong>: Odwa\u017cne owoce tropikalne z cytrusami.<\/p>\n<\/li>\n<li>\n<p dir=\"ltr\"><strong>Wi\u015bnia arbuza<\/strong>: Arbuz ze s\u0142odk\u0105 wi\u015bni\u0105.<\/p>\n<\/li>\n<li>\n<p dir=\"ltr\"><strong>mro\u017cone jab\u0142ko<\/strong>: chrupi\u0105ce jab\u0142ko z lodowym wydechem.<\/p>\n<\/li>\n<li>\n<p dir=\"ltr\"><strong>mi\u0119ta cytrynowa<\/strong>: Zesty cytryna z mi\u0119t\u0105. W ten spos\u00f3b jest od\u015bwie\u017caj\u0105cy.<\/p>\n<\/li>\n<li>\n<p dir=\"ltr\"><strong>l\u00f3d z czarnej porzeczki<\/strong>: Bogata czarna porzeczka z fajnym wyko\u0144czeniem.<\/p>\n<\/li>\n<li>\n<p dir=\"ltr\"><strong>Koktajl ananasowy<\/strong>: Kremowy smak ananasa mlecznego.<\/p>\n<\/li>\n<\/ol>\n<h2 dir=\"ltr\">Najcz\u0119\u015bciej zadawane pytania<\/h2>\n<ol dir=\"ltr\">\n<li>\n<p dir=\"ltr\"><strong>Czym jest Vapme Shisha Hookah 15000?<\/strong><br \/>\nJest to jednorazowy waporyzator z 15 000 zaci\u0105gni\u0119\u0107. Ponadto oferuje 24 smaki i regulowany przep\u0142yw powietrza. Dzi\u0119ki temu mo\u017cna go bardzo dostosowa\u0107.<\/p>\n<\/li>\n<li>\n<p dir=\"ltr\"><strong>Jak d\u0142ugo to trwa?<\/strong><br \/>\nZ 15 000 puff\u00f3w i 25 ml zbiornika, trwa d\u0142ugo. Na przyk\u0142ad bateria 650 mAh zapewnia sp\u00f3jne u\u017cytkowanie.<\/p>\n<\/li>\n<li>\n<p dir=\"ltr\"><strong>Czy mog\u0119 to na\u0142adowa\u0107?<\/strong><br \/>\nTak, u\u017cywa portu typu C. Dlatego \u0142aduj \u0142adowark\u0105 5V 1A przez maksymalnie 1 godzin\u0119.<\/p>\n<\/li>\n<li>\n<p dir=\"ltr\"><strong>Jak wybra\u0107 smak?<\/strong><br \/>\nWybierz na podstawie smaku: owocowe, takie jak guawa z marakui Kiwi lub ch\u0142odzenie jak cytryna mi\u0119ta. W zwi\u0105zku z tym, pr\u00f3bowanie smak\u00f3w pomaga znale\u017a\u0107 sw\u00f3j ulubiony.<\/p>\n<\/li>\n<li>\n<p dir=\"ltr\"><strong>Czy przep\u0142yw powietrza jest regulowany?<\/strong><br \/>\nTak, wyreguluj przep\u0142yw powietrza, aby uzyska\u0107 cia\u015bniejszy lub lu\u017aniejszy ci\u0105g. Dlatego pasuje do styl\u00f3w DTL i MTL.<\/p>\n<\/li>\n<li>\n<p dir=\"ltr\"><strong>Jakie mocne strony nikotyny s\u0105 dost\u0119pne?<\/strong><br \/>\nOferuje mocne strony 0% lub 2%. W ten spos\u00f3b uwzgl\u0119dnia r\u00f3\u017cne preferencje.<\/p>\n<\/li>\n<li>\n<p dir=\"ltr\"><strong>Dlaczego m\u00f3j waporyzator smakuje spalony?<\/strong><br \/>\nSmak spalony mo\u017ce wyst\u0105pi\u0107, je\u015bli e-liquid jest niski lub cewka jest nadu\u017cywana. Dlatego sprawd\u017a bateri\u0119 i wymie\u0144, je\u015bli zaci\u0105gni\u0119cia s\u0105 wyczerpane.<\/p>\n<\/li>\n<\/ol>\n<p><img fetchpriority=\"high\" decoding=\"async\" class=\"alignnone wp-image-459 size-full\" src=\"https:\/\/vapeenjoy.com\/wp-content\/uploads\/2025\/07\/af6f5943-1f63-4536-8d24-6ae9d81a6ff9-scaled.webp\" alt=\"Vapme Shisha Hookah 15000 Puffs jednorazowe smaki waporyzacyjne\" width=\"2560\" height=\"2560\" srcset=\"https:\/\/vapeenjoy.com\/wp-content\/uploads\/2025\/07\/af6f5943-1f63-4536-8d24-6ae9d81a6ff9-scaled.webp 2560w, https:\/\/vapeenjoy.com\/wp-content\/uploads\/2025\/07\/af6f5943-1f63-4536-8d24-6ae9d81a6ff9-300x300.webp 300w, https:\/\/vapeenjoy.com\/wp-content\/uploads\/2025\/07\/af6f5943-1f63-4536-8d24-6ae9d81a6ff9-scaled-600x600.webp 600w, https:\/\/vapeenjoy.com\/wp-content\/uploads\/2025\/07\/af6f5943-1f63-4536-8d24-6ae9d81a6ff9-1024x1024.webp 1024w, https:\/\/vapeenjoy.com\/wp-content\/uploads\/2025\/07\/af6f5943-1f63-4536-8d24-6ae9d81a6ff9-150x150.webp 150w, https:\/\/vapeenjoy.com\/wp-content\/uploads\/2025\/07\/af6f5943-1f63-4536-8d24-6ae9d81a6ff9-768x768.webp 768w, https:\/\/vapeenjoy.com\/wp-content\/uploads\/2025\/07\/af6f5943-1f63-4536-8d24-6ae9d81a6ff9-1536x1536.webp 1536w, https:\/\/vapeenjoy.com\/wp-content\/uploads\/2025\/07\/af6f5943-1f63-4536-8d24-6ae9d81a6ff9-2048x2048.webp 2048w\" sizes=\"(max-width: 2560px) 100vw, 2560px\" \/><\/p>","protected":false},"excerpt":{"rendered":"<p>VAPME, zaufana nazwa w wapowaniu, zapewnia jako\u015b\u0107 i innowacj\u0119 dzi\u0119ki jednorazowemu waporowieniu Shisha Hookah 15000 Puffs. To eleganckie, przeno\u015bne urz\u0105dzenie oferuje do 15 000 zaci\u0105gni\u0119\u0107, pojemno\u015b\u0107 25 ml e-liquid i akumulator 650 mAh z \u0142adowaniem typu C. Dzi\u0119ki regulowanemu przep\u0142ywowi powietrza i cewce z siatki 0,6 \u03a9 zapewnia bogaty smak i g\u0142adk\u0105 par\u0119, zapewniaj\u0105c satysfakcjonuj\u0105ce wra\u017cenia.<\/p>","protected":false},"featured_media":452,"comment_status":"open","ping_status":"closed","template":"","meta":[],"product_brand":[207],"product_cat":[28],"product_tag":[88,69],"class_list":{"0":"post-451","1":"product","2":"type-product","3":"status-publish","4":"has-post-thumbnail","6":"product_brand-vapme-vape","7":"product_cat-15000-puffs-vape","8":"product_tag-0-2-nicotine","9":"product_tag-25ml","11":"first","12":"instock","13":"sale","14":"shipping-taxable","15":"purchasable","16":"product-type-variable"},"yoast_head":"<!-- This site is optimized with the Yoast SEO plugin v25.7 - https:\/\/yoast.com\/wordpress\/plugins\/seo\/ -->\n<title>VAPME Shisha Hookah 15000 Puffs Disposable Vape 25ml e-liquid<\/title>\n<meta name=\"description\" content=\"VAPME Shisha Hookah 15000 Puffs Disposable Vape: 25ml e-liquid, 0-2% nicotine, Type-C rechargeable. 24 flavors for premium DTL vaping. Order now!\" \/>\n<meta name=\"robots\" content=\"index, follow, max-snippet:-1, max-image-preview:large, max-video-preview:-1\" \/>\n<link rel=\"canonical\" href=\"https:\/\/vapeenjoy.com\/pl\/produkt\/vapme-shisha-hookah-15000-puffy-jednorazowe-waporyzator\/\" \/>\n<meta property=\"og:locale\" content=\"pl_PL\" \/>\n<meta property=\"og:type\" content=\"article\" \/>\n<meta property=\"og:title\" content=\"VAPME Shisha Hookah 15000 Puffs Disposable Vape 25ml e-liquid\" \/>\n<meta property=\"og:description\" content=\"VAPME Shisha Hookah 15000 Puffs Disposable Vape: 25ml e-liquid, 0-2% nicotine, Type-C rechargeable. 24 flavors for premium DTL vaping. Order now!\" \/>\n<meta property=\"og:url\" content=\"https:\/\/vapeenjoy.com\/pl\/produkt\/vapme-shisha-hookah-15000-puffy-jednorazowe-waporyzator\/\" \/>\n<meta property=\"og:site_name\" content=\"vapeenjoy\" \/>\n<meta property=\"article:modified_time\" content=\"2025-08-19T01:47:10+00:00\" \/>\n<meta property=\"og:image\" content=\"https:\/\/vapeenjoy.com\/wp-content\/uploads\/2025\/07\/shisha.webp\" \/>\n\t<meta property=\"og:image:width\" content=\"800\" \/>\n\t<meta property=\"og:image:height\" content=\"801\" \/>\n\t<meta property=\"og:image:type\" content=\"image\/webp\" \/>\n<meta name=\"twitter:card\" content=\"summary_large_image\" \/>\n<meta name=\"twitter:label1\" content=\"Szacowany czas czytania\" \/>\n\t<meta name=\"twitter:data1\" content=\"3 minuty\" \/>\n<script type=\"application\/ld+json\" class=\"yoast-schema-graph\">{\"@context\":\"https:\/\/schema.org\",\"@graph\":[{\"@type\":\"WebPage\",\"@id\":\"https:\/\/vapeenjoy.com\/product\/vapme-shisha-hookah-15000-puffs-disposable-vape\/\",\"url\":\"https:\/\/vapeenjoy.com\/product\/vapme-shisha-hookah-15000-puffs-disposable-vape\/\",\"name\":\"VAPME Shisha Hookah 15000 Puffs Disposable Vape 25ml e-liquid\",\"isPartOf\":{\"@id\":\"https:\/\/vapeenjoy.com\/#website\"},\"primaryImageOfPage\":{\"@id\":\"https:\/\/vapeenjoy.com\/product\/vapme-shisha-hookah-15000-puffs-disposable-vape\/#primaryimage\"},\"image\":{\"@id\":\"https:\/\/vapeenjoy.com\/product\/vapme-shisha-hookah-15000-puffs-disposable-vape\/#primaryimage\"},\"thumbnailUrl\":\"https:\/\/vapeenjoy.com\/wp-content\/uploads\/2025\/07\/shisha.webp\",\"datePublished\":\"2025-07-23T01:42:31+00:00\",\"dateModified\":\"2025-08-19T01:47:10+00:00\",\"description\":\"VAPME Shisha Hookah 15000 Puffs Disposable Vape: 25ml e-liquid, 0-2% nicotine, Type-C rechargeable. 24 flavors for premium DTL vaping. Order now!\",\"breadcrumb\":{\"@id\":\"https:\/\/vapeenjoy.com\/product\/vapme-shisha-hookah-15000-puffs-disposable-vape\/#breadcrumb\"},\"inLanguage\":\"pl-PL\",\"potentialAction\":[{\"@type\":\"ReadAction\",\"target\":[\"https:\/\/vapeenjoy.com\/product\/vapme-shisha-hookah-15000-puffs-disposable-vape\/\"]}]},{\"@type\":\"ImageObject\",\"inLanguage\":\"pl-PL\",\"@id\":\"https:\/\/vapeenjoy.com\/product\/vapme-shisha-hookah-15000-puffs-disposable-vape\/#primaryimage\",\"url\":\"https:\/\/vapeenjoy.com\/wp-content\/uploads\/2025\/07\/shisha.webp\",\"contentUrl\":\"https:\/\/vapeenjoy.com\/wp-content\/uploads\/2025\/07\/shisha.webp\",\"width\":800,\"height\":801,\"caption\":\"VAPME Shisha 15000 Puffs\"},{\"@type\":\"BreadcrumbList\",\"@id\":\"https:\/\/vapeenjoy.com\/product\/vapme-shisha-hookah-15000-puffs-disposable-vape\/#breadcrumb\",\"itemListElement\":[{\"@type\":\"ListItem\",\"position\":1,\"name\":\"Home\",\"item\":\"https:\/\/vapeenjoy.com\/\"},{\"@type\":\"ListItem\",\"position\":2,\"name\":\"Shop\",\"item\":\"https:\/\/vapeenjoy.com\/vapeenjoy-shop\/\"},{\"@type\":\"ListItem\",\"position\":3,\"name\":\"VAPME Shisha Hookah 15000 Puffs Disposable Vape 25ml 0-2% Nicotine Type-C Recharge\"}]},{\"@type\":\"WebSite\",\"@id\":\"https:\/\/vapeenjoy.com\/#website\",\"url\":\"https:\/\/vapeenjoy.com\/\",\"name\":\"vapeenjoy\",\"description\":\"An online store for selling vapes\",\"potentialAction\":[{\"@type\":\"SearchAction\",\"target\":{\"@type\":\"EntryPoint\",\"urlTemplate\":\"https:\/\/vapeenjoy.com\/?s={search_term_string}\"},\"query-input\":{\"@type\":\"PropertyValueSpecification\",\"valueRequired\":true,\"valueName\":\"search_term_string\"}}],\"inLanguage\":\"pl-PL\"}]}<\/script>\n<!-- \/ Yoast SEO plugin. -->","yoast_head_json":{"title":"VAPME Shisha Hookah 15000 Puffy jednorazowe Vape 25ml E-liquid","description":"VAPME Shisha Hookah 15000 Puffs Jednorazowe waporyzatory: 25 ml E-liquid, 0-2% Nikotyna, Typ-C Akumulator. 24 smaki do premium DTL Vaping. Zam\u00f3w teraz!","robots":{"index":"index","follow":"follow","max-snippet":"max-snippet:-1","max-image-preview":"max-image-preview:large","max-video-preview":"max-video-preview:-1"},"canonical":"https:\/\/vapeenjoy.com\/pl\/produkt\/vapme-shisha-hookah-15000-puffy-jednorazowe-waporyzator\/","og_locale":"pl_PL","og_type":"article","og_title":"VAPME Shisha Hookah 15000 Puffs Disposable Vape 25ml e-liquid","og_description":"VAPME Shisha Hookah 15000 Puffs Disposable Vape: 25ml e-liquid, 0-2% nicotine, Type-C rechargeable. 24 flavors for premium DTL vaping. Order now!","og_url":"https:\/\/vapeenjoy.com\/pl\/produkt\/vapme-shisha-hookah-15000-puffy-jednorazowe-waporyzator\/","og_site_name":"vapeenjoy","article_modified_time":"2025-08-19T01:47:10+00:00","og_image":[{"width":800,"height":801,"url":"https:\/\/vapeenjoy.com\/wp-content\/uploads\/2025\/07\/shisha.webp","type":"image\/webp"}],"twitter_card":"summary_large_image","twitter_misc":{"Szacowany czas czytania":"3 minuty"},"schema":{"@context":"https:\/\/schema.org","@graph":[{"@type":"WebPage","@id":"https:\/\/vapeenjoy.com\/product\/vapme-shisha-hookah-15000-puffs-disposable-vape\/","url":"https:\/\/vapeenjoy.com\/product\/vapme-shisha-hookah-15000-puffs-disposable-vape\/","name":"VAPME Shisha Hookah 15000 Puffy jednorazowe Vape 25ml E-liquid","isPartOf":{"@id":"https:\/\/vapeenjoy.com\/#website"},"primaryImageOfPage":{"@id":"https:\/\/vapeenjoy.com\/product\/vapme-shisha-hookah-15000-puffs-disposable-vape\/#primaryimage"},"image":{"@id":"https:\/\/vapeenjoy.com\/product\/vapme-shisha-hookah-15000-puffs-disposable-vape\/#primaryimage"},"thumbnailUrl":"https:\/\/vapeenjoy.com\/wp-content\/uploads\/2025\/07\/shisha.webp","datePublished":"2025-07-23T01:42:31+00:00","dateModified":"2025-08-19T01:47:10+00:00","description":"VAPME Shisha Hookah 15000 Puffs Jednorazowe waporyzatory: 25 ml E-liquid, 0-2% Nikotyna, Typ-C Akumulator. 24 smaki do premium DTL Vaping. Zam\u00f3w teraz!","breadcrumb":{"@id":"https:\/\/vapeenjoy.com\/product\/vapme-shisha-hookah-15000-puffs-disposable-vape\/#breadcrumb"},"inLanguage":"pl-PL","potentialAction":[{"@type":"ReadAction","target":["https:\/\/vapeenjoy.com\/product\/vapme-shisha-hookah-15000-puffs-disposable-vape\/"]}]},{"@type":"ImageObject","inLanguage":"pl-PL","@id":"https:\/\/vapeenjoy.com\/product\/vapme-shisha-hookah-15000-puffs-disposable-vape\/#primaryimage","url":"https:\/\/vapeenjoy.com\/wp-content\/uploads\/2025\/07\/shisha.webp","contentUrl":"https:\/\/vapeenjoy.com\/wp-content\/uploads\/2025\/07\/shisha.webp","width":800,"height":801,"caption":"VAPME Shisha 15000 Puffs"},{"@type":"BreadcrumbList","@id":"https:\/\/vapeenjoy.com\/product\/vapme-shisha-hookah-15000-puffs-disposable-vape\/#breadcrumb","itemListElement":[{"@type":"ListItem","position":1,"name":"Home","item":"https:\/\/vapeenjoy.com\/"},{"@type":"ListItem","position":2,"name":"Shop","item":"https:\/\/vapeenjoy.com\/vapeenjoy-shop\/"},{"@type":"ListItem","position":3,"name":"VAPME Shisha Hookah 15000 Puffs Disposable Vape 25ml 0-2% Nicotine Type-C Recharge"}]},{"@type":"WebSite","@id":"https:\/\/vapeenjoy.com\/#website","url":"https:\/\/vapeenjoy.com\/","name":"skutkowaty","description":"Sklep internetowy do sprzeda\u017cy vapes","potentialAction":[{"@type":"SearchAction","target":{"@type":"EntryPoint","urlTemplate":"https:\/\/vapeenjoy.com\/?s={search_term_string}"},"query-input":{"@type":"PropertyValueSpecification","valueRequired":true,"valueName":"search_term_string"}}],"inLanguage":"pl-PL"}]}},"_links":{"self":[{"href":"https:\/\/vapeenjoy.com\/pl\/wp-json\/wp\/v2\/product\/451","targetHints":{"allow":["GET"]}}],"collection":[{"href":"https:\/\/vapeenjoy.com\/pl\/wp-json\/wp\/v2\/product"}],"about":[{"href":"https:\/\/vapeenjoy.com\/pl\/wp-json\/wp\/v2\/types\/product"}],"replies":[{"embeddable":true,"href":"https:\/\/vapeenjoy.com\/pl\/wp-json\/wp\/v2\/comments?post=451"}],"version-history":[{"count":3,"href":"https:\/\/vapeenjoy.com\/pl\/wp-json\/wp\/v2\/product\/451\/revisions"}],"predecessor-version":[{"id":2352,"href":"https:\/\/vapeenjoy.com\/pl\/wp-json\/wp\/v2\/product\/451\/revisions\/2352"}],"wp:featuredmedia":[{"embeddable":true,"href":"https:\/\/vapeenjoy.com\/pl\/wp-json\/wp\/v2\/media\/452"}],"wp:attachment":[{"href":"https:\/\/vapeenjoy.com\/pl\/wp-json\/wp\/v2\/media?parent=451"}],"wp:term":[{"taxonomy":"product_brand","embeddable":true,"href":"https:\/\/vapeenjoy.com\/pl\/wp-json\/wp\/v2\/product_brand?post=451"},{"taxonomy":"product_cat","embeddable":true,"href":"https:\/\/vapeenjoy.com\/pl\/wp-json\/wp\/v2\/product_cat?post=451"},{"taxonomy":"product_tag","embeddable":true,"href":"https:\/\/vapeenjoy.com\/pl\/wp-json\/wp\/v2\/product_tag?post=451"}],"curies":[{"name":"wp","href":"https:\/\/api.w.org\/{rel}","templated":true}]}}